{"id":10881,"date":"2024-10-15T11:59:18","date_gmt":"2024-10-15T08:59:18","guid":{"rendered":"https:\/\/idakorea.ee\/?post_type=product&#038;p=10881"},"modified":"2026-03-31T22:21:28","modified_gmt":"2026-03-31T20:21:28","slug":"niisutav-spray-seerum-dalba-white-truffle-first-spray-100ml","status":"publish","type":"product","link":"https:\/\/idakorea.ee\/fi\/product\/niisutav-spray-seerum-dalba-white-truffle-first-spray-100ml\/","title":{"rendered":"Kosteuttava seerumi d&#039;Alba White Truffle First Spray"},"content":{"rendered":"<p><strong>d&#039;Alba Valkoinen tryffeli Ensimm\u00e4inen suihke<\/strong> Seerumi kosteuttaa, pehment\u00e4\u00e4 ja parantaa ihon kimmoisuutta samalla auttaen ehk\u00e4isem\u00e4\u00e4n kuivuutta ja hilseily\u00e4. Se ravitsee ihoa hy\u00f6dyllisill\u00e4 ainesosilla ja vahvistaa lipidisuojaa suojaten ihoa negatiivisilta ymp\u00e4rist\u00f6tekij\u00f6ilt\u00e4. Seerumi s\u00e4\u00e4telee ihon kosteustasapainoa est\u00e4en veden haihtumisen ja kuivumisen. Iho pysyy pehme\u00e4n\u00e4 ja kosteutettuna pitk\u00e4\u00e4n.<\/p>\n<p>\u00d6ljykompleksin ansiosta tuote ravitsee ihoa syv\u00e4lt\u00e4 ja auttaa ehk\u00e4isem\u00e4\u00e4n ennenaikaisia ryppyj\u00e4. Seerumi tasoittaa ihon s\u00e4vy\u00e4 ja antaa sille terveen ja s\u00e4teilev\u00e4n ihonv\u00e4rin.<\/p>\n<p>Seerumisuihke on kaksivaiheinen tuote, joten pulloa on ravistettava hyvin ennen k\u00e4ytt\u00f6\u00e4. Tuote jakautuu tasaisesti iholle ja j\u00e4tt\u00e4\u00e4 miellytt\u00e4v\u00e4n tunteen.<\/p>\n<p>T\u00e4rkein vaikuttava aine on valkoisen tryffelin uute, joka vahvistaa ihon vastustuskyky\u00e4, parantaa solujen aineenvaihduntaa, s\u00e4\u00e4telee talirauhasten toimintaa ja sill\u00e4 on ihoa nuorentava vaikutus: se silottaa, kiinteytt\u00e4\u00e4, tekee ryppyist\u00e4 v\u00e4hemm\u00e4n havaittavia ja vaalentaa pigmenttil\u00e4iski\u00e4.<\/p>\n<p>Lis\u00e4ksi tuote sis\u00e4lt\u00e4\u00e4 seuraavat vaikuttavat aineet:<br \/>\n\u2013 Niasiiniamidi stimuloi kollageenisynteesi\u00e4, parantaa ihon suojakerrosta, v\u00e4hent\u00e4\u00e4 transdermaalista vedenhukkaa ja pigmenttil\u00e4iski\u00e4, kosteuttaa, supistaa ihohuokosia, rauhoittaa ja kirkastaa ihoa.<br \/>\n\u2013 Ginseng-uute kiinteytt\u00e4\u00e4, kosteuttaa ja ravitsee ihoa, edist\u00e4\u00e4 ihon uusiutumista ja hidastaa ik\u00e4\u00e4ntymisprosessia.<br \/>\n\u2013 Piparminttuuute lievitt\u00e4\u00e4 \u00e4rsytyst\u00e4, punoitusta ja kutinaa. V\u00e4hent\u00e4\u00e4 akneen liittyv\u00e4\u00e4 tulehdusta, vahvistaa kapillaarien sein\u00e4mi\u00e4, kiinteytt\u00e4\u00e4, viilent\u00e4\u00e4 ja rauhoittaa ihoa.<br \/>\n\u2013 Avokado\u00f6ljy ravitsee ihoa syv\u00e4lt\u00e4, palauttaa ja poistaa kuivuutta ja kireytt\u00e4. Imeytyy nopeasti eik\u00e4 j\u00e4t\u00e4 rasvaista tunnetta tai \u00e4rsyt\u00e4 ihoa.<\/p>\n<p>&nbsp;<\/p>\n<p>Sopii erityisesti kuivalle ja kosteusk\u00f6yh\u00e4lle iholle.<\/p>\n<p><strong>K\u00e4ytt\u00f6<\/strong>Ravista pulloa huolellisesti ja suihkuta tuotetta iholle puhdistuksen j\u00e4lkeen.<\/p>","protected":false},"excerpt":{"rendered":"<p>d'Alba White Truffle First Spray -seerumi kosteuttaa, pehment\u00e4\u00e4 ja parantaa ihon kimmoisuutta sek\u00e4 auttaa ehk\u00e4isem\u00e4\u00e4n ihon kuivumista ja hilseily\u00e4. Se ravitsee ihoa hy\u00f6dyllisill\u00e4 ainesosilla ja vahvistaa lipidibarrieria suojaten ihoa negatiivisilta ymp\u00e4rist\u00f6tekij\u00f6ilt\u00e4. Seerumi kontrolloi ihon kosteustasapainoa, ehk\u00e4isten vesihukkaa ja kuivumista. Iho pysyy pehme\u00e4n\u00e4 ja kosteutettuna pitk\u00e4\u00e4n. \u00d6ljykompleksinsa ansiosta tuote ravitsee ihoa syv\u00e4sti ja...<\/p>","protected":false},"featured_media":11614,"comment_status":"open","ping_status":"closed","template":"","meta":{"_uf_show_specific_survey":0,"_uf_disable_surveys":false,"_bst_post_transparent":"default","_bst_post_title":"","_bst_post_layout":"default","_bst_post_sidebar_id":"","_bst_post_content_style":"default","_bst_post_vertical_padding":"default","_bst_post_feature":"","_bst_post_feature_position":"","_bst_post_header":false,"_bst_post_footer":false},"pwb-brand":[105],"product_brand":[],"product_cat":[92,97],"product_tag":[127,644,559],"class_list":{"0":"post-10881","1":"product","2":"type-product","3":"status-publish","4":"has-post-thumbnail","6":"pwb-brand-dalba","7":"product_cat-nagu","8":"product_cat-naoseerumid-ja-olid","9":"product_tag-dalba","10":"product_tag-first-spray","11":"product_tag-white-truffle","13":"first","14":"instock","15":"sale","16":"shipping-taxable","17":"purchasable","18":"product-type-variable","19":"has-default-attributes","20":"entry","21":"content-bg","22":"loop-entry"},"supplier_id":null,"supplier_sku":"","barcode":null,"atum_controlled":true,"out_stock_date":null,"out_stock_threshold":null,"inheritable":true,"inbound_stock":0,"stock_on_hold":0,"sold_today":0,"sales_last_days":3,"out_stock_days":0,"lost_sales":0,"has_location":false,"update_date":"2026-04-14T00:05:11","atum_locations":[],"atum_stock_status":"instock","restock_status":false,"low_stock_amount":"","sales_update_date":"2026-04-14T00:05:11","calc_backorders":null,"yoast_head":"<!-- This site is optimized with the Yoast SEO plugin v27.2 - https:\/\/yoast.com\/product\/yoast-seo-wordpress\/ -->\n<title>d&#039;Alba White Truffle First Spray - IDA.KOREA<\/title>\n<meta name=\"description\" content=\"d&#039;Alba White Truffle First Spray seerum niisutab, pehmendab ja parandab naha elastsust, aidates samal ajal v\u00e4ltida kuivust ja ketendust.\" \/>\n<meta name=\"robots\" content=\"index, follow, max-snippet:-1, max-image-preview:large, max-video-preview:-1\" \/>\n<link rel=\"canonical\" href=\"https:\/\/idakorea.ee\/fi\/product\/niisutav-spray-seerum-dalba-white-truffle-first-spray-100ml\/\" \/>\n<meta property=\"og:locale\" content=\"fi_FI\" \/>\n<meta property=\"og:type\" content=\"article\" \/>\n<meta property=\"og:title\" content=\"d&#039;Alba White Truffle First Spray - IDA.KOREA\" \/>\n<meta property=\"og:description\" content=\"d&#039;Alba White Truffle First Spray seerum niisutab, pehmendab ja parandab naha elastsust, aidates samal ajal v\u00e4ltida kuivust ja ketendust.\" \/>\n<meta property=\"og:url\" content=\"https:\/\/idakorea.ee\/fi\/product\/niisutav-spray-seerum-dalba-white-truffle-first-spray-100ml\/\" \/>\n<meta property=\"og:site_name\" content=\"IDA.KOREA\" \/>\n<meta property=\"article:modified_time\" content=\"2026-03-31T20:21:28+00:00\" \/>\n<meta property=\"og:image\" content=\"https:\/\/idakorea.ee\/wp-content\/uploads\/2024\/10\/fd5adca7-5805-4126-9784-9c04dded4af8.png\" \/>\n\t<meta property=\"og:image:width\" content=\"1000\" \/>\n\t<meta property=\"og:image:height\" content=\"1004\" \/>\n\t<meta property=\"og:image:type\" content=\"image\/png\" \/>\n<meta name=\"twitter:card\" content=\"summary_large_image\" \/>\n<meta name=\"twitter:label1\" content=\"Arvioitu lukuaika\" \/>\n\t<meta name=\"twitter:data1\" content=\"2 minuuttia\" \/>\n<script type=\"application\/ld+json\" class=\"yoast-schema-graph\">{\"@context\":\"https:\/\/schema.org\",\"@graph\":[{\"@type\":\"WebPage\",\"@id\":\"https:\/\/idakorea.ee\/product\/niisutav-spray-seerum-dalba-white-truffle-first-spray-100ml\/\",\"url\":\"https:\/\/idakorea.ee\/product\/niisutav-spray-seerum-dalba-white-truffle-first-spray-100ml\/\",\"name\":\"d'Alba White Truffle First Spray - IDA.KOREA\",\"isPartOf\":{\"@id\":\"https:\/\/idakorea.ee\/#website\"},\"primaryImageOfPage\":{\"@id\":\"https:\/\/idakorea.ee\/product\/niisutav-spray-seerum-dalba-white-truffle-first-spray-100ml\/#primaryimage\"},\"image\":{\"@id\":\"https:\/\/idakorea.ee\/product\/niisutav-spray-seerum-dalba-white-truffle-first-spray-100ml\/#primaryimage\"},\"thumbnailUrl\":\"https:\/\/idakorea.ee\/wp-content\/uploads\/2024\/10\/fd5adca7-5805-4126-9784-9c04dded4af8.png\",\"datePublished\":\"2024-10-15T08:59:18+00:00\",\"dateModified\":\"2026-03-31T20:21:28+00:00\",\"description\":\"d'Alba White Truffle First Spray seerum niisutab, pehmendab ja parandab naha elastsust, aidates samal ajal v\u00e4ltida kuivust ja ketendust.\",\"breadcrumb\":{\"@id\":\"https:\/\/idakorea.ee\/product\/niisutav-spray-seerum-dalba-white-truffle-first-spray-100ml\/#breadcrumb\"},\"inLanguage\":\"fi\",\"potentialAction\":[{\"@type\":\"ReadAction\",\"target\":[\"https:\/\/idakorea.ee\/product\/niisutav-spray-seerum-dalba-white-truffle-first-spray-100ml\/\"]}]},{\"@type\":\"ImageObject\",\"inLanguage\":\"fi\",\"@id\":\"https:\/\/idakorea.ee\/product\/niisutav-spray-seerum-dalba-white-truffle-first-spray-100ml\/#primaryimage\",\"url\":\"https:\/\/idakorea.ee\/wp-content\/uploads\/2024\/10\/fd5adca7-5805-4126-9784-9c04dded4af8.png\",\"contentUrl\":\"https:\/\/idakorea.ee\/wp-content\/uploads\/2024\/10\/fd5adca7-5805-4126-9784-9c04dded4af8.png\",\"width\":1000,\"height\":1004},{\"@type\":\"BreadcrumbList\",\"@id\":\"https:\/\/idakorea.ee\/product\/niisutav-spray-seerum-dalba-white-truffle-first-spray-100ml\/#breadcrumb\",\"itemListElement\":[{\"@type\":\"ListItem\",\"position\":1,\"name\":\"\u0413\u043b\u0430\u0432\u043d\u0430\u044f \u0441\u0442\u0440\u0430\u043d\u0438\u0446\u0430\",\"item\":\"https:\/\/idakorea.ee\/\"},{\"@type\":\"ListItem\",\"position\":2,\"name\":\"Shop\",\"item\":\"https:\/\/idakorea.ee\/shop-2\/\"},{\"@type\":\"ListItem\",\"position\":3,\"name\":\"Niisutav seerum d&#8217;Alba White Truffle First Spray\"}]},{\"@type\":\"WebSite\",\"@id\":\"https:\/\/idakorea.ee\/#website\",\"url\":\"https:\/\/idakorea.ee\/\",\"name\":\"IDA.KOREA\",\"description\":\"Korea kosmeetika e-pood\",\"publisher\":{\"@id\":\"https:\/\/idakorea.ee\/#organization\"},\"alternateName\":\"Beauty Shop\",\"potentialAction\":[{\"@type\":\"SearchAction\",\"target\":{\"@type\":\"EntryPoint\",\"urlTemplate\":\"https:\/\/idakorea.ee\/?s={search_term_string}\"},\"query-input\":{\"@type\":\"PropertyValueSpecification\",\"valueRequired\":true,\"valueName\":\"search_term_string\"}}],\"inLanguage\":\"fi\"},{\"@type\":\"Organization\",\"@id\":\"https:\/\/idakorea.ee\/#organization\",\"name\":\"IDA.KOREA\",\"url\":\"https:\/\/idakorea.ee\/\",\"logo\":{\"@type\":\"ImageObject\",\"inLanguage\":\"fi\",\"@id\":\"https:\/\/idakorea.ee\/#\/schema\/logo\/image\/\",\"url\":\"https:\/\/idakorea.ee\/wp-content\/uploads\/2024\/05\/cropped-korea3.png\",\"contentUrl\":\"https:\/\/idakorea.ee\/wp-content\/uploads\/2024\/05\/cropped-korea3.png\",\"width\":688,\"height\":126,\"caption\":\"IDA.KOREA\"},\"image\":{\"@id\":\"https:\/\/idakorea.ee\/#\/schema\/logo\/image\/\"},\"sameAs\":[\"https:\/\/www.instagram.com\/ida.korea\/\"]}]}<\/script>\n<!-- \/ Yoast SEO plugin. -->","yoast_head_json":{"title":"d&#039;Alba Valkoinen tryffeli Ensisuihke - IDA.KOREA","description":"d&#039;Alba White Truffle First Spray -seerumi kosteuttaa, pehment\u00e4\u00e4 ja parantaa ihon kimmoisuutta samalla auttaen ehk\u00e4isem\u00e4\u00e4n kuivuutta ja hilseily\u00e4.","robots":{"index":"index","follow":"follow","max-snippet":"max-snippet:-1","max-image-preview":"max-image-preview:large","max-video-preview":"max-video-preview:-1"},"canonical":"https:\/\/idakorea.ee\/fi\/product\/niisutav-spray-seerum-dalba-white-truffle-first-spray-100ml\/","og_locale":"fi_FI","og_type":"article","og_title":"d'Alba White Truffle First Spray - IDA.KOREA","og_description":"d'Alba White Truffle First Spray seerum niisutab, pehmendab ja parandab naha elastsust, aidates samal ajal v\u00e4ltida kuivust ja ketendust.","og_url":"https:\/\/idakorea.ee\/fi\/product\/niisutav-spray-seerum-dalba-white-truffle-first-spray-100ml\/","og_site_name":"IDA.KOREA","article_modified_time":"2026-03-31T20:21:28+00:00","og_image":[{"width":1000,"height":1004,"url":"https:\/\/idakorea.ee\/wp-content\/uploads\/2024\/10\/fd5adca7-5805-4126-9784-9c04dded4af8.png","type":"image\/png"}],"twitter_card":"summary_large_image","twitter_misc":{"Arvioitu lukuaika":"2 minuuttia"},"schema":{"@context":"https:\/\/schema.org","@graph":[{"@type":"WebPage","@id":"https:\/\/idakorea.ee\/product\/niisutav-spray-seerum-dalba-white-truffle-first-spray-100ml\/","url":"https:\/\/idakorea.ee\/product\/niisutav-spray-seerum-dalba-white-truffle-first-spray-100ml\/","name":"d&#039;Alba Valkoinen tryffeli Ensisuihke - IDA.KOREA","isPartOf":{"@id":"https:\/\/idakorea.ee\/#website"},"primaryImageOfPage":{"@id":"https:\/\/idakorea.ee\/product\/niisutav-spray-seerum-dalba-white-truffle-first-spray-100ml\/#primaryimage"},"image":{"@id":"https:\/\/idakorea.ee\/product\/niisutav-spray-seerum-dalba-white-truffle-first-spray-100ml\/#primaryimage"},"thumbnailUrl":"https:\/\/idakorea.ee\/wp-content\/uploads\/2024\/10\/fd5adca7-5805-4126-9784-9c04dded4af8.png","datePublished":"2024-10-15T08:59:18+00:00","dateModified":"2026-03-31T20:21:28+00:00","description":"d&#039;Alba White Truffle First Spray -seerumi kosteuttaa, pehment\u00e4\u00e4 ja parantaa ihon kimmoisuutta samalla auttaen ehk\u00e4isem\u00e4\u00e4n kuivuutta ja hilseily\u00e4.","breadcrumb":{"@id":"https:\/\/idakorea.ee\/product\/niisutav-spray-seerum-dalba-white-truffle-first-spray-100ml\/#breadcrumb"},"inLanguage":"fi","potentialAction":[{"@type":"ReadAction","target":["https:\/\/idakorea.ee\/product\/niisutav-spray-seerum-dalba-white-truffle-first-spray-100ml\/"]}]},{"@type":"ImageObject","inLanguage":"fi","@id":"https:\/\/idakorea.ee\/product\/niisutav-spray-seerum-dalba-white-truffle-first-spray-100ml\/#primaryimage","url":"https:\/\/idakorea.ee\/wp-content\/uploads\/2024\/10\/fd5adca7-5805-4126-9784-9c04dded4af8.png","contentUrl":"https:\/\/idakorea.ee\/wp-content\/uploads\/2024\/10\/fd5adca7-5805-4126-9784-9c04dded4af8.png","width":1000,"height":1004},{"@type":"BreadcrumbList","@id":"https:\/\/idakorea.ee\/product\/niisutav-spray-seerum-dalba-white-truffle-first-spray-100ml\/#breadcrumb","itemListElement":[{"@type":"ListItem","position":1,"name":"\u0413\u043b\u0430\u0432\u043d\u0430\u044f \u0441\u0442\u0440\u0430\u043d\u0438\u0446\u0430","item":"https:\/\/idakorea.ee\/"},{"@type":"ListItem","position":2,"name":"Shop","item":"https:\/\/idakorea.ee\/shop-2\/"},{"@type":"ListItem","position":3,"name":"Niisutav seerum d&#8217;Alba White Truffle First Spray"}]},{"@type":"WebSite","@id":"https:\/\/idakorea.ee\/#website","url":"https:\/\/idakorea.ee\/","name":"IDA.KOREA","description":"Korean kosmetiikan verkkokauppa","publisher":{"@id":"https:\/\/idakorea.ee\/#organization"},"alternateName":"Beauty Shop","potentialAction":[{"@type":"SearchAction","target":{"@type":"EntryPoint","urlTemplate":"https:\/\/idakorea.ee\/?s={search_term_string}"},"query-input":{"@type":"PropertyValueSpecification","valueRequired":true,"valueName":"search_term_string"}}],"inLanguage":"fi"},{"@type":"Organization","@id":"https:\/\/idakorea.ee\/#organization","name":"IDA.KOREA","url":"https:\/\/idakorea.ee\/","logo":{"@type":"ImageObject","inLanguage":"fi","@id":"https:\/\/idakorea.ee\/#\/schema\/logo\/image\/","url":"https:\/\/idakorea.ee\/wp-content\/uploads\/2024\/05\/cropped-korea3.png","contentUrl":"https:\/\/idakorea.ee\/wp-content\/uploads\/2024\/05\/cropped-korea3.png","width":688,"height":126,"caption":"IDA.KOREA"},"image":{"@id":"https:\/\/idakorea.ee\/#\/schema\/logo\/image\/"},"sameAs":["https:\/\/www.instagram.com\/ida.korea\/"]}]}},"jetpack_sharing_enabled":true,"brands":[{"id":105,"name":"d'ALBA","slug":"dalba"}],"_links":{"self":[{"href":"https:\/\/idakorea.ee\/fi\/wp-json\/wp\/v2\/product\/10881","targetHints":{"allow":["GET"]}}],"collection":[{"href":"https:\/\/idakorea.ee\/fi\/wp-json\/wp\/v2\/product"}],"about":[{"href":"https:\/\/idakorea.ee\/fi\/wp-json\/wp\/v2\/types\/product"}],"replies":[{"embeddable":true,"href":"https:\/\/idakorea.ee\/fi\/wp-json\/wp\/v2\/comments?post=10881"}],"version-history":[{"count":4,"href":"https:\/\/idakorea.ee\/fi\/wp-json\/wp\/v2\/product\/10881\/revisions"}],"predecessor-version":[{"id":16585,"href":"https:\/\/idakorea.ee\/fi\/wp-json\/wp\/v2\/product\/10881\/revisions\/16585"}],"wp:featuredmedia":[{"embeddable":true,"href":"https:\/\/idakorea.ee\/fi\/wp-json\/wp\/v2\/media\/11614"}],"wp:attachment":[{"href":"https:\/\/idakorea.ee\/fi\/wp-json\/wp\/v2\/media?parent=10881"}],"wp:term":[{"taxonomy":"pwb-brand","embeddable":true,"href":"https:\/\/idakorea.ee\/fi\/wp-json\/wp\/v2\/pwb-brand?post=10881"},{"taxonomy":"product_brand","embeddable":true,"href":"https:\/\/idakorea.ee\/fi\/wp-json\/wp\/v2\/product_brand?post=10881"},{"taxonomy":"product_cat","embeddable":true,"href":"https:\/\/idakorea.ee\/fi\/wp-json\/wp\/v2\/product_cat?post=10881"},{"taxonomy":"product_tag","embeddable":true,"href":"https:\/\/idakorea.ee\/fi\/wp-json\/wp\/v2\/product_tag?post=10881"}],"curies":[{"name":"wp","href":"https:\/\/api.w.org\/{rel}","templated":true}]}}