{"id":10885,"date":"2024-10-15T12:54:03","date_gmt":"2024-10-15T09:54:03","guid":{"rendered":"https:\/\/idakorea.ee\/?post_type=product&#038;p=10885"},"modified":"2026-03-25T15:47:53","modified_gmt":"2026-03-25T13:47:53","slug":"naokreem-round-lab-vita-niacinamide-dark-spot-cream-50ml","status":"publish","type":"product","link":"https:\/\/idakorea.ee\/fi\/product\/naokreem-round-lab-vita-niacinamide-dark-spot-cream-50ml\/","title":{"rendered":"Kasvovoide Round Lab Vita Niasiiniamidi Dark Spot Cream, 50ml"},"content":{"rendered":"<p><strong>Round Lab Vita Niasiiniamidi Tumma T\u00e4pl\u00e4voide<\/strong> Auttaa tasoittamaan ihon s\u00e4vy\u00e4, v\u00e4hent\u00e4m\u00e4\u00e4n hyperpigmentaatiota, pisamia ja aknearpia. Se silottaa ihon rakennetta ja tekee ihosta kimmoisamman ja s\u00e4teilev\u00e4mm\u00e4n.<\/p>\n<p>Voide vaalentaa ruskeita ja kellert\u00e4vi\u00e4 pigmenttil\u00e4iski\u00e4, supistaa ihohuokosia, ehk\u00e4isee komedonien muodostumista ja parantaa ihon rakennetta.<\/p>\n<p>Se yll\u00e4pit\u00e4\u00e4 ihon kimmoisuutta, tarjoaa soluille antioksidanttisuojaa, kosteuttaa ja pehment\u00e4\u00e4 ihoa.<\/p>\n<p>Tuote on hell\u00e4varainen eik\u00e4 aiheuta \u00e4rsytyst\u00e4. Voide imeytyy hyvin, ei j\u00e4t\u00e4 ihoa rasvaiseksi tai tahmeaksi eik\u00e4 levit\u00e4.<\/p>\n<p><strong>T\u00e4rkeimm\u00e4t vaikuttavat aineet:<\/strong><br \/>\n\u2013 <strong>Niasiiniamidi (B3-vitamiini)<\/strong> Se s\u00e4\u00e4telee talin erityst\u00e4, v\u00e4hent\u00e4\u00e4 kiiltoa, kirkastaa ihoa ja ehk\u00e4isee ik\u00e4l\u00e4iskien muodostumista. Se my\u00f6s stimuloi kollageenin tuotantoa, parantaen ihon kimmoisuutta ja kiinteytt\u00e4.<br \/>\n\u2013 <strong>Traneksaamihappo<\/strong> \u2014 pigmenttimuutoksia est\u00e4v\u00e4 aine, joka est\u00e4\u00e4 tyrosinaasin (melaniinin tuotannosta vastaavan entsyymin) aktiivisuutta. Ei aiheuta valoherkkyytt\u00e4 ja sopii k\u00e4ytett\u00e4v\u00e4ksi p\u00e4iv\u00e4saikaan.<br \/>\n\u2013 <strong>Tyrnimarjauute ja -hydrolaatti<\/strong> ovat runsaasti C-vitamiinia. Ne kirkastavat ja tasoittavat ihon s\u00e4vy\u00e4 hell\u00e4varaisesti ja tarjoavat soluille antioksidanttisuojan. Round Lab k\u00e4ytt\u00e4\u00e4 kylm\u00e4puristettua tyrnimarjauutetta, joka s\u00e4ilytt\u00e4\u00e4 mahdollisimman paljon hy\u00f6dyllisi\u00e4 aineita.<br \/>\n\u2013 <strong>Glutationi<\/strong> on antioksidantti, joka suojaa ihoa ymp\u00e4rist\u00f6n haitallisilta vaikutuksilta. Se hidastaa ik\u00e4\u00e4ntymist\u00e4, kiinteytt\u00e4\u00e4 ihoa, tasoittaa ihon s\u00e4vy\u00e4 sek\u00e4 v\u00e4hent\u00e4\u00e4 punoitusta ja pigmenttil\u00e4iski\u00e4.<br \/>\n\u2013 <strong>C-vitamiini (3-O-etyyliaskorbiinihappo)<\/strong> on C-vitamiinin stabiili muoto, joka vaalentaa ik\u00e4l\u00e4iski\u00e4, stimuloi kollageenisynteesi\u00e4 ja tarjoaa antioksidanttisuojan parantaen ihon kimmoisuutta ja kiinteytt\u00e4.<br \/>\n\u2013 <strong>PHA (glukonolaktoni)<\/strong> \u2014 suurempia molekyylej\u00e4 kuin AHA-hapoissa, joten se sopii herk\u00e4lle iholle. Se poistaa hell\u00e4varaisesti kuolleita ihosoluja, tasoittaa ihon mikroreliefi\u00e4 ja vaalentaa ik\u00e4l\u00e4iski\u00e4.<br \/>\n\u2013 <strong>LHA (kapryloyylisalisyylihappo)<\/strong> \u2014 mieto BHA-analogi, jonka suuremmat molekyylit antavat hell\u00e4varaisemman vaikutuksen. Se liuottaa ihohuokosiin kertyneen lian, kirkastaa rasvaisia ihohuokosia ja ehk\u00e4isee mustap\u00e4iden muodostumista.<br \/>\n\u2013 <strong>Pantenoli (B5-vitamiini)<\/strong> nopeuttaa mikrovaurioiden paranemista, pehment\u00e4\u00e4 ja rauhoittaa ihoa, lievitt\u00e4\u00e4 punoitusta ja parantaa ihon suojatoimintoja.<br \/>\n\u2013 <strong>Bisabololi<\/strong> \u2014 kamomillasta per\u00e4isin oleva vaikuttava aine, joka rauhoittaa, lievitt\u00e4\u00e4 punoitusta ja \u00e4rsytyst\u00e4 sek\u00e4 nopeuttaa ihon uudistumista.<\/p>\n<p>&nbsp;<\/p>\n<p>Sopii kaikille ihotyypeille.<\/p>\n<p><strong>K\u00e4ytt\u00f6:<\/strong> Kasvojen puhdistuksen j\u00e4lkeen, k\u00e4ytt\u00e4en kasvovett\u00e4 ja seerumia, levit\u00e4 voide kasvoillesi ja levit\u00e4 tasaisesti.<\/p>","protected":false},"excerpt":{"rendered":"<p>Round Lab Vita Niasiiniamidi Dark Spot Cream auttaa tasoittamaan ihon s\u00e4vy\u00e4, v\u00e4hent\u00e4m\u00e4\u00e4n hyperpigmentaatiota, tummia l\u00e4iski\u00e4 ja aknen j\u00e4lkeisi\u00e4 j\u00e4lki\u00e4. Se tasoittaa ihon rakennetta, tekee siit\u00e4 joustavamman ja s\u00e4teilev\u00e4mm\u00e4n. Voide vaalentaa ruskeaa ja keltaista pigmentti\u00e4, supistaa huokosia, ehk\u00e4isee komedoneja ja parantaa ihon rakennetta. Se yll\u00e4pit\u00e4\u00e4 ihon kimmoisuutta, antaa soluille antioksidanttisuojaa, kosteuttaa ja pehment\u00e4\u00e4 ihoa. Tuote...<\/p>","protected":false},"featured_media":10886,"comment_status":"open","ping_status":"closed","template":"","meta":{"_uf_show_specific_survey":0,"_uf_disable_surveys":false,"_bst_post_transparent":"default","_bst_post_title":"","_bst_post_layout":"default","_bst_post_sidebar_id":"","_bst_post_content_style":"default","_bst_post_vertical_padding":"default","_bst_post_feature":"","_bst_post_feature_position":"","_bst_post_header":false,"_bst_post_footer":false},"pwb-brand":[645],"product_brand":[],"product_cat":[92,96],"product_tag":[230,646,634],"class_list":{"0":"post-10885","1":"product","2":"type-product","3":"status-publish","4":"has-post-thumbnail","6":"pwb-brand-round-lab","7":"product_cat-nagu","8":"product_cat-naokreemid","9":"product_tag-pigment","10":"product_tag-round-lab","11":"product_tag-vitamin-c","13":"first","14":"instock","15":"sale","16":"shipping-taxable","17":"purchasable","18":"product-type-simple","19":"entry","20":"content-bg","21":"loop-entry"},"supplier_id":null,"supplier_sku":"","barcode":null,"atum_controlled":true,"out_stock_date":null,"out_stock_threshold":null,"inheritable":false,"inbound_stock":0,"stock_on_hold":0,"sold_today":0,"sales_last_days":0,"out_stock_days":0,"lost_sales":0,"has_location":false,"update_date":"2026-04-14T00:05:08","atum_locations":[],"atum_stock_status":"instock","restock_status":false,"low_stock_amount":"","sales_update_date":"2026-04-14T00:05:08","calc_backorders":null,"yoast_head":"<!-- This site is optimized with the Yoast SEO plugin v27.2 - https:\/\/yoast.com\/product\/yoast-seo-wordpress\/ -->\n<title>N\u00e4okreem Round Lab Vita Niacinamide Dark Spot Cream, 50ml - IDA.KOREA<\/title>\n<meta name=\"description\" content=\"Round Lab Vita Niacinamide Dark Spot Cream aitab \u00fchtlustada nahatooni, v\u00e4hendada h\u00fcperpigmentatsiooni, tedret\u00e4hne ja aknej\u00e4rgseid j\u00e4lgi. See silub naha tekstuuri, muudab naha elastsemaks ja s\u00e4ravamaks.\" \/>\n<meta name=\"robots\" content=\"index, follow, max-snippet:-1, max-image-preview:large, max-video-preview:-1\" \/>\n<link rel=\"canonical\" href=\"https:\/\/idakorea.ee\/fi\/product\/naokreem-round-lab-vita-niacinamide-dark-spot-cream-50ml\/\" \/>\n<meta property=\"og:locale\" content=\"fi_FI\" \/>\n<meta property=\"og:type\" content=\"article\" \/>\n<meta property=\"og:title\" content=\"N\u00e4okreem Round Lab Vita Niacinamide Dark Spot Cream, 50ml - IDA.KOREA\" \/>\n<meta property=\"og:description\" content=\"Round Lab Vita Niacinamide Dark Spot Cream aitab \u00fchtlustada nahatooni, v\u00e4hendada h\u00fcperpigmentatsiooni, tedret\u00e4hne ja aknej\u00e4rgseid j\u00e4lgi. See silub naha tekstuuri, muudab naha elastsemaks ja s\u00e4ravamaks.\" \/>\n<meta property=\"og:url\" content=\"https:\/\/idakorea.ee\/fi\/product\/naokreem-round-lab-vita-niacinamide-dark-spot-cream-50ml\/\" \/>\n<meta property=\"og:site_name\" content=\"IDA.KOREA\" \/>\n<meta property=\"article:modified_time\" content=\"2026-03-25T13:47:53+00:00\" \/>\n<meta property=\"og:image\" content=\"https:\/\/idakorea.ee\/wp-content\/uploads\/2024\/10\/round-lab-vita-niacinamide-dark-spot-cream.jpg\" \/>\n\t<meta property=\"og:image:width\" content=\"1000\" \/>\n\t<meta property=\"og:image:height\" content=\"1000\" \/>\n\t<meta property=\"og:image:type\" content=\"image\/jpeg\" \/>\n<meta name=\"twitter:card\" content=\"summary_large_image\" \/>\n<meta name=\"twitter:label1\" content=\"Arvioitu lukuaika\" \/>\n\t<meta name=\"twitter:data1\" content=\"2 minuuttia\" \/>\n<script type=\"application\/ld+json\" class=\"yoast-schema-graph\">{\"@context\":\"https:\/\/schema.org\",\"@graph\":[{\"@type\":\"WebPage\",\"@id\":\"https:\/\/idakorea.ee\/product\/naokreem-round-lab-vita-niacinamide-dark-spot-cream-50ml\/\",\"url\":\"https:\/\/idakorea.ee\/product\/naokreem-round-lab-vita-niacinamide-dark-spot-cream-50ml\/\",\"name\":\"N\u00e4okreem Round Lab Vita Niacinamide Dark Spot Cream, 50ml - IDA.KOREA\",\"isPartOf\":{\"@id\":\"https:\/\/idakorea.ee\/#website\"},\"primaryImageOfPage\":{\"@id\":\"https:\/\/idakorea.ee\/product\/naokreem-round-lab-vita-niacinamide-dark-spot-cream-50ml\/#primaryimage\"},\"image\":{\"@id\":\"https:\/\/idakorea.ee\/product\/naokreem-round-lab-vita-niacinamide-dark-spot-cream-50ml\/#primaryimage\"},\"thumbnailUrl\":\"https:\/\/idakorea.ee\/wp-content\/uploads\/2024\/10\/round-lab-vita-niacinamide-dark-spot-cream.jpg\",\"datePublished\":\"2024-10-15T09:54:03+00:00\",\"dateModified\":\"2026-03-25T13:47:53+00:00\",\"description\":\"Round Lab Vita Niacinamide Dark Spot Cream aitab \u00fchtlustada nahatooni, v\u00e4hendada h\u00fcperpigmentatsiooni, tedret\u00e4hne ja aknej\u00e4rgseid j\u00e4lgi. See silub naha tekstuuri, muudab naha elastsemaks ja s\u00e4ravamaks.\",\"breadcrumb\":{\"@id\":\"https:\/\/idakorea.ee\/product\/naokreem-round-lab-vita-niacinamide-dark-spot-cream-50ml\/#breadcrumb\"},\"inLanguage\":\"fi\",\"potentialAction\":[{\"@type\":\"ReadAction\",\"target\":[\"https:\/\/idakorea.ee\/product\/naokreem-round-lab-vita-niacinamide-dark-spot-cream-50ml\/\"]}]},{\"@type\":\"ImageObject\",\"inLanguage\":\"fi\",\"@id\":\"https:\/\/idakorea.ee\/product\/naokreem-round-lab-vita-niacinamide-dark-spot-cream-50ml\/#primaryimage\",\"url\":\"https:\/\/idakorea.ee\/wp-content\/uploads\/2024\/10\/round-lab-vita-niacinamide-dark-spot-cream.jpg\",\"contentUrl\":\"https:\/\/idakorea.ee\/wp-content\/uploads\/2024\/10\/round-lab-vita-niacinamide-dark-spot-cream.jpg\",\"width\":1000,\"height\":1000,\"caption\":\"Round-Lab-Vita-Niacinamide-Dark-Spot-Cream\"},{\"@type\":\"BreadcrumbList\",\"@id\":\"https:\/\/idakorea.ee\/product\/naokreem-round-lab-vita-niacinamide-dark-spot-cream-50ml\/#breadcrumb\",\"itemListElement\":[{\"@type\":\"ListItem\",\"position\":1,\"name\":\"\u0413\u043b\u0430\u0432\u043d\u0430\u044f \u0441\u0442\u0440\u0430\u043d\u0438\u0446\u0430\",\"item\":\"https:\/\/idakorea.ee\/\"},{\"@type\":\"ListItem\",\"position\":2,\"name\":\"Shop\",\"item\":\"https:\/\/idakorea.ee\/shop-2\/\"},{\"@type\":\"ListItem\",\"position\":3,\"name\":\"N\u00e4okreem Round Lab Vita Niacinamide Dark Spot Cream, 50ml\"}]},{\"@type\":\"WebSite\",\"@id\":\"https:\/\/idakorea.ee\/#website\",\"url\":\"https:\/\/idakorea.ee\/\",\"name\":\"IDA.KOREA\",\"description\":\"Korea kosmeetika e-pood\",\"publisher\":{\"@id\":\"https:\/\/idakorea.ee\/#organization\"},\"alternateName\":\"Beauty Shop\",\"potentialAction\":[{\"@type\":\"SearchAction\",\"target\":{\"@type\":\"EntryPoint\",\"urlTemplate\":\"https:\/\/idakorea.ee\/?s={search_term_string}\"},\"query-input\":{\"@type\":\"PropertyValueSpecification\",\"valueRequired\":true,\"valueName\":\"search_term_string\"}}],\"inLanguage\":\"fi\"},{\"@type\":\"Organization\",\"@id\":\"https:\/\/idakorea.ee\/#organization\",\"name\":\"IDA.KOREA\",\"url\":\"https:\/\/idakorea.ee\/\",\"logo\":{\"@type\":\"ImageObject\",\"inLanguage\":\"fi\",\"@id\":\"https:\/\/idakorea.ee\/#\/schema\/logo\/image\/\",\"url\":\"https:\/\/idakorea.ee\/wp-content\/uploads\/2024\/05\/cropped-korea3.png\",\"contentUrl\":\"https:\/\/idakorea.ee\/wp-content\/uploads\/2024\/05\/cropped-korea3.png\",\"width\":688,\"height\":126,\"caption\":\"IDA.KOREA\"},\"image\":{\"@id\":\"https:\/\/idakorea.ee\/#\/schema\/logo\/image\/\"},\"sameAs\":[\"https:\/\/www.instagram.com\/ida.korea\/\"]}]}<\/script>\n<!-- \/ Yoast SEO plugin. -->","yoast_head_json":{"title":"Kasvovoide Round Lab Vita Niacinamide Dark Spot Cream, 50ml - IDA.KOREA","description":"Round Lab Vita Niacinamide Dark Spot Cream auttaa tasoittamaan ihon s\u00e4vy\u00e4, v\u00e4hent\u00e4m\u00e4\u00e4n hyperpigmentaatiota, pisamia ja aknearpia. Se silottaa ihon rakennetta ja tekee ihosta kimmoisamman ja s\u00e4teilev\u00e4mm\u00e4n.","robots":{"index":"index","follow":"follow","max-snippet":"max-snippet:-1","max-image-preview":"max-image-preview:large","max-video-preview":"max-video-preview:-1"},"canonical":"https:\/\/idakorea.ee\/fi\/product\/naokreem-round-lab-vita-niacinamide-dark-spot-cream-50ml\/","og_locale":"fi_FI","og_type":"article","og_title":"N\u00e4okreem Round Lab Vita Niacinamide Dark Spot Cream, 50ml - IDA.KOREA","og_description":"Round Lab Vita Niacinamide Dark Spot Cream aitab \u00fchtlustada nahatooni, v\u00e4hendada h\u00fcperpigmentatsiooni, tedret\u00e4hne ja aknej\u00e4rgseid j\u00e4lgi. See silub naha tekstuuri, muudab naha elastsemaks ja s\u00e4ravamaks.","og_url":"https:\/\/idakorea.ee\/fi\/product\/naokreem-round-lab-vita-niacinamide-dark-spot-cream-50ml\/","og_site_name":"IDA.KOREA","article_modified_time":"2026-03-25T13:47:53+00:00","og_image":[{"width":1000,"height":1000,"url":"https:\/\/idakorea.ee\/wp-content\/uploads\/2024\/10\/round-lab-vita-niacinamide-dark-spot-cream.jpg","type":"image\/jpeg"}],"twitter_card":"summary_large_image","twitter_misc":{"Arvioitu lukuaika":"2 minuuttia"},"schema":{"@context":"https:\/\/schema.org","@graph":[{"@type":"WebPage","@id":"https:\/\/idakorea.ee\/product\/naokreem-round-lab-vita-niacinamide-dark-spot-cream-50ml\/","url":"https:\/\/idakorea.ee\/product\/naokreem-round-lab-vita-niacinamide-dark-spot-cream-50ml\/","name":"Kasvovoide Round Lab Vita Niacinamide Dark Spot Cream, 50ml - IDA.KOREA","isPartOf":{"@id":"https:\/\/idakorea.ee\/#website"},"primaryImageOfPage":{"@id":"https:\/\/idakorea.ee\/product\/naokreem-round-lab-vita-niacinamide-dark-spot-cream-50ml\/#primaryimage"},"image":{"@id":"https:\/\/idakorea.ee\/product\/naokreem-round-lab-vita-niacinamide-dark-spot-cream-50ml\/#primaryimage"},"thumbnailUrl":"https:\/\/idakorea.ee\/wp-content\/uploads\/2024\/10\/round-lab-vita-niacinamide-dark-spot-cream.jpg","datePublished":"2024-10-15T09:54:03+00:00","dateModified":"2026-03-25T13:47:53+00:00","description":"Round Lab Vita Niacinamide Dark Spot Cream auttaa tasoittamaan ihon s\u00e4vy\u00e4, v\u00e4hent\u00e4m\u00e4\u00e4n hyperpigmentaatiota, pisamia ja aknearpia. Se silottaa ihon rakennetta ja tekee ihosta kimmoisamman ja s\u00e4teilev\u00e4mm\u00e4n.","breadcrumb":{"@id":"https:\/\/idakorea.ee\/product\/naokreem-round-lab-vita-niacinamide-dark-spot-cream-50ml\/#breadcrumb"},"inLanguage":"fi","potentialAction":[{"@type":"ReadAction","target":["https:\/\/idakorea.ee\/product\/naokreem-round-lab-vita-niacinamide-dark-spot-cream-50ml\/"]}]},{"@type":"ImageObject","inLanguage":"fi","@id":"https:\/\/idakorea.ee\/product\/naokreem-round-lab-vita-niacinamide-dark-spot-cream-50ml\/#primaryimage","url":"https:\/\/idakorea.ee\/wp-content\/uploads\/2024\/10\/round-lab-vita-niacinamide-dark-spot-cream.jpg","contentUrl":"https:\/\/idakorea.ee\/wp-content\/uploads\/2024\/10\/round-lab-vita-niacinamide-dark-spot-cream.jpg","width":1000,"height":1000,"caption":"Round-Lab-Vita-Niacinamide-Dark-Spot-Cream"},{"@type":"BreadcrumbList","@id":"https:\/\/idakorea.ee\/product\/naokreem-round-lab-vita-niacinamide-dark-spot-cream-50ml\/#breadcrumb","itemListElement":[{"@type":"ListItem","position":1,"name":"\u0413\u043b\u0430\u0432\u043d\u0430\u044f \u0441\u0442\u0440\u0430\u043d\u0438\u0446\u0430","item":"https:\/\/idakorea.ee\/"},{"@type":"ListItem","position":2,"name":"Shop","item":"https:\/\/idakorea.ee\/shop-2\/"},{"@type":"ListItem","position":3,"name":"N\u00e4okreem Round Lab Vita Niacinamide Dark Spot Cream, 50ml"}]},{"@type":"WebSite","@id":"https:\/\/idakorea.ee\/#website","url":"https:\/\/idakorea.ee\/","name":"IDA.KOREA","description":"Korean kosmetiikan verkkokauppa","publisher":{"@id":"https:\/\/idakorea.ee\/#organization"},"alternateName":"Beauty Shop","potentialAction":[{"@type":"SearchAction","target":{"@type":"EntryPoint","urlTemplate":"https:\/\/idakorea.ee\/?s={search_term_string}"},"query-input":{"@type":"PropertyValueSpecification","valueRequired":true,"valueName":"search_term_string"}}],"inLanguage":"fi"},{"@type":"Organization","@id":"https:\/\/idakorea.ee\/#organization","name":"IDA.KOREA","url":"https:\/\/idakorea.ee\/","logo":{"@type":"ImageObject","inLanguage":"fi","@id":"https:\/\/idakorea.ee\/#\/schema\/logo\/image\/","url":"https:\/\/idakorea.ee\/wp-content\/uploads\/2024\/05\/cropped-korea3.png","contentUrl":"https:\/\/idakorea.ee\/wp-content\/uploads\/2024\/05\/cropped-korea3.png","width":688,"height":126,"caption":"IDA.KOREA"},"image":{"@id":"https:\/\/idakorea.ee\/#\/schema\/logo\/image\/"},"sameAs":["https:\/\/www.instagram.com\/ida.korea\/"]}]}},"jetpack_sharing_enabled":true,"brands":[{"id":645,"name":"ROUND LAB","slug":"round-lab"}],"_links":{"self":[{"href":"https:\/\/idakorea.ee\/fi\/wp-json\/wp\/v2\/product\/10885","targetHints":{"allow":["GET"]}}],"collection":[{"href":"https:\/\/idakorea.ee\/fi\/wp-json\/wp\/v2\/product"}],"about":[{"href":"https:\/\/idakorea.ee\/fi\/wp-json\/wp\/v2\/types\/product"}],"replies":[{"embeddable":true,"href":"https:\/\/idakorea.ee\/fi\/wp-json\/wp\/v2\/comments?post=10885"}],"version-history":[{"count":2,"href":"https:\/\/idakorea.ee\/fi\/wp-json\/wp\/v2\/product\/10885\/revisions"}],"predecessor-version":[{"id":17517,"href":"https:\/\/idakorea.ee\/fi\/wp-json\/wp\/v2\/product\/10885\/revisions\/17517"}],"wp:featuredmedia":[{"embeddable":true,"href":"https:\/\/idakorea.ee\/fi\/wp-json\/wp\/v2\/media\/10886"}],"wp:attachment":[{"href":"https:\/\/idakorea.ee\/fi\/wp-json\/wp\/v2\/media?parent=10885"}],"wp:term":[{"taxonomy":"pwb-brand","embeddable":true,"href":"https:\/\/idakorea.ee\/fi\/wp-json\/wp\/v2\/pwb-brand?post=10885"},{"taxonomy":"product_brand","embeddable":true,"href":"https:\/\/idakorea.ee\/fi\/wp-json\/wp\/v2\/product_brand?post=10885"},{"taxonomy":"product_cat","embeddable":true,"href":"https:\/\/idakorea.ee\/fi\/wp-json\/wp\/v2\/product_cat?post=10885"},{"taxonomy":"product_tag","embeddable":true,"href":"https:\/\/idakorea.ee\/fi\/wp-json\/wp\/v2\/product_tag?post=10885"}],"curies":[{"name":"wp","href":"https:\/\/api.w.org\/{rel}","templated":true}]}}