{"id":10891,"date":"2024-10-15T13:52:50","date_gmt":"2024-10-15T10:52:50","guid":{"rendered":"https:\/\/idakorea.ee\/?post_type=product&#038;p=10891"},"modified":"2026-02-10T16:45:26","modified_gmt":"2026-02-10T14:45:26","slug":"naoseerum-round-lab-vita-niacinamide-dark-spot-serum-30ml","status":"publish","type":"product","link":"https:\/\/idakorea.ee\/fi\/product\/naoseerum-round-lab-vita-niacinamide-dark-spot-serum-30ml\/","title":{"rendered":"Kasvoseerumi Round Lab Vita Niasiiniamidi tummien t\u00e4plien seerumi, 30ml"},"content":{"rendered":"<p><strong>Round Lab Vita Niasiiniamidi tummien t\u00e4plien seerumi<\/strong> on kapseloitu seerumi, joka tasoittaa ihon s\u00e4vy\u00e4, v\u00e4hent\u00e4\u00e4 pigmentaatiota, tummia silm\u00e4nalusia ja aknen j\u00e4lkeisi\u00e4 j\u00e4lki\u00e4 sek\u00e4 antaa luonnollisen hehkun.<\/p>\n<p>Seerumi tasoittaa ihon koostumusta, supistaa ihohuokosia ja parantaa ihon kimmoisuutta samalla kun se antaa antioksidanttisuojaa. Aktiiviset ainesosat on kapseloitu kapseliin, joka sulaa kosketettaessa ihoa, mik\u00e4 takaa nopean imeytymisen ja v\u00e4litt\u00f6m\u00e4n kosteutuksen ilman tahmeaa tunnetta.<\/p>\n<p><strong>T\u00e4rkeimm\u00e4t vaikuttavat aineet:<\/strong><br \/>\n<strong>\u2013<\/strong> <strong>Niasiiniamidi (B3-vitamiini)<\/strong> tasoittaa ihon s\u00e4vy\u00e4, parantaa ihon s\u00e4vy\u00e4, stimuloi kollageenin tuotantoa ja kirkastaa ihoa. Se my\u00f6s hidastaa melaniinin siirtymist\u00e4 epidermikseen ja vahvistaa ihon suojamuuria.<br \/>\n<strong>- Tranheksaamihappo<\/strong>\u00a0on pigmentaatiota est\u00e4v\u00e4 aine, joka est\u00e4\u00e4 tyrosinaasin, melaniinin tuotannosta vastaavan molekyylin, toimintaa. Sopii p\u00e4iv\u00e4k\u00e4ytt\u00f6\u00f6n, koska se ei aiheuta valoherkkyytt\u00e4.<br \/>\n<strong>- glutationi-ioni<\/strong> on antioksidantti, joka vaalentaa pigmenttil\u00e4iski\u00e4 ja aknepilkkuja, tasoittaa ryppyj\u00e4 ja parantaa ihon kimmoisuutta ja uudistumista. Se hidastaa ik\u00e4\u00e4ntymisprosessia ja v\u00e4hent\u00e4\u00e4 punoitusta.<br \/>\n<strong>- C-vitamiini (3-O-etyyliaskorbiinihappo)<\/strong>\u00a0on C-vitamiinin vakaa muoto, joka vaalentaa pigmentaatiota, stimuloi kollageenin tuotantoa ja toimii antioksidanttina parantaen ihon kimmoisuutta ja s\u00e4vy\u00e4.<br \/>\n<strong>- Tyrniuute<\/strong>\u00a0rauhoittaa \u00e4rsytyst\u00e4, torjuu hilseily\u00e4 ja kuivuutta sek\u00e4 parantaa ihon s\u00e4vy\u00e4. Round Lab k\u00e4ytt\u00e4\u00e4 kylm\u00e4puristettua tyrniuutetta, joka s\u00e4ilytt\u00e4\u00e4 mahdollisimman paljon hy\u00f6dyllisi\u00e4 aineita.<br \/>\n<strong>- Idebenoni (hydroksidekyyliubikinoni)<\/strong> on voimakas antioksidantti ja koentsyymi Q10:n synteettinen analogi, joka tunkeutuu syv\u00e4lle ihoon. Se hidastaa lipidien hapettumista, suojaa solukalvoja vaurioilta, v\u00e4hent\u00e4\u00e4 ik\u00e4\u00e4ntymist\u00e4 ja uudistaa vaurioituneita ihosoluja, tukee ihon kimmoisuutta ja ryppyjen tasoittumista.<br \/>\n<strong>- Pantenoli (B5-vitamiini)<\/strong>\u00a0rauhoittaa ihoa, lievitt\u00e4\u00e4 punoitusta ja kutinaa, vahvistaa ihon suojaverkkoa ja ehk\u00e4isee kosteuden menetyst\u00e4.<br \/>\n<strong>- keramidit<\/strong>\u00a0uudistavat ja vahvistavat ihon lipidikerrosta, torjuvat kuivuutta, est\u00e4v\u00e4t kosteuden menetyst\u00e4 ja haitallisten aineiden tunkeutumista ihoon.<\/p>\n<p>&nbsp;<\/p>\n<p>Sopii kaikille ihotyypeille.<\/p>\n<p><strong>K\u00e4ytt\u00f6:<\/strong> levit\u00e4 seerumi tasaisesti kasvoille puhdistuksen ja kasvojen kasvovedenoton j\u00e4lkeen ja anna imeyty\u00e4.<\/p>","protected":false},"excerpt":{"rendered":"<p>Round Lab Vita Vita Niasiiniamidi Dark Spot Serum on kapseloitu seerumi, joka tasoittaa ihon s\u00e4vy\u00e4, v\u00e4hent\u00e4\u00e4 pigmentaatiota, tummia l\u00e4iski\u00e4 ja aknen j\u00e4lkeisi\u00e4 j\u00e4lki\u00e4 sek\u00e4 lis\u00e4\u00e4 luonnollista hehkua. Seerumi tasoittaa ihon koostumusta, supistaa ihohuokosia ja parantaa ihon kimmoisuutta samalla kun se antaa antioksidanttisuojaa. Tehoaineet on kapseloitu kapseliin, joka sulaa kosketuksessa ihon kanssa, mik\u00e4 takaa nopean imeytymisen ja v\u00e4litt\u00f6m\u00e4n kosteutuksen ilman tahmeutta.....<\/p>","protected":false},"featured_media":10892,"comment_status":"open","ping_status":"closed","template":"","meta":{"_uf_show_specific_survey":0,"_uf_disable_surveys":false,"_bst_post_transparent":"default","_bst_post_title":"","_bst_post_layout":"default","_bst_post_sidebar_id":"","_bst_post_content_style":"default","_bst_post_vertical_padding":"default","_bst_post_feature":"","_bst_post_feature_position":"","_bst_post_header":false,"_bst_post_footer":false},"pwb-brand":[645],"product_brand":[],"product_cat":[92,97],"product_tag":[617,646],"class_list":{"0":"post-10891","1":"product","2":"type-product","3":"status-publish","4":"has-post-thumbnail","6":"pwb-brand-round-lab","7":"product_cat-nagu","8":"product_cat-naoseerumid-ja-olid","9":"product_tag-c-vitamin","10":"product_tag-round-lab","12":"first","13":"instock","14":"sale","15":"shipping-taxable","16":"purchasable","17":"product-type-simple","18":"entry","19":"content-bg","20":"loop-entry"},"supplier_id":null,"supplier_sku":"","barcode":null,"atum_controlled":true,"out_stock_date":null,"out_stock_threshold":null,"inheritable":false,"inbound_stock":0,"stock_on_hold":0,"sold_today":0,"sales_last_days":0,"out_stock_days":0,"lost_sales":0,"has_location":false,"update_date":"2026-04-14T00:05:08","atum_locations":[],"atum_stock_status":"instock","restock_status":false,"low_stock_amount":"","sales_update_date":"2026-04-14T00:05:08","calc_backorders":null,"yoast_head":"<!-- This site is optimized with the Yoast SEO plugin v27.2 - https:\/\/yoast.com\/product\/yoast-seo-wordpress\/ -->\n<title>N\u00e4oseerum Round Lab Vita Niacinamide Dark Spot Serum, 30ml - IDA.KOREA<\/title>\n<meta name=\"robots\" content=\"index, follow, max-snippet:-1, max-image-preview:large, max-video-preview:-1\" \/>\n<link rel=\"canonical\" href=\"https:\/\/idakorea.ee\/fi\/product\/naoseerum-round-lab-vita-niacinamide-dark-spot-serum-30ml\/\" \/>\n<meta property=\"og:locale\" content=\"fi_FI\" \/>\n<meta property=\"og:type\" content=\"article\" \/>\n<meta property=\"og:title\" content=\"N\u00e4oseerum Round Lab Vita Niacinamide Dark Spot Serum, 30ml - IDA.KOREA\" \/>\n<meta property=\"og:description\" content=\"Round Lab Vita Niacinamide Dark Spot Serum on kapseldatud seerum, mis \u00fchtlustab nahatooni, v\u00e4hendab pigmendilaike, tedret\u00e4hne ja aknej\u00e4rgseid j\u00e4lgi ning lisab nahale loomulikku s\u00e4ra. Seerum silub naha tekstuuri, ahendab poore ja parandab naha elastsust, pakkudes samal ajal antioks\u00fcdantset kaitset. Aktiivained on kapslitesse suletud, mis sulavad nahaga kokkupuutel, tagades kiire imendumise ja kohese niisutuse ilma kleepuva...\" \/>\n<meta property=\"og:url\" content=\"https:\/\/idakorea.ee\/fi\/product\/naoseerum-round-lab-vita-niacinamide-dark-spot-serum-30ml\/\" \/>\n<meta property=\"og:site_name\" content=\"IDA.KOREA\" \/>\n<meta property=\"article:modified_time\" content=\"2026-02-10T14:45:26+00:00\" \/>\n<meta property=\"og:image\" content=\"https:\/\/idakorea.ee\/wp-content\/uploads\/2024\/10\/round-lab-vita-niacinamide-dark-spot-serum.jpg\" \/>\n\t<meta property=\"og:image:width\" content=\"1000\" \/>\n\t<meta property=\"og:image:height\" content=\"1000\" \/>\n\t<meta property=\"og:image:type\" content=\"image\/jpeg\" \/>\n<meta name=\"twitter:card\" content=\"summary_large_image\" \/>\n<meta name=\"twitter:label1\" content=\"Arvioitu lukuaika\" \/>\n\t<meta name=\"twitter:data1\" content=\"2 minuuttia\" \/>\n<script type=\"application\/ld+json\" class=\"yoast-schema-graph\">{\"@context\":\"https:\/\/schema.org\",\"@graph\":[{\"@type\":\"WebPage\",\"@id\":\"https:\/\/idakorea.ee\/product\/naoseerum-round-lab-vita-niacinamide-dark-spot-serum-30ml\/\",\"url\":\"https:\/\/idakorea.ee\/product\/naoseerum-round-lab-vita-niacinamide-dark-spot-serum-30ml\/\",\"name\":\"N\u00e4oseerum Round Lab Vita Niacinamide Dark Spot Serum, 30ml - IDA.KOREA\",\"isPartOf\":{\"@id\":\"https:\/\/idakorea.ee\/#website\"},\"primaryImageOfPage\":{\"@id\":\"https:\/\/idakorea.ee\/product\/naoseerum-round-lab-vita-niacinamide-dark-spot-serum-30ml\/#primaryimage\"},\"image\":{\"@id\":\"https:\/\/idakorea.ee\/product\/naoseerum-round-lab-vita-niacinamide-dark-spot-serum-30ml\/#primaryimage\"},\"thumbnailUrl\":\"https:\/\/idakorea.ee\/wp-content\/uploads\/2024\/10\/round-lab-vita-niacinamide-dark-spot-serum.jpg\",\"datePublished\":\"2024-10-15T10:52:50+00:00\",\"dateModified\":\"2026-02-10T14:45:26+00:00\",\"breadcrumb\":{\"@id\":\"https:\/\/idakorea.ee\/product\/naoseerum-round-lab-vita-niacinamide-dark-spot-serum-30ml\/#breadcrumb\"},\"inLanguage\":\"fi\",\"potentialAction\":[{\"@type\":\"ReadAction\",\"target\":[\"https:\/\/idakorea.ee\/product\/naoseerum-round-lab-vita-niacinamide-dark-spot-serum-30ml\/\"]}]},{\"@type\":\"ImageObject\",\"inLanguage\":\"fi\",\"@id\":\"https:\/\/idakorea.ee\/product\/naoseerum-round-lab-vita-niacinamide-dark-spot-serum-30ml\/#primaryimage\",\"url\":\"https:\/\/idakorea.ee\/wp-content\/uploads\/2024\/10\/round-lab-vita-niacinamide-dark-spot-serum.jpg\",\"contentUrl\":\"https:\/\/idakorea.ee\/wp-content\/uploads\/2024\/10\/round-lab-vita-niacinamide-dark-spot-serum.jpg\",\"width\":1000,\"height\":1000,\"caption\":\"Round-Lab-Vita-Niacinamide-Dark-Spot-Serum\"},{\"@type\":\"BreadcrumbList\",\"@id\":\"https:\/\/idakorea.ee\/product\/naoseerum-round-lab-vita-niacinamide-dark-spot-serum-30ml\/#breadcrumb\",\"itemListElement\":[{\"@type\":\"ListItem\",\"position\":1,\"name\":\"\u0413\u043b\u0430\u0432\u043d\u0430\u044f \u0441\u0442\u0440\u0430\u043d\u0438\u0446\u0430\",\"item\":\"https:\/\/idakorea.ee\/\"},{\"@type\":\"ListItem\",\"position\":2,\"name\":\"Shop\",\"item\":\"https:\/\/idakorea.ee\/shop-2\/\"},{\"@type\":\"ListItem\",\"position\":3,\"name\":\"N\u00e4oseerum Round Lab Vita Niacinamide Dark Spot Serum, 30ml\"}]},{\"@type\":\"WebSite\",\"@id\":\"https:\/\/idakorea.ee\/#website\",\"url\":\"https:\/\/idakorea.ee\/\",\"name\":\"IDA.KOREA\",\"description\":\"Korea kosmeetika e-pood\",\"publisher\":{\"@id\":\"https:\/\/idakorea.ee\/#organization\"},\"alternateName\":\"Beauty Shop\",\"potentialAction\":[{\"@type\":\"SearchAction\",\"target\":{\"@type\":\"EntryPoint\",\"urlTemplate\":\"https:\/\/idakorea.ee\/?s={search_term_string}\"},\"query-input\":{\"@type\":\"PropertyValueSpecification\",\"valueRequired\":true,\"valueName\":\"search_term_string\"}}],\"inLanguage\":\"fi\"},{\"@type\":\"Organization\",\"@id\":\"https:\/\/idakorea.ee\/#organization\",\"name\":\"IDA.KOREA\",\"url\":\"https:\/\/idakorea.ee\/\",\"logo\":{\"@type\":\"ImageObject\",\"inLanguage\":\"fi\",\"@id\":\"https:\/\/idakorea.ee\/#\/schema\/logo\/image\/\",\"url\":\"https:\/\/idakorea.ee\/wp-content\/uploads\/2024\/05\/cropped-korea3.png\",\"contentUrl\":\"https:\/\/idakorea.ee\/wp-content\/uploads\/2024\/05\/cropped-korea3.png\",\"width\":688,\"height\":126,\"caption\":\"IDA.KOREA\"},\"image\":{\"@id\":\"https:\/\/idakorea.ee\/#\/schema\/logo\/image\/\"},\"sameAs\":[\"https:\/\/www.instagram.com\/ida.korea\/\"]}]}<\/script>\n<!-- \/ Yoast SEO plugin. -->","yoast_head_json":{"title":"Round Lab Vita Niasiiniamidi tummien t\u00e4plien seerumi, 30ml - IDA.KOREA","robots":{"index":"index","follow":"follow","max-snippet":"max-snippet:-1","max-image-preview":"max-image-preview:large","max-video-preview":"max-video-preview:-1"},"canonical":"https:\/\/idakorea.ee\/fi\/product\/naoseerum-round-lab-vita-niacinamide-dark-spot-serum-30ml\/","og_locale":"fi_FI","og_type":"article","og_title":"N\u00e4oseerum Round Lab Vita Niacinamide Dark Spot Serum, 30ml - IDA.KOREA","og_description":"Round Lab Vita Niacinamide Dark Spot Serum on kapseldatud seerum, mis \u00fchtlustab nahatooni, v\u00e4hendab pigmendilaike, tedret\u00e4hne ja aknej\u00e4rgseid j\u00e4lgi ning lisab nahale loomulikku s\u00e4ra. Seerum silub naha tekstuuri, ahendab poore ja parandab naha elastsust, pakkudes samal ajal antioks\u00fcdantset kaitset. Aktiivained on kapslitesse suletud, mis sulavad nahaga kokkupuutel, tagades kiire imendumise ja kohese niisutuse ilma kleepuva...","og_url":"https:\/\/idakorea.ee\/fi\/product\/naoseerum-round-lab-vita-niacinamide-dark-spot-serum-30ml\/","og_site_name":"IDA.KOREA","article_modified_time":"2026-02-10T14:45:26+00:00","og_image":[{"width":1000,"height":1000,"url":"https:\/\/idakorea.ee\/wp-content\/uploads\/2024\/10\/round-lab-vita-niacinamide-dark-spot-serum.jpg","type":"image\/jpeg"}],"twitter_card":"summary_large_image","twitter_misc":{"Arvioitu lukuaika":"2 minuuttia"},"schema":{"@context":"https:\/\/schema.org","@graph":[{"@type":"WebPage","@id":"https:\/\/idakorea.ee\/product\/naoseerum-round-lab-vita-niacinamide-dark-spot-serum-30ml\/","url":"https:\/\/idakorea.ee\/product\/naoseerum-round-lab-vita-niacinamide-dark-spot-serum-30ml\/","name":"Round Lab Vita Niasiiniamidi tummien t\u00e4plien seerumi, 30ml - IDA.KOREA","isPartOf":{"@id":"https:\/\/idakorea.ee\/#website"},"primaryImageOfPage":{"@id":"https:\/\/idakorea.ee\/product\/naoseerum-round-lab-vita-niacinamide-dark-spot-serum-30ml\/#primaryimage"},"image":{"@id":"https:\/\/idakorea.ee\/product\/naoseerum-round-lab-vita-niacinamide-dark-spot-serum-30ml\/#primaryimage"},"thumbnailUrl":"https:\/\/idakorea.ee\/wp-content\/uploads\/2024\/10\/round-lab-vita-niacinamide-dark-spot-serum.jpg","datePublished":"2024-10-15T10:52:50+00:00","dateModified":"2026-02-10T14:45:26+00:00","breadcrumb":{"@id":"https:\/\/idakorea.ee\/product\/naoseerum-round-lab-vita-niacinamide-dark-spot-serum-30ml\/#breadcrumb"},"inLanguage":"fi","potentialAction":[{"@type":"ReadAction","target":["https:\/\/idakorea.ee\/product\/naoseerum-round-lab-vita-niacinamide-dark-spot-serum-30ml\/"]}]},{"@type":"ImageObject","inLanguage":"fi","@id":"https:\/\/idakorea.ee\/product\/naoseerum-round-lab-vita-niacinamide-dark-spot-serum-30ml\/#primaryimage","url":"https:\/\/idakorea.ee\/wp-content\/uploads\/2024\/10\/round-lab-vita-niacinamide-dark-spot-serum.jpg","contentUrl":"https:\/\/idakorea.ee\/wp-content\/uploads\/2024\/10\/round-lab-vita-niacinamide-dark-spot-serum.jpg","width":1000,"height":1000,"caption":"Round-Lab-Vita-Niacinamide-Dark-Spot-Serum"},{"@type":"BreadcrumbList","@id":"https:\/\/idakorea.ee\/product\/naoseerum-round-lab-vita-niacinamide-dark-spot-serum-30ml\/#breadcrumb","itemListElement":[{"@type":"ListItem","position":1,"name":"\u0413\u043b\u0430\u0432\u043d\u0430\u044f \u0441\u0442\u0440\u0430\u043d\u0438\u0446\u0430","item":"https:\/\/idakorea.ee\/"},{"@type":"ListItem","position":2,"name":"Shop","item":"https:\/\/idakorea.ee\/shop-2\/"},{"@type":"ListItem","position":3,"name":"N\u00e4oseerum Round Lab Vita Niacinamide Dark Spot Serum, 30ml"}]},{"@type":"WebSite","@id":"https:\/\/idakorea.ee\/#website","url":"https:\/\/idakorea.ee\/","name":"IDA.KOREA","description":"Korean kosmetiikan verkkokauppa","publisher":{"@id":"https:\/\/idakorea.ee\/#organization"},"alternateName":"Beauty Shop","potentialAction":[{"@type":"SearchAction","target":{"@type":"EntryPoint","urlTemplate":"https:\/\/idakorea.ee\/?s={search_term_string}"},"query-input":{"@type":"PropertyValueSpecification","valueRequired":true,"valueName":"search_term_string"}}],"inLanguage":"fi"},{"@type":"Organization","@id":"https:\/\/idakorea.ee\/#organization","name":"IDA.KOREA","url":"https:\/\/idakorea.ee\/","logo":{"@type":"ImageObject","inLanguage":"fi","@id":"https:\/\/idakorea.ee\/#\/schema\/logo\/image\/","url":"https:\/\/idakorea.ee\/wp-content\/uploads\/2024\/05\/cropped-korea3.png","contentUrl":"https:\/\/idakorea.ee\/wp-content\/uploads\/2024\/05\/cropped-korea3.png","width":688,"height":126,"caption":"IDA.KOREA"},"image":{"@id":"https:\/\/idakorea.ee\/#\/schema\/logo\/image\/"},"sameAs":["https:\/\/www.instagram.com\/ida.korea\/"]}]}},"jetpack_sharing_enabled":true,"brands":[{"id":645,"name":"ROUND LAB","slug":"round-lab"}],"_links":{"self":[{"href":"https:\/\/idakorea.ee\/fi\/wp-json\/wp\/v2\/product\/10891","targetHints":{"allow":["GET"]}}],"collection":[{"href":"https:\/\/idakorea.ee\/fi\/wp-json\/wp\/v2\/product"}],"about":[{"href":"https:\/\/idakorea.ee\/fi\/wp-json\/wp\/v2\/types\/product"}],"replies":[{"embeddable":true,"href":"https:\/\/idakorea.ee\/fi\/wp-json\/wp\/v2\/comments?post=10891"}],"version-history":[{"count":1,"href":"https:\/\/idakorea.ee\/fi\/wp-json\/wp\/v2\/product\/10891\/revisions"}],"predecessor-version":[{"id":10895,"href":"https:\/\/idakorea.ee\/fi\/wp-json\/wp\/v2\/product\/10891\/revisions\/10895"}],"wp:featuredmedia":[{"embeddable":true,"href":"https:\/\/idakorea.ee\/fi\/wp-json\/wp\/v2\/media\/10892"}],"wp:attachment":[{"href":"https:\/\/idakorea.ee\/fi\/wp-json\/wp\/v2\/media?parent=10891"}],"wp:term":[{"taxonomy":"pwb-brand","embeddable":true,"href":"https:\/\/idakorea.ee\/fi\/wp-json\/wp\/v2\/pwb-brand?post=10891"},{"taxonomy":"product_brand","embeddable":true,"href":"https:\/\/idakorea.ee\/fi\/wp-json\/wp\/v2\/product_brand?post=10891"},{"taxonomy":"product_cat","embeddable":true,"href":"https:\/\/idakorea.ee\/fi\/wp-json\/wp\/v2\/product_cat?post=10891"},{"taxonomy":"product_tag","embeddable":true,"href":"https:\/\/idakorea.ee\/fi\/wp-json\/wp\/v2\/product_tag?post=10891"}],"curies":[{"name":"wp","href":"https:\/\/api.w.org\/{rel}","templated":true}]}}