{"id":10896,"date":"2024-10-15T14:01:54","date_gmt":"2024-10-15T11:01:54","guid":{"rendered":"https:\/\/idakorea.ee\/?post_type=product&#038;p=10896"},"modified":"2026-04-03T09:22:23","modified_gmt":"2026-04-03T07:22:23","slug":"naomask-round-lab-vita-niacinamide-dark-spot-serum-mask","status":"publish","type":"product","link":"https:\/\/idakorea.ee\/fi\/product\/naomask-round-lab-vita-niacinamide-dark-spot-serum-mask\/","title":{"rendered":"Kasvonaamio Round Lab Vita Niasiiniamidi Dark Spot Seerumi naamio"},"content":{"rendered":"<p><strong>Round Lab Vita Niacinamide -seeruminaamio tummalle t\u00e4pl\u00e4lle<\/strong> on kirkastava kasvonaamio, joka v\u00e4hent\u00e4\u00e4 ik\u00e4l\u00e4iskien, aknearpien ja pisamien n\u00e4kymist\u00e4, lievitt\u00e4\u00e4 punoitusta sek\u00e4 tasoittaa ihon s\u00e4vy\u00e4 ja lis\u00e4\u00e4 hehkua.<\/p>\n<p>Naamiolla on antioksidanttinen vaikutus, joka hidastaa ik\u00e4\u00e4ntymisprosessia. Se kuorii ihoa hell\u00e4varaisesti, tasoittaa sen rakennetta ja tekee ihosta tasaisemman ja s\u00e4teilev\u00e4mm\u00e4n.<\/p>\n<p>Maskin kangas on valmistettu mikrokuidusta \u2013 kest\u00e4v\u00e4st\u00e4 ja ohuesta materiaalista, joka tarttuu tiiviisti ihoon ja auttaa voiteen vaikuttavia aineita imeytym\u00e4\u00e4n ihoon.<\/p>\n<p><strong>T\u00e4rkeimm\u00e4t vaikuttavat aineet:<\/strong><\/p>\n<p><strong>\u2013 Niasiiniamidi (B3-vitamiini)<\/strong> S\u00e4\u00e4telee talin erityst\u00e4, v\u00e4hent\u00e4\u00e4 kiiltoa, kirkastaa ihoa ja ehk\u00e4isee ik\u00e4l\u00e4iskien muodostumista. Se my\u00f6s stimuloi kollageenin tuotantoa, parantaen ihon kimmoisuutta ja kiinteytt\u00e4.<br \/>\n<strong>- Tranheksaamihappo<\/strong> on pigmenttimuutoksia est\u00e4v\u00e4 aine, joka est\u00e4\u00e4 tyrosinaasin (entsyymin, joka laukaisee melaniinin tuotannon) aktiivisuutta. Sopii p\u00e4iv\u00e4k\u00e4ytt\u00f6\u00f6n, koska se ei aiheuta valoherkkyytt\u00e4.<br \/>\n<strong>\u2013 Tyrnimarjauute ja -hydrolaatti<\/strong> ovat runsaasti C-vitamiinia sis\u00e4lt\u00e4vi\u00e4, kirkastavat ihon s\u00e4vy\u00e4 hell\u00e4varaisesti ja tarjoavat soluille antioksidanttista suojaa. Round Lab k\u00e4ytt\u00e4\u00e4 kylm\u00e4puristettua tyrni\u00e4 yll\u00e4pit\u00e4\u00e4kseen hy\u00f6dyllisten aineiden maksimaalisen pitoisuuden.<br \/>\n<strong>- glutationi-ioni<\/strong> on antioksidantti, joka suojaa ihoa haitallisilta ymp\u00e4rist\u00f6vaikutuksilta, hidastaa ik\u00e4\u00e4ntymisprosessia, tasoittaa ihon s\u00e4vy\u00e4 ja v\u00e4hent\u00e4\u00e4 punoitusta sek\u00e4 vaalentaa ik\u00e4l\u00e4iski\u00e4.<br \/>\n<strong>\u2013 Kahta C-vitamiinityyppi\u00e4 (natriumaskorbyylifosfaatti, 3-O-etyyliaskorbiinihappo)<\/strong> vaalentaa ik\u00e4l\u00e4iski\u00e4, stimuloi kollageenisynteesi\u00e4 ja tarjoaa antioksidanttisuojan, parantaen ihon kimmoisuutta ja nuorekkuutta.<br \/>\n<strong>\u2013 PHA (glukonolaktoni)<\/strong> Sopii herk\u00e4lle iholle suurempien molekyylien ansiosta. Poistaa hell\u00e4varaisesti kuolleita ihosoluja, tasoittaa ihon rakennetta ja vaalentaa pigmenttil\u00e4iski\u00e4.<br \/>\n<strong>\u2013 LHA (kapryloyylisalisyylihappo)<\/strong> on BHA-hapon mieto analogi, jolla on hell\u00e4varaisempi vaikutus suurempien molekyyliens\u00e4 ansiosta. Se liuottaa likaa ihohuokosissa, kirkastaa rasvaisia ihohuokosia ja ehk\u00e4isee mustap\u00e4iden muodostumista.<br \/>\n<strong>- Pantenoli (B5-vitamiini)<\/strong> nopeuttaa mikrovaurioiden paranemista, rauhoittaa ja pehment\u00e4\u00e4 ihoa, lievitt\u00e4\u00e4 punoitusta ja parantaa ihon suojatoimintoa.<br \/>\n<strong>\u2013 Bisabololi<\/strong> on kamomillasta per\u00e4isin oleva vaikuttava aine, joka rauhoittaa, lievitt\u00e4\u00e4 punoitusta ja \u00e4rsytyst\u00e4 sek\u00e4 nopeuttaa ihon uudistumista.<\/p>\n<p>&nbsp;<\/p>\n<p>Sopii kaikille ihotyypeille.<\/p>\n<p><strong>K\u00e4ytt\u00f6:<\/strong> Puhdistuksen ja kasvoveden j\u00e4lkeen levit\u00e4 naamio kasvoillesi. Poista 15\u201320 minuutin kuluttua ja hiero hell\u00e4varaisesti, jotta naamio imeytyy ihoon.<\/p>","protected":false},"excerpt":{"rendered":"<p>Round Lab Vita Vita Niasinamidi Dark Spot Serum Mask on kirkastava kasvonaamio, joka v\u00e4hent\u00e4\u00e4 pigmenttil\u00e4iskien, aknen j\u00e4lkeisten arpien ja tummien l\u00e4iskien n\u00e4kyvyytt\u00e4, v\u00e4hent\u00e4\u00e4 punoitusta, tasoittaa ihon s\u00e4vy\u00e4 ja lis\u00e4\u00e4 ihon heleytt\u00e4. Naamiolla on antioksidanttivaikutus, joka hidastaa ik\u00e4\u00e4ntymisprosessia. Se kuorii ihoa hell\u00e4varaisesti, tasoittaa ihon rakennetta ja tekee siit\u00e4 tasaisemman ja s\u00e4teilev\u00e4mm\u00e4n. Naamion kangas on valmistettu mikrokuidusta - kest\u00e4v\u00e4st\u00e4 ja ohuesta...<\/p>","protected":false},"featured_media":10897,"comment_status":"open","ping_status":"closed","template":"","meta":{"_uf_show_specific_survey":0,"_uf_disable_surveys":false,"_bst_post_transparent":"default","_bst_post_title":"","_bst_post_layout":"default","_bst_post_sidebar_id":"","_bst_post_content_style":"default","_bst_post_vertical_padding":"default","_bst_post_feature":"","_bst_post_feature_position":"","_bst_post_header":false,"_bst_post_footer":false},"pwb-brand":[645],"product_brand":[],"product_cat":[92,98],"product_tag":[647,646,648,634],"class_list":{"0":"post-10896","1":"product","2":"type-product","3":"status-publish","4":"has-post-thumbnail","6":"pwb-brand-round-lab","7":"product_cat-nagu","8":"product_cat-naomaskid","9":"product_tag-pigmen","10":"product_tag-round-lab","11":"product_tag-spot","12":"product_tag-vitamin-c","14":"first","15":"instock","16":"sale","17":"shipping-taxable","18":"purchasable","19":"product-type-simple","20":"entry","21":"content-bg","22":"loop-entry"},"supplier_id":null,"supplier_sku":"","barcode":null,"atum_controlled":true,"out_stock_date":null,"out_stock_threshold":null,"inheritable":false,"inbound_stock":0,"stock_on_hold":0,"sold_today":0,"sales_last_days":1,"out_stock_days":0,"lost_sales":0,"has_location":false,"update_date":"2026-04-14T00:05:11","atum_locations":[],"atum_stock_status":"instock","restock_status":false,"low_stock_amount":"","sales_update_date":"2026-04-14T00:05:11","calc_backorders":null,"yoast_head":"<!-- This site is optimized with the Yoast SEO plugin v27.2 - https:\/\/yoast.com\/product\/yoast-seo-wordpress\/ -->\n<title>Round Lab Vita Niacinamide Dark Spot Serum Mask - IDA.KOREA<\/title>\n<meta name=\"description\" content=\"N\u00e4omask, mis v\u00e4hendab pigmendilaikude, aknej\u00e4rgsete armide ja tedret\u00e4hnide n\u00e4htavust, leevendab punetust ning \u00fchtlustab nahatooni ja lisab s\u00e4ra.\" \/>\n<meta name=\"robots\" content=\"index, follow, max-snippet:-1, max-image-preview:large, max-video-preview:-1\" \/>\n<link rel=\"canonical\" href=\"https:\/\/idakorea.ee\/fi\/product\/naomask-round-lab-vita-niacinamide-dark-spot-serum-mask\/\" \/>\n<meta property=\"og:locale\" content=\"fi_FI\" \/>\n<meta property=\"og:type\" content=\"article\" \/>\n<meta property=\"og:title\" content=\"Round Lab Vita Niacinamide Dark Spot Serum Mask - IDA.KOREA\" \/>\n<meta property=\"og:description\" content=\"N\u00e4omask, mis v\u00e4hendab pigmendilaikude, aknej\u00e4rgsete armide ja tedret\u00e4hnide n\u00e4htavust, leevendab punetust ning \u00fchtlustab nahatooni ja lisab s\u00e4ra.\" \/>\n<meta property=\"og:url\" content=\"https:\/\/idakorea.ee\/fi\/product\/naomask-round-lab-vita-niacinamide-dark-spot-serum-mask\/\" \/>\n<meta property=\"og:site_name\" content=\"IDA.KOREA\" \/>\n<meta property=\"article:modified_time\" content=\"2026-04-03T07:22:23+00:00\" \/>\n<meta property=\"og:image\" content=\"https:\/\/idakorea.ee\/wp-content\/uploads\/2024\/10\/round-lab-vita-niacinamide-dark-spot-serum-mask.jpg\" \/>\n\t<meta property=\"og:image:width\" content=\"1000\" \/>\n\t<meta property=\"og:image:height\" content=\"1000\" \/>\n\t<meta property=\"og:image:type\" content=\"image\/jpeg\" \/>\n<meta name=\"twitter:card\" content=\"summary_large_image\" \/>\n<meta name=\"twitter:label1\" content=\"Arvioitu lukuaika\" \/>\n\t<meta name=\"twitter:data1\" content=\"2 minuuttia\" \/>\n<script type=\"application\/ld+json\" class=\"yoast-schema-graph\">{\"@context\":\"https:\/\/schema.org\",\"@graph\":[{\"@type\":\"WebPage\",\"@id\":\"https:\/\/idakorea.ee\/product\/naomask-round-lab-vita-niacinamide-dark-spot-serum-mask\/\",\"url\":\"https:\/\/idakorea.ee\/product\/naomask-round-lab-vita-niacinamide-dark-spot-serum-mask\/\",\"name\":\"Round Lab Vita Niacinamide Dark Spot Serum Mask - IDA.KOREA\",\"isPartOf\":{\"@id\":\"https:\/\/idakorea.ee\/#website\"},\"primaryImageOfPage\":{\"@id\":\"https:\/\/idakorea.ee\/product\/naomask-round-lab-vita-niacinamide-dark-spot-serum-mask\/#primaryimage\"},\"image\":{\"@id\":\"https:\/\/idakorea.ee\/product\/naomask-round-lab-vita-niacinamide-dark-spot-serum-mask\/#primaryimage\"},\"thumbnailUrl\":\"https:\/\/idakorea.ee\/wp-content\/uploads\/2024\/10\/round-lab-vita-niacinamide-dark-spot-serum-mask.jpg\",\"datePublished\":\"2024-10-15T11:01:54+00:00\",\"dateModified\":\"2026-04-03T07:22:23+00:00\",\"description\":\"N\u00e4omask, mis v\u00e4hendab pigmendilaikude, aknej\u00e4rgsete armide ja tedret\u00e4hnide n\u00e4htavust, leevendab punetust ning \u00fchtlustab nahatooni ja lisab s\u00e4ra.\",\"breadcrumb\":{\"@id\":\"https:\/\/idakorea.ee\/product\/naomask-round-lab-vita-niacinamide-dark-spot-serum-mask\/#breadcrumb\"},\"inLanguage\":\"fi\",\"potentialAction\":[{\"@type\":\"ReadAction\",\"target\":[\"https:\/\/idakorea.ee\/product\/naomask-round-lab-vita-niacinamide-dark-spot-serum-mask\/\"]}]},{\"@type\":\"ImageObject\",\"inLanguage\":\"fi\",\"@id\":\"https:\/\/idakorea.ee\/product\/naomask-round-lab-vita-niacinamide-dark-spot-serum-mask\/#primaryimage\",\"url\":\"https:\/\/idakorea.ee\/wp-content\/uploads\/2024\/10\/round-lab-vita-niacinamide-dark-spot-serum-mask.jpg\",\"contentUrl\":\"https:\/\/idakorea.ee\/wp-content\/uploads\/2024\/10\/round-lab-vita-niacinamide-dark-spot-serum-mask.jpg\",\"width\":1000,\"height\":1000,\"caption\":\"Round-Lab-Vita-Niacinamide-Dark-Spot-Serum-Mask\"},{\"@type\":\"BreadcrumbList\",\"@id\":\"https:\/\/idakorea.ee\/product\/naomask-round-lab-vita-niacinamide-dark-spot-serum-mask\/#breadcrumb\",\"itemListElement\":[{\"@type\":\"ListItem\",\"position\":1,\"name\":\"\u0413\u043b\u0430\u0432\u043d\u0430\u044f \u0441\u0442\u0440\u0430\u043d\u0438\u0446\u0430\",\"item\":\"https:\/\/idakorea.ee\/\"},{\"@type\":\"ListItem\",\"position\":2,\"name\":\"Shop\",\"item\":\"https:\/\/idakorea.ee\/shop-2\/\"},{\"@type\":\"ListItem\",\"position\":3,\"name\":\"N\u00e4omask Round Lab Vita Niacinamide Dark Spot Serum Mask\"}]},{\"@type\":\"WebSite\",\"@id\":\"https:\/\/idakorea.ee\/#website\",\"url\":\"https:\/\/idakorea.ee\/\",\"name\":\"IDA.KOREA\",\"description\":\"Korea kosmeetika e-pood\",\"publisher\":{\"@id\":\"https:\/\/idakorea.ee\/#organization\"},\"alternateName\":\"Beauty Shop\",\"potentialAction\":[{\"@type\":\"SearchAction\",\"target\":{\"@type\":\"EntryPoint\",\"urlTemplate\":\"https:\/\/idakorea.ee\/?s={search_term_string}\"},\"query-input\":{\"@type\":\"PropertyValueSpecification\",\"valueRequired\":true,\"valueName\":\"search_term_string\"}}],\"inLanguage\":\"fi\"},{\"@type\":\"Organization\",\"@id\":\"https:\/\/idakorea.ee\/#organization\",\"name\":\"IDA.KOREA\",\"url\":\"https:\/\/idakorea.ee\/\",\"logo\":{\"@type\":\"ImageObject\",\"inLanguage\":\"fi\",\"@id\":\"https:\/\/idakorea.ee\/#\/schema\/logo\/image\/\",\"url\":\"https:\/\/idakorea.ee\/wp-content\/uploads\/2024\/05\/cropped-korea3.png\",\"contentUrl\":\"https:\/\/idakorea.ee\/wp-content\/uploads\/2024\/05\/cropped-korea3.png\",\"width\":688,\"height\":126,\"caption\":\"IDA.KOREA\"},\"image\":{\"@id\":\"https:\/\/idakorea.ee\/#\/schema\/logo\/image\/\"},\"sameAs\":[\"https:\/\/www.instagram.com\/ida.korea\/\"]}]}<\/script>\n<!-- \/ Yoast SEO plugin. -->","yoast_head_json":{"title":"Round Lab Vita Niacinamide -seeruminaamio tummalle t\u00e4pl\u00e4lle - IDA.KOREA","description":"Kasvonaamio, joka v\u00e4hent\u00e4\u00e4 ik\u00e4l\u00e4iskien, aknearpien ja pisamien n\u00e4kymist\u00e4, lievitt\u00e4\u00e4 punoitusta sek\u00e4 tasoittaa ihon s\u00e4vy\u00e4 ja lis\u00e4\u00e4 hehkua.","robots":{"index":"index","follow":"follow","max-snippet":"max-snippet:-1","max-image-preview":"max-image-preview:large","max-video-preview":"max-video-preview:-1"},"canonical":"https:\/\/idakorea.ee\/fi\/product\/naomask-round-lab-vita-niacinamide-dark-spot-serum-mask\/","og_locale":"fi_FI","og_type":"article","og_title":"Round Lab Vita Niacinamide Dark Spot Serum Mask - IDA.KOREA","og_description":"N\u00e4omask, mis v\u00e4hendab pigmendilaikude, aknej\u00e4rgsete armide ja tedret\u00e4hnide n\u00e4htavust, leevendab punetust ning \u00fchtlustab nahatooni ja lisab s\u00e4ra.","og_url":"https:\/\/idakorea.ee\/fi\/product\/naomask-round-lab-vita-niacinamide-dark-spot-serum-mask\/","og_site_name":"IDA.KOREA","article_modified_time":"2026-04-03T07:22:23+00:00","og_image":[{"width":1000,"height":1000,"url":"https:\/\/idakorea.ee\/wp-content\/uploads\/2024\/10\/round-lab-vita-niacinamide-dark-spot-serum-mask.jpg","type":"image\/jpeg"}],"twitter_card":"summary_large_image","twitter_misc":{"Arvioitu lukuaika":"2 minuuttia"},"schema":{"@context":"https:\/\/schema.org","@graph":[{"@type":"WebPage","@id":"https:\/\/idakorea.ee\/product\/naomask-round-lab-vita-niacinamide-dark-spot-serum-mask\/","url":"https:\/\/idakorea.ee\/product\/naomask-round-lab-vita-niacinamide-dark-spot-serum-mask\/","name":"Round Lab Vita Niacinamide -seeruminaamio tummalle t\u00e4pl\u00e4lle - IDA.KOREA","isPartOf":{"@id":"https:\/\/idakorea.ee\/#website"},"primaryImageOfPage":{"@id":"https:\/\/idakorea.ee\/product\/naomask-round-lab-vita-niacinamide-dark-spot-serum-mask\/#primaryimage"},"image":{"@id":"https:\/\/idakorea.ee\/product\/naomask-round-lab-vita-niacinamide-dark-spot-serum-mask\/#primaryimage"},"thumbnailUrl":"https:\/\/idakorea.ee\/wp-content\/uploads\/2024\/10\/round-lab-vita-niacinamide-dark-spot-serum-mask.jpg","datePublished":"2024-10-15T11:01:54+00:00","dateModified":"2026-04-03T07:22:23+00:00","description":"Kasvonaamio, joka v\u00e4hent\u00e4\u00e4 ik\u00e4l\u00e4iskien, aknearpien ja pisamien n\u00e4kymist\u00e4, lievitt\u00e4\u00e4 punoitusta sek\u00e4 tasoittaa ihon s\u00e4vy\u00e4 ja lis\u00e4\u00e4 hehkua.","breadcrumb":{"@id":"https:\/\/idakorea.ee\/product\/naomask-round-lab-vita-niacinamide-dark-spot-serum-mask\/#breadcrumb"},"inLanguage":"fi","potentialAction":[{"@type":"ReadAction","target":["https:\/\/idakorea.ee\/product\/naomask-round-lab-vita-niacinamide-dark-spot-serum-mask\/"]}]},{"@type":"ImageObject","inLanguage":"fi","@id":"https:\/\/idakorea.ee\/product\/naomask-round-lab-vita-niacinamide-dark-spot-serum-mask\/#primaryimage","url":"https:\/\/idakorea.ee\/wp-content\/uploads\/2024\/10\/round-lab-vita-niacinamide-dark-spot-serum-mask.jpg","contentUrl":"https:\/\/idakorea.ee\/wp-content\/uploads\/2024\/10\/round-lab-vita-niacinamide-dark-spot-serum-mask.jpg","width":1000,"height":1000,"caption":"Round-Lab-Vita-Niacinamide-Dark-Spot-Serum-Mask"},{"@type":"BreadcrumbList","@id":"https:\/\/idakorea.ee\/product\/naomask-round-lab-vita-niacinamide-dark-spot-serum-mask\/#breadcrumb","itemListElement":[{"@type":"ListItem","position":1,"name":"\u0413\u043b\u0430\u0432\u043d\u0430\u044f \u0441\u0442\u0440\u0430\u043d\u0438\u0446\u0430","item":"https:\/\/idakorea.ee\/"},{"@type":"ListItem","position":2,"name":"Shop","item":"https:\/\/idakorea.ee\/shop-2\/"},{"@type":"ListItem","position":3,"name":"N\u00e4omask Round Lab Vita Niacinamide Dark Spot Serum Mask"}]},{"@type":"WebSite","@id":"https:\/\/idakorea.ee\/#website","url":"https:\/\/idakorea.ee\/","name":"IDA.KOREA","description":"Korean kosmetiikan verkkokauppa","publisher":{"@id":"https:\/\/idakorea.ee\/#organization"},"alternateName":"Beauty Shop","potentialAction":[{"@type":"SearchAction","target":{"@type":"EntryPoint","urlTemplate":"https:\/\/idakorea.ee\/?s={search_term_string}"},"query-input":{"@type":"PropertyValueSpecification","valueRequired":true,"valueName":"search_term_string"}}],"inLanguage":"fi"},{"@type":"Organization","@id":"https:\/\/idakorea.ee\/#organization","name":"IDA.KOREA","url":"https:\/\/idakorea.ee\/","logo":{"@type":"ImageObject","inLanguage":"fi","@id":"https:\/\/idakorea.ee\/#\/schema\/logo\/image\/","url":"https:\/\/idakorea.ee\/wp-content\/uploads\/2024\/05\/cropped-korea3.png","contentUrl":"https:\/\/idakorea.ee\/wp-content\/uploads\/2024\/05\/cropped-korea3.png","width":688,"height":126,"caption":"IDA.KOREA"},"image":{"@id":"https:\/\/idakorea.ee\/#\/schema\/logo\/image\/"},"sameAs":["https:\/\/www.instagram.com\/ida.korea\/"]}]}},"jetpack_sharing_enabled":true,"brands":[{"id":645,"name":"ROUND LAB","slug":"round-lab"}],"_links":{"self":[{"href":"https:\/\/idakorea.ee\/fi\/wp-json\/wp\/v2\/product\/10896","targetHints":{"allow":["GET"]}}],"collection":[{"href":"https:\/\/idakorea.ee\/fi\/wp-json\/wp\/v2\/product"}],"about":[{"href":"https:\/\/idakorea.ee\/fi\/wp-json\/wp\/v2\/types\/product"}],"replies":[{"embeddable":true,"href":"https:\/\/idakorea.ee\/fi\/wp-json\/wp\/v2\/comments?post=10896"}],"version-history":[{"count":1,"href":"https:\/\/idakorea.ee\/fi\/wp-json\/wp\/v2\/product\/10896\/revisions"}],"predecessor-version":[{"id":10900,"href":"https:\/\/idakorea.ee\/fi\/wp-json\/wp\/v2\/product\/10896\/revisions\/10900"}],"wp:featuredmedia":[{"embeddable":true,"href":"https:\/\/idakorea.ee\/fi\/wp-json\/wp\/v2\/media\/10897"}],"wp:attachment":[{"href":"https:\/\/idakorea.ee\/fi\/wp-json\/wp\/v2\/media?parent=10896"}],"wp:term":[{"taxonomy":"pwb-brand","embeddable":true,"href":"https:\/\/idakorea.ee\/fi\/wp-json\/wp\/v2\/pwb-brand?post=10896"},{"taxonomy":"product_brand","embeddable":true,"href":"https:\/\/idakorea.ee\/fi\/wp-json\/wp\/v2\/product_brand?post=10896"},{"taxonomy":"product_cat","embeddable":true,"href":"https:\/\/idakorea.ee\/fi\/wp-json\/wp\/v2\/product_cat?post=10896"},{"taxonomy":"product_tag","embeddable":true,"href":"https:\/\/idakorea.ee\/fi\/wp-json\/wp\/v2\/product_tag?post=10896"}],"curies":[{"name":"wp","href":"https:\/\/api.w.org\/{rel}","templated":true}]}}