{"id":10902,"date":"2024-10-15T18:22:43","date_gmt":"2024-10-15T15:22:43","guid":{"rendered":"https:\/\/idakorea.ee\/?post_type=product&#038;p=10902"},"modified":"2026-01-30T16:06:19","modified_gmt":"2026-01-30T14:06:19","slug":"vitamiini-seerum-bioheal-boh-vitamin-toning-melasma-serum-30ml","status":"publish","type":"product","link":"https:\/\/idakorea.ee\/fi\/product\/vitamiini-seerum-bioheal-boh-vitamin-toning-melasma-serum-30ml\/","title":{"rendered":"Vitamiiniseerumi Bioheal Boh Vitamin Toning Melasma Serum, 30ml"},"content":{"rendered":"<p>Vitamiiniseerumi pigmentaation v\u00e4hent\u00e4miseen poistaa ep\u00e4puhtauksia ja ihon ep\u00e4t\u00e4ydellisyyksi\u00e4 vain 10 p\u00e4iv\u00e4ss\u00e4.<\/p>\n<p>Seerumi tasoittaa tehokkaasti ihon s\u00e4vy\u00e4 ja torjuu kaikenlaisia ep\u00e4puhtauksia: melasmaa, pisamia, pigmenttil\u00e4iski\u00e4, aknearpia, ik\u00e4l\u00e4iski\u00e4 ja my\u00f6s piilev\u00e4\u00e4 pigmentaatiota.<\/p>\n<p>Sis\u00e4lt\u00e4\u00e4 10 000 ppm etyyliaskorbiinihappoa, uusinta ja tehokkainta askorbiinihappojohdannaista. Se muuttuu ihossa puhtaaksi C-vitamiiniksi ja tarjoaa kaikki kolme C-vitamiinin rakasta maagista vaikutusta:<\/p>\n<p><strong>Voimakas valkaiseva vaikutus<\/strong>Tasoittaa ihon s\u00e4vy\u00e4 ja taistelee kaikenlaisia ep\u00e4puhtauksia vastaan.<br \/>\n<strong>Tehokas antioksidantti<\/strong>: Stimuloi kollageenin tuotantoa ja ehk\u00e4isee ennenaikaista ik\u00e4\u00e4ntymist\u00e4.<br \/>\n<strong>Tulehdusta est\u00e4v\u00e4 vaikutus<\/strong>Aktivoi tulehdusta est\u00e4vi\u00e4 sytokiineja, auttaen tehokkaasti aknen ja ruusufinnin hoidossa.<\/p>\n<p><strong>E-vitamiini<\/strong>, joka tunnetaan my\u00f6s nuoruuden vitamiinina, edist\u00e4\u00e4 estrogeenin (kauneushormonin) tuotantoa parantaen ihon kuntoa. Se nopeuttaa solujen uusiutumista ja auttaa ihoa uudistumaan. Suojaa UV-s\u00e4teilylt\u00e4 ja kuivumiselta sek\u00e4 ehk\u00e4isee auringonpolttamia. Nopean uusiutumisen ansiosta ihon kimmoisuus palautuu ja pienet rypyt siloittuvat.<\/p>\n<p><strong>B3-vitamiini (niasiiniamidi 50 000 ppm)<\/strong>\u00a0Parantaa ihon verenkiertoa ja stimuloi kollageenisynteesi\u00e4, mik\u00e4 parantaa ihon rakennetta, silottaa ryppyj\u00e4 ja hidastaa uusien muodostumista. Vahvistaa ihon kosteussuojaa ja suojaa sit\u00e4 ulkoisilta haitallisilta tekij\u00f6ilt\u00e4. Se auttaa my\u00f6s s\u00e4\u00e4telem\u00e4\u00e4n talirauhasten toimintaa, ehk\u00e4isten aknea ja tukkeutuneita ihohuokosia.<\/p>\n<p>Muita t\u00e4rkeit\u00e4 ainesosia:<br \/>\n\u2013 <strong>4-butyyliresorsinoli<\/strong> on tehokas valkaiseva ainesosa, joka est\u00e4\u00e4 melaniinin tuotantoa \u00e4rsytt\u00e4m\u00e4tt\u00e4 ihoa.<br \/>\n\u2013 <strong>Traneksaamihappo ja arbutiini<\/strong> v\u00e4hent\u00e4\u00e4 melaniinin synteesi\u00e4, ehk\u00e4isee pigmenttimuutoksia ja tasoittaa ihon s\u00e4vy\u00e4.<br \/>\n\u2013<strong> Bifidobakteerien lysaatti<\/strong> luo ihon pinnalle optimaalisen ymp\u00e4rist\u00f6n normaalin mikroflooran kasvulle, edist\u00e4\u00e4 ihon uudistumista, vahvistaa suojatoimintoja ja ehk\u00e4isee tulehdusta.<\/p>\n<p>Seerumilla on kevyt koostumus ja rauhoittavia ominaisuuksia, joten se sopii p\u00e4ivitt\u00e4iseen k\u00e4ytt\u00f6\u00f6n ilman \u00e4rsytyksen riski\u00e4.<\/p>\n<p>\u2013 V\u00e4hent\u00e4\u00e4 tummien l\u00e4iskien kokoa ja levi\u00e4mist\u00e4.<br \/>\n\u2013 V\u00e4hent\u00e4\u00e4 melaniinin tuotantoa.<br \/>\n\u2013 Tasoittaa ihon s\u00e4vy\u00e4 ja rakennetta.<br \/>\n\u2013 Tekee ihosta kirkkaamman.<br \/>\n\u2013 Stimuloi kollageenin synteesi\u00e4.<br \/>\n\u2013 Silottaa ryppyj\u00e4 ja kosteuttaa.<br \/>\n\u2013 Normalisoi talirauhasten toimintaa.<br \/>\n\u2013 Taistelee tulehdusta vastaan.<br \/>\n\u2013 Vahvistaa ihon suojakerrosta.<br \/>\n\u2013 Rauhoittaa ihoa.<\/p>\n<p>Sopii kaikille ihotyypeille.<\/p>","protected":false},"excerpt":{"rendered":"<p>A-vitamiiniseerumi v\u00e4hent\u00e4\u00e4 pigmentaatiota ja poistaa virheet ja ep\u00e4t\u00e4ydellisyydet vain 10 p\u00e4iv\u00e4ss\u00e4. Seerumi tasoittaa tehokkaasti ihon s\u00e4vy\u00e4 ja torjuu kaikentyyppisi\u00e4 virheit\u00e4: melasmaa, tummia silm\u00e4nalusia, pigmenttil\u00e4iski\u00e4, aknearpia, ik\u00e4luomia ja jopa piilevi\u00e4 pigmenttil\u00e4iski\u00e4. Kaava sis\u00e4lt\u00e4\u00e4 10 000 ppm etyyliaskorbiinihappoa, askorbiinihapon uusinta ja tehokkainta johdannaista. Ihossa se muuntuu puhtaaksi C-vitamiiniksi ja k\u00e4ytt\u00e4\u00e4 kaikkia kolmea...<\/p>","protected":false},"featured_media":10903,"comment_status":"open","ping_status":"closed","template":"","meta":{"_uf_show_specific_survey":0,"_uf_disable_surveys":false,"_bst_post_transparent":"default","_bst_post_title":"","_bst_post_layout":"default","_bst_post_sidebar_id":"","_bst_post_content_style":"default","_bst_post_vertical_padding":"default","_bst_post_feature":"","_bst_post_feature_position":"","_bst_post_header":false,"_bst_post_footer":false},"pwb-brand":[479],"product_brand":[],"product_cat":[92,97],"product_tag":[596,230,634],"class_list":{"0":"post-10902","1":"product","2":"type-product","3":"status-publish","4":"has-post-thumbnail","6":"pwb-brand-bioheal-boh","7":"product_cat-nagu","8":"product_cat-naoseerumid-ja-olid","9":"product_tag-bioheal-boh","10":"product_tag-pigment","11":"product_tag-vitamin-c","13":"first","14":"outofstock","15":"sale","16":"shipping-taxable","17":"purchasable","18":"product-type-simple","19":"entry","20":"content-bg","21":"loop-entry"},"supplier_id":null,"supplier_sku":"","barcode":null,"atum_controlled":true,"out_stock_date":null,"out_stock_threshold":null,"inheritable":false,"inbound_stock":0,"stock_on_hold":0,"sold_today":0,"sales_last_days":0,"out_stock_days":0,"lost_sales":0,"has_location":false,"update_date":"2026-04-14T00:05:06","atum_locations":[],"atum_stock_status":"outofstock","restock_status":false,"low_stock_amount":"","sales_update_date":"2026-04-14T00:05:06","calc_backorders":null,"yoast_head":"<!-- This site is optimized with the Yoast SEO plugin v27.2 - https:\/\/yoast.com\/product\/yoast-seo-wordpress\/ -->\n<title>Vitamiini seerum Bioheal Boh Vitamin Toning Melasma Serum, 30ml - IDA.KOREA<\/title>\n<meta name=\"robots\" content=\"index, follow, max-snippet:-1, max-image-preview:large, max-video-preview:-1\" \/>\n<link rel=\"canonical\" href=\"https:\/\/idakorea.ee\/fi\/product\/vitamiini-seerum-bioheal-boh-vitamin-toning-melasma-serum-30ml\/\" \/>\n<meta property=\"og:locale\" content=\"fi_FI\" \/>\n<meta property=\"og:type\" content=\"article\" \/>\n<meta property=\"og:title\" content=\"Vitamiini seerum Bioheal Boh Vitamin Toning Melasma Serum, 30ml - IDA.KOREA\" \/>\n<meta property=\"og:description\" content=\"Vitamini seerum pigmentatsiooni v\u00e4hendamiseks k\u00f5rvaldab plekid ja nahapuudused vaid 10 p\u00e4evaga. Seerum \u00fchtlustab t\u00f5husalt naha tooni ja v\u00f5itleb k\u00f5igi t\u00fc\u00fcpi plekkide vastu: melasma, tedret\u00e4hnid, pigmendilaigud, aknej\u00e4rgsed armid, vananemislaigud ja ka varjatud pigmentatsioon. Koostises on 10 000 ppm et\u00fc\u00fcl-askorbiinhapet, mis on k\u00f5ige uuem ja efektiivsem askorbiinhappe derivaat. Nahas muundub see puhtaks C-vitamiiniks ja avaldab k\u00f5iki kolme...\" \/>\n<meta property=\"og:url\" content=\"https:\/\/idakorea.ee\/fi\/product\/vitamiini-seerum-bioheal-boh-vitamin-toning-melasma-serum-30ml\/\" \/>\n<meta property=\"og:site_name\" content=\"IDA.KOREA\" \/>\n<meta property=\"article:modified_time\" content=\"2026-01-30T14:06:19+00:00\" \/>\n<meta property=\"og:image\" content=\"https:\/\/idakorea.ee\/wp-content\/uploads\/2024\/10\/1074452412-600x600-1.jpg\" \/>\n\t<meta property=\"og:image:width\" content=\"600\" \/>\n\t<meta property=\"og:image:height\" content=\"600\" \/>\n\t<meta property=\"og:image:type\" content=\"image\/jpeg\" \/>\n<meta name=\"twitter:card\" content=\"summary_large_image\" \/>\n<meta name=\"twitter:label1\" content=\"Arvioitu lukuaika\" \/>\n\t<meta name=\"twitter:data1\" content=\"2 minuuttia\" \/>\n<script type=\"application\/ld+json\" class=\"yoast-schema-graph\">{\"@context\":\"https:\/\/schema.org\",\"@graph\":[{\"@type\":\"WebPage\",\"@id\":\"https:\/\/idakorea.ee\/product\/vitamiini-seerum-bioheal-boh-vitamin-toning-melasma-serum-30ml\/\",\"url\":\"https:\/\/idakorea.ee\/product\/vitamiini-seerum-bioheal-boh-vitamin-toning-melasma-serum-30ml\/\",\"name\":\"Vitamiini seerum Bioheal Boh Vitamin Toning Melasma Serum, 30ml - IDA.KOREA\",\"isPartOf\":{\"@id\":\"https:\/\/idakorea.ee\/#website\"},\"primaryImageOfPage\":{\"@id\":\"https:\/\/idakorea.ee\/product\/vitamiini-seerum-bioheal-boh-vitamin-toning-melasma-serum-30ml\/#primaryimage\"},\"image\":{\"@id\":\"https:\/\/idakorea.ee\/product\/vitamiini-seerum-bioheal-boh-vitamin-toning-melasma-serum-30ml\/#primaryimage\"},\"thumbnailUrl\":\"https:\/\/idakorea.ee\/wp-content\/uploads\/2024\/10\/1074452412-600x600-1.jpg\",\"datePublished\":\"2024-10-15T15:22:43+00:00\",\"dateModified\":\"2026-01-30T14:06:19+00:00\",\"breadcrumb\":{\"@id\":\"https:\/\/idakorea.ee\/product\/vitamiini-seerum-bioheal-boh-vitamin-toning-melasma-serum-30ml\/#breadcrumb\"},\"inLanguage\":\"fi\",\"potentialAction\":[{\"@type\":\"ReadAction\",\"target\":[\"https:\/\/idakorea.ee\/product\/vitamiini-seerum-bioheal-boh-vitamin-toning-melasma-serum-30ml\/\"]}]},{\"@type\":\"ImageObject\",\"inLanguage\":\"fi\",\"@id\":\"https:\/\/idakorea.ee\/product\/vitamiini-seerum-bioheal-boh-vitamin-toning-melasma-serum-30ml\/#primaryimage\",\"url\":\"https:\/\/idakorea.ee\/wp-content\/uploads\/2024\/10\/1074452412-600x600-1.jpg\",\"contentUrl\":\"https:\/\/idakorea.ee\/wp-content\/uploads\/2024\/10\/1074452412-600x600-1.jpg\",\"width\":600,\"height\":600,\"caption\":\"Bioheal Boh Vitamin\"},{\"@type\":\"BreadcrumbList\",\"@id\":\"https:\/\/idakorea.ee\/product\/vitamiini-seerum-bioheal-boh-vitamin-toning-melasma-serum-30ml\/#breadcrumb\",\"itemListElement\":[{\"@type\":\"ListItem\",\"position\":1,\"name\":\"\u0413\u043b\u0430\u0432\u043d\u0430\u044f \u0441\u0442\u0440\u0430\u043d\u0438\u0446\u0430\",\"item\":\"https:\/\/idakorea.ee\/\"},{\"@type\":\"ListItem\",\"position\":2,\"name\":\"Shop\",\"item\":\"https:\/\/idakorea.ee\/shop-2\/\"},{\"@type\":\"ListItem\",\"position\":3,\"name\":\"Vitamiini seerum Bioheal Boh Vitamin Toning Melasma Serum, 30ml\"}]},{\"@type\":\"WebSite\",\"@id\":\"https:\/\/idakorea.ee\/#website\",\"url\":\"https:\/\/idakorea.ee\/\",\"name\":\"IDA.KOREA\",\"description\":\"Korea kosmeetika e-pood\",\"publisher\":{\"@id\":\"https:\/\/idakorea.ee\/#organization\"},\"alternateName\":\"Beauty Shop\",\"potentialAction\":[{\"@type\":\"SearchAction\",\"target\":{\"@type\":\"EntryPoint\",\"urlTemplate\":\"https:\/\/idakorea.ee\/?s={search_term_string}\"},\"query-input\":{\"@type\":\"PropertyValueSpecification\",\"valueRequired\":true,\"valueName\":\"search_term_string\"}}],\"inLanguage\":\"fi\"},{\"@type\":\"Organization\",\"@id\":\"https:\/\/idakorea.ee\/#organization\",\"name\":\"IDA.KOREA\",\"url\":\"https:\/\/idakorea.ee\/\",\"logo\":{\"@type\":\"ImageObject\",\"inLanguage\":\"fi\",\"@id\":\"https:\/\/idakorea.ee\/#\/schema\/logo\/image\/\",\"url\":\"https:\/\/idakorea.ee\/wp-content\/uploads\/2024\/05\/cropped-korea3.png\",\"contentUrl\":\"https:\/\/idakorea.ee\/wp-content\/uploads\/2024\/05\/cropped-korea3.png\",\"width\":688,\"height\":126,\"caption\":\"IDA.KOREA\"},\"image\":{\"@id\":\"https:\/\/idakorea.ee\/#\/schema\/logo\/image\/\"},\"sameAs\":[\"https:\/\/www.instagram.com\/ida.korea\/\"]}]}<\/script>\n<!-- \/ Yoast SEO plugin. -->","yoast_head_json":{"title":"Vitamiiniseerumi Bioheal Boh Vitamin Toning Melasma Serum, 30ml - IT\u00c4-KOREA","robots":{"index":"index","follow":"follow","max-snippet":"max-snippet:-1","max-image-preview":"max-image-preview:large","max-video-preview":"max-video-preview:-1"},"canonical":"https:\/\/idakorea.ee\/fi\/product\/vitamiini-seerum-bioheal-boh-vitamin-toning-melasma-serum-30ml\/","og_locale":"fi_FI","og_type":"article","og_title":"Vitamiini seerum Bioheal Boh Vitamin Toning Melasma Serum, 30ml - IDA.KOREA","og_description":"Vitamini seerum pigmentatsiooni v\u00e4hendamiseks k\u00f5rvaldab plekid ja nahapuudused vaid 10 p\u00e4evaga. Seerum \u00fchtlustab t\u00f5husalt naha tooni ja v\u00f5itleb k\u00f5igi t\u00fc\u00fcpi plekkide vastu: melasma, tedret\u00e4hnid, pigmendilaigud, aknej\u00e4rgsed armid, vananemislaigud ja ka varjatud pigmentatsioon. Koostises on 10 000 ppm et\u00fc\u00fcl-askorbiinhapet, mis on k\u00f5ige uuem ja efektiivsem askorbiinhappe derivaat. Nahas muundub see puhtaks C-vitamiiniks ja avaldab k\u00f5iki kolme...","og_url":"https:\/\/idakorea.ee\/fi\/product\/vitamiini-seerum-bioheal-boh-vitamin-toning-melasma-serum-30ml\/","og_site_name":"IDA.KOREA","article_modified_time":"2026-01-30T14:06:19+00:00","og_image":[{"width":600,"height":600,"url":"https:\/\/idakorea.ee\/wp-content\/uploads\/2024\/10\/1074452412-600x600-1.jpg","type":"image\/jpeg"}],"twitter_card":"summary_large_image","twitter_misc":{"Arvioitu lukuaika":"2 minuuttia"},"schema":{"@context":"https:\/\/schema.org","@graph":[{"@type":"WebPage","@id":"https:\/\/idakorea.ee\/product\/vitamiini-seerum-bioheal-boh-vitamin-toning-melasma-serum-30ml\/","url":"https:\/\/idakorea.ee\/product\/vitamiini-seerum-bioheal-boh-vitamin-toning-melasma-serum-30ml\/","name":"Vitamiiniseerumi Bioheal Boh Vitamin Toning Melasma Serum, 30ml - IT\u00c4-KOREA","isPartOf":{"@id":"https:\/\/idakorea.ee\/#website"},"primaryImageOfPage":{"@id":"https:\/\/idakorea.ee\/product\/vitamiini-seerum-bioheal-boh-vitamin-toning-melasma-serum-30ml\/#primaryimage"},"image":{"@id":"https:\/\/idakorea.ee\/product\/vitamiini-seerum-bioheal-boh-vitamin-toning-melasma-serum-30ml\/#primaryimage"},"thumbnailUrl":"https:\/\/idakorea.ee\/wp-content\/uploads\/2024\/10\/1074452412-600x600-1.jpg","datePublished":"2024-10-15T15:22:43+00:00","dateModified":"2026-01-30T14:06:19+00:00","breadcrumb":{"@id":"https:\/\/idakorea.ee\/product\/vitamiini-seerum-bioheal-boh-vitamin-toning-melasma-serum-30ml\/#breadcrumb"},"inLanguage":"fi","potentialAction":[{"@type":"ReadAction","target":["https:\/\/idakorea.ee\/product\/vitamiini-seerum-bioheal-boh-vitamin-toning-melasma-serum-30ml\/"]}]},{"@type":"ImageObject","inLanguage":"fi","@id":"https:\/\/idakorea.ee\/product\/vitamiini-seerum-bioheal-boh-vitamin-toning-melasma-serum-30ml\/#primaryimage","url":"https:\/\/idakorea.ee\/wp-content\/uploads\/2024\/10\/1074452412-600x600-1.jpg","contentUrl":"https:\/\/idakorea.ee\/wp-content\/uploads\/2024\/10\/1074452412-600x600-1.jpg","width":600,"height":600,"caption":"Bioheal Boh Vitamin"},{"@type":"BreadcrumbList","@id":"https:\/\/idakorea.ee\/product\/vitamiini-seerum-bioheal-boh-vitamin-toning-melasma-serum-30ml\/#breadcrumb","itemListElement":[{"@type":"ListItem","position":1,"name":"\u0413\u043b\u0430\u0432\u043d\u0430\u044f \u0441\u0442\u0440\u0430\u043d\u0438\u0446\u0430","item":"https:\/\/idakorea.ee\/"},{"@type":"ListItem","position":2,"name":"Shop","item":"https:\/\/idakorea.ee\/shop-2\/"},{"@type":"ListItem","position":3,"name":"Vitamiini seerum Bioheal Boh Vitamin Toning Melasma Serum, 30ml"}]},{"@type":"WebSite","@id":"https:\/\/idakorea.ee\/#website","url":"https:\/\/idakorea.ee\/","name":"IDA.KOREA","description":"Korean kosmetiikan verkkokauppa","publisher":{"@id":"https:\/\/idakorea.ee\/#organization"},"alternateName":"Beauty Shop","potentialAction":[{"@type":"SearchAction","target":{"@type":"EntryPoint","urlTemplate":"https:\/\/idakorea.ee\/?s={search_term_string}"},"query-input":{"@type":"PropertyValueSpecification","valueRequired":true,"valueName":"search_term_string"}}],"inLanguage":"fi"},{"@type":"Organization","@id":"https:\/\/idakorea.ee\/#organization","name":"IDA.KOREA","url":"https:\/\/idakorea.ee\/","logo":{"@type":"ImageObject","inLanguage":"fi","@id":"https:\/\/idakorea.ee\/#\/schema\/logo\/image\/","url":"https:\/\/idakorea.ee\/wp-content\/uploads\/2024\/05\/cropped-korea3.png","contentUrl":"https:\/\/idakorea.ee\/wp-content\/uploads\/2024\/05\/cropped-korea3.png","width":688,"height":126,"caption":"IDA.KOREA"},"image":{"@id":"https:\/\/idakorea.ee\/#\/schema\/logo\/image\/"},"sameAs":["https:\/\/www.instagram.com\/ida.korea\/"]}]}},"jetpack_sharing_enabled":true,"brands":[{"id":479,"name":"BIOHEAL BOH","slug":"bioheal-boh"}],"_links":{"self":[{"href":"https:\/\/idakorea.ee\/fi\/wp-json\/wp\/v2\/product\/10902","targetHints":{"allow":["GET"]}}],"collection":[{"href":"https:\/\/idakorea.ee\/fi\/wp-json\/wp\/v2\/product"}],"about":[{"href":"https:\/\/idakorea.ee\/fi\/wp-json\/wp\/v2\/types\/product"}],"replies":[{"embeddable":true,"href":"https:\/\/idakorea.ee\/fi\/wp-json\/wp\/v2\/comments?post=10902"}],"version-history":[{"count":2,"href":"https:\/\/idakorea.ee\/fi\/wp-json\/wp\/v2\/product\/10902\/revisions"}],"predecessor-version":[{"id":13230,"href":"https:\/\/idakorea.ee\/fi\/wp-json\/wp\/v2\/product\/10902\/revisions\/13230"}],"wp:featuredmedia":[{"embeddable":true,"href":"https:\/\/idakorea.ee\/fi\/wp-json\/wp\/v2\/media\/10903"}],"wp:attachment":[{"href":"https:\/\/idakorea.ee\/fi\/wp-json\/wp\/v2\/media?parent=10902"}],"wp:term":[{"taxonomy":"pwb-brand","embeddable":true,"href":"https:\/\/idakorea.ee\/fi\/wp-json\/wp\/v2\/pwb-brand?post=10902"},{"taxonomy":"product_brand","embeddable":true,"href":"https:\/\/idakorea.ee\/fi\/wp-json\/wp\/v2\/product_brand?post=10902"},{"taxonomy":"product_cat","embeddable":true,"href":"https:\/\/idakorea.ee\/fi\/wp-json\/wp\/v2\/product_cat?post=10902"},{"taxonomy":"product_tag","embeddable":true,"href":"https:\/\/idakorea.ee\/fi\/wp-json\/wp\/v2\/product_tag?post=10902"}],"curies":[{"name":"wp","href":"https:\/\/api.w.org\/{rel}","templated":true}]}}