{"id":10907,"date":"2024-10-16T12:24:44","date_gmt":"2024-10-16T09:24:44","guid":{"rendered":"https:\/\/idakorea.ee\/?post_type=product&#038;p=10907"},"modified":"2026-01-30T16:06:11","modified_gmt":"2026-01-30T14:06:11","slug":"modelleeriv-mask-dr-jart-cryo-rubber-with-brightening-vitamin-c","status":"publish","type":"product","link":"https:\/\/idakorea.ee\/fi\/product\/modelleeriv-mask-dr-jart-cryo-rubber-with-brightening-vitamin-c\/","title":{"rendered":"Modelleeriv naamio Dr.Jart+ Cryo Rubber With Brightening C-vitamiini"},"content":{"rendered":"<p>Ihon s\u00e4vy\u00e4 tasoittava mallintava naamio <strong>Dr.Jart+ Cryo Rubber kirkastavalla C-vitamiinilla<\/strong> on alginaattinaamion muodossa, jota ei tarvitse sekoittaa, vaan se yksinkertaisesti asetetaan kasvoille.<\/p>\n<p>Tuote muuttaa ihoa v\u00e4litt\u00f6m\u00e4sti, ravitsee sit\u00e4 kosteudella ja aktiivisilla ainesosilla, virkist\u00e4\u00e4, kirkastaa ihon s\u00e4vy\u00e4 hell\u00e4varaisesti, parantaa ja raikastaa ihoa sek\u00e4 auttaa torjumaan sameutta ja pigmenttimuutoksia.<\/p>\n<p><b>Kaksivaiheinen mallinaamion levitysj\u00e4rjestelm\u00e4:<\/b><\/p>\n<p>1. Eritt\u00e4in tiivistetty ampulliseerumi.<br \/>\nTuote on tarkoitettu ihon syv\u00e4\u00e4n ja intensiiviseen kosteuttamiseen, kuivuuden ja nestehukan ehk\u00e4isyyn, kiinteytt\u00e4miseen ja luonnollisen hehkun palauttamiseen.<\/p>\n<p>Vitamiinikompleksi kirkastaa ja tasoittaa tehokkaasti ihon s\u00e4vy\u00e4, parantaa ihonv\u00e4ri\u00e4 poistaen sameutta ja harmautta. Lis\u00e4\u00e4 ihon vahvuutta ja kimmoisuutta sek\u00e4 hidastaa ik\u00e4\u00e4ntymisprosessia.<\/p>\n<p>2. Mallintava alginaattinaamio.<br \/>\nNaamio kiinnittyy eritt\u00e4in tiiviisti ihoon ja my\u00f6t\u00e4ilee tarkasti kasvojen muotoja.<\/p>\n<p>J\u00e4\u00e4dytetyn alginaattinaamion erityinen koostumus lukitsee tehokkaasti kaikki aktiiviset ainesosat ihoon, jolloin ne p\u00e4\u00e4sev\u00e4t tunkeutumaan mahdollisimman syv\u00e4lle ja imeytym\u00e4\u00e4n paremmin, mik\u00e4 lis\u00e4\u00e4 tuotteiden tehoa ja est\u00e4\u00e4 niiden haihtumisen. Vuorovaikutuksessa ihon l\u00e4mm\u00f6n kanssa naamio viilent\u00e4\u00e4 hieman ja lievitt\u00e4\u00e4 \u00e4rsytyst\u00e4.<\/p>\n<p><b>T\u00e4rkeimm\u00e4t vaikuttavat aineet:<\/b><\/p>\n<p><b>A-vitamiini \u2013 <\/b>on voimakas antioksidanttipotentiaali, pehment\u00e4\u00e4 ihoa, lis\u00e4\u00e4 sen kimmoisuutta ja auttaa tasoittamaan pieni\u00e4 ryppyj\u00e4.<\/p>\n<p><b>B-vitamiini \u2013 <\/b>nopeuttaa solujen uusiutumista, v\u00e4hent\u00e4\u00e4 ryppyjen m\u00e4\u00e4r\u00e4\u00e4, kosteuttaa ja supistaa ihohuokosia, suojaa vapailta radikaaleilta.<\/p>\n<p><b>C-vitamiini \u2013 <\/b>kirkastaa hell\u00e4varaisesti, on voimakas antioksidantti, poistaa aknen j\u00e4lkeisi\u00e4 l\u00e4iski\u00e4 ja pisamia sek\u00e4 lievitt\u00e4\u00e4 ihon punoitusta.<\/p>\n<p><b>Greipin uute \u2013 <\/b>auttaa parantamaan ihonv\u00e4ri\u00e4, vaikuttaa my\u00f6nteisesti kaikkiin ihotyyppeihin, normalisoi talirauhasten erityst\u00e4, supistaa ihohuokosia ja lis\u00e4\u00e4 ihon turgoria.<\/p>\n<p><b>Merilev\u00e4uute \u2013 <\/b>Suojaa ihoa haitallisilta ulkoisilta aggressiivisilta vaikutuksilta. Parantaa kollageenisynteesi\u00e4, antaa iholle kimmoisuutta ja s\u00e4vy\u00e4, kosteuttaa ja pehment\u00e4\u00e4 sit\u00e4.<\/p>\n<p>&nbsp;<\/p>\n<p>&nbsp;<\/p>","protected":false},"excerpt":{"rendered":"<p>Dr.Jart+ Cryo Rubber With Brightening Vitamin C on ihon s\u00e4vy\u00e4 tasoittava mallinnusnaamio alginaattinaamion muodossa, jota ei tarvitse sekoittaa, vaan vain levitt\u00e4\u00e4 kasvoille. Tuote muuttaa ihoa v\u00e4litt\u00f6m\u00e4sti, ravitsee sit\u00e4 kosteudella ja aktiivisilla ainesosilla, s\u00e4vytt\u00e4\u00e4, kirkastaa hell\u00e4varaisesti ihon yleist\u00e4 s\u00e4vy\u00e4, parantaa ja virkist\u00e4\u00e4 ihon s\u00e4vy\u00e4, auttaa torjumaan sameutta ja pigmenttil\u00e4iski\u00e4. 2-vaiheinen mallinnusnaamion levitysj\u00e4rjestelm\u00e4: 1. Eritt\u00e4in tiivis ampulli seerumi.....<\/p>","protected":false},"featured_media":10908,"comment_status":"open","ping_status":"closed","template":"","meta":{"_uf_show_specific_survey":0,"_uf_disable_surveys":false,"_bst_post_transparent":"default","_bst_post_title":"","_bst_post_layout":"default","_bst_post_sidebar_id":"","_bst_post_content_style":"default","_bst_post_vertical_padding":"default","_bst_post_feature":"","_bst_post_feature_position":"","_bst_post_header":false,"_bst_post_footer":false},"pwb-brand":[482],"product_brand":[],"product_cat":[92,98],"product_tag":[603,634],"class_list":{"0":"post-10907","1":"product","2":"type-product","3":"status-publish","4":"has-post-thumbnail","6":"pwb-brand-dr-jart","7":"product_cat-nagu","8":"product_cat-naomaskid","9":"product_tag-dr-jart","10":"product_tag-vitamin-c","12":"first","13":"outofstock","14":"sale","15":"shipping-taxable","16":"purchasable","17":"product-type-simple","18":"entry","19":"content-bg","20":"loop-entry"},"supplier_id":null,"supplier_sku":"","barcode":null,"atum_controlled":true,"out_stock_date":null,"out_stock_threshold":null,"inheritable":false,"inbound_stock":0,"stock_on_hold":0,"sold_today":0,"sales_last_days":0,"out_stock_days":0,"lost_sales":0,"has_location":false,"update_date":"2026-04-15T00:05:12","atum_locations":[],"atum_stock_status":"outofstock","restock_status":false,"low_stock_amount":"","sales_update_date":"2026-04-15T00:05:12","calc_backorders":null,"yoast_head":"<!-- This site is optimized with the Yoast SEO plugin v27.2 - https:\/\/yoast.com\/product\/yoast-seo-wordpress\/ -->\n<title>Modelleeriv mask Dr.Jart+ Cryo Rubber With Brightening Vitamin C - IDA.KOREA<\/title>\n<meta name=\"robots\" content=\"index, follow, max-snippet:-1, max-image-preview:large, max-video-preview:-1\" \/>\n<link rel=\"canonical\" href=\"https:\/\/idakorea.ee\/fi\/product\/modelleeriv-mask-dr-jart-cryo-rubber-with-brightening-vitamin-c\/\" \/>\n<meta property=\"og:locale\" content=\"fi_FI\" \/>\n<meta property=\"og:type\" content=\"article\" \/>\n<meta property=\"og:title\" content=\"Modelleeriv mask Dr.Jart+ Cryo Rubber With Brightening Vitamin C - IDA.KOREA\" \/>\n<meta property=\"og:description\" content=\"Modelleeriv mask naha tooni \u00fchtlustamiseks Dr.Jart+ Cryo Rubber With Brightening Vitamin C on alginaatmaski kujul, mida ei pea segama, vaid lihtsalt n\u00e4ole asetama. Toode muudab nahka koheselt, toidab seda niiskuse ja toimeainetega, toniseerib, helendab \u00f5rnalt \u00fcldist nahatooni, parandab ja v\u00e4rskendab jume, aitab v\u00f5idelda tuhmuse ja pigmentatsiooni vastu. 2-astmeline modelleeriva maski pealekandmise s\u00fcsteem: 1. K\u00f5rgkontsentreeritud ampull-seerum....\" \/>\n<meta property=\"og:url\" content=\"https:\/\/idakorea.ee\/fi\/product\/modelleeriv-mask-dr-jart-cryo-rubber-with-brightening-vitamin-c\/\" \/>\n<meta property=\"og:site_name\" content=\"IDA.KOREA\" \/>\n<meta property=\"article:modified_time\" content=\"2026-01-30T14:06:11+00:00\" \/>\n<meta property=\"og:image\" content=\"https:\/\/idakorea.ee\/wp-content\/uploads\/2024\/10\/cryo11.jpg\" \/>\n\t<meta property=\"og:image:width\" content=\"840\" \/>\n\t<meta property=\"og:image:height\" content=\"868\" \/>\n\t<meta property=\"og:image:type\" content=\"image\/jpeg\" \/>\n<meta name=\"twitter:card\" content=\"summary_large_image\" \/>\n<meta name=\"twitter:label1\" content=\"Arvioitu lukuaika\" \/>\n\t<meta name=\"twitter:data1\" content=\"2 minuuttia\" \/>\n<script type=\"application\/ld+json\" class=\"yoast-schema-graph\">{\"@context\":\"https:\/\/schema.org\",\"@graph\":[{\"@type\":\"WebPage\",\"@id\":\"https:\/\/idakorea.ee\/product\/modelleeriv-mask-dr-jart-cryo-rubber-with-brightening-vitamin-c\/\",\"url\":\"https:\/\/idakorea.ee\/product\/modelleeriv-mask-dr-jart-cryo-rubber-with-brightening-vitamin-c\/\",\"name\":\"Modelleeriv mask Dr.Jart+ Cryo Rubber With Brightening Vitamin C - IDA.KOREA\",\"isPartOf\":{\"@id\":\"https:\/\/idakorea.ee\/#website\"},\"primaryImageOfPage\":{\"@id\":\"https:\/\/idakorea.ee\/product\/modelleeriv-mask-dr-jart-cryo-rubber-with-brightening-vitamin-c\/#primaryimage\"},\"image\":{\"@id\":\"https:\/\/idakorea.ee\/product\/modelleeriv-mask-dr-jart-cryo-rubber-with-brightening-vitamin-c\/#primaryimage\"},\"thumbnailUrl\":\"https:\/\/idakorea.ee\/wp-content\/uploads\/2024\/10\/cryo11.jpg\",\"datePublished\":\"2024-10-16T09:24:44+00:00\",\"dateModified\":\"2026-01-30T14:06:11+00:00\",\"breadcrumb\":{\"@id\":\"https:\/\/idakorea.ee\/product\/modelleeriv-mask-dr-jart-cryo-rubber-with-brightening-vitamin-c\/#breadcrumb\"},\"inLanguage\":\"fi\",\"potentialAction\":[{\"@type\":\"ReadAction\",\"target\":[\"https:\/\/idakorea.ee\/product\/modelleeriv-mask-dr-jart-cryo-rubber-with-brightening-vitamin-c\/\"]}]},{\"@type\":\"ImageObject\",\"inLanguage\":\"fi\",\"@id\":\"https:\/\/idakorea.ee\/product\/modelleeriv-mask-dr-jart-cryo-rubber-with-brightening-vitamin-c\/#primaryimage\",\"url\":\"https:\/\/idakorea.ee\/wp-content\/uploads\/2024\/10\/cryo11.jpg\",\"contentUrl\":\"https:\/\/idakorea.ee\/wp-content\/uploads\/2024\/10\/cryo11.jpg\",\"width\":840,\"height\":868},{\"@type\":\"BreadcrumbList\",\"@id\":\"https:\/\/idakorea.ee\/product\/modelleeriv-mask-dr-jart-cryo-rubber-with-brightening-vitamin-c\/#breadcrumb\",\"itemListElement\":[{\"@type\":\"ListItem\",\"position\":1,\"name\":\"\u0413\u043b\u0430\u0432\u043d\u0430\u044f \u0441\u0442\u0440\u0430\u043d\u0438\u0446\u0430\",\"item\":\"https:\/\/idakorea.ee\/\"},{\"@type\":\"ListItem\",\"position\":2,\"name\":\"Shop\",\"item\":\"https:\/\/idakorea.ee\/shop-2\/\"},{\"@type\":\"ListItem\",\"position\":3,\"name\":\"Modelleeriv mask Dr.Jart+ Cryo Rubber With Brightening Vitamin C\"}]},{\"@type\":\"WebSite\",\"@id\":\"https:\/\/idakorea.ee\/#website\",\"url\":\"https:\/\/idakorea.ee\/\",\"name\":\"IDA.KOREA\",\"description\":\"Korea kosmeetika e-pood\",\"publisher\":{\"@id\":\"https:\/\/idakorea.ee\/#organization\"},\"alternateName\":\"Beauty Shop\",\"potentialAction\":[{\"@type\":\"SearchAction\",\"target\":{\"@type\":\"EntryPoint\",\"urlTemplate\":\"https:\/\/idakorea.ee\/?s={search_term_string}\"},\"query-input\":{\"@type\":\"PropertyValueSpecification\",\"valueRequired\":true,\"valueName\":\"search_term_string\"}}],\"inLanguage\":\"fi\"},{\"@type\":\"Organization\",\"@id\":\"https:\/\/idakorea.ee\/#organization\",\"name\":\"IDA.KOREA\",\"url\":\"https:\/\/idakorea.ee\/\",\"logo\":{\"@type\":\"ImageObject\",\"inLanguage\":\"fi\",\"@id\":\"https:\/\/idakorea.ee\/#\/schema\/logo\/image\/\",\"url\":\"https:\/\/idakorea.ee\/wp-content\/uploads\/2024\/05\/cropped-korea3.png\",\"contentUrl\":\"https:\/\/idakorea.ee\/wp-content\/uploads\/2024\/05\/cropped-korea3.png\",\"width\":688,\"height\":126,\"caption\":\"IDA.KOREA\"},\"image\":{\"@id\":\"https:\/\/idakorea.ee\/#\/schema\/logo\/image\/\"},\"sameAs\":[\"https:\/\/www.instagram.com\/ida.korea\/\"]}]}<\/script>\n<!-- \/ Yoast SEO plugin. -->","yoast_head_json":{"title":"Dr.Jart+ Cryo Rubber -mallinaamio kirkastavalla C-vitamiinilla - IDA.KOREA","robots":{"index":"index","follow":"follow","max-snippet":"max-snippet:-1","max-image-preview":"max-image-preview:large","max-video-preview":"max-video-preview:-1"},"canonical":"https:\/\/idakorea.ee\/fi\/product\/modelleeriv-mask-dr-jart-cryo-rubber-with-brightening-vitamin-c\/","og_locale":"fi_FI","og_type":"article","og_title":"Modelleeriv mask Dr.Jart+ Cryo Rubber With Brightening Vitamin C - IDA.KOREA","og_description":"Modelleeriv mask naha tooni \u00fchtlustamiseks Dr.Jart+ Cryo Rubber With Brightening Vitamin C on alginaatmaski kujul, mida ei pea segama, vaid lihtsalt n\u00e4ole asetama. Toode muudab nahka koheselt, toidab seda niiskuse ja toimeainetega, toniseerib, helendab \u00f5rnalt \u00fcldist nahatooni, parandab ja v\u00e4rskendab jume, aitab v\u00f5idelda tuhmuse ja pigmentatsiooni vastu. 2-astmeline modelleeriva maski pealekandmise s\u00fcsteem: 1. K\u00f5rgkontsentreeritud ampull-seerum....","og_url":"https:\/\/idakorea.ee\/fi\/product\/modelleeriv-mask-dr-jart-cryo-rubber-with-brightening-vitamin-c\/","og_site_name":"IDA.KOREA","article_modified_time":"2026-01-30T14:06:11+00:00","og_image":[{"width":840,"height":868,"url":"https:\/\/idakorea.ee\/wp-content\/uploads\/2024\/10\/cryo11.jpg","type":"image\/jpeg"}],"twitter_card":"summary_large_image","twitter_misc":{"Arvioitu lukuaika":"2 minuuttia"},"schema":{"@context":"https:\/\/schema.org","@graph":[{"@type":"WebPage","@id":"https:\/\/idakorea.ee\/product\/modelleeriv-mask-dr-jart-cryo-rubber-with-brightening-vitamin-c\/","url":"https:\/\/idakorea.ee\/product\/modelleeriv-mask-dr-jart-cryo-rubber-with-brightening-vitamin-c\/","name":"Dr.Jart+ Cryo Rubber -mallinaamio kirkastavalla C-vitamiinilla - IDA.KOREA","isPartOf":{"@id":"https:\/\/idakorea.ee\/#website"},"primaryImageOfPage":{"@id":"https:\/\/idakorea.ee\/product\/modelleeriv-mask-dr-jart-cryo-rubber-with-brightening-vitamin-c\/#primaryimage"},"image":{"@id":"https:\/\/idakorea.ee\/product\/modelleeriv-mask-dr-jart-cryo-rubber-with-brightening-vitamin-c\/#primaryimage"},"thumbnailUrl":"https:\/\/idakorea.ee\/wp-content\/uploads\/2024\/10\/cryo11.jpg","datePublished":"2024-10-16T09:24:44+00:00","dateModified":"2026-01-30T14:06:11+00:00","breadcrumb":{"@id":"https:\/\/idakorea.ee\/product\/modelleeriv-mask-dr-jart-cryo-rubber-with-brightening-vitamin-c\/#breadcrumb"},"inLanguage":"fi","potentialAction":[{"@type":"ReadAction","target":["https:\/\/idakorea.ee\/product\/modelleeriv-mask-dr-jart-cryo-rubber-with-brightening-vitamin-c\/"]}]},{"@type":"ImageObject","inLanguage":"fi","@id":"https:\/\/idakorea.ee\/product\/modelleeriv-mask-dr-jart-cryo-rubber-with-brightening-vitamin-c\/#primaryimage","url":"https:\/\/idakorea.ee\/wp-content\/uploads\/2024\/10\/cryo11.jpg","contentUrl":"https:\/\/idakorea.ee\/wp-content\/uploads\/2024\/10\/cryo11.jpg","width":840,"height":868},{"@type":"BreadcrumbList","@id":"https:\/\/idakorea.ee\/product\/modelleeriv-mask-dr-jart-cryo-rubber-with-brightening-vitamin-c\/#breadcrumb","itemListElement":[{"@type":"ListItem","position":1,"name":"\u0413\u043b\u0430\u0432\u043d\u0430\u044f \u0441\u0442\u0440\u0430\u043d\u0438\u0446\u0430","item":"https:\/\/idakorea.ee\/"},{"@type":"ListItem","position":2,"name":"Shop","item":"https:\/\/idakorea.ee\/shop-2\/"},{"@type":"ListItem","position":3,"name":"Modelleeriv mask Dr.Jart+ Cryo Rubber With Brightening Vitamin C"}]},{"@type":"WebSite","@id":"https:\/\/idakorea.ee\/#website","url":"https:\/\/idakorea.ee\/","name":"IDA.KOREA","description":"Korean kosmetiikan verkkokauppa","publisher":{"@id":"https:\/\/idakorea.ee\/#organization"},"alternateName":"Beauty Shop","potentialAction":[{"@type":"SearchAction","target":{"@type":"EntryPoint","urlTemplate":"https:\/\/idakorea.ee\/?s={search_term_string}"},"query-input":{"@type":"PropertyValueSpecification","valueRequired":true,"valueName":"search_term_string"}}],"inLanguage":"fi"},{"@type":"Organization","@id":"https:\/\/idakorea.ee\/#organization","name":"IDA.KOREA","url":"https:\/\/idakorea.ee\/","logo":{"@type":"ImageObject","inLanguage":"fi","@id":"https:\/\/idakorea.ee\/#\/schema\/logo\/image\/","url":"https:\/\/idakorea.ee\/wp-content\/uploads\/2024\/05\/cropped-korea3.png","contentUrl":"https:\/\/idakorea.ee\/wp-content\/uploads\/2024\/05\/cropped-korea3.png","width":688,"height":126,"caption":"IDA.KOREA"},"image":{"@id":"https:\/\/idakorea.ee\/#\/schema\/logo\/image\/"},"sameAs":["https:\/\/www.instagram.com\/ida.korea\/"]}]}},"jetpack_sharing_enabled":true,"brands":[{"id":482,"name":"DR.JART+","slug":"dr-jart"}],"_links":{"self":[{"href":"https:\/\/idakorea.ee\/fi\/wp-json\/wp\/v2\/product\/10907","targetHints":{"allow":["GET"]}}],"collection":[{"href":"https:\/\/idakorea.ee\/fi\/wp-json\/wp\/v2\/product"}],"about":[{"href":"https:\/\/idakorea.ee\/fi\/wp-json\/wp\/v2\/types\/product"}],"replies":[{"embeddable":true,"href":"https:\/\/idakorea.ee\/fi\/wp-json\/wp\/v2\/comments?post=10907"}],"version-history":[{"count":3,"href":"https:\/\/idakorea.ee\/fi\/wp-json\/wp\/v2\/product\/10907\/revisions"}],"predecessor-version":[{"id":10913,"href":"https:\/\/idakorea.ee\/fi\/wp-json\/wp\/v2\/product\/10907\/revisions\/10913"}],"wp:featuredmedia":[{"embeddable":true,"href":"https:\/\/idakorea.ee\/fi\/wp-json\/wp\/v2\/media\/10908"}],"wp:attachment":[{"href":"https:\/\/idakorea.ee\/fi\/wp-json\/wp\/v2\/media?parent=10907"}],"wp:term":[{"taxonomy":"pwb-brand","embeddable":true,"href":"https:\/\/idakorea.ee\/fi\/wp-json\/wp\/v2\/pwb-brand?post=10907"},{"taxonomy":"product_brand","embeddable":true,"href":"https:\/\/idakorea.ee\/fi\/wp-json\/wp\/v2\/product_brand?post=10907"},{"taxonomy":"product_cat","embeddable":true,"href":"https:\/\/idakorea.ee\/fi\/wp-json\/wp\/v2\/product_cat?post=10907"},{"taxonomy":"product_tag","embeddable":true,"href":"https:\/\/idakorea.ee\/fi\/wp-json\/wp\/v2\/product_tag?post=10907"}],"curies":[{"name":"wp","href":"https:\/\/api.w.org\/{rel}","templated":true}]}}