{"id":10925,"date":"2024-10-18T14:07:44","date_gmt":"2024-10-18T11:07:44","guid":{"rendered":"https:\/\/idakorea.ee\/?post_type=product&#038;p=10925"},"modified":"2026-02-23T17:40:03","modified_gmt":"2026-02-23T15:40:03","slug":"rahustav-medi-peel-cica-nol-ampoule-mask","status":"publish","type":"product","link":"https:\/\/idakorea.ee\/fi\/product\/rahustav-medi-peel-cica-nol-ampoule-mask\/","title":{"rendered":"Rauhoittava Medi Peel Cica-Nol Ampulli naamio"},"content":{"rendered":"<p>Luonnollisista ainesosista, kuten arvokkaasta aasialaisen lumpeen uutteesta, valmistettu naamio toimii solutasolla stimuloiden ihon uusiutumista, v\u00e4hent\u00e4en tulehdusta ja punoitusta. Se on t\u00e4ydellinen ratkaisu niille, jotka etsiv\u00e4t keinoa torjua v\u00e4symyst\u00e4, stressi\u00e4 tai kaupunkiymp\u00e4rist\u00f6n vaikutuksia.<\/p>\n<p>Herk\u00e4lle, akneen taipuvaiselle tai muille iho-ongelmille <strong>Medi Peel Cica-Nol Ampoule Mask<\/strong> Todellinen pelastaja. Se ei ainoastaan paranna ihon ulkon\u00e4k\u00f6\u00e4, vaan antaa my\u00f6s mukavuuden, raikkauden ja suojan tunteen.<\/p>\n<p>Kuvittele, kuinka stressaavan p\u00e4iv\u00e4n j\u00e4lkeen ihosi saa ansaitsemaansa ravintoa ja hoitoa t\u00e4m\u00e4n naamion avulla. Tehokkuus, turvallisuus ja luonnollisuus \u2013 n\u00e4m\u00e4 tulokset saavutat MediPeel Cica-Nol -ampullinaamiolla. \u00c4l\u00e4 missaa tilaisuutta tarjota ihollesi parasta!<\/p>\n<p>Mit\u00e4 ongelmia se ratkaisee:<\/p>\n<p>\u2013 \u00c4rsytys ja punoitus<br \/>\n\u2013 Kuivuus ja kireys<br \/>\n\u2013 Tulehdus ja punoitus<br \/>\n\u2013 V\u00e4hentynyt elastisuus<br \/>\n\u2013 Ep\u00e4tasainen ihon s\u00e4vy<br \/>\n\u2013 V\u00e4symyksen merkkej\u00e4<br \/>\n\u2013 Suurentuneet ihohuokoset<br \/>\n\u2013 Ravinteiden puute ihossa<\/p>\n<p><strong>Koostumus:<\/strong><\/p>\n<p>Centellan nelj\u00e4 vaikuttavaa ainesosaa (centella, asiatikosidi, aasiahappo ja madekassosidihappo) rauhoittavat ihoa syv\u00e4lt\u00e4. CICA-kompleksi tunnetaan tehokkaista tulehdusta ehk\u00e4isevist\u00e4, rauhoittavista ja uudistavista ominaisuuksistaan. Se aktivoi solujen mikroverenkiertoa, vahvistaa kapillaareja ja verisuonia. Centella toimii voimakkaana antioksidanttina ja suojaa ihoa vapaiden radikaalien haitallisilta vaikutuksilta.<\/p>\n<p>Pantenoli stimuloi ihon omaa kosteussuojaa pit\u00e4en sen optimaalisessa kunnossa ja suojaten sit\u00e4 ulkoisilta tekij\u00f6ilt\u00e4. Pantenolilla on voimakkaat kosteuttavat ja pehment\u00e4v\u00e4t ominaisuudet, se lievitt\u00e4\u00e4 tulehdusta ja \u00e4rsytyst\u00e4 sek\u00e4 edist\u00e4\u00e4 mikrovaurioiden aktiivista paranemista.<\/p>\n<p>Tuote sis\u00e4lt\u00e4\u00e4 nelj\u00e4 patentoitua komponenttia (aminohappokompleksi, talirauhasten toimintaa est\u00e4v\u00e4 R, aquaxyl, luonnollinen suoja), joiden tarkoituksena on puhdistaa ihohuokoset tehokkaasti ja rikastuttaa ihoa ravinteilla.<\/p>\n<p>Koostumus sis\u00e4lt\u00e4\u00e4 Ranskassa tuotettua hydrolysoitua kollageenia ja kahdeksaa hyaluronihapon muotoa, jotka kosteuttavat ja ravitsevat ihoa syv\u00e4lt\u00e4. N\u00e4m\u00e4 komponentit auttavat s\u00e4ilytt\u00e4m\u00e4\u00e4n kosteuden ihosoluissa ja tasapainottamaan vesi-rasva-aineenvaihduntaa, est\u00e4en ihon kuivumisen ja tukien sen kimmoisuutta ja nuorekkuutta.<\/p>\n<p>&nbsp;<\/p>\n<p><strong>K\u00e4ytt\u00f6:<\/strong> Ota naamio pakkauksesta ja aseta se tiiviisti puhdistetulle ja kosteutetulle kasvoille. Odota 10\u201320 minuuttia ja poista naamio. Anna aineen imeyty\u00e4 taputtelemalla ihoa kevyesti sormenp\u00e4ill\u00e4.<\/p>","protected":false},"excerpt":{"rendered":"<p>Luonnollisista ainesosista, kuten arvokkaasta aasialaisesta Water Naba -uutteesta koostuva naamio toimii solutasolla stimuloiden ihon uudistumista, v\u00e4hent\u00e4en tulehdusta ja punoitusta. Se on t\u00e4ydellinen ratkaisu niille, jotka etsiv\u00e4t keinoa torjua v\u00e4symyksen, stressin tai kaupunkiymp\u00e4rist\u00f6n vaikutuksia. Herk\u00e4st\u00e4, akneen tai muihin iho-ongelmiin taipuvaisesta ihosta k\u00e4rsiville Medi Peel Cica-Nol Ampoule Mask on todellinen pelastaja. Se ei ainoastaan...<\/p>","protected":false},"featured_media":10928,"comment_status":"open","ping_status":"closed","template":"","meta":{"_uf_show_specific_survey":0,"_uf_disable_surveys":false,"_bst_post_transparent":"default","_bst_post_title":"","_bst_post_layout":"default","_bst_post_sidebar_id":"","_bst_post_content_style":"default","_bst_post_vertical_padding":"default","_bst_post_feature":"","_bst_post_feature_position":"","_bst_post_header":false,"_bst_post_footer":false},"pwb-brand":[107],"product_brand":[],"product_cat":[92,98],"product_tag":[],"class_list":{"0":"post-10925","1":"product","2":"type-product","3":"status-publish","4":"has-post-thumbnail","6":"pwb-brand-medipeel","7":"product_cat-nagu","8":"product_cat-naomaskid","10":"first","11":"instock","12":"sale","13":"shipping-taxable","14":"purchasable","15":"product-type-simple","16":"entry","17":"content-bg","18":"loop-entry"},"supplier_id":null,"supplier_sku":"","barcode":null,"atum_controlled":true,"out_stock_date":null,"out_stock_threshold":null,"inheritable":false,"inbound_stock":0,"stock_on_hold":0,"sold_today":0,"sales_last_days":0,"out_stock_days":0,"lost_sales":0,"has_location":false,"update_date":"2026-04-14T00:05:08","atum_locations":[],"atum_stock_status":"instock","restock_status":false,"low_stock_amount":"","sales_update_date":"2026-04-14T00:05:08","calc_backorders":null,"yoast_head":"<!-- This site is optimized with the Yoast SEO plugin v27.2 - https:\/\/yoast.com\/product\/yoast-seo-wordpress\/ -->\n<title>Rahustav Medi Peel Cica-Nol Ampoule Mask - IDA.KOREA<\/title>\n<meta name=\"description\" content=\"Looduslikest koostisosadest, sealhulgas v\u00e4\u00e4rtuslikust Aasia vesinaba ekstraktist loodud mask toimib rakutasandil, stimuleerides naha uuenemist, v\u00e4hendades p\u00f5letikku ja punetust. See on ideaalne lahendus neile, kes otsivad viisi v\u00e4simuse, stressi v\u00f5i linnakeskkonna m\u00f5jude vastu v\u00f5itlemiseks.\" \/>\n<meta name=\"robots\" content=\"index, follow, max-snippet:-1, max-image-preview:large, max-video-preview:-1\" \/>\n<link rel=\"canonical\" href=\"https:\/\/idakorea.ee\/fi\/product\/rahustav-medi-peel-cica-nol-ampoule-mask\/\" \/>\n<meta property=\"og:locale\" content=\"fi_FI\" \/>\n<meta property=\"og:type\" content=\"article\" \/>\n<meta property=\"og:title\" content=\"Rahustav Medi Peel Cica-Nol Ampoule Mask - IDA.KOREA\" \/>\n<meta property=\"og:description\" content=\"Looduslikest koostisosadest, sealhulgas v\u00e4\u00e4rtuslikust Aasia vesinaba ekstraktist loodud mask toimib rakutasandil, stimuleerides naha uuenemist, v\u00e4hendades p\u00f5letikku ja punetust. See on ideaalne lahendus neile, kes otsivad viisi v\u00e4simuse, stressi v\u00f5i linnakeskkonna m\u00f5jude vastu v\u00f5itlemiseks.\" \/>\n<meta property=\"og:url\" content=\"https:\/\/idakorea.ee\/fi\/product\/rahustav-medi-peel-cica-nol-ampoule-mask\/\" \/>\n<meta property=\"og:site_name\" content=\"IDA.KOREA\" \/>\n<meta property=\"article:modified_time\" content=\"2026-02-23T15:40:03+00:00\" \/>\n<meta property=\"og:image\" content=\"https:\/\/idakorea.ee\/wp-content\/uploads\/2024\/10\/cica.png\" \/>\n\t<meta property=\"og:image:width\" content=\"797\" \/>\n\t<meta property=\"og:image:height\" content=\"603\" \/>\n\t<meta property=\"og:image:type\" content=\"image\/png\" \/>\n<meta name=\"twitter:card\" content=\"summary_large_image\" \/>\n<meta name=\"twitter:label1\" content=\"Arvioitu lukuaika\" \/>\n\t<meta name=\"twitter:data1\" content=\"2 minuuttia\" \/>\n<script type=\"application\/ld+json\" class=\"yoast-schema-graph\">{\"@context\":\"https:\/\/schema.org\",\"@graph\":[{\"@type\":\"WebPage\",\"@id\":\"https:\/\/idakorea.ee\/product\/rahustav-medi-peel-cica-nol-ampoule-mask\/\",\"url\":\"https:\/\/idakorea.ee\/product\/rahustav-medi-peel-cica-nol-ampoule-mask\/\",\"name\":\"Rahustav Medi Peel Cica-Nol Ampoule Mask - IDA.KOREA\",\"isPartOf\":{\"@id\":\"https:\/\/idakorea.ee\/#website\"},\"primaryImageOfPage\":{\"@id\":\"https:\/\/idakorea.ee\/product\/rahustav-medi-peel-cica-nol-ampoule-mask\/#primaryimage\"},\"image\":{\"@id\":\"https:\/\/idakorea.ee\/product\/rahustav-medi-peel-cica-nol-ampoule-mask\/#primaryimage\"},\"thumbnailUrl\":\"https:\/\/idakorea.ee\/wp-content\/uploads\/2024\/10\/cica.png\",\"datePublished\":\"2024-10-18T11:07:44+00:00\",\"dateModified\":\"2026-02-23T15:40:03+00:00\",\"description\":\"Looduslikest koostisosadest, sealhulgas v\u00e4\u00e4rtuslikust Aasia vesinaba ekstraktist loodud mask toimib rakutasandil, stimuleerides naha uuenemist, v\u00e4hendades p\u00f5letikku ja punetust. See on ideaalne lahendus neile, kes otsivad viisi v\u00e4simuse, stressi v\u00f5i linnakeskkonna m\u00f5jude vastu v\u00f5itlemiseks.\",\"breadcrumb\":{\"@id\":\"https:\/\/idakorea.ee\/product\/rahustav-medi-peel-cica-nol-ampoule-mask\/#breadcrumb\"},\"inLanguage\":\"fi\",\"potentialAction\":[{\"@type\":\"ReadAction\",\"target\":[\"https:\/\/idakorea.ee\/product\/rahustav-medi-peel-cica-nol-ampoule-mask\/\"]}]},{\"@type\":\"ImageObject\",\"inLanguage\":\"fi\",\"@id\":\"https:\/\/idakorea.ee\/product\/rahustav-medi-peel-cica-nol-ampoule-mask\/#primaryimage\",\"url\":\"https:\/\/idakorea.ee\/wp-content\/uploads\/2024\/10\/cica.png\",\"contentUrl\":\"https:\/\/idakorea.ee\/wp-content\/uploads\/2024\/10\/cica.png\",\"width\":797,\"height\":603,\"caption\":\"medipeel cica nol mask\"},{\"@type\":\"BreadcrumbList\",\"@id\":\"https:\/\/idakorea.ee\/product\/rahustav-medi-peel-cica-nol-ampoule-mask\/#breadcrumb\",\"itemListElement\":[{\"@type\":\"ListItem\",\"position\":1,\"name\":\"\u0413\u043b\u0430\u0432\u043d\u0430\u044f \u0441\u0442\u0440\u0430\u043d\u0438\u0446\u0430\",\"item\":\"https:\/\/idakorea.ee\/\"},{\"@type\":\"ListItem\",\"position\":2,\"name\":\"Shop\",\"item\":\"https:\/\/idakorea.ee\/shop-2\/\"},{\"@type\":\"ListItem\",\"position\":3,\"name\":\"Rahustav Medi Peel Cica-Nol Ampoule Mask\"}]},{\"@type\":\"WebSite\",\"@id\":\"https:\/\/idakorea.ee\/#website\",\"url\":\"https:\/\/idakorea.ee\/\",\"name\":\"IDA.KOREA\",\"description\":\"Korea kosmeetika e-pood\",\"publisher\":{\"@id\":\"https:\/\/idakorea.ee\/#organization\"},\"alternateName\":\"Beauty Shop\",\"potentialAction\":[{\"@type\":\"SearchAction\",\"target\":{\"@type\":\"EntryPoint\",\"urlTemplate\":\"https:\/\/idakorea.ee\/?s={search_term_string}\"},\"query-input\":{\"@type\":\"PropertyValueSpecification\",\"valueRequired\":true,\"valueName\":\"search_term_string\"}}],\"inLanguage\":\"fi\"},{\"@type\":\"Organization\",\"@id\":\"https:\/\/idakorea.ee\/#organization\",\"name\":\"IDA.KOREA\",\"url\":\"https:\/\/idakorea.ee\/\",\"logo\":{\"@type\":\"ImageObject\",\"inLanguage\":\"fi\",\"@id\":\"https:\/\/idakorea.ee\/#\/schema\/logo\/image\/\",\"url\":\"https:\/\/idakorea.ee\/wp-content\/uploads\/2024\/05\/cropped-korea3.png\",\"contentUrl\":\"https:\/\/idakorea.ee\/wp-content\/uploads\/2024\/05\/cropped-korea3.png\",\"width\":688,\"height\":126,\"caption\":\"IDA.KOREA\"},\"image\":{\"@id\":\"https:\/\/idakorea.ee\/#\/schema\/logo\/image\/\"},\"sameAs\":[\"https:\/\/www.instagram.com\/ida.korea\/\"]}]}<\/script>\n<!-- \/ Yoast SEO plugin. -->","yoast_head_json":{"title":"Rauhoittava Medi Peel Cica-Nol -ampullinaamio - EAST.KOREA","description":"Luonnollisista ainesosista, kuten arvokkaasta aasialaisen lumpeen uutteesta, valmistettu naamio toimii solutasolla stimuloiden ihon uusiutumista, v\u00e4hent\u00e4en tulehdusta ja punoitusta. Se on t\u00e4ydellinen ratkaisu niille, jotka etsiv\u00e4t keinoa torjua v\u00e4symyst\u00e4, stressi\u00e4 tai kaupunkiymp\u00e4rist\u00f6n vaikutuksia.","robots":{"index":"index","follow":"follow","max-snippet":"max-snippet:-1","max-image-preview":"max-image-preview:large","max-video-preview":"max-video-preview:-1"},"canonical":"https:\/\/idakorea.ee\/fi\/product\/rahustav-medi-peel-cica-nol-ampoule-mask\/","og_locale":"fi_FI","og_type":"article","og_title":"Rahustav Medi Peel Cica-Nol Ampoule Mask - IDA.KOREA","og_description":"Looduslikest koostisosadest, sealhulgas v\u00e4\u00e4rtuslikust Aasia vesinaba ekstraktist loodud mask toimib rakutasandil, stimuleerides naha uuenemist, v\u00e4hendades p\u00f5letikku ja punetust. See on ideaalne lahendus neile, kes otsivad viisi v\u00e4simuse, stressi v\u00f5i linnakeskkonna m\u00f5jude vastu v\u00f5itlemiseks.","og_url":"https:\/\/idakorea.ee\/fi\/product\/rahustav-medi-peel-cica-nol-ampoule-mask\/","og_site_name":"IDA.KOREA","article_modified_time":"2026-02-23T15:40:03+00:00","og_image":[{"width":797,"height":603,"url":"https:\/\/idakorea.ee\/wp-content\/uploads\/2024\/10\/cica.png","type":"image\/png"}],"twitter_card":"summary_large_image","twitter_misc":{"Arvioitu lukuaika":"2 minuuttia"},"schema":{"@context":"https:\/\/schema.org","@graph":[{"@type":"WebPage","@id":"https:\/\/idakorea.ee\/product\/rahustav-medi-peel-cica-nol-ampoule-mask\/","url":"https:\/\/idakorea.ee\/product\/rahustav-medi-peel-cica-nol-ampoule-mask\/","name":"Rauhoittava Medi Peel Cica-Nol -ampullinaamio - EAST.KOREA","isPartOf":{"@id":"https:\/\/idakorea.ee\/#website"},"primaryImageOfPage":{"@id":"https:\/\/idakorea.ee\/product\/rahustav-medi-peel-cica-nol-ampoule-mask\/#primaryimage"},"image":{"@id":"https:\/\/idakorea.ee\/product\/rahustav-medi-peel-cica-nol-ampoule-mask\/#primaryimage"},"thumbnailUrl":"https:\/\/idakorea.ee\/wp-content\/uploads\/2024\/10\/cica.png","datePublished":"2024-10-18T11:07:44+00:00","dateModified":"2026-02-23T15:40:03+00:00","description":"Luonnollisista ainesosista, kuten arvokkaasta aasialaisen lumpeen uutteesta, valmistettu naamio toimii solutasolla stimuloiden ihon uusiutumista, v\u00e4hent\u00e4en tulehdusta ja punoitusta. Se on t\u00e4ydellinen ratkaisu niille, jotka etsiv\u00e4t keinoa torjua v\u00e4symyst\u00e4, stressi\u00e4 tai kaupunkiymp\u00e4rist\u00f6n vaikutuksia.","breadcrumb":{"@id":"https:\/\/idakorea.ee\/product\/rahustav-medi-peel-cica-nol-ampoule-mask\/#breadcrumb"},"inLanguage":"fi","potentialAction":[{"@type":"ReadAction","target":["https:\/\/idakorea.ee\/product\/rahustav-medi-peel-cica-nol-ampoule-mask\/"]}]},{"@type":"ImageObject","inLanguage":"fi","@id":"https:\/\/idakorea.ee\/product\/rahustav-medi-peel-cica-nol-ampoule-mask\/#primaryimage","url":"https:\/\/idakorea.ee\/wp-content\/uploads\/2024\/10\/cica.png","contentUrl":"https:\/\/idakorea.ee\/wp-content\/uploads\/2024\/10\/cica.png","width":797,"height":603,"caption":"medipeel cica nol mask"},{"@type":"BreadcrumbList","@id":"https:\/\/idakorea.ee\/product\/rahustav-medi-peel-cica-nol-ampoule-mask\/#breadcrumb","itemListElement":[{"@type":"ListItem","position":1,"name":"\u0413\u043b\u0430\u0432\u043d\u0430\u044f \u0441\u0442\u0440\u0430\u043d\u0438\u0446\u0430","item":"https:\/\/idakorea.ee\/"},{"@type":"ListItem","position":2,"name":"Shop","item":"https:\/\/idakorea.ee\/shop-2\/"},{"@type":"ListItem","position":3,"name":"Rahustav Medi Peel Cica-Nol Ampoule Mask"}]},{"@type":"WebSite","@id":"https:\/\/idakorea.ee\/#website","url":"https:\/\/idakorea.ee\/","name":"IDA.KOREA","description":"Korean kosmetiikan verkkokauppa","publisher":{"@id":"https:\/\/idakorea.ee\/#organization"},"alternateName":"Beauty Shop","potentialAction":[{"@type":"SearchAction","target":{"@type":"EntryPoint","urlTemplate":"https:\/\/idakorea.ee\/?s={search_term_string}"},"query-input":{"@type":"PropertyValueSpecification","valueRequired":true,"valueName":"search_term_string"}}],"inLanguage":"fi"},{"@type":"Organization","@id":"https:\/\/idakorea.ee\/#organization","name":"IDA.KOREA","url":"https:\/\/idakorea.ee\/","logo":{"@type":"ImageObject","inLanguage":"fi","@id":"https:\/\/idakorea.ee\/#\/schema\/logo\/image\/","url":"https:\/\/idakorea.ee\/wp-content\/uploads\/2024\/05\/cropped-korea3.png","contentUrl":"https:\/\/idakorea.ee\/wp-content\/uploads\/2024\/05\/cropped-korea3.png","width":688,"height":126,"caption":"IDA.KOREA"},"image":{"@id":"https:\/\/idakorea.ee\/#\/schema\/logo\/image\/"},"sameAs":["https:\/\/www.instagram.com\/ida.korea\/"]}]}},"jetpack_sharing_enabled":true,"brands":[{"id":107,"name":"MEDIPEEL+","slug":"medipeel"}],"_links":{"self":[{"href":"https:\/\/idakorea.ee\/fi\/wp-json\/wp\/v2\/product\/10925","targetHints":{"allow":["GET"]}}],"collection":[{"href":"https:\/\/idakorea.ee\/fi\/wp-json\/wp\/v2\/product"}],"about":[{"href":"https:\/\/idakorea.ee\/fi\/wp-json\/wp\/v2\/types\/product"}],"replies":[{"embeddable":true,"href":"https:\/\/idakorea.ee\/fi\/wp-json\/wp\/v2\/comments?post=10925"}],"version-history":[{"count":2,"href":"https:\/\/idakorea.ee\/fi\/wp-json\/wp\/v2\/product\/10925\/revisions"}],"predecessor-version":[{"id":14764,"href":"https:\/\/idakorea.ee\/fi\/wp-json\/wp\/v2\/product\/10925\/revisions\/14764"}],"wp:featuredmedia":[{"embeddable":true,"href":"https:\/\/idakorea.ee\/fi\/wp-json\/wp\/v2\/media\/10928"}],"wp:attachment":[{"href":"https:\/\/idakorea.ee\/fi\/wp-json\/wp\/v2\/media?parent=10925"}],"wp:term":[{"taxonomy":"pwb-brand","embeddable":true,"href":"https:\/\/idakorea.ee\/fi\/wp-json\/wp\/v2\/pwb-brand?post=10925"},{"taxonomy":"product_brand","embeddable":true,"href":"https:\/\/idakorea.ee\/fi\/wp-json\/wp\/v2\/product_brand?post=10925"},{"taxonomy":"product_cat","embeddable":true,"href":"https:\/\/idakorea.ee\/fi\/wp-json\/wp\/v2\/product_cat?post=10925"},{"taxonomy":"product_tag","embeddable":true,"href":"https:\/\/idakorea.ee\/fi\/wp-json\/wp\/v2\/product_tag?post=10925"}],"curies":[{"name":"wp","href":"https:\/\/api.w.org\/{rel}","templated":true}]}}