{"id":10932,"date":"2024-10-19T10:11:27","date_gmt":"2024-10-19T07:11:27","guid":{"rendered":"https:\/\/idakorea.ee\/?post_type=product&#038;p=10932"},"modified":"2026-04-06T15:50:59","modified_gmt":"2026-04-06T13:50:59","slug":"niisutav-oomask-teemantpuudri-ja-hualuroonhappega-snp-diamond-water-sleeping-pack-4ml","status":"publish","type":"product","link":"https:\/\/idakorea.ee\/fi\/product\/niisutav-oomask-teemantpuudri-ja-hualuroonhappega-snp-diamond-water-sleeping-pack-4ml\/","title":{"rendered":"Kosteuttava y\u00f6naamio timanttijauheella ja hyaluronihapolla SNP Diamond Water Sleeping Pack, 4ml"},"content":{"rendered":"<p>Kosteuttava y\u00f6naamio timanttijauheella ja hyaluronihapolla. <strong>SNP Diamond Water Sleeping Pack<\/strong> kosteuttaa ihoa intensiivisesti ja auttaa s\u00e4ilytt\u00e4m\u00e4\u00e4n kosteuden soluissa. Suojaa ihoa vesih\u00e4vi\u00f6lt\u00e4, silottaa hienoja ryppyj\u00e4, lis\u00e4\u00e4 ihon kimmoisuutta ja tekee ihosta sile\u00e4n ja silkkisen. Naamio rauhoittaa \u00e4rtynytt\u00e4 ihoa, k\u00e4ynnist\u00e4\u00e4 solujen uudistumisprosessit ja vaalentaa pigmenttil\u00e4iski\u00e4 ja aknen j\u00e4lkeisi\u00e4 l\u00e4iski\u00e4. Antaa iholle luonnollisen hehkun ja terveemm\u00e4n ulkon\u00e4\u00f6n. Tuotteella on my\u00f6s antioksidanttinen vaikutus ja se auttaa poistamaan myrkkyj\u00e4.<\/p>\n<p><strong>T\u00e4rkeimm\u00e4t vaikuttavat aineet:<\/strong><\/p>\n<p><strong>- Teema jauhe<\/strong> - parantaa ihon kuntoa, ravitsee ja kosteuttaa syv\u00e4llisesti ja auttaa poistamaan haitallisia myrkkyj\u00e4 ihosoluista.<br \/>\n<strong>- hyaluronihappo<\/strong> - tarjoaa pitk\u00e4kestoista ja intensiivist\u00e4 kosteutusta, suojaa vesih\u00e4vi\u00f6lt\u00e4 ja ennenaikaisilta ryppyilt\u00e4, stimuloi solujen uusiutumista ja parantaa haavat ja halkeamat.<br \/>\n<strong>- kollaasit<\/strong> - parantaa ihon yleist\u00e4 kuntoa: tasoittaa ja tasoittaa ihon s\u00e4vy\u00e4, tekee ihosta joustavan ja pullean, v\u00e4hent\u00e4\u00e4 juonteita ja virkist\u00e4\u00e4 ihoa. Sill\u00e4 on haavoja parantava ja rauhoittava vaikutus ja se s\u00e4ilytt\u00e4\u00e4 kosteuden ihon syvemmiss\u00e4 kerroksissa.<br \/>\n<strong>- niasiiniamidi<\/strong> - edist\u00e4\u00e4 kollageenisynteesi\u00e4 ja parantaa ihon suojaavia toimintoja, auttaa v\u00e4hent\u00e4m\u00e4\u00e4n transsepidermist\u00e4 vesihukkaa ja pigmentaatiota, pehment\u00e4\u00e4, lis\u00e4\u00e4 ihon kimmoisuutta, kosteuttaa, supistaa huokosia, rauhoittaa ja kirkastaa.<br \/>\n<strong>- Aasia centella<\/strong>\u00a0- sill\u00e4 on tulehdusta ehk\u00e4isevi\u00e4 ja haavoja parantavia ominaisuuksia, se palauttaa ihon barrier-toiminnot ja kosteuden, v\u00e4hent\u00e4\u00e4 ihon herkkyytt\u00e4, v\u00e4hent\u00e4\u00e4 turvotusta, vahvistaa verisuonia ja v\u00e4hent\u00e4\u00e4 couperoosia.<br \/>\n<strong>- Vihre\u00e4n teen uute<\/strong> - lievitt\u00e4\u00e4 \u00e4rsytyst\u00e4, sill\u00e4 on antibakteerisia ominaisuuksia, kiinteytt\u00e4\u00e4 ja kimmoisoittaa ihoa, tasoittaa ryppyj\u00e4 ja parantaa ihon ilmett\u00e4.<br \/>\n<strong>- Aaloe Vera<\/strong> - pehment\u00e4\u00e4 ihoa ja lievitt\u00e4\u00e4 \u00e4rsytyst\u00e4, nopeuttaa haavojen paranemista, sill\u00e4 on anti-inflammatorisia ja antiallergisia ominaisuuksia ja stimuloi kollageenin tuotantoa.<br \/>\n<strong>- Rosmariiniuute <\/strong>- edist\u00e4\u00e4 solujen uusiutumista, s\u00e4vytt\u00e4\u00e4, parantaa verenkiertoa, tasoittaa ihon rakennetta ja sopii erinomaisesti ik\u00e4\u00e4ntyv\u00e4lle iholle ja ik\u00e4\u00e4ntymisen merkkien torjuntaan.<br \/>\n<strong>- allantoiini<\/strong> - pehment\u00e4\u00e4, kosteuttaa intensiivisesti, supistaa ihohuokosia ja normalisoi talirauhasia, sill\u00e4 on tulehdusta ehk\u00e4isevi\u00e4 ominaisuuksia ja rauhoittaa \u00e4rtynytt\u00e4 ihoa.<br \/>\n<strong>- kumiuute<\/strong> - rauhoittaa ihoa hyvin, v\u00e4hent\u00e4\u00e4 punoitusta ja \u00e4rsytyst\u00e4, v\u00e4hent\u00e4\u00e4 tulehdusta ja ehk\u00e4isee sen uusiutumista.<br \/>\n<strong>- Lagritsa-uute<\/strong> - pehment\u00e4\u00e4 ja sill\u00e4 on tulehdusta ehk\u00e4isevi\u00e4, puhdistavia ja valkaisevia, uudistavia ja parantavia ominaisuuksia.<\/p>\n<p>&nbsp;<\/p>\n<p>Sopii kaikille ihotyypeille, my\u00f6s herk\u00e4lle iholle.<\/p>\n<p><strong>K\u00e4ytt\u00f6ohjeet<\/strong>: levit\u00e4 tarvittava m\u00e4\u00e4r\u00e4 naamiota iltahoidon viimeisen\u00e4 vaiheena.<\/p>","protected":false},"excerpt":{"rendered":"<p>Kosteuttava y\u00f6naamio timanttijauheella ja hyaluronihapolla SNP Diamond Water Sleeping Pack -y\u00f6naamio kosteuttaa ihoa intensiivisesti ja auttaa s\u00e4ilytt\u00e4m\u00e4\u00e4n kosteuden soluissa. Se suojaa ihoa vesih\u00e4vi\u00f6lt\u00e4, silottaa hienoja ryppyj\u00e4, lis\u00e4\u00e4 ihon kimmoisuutta ja j\u00e4tt\u00e4\u00e4 ihon sile\u00e4ksi ja silkkiseksi. Naamio rauhoittaa \u00e4rtynytt\u00e4 ihoa, k\u00e4ynnist\u00e4\u00e4 solujen uudistumisprosessit ja vaalentaa pigmenttil\u00e4iski\u00e4 ja aknen j\u00e4lkeisi\u00e4 l\u00e4iski\u00e4. Antaa iholle luonnollisen hehkun ja terveemm\u00e4n ulkon\u00e4\u00f6n. Tuote...<\/p>","protected":false},"featured_media":10936,"comment_status":"open","ping_status":"closed","template":"","meta":{"_uf_show_specific_survey":0,"_uf_disable_surveys":false,"_bst_post_transparent":"default","_bst_post_title":"","_bst_post_layout":"default","_bst_post_sidebar_id":"","_bst_post_content_style":"default","_bst_post_vertical_padding":"default","_bst_post_feature":"","_bst_post_feature_position":"","_bst_post_header":false,"_bst_post_footer":false},"pwb-brand":[642],"product_brand":[],"product_cat":[92,98],"product_tag":[],"class_list":{"0":"post-10932","1":"product","2":"type-product","3":"status-publish","4":"has-post-thumbnail","6":"pwb-brand-snp","7":"product_cat-nagu","8":"product_cat-naomaskid","10":"first","11":"instock","12":"sale","13":"shipping-taxable","14":"purchasable","15":"product-type-simple","16":"entry","17":"content-bg","18":"loop-entry"},"supplier_id":null,"supplier_sku":"","barcode":null,"atum_controlled":true,"out_stock_date":null,"out_stock_threshold":null,"inheritable":false,"inbound_stock":0,"stock_on_hold":0,"sold_today":0,"sales_last_days":3,"out_stock_days":0,"lost_sales":0,"has_location":false,"update_date":"2026-04-14T11:02:03","atum_locations":[],"atum_stock_status":"instock","restock_status":false,"low_stock_amount":"","sales_update_date":"2026-04-14T11:02:03","calc_backorders":null,"yoast_head":"<!-- This site is optimized with the Yoast SEO plugin v27.2 - https:\/\/yoast.com\/product\/yoast-seo-wordpress\/ -->\n<title>Niisutav \u00f6\u00f6mask teemantpuudri ja h\u00fcaluroonhappega SNP Diamond Water Sleeping Pack, 4ml - IDA.KOREA<\/title>\n<meta name=\"description\" content=\"Niisutav \u00f6\u00f6mask teemantpuudri ja h\u00fcaluroonhappega SNP Diamond Water Sleeping Pack niisutab intensiivselt nahka, aidates s\u00e4ilitada niiskust rakkudes. Kaitseb nahka veekaotuse eest, silub peeneid kortse, suurendab naha elastsust ja muudab selle siledaks ja siidiseks.\" \/>\n<meta name=\"robots\" content=\"index, follow, max-snippet:-1, max-image-preview:large, max-video-preview:-1\" \/>\n<link rel=\"canonical\" href=\"https:\/\/idakorea.ee\/fi\/product\/niisutav-oomask-teemantpuudri-ja-hualuroonhappega-snp-diamond-water-sleeping-pack-4ml\/\" \/>\n<meta property=\"og:locale\" content=\"fi_FI\" \/>\n<meta property=\"og:type\" content=\"article\" \/>\n<meta property=\"og:title\" content=\"Niisutav \u00f6\u00f6mask teemantpuudri ja h\u00fcaluroonhappega SNP Diamond Water Sleeping Pack, 4ml - IDA.KOREA\" \/>\n<meta property=\"og:description\" content=\"Niisutav \u00f6\u00f6mask teemantpuudri ja h\u00fcaluroonhappega SNP Diamond Water Sleeping Pack niisutab intensiivselt nahka, aidates s\u00e4ilitada niiskust rakkudes. Kaitseb nahka veekaotuse eest, silub peeneid kortse, suurendab naha elastsust ja muudab selle siledaks ja siidiseks.\" \/>\n<meta property=\"og:url\" content=\"https:\/\/idakorea.ee\/fi\/product\/niisutav-oomask-teemantpuudri-ja-hualuroonhappega-snp-diamond-water-sleeping-pack-4ml\/\" \/>\n<meta property=\"og:site_name\" content=\"IDA.KOREA\" \/>\n<meta property=\"article:modified_time\" content=\"2026-04-06T13:50:59+00:00\" \/>\n<meta property=\"og:image\" content=\"https:\/\/idakorea.ee\/wp-content\/uploads\/2024\/10\/snp-diamond-1.jpg\" \/>\n\t<meta property=\"og:image:width\" content=\"550\" \/>\n\t<meta property=\"og:image:height\" content=\"565\" \/>\n\t<meta property=\"og:image:type\" content=\"image\/jpeg\" \/>\n<meta name=\"twitter:card\" content=\"summary_large_image\" \/>\n<meta name=\"twitter:label1\" content=\"Arvioitu lukuaika\" \/>\n\t<meta name=\"twitter:data1\" content=\"2 minuuttia\" \/>\n<script type=\"application\/ld+json\" class=\"yoast-schema-graph\">{\"@context\":\"https:\/\/schema.org\",\"@graph\":[{\"@type\":\"WebPage\",\"@id\":\"https:\/\/idakorea.ee\/product\/niisutav-oomask-teemantpuudri-ja-hualuroonhappega-snp-diamond-water-sleeping-pack-4ml\/\",\"url\":\"https:\/\/idakorea.ee\/product\/niisutav-oomask-teemantpuudri-ja-hualuroonhappega-snp-diamond-water-sleeping-pack-4ml\/\",\"name\":\"Niisutav \u00f6\u00f6mask teemantpuudri ja h\u00fcaluroonhappega SNP Diamond Water Sleeping Pack, 4ml - IDA.KOREA\",\"isPartOf\":{\"@id\":\"https:\/\/idakorea.ee\/#website\"},\"primaryImageOfPage\":{\"@id\":\"https:\/\/idakorea.ee\/product\/niisutav-oomask-teemantpuudri-ja-hualuroonhappega-snp-diamond-water-sleeping-pack-4ml\/#primaryimage\"},\"image\":{\"@id\":\"https:\/\/idakorea.ee\/product\/niisutav-oomask-teemantpuudri-ja-hualuroonhappega-snp-diamond-water-sleeping-pack-4ml\/#primaryimage\"},\"thumbnailUrl\":\"https:\/\/idakorea.ee\/wp-content\/uploads\/2024\/10\/snp-diamond-1.jpg\",\"datePublished\":\"2024-10-19T07:11:27+00:00\",\"dateModified\":\"2026-04-06T13:50:59+00:00\",\"description\":\"Niisutav \u00f6\u00f6mask teemantpuudri ja h\u00fcaluroonhappega SNP Diamond Water Sleeping Pack niisutab intensiivselt nahka, aidates s\u00e4ilitada niiskust rakkudes. Kaitseb nahka veekaotuse eest, silub peeneid kortse, suurendab naha elastsust ja muudab selle siledaks ja siidiseks.\",\"breadcrumb\":{\"@id\":\"https:\/\/idakorea.ee\/product\/niisutav-oomask-teemantpuudri-ja-hualuroonhappega-snp-diamond-water-sleeping-pack-4ml\/#breadcrumb\"},\"inLanguage\":\"fi\",\"potentialAction\":[{\"@type\":\"ReadAction\",\"target\":[\"https:\/\/idakorea.ee\/product\/niisutav-oomask-teemantpuudri-ja-hualuroonhappega-snp-diamond-water-sleeping-pack-4ml\/\"]}]},{\"@type\":\"ImageObject\",\"inLanguage\":\"fi\",\"@id\":\"https:\/\/idakorea.ee\/product\/niisutav-oomask-teemantpuudri-ja-hualuroonhappega-snp-diamond-water-sleeping-pack-4ml\/#primaryimage\",\"url\":\"https:\/\/idakorea.ee\/wp-content\/uploads\/2024\/10\/snp-diamond-1.jpg\",\"contentUrl\":\"https:\/\/idakorea.ee\/wp-content\/uploads\/2024\/10\/snp-diamond-1.jpg\",\"width\":550,\"height\":565},{\"@type\":\"BreadcrumbList\",\"@id\":\"https:\/\/idakorea.ee\/product\/niisutav-oomask-teemantpuudri-ja-hualuroonhappega-snp-diamond-water-sleeping-pack-4ml\/#breadcrumb\",\"itemListElement\":[{\"@type\":\"ListItem\",\"position\":1,\"name\":\"\u0413\u043b\u0430\u0432\u043d\u0430\u044f \u0441\u0442\u0440\u0430\u043d\u0438\u0446\u0430\",\"item\":\"https:\/\/idakorea.ee\/\"},{\"@type\":\"ListItem\",\"position\":2,\"name\":\"Shop\",\"item\":\"https:\/\/idakorea.ee\/shop-2\/\"},{\"@type\":\"ListItem\",\"position\":3,\"name\":\"Niisutav \u00f6\u00f6mask teemantpuudri ja h\u00fcaluroonhappega SNP Diamond Water Sleeping Pack, 4ml\"}]},{\"@type\":\"WebSite\",\"@id\":\"https:\/\/idakorea.ee\/#website\",\"url\":\"https:\/\/idakorea.ee\/\",\"name\":\"IDA.KOREA\",\"description\":\"Korea kosmeetika e-pood\",\"publisher\":{\"@id\":\"https:\/\/idakorea.ee\/#organization\"},\"alternateName\":\"Beauty Shop\",\"potentialAction\":[{\"@type\":\"SearchAction\",\"target\":{\"@type\":\"EntryPoint\",\"urlTemplate\":\"https:\/\/idakorea.ee\/?s={search_term_string}\"},\"query-input\":{\"@type\":\"PropertyValueSpecification\",\"valueRequired\":true,\"valueName\":\"search_term_string\"}}],\"inLanguage\":\"fi\"},{\"@type\":\"Organization\",\"@id\":\"https:\/\/idakorea.ee\/#organization\",\"name\":\"IDA.KOREA\",\"url\":\"https:\/\/idakorea.ee\/\",\"logo\":{\"@type\":\"ImageObject\",\"inLanguage\":\"fi\",\"@id\":\"https:\/\/idakorea.ee\/#\/schema\/logo\/image\/\",\"url\":\"https:\/\/idakorea.ee\/wp-content\/uploads\/2024\/05\/cropped-korea3.png\",\"contentUrl\":\"https:\/\/idakorea.ee\/wp-content\/uploads\/2024\/05\/cropped-korea3.png\",\"width\":688,\"height\":126,\"caption\":\"IDA.KOREA\"},\"image\":{\"@id\":\"https:\/\/idakorea.ee\/#\/schema\/logo\/image\/\"},\"sameAs\":[\"https:\/\/www.instagram.com\/ida.korea\/\"]}]}<\/script>\n<!-- \/ Yoast SEO plugin. -->","yoast_head_json":{"title":"Kosteuttava y\u00f6naamio timanttijauheella ja hyaluronihapolla SNP Diamond Water Sleeping Pack, 4ml - IDA.KOREA","description":"Kosteuttava y\u00f6naamio timanttijauheella ja hyaluronihapolla SNP Diamond Water Sleeping Pack -y\u00f6naamio kosteuttaa ihoa intensiivisesti ja auttaa s\u00e4ilytt\u00e4m\u00e4\u00e4n kosteuden soluissa. Se suojaa ihoa vesih\u00e4vi\u00f6lt\u00e4, silottaa hienoja ryppyj\u00e4, lis\u00e4\u00e4 ihon kimmoisuutta ja j\u00e4tt\u00e4\u00e4 ihon sile\u00e4ksi ja silkkiseksi.","robots":{"index":"index","follow":"follow","max-snippet":"max-snippet:-1","max-image-preview":"max-image-preview:large","max-video-preview":"max-video-preview:-1"},"canonical":"https:\/\/idakorea.ee\/fi\/product\/niisutav-oomask-teemantpuudri-ja-hualuroonhappega-snp-diamond-water-sleeping-pack-4ml\/","og_locale":"fi_FI","og_type":"article","og_title":"Niisutav \u00f6\u00f6mask teemantpuudri ja h\u00fcaluroonhappega SNP Diamond Water Sleeping Pack, 4ml - IDA.KOREA","og_description":"Niisutav \u00f6\u00f6mask teemantpuudri ja h\u00fcaluroonhappega SNP Diamond Water Sleeping Pack niisutab intensiivselt nahka, aidates s\u00e4ilitada niiskust rakkudes. Kaitseb nahka veekaotuse eest, silub peeneid kortse, suurendab naha elastsust ja muudab selle siledaks ja siidiseks.","og_url":"https:\/\/idakorea.ee\/fi\/product\/niisutav-oomask-teemantpuudri-ja-hualuroonhappega-snp-diamond-water-sleeping-pack-4ml\/","og_site_name":"IDA.KOREA","article_modified_time":"2026-04-06T13:50:59+00:00","og_image":[{"width":550,"height":565,"url":"https:\/\/idakorea.ee\/wp-content\/uploads\/2024\/10\/snp-diamond-1.jpg","type":"image\/jpeg"}],"twitter_card":"summary_large_image","twitter_misc":{"Arvioitu lukuaika":"2 minuuttia"},"schema":{"@context":"https:\/\/schema.org","@graph":[{"@type":"WebPage","@id":"https:\/\/idakorea.ee\/product\/niisutav-oomask-teemantpuudri-ja-hualuroonhappega-snp-diamond-water-sleeping-pack-4ml\/","url":"https:\/\/idakorea.ee\/product\/niisutav-oomask-teemantpuudri-ja-hualuroonhappega-snp-diamond-water-sleeping-pack-4ml\/","name":"Kosteuttava y\u00f6naamio timanttijauheella ja hyaluronihapolla SNP Diamond Water Sleeping Pack, 4ml - IDA.KOREA","isPartOf":{"@id":"https:\/\/idakorea.ee\/#website"},"primaryImageOfPage":{"@id":"https:\/\/idakorea.ee\/product\/niisutav-oomask-teemantpuudri-ja-hualuroonhappega-snp-diamond-water-sleeping-pack-4ml\/#primaryimage"},"image":{"@id":"https:\/\/idakorea.ee\/product\/niisutav-oomask-teemantpuudri-ja-hualuroonhappega-snp-diamond-water-sleeping-pack-4ml\/#primaryimage"},"thumbnailUrl":"https:\/\/idakorea.ee\/wp-content\/uploads\/2024\/10\/snp-diamond-1.jpg","datePublished":"2024-10-19T07:11:27+00:00","dateModified":"2026-04-06T13:50:59+00:00","description":"Kosteuttava y\u00f6naamio timanttijauheella ja hyaluronihapolla SNP Diamond Water Sleeping Pack -y\u00f6naamio kosteuttaa ihoa intensiivisesti ja auttaa s\u00e4ilytt\u00e4m\u00e4\u00e4n kosteuden soluissa. Se suojaa ihoa vesih\u00e4vi\u00f6lt\u00e4, silottaa hienoja ryppyj\u00e4, lis\u00e4\u00e4 ihon kimmoisuutta ja j\u00e4tt\u00e4\u00e4 ihon sile\u00e4ksi ja silkkiseksi.","breadcrumb":{"@id":"https:\/\/idakorea.ee\/product\/niisutav-oomask-teemantpuudri-ja-hualuroonhappega-snp-diamond-water-sleeping-pack-4ml\/#breadcrumb"},"inLanguage":"fi","potentialAction":[{"@type":"ReadAction","target":["https:\/\/idakorea.ee\/product\/niisutav-oomask-teemantpuudri-ja-hualuroonhappega-snp-diamond-water-sleeping-pack-4ml\/"]}]},{"@type":"ImageObject","inLanguage":"fi","@id":"https:\/\/idakorea.ee\/product\/niisutav-oomask-teemantpuudri-ja-hualuroonhappega-snp-diamond-water-sleeping-pack-4ml\/#primaryimage","url":"https:\/\/idakorea.ee\/wp-content\/uploads\/2024\/10\/snp-diamond-1.jpg","contentUrl":"https:\/\/idakorea.ee\/wp-content\/uploads\/2024\/10\/snp-diamond-1.jpg","width":550,"height":565},{"@type":"BreadcrumbList","@id":"https:\/\/idakorea.ee\/product\/niisutav-oomask-teemantpuudri-ja-hualuroonhappega-snp-diamond-water-sleeping-pack-4ml\/#breadcrumb","itemListElement":[{"@type":"ListItem","position":1,"name":"\u0413\u043b\u0430\u0432\u043d\u0430\u044f \u0441\u0442\u0440\u0430\u043d\u0438\u0446\u0430","item":"https:\/\/idakorea.ee\/"},{"@type":"ListItem","position":2,"name":"Shop","item":"https:\/\/idakorea.ee\/shop-2\/"},{"@type":"ListItem","position":3,"name":"Niisutav \u00f6\u00f6mask teemantpuudri ja h\u00fcaluroonhappega SNP Diamond Water Sleeping Pack, 4ml"}]},{"@type":"WebSite","@id":"https:\/\/idakorea.ee\/#website","url":"https:\/\/idakorea.ee\/","name":"IDA.KOREA","description":"Korean kosmetiikan verkkokauppa","publisher":{"@id":"https:\/\/idakorea.ee\/#organization"},"alternateName":"Beauty Shop","potentialAction":[{"@type":"SearchAction","target":{"@type":"EntryPoint","urlTemplate":"https:\/\/idakorea.ee\/?s={search_term_string}"},"query-input":{"@type":"PropertyValueSpecification","valueRequired":true,"valueName":"search_term_string"}}],"inLanguage":"fi"},{"@type":"Organization","@id":"https:\/\/idakorea.ee\/#organization","name":"IDA.KOREA","url":"https:\/\/idakorea.ee\/","logo":{"@type":"ImageObject","inLanguage":"fi","@id":"https:\/\/idakorea.ee\/#\/schema\/logo\/image\/","url":"https:\/\/idakorea.ee\/wp-content\/uploads\/2024\/05\/cropped-korea3.png","contentUrl":"https:\/\/idakorea.ee\/wp-content\/uploads\/2024\/05\/cropped-korea3.png","width":688,"height":126,"caption":"IDA.KOREA"},"image":{"@id":"https:\/\/idakorea.ee\/#\/schema\/logo\/image\/"},"sameAs":["https:\/\/www.instagram.com\/ida.korea\/"]}]}},"jetpack_sharing_enabled":true,"brands":[{"id":642,"name":"SNP","slug":"snp"}],"_links":{"self":[{"href":"https:\/\/idakorea.ee\/fi\/wp-json\/wp\/v2\/product\/10932","targetHints":{"allow":["GET"]}}],"collection":[{"href":"https:\/\/idakorea.ee\/fi\/wp-json\/wp\/v2\/product"}],"about":[{"href":"https:\/\/idakorea.ee\/fi\/wp-json\/wp\/v2\/types\/product"}],"replies":[{"embeddable":true,"href":"https:\/\/idakorea.ee\/fi\/wp-json\/wp\/v2\/comments?post=10932"}],"version-history":[{"count":1,"href":"https:\/\/idakorea.ee\/fi\/wp-json\/wp\/v2\/product\/10932\/revisions"}],"predecessor-version":[{"id":10935,"href":"https:\/\/idakorea.ee\/fi\/wp-json\/wp\/v2\/product\/10932\/revisions\/10935"}],"wp:featuredmedia":[{"embeddable":true,"href":"https:\/\/idakorea.ee\/fi\/wp-json\/wp\/v2\/media\/10936"}],"wp:attachment":[{"href":"https:\/\/idakorea.ee\/fi\/wp-json\/wp\/v2\/media?parent=10932"}],"wp:term":[{"taxonomy":"pwb-brand","embeddable":true,"href":"https:\/\/idakorea.ee\/fi\/wp-json\/wp\/v2\/pwb-brand?post=10932"},{"taxonomy":"product_brand","embeddable":true,"href":"https:\/\/idakorea.ee\/fi\/wp-json\/wp\/v2\/product_brand?post=10932"},{"taxonomy":"product_cat","embeddable":true,"href":"https:\/\/idakorea.ee\/fi\/wp-json\/wp\/v2\/product_cat?post=10932"},{"taxonomy":"product_tag","embeddable":true,"href":"https:\/\/idakorea.ee\/fi\/wp-json\/wp\/v2\/product_tag?post=10932"}],"curies":[{"name":"wp","href":"https:\/\/api.w.org\/{rel}","templated":true}]}}