{"id":10938,"date":"2024-10-20T10:39:37","date_gmt":"2024-10-20T07:39:37","guid":{"rendered":"https:\/\/idakorea.ee\/?post_type=product&#038;p=10938"},"modified":"2026-03-27T20:30:40","modified_gmt":"2026-03-27T18:30:40","slug":"sumbiootikumid-lacto-fit-gold","status":"publish","type":"product","link":"https:\/\/idakorea.ee\/fi\/product\/sumbiootikumid-lacto-fit-gold\/","title":{"rendered":"Symbiotic Lacto-Fit Gold"},"content":{"rendered":"<p><strong>LACTO-FIT Gold<\/strong> on innovatiivinen korealainen symbiootti nro 1, joka yhdist\u00e4\u00e4 probiootteja ja prebiootteja. Se ei vaadi j\u00e4\u00e4hdytyst\u00e4 ja sis\u00e4lt\u00e4\u00e4 kuutta probioottikantaa, jotka palauttavat terveen suoliston mikrobiflooran.<\/p>\n<p>Lacto-Fit Gold ei ainoastaan s\u00e4\u00e4tele hy\u00f6dyllisten ja haitallisten bakteerien tasapainoa suolistossa, vaan my\u00f6s edist\u00e4\u00e4 ravinteiden ja vitamiinien imeytymist\u00e4 ruoasta, kehon puhdistumista ja painonpudotusta.<\/p>\n<p>Symbioottinen Lacto-Fit on ainutlaatuinen siin\u00e4 mieless\u00e4, ett\u00e4 se sis\u00e4lt\u00e4\u00e4 laktobasilleja, bifidobakteereja sek\u00e4 E-, C-, B6-, B12- ja B1-vitamiineja. N\u00e4m\u00e4 hy\u00f6dylliset aineet parantavat hyvinvointia, ulkon\u00e4k\u00f6\u00e4 ja vahvistavat vastustuskyky\u00e4.<\/p>\n<p>Lacto-Fit Gold on paras l\u00e4\u00e4ke ripuliin, dysbioosiin ja muihin ruoansulatusongelmiin. Jokainen annos on pakattu viiniryp\u00e4leen makuiseen jauhepussiin, jota ei tarvitse niell\u00e4 veden kanssa.<\/p>\n<p>Ainutlaatuisen teknologian ansiosta Lacto-Fitin hy\u00f6dylliset bakteerit kulkeutuvat suoraan suoliston mikrobiston h\u00e4iri\u00f6iden alueelle, mik\u00e4 varmistaa tehokkaan hoidon.<\/p>\n<p><strong>K\u00e4ytt\u00f6ohjeet:<\/strong> Ota yhden jauhepussin sis\u00e4lt\u00f6 kerran p\u00e4iv\u00e4ss\u00e4 ennen aterioita, ei tarvitse juoda vett\u00e4, miellytt\u00e4v\u00e4ll\u00e4 viiniryp\u00e4lekarkin maulla.<\/p>","protected":false},"excerpt":{"rendered":"<p>LACTO-FIT Gold on innovatiivinen nro 1 korealainen symbiootti, jossa yhdistyv\u00e4t probiootit ja prebiootit. Se ei vaadi j\u00e4\u00e4hdytyst\u00e4 ja sis\u00e4lt\u00e4\u00e4 kuusi probioottikantaa, jotka palauttavat suoliston terveen mikroflooran. Lacto-Fit Gold ei ainoastaan s\u00e4\u00e4d\u00e4 suoliston hy\u00f6dyllisten ja haitallisten bakteerien tasapainoa, vaan edist\u00e4\u00e4 my\u00f6s ravintoaineiden ja vitamiinien imeytymist\u00e4 ravinnosta, kehon puhdistumista ja painonpudotusta. Lacto-Fit on symbioottinen...<\/p>","protected":false},"featured_media":10939,"comment_status":"open","ping_status":"closed","template":"","meta":{"_uf_show_specific_survey":0,"_uf_disable_surveys":false,"_bst_post_transparent":"default","_bst_post_title":"","_bst_post_layout":"default","_bst_post_sidebar_id":"","_bst_post_content_style":"default","_bst_post_vertical_padding":"default","_bst_post_feature":"","_bst_post_feature_position":"","_bst_post_header":false,"_bst_post_footer":false},"pwb-brand":[522],"product_brand":[],"product_cat":[370],"product_tag":[523],"class_list":{"0":"post-10938","1":"product","2":"type-product","3":"status-publish","4":"has-post-thumbnail","6":"pwb-brand-lacto-fit","7":"product_cat-toidulisandid","8":"product_tag-lacto-fit","10":"first","11":"outofstock","12":"sale","13":"shipping-taxable","14":"purchasable","15":"product-type-variable","16":"entry","17":"content-bg","18":"loop-entry"},"supplier_id":null,"supplier_sku":"","barcode":null,"atum_controlled":true,"out_stock_date":null,"out_stock_threshold":null,"inheritable":true,"inbound_stock":0,"stock_on_hold":0,"sold_today":0,"sales_last_days":2,"out_stock_days":0,"lost_sales":0,"has_location":false,"update_date":"2026-04-14T00:05:11","atum_locations":[],"atum_stock_status":"outofstock","restock_status":false,"low_stock_amount":"","sales_update_date":"2026-04-14T00:05:11","calc_backorders":null,"yoast_head":"<!-- This site is optimized with the Yoast SEO plugin v27.2 - https:\/\/yoast.com\/product\/yoast-seo-wordpress\/ -->\n<title>S\u00fcmbiootikumid Lacto-Fit Gold - IDA.KOREA<\/title>\n<meta name=\"description\" content=\"S\u00fcmbiootikum Lacto-Fit on unikaalne selle poolest, et sisaldab laktobatsille, bifidobaktereid ning vitamiine E, C, B6, B12 ja B1. Kiire tarne!\" \/>\n<meta name=\"robots\" content=\"index, follow, max-snippet:-1, max-image-preview:large, max-video-preview:-1\" \/>\n<link rel=\"canonical\" href=\"https:\/\/idakorea.ee\/fi\/product\/sumbiootikumid-lacto-fit-gold\/\" \/>\n<meta property=\"og:locale\" content=\"fi_FI\" \/>\n<meta property=\"og:type\" content=\"article\" \/>\n<meta property=\"og:title\" content=\"S\u00fcmbiootikumid Lacto-Fit Gold - IDA.KOREA\" \/>\n<meta property=\"og:description\" content=\"S\u00fcmbiootikum Lacto-Fit on unikaalne selle poolest, et sisaldab laktobatsille, bifidobaktereid ning vitamiine E, C, B6, B12 ja B1. Kiire tarne!\" \/>\n<meta property=\"og:url\" content=\"https:\/\/idakorea.ee\/fi\/product\/sumbiootikumid-lacto-fit-gold\/\" \/>\n<meta property=\"og:site_name\" content=\"IDA.KOREA\" \/>\n<meta property=\"article:modified_time\" content=\"2026-03-27T18:30:40+00:00\" \/>\n<meta property=\"og:image\" content=\"https:\/\/idakorea.ee\/wp-content\/uploads\/2024\/10\/20001015492_1.jpg\" \/>\n\t<meta property=\"og:image:width\" content=\"1299\" \/>\n\t<meta property=\"og:image:height\" content=\"1299\" \/>\n\t<meta property=\"og:image:type\" content=\"image\/jpeg\" \/>\n<meta name=\"twitter:card\" content=\"summary_large_image\" \/>\n<meta name=\"twitter:label1\" content=\"Arvioitu lukuaika\" \/>\n\t<meta name=\"twitter:data1\" content=\"1 minuutti\" \/>\n<script type=\"application\/ld+json\" class=\"yoast-schema-graph\">{\"@context\":\"https:\/\/schema.org\",\"@graph\":[{\"@type\":\"WebPage\",\"@id\":\"https:\/\/idakorea.ee\/product\/sumbiootikumid-lacto-fit-gold\/\",\"url\":\"https:\/\/idakorea.ee\/product\/sumbiootikumid-lacto-fit-gold\/\",\"name\":\"S\u00fcmbiootikumid Lacto-Fit Gold - IDA.KOREA\",\"isPartOf\":{\"@id\":\"https:\/\/idakorea.ee\/#website\"},\"primaryImageOfPage\":{\"@id\":\"https:\/\/idakorea.ee\/product\/sumbiootikumid-lacto-fit-gold\/#primaryimage\"},\"image\":{\"@id\":\"https:\/\/idakorea.ee\/product\/sumbiootikumid-lacto-fit-gold\/#primaryimage\"},\"thumbnailUrl\":\"https:\/\/idakorea.ee\/wp-content\/uploads\/2024\/10\/20001015492_1.jpg\",\"datePublished\":\"2024-10-20T07:39:37+00:00\",\"dateModified\":\"2026-03-27T18:30:40+00:00\",\"description\":\"S\u00fcmbiootikum Lacto-Fit on unikaalne selle poolest, et sisaldab laktobatsille, bifidobaktereid ning vitamiine E, C, B6, B12 ja B1. Kiire tarne!\",\"breadcrumb\":{\"@id\":\"https:\/\/idakorea.ee\/product\/sumbiootikumid-lacto-fit-gold\/#breadcrumb\"},\"inLanguage\":\"fi\",\"potentialAction\":[{\"@type\":\"ReadAction\",\"target\":[\"https:\/\/idakorea.ee\/product\/sumbiootikumid-lacto-fit-gold\/\"]}]},{\"@type\":\"ImageObject\",\"inLanguage\":\"fi\",\"@id\":\"https:\/\/idakorea.ee\/product\/sumbiootikumid-lacto-fit-gold\/#primaryimage\",\"url\":\"https:\/\/idakorea.ee\/wp-content\/uploads\/2024\/10\/20001015492_1.jpg\",\"contentUrl\":\"https:\/\/idakorea.ee\/wp-content\/uploads\/2024\/10\/20001015492_1.jpg\",\"width\":1299,\"height\":1299,\"caption\":\"lactofit gold\"},{\"@type\":\"BreadcrumbList\",\"@id\":\"https:\/\/idakorea.ee\/product\/sumbiootikumid-lacto-fit-gold\/#breadcrumb\",\"itemListElement\":[{\"@type\":\"ListItem\",\"position\":1,\"name\":\"\u0413\u043b\u0430\u0432\u043d\u0430\u044f \u0441\u0442\u0440\u0430\u043d\u0438\u0446\u0430\",\"item\":\"https:\/\/idakorea.ee\/\"},{\"@type\":\"ListItem\",\"position\":2,\"name\":\"Shop\",\"item\":\"https:\/\/idakorea.ee\/shop-2\/\"},{\"@type\":\"ListItem\",\"position\":3,\"name\":\"S\u00fcmbiootikumid Lacto-Fit Gold\"}]},{\"@type\":\"WebSite\",\"@id\":\"https:\/\/idakorea.ee\/#website\",\"url\":\"https:\/\/idakorea.ee\/\",\"name\":\"IDA.KOREA\",\"description\":\"Korea kosmeetika e-pood\",\"publisher\":{\"@id\":\"https:\/\/idakorea.ee\/#organization\"},\"alternateName\":\"Beauty Shop\",\"potentialAction\":[{\"@type\":\"SearchAction\",\"target\":{\"@type\":\"EntryPoint\",\"urlTemplate\":\"https:\/\/idakorea.ee\/?s={search_term_string}\"},\"query-input\":{\"@type\":\"PropertyValueSpecification\",\"valueRequired\":true,\"valueName\":\"search_term_string\"}}],\"inLanguage\":\"fi\"},{\"@type\":\"Organization\",\"@id\":\"https:\/\/idakorea.ee\/#organization\",\"name\":\"IDA.KOREA\",\"url\":\"https:\/\/idakorea.ee\/\",\"logo\":{\"@type\":\"ImageObject\",\"inLanguage\":\"fi\",\"@id\":\"https:\/\/idakorea.ee\/#\/schema\/logo\/image\/\",\"url\":\"https:\/\/idakorea.ee\/wp-content\/uploads\/2024\/05\/cropped-korea3.png\",\"contentUrl\":\"https:\/\/idakorea.ee\/wp-content\/uploads\/2024\/05\/cropped-korea3.png\",\"width\":688,\"height\":126,\"caption\":\"IDA.KOREA\"},\"image\":{\"@id\":\"https:\/\/idakorea.ee\/#\/schema\/logo\/image\/\"},\"sameAs\":[\"https:\/\/www.instagram.com\/ida.korea\/\"]}]}<\/script>\n<!-- \/ Yoast SEO plugin. -->","yoast_head_json":{"title":"Symbiotics Lacto-Fit Gold - It\u00e4-Korea","description":"Symbioottinen Lacto-Fit on ainutlaatuinen siin\u00e4 mieless\u00e4, ett\u00e4 se sis\u00e4lt\u00e4\u00e4 laktobasilleja, bifidobakteereja sek\u00e4 E-, C-, B6-, B12- ja B1-vitamiineja. Nopea toimitus!","robots":{"index":"index","follow":"follow","max-snippet":"max-snippet:-1","max-image-preview":"max-image-preview:large","max-video-preview":"max-video-preview:-1"},"canonical":"https:\/\/idakorea.ee\/fi\/product\/sumbiootikumid-lacto-fit-gold\/","og_locale":"fi_FI","og_type":"article","og_title":"S\u00fcmbiootikumid Lacto-Fit Gold - IDA.KOREA","og_description":"S\u00fcmbiootikum Lacto-Fit on unikaalne selle poolest, et sisaldab laktobatsille, bifidobaktereid ning vitamiine E, C, B6, B12 ja B1. Kiire tarne!","og_url":"https:\/\/idakorea.ee\/fi\/product\/sumbiootikumid-lacto-fit-gold\/","og_site_name":"IDA.KOREA","article_modified_time":"2026-03-27T18:30:40+00:00","og_image":[{"width":1299,"height":1299,"url":"https:\/\/idakorea.ee\/wp-content\/uploads\/2024\/10\/20001015492_1.jpg","type":"image\/jpeg"}],"twitter_card":"summary_large_image","twitter_misc":{"Arvioitu lukuaika":"1 minuutti"},"schema":{"@context":"https:\/\/schema.org","@graph":[{"@type":"WebPage","@id":"https:\/\/idakorea.ee\/product\/sumbiootikumid-lacto-fit-gold\/","url":"https:\/\/idakorea.ee\/product\/sumbiootikumid-lacto-fit-gold\/","name":"Symbiotics Lacto-Fit Gold - It\u00e4-Korea","isPartOf":{"@id":"https:\/\/idakorea.ee\/#website"},"primaryImageOfPage":{"@id":"https:\/\/idakorea.ee\/product\/sumbiootikumid-lacto-fit-gold\/#primaryimage"},"image":{"@id":"https:\/\/idakorea.ee\/product\/sumbiootikumid-lacto-fit-gold\/#primaryimage"},"thumbnailUrl":"https:\/\/idakorea.ee\/wp-content\/uploads\/2024\/10\/20001015492_1.jpg","datePublished":"2024-10-20T07:39:37+00:00","dateModified":"2026-03-27T18:30:40+00:00","description":"Symbioottinen Lacto-Fit on ainutlaatuinen siin\u00e4 mieless\u00e4, ett\u00e4 se sis\u00e4lt\u00e4\u00e4 laktobasilleja, bifidobakteereja sek\u00e4 E-, C-, B6-, B12- ja B1-vitamiineja. Nopea toimitus!","breadcrumb":{"@id":"https:\/\/idakorea.ee\/product\/sumbiootikumid-lacto-fit-gold\/#breadcrumb"},"inLanguage":"fi","potentialAction":[{"@type":"ReadAction","target":["https:\/\/idakorea.ee\/product\/sumbiootikumid-lacto-fit-gold\/"]}]},{"@type":"ImageObject","inLanguage":"fi","@id":"https:\/\/idakorea.ee\/product\/sumbiootikumid-lacto-fit-gold\/#primaryimage","url":"https:\/\/idakorea.ee\/wp-content\/uploads\/2024\/10\/20001015492_1.jpg","contentUrl":"https:\/\/idakorea.ee\/wp-content\/uploads\/2024\/10\/20001015492_1.jpg","width":1299,"height":1299,"caption":"lactofit gold"},{"@type":"BreadcrumbList","@id":"https:\/\/idakorea.ee\/product\/sumbiootikumid-lacto-fit-gold\/#breadcrumb","itemListElement":[{"@type":"ListItem","position":1,"name":"\u0413\u043b\u0430\u0432\u043d\u0430\u044f \u0441\u0442\u0440\u0430\u043d\u0438\u0446\u0430","item":"https:\/\/idakorea.ee\/"},{"@type":"ListItem","position":2,"name":"Shop","item":"https:\/\/idakorea.ee\/shop-2\/"},{"@type":"ListItem","position":3,"name":"S\u00fcmbiootikumid Lacto-Fit Gold"}]},{"@type":"WebSite","@id":"https:\/\/idakorea.ee\/#website","url":"https:\/\/idakorea.ee\/","name":"IDA.KOREA","description":"Korean kosmetiikan verkkokauppa","publisher":{"@id":"https:\/\/idakorea.ee\/#organization"},"alternateName":"Beauty Shop","potentialAction":[{"@type":"SearchAction","target":{"@type":"EntryPoint","urlTemplate":"https:\/\/idakorea.ee\/?s={search_term_string}"},"query-input":{"@type":"PropertyValueSpecification","valueRequired":true,"valueName":"search_term_string"}}],"inLanguage":"fi"},{"@type":"Organization","@id":"https:\/\/idakorea.ee\/#organization","name":"IDA.KOREA","url":"https:\/\/idakorea.ee\/","logo":{"@type":"ImageObject","inLanguage":"fi","@id":"https:\/\/idakorea.ee\/#\/schema\/logo\/image\/","url":"https:\/\/idakorea.ee\/wp-content\/uploads\/2024\/05\/cropped-korea3.png","contentUrl":"https:\/\/idakorea.ee\/wp-content\/uploads\/2024\/05\/cropped-korea3.png","width":688,"height":126,"caption":"IDA.KOREA"},"image":{"@id":"https:\/\/idakorea.ee\/#\/schema\/logo\/image\/"},"sameAs":["https:\/\/www.instagram.com\/ida.korea\/"]}]}},"jetpack_sharing_enabled":true,"brands":[{"id":522,"name":"LACTO-FIT","slug":"lacto-fit"}],"_links":{"self":[{"href":"https:\/\/idakorea.ee\/fi\/wp-json\/wp\/v2\/product\/10938","targetHints":{"allow":["GET"]}}],"collection":[{"href":"https:\/\/idakorea.ee\/fi\/wp-json\/wp\/v2\/product"}],"about":[{"href":"https:\/\/idakorea.ee\/fi\/wp-json\/wp\/v2\/types\/product"}],"replies":[{"embeddable":true,"href":"https:\/\/idakorea.ee\/fi\/wp-json\/wp\/v2\/comments?post=10938"}],"version-history":[{"count":2,"href":"https:\/\/idakorea.ee\/fi\/wp-json\/wp\/v2\/product\/10938\/revisions"}],"predecessor-version":[{"id":12358,"href":"https:\/\/idakorea.ee\/fi\/wp-json\/wp\/v2\/product\/10938\/revisions\/12358"}],"wp:featuredmedia":[{"embeddable":true,"href":"https:\/\/idakorea.ee\/fi\/wp-json\/wp\/v2\/media\/10939"}],"wp:attachment":[{"href":"https:\/\/idakorea.ee\/fi\/wp-json\/wp\/v2\/media?parent=10938"}],"wp:term":[{"taxonomy":"pwb-brand","embeddable":true,"href":"https:\/\/idakorea.ee\/fi\/wp-json\/wp\/v2\/pwb-brand?post=10938"},{"taxonomy":"product_brand","embeddable":true,"href":"https:\/\/idakorea.ee\/fi\/wp-json\/wp\/v2\/product_brand?post=10938"},{"taxonomy":"product_cat","embeddable":true,"href":"https:\/\/idakorea.ee\/fi\/wp-json\/wp\/v2\/product_cat?post=10938"},{"taxonomy":"product_tag","embeddable":true,"href":"https:\/\/idakorea.ee\/fi\/wp-json\/wp\/v2\/product_tag?post=10938"}],"curies":[{"name":"wp","href":"https:\/\/api.w.org\/{rel}","templated":true}]}}