{"id":10961,"date":"2024-10-20T11:24:45","date_gmt":"2024-10-20T08:24:45","guid":{"rendered":"https:\/\/idakorea.ee\/?post_type=product&#038;p=10961"},"modified":"2026-03-28T16:23:19","modified_gmt":"2026-03-28T14:23:19","slug":"huulemask-laneige-x-t1-limited-edition-peach-iced-tea-20g","status":"publish","type":"product","link":"https:\/\/idakorea.ee\/fi\/product\/huulemask-laneige-x-t1-limited-edition-peach-iced-tea-20g\/","title":{"rendered":"Huulirasva Laneige x T1 Limited Edition Peach Iced Tea, 20g"},"content":{"rendered":"<p><strong>Laneige Lip Sleeping Mask - huulten uninaamio<\/strong>\u00a0Palauttaa v\u00e4litt\u00f6m\u00e4sti huulten sileyden ja pehmeyden, kosteuttaa intensiivisesti, ehk\u00e4isee kuivumista ja hilseily\u00e4.<\/p>\n<p>Naamio on koostumukseltaan herkk\u00e4, geelim\u00e4inen ja siin\u00e4 on ihana hedelm\u00e4inen marjatuoksu, joka ei j\u00e4t\u00e4 tahmeutta tai ep\u00e4mukavuutta.<\/p>\n<p>T\u00e4m\u00e4 express-voide palauttaa huulten kauneuden, kimmoisuuden ja pehmeyden yhdess\u00e4 y\u00f6ss\u00e4 ja antaa niille silkkisyytt\u00e4 ja pehmeytt\u00e4. Naamio sis\u00e4lt\u00e4\u00e4 Berry Mix Complex\u2122: runsaasti C-vitamiinia sis\u00e4lt\u00e4v\u00e4 marjauute, jolla on antioksidanttisia ominaisuuksia, palauttaa nopeasti huulten sileyden ja kimmoisuuden.<\/p>\n<p><strong>K\u00e4ytt\u00f6:<\/strong>\u00a0Levit\u00e4 pieni m\u00e4\u00e4r\u00e4 naamiota huulille ennen nukkumaanmenoa, \u00e4l\u00e4 huuhtele. Aamulla pyyhi huulet varovasti kuivalla vanulapulla.<\/p>","protected":false},"excerpt":{"rendered":"<p>Laneige Lip Sleeping Mask palauttaa v\u00e4litt\u00f6m\u00e4sti huulten sileyden ja pehmeyden, kosteuttaa intensiivisesti ja ehk\u00e4isee kuivumista ja hilseily\u00e4. Naamio on koostumukseltaan hento, geelim\u00e4inen ja ihanan hedelm\u00e4isen marjainen tuoksu, eik\u00e4 j\u00e4t\u00e4 tahmeutta tai ep\u00e4mukavuutta. T\u00e4m\u00e4 express palauttaa huulten kauneuden, kimmoisuuden ja pehmeyden y\u00f6n yli, antaen niille silkkisyytt\u00e4 ja rehevyytt\u00e4. Naamio sis\u00e4lt\u00e4\u00e4 Berry Mix Complex \u2122: marjauutetta, joka sis\u00e4lt\u00e4\u00e4 runsaasti...<\/p>","protected":false},"featured_media":10962,"comment_status":"open","ping_status":"closed","template":"","meta":{"_uf_show_specific_survey":0,"_uf_disable_surveys":false,"_bst_post_transparent":"default","_bst_post_title":"","_bst_post_layout":"default","_bst_post_sidebar_id":"","_bst_post_content_style":"default","_bst_post_vertical_padding":"default","_bst_post_feature":"","_bst_post_feature_position":"","_bst_post_header":false,"_bst_post_footer":false},"pwb-brand":[477],"product_brand":[],"product_cat":[368,99],"product_tag":[654,497,653],"class_list":{"0":"post-10961","1":"product","2":"type-product","3":"status-publish","4":"has-post-thumbnail","6":"pwb-brand-laneige","7":"product_cat-huulepalsamid-ja-hooldus","8":"product_cat-silmad-ja-huuled-2","9":"product_tag-gummy-bear","10":"product_tag-laneige","11":"product_tag-limited-edition","13":"first","14":"instock","15":"sale","16":"shipping-taxable","17":"purchasable","18":"product-type-simple","19":"entry","20":"content-bg","21":"loop-entry"},"supplier_id":null,"supplier_sku":"","barcode":null,"atum_controlled":true,"out_stock_date":null,"out_stock_threshold":null,"inheritable":false,"inbound_stock":0,"stock_on_hold":0,"sold_today":0,"sales_last_days":0,"out_stock_days":0,"lost_sales":0,"has_location":false,"update_date":"2026-04-14T00:05:10","atum_locations":[],"atum_stock_status":"instock","restock_status":false,"low_stock_amount":"","sales_update_date":"2026-04-14T00:05:10","calc_backorders":null,"yoast_head":"<!-- This site is optimized with the Yoast SEO plugin v27.2 - https:\/\/yoast.com\/product\/yoast-seo-wordpress\/ -->\n<title>Huulemask Laneige x T1 Limited Edition Peach Iced Tea, 20g - IDA.KOREA<\/title>\n<meta name=\"description\" content=\"Laneige Lip Sleeping Mask\u00a0taastab hetkega huulte sileduse ja pehmuse, niisutab intensiivselt, ennetades kuivust ja ketendust. Kiire tarne!\" \/>\n<meta name=\"robots\" content=\"index, follow, max-snippet:-1, max-image-preview:large, max-video-preview:-1\" \/>\n<link rel=\"canonical\" href=\"https:\/\/idakorea.ee\/fi\/product\/huulemask-laneige-x-t1-limited-edition-peach-iced-tea-20g\/\" \/>\n<meta property=\"og:locale\" content=\"fi_FI\" \/>\n<meta property=\"og:type\" content=\"article\" \/>\n<meta property=\"og:title\" content=\"Huulemask Laneige x T1 Limited Edition Peach Iced Tea, 20g - IDA.KOREA\" \/>\n<meta property=\"og:description\" content=\"Laneige Lip Sleeping Mask\u00a0taastab hetkega huulte sileduse ja pehmuse, niisutab intensiivselt, ennetades kuivust ja ketendust. Kiire tarne!\" \/>\n<meta property=\"og:url\" content=\"https:\/\/idakorea.ee\/fi\/product\/huulemask-laneige-x-t1-limited-edition-peach-iced-tea-20g\/\" \/>\n<meta property=\"og:site_name\" content=\"IDA.KOREA\" \/>\n<meta property=\"article:modified_time\" content=\"2026-03-28T14:23:19+00:00\" \/>\n<meta property=\"og:image\" content=\"https:\/\/idakorea.ee\/wp-content\/uploads\/2024\/10\/peas.jpg\" \/>\n\t<meta property=\"og:image:width\" content=\"1000\" \/>\n\t<meta property=\"og:image:height\" content=\"1000\" \/>\n\t<meta property=\"og:image:type\" content=\"image\/jpeg\" \/>\n<meta name=\"twitter:card\" content=\"summary_large_image\" \/>\n<meta name=\"twitter:label1\" content=\"Arvioitu lukuaika\" \/>\n\t<meta name=\"twitter:data1\" content=\"1 minuutti\" \/>\n<script type=\"application\/ld+json\" class=\"yoast-schema-graph\">{\"@context\":\"https:\/\/schema.org\",\"@graph\":[{\"@type\":\"WebPage\",\"@id\":\"https:\/\/idakorea.ee\/product\/huulemask-laneige-x-t1-limited-edition-peach-iced-tea-20g\/\",\"url\":\"https:\/\/idakorea.ee\/product\/huulemask-laneige-x-t1-limited-edition-peach-iced-tea-20g\/\",\"name\":\"Huulemask Laneige x T1 Limited Edition Peach Iced Tea, 20g - IDA.KOREA\",\"isPartOf\":{\"@id\":\"https:\/\/idakorea.ee\/#website\"},\"primaryImageOfPage\":{\"@id\":\"https:\/\/idakorea.ee\/product\/huulemask-laneige-x-t1-limited-edition-peach-iced-tea-20g\/#primaryimage\"},\"image\":{\"@id\":\"https:\/\/idakorea.ee\/product\/huulemask-laneige-x-t1-limited-edition-peach-iced-tea-20g\/#primaryimage\"},\"thumbnailUrl\":\"https:\/\/idakorea.ee\/wp-content\/uploads\/2024\/10\/peas.jpg\",\"datePublished\":\"2024-10-20T08:24:45+00:00\",\"dateModified\":\"2026-03-28T14:23:19+00:00\",\"description\":\"Laneige Lip Sleeping Mask\u00a0taastab hetkega huulte sileduse ja pehmuse, niisutab intensiivselt, ennetades kuivust ja ketendust. Kiire tarne!\",\"breadcrumb\":{\"@id\":\"https:\/\/idakorea.ee\/product\/huulemask-laneige-x-t1-limited-edition-peach-iced-tea-20g\/#breadcrumb\"},\"inLanguage\":\"fi\",\"potentialAction\":[{\"@type\":\"ReadAction\",\"target\":[\"https:\/\/idakorea.ee\/product\/huulemask-laneige-x-t1-limited-edition-peach-iced-tea-20g\/\"]}]},{\"@type\":\"ImageObject\",\"inLanguage\":\"fi\",\"@id\":\"https:\/\/idakorea.ee\/product\/huulemask-laneige-x-t1-limited-edition-peach-iced-tea-20g\/#primaryimage\",\"url\":\"https:\/\/idakorea.ee\/wp-content\/uploads\/2024\/10\/peas.jpg\",\"contentUrl\":\"https:\/\/idakorea.ee\/wp-content\/uploads\/2024\/10\/peas.jpg\",\"width\":1000,\"height\":1000,\"caption\":\"laneige peac tea\"},{\"@type\":\"BreadcrumbList\",\"@id\":\"https:\/\/idakorea.ee\/product\/huulemask-laneige-x-t1-limited-edition-peach-iced-tea-20g\/#breadcrumb\",\"itemListElement\":[{\"@type\":\"ListItem\",\"position\":1,\"name\":\"\u0413\u043b\u0430\u0432\u043d\u0430\u044f \u0441\u0442\u0440\u0430\u043d\u0438\u0446\u0430\",\"item\":\"https:\/\/idakorea.ee\/\"},{\"@type\":\"ListItem\",\"position\":2,\"name\":\"Shop\",\"item\":\"https:\/\/idakorea.ee\/shop-2\/\"},{\"@type\":\"ListItem\",\"position\":3,\"name\":\"Huulemask Laneige x T1 Limited Edition Peach Iced Tea, 20g\"}]},{\"@type\":\"WebSite\",\"@id\":\"https:\/\/idakorea.ee\/#website\",\"url\":\"https:\/\/idakorea.ee\/\",\"name\":\"IDA.KOREA\",\"description\":\"Korea kosmeetika e-pood\",\"publisher\":{\"@id\":\"https:\/\/idakorea.ee\/#organization\"},\"alternateName\":\"Beauty Shop\",\"potentialAction\":[{\"@type\":\"SearchAction\",\"target\":{\"@type\":\"EntryPoint\",\"urlTemplate\":\"https:\/\/idakorea.ee\/?s={search_term_string}\"},\"query-input\":{\"@type\":\"PropertyValueSpecification\",\"valueRequired\":true,\"valueName\":\"search_term_string\"}}],\"inLanguage\":\"fi\"},{\"@type\":\"Organization\",\"@id\":\"https:\/\/idakorea.ee\/#organization\",\"name\":\"IDA.KOREA\",\"url\":\"https:\/\/idakorea.ee\/\",\"logo\":{\"@type\":\"ImageObject\",\"inLanguage\":\"fi\",\"@id\":\"https:\/\/idakorea.ee\/#\/schema\/logo\/image\/\",\"url\":\"https:\/\/idakorea.ee\/wp-content\/uploads\/2024\/05\/cropped-korea3.png\",\"contentUrl\":\"https:\/\/idakorea.ee\/wp-content\/uploads\/2024\/05\/cropped-korea3.png\",\"width\":688,\"height\":126,\"caption\":\"IDA.KOREA\"},\"image\":{\"@id\":\"https:\/\/idakorea.ee\/#\/schema\/logo\/image\/\"},\"sameAs\":[\"https:\/\/www.instagram.com\/ida.korea\/\"]}]}<\/script>\n<!-- \/ Yoast SEO plugin. -->","yoast_head_json":{"title":"Huulinaamio Laneige x T1 Limited Edition Peach Iced Tea, 20g - IDA.KOREA","description":"Laneige Lip Sleeping Mask palauttaa huulten sileyden ja pehmeyden v\u00e4litt\u00f6m\u00e4sti, kosteuttaa tehokkaasti ja ehk\u00e4isee kuivumista ja hilseily\u00e4. Nopea toimitus!","robots":{"index":"index","follow":"follow","max-snippet":"max-snippet:-1","max-image-preview":"max-image-preview:large","max-video-preview":"max-video-preview:-1"},"canonical":"https:\/\/idakorea.ee\/fi\/product\/huulemask-laneige-x-t1-limited-edition-peach-iced-tea-20g\/","og_locale":"fi_FI","og_type":"article","og_title":"Huulemask Laneige x T1 Limited Edition Peach Iced Tea, 20g - IDA.KOREA","og_description":"Laneige Lip Sleeping Mask\u00a0taastab hetkega huulte sileduse ja pehmuse, niisutab intensiivselt, ennetades kuivust ja ketendust. Kiire tarne!","og_url":"https:\/\/idakorea.ee\/fi\/product\/huulemask-laneige-x-t1-limited-edition-peach-iced-tea-20g\/","og_site_name":"IDA.KOREA","article_modified_time":"2026-03-28T14:23:19+00:00","og_image":[{"width":1000,"height":1000,"url":"https:\/\/idakorea.ee\/wp-content\/uploads\/2024\/10\/peas.jpg","type":"image\/jpeg"}],"twitter_card":"summary_large_image","twitter_misc":{"Arvioitu lukuaika":"1 minuutti"},"schema":{"@context":"https:\/\/schema.org","@graph":[{"@type":"WebPage","@id":"https:\/\/idakorea.ee\/product\/huulemask-laneige-x-t1-limited-edition-peach-iced-tea-20g\/","url":"https:\/\/idakorea.ee\/product\/huulemask-laneige-x-t1-limited-edition-peach-iced-tea-20g\/","name":"Huulinaamio Laneige x T1 Limited Edition Peach Iced Tea, 20g - IDA.KOREA","isPartOf":{"@id":"https:\/\/idakorea.ee\/#website"},"primaryImageOfPage":{"@id":"https:\/\/idakorea.ee\/product\/huulemask-laneige-x-t1-limited-edition-peach-iced-tea-20g\/#primaryimage"},"image":{"@id":"https:\/\/idakorea.ee\/product\/huulemask-laneige-x-t1-limited-edition-peach-iced-tea-20g\/#primaryimage"},"thumbnailUrl":"https:\/\/idakorea.ee\/wp-content\/uploads\/2024\/10\/peas.jpg","datePublished":"2024-10-20T08:24:45+00:00","dateModified":"2026-03-28T14:23:19+00:00","description":"Laneige Lip Sleeping Mask palauttaa huulten sileyden ja pehmeyden v\u00e4litt\u00f6m\u00e4sti, kosteuttaa tehokkaasti ja ehk\u00e4isee kuivumista ja hilseily\u00e4. Nopea toimitus!","breadcrumb":{"@id":"https:\/\/idakorea.ee\/product\/huulemask-laneige-x-t1-limited-edition-peach-iced-tea-20g\/#breadcrumb"},"inLanguage":"fi","potentialAction":[{"@type":"ReadAction","target":["https:\/\/idakorea.ee\/product\/huulemask-laneige-x-t1-limited-edition-peach-iced-tea-20g\/"]}]},{"@type":"ImageObject","inLanguage":"fi","@id":"https:\/\/idakorea.ee\/product\/huulemask-laneige-x-t1-limited-edition-peach-iced-tea-20g\/#primaryimage","url":"https:\/\/idakorea.ee\/wp-content\/uploads\/2024\/10\/peas.jpg","contentUrl":"https:\/\/idakorea.ee\/wp-content\/uploads\/2024\/10\/peas.jpg","width":1000,"height":1000,"caption":"laneige peac tea"},{"@type":"BreadcrumbList","@id":"https:\/\/idakorea.ee\/product\/huulemask-laneige-x-t1-limited-edition-peach-iced-tea-20g\/#breadcrumb","itemListElement":[{"@type":"ListItem","position":1,"name":"\u0413\u043b\u0430\u0432\u043d\u0430\u044f \u0441\u0442\u0440\u0430\u043d\u0438\u0446\u0430","item":"https:\/\/idakorea.ee\/"},{"@type":"ListItem","position":2,"name":"Shop","item":"https:\/\/idakorea.ee\/shop-2\/"},{"@type":"ListItem","position":3,"name":"Huulemask Laneige x T1 Limited Edition Peach Iced Tea, 20g"}]},{"@type":"WebSite","@id":"https:\/\/idakorea.ee\/#website","url":"https:\/\/idakorea.ee\/","name":"IDA.KOREA","description":"Korean kosmetiikan verkkokauppa","publisher":{"@id":"https:\/\/idakorea.ee\/#organization"},"alternateName":"Beauty Shop","potentialAction":[{"@type":"SearchAction","target":{"@type":"EntryPoint","urlTemplate":"https:\/\/idakorea.ee\/?s={search_term_string}"},"query-input":{"@type":"PropertyValueSpecification","valueRequired":true,"valueName":"search_term_string"}}],"inLanguage":"fi"},{"@type":"Organization","@id":"https:\/\/idakorea.ee\/#organization","name":"IDA.KOREA","url":"https:\/\/idakorea.ee\/","logo":{"@type":"ImageObject","inLanguage":"fi","@id":"https:\/\/idakorea.ee\/#\/schema\/logo\/image\/","url":"https:\/\/idakorea.ee\/wp-content\/uploads\/2024\/05\/cropped-korea3.png","contentUrl":"https:\/\/idakorea.ee\/wp-content\/uploads\/2024\/05\/cropped-korea3.png","width":688,"height":126,"caption":"IDA.KOREA"},"image":{"@id":"https:\/\/idakorea.ee\/#\/schema\/logo\/image\/"},"sameAs":["https:\/\/www.instagram.com\/ida.korea\/"]}]}},"jetpack_sharing_enabled":true,"brands":[{"id":477,"name":"LANEIGE","slug":"laneige"}],"_links":{"self":[{"href":"https:\/\/idakorea.ee\/fi\/wp-json\/wp\/v2\/product\/10961","targetHints":{"allow":["GET"]}}],"collection":[{"href":"https:\/\/idakorea.ee\/fi\/wp-json\/wp\/v2\/product"}],"about":[{"href":"https:\/\/idakorea.ee\/fi\/wp-json\/wp\/v2\/types\/product"}],"replies":[{"embeddable":true,"href":"https:\/\/idakorea.ee\/fi\/wp-json\/wp\/v2\/comments?post=10961"}],"version-history":[{"count":2,"href":"https:\/\/idakorea.ee\/fi\/wp-json\/wp\/v2\/product\/10961\/revisions"}],"predecessor-version":[{"id":12157,"href":"https:\/\/idakorea.ee\/fi\/wp-json\/wp\/v2\/product\/10961\/revisions\/12157"}],"wp:featuredmedia":[{"embeddable":true,"href":"https:\/\/idakorea.ee\/fi\/wp-json\/wp\/v2\/media\/10962"}],"wp:attachment":[{"href":"https:\/\/idakorea.ee\/fi\/wp-json\/wp\/v2\/media?parent=10961"}],"wp:term":[{"taxonomy":"pwb-brand","embeddable":true,"href":"https:\/\/idakorea.ee\/fi\/wp-json\/wp\/v2\/pwb-brand?post=10961"},{"taxonomy":"product_brand","embeddable":true,"href":"https:\/\/idakorea.ee\/fi\/wp-json\/wp\/v2\/product_brand?post=10961"},{"taxonomy":"product_cat","embeddable":true,"href":"https:\/\/idakorea.ee\/fi\/wp-json\/wp\/v2\/product_cat?post=10961"},{"taxonomy":"product_tag","embeddable":true,"href":"https:\/\/idakorea.ee\/fi\/wp-json\/wp\/v2\/product_tag?post=10961"}],"curies":[{"name":"wp","href":"https:\/\/api.w.org\/{rel}","templated":true}]}}