{"id":10977,"date":"2024-10-22T10:04:06","date_gmt":"2024-10-22T07:04:06","guid":{"rendered":"https:\/\/idakorea.ee\/?post_type=product&#038;p=10977"},"modified":"2026-04-01T17:31:57","modified_gmt":"2026-04-01T15:31:57","slug":"oomask-snp-gold-collagen-sleeping-pack-4ml","status":"publish","type":"product","link":"https:\/\/idakorea.ee\/fi\/product\/oomask-snp-gold-collagen-sleeping-pack-4ml\/","title":{"rendered":"Y\u00f6naamio SNP Gold Collagen Sleeping Pack, 4ml"},"content":{"rendered":"<p><strong>SNP Gold -kollageenin makuupussi<\/strong> Kollageenia ja kultaa sis\u00e4lt\u00e4v\u00e4 y\u00f6naamio ravitsee ihoa aktiivisilla ainesosilla koko y\u00f6n ajan, auttaa silottamaan ryppyj\u00e4 ja v\u00e4hent\u00e4m\u00e4\u00e4n juonteiden syvyytt\u00e4.<\/p>\n<p>Tuote parantaa ihon mikroreliefi\u00e4, tasoittaa ihon s\u00e4vy\u00e4 ja antaa sille hehkua. Stimuloi kehoa tuottamaan omaa kollageenia, mik\u00e4 lis\u00e4\u00e4 ihon kimmoisuutta ja kiinteytt\u00e4, ehk\u00e4isee kuivumista ja hilseily\u00e4 sek\u00e4 hidastaa ihon ik\u00e4\u00e4ntymisprosesseja. Parantaa veren mikrokiertoa, k\u00e4ynnist\u00e4\u00e4 solujen uudistumisen ja edist\u00e4\u00e4 ihon uusiutumista.<\/p>\n<p>Naamio palauttaa hydrolipiditasapainon ja auttaa s\u00e4ilytt\u00e4m\u00e4\u00e4n kosteutta epidermiksen syvemmiss\u00e4 kerroksissa. Se suojaa ihoa ymp\u00e4rist\u00f6n haitallisilta vaikutuksilta ja neutraloi ultraviolettis\u00e4teilyn negatiivisia vaikutuksia.<\/p>\n<p><strong>T\u00e4rkeimm\u00e4t vaikuttavat aineet:<\/strong><\/p>\n<p><strong>- kollaasit<\/strong> Kosteuttaa ja s\u00e4ilytt\u00e4\u00e4 ihon kosteuden, auttaen yll\u00e4pit\u00e4m\u00e4\u00e4n kimmoisuutta ja kiinteytt\u00e4 sek\u00e4 v\u00e4hent\u00e4m\u00e4\u00e4n ik\u00e4\u00e4ntymisen merkkej\u00e4.<br \/>\n<strong>\u2013 Kolloidinen kulta<\/strong> parantaa veren mikrokiertoa ja stimuloi solujen jakautumista. Sill\u00e4 on bakteereja tappava vaikutus sek\u00e4 nuorentava, kosteuttava ja uudistava vaikutus. Se my\u00f6s tehostaa muiden ainesosien tehoa.<br \/>\n<strong>\u2013 Tregaloosi<\/strong> on polysakkaridi, jolla on voimakas kosteuttava vaikutus, joka hidastaa ik\u00e4\u00e4ntymisprosesseja ja jolla on antioksidanttivaikutus.<\/p>\n<p>&nbsp;<\/p>\n<p><strong>Sopii kaikille ihotyypeille.<\/strong><\/p>\n<p><strong>K\u00e4ytt\u00f6ohjeet:<\/strong> Levit\u00e4 naamio ihonhoitorutiinisi viimeisen\u00e4 vaiheena 30 minuuttia ennen nukkumaanmenoa. K\u00e4yt\u00e4 1\u20132 kertaa viikossa.<\/p>","protected":false},"excerpt":{"rendered":"<p>SNP Gold Collagen Sleeping Pack Night Mask -y\u00f6naamio, jossa on kollageenia ja kultaa, ravitsee ihoa aktiivisilla ainesosilla koko y\u00f6n ajan ja auttaa silottamaan ryppyj\u00e4 ja v\u00e4hent\u00e4m\u00e4\u00e4n juonteita. Tuote parantaa ihon mikrorakennetta, tasoittaa ihon s\u00e4vy\u00e4 ja lis\u00e4\u00e4 s\u00e4teily\u00e4. Stimuloi elimist\u00f6\u00e4 tuottamaan omaa kollageenia, mik\u00e4 lis\u00e4\u00e4 ihon kimmoisuutta ja s\u00e4teilevyytt\u00e4, ehk\u00e4isee ihon kuivumista ja hilseily\u00e4 sek\u00e4 hidastaa ik\u00e4\u00e4ntymisprosessia. Parantaa veren mikroverenkiertoa, k\u00e4ynnist\u00e4\u00e4...<\/p>","protected":false},"featured_media":10978,"comment_status":"open","ping_status":"closed","template":"","meta":{"_uf_show_specific_survey":0,"_uf_disable_surveys":false,"_bst_post_transparent":"default","_bst_post_title":"","_bst_post_layout":"default","_bst_post_sidebar_id":"","_bst_post_content_style":"default","_bst_post_vertical_padding":"default","_bst_post_feature":"","_bst_post_feature_position":"","_bst_post_header":false,"_bst_post_footer":false},"pwb-brand":[642],"product_brand":[],"product_cat":[92,98],"product_tag":[655],"class_list":{"0":"post-10977","1":"product","2":"type-product","3":"status-publish","4":"has-post-thumbnail","6":"pwb-brand-snp","7":"product_cat-nagu","8":"product_cat-naomaskid","9":"product_tag-snp-gold","11":"first","12":"instock","13":"sale","14":"shipping-taxable","15":"purchasable","16":"product-type-simple","17":"entry","18":"content-bg","19":"loop-entry"},"supplier_id":null,"supplier_sku":"","barcode":null,"atum_controlled":true,"out_stock_date":null,"out_stock_threshold":null,"inheritable":false,"inbound_stock":0,"stock_on_hold":0,"sold_today":0,"sales_last_days":19,"out_stock_days":0,"lost_sales":0,"has_location":false,"update_date":"2026-04-14T00:05:11","atum_locations":[],"atum_stock_status":"instock","restock_status":false,"low_stock_amount":"","sales_update_date":"2026-04-14T00:05:11","calc_backorders":null,"yoast_head":"<!-- This site is optimized with the Yoast SEO plugin v27.2 - https:\/\/yoast.com\/product\/yoast-seo-wordpress\/ -->\n<title>\u00d6\u00f6mask SNP Gold Collagen Sleeping Pack, 4ml - IDA.KOREA<\/title>\n<meta name=\"description\" content=\"SNP Gold Collagen Sleeping Pack \u00f6\u00f6mask kollageeni ja kullaga toidab nahka aktiivsete koostisosadega kogu \u00f6\u00f6 jooksul, aitab siluda kortse ja v\u00e4hendab joonte s\u00fcgavust.\" \/>\n<meta name=\"robots\" content=\"index, follow, max-snippet:-1, max-image-preview:large, max-video-preview:-1\" \/>\n<link rel=\"canonical\" href=\"https:\/\/idakorea.ee\/fi\/product\/oomask-snp-gold-collagen-sleeping-pack-4ml\/\" \/>\n<meta property=\"og:locale\" content=\"fi_FI\" \/>\n<meta property=\"og:type\" content=\"article\" \/>\n<meta property=\"og:title\" content=\"\u00d6\u00f6mask SNP Gold Collagen Sleeping Pack, 4ml - IDA.KOREA\" \/>\n<meta property=\"og:description\" content=\"SNP Gold Collagen Sleeping Pack \u00f6\u00f6mask kollageeni ja kullaga toidab nahka aktiivsete koostisosadega kogu \u00f6\u00f6 jooksul, aitab siluda kortse ja v\u00e4hendab joonte s\u00fcgavust.\" \/>\n<meta property=\"og:url\" content=\"https:\/\/idakorea.ee\/fi\/product\/oomask-snp-gold-collagen-sleeping-pack-4ml\/\" \/>\n<meta property=\"og:site_name\" content=\"IDA.KOREA\" \/>\n<meta property=\"article:modified_time\" content=\"2026-04-01T15:31:57+00:00\" \/>\n<meta property=\"og:image\" content=\"https:\/\/idakorea.ee\/wp-content\/uploads\/2024\/10\/snpgold.jpg\" \/>\n\t<meta property=\"og:image:width\" content=\"768\" \/>\n\t<meta property=\"og:image:height\" content=\"768\" \/>\n\t<meta property=\"og:image:type\" content=\"image\/jpeg\" \/>\n<meta name=\"twitter:card\" content=\"summary_large_image\" \/>\n<meta name=\"twitter:label1\" content=\"Arvioitu lukuaika\" \/>\n\t<meta name=\"twitter:data1\" content=\"2 minuuttia\" \/>\n<script type=\"application\/ld+json\" class=\"yoast-schema-graph\">{\"@context\":\"https:\/\/schema.org\",\"@graph\":[{\"@type\":\"WebPage\",\"@id\":\"https:\/\/idakorea.ee\/product\/oomask-snp-gold-collagen-sleeping-pack-4ml\/\",\"url\":\"https:\/\/idakorea.ee\/product\/oomask-snp-gold-collagen-sleeping-pack-4ml\/\",\"name\":\"\u00d6\u00f6mask SNP Gold Collagen Sleeping Pack, 4ml - IDA.KOREA\",\"isPartOf\":{\"@id\":\"https:\/\/idakorea.ee\/#website\"},\"primaryImageOfPage\":{\"@id\":\"https:\/\/idakorea.ee\/product\/oomask-snp-gold-collagen-sleeping-pack-4ml\/#primaryimage\"},\"image\":{\"@id\":\"https:\/\/idakorea.ee\/product\/oomask-snp-gold-collagen-sleeping-pack-4ml\/#primaryimage\"},\"thumbnailUrl\":\"https:\/\/idakorea.ee\/wp-content\/uploads\/2024\/10\/snpgold.jpg\",\"datePublished\":\"2024-10-22T07:04:06+00:00\",\"dateModified\":\"2026-04-01T15:31:57+00:00\",\"description\":\"SNP Gold Collagen Sleeping Pack \u00f6\u00f6mask kollageeni ja kullaga toidab nahka aktiivsete koostisosadega kogu \u00f6\u00f6 jooksul, aitab siluda kortse ja v\u00e4hendab joonte s\u00fcgavust.\",\"breadcrumb\":{\"@id\":\"https:\/\/idakorea.ee\/product\/oomask-snp-gold-collagen-sleeping-pack-4ml\/#breadcrumb\"},\"inLanguage\":\"fi\",\"potentialAction\":[{\"@type\":\"ReadAction\",\"target\":[\"https:\/\/idakorea.ee\/product\/oomask-snp-gold-collagen-sleeping-pack-4ml\/\"]}]},{\"@type\":\"ImageObject\",\"inLanguage\":\"fi\",\"@id\":\"https:\/\/idakorea.ee\/product\/oomask-snp-gold-collagen-sleeping-pack-4ml\/#primaryimage\",\"url\":\"https:\/\/idakorea.ee\/wp-content\/uploads\/2024\/10\/snpgold.jpg\",\"contentUrl\":\"https:\/\/idakorea.ee\/wp-content\/uploads\/2024\/10\/snpgold.jpg\",\"width\":768,\"height\":768},{\"@type\":\"BreadcrumbList\",\"@id\":\"https:\/\/idakorea.ee\/product\/oomask-snp-gold-collagen-sleeping-pack-4ml\/#breadcrumb\",\"itemListElement\":[{\"@type\":\"ListItem\",\"position\":1,\"name\":\"\u0413\u043b\u0430\u0432\u043d\u0430\u044f \u0441\u0442\u0440\u0430\u043d\u0438\u0446\u0430\",\"item\":\"https:\/\/idakorea.ee\/\"},{\"@type\":\"ListItem\",\"position\":2,\"name\":\"Shop\",\"item\":\"https:\/\/idakorea.ee\/shop-2\/\"},{\"@type\":\"ListItem\",\"position\":3,\"name\":\"\u00d6\u00f6mask SNP Gold Collagen Sleeping Pack, 4ml\"}]},{\"@type\":\"WebSite\",\"@id\":\"https:\/\/idakorea.ee\/#website\",\"url\":\"https:\/\/idakorea.ee\/\",\"name\":\"IDA.KOREA\",\"description\":\"Korea kosmeetika e-pood\",\"publisher\":{\"@id\":\"https:\/\/idakorea.ee\/#organization\"},\"alternateName\":\"Beauty Shop\",\"potentialAction\":[{\"@type\":\"SearchAction\",\"target\":{\"@type\":\"EntryPoint\",\"urlTemplate\":\"https:\/\/idakorea.ee\/?s={search_term_string}\"},\"query-input\":{\"@type\":\"PropertyValueSpecification\",\"valueRequired\":true,\"valueName\":\"search_term_string\"}}],\"inLanguage\":\"fi\"},{\"@type\":\"Organization\",\"@id\":\"https:\/\/idakorea.ee\/#organization\",\"name\":\"IDA.KOREA\",\"url\":\"https:\/\/idakorea.ee\/\",\"logo\":{\"@type\":\"ImageObject\",\"inLanguage\":\"fi\",\"@id\":\"https:\/\/idakorea.ee\/#\/schema\/logo\/image\/\",\"url\":\"https:\/\/idakorea.ee\/wp-content\/uploads\/2024\/05\/cropped-korea3.png\",\"contentUrl\":\"https:\/\/idakorea.ee\/wp-content\/uploads\/2024\/05\/cropped-korea3.png\",\"width\":688,\"height\":126,\"caption\":\"IDA.KOREA\"},\"image\":{\"@id\":\"https:\/\/idakorea.ee\/#\/schema\/logo\/image\/\"},\"sameAs\":[\"https:\/\/www.instagram.com\/ida.korea\/\"]}]}<\/script>\n<!-- \/ Yoast SEO plugin. -->","yoast_head_json":{"title":"Y\u00f6naamio SNP Gold Collagen Sleeping Pack, 4ml - IDA.KOREA","description":"SNP Gold Collagen Sleeping Pack -y\u00f6naamio kollageenilla ja kullalla ravitsee ihoa aktiivisilla ainesosilla koko y\u00f6n ajan, auttaa silottamaan ryppyj\u00e4 ja v\u00e4hent\u00e4m\u00e4\u00e4n juonteiden syvyytt\u00e4.","robots":{"index":"index","follow":"follow","max-snippet":"max-snippet:-1","max-image-preview":"max-image-preview:large","max-video-preview":"max-video-preview:-1"},"canonical":"https:\/\/idakorea.ee\/fi\/product\/oomask-snp-gold-collagen-sleeping-pack-4ml\/","og_locale":"fi_FI","og_type":"article","og_title":"\u00d6\u00f6mask SNP Gold Collagen Sleeping Pack, 4ml - IDA.KOREA","og_description":"SNP Gold Collagen Sleeping Pack \u00f6\u00f6mask kollageeni ja kullaga toidab nahka aktiivsete koostisosadega kogu \u00f6\u00f6 jooksul, aitab siluda kortse ja v\u00e4hendab joonte s\u00fcgavust.","og_url":"https:\/\/idakorea.ee\/fi\/product\/oomask-snp-gold-collagen-sleeping-pack-4ml\/","og_site_name":"IDA.KOREA","article_modified_time":"2026-04-01T15:31:57+00:00","og_image":[{"width":768,"height":768,"url":"https:\/\/idakorea.ee\/wp-content\/uploads\/2024\/10\/snpgold.jpg","type":"image\/jpeg"}],"twitter_card":"summary_large_image","twitter_misc":{"Arvioitu lukuaika":"2 minuuttia"},"schema":{"@context":"https:\/\/schema.org","@graph":[{"@type":"WebPage","@id":"https:\/\/idakorea.ee\/product\/oomask-snp-gold-collagen-sleeping-pack-4ml\/","url":"https:\/\/idakorea.ee\/product\/oomask-snp-gold-collagen-sleeping-pack-4ml\/","name":"Y\u00f6naamio SNP Gold Collagen Sleeping Pack, 4ml - IDA.KOREA","isPartOf":{"@id":"https:\/\/idakorea.ee\/#website"},"primaryImageOfPage":{"@id":"https:\/\/idakorea.ee\/product\/oomask-snp-gold-collagen-sleeping-pack-4ml\/#primaryimage"},"image":{"@id":"https:\/\/idakorea.ee\/product\/oomask-snp-gold-collagen-sleeping-pack-4ml\/#primaryimage"},"thumbnailUrl":"https:\/\/idakorea.ee\/wp-content\/uploads\/2024\/10\/snpgold.jpg","datePublished":"2024-10-22T07:04:06+00:00","dateModified":"2026-04-01T15:31:57+00:00","description":"SNP Gold Collagen Sleeping Pack -y\u00f6naamio kollageenilla ja kullalla ravitsee ihoa aktiivisilla ainesosilla koko y\u00f6n ajan, auttaa silottamaan ryppyj\u00e4 ja v\u00e4hent\u00e4m\u00e4\u00e4n juonteiden syvyytt\u00e4.","breadcrumb":{"@id":"https:\/\/idakorea.ee\/product\/oomask-snp-gold-collagen-sleeping-pack-4ml\/#breadcrumb"},"inLanguage":"fi","potentialAction":[{"@type":"ReadAction","target":["https:\/\/idakorea.ee\/product\/oomask-snp-gold-collagen-sleeping-pack-4ml\/"]}]},{"@type":"ImageObject","inLanguage":"fi","@id":"https:\/\/idakorea.ee\/product\/oomask-snp-gold-collagen-sleeping-pack-4ml\/#primaryimage","url":"https:\/\/idakorea.ee\/wp-content\/uploads\/2024\/10\/snpgold.jpg","contentUrl":"https:\/\/idakorea.ee\/wp-content\/uploads\/2024\/10\/snpgold.jpg","width":768,"height":768},{"@type":"BreadcrumbList","@id":"https:\/\/idakorea.ee\/product\/oomask-snp-gold-collagen-sleeping-pack-4ml\/#breadcrumb","itemListElement":[{"@type":"ListItem","position":1,"name":"\u0413\u043b\u0430\u0432\u043d\u0430\u044f \u0441\u0442\u0440\u0430\u043d\u0438\u0446\u0430","item":"https:\/\/idakorea.ee\/"},{"@type":"ListItem","position":2,"name":"Shop","item":"https:\/\/idakorea.ee\/shop-2\/"},{"@type":"ListItem","position":3,"name":"\u00d6\u00f6mask SNP Gold Collagen Sleeping Pack, 4ml"}]},{"@type":"WebSite","@id":"https:\/\/idakorea.ee\/#website","url":"https:\/\/idakorea.ee\/","name":"IDA.KOREA","description":"Korean kosmetiikan verkkokauppa","publisher":{"@id":"https:\/\/idakorea.ee\/#organization"},"alternateName":"Beauty Shop","potentialAction":[{"@type":"SearchAction","target":{"@type":"EntryPoint","urlTemplate":"https:\/\/idakorea.ee\/?s={search_term_string}"},"query-input":{"@type":"PropertyValueSpecification","valueRequired":true,"valueName":"search_term_string"}}],"inLanguage":"fi"},{"@type":"Organization","@id":"https:\/\/idakorea.ee\/#organization","name":"IDA.KOREA","url":"https:\/\/idakorea.ee\/","logo":{"@type":"ImageObject","inLanguage":"fi","@id":"https:\/\/idakorea.ee\/#\/schema\/logo\/image\/","url":"https:\/\/idakorea.ee\/wp-content\/uploads\/2024\/05\/cropped-korea3.png","contentUrl":"https:\/\/idakorea.ee\/wp-content\/uploads\/2024\/05\/cropped-korea3.png","width":688,"height":126,"caption":"IDA.KOREA"},"image":{"@id":"https:\/\/idakorea.ee\/#\/schema\/logo\/image\/"},"sameAs":["https:\/\/www.instagram.com\/ida.korea\/"]}]}},"jetpack_sharing_enabled":true,"brands":[{"id":642,"name":"SNP","slug":"snp"}],"_links":{"self":[{"href":"https:\/\/idakorea.ee\/fi\/wp-json\/wp\/v2\/product\/10977","targetHints":{"allow":["GET"]}}],"collection":[{"href":"https:\/\/idakorea.ee\/fi\/wp-json\/wp\/v2\/product"}],"about":[{"href":"https:\/\/idakorea.ee\/fi\/wp-json\/wp\/v2\/types\/product"}],"replies":[{"embeddable":true,"href":"https:\/\/idakorea.ee\/fi\/wp-json\/wp\/v2\/comments?post=10977"}],"version-history":[{"count":1,"href":"https:\/\/idakorea.ee\/fi\/wp-json\/wp\/v2\/product\/10977\/revisions"}],"predecessor-version":[{"id":10981,"href":"https:\/\/idakorea.ee\/fi\/wp-json\/wp\/v2\/product\/10977\/revisions\/10981"}],"wp:featuredmedia":[{"embeddable":true,"href":"https:\/\/idakorea.ee\/fi\/wp-json\/wp\/v2\/media\/10978"}],"wp:attachment":[{"href":"https:\/\/idakorea.ee\/fi\/wp-json\/wp\/v2\/media?parent=10977"}],"wp:term":[{"taxonomy":"pwb-brand","embeddable":true,"href":"https:\/\/idakorea.ee\/fi\/wp-json\/wp\/v2\/pwb-brand?post=10977"},{"taxonomy":"product_brand","embeddable":true,"href":"https:\/\/idakorea.ee\/fi\/wp-json\/wp\/v2\/product_brand?post=10977"},{"taxonomy":"product_cat","embeddable":true,"href":"https:\/\/idakorea.ee\/fi\/wp-json\/wp\/v2\/product_cat?post=10977"},{"taxonomy":"product_tag","embeddable":true,"href":"https:\/\/idakorea.ee\/fi\/wp-json\/wp\/v2\/product_tag?post=10977"}],"curies":[{"name":"wp","href":"https:\/\/api.w.org\/{rel}","templated":true}]}}