{"id":10987,"date":"2024-10-23T11:36:41","date_gmt":"2024-10-23T08:36:41","guid":{"rendered":"https:\/\/idakorea.ee\/?post_type=product&#038;p=10987"},"modified":"2026-01-30T16:03:25","modified_gmt":"2026-01-30T14:03:25","slug":"naotoonik-dr-g-r-e-d-blemish-clear-soothing-toner-200ml","status":"publish","type":"product","link":"https:\/\/idakorea.ee\/fi\/product\/naotoonik-dr-g-r-e-d-blemish-clear-soothing-toner-200ml\/","title":{"rendered":"Kasvovesi Dr.G R.E.D Blemish Clear Soothing Toner, 200ml"},"content":{"rendered":"<p>Alkoholiton kasvovesi ongelmaiholle, jossa on viitt\u00e4 eri centella-lajia <strong>Dr.G RED Blemish Clear Soothing Toner -kasvovesi<\/strong> rauhoittaa \u00e4rtynytt\u00e4 ja vaurioitunutta ihoa ja valmistaa sen seuraaviin kosteutusvaiheisiin. Kasvovedell\u00e4 on hell\u00e4varainen kuoriva vaikutus, joka puhdistaa huolellisesti kuolleita ihosoluja, stimuloi ihon uusiutumista ja uudistumista sek\u00e4 parantaa verenkiertoa ja aineenvaihduntaprosesseja.<\/p>\n<p>Kasvovesi s\u00e4\u00e4telee talirauhasten erityst\u00e4, poistaa rasvaista kiiltoa ja v\u00e4hent\u00e4\u00e4 tulehdusprosesseja. Sill\u00e4 on my\u00f6s positiivinen vaikutus akneen taipuvaiseen ihoon.<\/p>\n<p>Patentoitu Soft Peel Complex\u2122 -yhdiste, joka sis\u00e4lt\u00e4\u00e4 AHA- ja BHA-happoja, kuorii ihoa hell\u00e4varaisesti poistaen kuolleita ihosoluja ja stimuloiden epidermiksen uusiutumista parantaen ihon rakennetta.<\/p>\n<p>Kasvoveden kevyt ja vetinen koostumus imeytyy v\u00e4litt\u00f6m\u00e4sti eik\u00e4 j\u00e4t\u00e4 j\u00e4\u00e4mi\u00e4 iholle. Koska kasvovesi ei sis\u00e4ll\u00e4 alkoholia, se ei kuivata tai kirist\u00e4 ihoa, vaan yll\u00e4pit\u00e4\u00e4 optimaalista hydrolipiditasapainoa.<\/p>\n<p><strong>T\u00e4rkeimm\u00e4t vaikuttavat aineet:<\/strong><br \/>\n<strong>\u2013 Soft Peel Complex\u2122<\/strong> Happokompleksi puhdistaa hell\u00e4varaisesti epidermiksen pintakerroksen, poistaa kuolleita ihosoluja, nopeuttaa uusiutumisprosessia, parantaa verenkiertoa soluissa, silottaa ihoa ja stimuloi kollageenin tuotantoa.<br \/>\n<strong>\u2013 5 erilaista centella asiaticaa<\/strong> Kokonaisvaltainen hoitoyhdistelm\u00e4 lis\u00e4\u00e4 ihon kimmoisuutta ja kiinteytt\u00e4, kosteuttaa dermis-soluja ja luo iholle suojaavan kerroksen stressin, UV-s\u00e4teilyn ja saasteiden haitallisilta vaikutuksilta.<br \/>\n<strong>\u2013 Aloe vera -uutetta<\/strong> Sill\u00e4 on tulehdusta est\u00e4v\u00e4 ja rauhoittava vaikutus, joka lievitt\u00e4\u00e4 punoitusta ja \u00e4rsytyst\u00e4. Se kosteuttaa ihoa aktiivisesti rikastuttaen sit\u00e4 orgaanisilla hapoilla, \u00f6ljyill\u00e4 ja vitamiineilla.<br \/>\n<strong>- keramidit<\/strong> vahvistaa ihosoluja ja lis\u00e4\u00e4 niiden suojaavia toimintoja, est\u00e4\u00e4 kosteuden haihtumista ja edist\u00e4\u00e4 pitk\u00e4aikaista nesteytyst\u00e4 yll\u00e4pit\u00e4en optimaalista hydrolipiditasapainoa.<br \/>\n<strong>\u2013 Niasiiniamidi<\/strong> on voimakas antioksidantti, joka palauttaa ihon suojakerroksen, stimuloi solujen uusiutumista, normalisoi melaniinin tuotantoa ja v\u00e4hent\u00e4\u00e4 hyperpigmentaatiota.<br \/>\n<strong>\u2013 Beetaglukaani<\/strong> Aktivoi fibroblastien tuotantoa, jotka palauttavat ja vahvistavat ihon sidekudoksia ja rakennetta, stimuloi kollageenin tuotantoa ja varmistaa optimaalisen nesteytyksen s\u00e4ilytt\u00e4en kosteuden soluissa.<br \/>\n<strong>\u2013 Portulakan uute<\/strong> s\u00e4vytt\u00e4\u00e4 ja edist\u00e4\u00e4 haavan paranemista stimuloimalla epidermiksen kudosten uudistumista.<\/p>\n<p>&nbsp;<\/p>\n<p>Sopii ongelmaiholle.<\/p>\n<p><strong>K\u00e4ytt\u00f6ohjeet:<\/strong> Puhdistuksen j\u00e4lkeen kostuta vanulappu kasvovedell\u00e4 ja pyyhi kasvot varovasti. Taputtele j\u00e4\u00e4nn\u00f6stuote ihoon, kunnes tuote on imeytynyt kokonaan. Sopii k\u00e4ytett\u00e4v\u00e4ksi sek\u00e4 aamu- ett\u00e4 iltavoiteeksi. Kasvovett\u00e4 voidaan k\u00e4ytt\u00e4\u00e4 my\u00f6s paikallisena naamiona: kostuta vanulappu huolellisesti tuotteella, aseta ongelma-alueille ja anna vaikuttaa 10\u201315 minuuttia.<\/p>","protected":false},"excerpt":{"rendered":"<p>Alkoholiton kasvovesi ongelmaiholle, jossa on 5 erilaista centellaa Dr.G R.E.D Blemish Clear Soothing Toner rauhoittaa \u00e4rtynytt\u00e4 ja vaurioitunutta ihoa ja valmistelee sit\u00e4 seuraaviin kosteuttaviin vaiheisiin. Voiteen hell\u00e4varainen kuoriva vaikutus puhdistaa varovasti kuolleet ihosolut pois, stimuloi ihon uudistumista ja uudistumista, parantaa verenkiertoa ja aineenvaihduntaa. Toner s\u00e4\u00e4telee \u00f6ljynerityst\u00e4, poistaa rasvaisen kiillon ja v\u00e4hent\u00e4\u00e4 tulehdusprosesseja. Se toimii...<\/p>","protected":false},"featured_media":10988,"comment_status":"open","ping_status":"closed","template":"","meta":{"_uf_show_specific_survey":0,"_uf_disable_surveys":false,"_bst_post_transparent":"default","_bst_post_title":"","_bst_post_layout":"default","_bst_post_sidebar_id":"","_bst_post_content_style":"default","_bst_post_vertical_padding":"default","_bst_post_feature":"","_bst_post_feature_position":"","_bst_post_header":false,"_bst_post_footer":false},"pwb-brand":[458],"product_brand":[],"product_cat":[92,158],"product_tag":[568,855,750],"class_list":{"0":"post-10987","1":"product","2":"type-product","3":"status-publish","4":"has-post-thumbnail","6":"pwb-brand-dr-g","7":"product_cat-nagu","8":"product_cat-toonik","9":"product_tag-korea","10":"product_tag-toner","11":"product_tag-tundlik","13":"first","14":"instock","15":"sale","16":"shipping-taxable","17":"purchasable","18":"product-type-simple","19":"entry","20":"content-bg","21":"loop-entry"},"supplier_id":null,"supplier_sku":"","barcode":null,"atum_controlled":true,"out_stock_date":null,"out_stock_threshold":null,"inheritable":false,"inbound_stock":0,"stock_on_hold":0,"sold_today":0,"sales_last_days":0,"out_stock_days":0,"lost_sales":0,"has_location":false,"update_date":"2026-04-14T00:05:03","atum_locations":[],"atum_stock_status":"instock","restock_status":false,"low_stock_amount":"","sales_update_date":"2026-04-14T00:05:03","calc_backorders":null,"yoast_head":"<!-- This site is optimized with the Yoast SEO plugin v27.2 - https:\/\/yoast.com\/product\/yoast-seo-wordpress\/ -->\n<title>N\u00e4otoonik Dr.G R.E.D Blemish Clear Soothing Toner, 200ml - IDA.KOREA<\/title>\n<meta name=\"description\" content=\"Alkoholivaba toonik probleemsele nahale 5 erineva centella liigiga Dr.G R.E.D Blemish Clear Soothing Toner rahustab \u00e4rritunud ja kahjustatud nahka, valmistades seda ette j\u00e4rgnevateks niisutusetappideks. Toonikul on \u00f5rn kooriv toime, mis puhastab hoolikalt surnud naharakud, stimuleerib naha uuenemist ja taastumist, parandab vereringet ja ainevahetusprotsesse.\" \/>\n<meta name=\"robots\" content=\"index, follow, max-snippet:-1, max-image-preview:large, max-video-preview:-1\" \/>\n<link rel=\"canonical\" href=\"https:\/\/idakorea.ee\/fi\/product\/naotoonik-dr-g-r-e-d-blemish-clear-soothing-toner-200ml\/\" \/>\n<meta property=\"og:locale\" content=\"fi_FI\" \/>\n<meta property=\"og:type\" content=\"article\" \/>\n<meta property=\"og:title\" content=\"N\u00e4otoonik Dr.G R.E.D Blemish Clear Soothing Toner, 200ml - IDA.KOREA\" \/>\n<meta property=\"og:description\" content=\"Alkoholivaba toonik probleemsele nahale 5 erineva centella liigiga Dr.G R.E.D Blemish Clear Soothing Toner rahustab \u00e4rritunud ja kahjustatud nahka, valmistades seda ette j\u00e4rgnevateks niisutusetappideks. Toonikul on \u00f5rn kooriv toime, mis puhastab hoolikalt surnud naharakud, stimuleerib naha uuenemist ja taastumist, parandab vereringet ja ainevahetusprotsesse.\" \/>\n<meta property=\"og:url\" content=\"https:\/\/idakorea.ee\/fi\/product\/naotoonik-dr-g-r-e-d-blemish-clear-soothing-toner-200ml\/\" \/>\n<meta property=\"og:site_name\" content=\"IDA.KOREA\" \/>\n<meta property=\"article:modified_time\" content=\"2026-01-30T14:03:25+00:00\" \/>\n<meta property=\"og:image\" content=\"https:\/\/idakorea.ee\/wp-content\/uploads\/2024\/10\/dr.g-r.e.d-blemish-clear-soothing-toner.jpg\" \/>\n\t<meta property=\"og:image:width\" content=\"1000\" \/>\n\t<meta property=\"og:image:height\" content=\"1000\" \/>\n\t<meta property=\"og:image:type\" content=\"image\/jpeg\" \/>\n<meta name=\"twitter:card\" content=\"summary_large_image\" \/>\n<meta name=\"twitter:label1\" content=\"Arvioitu lukuaika\" \/>\n\t<meta name=\"twitter:data1\" content=\"2 minuuttia\" \/>\n<script type=\"application\/ld+json\" class=\"yoast-schema-graph\">{\"@context\":\"https:\/\/schema.org\",\"@graph\":[{\"@type\":\"WebPage\",\"@id\":\"https:\/\/idakorea.ee\/product\/naotoonik-dr-g-r-e-d-blemish-clear-soothing-toner-200ml\/\",\"url\":\"https:\/\/idakorea.ee\/product\/naotoonik-dr-g-r-e-d-blemish-clear-soothing-toner-200ml\/\",\"name\":\"N\u00e4otoonik Dr.G R.E.D Blemish Clear Soothing Toner, 200ml - IDA.KOREA\",\"isPartOf\":{\"@id\":\"https:\/\/idakorea.ee\/#website\"},\"primaryImageOfPage\":{\"@id\":\"https:\/\/idakorea.ee\/product\/naotoonik-dr-g-r-e-d-blemish-clear-soothing-toner-200ml\/#primaryimage\"},\"image\":{\"@id\":\"https:\/\/idakorea.ee\/product\/naotoonik-dr-g-r-e-d-blemish-clear-soothing-toner-200ml\/#primaryimage\"},\"thumbnailUrl\":\"https:\/\/idakorea.ee\/wp-content\/uploads\/2024\/10\/dr.g-r.e.d-blemish-clear-soothing-toner.jpg\",\"datePublished\":\"2024-10-23T08:36:41+00:00\",\"dateModified\":\"2026-01-30T14:03:25+00:00\",\"description\":\"Alkoholivaba toonik probleemsele nahale 5 erineva centella liigiga Dr.G R.E.D Blemish Clear Soothing Toner rahustab \u00e4rritunud ja kahjustatud nahka, valmistades seda ette j\u00e4rgnevateks niisutusetappideks. Toonikul on \u00f5rn kooriv toime, mis puhastab hoolikalt surnud naharakud, stimuleerib naha uuenemist ja taastumist, parandab vereringet ja ainevahetusprotsesse.\",\"breadcrumb\":{\"@id\":\"https:\/\/idakorea.ee\/product\/naotoonik-dr-g-r-e-d-blemish-clear-soothing-toner-200ml\/#breadcrumb\"},\"inLanguage\":\"fi\",\"potentialAction\":[{\"@type\":\"ReadAction\",\"target\":[\"https:\/\/idakorea.ee\/product\/naotoonik-dr-g-r-e-d-blemish-clear-soothing-toner-200ml\/\"]}]},{\"@type\":\"ImageObject\",\"inLanguage\":\"fi\",\"@id\":\"https:\/\/idakorea.ee\/product\/naotoonik-dr-g-r-e-d-blemish-clear-soothing-toner-200ml\/#primaryimage\",\"url\":\"https:\/\/idakorea.ee\/wp-content\/uploads\/2024\/10\/dr.g-r.e.d-blemish-clear-soothing-toner.jpg\",\"contentUrl\":\"https:\/\/idakorea.ee\/wp-content\/uploads\/2024\/10\/dr.g-r.e.d-blemish-clear-soothing-toner.jpg\",\"width\":1000,\"height\":1000,\"caption\":\"Dr.G-R.E.D-Blemish-Clear-Soothing-Toner\"},{\"@type\":\"BreadcrumbList\",\"@id\":\"https:\/\/idakorea.ee\/product\/naotoonik-dr-g-r-e-d-blemish-clear-soothing-toner-200ml\/#breadcrumb\",\"itemListElement\":[{\"@type\":\"ListItem\",\"position\":1,\"name\":\"\u0413\u043b\u0430\u0432\u043d\u0430\u044f \u0441\u0442\u0440\u0430\u043d\u0438\u0446\u0430\",\"item\":\"https:\/\/idakorea.ee\/\"},{\"@type\":\"ListItem\",\"position\":2,\"name\":\"Shop\",\"item\":\"https:\/\/idakorea.ee\/shop-2\/\"},{\"@type\":\"ListItem\",\"position\":3,\"name\":\"N\u00e4otoonik Dr.G R.E.D Blemish Clear Soothing Toner, 200ml\"}]},{\"@type\":\"WebSite\",\"@id\":\"https:\/\/idakorea.ee\/#website\",\"url\":\"https:\/\/idakorea.ee\/\",\"name\":\"IDA.KOREA\",\"description\":\"Korea kosmeetika e-pood\",\"publisher\":{\"@id\":\"https:\/\/idakorea.ee\/#organization\"},\"alternateName\":\"Beauty Shop\",\"potentialAction\":[{\"@type\":\"SearchAction\",\"target\":{\"@type\":\"EntryPoint\",\"urlTemplate\":\"https:\/\/idakorea.ee\/?s={search_term_string}\"},\"query-input\":{\"@type\":\"PropertyValueSpecification\",\"valueRequired\":true,\"valueName\":\"search_term_string\"}}],\"inLanguage\":\"fi\"},{\"@type\":\"Organization\",\"@id\":\"https:\/\/idakorea.ee\/#organization\",\"name\":\"IDA.KOREA\",\"url\":\"https:\/\/idakorea.ee\/\",\"logo\":{\"@type\":\"ImageObject\",\"inLanguage\":\"fi\",\"@id\":\"https:\/\/idakorea.ee\/#\/schema\/logo\/image\/\",\"url\":\"https:\/\/idakorea.ee\/wp-content\/uploads\/2024\/05\/cropped-korea3.png\",\"contentUrl\":\"https:\/\/idakorea.ee\/wp-content\/uploads\/2024\/05\/cropped-korea3.png\",\"width\":688,\"height\":126,\"caption\":\"IDA.KOREA\"},\"image\":{\"@id\":\"https:\/\/idakorea.ee\/#\/schema\/logo\/image\/\"},\"sameAs\":[\"https:\/\/www.instagram.com\/ida.korea\/\"]}]}<\/script>\n<!-- \/ Yoast SEO plugin. -->","yoast_head_json":{"title":"Kasvovesi Dr.G RED Blemish Clear Soothing Toner, 200ml - IDA.KOREA","description":"Dr.G RED Blemish Clear Soothing Toner on alkoholiton kasvovesi ongelmaiholle, joka sis\u00e4lt\u00e4\u00e4 viitt\u00e4 eri centella-lajiketta. Se rauhoittaa \u00e4rtynytt\u00e4 ja vaurioitunutta ihoa ja valmistaa sen seuraaviin kosteutusvaiheisiin. Kasvovedell\u00e4 on hell\u00e4varainen kuoriva vaikutus, joka puhdistaa huolellisesti kuolleita ihosoluja, stimuloi ihon uusiutumista ja palautumista sek\u00e4 parantaa verenkiertoa ja aineenvaihduntaa.","robots":{"index":"index","follow":"follow","max-snippet":"max-snippet:-1","max-image-preview":"max-image-preview:large","max-video-preview":"max-video-preview:-1"},"canonical":"https:\/\/idakorea.ee\/fi\/product\/naotoonik-dr-g-r-e-d-blemish-clear-soothing-toner-200ml\/","og_locale":"fi_FI","og_type":"article","og_title":"N\u00e4otoonik Dr.G R.E.D Blemish Clear Soothing Toner, 200ml - IDA.KOREA","og_description":"Alkoholivaba toonik probleemsele nahale 5 erineva centella liigiga Dr.G R.E.D Blemish Clear Soothing Toner rahustab \u00e4rritunud ja kahjustatud nahka, valmistades seda ette j\u00e4rgnevateks niisutusetappideks. Toonikul on \u00f5rn kooriv toime, mis puhastab hoolikalt surnud naharakud, stimuleerib naha uuenemist ja taastumist, parandab vereringet ja ainevahetusprotsesse.","og_url":"https:\/\/idakorea.ee\/fi\/product\/naotoonik-dr-g-r-e-d-blemish-clear-soothing-toner-200ml\/","og_site_name":"IDA.KOREA","article_modified_time":"2026-01-30T14:03:25+00:00","og_image":[{"width":1000,"height":1000,"url":"https:\/\/idakorea.ee\/wp-content\/uploads\/2024\/10\/dr.g-r.e.d-blemish-clear-soothing-toner.jpg","type":"image\/jpeg"}],"twitter_card":"summary_large_image","twitter_misc":{"Arvioitu lukuaika":"2 minuuttia"},"schema":{"@context":"https:\/\/schema.org","@graph":[{"@type":"WebPage","@id":"https:\/\/idakorea.ee\/product\/naotoonik-dr-g-r-e-d-blemish-clear-soothing-toner-200ml\/","url":"https:\/\/idakorea.ee\/product\/naotoonik-dr-g-r-e-d-blemish-clear-soothing-toner-200ml\/","name":"Kasvovesi Dr.G RED Blemish Clear Soothing Toner, 200ml - IDA.KOREA","isPartOf":{"@id":"https:\/\/idakorea.ee\/#website"},"primaryImageOfPage":{"@id":"https:\/\/idakorea.ee\/product\/naotoonik-dr-g-r-e-d-blemish-clear-soothing-toner-200ml\/#primaryimage"},"image":{"@id":"https:\/\/idakorea.ee\/product\/naotoonik-dr-g-r-e-d-blemish-clear-soothing-toner-200ml\/#primaryimage"},"thumbnailUrl":"https:\/\/idakorea.ee\/wp-content\/uploads\/2024\/10\/dr.g-r.e.d-blemish-clear-soothing-toner.jpg","datePublished":"2024-10-23T08:36:41+00:00","dateModified":"2026-01-30T14:03:25+00:00","description":"Dr.G RED Blemish Clear Soothing Toner on alkoholiton kasvovesi ongelmaiholle, joka sis\u00e4lt\u00e4\u00e4 viitt\u00e4 eri centella-lajiketta. Se rauhoittaa \u00e4rtynytt\u00e4 ja vaurioitunutta ihoa ja valmistaa sen seuraaviin kosteutusvaiheisiin. Kasvovedell\u00e4 on hell\u00e4varainen kuoriva vaikutus, joka puhdistaa huolellisesti kuolleita ihosoluja, stimuloi ihon uusiutumista ja palautumista sek\u00e4 parantaa verenkiertoa ja aineenvaihduntaa.","breadcrumb":{"@id":"https:\/\/idakorea.ee\/product\/naotoonik-dr-g-r-e-d-blemish-clear-soothing-toner-200ml\/#breadcrumb"},"inLanguage":"fi","potentialAction":[{"@type":"ReadAction","target":["https:\/\/idakorea.ee\/product\/naotoonik-dr-g-r-e-d-blemish-clear-soothing-toner-200ml\/"]}]},{"@type":"ImageObject","inLanguage":"fi","@id":"https:\/\/idakorea.ee\/product\/naotoonik-dr-g-r-e-d-blemish-clear-soothing-toner-200ml\/#primaryimage","url":"https:\/\/idakorea.ee\/wp-content\/uploads\/2024\/10\/dr.g-r.e.d-blemish-clear-soothing-toner.jpg","contentUrl":"https:\/\/idakorea.ee\/wp-content\/uploads\/2024\/10\/dr.g-r.e.d-blemish-clear-soothing-toner.jpg","width":1000,"height":1000,"caption":"Dr.G-R.E.D-Blemish-Clear-Soothing-Toner"},{"@type":"BreadcrumbList","@id":"https:\/\/idakorea.ee\/product\/naotoonik-dr-g-r-e-d-blemish-clear-soothing-toner-200ml\/#breadcrumb","itemListElement":[{"@type":"ListItem","position":1,"name":"\u0413\u043b\u0430\u0432\u043d\u0430\u044f \u0441\u0442\u0440\u0430\u043d\u0438\u0446\u0430","item":"https:\/\/idakorea.ee\/"},{"@type":"ListItem","position":2,"name":"Shop","item":"https:\/\/idakorea.ee\/shop-2\/"},{"@type":"ListItem","position":3,"name":"N\u00e4otoonik Dr.G R.E.D Blemish Clear Soothing Toner, 200ml"}]},{"@type":"WebSite","@id":"https:\/\/idakorea.ee\/#website","url":"https:\/\/idakorea.ee\/","name":"IDA.KOREA","description":"Korean kosmetiikan verkkokauppa","publisher":{"@id":"https:\/\/idakorea.ee\/#organization"},"alternateName":"Beauty Shop","potentialAction":[{"@type":"SearchAction","target":{"@type":"EntryPoint","urlTemplate":"https:\/\/idakorea.ee\/?s={search_term_string}"},"query-input":{"@type":"PropertyValueSpecification","valueRequired":true,"valueName":"search_term_string"}}],"inLanguage":"fi"},{"@type":"Organization","@id":"https:\/\/idakorea.ee\/#organization","name":"IDA.KOREA","url":"https:\/\/idakorea.ee\/","logo":{"@type":"ImageObject","inLanguage":"fi","@id":"https:\/\/idakorea.ee\/#\/schema\/logo\/image\/","url":"https:\/\/idakorea.ee\/wp-content\/uploads\/2024\/05\/cropped-korea3.png","contentUrl":"https:\/\/idakorea.ee\/wp-content\/uploads\/2024\/05\/cropped-korea3.png","width":688,"height":126,"caption":"IDA.KOREA"},"image":{"@id":"https:\/\/idakorea.ee\/#\/schema\/logo\/image\/"},"sameAs":["https:\/\/www.instagram.com\/ida.korea\/"]}]}},"jetpack_sharing_enabled":true,"brands":[{"id":458,"name":"Dr.G","slug":"dr-g"}],"_links":{"self":[{"href":"https:\/\/idakorea.ee\/fi\/wp-json\/wp\/v2\/product\/10987","targetHints":{"allow":["GET"]}}],"collection":[{"href":"https:\/\/idakorea.ee\/fi\/wp-json\/wp\/v2\/product"}],"about":[{"href":"https:\/\/idakorea.ee\/fi\/wp-json\/wp\/v2\/types\/product"}],"replies":[{"embeddable":true,"href":"https:\/\/idakorea.ee\/fi\/wp-json\/wp\/v2\/comments?post=10987"}],"version-history":[{"count":1,"href":"https:\/\/idakorea.ee\/fi\/wp-json\/wp\/v2\/product\/10987\/revisions"}],"predecessor-version":[{"id":10990,"href":"https:\/\/idakorea.ee\/fi\/wp-json\/wp\/v2\/product\/10987\/revisions\/10990"}],"wp:featuredmedia":[{"embeddable":true,"href":"https:\/\/idakorea.ee\/fi\/wp-json\/wp\/v2\/media\/10988"}],"wp:attachment":[{"href":"https:\/\/idakorea.ee\/fi\/wp-json\/wp\/v2\/media?parent=10987"}],"wp:term":[{"taxonomy":"pwb-brand","embeddable":true,"href":"https:\/\/idakorea.ee\/fi\/wp-json\/wp\/v2\/pwb-brand?post=10987"},{"taxonomy":"product_brand","embeddable":true,"href":"https:\/\/idakorea.ee\/fi\/wp-json\/wp\/v2\/product_brand?post=10987"},{"taxonomy":"product_cat","embeddable":true,"href":"https:\/\/idakorea.ee\/fi\/wp-json\/wp\/v2\/product_cat?post=10987"},{"taxonomy":"product_tag","embeddable":true,"href":"https:\/\/idakorea.ee\/fi\/wp-json\/wp\/v2\/product_tag?post=10987"}],"curies":[{"name":"wp","href":"https:\/\/api.w.org\/{rel}","templated":true}]}}