{"id":10992,"date":"2024-10-23T15:04:39","date_gmt":"2024-10-23T12:04:39","guid":{"rendered":"https:\/\/idakorea.ee\/?post_type=product&#038;p=10992"},"modified":"2026-02-15T12:43:09","modified_gmt":"2026-02-15T10:43:09","slug":"dr-jart-teatreement-soothing-spot-corrector-15ml","status":"publish","type":"product","link":"https:\/\/idakorea.ee\/fi\/product\/dr-jart-teatreement-soothing-spot-corrector-15ml\/","title":{"rendered":"Dr.Jart+ Teatreement Soothing Spot Corrector, 15ml"},"content":{"rendered":"<p><strong>Dr.Jart+ Teatreementin rauhoittava pistekorjaaja Apaisant<\/strong> on t\u00e4sm\u00e4hoitotuote, joka rauhoittaa ja kuivattaa nopeasti tulehtuneita alueita, nopeuttaa finnien paranemista ja v\u00e4hent\u00e4\u00e4 talin tuotantoa.<\/p>\n<p>SOS-tuote parantaa akneen taipuvaisen ihon kuntoa, v\u00e4hent\u00e4\u00e4 punoitusta ja finnien j\u00e4lkioireita. Auttaa ehk\u00e4isem\u00e4\u00e4n tulehdusta alkuvaiheessa ja lievitt\u00e4\u00e4 kipua.<\/p>\n<p>Monet kosteuttavat ainesosat est\u00e4v\u00e4t kuivumista ja \u00e4rsytyst\u00e4 levityskohdassa.<\/p>\n<p>Kaksivaiheinen koostumus koostuu teepuuuutteeseen ja kalamiinijauheeseen perustuvasta esanssista, 16,2%-teepuuuutteesta sek\u00e4 teepuu\u00f6ljyst\u00e4 ja sen johdannaisesta terpineeni-4-olista (4-terpineoli). Teepuulla on antiseptisi\u00e4 ja antibakteerisia vaikutuksia, se torjuu tulehdusta ja parantaa rasvaisen ja ongelmallisen ihon kuntoa.<\/p>\n<p>Kalamiinijauhe rauhoittaa, lievitt\u00e4\u00e4 \u00e4rsytyst\u00e4 ja kutinaa sek\u00e4 kuivattaa finnej\u00e4.<\/p>\n<p><strong>Lis\u00e4komponentit:<\/strong><br \/>\n<strong>\u2013 Salisyylihappo (BHA)<\/strong> \u2014 rasvaliukoinen happo. Puhdistaa ihohuokosia, v\u00e4hent\u00e4\u00e4 mustap\u00e4it\u00e4 ja talirauhasten toimintaa, ehk\u00e4isee ihohuokosten tukkeutumista ja tulehduksia, v\u00e4hent\u00e4\u00e4 ihon rasvoittumista ja ehk\u00e4isee T-alueen kiiltoa.<br \/>\n<strong>\u2013 Rikki (dimetyylisulfoni, kolloidinen rikki)<\/strong> Auttaa aknen hoidossa, v\u00e4hent\u00e4\u00e4 tulehdusta, nopeuttaa ihovaurioiden paranemista, sill\u00e4 on antibakteerisia vaikutuksia ja se s\u00e4\u00e4telee talirauhasten tuotantoa.<br \/>\n<strong>\u2013 Niasiiniamidi (B3-vitamiini)<\/strong> normalisoi talirauhasten tuotantoa, v\u00e4hent\u00e4\u00e4 T-alueen kiiltoa, vaalentaa pigmenttimuutoksia ja ehk\u00e4isee niiden muodostumista, lis\u00e4\u00e4 ihon suojatoimintoja ja stimuloi kollageenisynteesi\u00e4.<br \/>\n<strong>\u2013 Aasian centella-uute<\/strong> Poistaa punoitusta ja \u00e4rsytyst\u00e4, pehment\u00e4\u00e4 ihoa, edist\u00e4\u00e4 paranemista ja vahvistaa suojakerrosta sek\u00e4 vahvistaa verisuonten sein\u00e4mi\u00e4 est\u00e4en kapillaarien laajenemista.<br \/>\n<strong>\u2013 Lakritsinjuuriuutetta<\/strong> Kirkastaa hell\u00e4varaisesti, torjuu \u00e4rsytyst\u00e4 ja stimuloi kollageenin tuotantoa.<br \/>\n<strong>\u2013 Aloe vera -uutetta<\/strong> Kosteuttaa, rauhoittaa ja pehment\u00e4\u00e4 ihoa, sill\u00e4 on tulehdusta ehk\u00e4isev\u00e4 vaikutus ja se nopeuttaa mikrovaurioiden ja haavojen paranemista.<br \/>\n<strong>- Vihre\u00e4n teen uute<\/strong> s\u00e4vytt\u00e4\u00e4, rauhoittaa punoitusta ja \u00e4rsytyst\u00e4, on antioksidanttinen vaikutus.<br \/>\n<strong>\u2013 Viikunauute<\/strong> Sis\u00e4lt\u00e4\u00e4 ficin-entsyymi\u00e4, joka puhdistaa, kuorii hell\u00e4varaisesti ihon sarveiskerrosta, tasoittaa ihon s\u00e4vy\u00e4 ja stimuloi uusiutumista aiheuttamatta \u00e4rsytyst\u00e4.<br \/>\n<strong>- kumiuute<\/strong> kosteuttaa ja virkist\u00e4\u00e4 ihoa, poistaa kuivuutta ja hilseily\u00e4 sek\u00e4 suojaa ulkoisilta \u00e4rsykkeilt\u00e4.<br \/>\n<strong>- keramidit<\/strong> vahvistaa ihon luonnollista lipidikerrosta, parantaa sen suojakerrosta ja ehk\u00e4isee kuivumista.<br \/>\n<strong>\u2013 Beetaglukaani<\/strong> palauttaa vaurioituneet alueet, sill\u00e4 on tulehdusta ja ik\u00e4\u00e4ntymist\u00e4 ehk\u00e4isevi\u00e4 vaikutuksia, kosteuttaa tehokkaasti ja suojaa vapailta radikaaleilta.<br \/>\n<strong>\u2013 Fruktooligosakkaridit<\/strong> auttavat yll\u00e4pit\u00e4m\u00e4\u00e4n ihon mikrobiston terveytt\u00e4, v\u00e4hent\u00e4m\u00e4\u00e4n ulkoisten \u00e4rsykkeiden vaikutusta ja pit\u00e4m\u00e4\u00e4n ihon sile\u00e4n\u00e4.<\/p>\n<p>&nbsp;<\/p>\n<p><strong>K\u00e4ytt\u00f6opas: <\/strong>\u00c4l\u00e4 ravista tuotetta. Ota vanupuikko ja kasta se tuotetta sis\u00e4lt\u00e4v\u00e4\u00e4n astiaan niin, ett\u00e4 jauhekerros ja tuoksu pysyv\u00e4t vanupuikolla. Levit\u00e4 tuotetta tulehtuneille alueille vanupuikolla.<\/p>","protected":false},"excerpt":{"rendered":"<p>Dr.Jart+ Teatreement Soothing Spot Correcteur Apaisant on t\u00e4sm\u00e4hoitotuote, joka rauhoittaa ja kuivattaa tulehtuneita n\u00e4ppyl\u00f6it\u00e4 nopeasti, nopeuttaa n\u00e4ppyl\u00f6iden paranemista ja v\u00e4hent\u00e4\u00e4 \u00f6ljyntuotantoa. SOS-tuote parantaa akneen taipuvaisen ongelmaihon kuntoa, v\u00e4hent\u00e4\u00e4 punoitusta ja n\u00e4ppyl\u00f6iden j\u00e4lkivaikutuksia. Auttaa ehk\u00e4isem\u00e4\u00e4n tulehduksia varhaisessa vaiheessa ja lievitt\u00e4\u00e4 arkuutta. Erilaiset kosteuttavat ainesosat ehk\u00e4isev\u00e4t kuivumista ja \u00e4rsytyst\u00e4 levityskohdassa. Kaksifaasinen koostumus koostuu teepuuuutteesta ja...<\/p>","protected":false},"featured_media":12677,"comment_status":"open","ping_status":"closed","template":"","meta":{"_uf_show_specific_survey":0,"_uf_disable_surveys":false,"_bst_post_transparent":"default","_bst_post_title":"","_bst_post_layout":"default","_bst_post_sidebar_id":"","_bst_post_content_style":"default","_bst_post_vertical_padding":"default","_bst_post_feature":"","_bst_post_feature_position":"","_bst_post_header":false,"_bst_post_footer":false},"pwb-brand":[482],"product_brand":[],"product_cat":[1122,92],"product_tag":[603,658,659,664,662,663,439,656,657,660,661],"class_list":{"0":"post-10992","1":"product","2":"type-product","3":"status-publish","4":"has-post-thumbnail","6":"pwb-brand-dr-jart","7":"product_cat-lokaalne-hooldus","8":"product_cat-nagu","9":"product_tag-dr-jart","10":"product_tag-korrektor","11":"product_tag-laikepiirkonna-kasutamine","12":"product_tag-nahahooldus","13":"product_tag-poletik","14":"product_tag-punetus","15":"product_tag-rahustav","16":"product_tag-spot-corrector","17":"product_tag-teatreement","18":"product_tag-teepuuekstrakt","19":"product_tag-tervendav","21":"first","22":"instock","23":"sale","24":"shipping-taxable","25":"purchasable","26":"product-type-simple","27":"entry","28":"content-bg","29":"loop-entry"},"supplier_id":null,"supplier_sku":"","barcode":null,"atum_controlled":true,"out_stock_date":null,"out_stock_threshold":null,"inheritable":false,"inbound_stock":0,"stock_on_hold":0,"sold_today":0,"sales_last_days":0,"out_stock_days":0,"lost_sales":0,"has_location":false,"update_date":"2026-04-14T00:05:03","atum_locations":[],"atum_stock_status":"instock","restock_status":false,"low_stock_amount":"","sales_update_date":"2026-04-14T00:05:03","calc_backorders":null,"yoast_head":"<!-- This site is optimized with the Yoast SEO plugin v27.2 - https:\/\/yoast.com\/product\/yoast-seo-wordpress\/ -->\n<title>Dr.Jart+ Teatreement Soothing Spot Corrector, 15ml - IDA.KOREA<\/title>\n<meta name=\"robots\" content=\"index, follow, max-snippet:-1, max-image-preview:large, max-video-preview:-1\" \/>\n<link rel=\"canonical\" href=\"https:\/\/idakorea.ee\/fi\/product\/dr-jart-teatreement-soothing-spot-corrector-15ml\/\" \/>\n<meta property=\"og:locale\" content=\"fi_FI\" \/>\n<meta property=\"og:type\" content=\"article\" \/>\n<meta property=\"og:title\" content=\"Dr.Jart+ Teatreement Soothing Spot Corrector, 15ml - IDA.KOREA\" \/>\n<meta property=\"og:description\" content=\"Dr.Jart+\u00a0 Teatreement Soothing Spot Correcteur Apaisant on t\u00e4pne hooldustoode, mis rahustab ja kuivatab kiiresti p\u00f5letikukoldeid, kiirendab vistrike paranemist ning v\u00e4hendab rasutootmist. SOS-toode parandab probleemse aknega naha seisundit, v\u00e4hendab punetust ja vistrike j\u00e4relm\u00f5jusid. Aitab ennetada p\u00f5letike teket varajases staadiumis ning leevendab valulikkust. Paljud niisutavad komponendid takistavad kuivust ja \u00e4rritust toote pealekandmiskohtades. Kahefaasiline koostis koosneb teepuu ekstraktil...\" \/>\n<meta property=\"og:url\" content=\"https:\/\/idakorea.ee\/fi\/product\/dr-jart-teatreement-soothing-spot-corrector-15ml\/\" \/>\n<meta property=\"og:site_name\" content=\"IDA.KOREA\" \/>\n<meta property=\"article:modified_time\" content=\"2026-02-15T10:43:09+00:00\" \/>\n<meta property=\"og:image\" content=\"https:\/\/idakorea.ee\/wp-content\/uploads\/2024\/10\/if-11633c04645d56.jpg\" \/>\n\t<meta property=\"og:image:width\" content=\"800\" \/>\n\t<meta property=\"og:image:height\" content=\"800\" \/>\n\t<meta property=\"og:image:type\" content=\"image\/jpeg\" \/>\n<meta name=\"twitter:card\" content=\"summary_large_image\" \/>\n<meta name=\"twitter:label1\" content=\"Arvioitu lukuaika\" \/>\n\t<meta name=\"twitter:data1\" content=\"2 minuuttia\" \/>\n<script type=\"application\/ld+json\" class=\"yoast-schema-graph\">{\"@context\":\"https:\/\/schema.org\",\"@graph\":[{\"@type\":\"WebPage\",\"@id\":\"https:\/\/idakorea.ee\/product\/dr-jart-teatreement-soothing-spot-corrector-15ml\/\",\"url\":\"https:\/\/idakorea.ee\/product\/dr-jart-teatreement-soothing-spot-corrector-15ml\/\",\"name\":\"Dr.Jart+ Teatreement Soothing Spot Corrector, 15ml - IDA.KOREA\",\"isPartOf\":{\"@id\":\"https:\/\/idakorea.ee\/#website\"},\"primaryImageOfPage\":{\"@id\":\"https:\/\/idakorea.ee\/product\/dr-jart-teatreement-soothing-spot-corrector-15ml\/#primaryimage\"},\"image\":{\"@id\":\"https:\/\/idakorea.ee\/product\/dr-jart-teatreement-soothing-spot-corrector-15ml\/#primaryimage\"},\"thumbnailUrl\":\"https:\/\/idakorea.ee\/wp-content\/uploads\/2024\/10\/if-11633c04645d56.jpg\",\"datePublished\":\"2024-10-23T12:04:39+00:00\",\"dateModified\":\"2026-02-15T10:43:09+00:00\",\"breadcrumb\":{\"@id\":\"https:\/\/idakorea.ee\/product\/dr-jart-teatreement-soothing-spot-corrector-15ml\/#breadcrumb\"},\"inLanguage\":\"fi\",\"potentialAction\":[{\"@type\":\"ReadAction\",\"target\":[\"https:\/\/idakorea.ee\/product\/dr-jart-teatreement-soothing-spot-corrector-15ml\/\"]}]},{\"@type\":\"ImageObject\",\"inLanguage\":\"fi\",\"@id\":\"https:\/\/idakorea.ee\/product\/dr-jart-teatreement-soothing-spot-corrector-15ml\/#primaryimage\",\"url\":\"https:\/\/idakorea.ee\/wp-content\/uploads\/2024\/10\/if-11633c04645d56.jpg\",\"contentUrl\":\"https:\/\/idakorea.ee\/wp-content\/uploads\/2024\/10\/if-11633c04645d56.jpg\",\"width\":800,\"height\":800},{\"@type\":\"BreadcrumbList\",\"@id\":\"https:\/\/idakorea.ee\/product\/dr-jart-teatreement-soothing-spot-corrector-15ml\/#breadcrumb\",\"itemListElement\":[{\"@type\":\"ListItem\",\"position\":1,\"name\":\"\u0413\u043b\u0430\u0432\u043d\u0430\u044f \u0441\u0442\u0440\u0430\u043d\u0438\u0446\u0430\",\"item\":\"https:\/\/idakorea.ee\/\"},{\"@type\":\"ListItem\",\"position\":2,\"name\":\"Shop\",\"item\":\"https:\/\/idakorea.ee\/shop-2\/\"},{\"@type\":\"ListItem\",\"position\":3,\"name\":\"Dr.Jart+ Teatreement Soothing Spot Corrector, 15ml\"}]},{\"@type\":\"WebSite\",\"@id\":\"https:\/\/idakorea.ee\/#website\",\"url\":\"https:\/\/idakorea.ee\/\",\"name\":\"IDA.KOREA\",\"description\":\"Korea kosmeetika e-pood\",\"publisher\":{\"@id\":\"https:\/\/idakorea.ee\/#organization\"},\"alternateName\":\"Beauty Shop\",\"potentialAction\":[{\"@type\":\"SearchAction\",\"target\":{\"@type\":\"EntryPoint\",\"urlTemplate\":\"https:\/\/idakorea.ee\/?s={search_term_string}\"},\"query-input\":{\"@type\":\"PropertyValueSpecification\",\"valueRequired\":true,\"valueName\":\"search_term_string\"}}],\"inLanguage\":\"fi\"},{\"@type\":\"Organization\",\"@id\":\"https:\/\/idakorea.ee\/#organization\",\"name\":\"IDA.KOREA\",\"url\":\"https:\/\/idakorea.ee\/\",\"logo\":{\"@type\":\"ImageObject\",\"inLanguage\":\"fi\",\"@id\":\"https:\/\/idakorea.ee\/#\/schema\/logo\/image\/\",\"url\":\"https:\/\/idakorea.ee\/wp-content\/uploads\/2024\/05\/cropped-korea3.png\",\"contentUrl\":\"https:\/\/idakorea.ee\/wp-content\/uploads\/2024\/05\/cropped-korea3.png\",\"width\":688,\"height\":126,\"caption\":\"IDA.KOREA\"},\"image\":{\"@id\":\"https:\/\/idakorea.ee\/#\/schema\/logo\/image\/\"},\"sameAs\":[\"https:\/\/www.instagram.com\/ida.korea\/\"]}]}<\/script>\n<!-- \/ Yoast SEO plugin. -->","yoast_head_json":{"title":"Dr.Jart+ Teatreement Soothing Spot Corrector, 15ml - IDA.KOREA","robots":{"index":"index","follow":"follow","max-snippet":"max-snippet:-1","max-image-preview":"max-image-preview:large","max-video-preview":"max-video-preview:-1"},"canonical":"https:\/\/idakorea.ee\/fi\/product\/dr-jart-teatreement-soothing-spot-corrector-15ml\/","og_locale":"fi_FI","og_type":"article","og_title":"Dr.Jart+ Teatreement Soothing Spot Corrector, 15ml - IDA.KOREA","og_description":"Dr.Jart+\u00a0 Teatreement Soothing Spot Correcteur Apaisant on t\u00e4pne hooldustoode, mis rahustab ja kuivatab kiiresti p\u00f5letikukoldeid, kiirendab vistrike paranemist ning v\u00e4hendab rasutootmist. SOS-toode parandab probleemse aknega naha seisundit, v\u00e4hendab punetust ja vistrike j\u00e4relm\u00f5jusid. Aitab ennetada p\u00f5letike teket varajases staadiumis ning leevendab valulikkust. Paljud niisutavad komponendid takistavad kuivust ja \u00e4rritust toote pealekandmiskohtades. Kahefaasiline koostis koosneb teepuu ekstraktil...","og_url":"https:\/\/idakorea.ee\/fi\/product\/dr-jart-teatreement-soothing-spot-corrector-15ml\/","og_site_name":"IDA.KOREA","article_modified_time":"2026-02-15T10:43:09+00:00","og_image":[{"width":800,"height":800,"url":"https:\/\/idakorea.ee\/wp-content\/uploads\/2024\/10\/if-11633c04645d56.jpg","type":"image\/jpeg"}],"twitter_card":"summary_large_image","twitter_misc":{"Arvioitu lukuaika":"2 minuuttia"},"schema":{"@context":"https:\/\/schema.org","@graph":[{"@type":"WebPage","@id":"https:\/\/idakorea.ee\/product\/dr-jart-teatreement-soothing-spot-corrector-15ml\/","url":"https:\/\/idakorea.ee\/product\/dr-jart-teatreement-soothing-spot-corrector-15ml\/","name":"Dr.Jart+ Teatreement Soothing Spot Corrector, 15ml - IDA.KOREA","isPartOf":{"@id":"https:\/\/idakorea.ee\/#website"},"primaryImageOfPage":{"@id":"https:\/\/idakorea.ee\/product\/dr-jart-teatreement-soothing-spot-corrector-15ml\/#primaryimage"},"image":{"@id":"https:\/\/idakorea.ee\/product\/dr-jart-teatreement-soothing-spot-corrector-15ml\/#primaryimage"},"thumbnailUrl":"https:\/\/idakorea.ee\/wp-content\/uploads\/2024\/10\/if-11633c04645d56.jpg","datePublished":"2024-10-23T12:04:39+00:00","dateModified":"2026-02-15T10:43:09+00:00","breadcrumb":{"@id":"https:\/\/idakorea.ee\/product\/dr-jart-teatreement-soothing-spot-corrector-15ml\/#breadcrumb"},"inLanguage":"fi","potentialAction":[{"@type":"ReadAction","target":["https:\/\/idakorea.ee\/product\/dr-jart-teatreement-soothing-spot-corrector-15ml\/"]}]},{"@type":"ImageObject","inLanguage":"fi","@id":"https:\/\/idakorea.ee\/product\/dr-jart-teatreement-soothing-spot-corrector-15ml\/#primaryimage","url":"https:\/\/idakorea.ee\/wp-content\/uploads\/2024\/10\/if-11633c04645d56.jpg","contentUrl":"https:\/\/idakorea.ee\/wp-content\/uploads\/2024\/10\/if-11633c04645d56.jpg","width":800,"height":800},{"@type":"BreadcrumbList","@id":"https:\/\/idakorea.ee\/product\/dr-jart-teatreement-soothing-spot-corrector-15ml\/#breadcrumb","itemListElement":[{"@type":"ListItem","position":1,"name":"\u0413\u043b\u0430\u0432\u043d\u0430\u044f \u0441\u0442\u0440\u0430\u043d\u0438\u0446\u0430","item":"https:\/\/idakorea.ee\/"},{"@type":"ListItem","position":2,"name":"Shop","item":"https:\/\/idakorea.ee\/shop-2\/"},{"@type":"ListItem","position":3,"name":"Dr.Jart+ Teatreement Soothing Spot Corrector, 15ml"}]},{"@type":"WebSite","@id":"https:\/\/idakorea.ee\/#website","url":"https:\/\/idakorea.ee\/","name":"IDA.KOREA","description":"Korean kosmetiikan verkkokauppa","publisher":{"@id":"https:\/\/idakorea.ee\/#organization"},"alternateName":"Beauty Shop","potentialAction":[{"@type":"SearchAction","target":{"@type":"EntryPoint","urlTemplate":"https:\/\/idakorea.ee\/?s={search_term_string}"},"query-input":{"@type":"PropertyValueSpecification","valueRequired":true,"valueName":"search_term_string"}}],"inLanguage":"fi"},{"@type":"Organization","@id":"https:\/\/idakorea.ee\/#organization","name":"IDA.KOREA","url":"https:\/\/idakorea.ee\/","logo":{"@type":"ImageObject","inLanguage":"fi","@id":"https:\/\/idakorea.ee\/#\/schema\/logo\/image\/","url":"https:\/\/idakorea.ee\/wp-content\/uploads\/2024\/05\/cropped-korea3.png","contentUrl":"https:\/\/idakorea.ee\/wp-content\/uploads\/2024\/05\/cropped-korea3.png","width":688,"height":126,"caption":"IDA.KOREA"},"image":{"@id":"https:\/\/idakorea.ee\/#\/schema\/logo\/image\/"},"sameAs":["https:\/\/www.instagram.com\/ida.korea\/"]}]}},"jetpack_sharing_enabled":true,"brands":[{"id":482,"name":"DR.JART+","slug":"dr-jart"}],"_links":{"self":[{"href":"https:\/\/idakorea.ee\/fi\/wp-json\/wp\/v2\/product\/10992","targetHints":{"allow":["GET"]}}],"collection":[{"href":"https:\/\/idakorea.ee\/fi\/wp-json\/wp\/v2\/product"}],"about":[{"href":"https:\/\/idakorea.ee\/fi\/wp-json\/wp\/v2\/types\/product"}],"replies":[{"embeddable":true,"href":"https:\/\/idakorea.ee\/fi\/wp-json\/wp\/v2\/comments?post=10992"}],"version-history":[{"count":4,"href":"https:\/\/idakorea.ee\/fi\/wp-json\/wp\/v2\/product\/10992\/revisions"}],"predecessor-version":[{"id":10998,"href":"https:\/\/idakorea.ee\/fi\/wp-json\/wp\/v2\/product\/10992\/revisions\/10998"}],"wp:featuredmedia":[{"embeddable":true,"href":"https:\/\/idakorea.ee\/fi\/wp-json\/wp\/v2\/media\/12677"}],"wp:attachment":[{"href":"https:\/\/idakorea.ee\/fi\/wp-json\/wp\/v2\/media?parent=10992"}],"wp:term":[{"taxonomy":"pwb-brand","embeddable":true,"href":"https:\/\/idakorea.ee\/fi\/wp-json\/wp\/v2\/pwb-brand?post=10992"},{"taxonomy":"product_brand","embeddable":true,"href":"https:\/\/idakorea.ee\/fi\/wp-json\/wp\/v2\/product_brand?post=10992"},{"taxonomy":"product_cat","embeddable":true,"href":"https:\/\/idakorea.ee\/fi\/wp-json\/wp\/v2\/product_cat?post=10992"},{"taxonomy":"product_tag","embeddable":true,"href":"https:\/\/idakorea.ee\/fi\/wp-json\/wp\/v2\/product_tag?post=10992"}],"curies":[{"name":"wp","href":"https:\/\/api.w.org\/{rel}","templated":true}]}}