{"id":11022,"date":"2024-10-29T15:44:34","date_gmt":"2024-10-29T13:44:34","guid":{"rendered":"https:\/\/idakorea.ee\/?post_type=product&#038;p=11022"},"modified":"2026-01-30T16:01:20","modified_gmt":"2026-01-30T14:01:20","slug":"toitev-mask-dalba-white-truffle-double-mask-pack-25ml-exp-14-12-2024","status":"publish","type":"product","link":"https:\/\/idakorea.ee\/fi\/product\/toitev-mask-dalba-white-truffle-double-mask-pack-25ml-exp-14-12-2024\/","title":{"rendered":"Ravitseva naamio d'Alba White Truffle Double Mask Pack, 25ml"},"content":{"rendered":"<p>Ravitseva naamio <strong>d&#039;Alba White Truffle -kaksoisnaamiopakkaus (ravitseva\/kosteuttava)<\/strong> valkoista tryffeliuutetta ja hyaluronihappoa sis\u00e4lt\u00e4v\u00e4 koostumus koostuu kahdesta osasta: luonnollisten \u00f6ljyjen tiivisteest\u00e4 ja seerumista.<\/p>\n<p>Kahdeksaa luonnollista \u00f6ljy\u00e4 sis\u00e4lt\u00e4v\u00e4 tiiviste ravitsee tehokkaasti kuivaa ja kuivunutta ihoa tehden siit\u00e4 terveemm\u00e4n ja kirkkaamman.<\/p>\n<p>Italialaista valkoista tryffeliuutetta ja hyaluronihappoa sis\u00e4lt\u00e4v\u00e4 seerumi kosteuttaa ihoa syv\u00e4lt\u00e4 ja parantaa sen kimmoisuutta. Naamio tarttuu tiiviisti ihoon kirist\u00e4m\u00e4tt\u00e4 sit\u00e4 ja tarjoaa hell\u00e4varaista hoitoa.<\/p>\n<p>&nbsp;<\/p>\n<p>Sopii kaikille ihotyypeille, erityisesti kuivalle iholle.<\/p>\n<p><strong>K\u00e4ytt\u00f6ohjeet<\/strong>Ennen avaamista, py\u00f6rittele tiivisteosaa kahdesti tuubissa ja paina, jotta tiiviste siirtyy seerumiin. Levit\u00e4 naamio puhtaalle, kasvovedelle iholle, poista kangasnaamio 10\u201320 minuutin kuluttua ja hiero kasvojasi hell\u00e4varaisesti.<\/p>\n<p>&nbsp;<\/p>","protected":false},"excerpt":{"rendered":"<p>Ravitseva Mask d'Alba White Truffle Double Mask Pack (Nutritive\/Hydrating), jossa on valkoisen tryffelin uutetta ja hyaluronihappoa, koostuu kahdesta osasta: luonnollisten \u00f6ljyjen tiivisteest\u00e4 ja seerumista. Kahdeksan luonnon\u00f6ljy\u00e4 sis\u00e4lt\u00e4v\u00e4 tiiviste ravitsee intensiivisesti kuivaa ja kuivunutta ihoa tehden siit\u00e4 terveemm\u00e4n ja kirkkaamman. Seerumi, joka sis\u00e4lt\u00e4\u00e4 italialaista valkoisen tryffelin uutetta ja hyaluronihappoa, kosteuttaa ihoa syv\u00e4sti ja parantaa...<\/p>","protected":false},"featured_media":11023,"comment_status":"open","ping_status":"closed","template":"","meta":{"_uf_show_specific_survey":0,"_uf_disable_surveys":false,"_bst_post_transparent":"default","_bst_post_title":"","_bst_post_layout":"default","_bst_post_sidebar_id":"","_bst_post_content_style":"default","_bst_post_vertical_padding":"default","_bst_post_feature":"","_bst_post_feature_position":"","_bst_post_header":false,"_bst_post_footer":false},"pwb-brand":[105],"product_brand":[],"product_cat":[92,98],"product_tag":[],"class_list":{"0":"post-11022","1":"product","2":"type-product","3":"status-publish","4":"has-post-thumbnail","6":"pwb-brand-dalba","7":"product_cat-nagu","8":"product_cat-naomaskid","10":"first","11":"outofstock","12":"sale","13":"shipping-taxable","14":"purchasable","15":"product-type-simple","16":"entry","17":"content-bg","18":"loop-entry"},"supplier_id":null,"supplier_sku":"","barcode":null,"atum_controlled":true,"out_stock_date":"2025-10-28 16:35:48","out_stock_threshold":null,"inheritable":false,"inbound_stock":0,"stock_on_hold":0,"sold_today":0,"sales_last_days":0,"out_stock_days":167,"lost_sales":140,"has_location":false,"update_date":"2026-04-14T00:05:03","atum_locations":[],"atum_stock_status":"outofstock","restock_status":false,"low_stock_amount":"","sales_update_date":"2026-04-14T00:05:03","calc_backorders":null,"yoast_head":"<!-- This site is optimized with the Yoast SEO plugin v27.2 - https:\/\/yoast.com\/product\/yoast-seo-wordpress\/ -->\n<title>Toitev mask d&#039;Alba White Truffle Double Mask Pack, 25ml - IDA.KOREA<\/title>\n<meta name=\"robots\" content=\"index, follow, max-snippet:-1, max-image-preview:large, max-video-preview:-1\" \/>\n<link rel=\"canonical\" href=\"https:\/\/idakorea.ee\/fi\/product\/toitev-mask-dalba-white-truffle-double-mask-pack-25ml-exp-14-12-2024\/\" \/>\n<meta property=\"og:locale\" content=\"fi_FI\" \/>\n<meta property=\"og:type\" content=\"article\" \/>\n<meta property=\"og:title\" content=\"Toitev mask d&#039;Alba White Truffle Double Mask Pack, 25ml - IDA.KOREA\" \/>\n<meta property=\"og:description\" content=\"Toitev mask d&#8217;Alba White Truffle Double Mask Pack (Nutritive\/Hydrating) valge tr\u00fchvli ekstrakti ja h\u00fcaluroonhappega koosneb kahest osast: looduslike \u00f5lide kontsentraadist ja seerumist. Kontsentraat, mis sisaldab kaheksat looduslikku \u00f5li, tagab intensiivse toitmise kuiva ja niiskusvaese naha jaoks, muutes selle tervemaks ja s\u00e4ravamaks. Seerum, mis sisaldab Itaalia valge tr\u00fchvli ekstrakti ja h\u00fcaluroonhapet, niisutab nahka s\u00fcgavuti ja parandab...\" \/>\n<meta property=\"og:url\" content=\"https:\/\/idakorea.ee\/fi\/product\/toitev-mask-dalba-white-truffle-double-mask-pack-25ml-exp-14-12-2024\/\" \/>\n<meta property=\"og:site_name\" content=\"IDA.KOREA\" \/>\n<meta property=\"article:modified_time\" content=\"2026-01-30T14:01:20+00:00\" \/>\n<meta property=\"og:image\" content=\"https:\/\/idakorea.ee\/wp-content\/uploads\/2024\/10\/dalba_500037-650x650-1.jpg\" \/>\n\t<meta property=\"og:image:width\" content=\"650\" \/>\n\t<meta property=\"og:image:height\" content=\"650\" \/>\n\t<meta property=\"og:image:type\" content=\"image\/jpeg\" \/>\n<meta name=\"twitter:card\" content=\"summary_large_image\" \/>\n<meta name=\"twitter:label1\" content=\"Arvioitu lukuaika\" \/>\n\t<meta name=\"twitter:data1\" content=\"1 minuutti\" \/>\n<script type=\"application\/ld+json\" class=\"yoast-schema-graph\">{\"@context\":\"https:\/\/schema.org\",\"@graph\":[{\"@type\":\"WebPage\",\"@id\":\"https:\/\/idakorea.ee\/product\/toitev-mask-dalba-white-truffle-double-mask-pack-25ml-exp-14-12-2024\/\",\"url\":\"https:\/\/idakorea.ee\/product\/toitev-mask-dalba-white-truffle-double-mask-pack-25ml-exp-14-12-2024\/\",\"name\":\"Toitev mask d'Alba White Truffle Double Mask Pack, 25ml - IDA.KOREA\",\"isPartOf\":{\"@id\":\"https:\/\/idakorea.ee\/#website\"},\"primaryImageOfPage\":{\"@id\":\"https:\/\/idakorea.ee\/product\/toitev-mask-dalba-white-truffle-double-mask-pack-25ml-exp-14-12-2024\/#primaryimage\"},\"image\":{\"@id\":\"https:\/\/idakorea.ee\/product\/toitev-mask-dalba-white-truffle-double-mask-pack-25ml-exp-14-12-2024\/#primaryimage\"},\"thumbnailUrl\":\"https:\/\/idakorea.ee\/wp-content\/uploads\/2024\/10\/dalba_500037-650x650-1.jpg\",\"datePublished\":\"2024-10-29T13:44:34+00:00\",\"dateModified\":\"2026-01-30T14:01:20+00:00\",\"breadcrumb\":{\"@id\":\"https:\/\/idakorea.ee\/product\/toitev-mask-dalba-white-truffle-double-mask-pack-25ml-exp-14-12-2024\/#breadcrumb\"},\"inLanguage\":\"fi\",\"potentialAction\":[{\"@type\":\"ReadAction\",\"target\":[\"https:\/\/idakorea.ee\/product\/toitev-mask-dalba-white-truffle-double-mask-pack-25ml-exp-14-12-2024\/\"]}]},{\"@type\":\"ImageObject\",\"inLanguage\":\"fi\",\"@id\":\"https:\/\/idakorea.ee\/product\/toitev-mask-dalba-white-truffle-double-mask-pack-25ml-exp-14-12-2024\/#primaryimage\",\"url\":\"https:\/\/idakorea.ee\/wp-content\/uploads\/2024\/10\/dalba_500037-650x650-1.jpg\",\"contentUrl\":\"https:\/\/idakorea.ee\/wp-content\/uploads\/2024\/10\/dalba_500037-650x650-1.jpg\",\"width\":650,\"height\":650,\"caption\":\"white truffle double mask\"},{\"@type\":\"BreadcrumbList\",\"@id\":\"https:\/\/idakorea.ee\/product\/toitev-mask-dalba-white-truffle-double-mask-pack-25ml-exp-14-12-2024\/#breadcrumb\",\"itemListElement\":[{\"@type\":\"ListItem\",\"position\":1,\"name\":\"\u0413\u043b\u0430\u0432\u043d\u0430\u044f \u0441\u0442\u0440\u0430\u043d\u0438\u0446\u0430\",\"item\":\"https:\/\/idakorea.ee\/\"},{\"@type\":\"ListItem\",\"position\":2,\"name\":\"Shop\",\"item\":\"https:\/\/idakorea.ee\/shop-2\/\"},{\"@type\":\"ListItem\",\"position\":3,\"name\":\"Toitev mask d&#8217;Alba White Truffle Double Mask Pack, 25ml\"}]},{\"@type\":\"WebSite\",\"@id\":\"https:\/\/idakorea.ee\/#website\",\"url\":\"https:\/\/idakorea.ee\/\",\"name\":\"IDA.KOREA\",\"description\":\"Korea kosmeetika e-pood\",\"publisher\":{\"@id\":\"https:\/\/idakorea.ee\/#organization\"},\"alternateName\":\"Beauty Shop\",\"potentialAction\":[{\"@type\":\"SearchAction\",\"target\":{\"@type\":\"EntryPoint\",\"urlTemplate\":\"https:\/\/idakorea.ee\/?s={search_term_string}\"},\"query-input\":{\"@type\":\"PropertyValueSpecification\",\"valueRequired\":true,\"valueName\":\"search_term_string\"}}],\"inLanguage\":\"fi\"},{\"@type\":\"Organization\",\"@id\":\"https:\/\/idakorea.ee\/#organization\",\"name\":\"IDA.KOREA\",\"url\":\"https:\/\/idakorea.ee\/\",\"logo\":{\"@type\":\"ImageObject\",\"inLanguage\":\"fi\",\"@id\":\"https:\/\/idakorea.ee\/#\/schema\/logo\/image\/\",\"url\":\"https:\/\/idakorea.ee\/wp-content\/uploads\/2024\/05\/cropped-korea3.png\",\"contentUrl\":\"https:\/\/idakorea.ee\/wp-content\/uploads\/2024\/05\/cropped-korea3.png\",\"width\":688,\"height\":126,\"caption\":\"IDA.KOREA\"},\"image\":{\"@id\":\"https:\/\/idakorea.ee\/#\/schema\/logo\/image\/\"},\"sameAs\":[\"https:\/\/www.instagram.com\/ida.korea\/\"]}]}<\/script>\n<!-- \/ Yoast SEO plugin. -->","yoast_head_json":{"title":"Ravitseva naamio d&#039;Alba White Truffle -kaksoisnaamiopakkaus, 25ml - IDA.KOREA","robots":{"index":"index","follow":"follow","max-snippet":"max-snippet:-1","max-image-preview":"max-image-preview:large","max-video-preview":"max-video-preview:-1"},"canonical":"https:\/\/idakorea.ee\/fi\/product\/toitev-mask-dalba-white-truffle-double-mask-pack-25ml-exp-14-12-2024\/","og_locale":"fi_FI","og_type":"article","og_title":"Toitev mask d'Alba White Truffle Double Mask Pack, 25ml - IDA.KOREA","og_description":"Toitev mask d&#8217;Alba White Truffle Double Mask Pack (Nutritive\/Hydrating) valge tr\u00fchvli ekstrakti ja h\u00fcaluroonhappega koosneb kahest osast: looduslike \u00f5lide kontsentraadist ja seerumist. Kontsentraat, mis sisaldab kaheksat looduslikku \u00f5li, tagab intensiivse toitmise kuiva ja niiskusvaese naha jaoks, muutes selle tervemaks ja s\u00e4ravamaks. Seerum, mis sisaldab Itaalia valge tr\u00fchvli ekstrakti ja h\u00fcaluroonhapet, niisutab nahka s\u00fcgavuti ja parandab...","og_url":"https:\/\/idakorea.ee\/fi\/product\/toitev-mask-dalba-white-truffle-double-mask-pack-25ml-exp-14-12-2024\/","og_site_name":"IDA.KOREA","article_modified_time":"2026-01-30T14:01:20+00:00","og_image":[{"width":650,"height":650,"url":"https:\/\/idakorea.ee\/wp-content\/uploads\/2024\/10\/dalba_500037-650x650-1.jpg","type":"image\/jpeg"}],"twitter_card":"summary_large_image","twitter_misc":{"Arvioitu lukuaika":"1 minuutti"},"schema":{"@context":"https:\/\/schema.org","@graph":[{"@type":"WebPage","@id":"https:\/\/idakorea.ee\/product\/toitev-mask-dalba-white-truffle-double-mask-pack-25ml-exp-14-12-2024\/","url":"https:\/\/idakorea.ee\/product\/toitev-mask-dalba-white-truffle-double-mask-pack-25ml-exp-14-12-2024\/","name":"Ravitseva naamio d&#039;Alba White Truffle -kaksoisnaamiopakkaus, 25ml - IDA.KOREA","isPartOf":{"@id":"https:\/\/idakorea.ee\/#website"},"primaryImageOfPage":{"@id":"https:\/\/idakorea.ee\/product\/toitev-mask-dalba-white-truffle-double-mask-pack-25ml-exp-14-12-2024\/#primaryimage"},"image":{"@id":"https:\/\/idakorea.ee\/product\/toitev-mask-dalba-white-truffle-double-mask-pack-25ml-exp-14-12-2024\/#primaryimage"},"thumbnailUrl":"https:\/\/idakorea.ee\/wp-content\/uploads\/2024\/10\/dalba_500037-650x650-1.jpg","datePublished":"2024-10-29T13:44:34+00:00","dateModified":"2026-01-30T14:01:20+00:00","breadcrumb":{"@id":"https:\/\/idakorea.ee\/product\/toitev-mask-dalba-white-truffle-double-mask-pack-25ml-exp-14-12-2024\/#breadcrumb"},"inLanguage":"fi","potentialAction":[{"@type":"ReadAction","target":["https:\/\/idakorea.ee\/product\/toitev-mask-dalba-white-truffle-double-mask-pack-25ml-exp-14-12-2024\/"]}]},{"@type":"ImageObject","inLanguage":"fi","@id":"https:\/\/idakorea.ee\/product\/toitev-mask-dalba-white-truffle-double-mask-pack-25ml-exp-14-12-2024\/#primaryimage","url":"https:\/\/idakorea.ee\/wp-content\/uploads\/2024\/10\/dalba_500037-650x650-1.jpg","contentUrl":"https:\/\/idakorea.ee\/wp-content\/uploads\/2024\/10\/dalba_500037-650x650-1.jpg","width":650,"height":650,"caption":"white truffle double mask"},{"@type":"BreadcrumbList","@id":"https:\/\/idakorea.ee\/product\/toitev-mask-dalba-white-truffle-double-mask-pack-25ml-exp-14-12-2024\/#breadcrumb","itemListElement":[{"@type":"ListItem","position":1,"name":"\u0413\u043b\u0430\u0432\u043d\u0430\u044f \u0441\u0442\u0440\u0430\u043d\u0438\u0446\u0430","item":"https:\/\/idakorea.ee\/"},{"@type":"ListItem","position":2,"name":"Shop","item":"https:\/\/idakorea.ee\/shop-2\/"},{"@type":"ListItem","position":3,"name":"Toitev mask d&#8217;Alba White Truffle Double Mask Pack, 25ml"}]},{"@type":"WebSite","@id":"https:\/\/idakorea.ee\/#website","url":"https:\/\/idakorea.ee\/","name":"IDA.KOREA","description":"Korean kosmetiikan verkkokauppa","publisher":{"@id":"https:\/\/idakorea.ee\/#organization"},"alternateName":"Beauty Shop","potentialAction":[{"@type":"SearchAction","target":{"@type":"EntryPoint","urlTemplate":"https:\/\/idakorea.ee\/?s={search_term_string}"},"query-input":{"@type":"PropertyValueSpecification","valueRequired":true,"valueName":"search_term_string"}}],"inLanguage":"fi"},{"@type":"Organization","@id":"https:\/\/idakorea.ee\/#organization","name":"IDA.KOREA","url":"https:\/\/idakorea.ee\/","logo":{"@type":"ImageObject","inLanguage":"fi","@id":"https:\/\/idakorea.ee\/#\/schema\/logo\/image\/","url":"https:\/\/idakorea.ee\/wp-content\/uploads\/2024\/05\/cropped-korea3.png","contentUrl":"https:\/\/idakorea.ee\/wp-content\/uploads\/2024\/05\/cropped-korea3.png","width":688,"height":126,"caption":"IDA.KOREA"},"image":{"@id":"https:\/\/idakorea.ee\/#\/schema\/logo\/image\/"},"sameAs":["https:\/\/www.instagram.com\/ida.korea\/"]}]}},"jetpack_sharing_enabled":true,"brands":[{"id":105,"name":"d'ALBA","slug":"dalba"}],"_links":{"self":[{"href":"https:\/\/idakorea.ee\/fi\/wp-json\/wp\/v2\/product\/11022","targetHints":{"allow":["GET"]}}],"collection":[{"href":"https:\/\/idakorea.ee\/fi\/wp-json\/wp\/v2\/product"}],"about":[{"href":"https:\/\/idakorea.ee\/fi\/wp-json\/wp\/v2\/types\/product"}],"replies":[{"embeddable":true,"href":"https:\/\/idakorea.ee\/fi\/wp-json\/wp\/v2\/comments?post=11022"}],"version-history":[{"count":2,"href":"https:\/\/idakorea.ee\/fi\/wp-json\/wp\/v2\/product\/11022\/revisions"}],"predecessor-version":[{"id":11330,"href":"https:\/\/idakorea.ee\/fi\/wp-json\/wp\/v2\/product\/11022\/revisions\/11330"}],"wp:featuredmedia":[{"embeddable":true,"href":"https:\/\/idakorea.ee\/fi\/wp-json\/wp\/v2\/media\/11023"}],"wp:attachment":[{"href":"https:\/\/idakorea.ee\/fi\/wp-json\/wp\/v2\/media?parent=11022"}],"wp:term":[{"taxonomy":"pwb-brand","embeddable":true,"href":"https:\/\/idakorea.ee\/fi\/wp-json\/wp\/v2\/pwb-brand?post=11022"},{"taxonomy":"product_brand","embeddable":true,"href":"https:\/\/idakorea.ee\/fi\/wp-json\/wp\/v2\/product_brand?post=11022"},{"taxonomy":"product_cat","embeddable":true,"href":"https:\/\/idakorea.ee\/fi\/wp-json\/wp\/v2\/product_cat?post=11022"},{"taxonomy":"product_tag","embeddable":true,"href":"https:\/\/idakorea.ee\/fi\/wp-json\/wp\/v2\/product_tag?post=11022"}],"curies":[{"name":"wp","href":"https:\/\/api.w.org\/{rel}","templated":true}]}}