{"id":11098,"date":"2024-11-03T15:37:36","date_gmt":"2024-11-03T12:37:36","guid":{"rendered":"https:\/\/idakorea.ee\/?post_type=product&#038;p=11098"},"modified":"2026-03-16T16:27:12","modified_gmt":"2026-03-16T14:27:12","slug":"kollageenist-pinguldav-kilemask-naole-ckd-retino-collagen-tightening-glow-cream-pack-80ml","status":"publish","type":"product","link":"https:\/\/idakorea.ee\/fi\/product\/kollageenist-pinguldav-kilemask-naole-ckd-retino-collagen-tightening-glow-cream-pack-80ml\/","title":{"rendered":"Kollageenin kirist\u00e4v\u00e4 kalvo kasvonaamio CKD Retino Collagen Tightening Glow Cream Pack, 80ml"},"content":{"rendered":"<p class=\"translation-block\">Collagen Firming Film Face Mask<strong> CKD Retino Retino Collagen Tightening Glow Cream Pack<\/strong> parantaa ihon kimmoisuutta huomattavasti jo ensimm\u00e4isen k\u00e4ytt\u00f6kerran j\u00e4lkeen. Auttaa muotoilemaan kasvojen \u00e4\u00e4riviivoja, korostamaan \u00e4\u00e4riviivoja ja v\u00e4hent\u00e4m\u00e4\u00e4n veltostumista. Parantaa ihon s\u00e4vy\u00e4, tasoittaa ihon s\u00e4vy\u00e4 ja palauttaa terveen hehkun.<\/p>\n<p>Naamio stimuloi ihon omien kollageeni- ja elastiinikuitujen synteesi\u00e4, vahvistaa ihohuokosia ja parantaa ihon kimmoisuutta. Silottaa hienoja mimikkorypyj\u00e4, pienent\u00e4\u00e4 syvi\u00e4 kuoppia, vahvistaa verisuonten sein\u00e4mi\u00e4 ja v\u00e4hent\u00e4\u00e4 laajentuneiden huokosten n\u00e4kyvyytt\u00e4. Kosteuttaa intensiivisesti, lievitt\u00e4\u00e4 hilseily\u00e4 ja kuivuutta, hidastaa ik\u00e4\u00e4ntymisprosessia ja antaa v\u00e4litt\u00f6m\u00e4n kiinteytt\u00e4v\u00e4n vaikutuksen.<\/p>\n<p><strong>T\u00e4rkeimm\u00e4t vaikuttavat aineet:<\/strong><\/p>\n<ul>\n<li><strong>Matalamolekyylipainoinen hydrolysoitu kollageeni (73%)<\/strong> vahvistaa solusein\u00e4mi\u00e4 ja parantaa proteiinien aineenvaihduntaa, tasoittaa hienoja ryppyj\u00e4 ja veltostumista.<\/li>\n<li><strong>Stabiloitu kolmannen sukupolven verkkokalvo (10 000 ppb)<\/strong> on yksi kosmetiikan tehokkaimmista A-vitamiinimuodoista, joka stimuloi solujen uusiutumista, tasoittaa ihon rakennetta ja v\u00e4hent\u00e4\u00e4 ryppyjen ja laajentuneiden ihohuokosten ulkon\u00e4k\u00f6\u00e4.<\/li>\n<li><strong>Bergamotti\u00f6ljy<\/strong> lievitt\u00e4\u00e4 \u00e4rsytyst\u00e4 ja hoitaa erilaisia ihottumia, normalisoi talirauhasia.<\/li>\n<li><strong>Auringonkukka\u00f6ljy<\/strong> ravitsee, kosteuttaa ja pehment\u00e4\u00e4 ihoa syv\u00e4sti, tasoittaa mikrorakenteita ja tekee ihosta joustavan. Nopeuttaa solujen uusiutumista ja uudistumista.<\/li>\n<li><strong>Argan\u00f6ljy<\/strong> parantaa ihon kimmoisuutta ja vahvistaa suojaverkkoa, s\u00e4\u00e4telee vesi- ja lipiditasapainoa ja lievitt\u00e4\u00e4 hilseily\u00e4.<\/li>\n<li><strong>Kurkuma\u00f6ljy<\/strong> on voimakas antioksidantti, joka puhdistaa ihoa, edist\u00e4\u00e4 ihon nuorentumista ja s\u00e4\u00e4telee talirauhasia, ravitsee ja pehment\u00e4\u00e4 ihoa.<\/li>\n<li><strong>Hyaluronihappo<\/strong> kosteuttaa ihoa, lievitt\u00e4\u00e4 kuivuutta ja kiristyst\u00e4 ja tukee ihon kimmoisuutta.<\/li>\n<li><strong>Adenos<\/strong> suojaa soluja hapettumiselta, hidastaa ik\u00e4\u00e4ntymist\u00e4 ja stimuloi ihon kimmoisuudesta ja sileydest\u00e4 vastaavan prokollageeni-1:n synteesi\u00e4.<\/li>\n<\/ul>\n<p>&nbsp;<\/p>\n<p>Sopii kaikille ihotyypeille.<\/p>\n<p><strong>K\u00e4ytt\u00f6opas:<\/strong> levit\u00e4 naamio loppuhoitona v\u00e4ltt\u00e4en silmien ja huulten aluetta. Levit\u00e4 tasaisesti ja anna kuivua 30-40 minuuttia, kunnes naamio muuttuu l\u00e4pin\u00e4kyv\u00e4ksi. Poista naamio ja taputtele se kevyesti iholle, jotta j\u00e4\u00e4m\u00e4t imeytyv\u00e4t.<\/p>\n<p><strong>Huomio!<\/strong> K\u00e4yt\u00e4 p\u00e4iv\u00e4k\u00e4ytt\u00f6\u00f6n aurinkovoidetta SPF 50 PA++++. \u00c4l\u00e4 k\u00e4yt\u00e4 yhdess\u00e4 happamien tuotteiden ja runsaasti C-vitamiinia sis\u00e4lt\u00e4vien tuotteiden kanssa. Ei sovellu k\u00e4ytett\u00e4v\u00e4ksi raskauden tai imetyksen aikana eik\u00e4 ihoa traumatisoivien kosmeettisten toimenpiteiden j\u00e4lkeen.<\/p>","protected":false},"excerpt":{"rendered":"<p>CKD Retino Collagen Tightening Glow Cream Pack on kollageenia kirist\u00e4v\u00e4 kalvomainen kasvonaamio, joka parantaa ihon kimmoisuutta tuntuvasti jo ensimm\u00e4isen k\u00e4ytt\u00f6kerran j\u00e4lkeen. Auttaa muotoilemaan kasvojen \u00e4\u00e4riviivoja, korostamaan \u00e4\u00e4riviivoja ja v\u00e4hent\u00e4m\u00e4\u00e4n veltostumista. Parantaa ihon s\u00e4vy\u00e4, tasoittaa ihon s\u00e4vy\u00e4 ja palauttaa terveen hehkun. Naamio stimuloi ihon omien kollageeni- ja elastiinikuitujen synteesi\u00e4, vahvistaa ihohuokosia ja parantaa kimmoisuutta. Silottaa hienoja juonteita ja ryppyj\u00e4, v\u00e4hent\u00e4\u00e4 syvien...<\/p>","protected":false},"featured_media":11099,"comment_status":"open","ping_status":"closed","template":"","meta":{"_uf_show_specific_survey":0,"_uf_disable_surveys":false,"_bst_post_transparent":"default","_bst_post_title":"","_bst_post_layout":"default","_bst_post_sidebar_id":"","_bst_post_content_style":"default","_bst_post_vertical_padding":"default","_bst_post_feature":"","_bst_post_feature_position":"","_bst_post_header":false,"_bst_post_footer":false},"pwb-brand":[560],"product_brand":[],"product_cat":[92,98],"product_tag":[668],"class_list":{"0":"post-11098","1":"product","2":"type-product","3":"status-publish","4":"has-post-thumbnail","6":"pwb-brand-ckd","7":"product_cat-nagu","8":"product_cat-naomaskid","9":"product_tag-ckd-retino-mask","11":"first","12":"outofstock","13":"sale","14":"shipping-taxable","15":"purchasable","16":"product-type-simple","17":"entry","18":"content-bg","19":"loop-entry"},"supplier_id":null,"supplier_sku":"","barcode":null,"atum_controlled":true,"out_stock_date":"2026-03-16 16:27:13","out_stock_threshold":null,"inheritable":false,"inbound_stock":0,"stock_on_hold":0,"sold_today":0,"sales_last_days":1,"out_stock_days":28,"lost_sales":99,"has_location":false,"update_date":"2026-04-14T00:05:10","atum_locations":[],"atum_stock_status":"outofstock","restock_status":false,"low_stock_amount":"","sales_update_date":"2026-04-14T00:05:10","calc_backorders":null,"yoast_head":"<!-- This site is optimized with the Yoast SEO plugin v27.2 - https:\/\/yoast.com\/product\/yoast-seo-wordpress\/ -->\n<title>Kollageenist pinguldav kilemask n\u00e4ole CKD Retino Collagen Tightening Glow Cream Pack, 80ml - IDA.KOREA<\/title>\n<meta name=\"description\" content=\"Kollageenist pinguldav kilemask n\u00e4ole CKD Retino Collagen Tightening Glow Cream Pack t\u00f5stab naha elastsust m\u00e4rgatavalt juba p\u00e4rast esimest kasutuskorda. Aitab kujundada n\u00e4oovaali, r\u00f5hutada kontuure ja v\u00e4hendada naha l\u00f5tvumist. Parandab jume, \u00fchtlustab nahatooni ja taastab terve s\u00e4ra.\" \/>\n<meta name=\"robots\" content=\"index, follow, max-snippet:-1, max-image-preview:large, max-video-preview:-1\" \/>\n<link rel=\"canonical\" href=\"https:\/\/idakorea.ee\/fi\/product\/kollageenist-pinguldav-kilemask-naole-ckd-retino-collagen-tightening-glow-cream-pack-80ml\/\" \/>\n<meta property=\"og:locale\" content=\"fi_FI\" \/>\n<meta property=\"og:type\" content=\"article\" \/>\n<meta property=\"og:title\" content=\"Kollageenist pinguldav kilemask n\u00e4ole CKD Retino Collagen Tightening Glow Cream Pack, 80ml - IDA.KOREA\" \/>\n<meta property=\"og:description\" content=\"Kollageenist pinguldav kilemask n\u00e4ole CKD Retino Collagen Tightening Glow Cream Pack t\u00f5stab naha elastsust m\u00e4rgatavalt juba p\u00e4rast esimest kasutuskorda. Aitab kujundada n\u00e4oovaali, r\u00f5hutada kontuure ja v\u00e4hendada naha l\u00f5tvumist. Parandab jume, \u00fchtlustab nahatooni ja taastab terve s\u00e4ra.\" \/>\n<meta property=\"og:url\" content=\"https:\/\/idakorea.ee\/fi\/product\/kollageenist-pinguldav-kilemask-naole-ckd-retino-collagen-tightening-glow-cream-pack-80ml\/\" \/>\n<meta property=\"og:site_name\" content=\"IDA.KOREA\" \/>\n<meta property=\"article:modified_time\" content=\"2026-03-16T14:27:12+00:00\" \/>\n<meta property=\"og:image\" content=\"https:\/\/idakorea.ee\/wp-content\/uploads\/2024\/11\/80-_1_.jpg\" \/>\n\t<meta property=\"og:image:width\" content=\"1000\" \/>\n\t<meta property=\"og:image:height\" content=\"1000\" \/>\n\t<meta property=\"og:image:type\" content=\"image\/jpeg\" \/>\n<meta name=\"twitter:card\" content=\"summary_large_image\" \/>\n<meta name=\"twitter:label1\" content=\"Arvioitu lukuaika\" \/>\n\t<meta name=\"twitter:data1\" content=\"2 minuuttia\" \/>\n<script type=\"application\/ld+json\" class=\"yoast-schema-graph\">{\"@context\":\"https:\/\/schema.org\",\"@graph\":[{\"@type\":\"WebPage\",\"@id\":\"https:\/\/idakorea.ee\/product\/kollageenist-pinguldav-kilemask-naole-ckd-retino-collagen-tightening-glow-cream-pack-80ml\/\",\"url\":\"https:\/\/idakorea.ee\/product\/kollageenist-pinguldav-kilemask-naole-ckd-retino-collagen-tightening-glow-cream-pack-80ml\/\",\"name\":\"Kollageenist pinguldav kilemask n\u00e4ole CKD Retino Collagen Tightening Glow Cream Pack, 80ml - IDA.KOREA\",\"isPartOf\":{\"@id\":\"https:\/\/idakorea.ee\/#website\"},\"primaryImageOfPage\":{\"@id\":\"https:\/\/idakorea.ee\/product\/kollageenist-pinguldav-kilemask-naole-ckd-retino-collagen-tightening-glow-cream-pack-80ml\/#primaryimage\"},\"image\":{\"@id\":\"https:\/\/idakorea.ee\/product\/kollageenist-pinguldav-kilemask-naole-ckd-retino-collagen-tightening-glow-cream-pack-80ml\/#primaryimage\"},\"thumbnailUrl\":\"https:\/\/idakorea.ee\/wp-content\/uploads\/2024\/11\/80-_1_.jpg\",\"datePublished\":\"2024-11-03T12:37:36+00:00\",\"dateModified\":\"2026-03-16T14:27:12+00:00\",\"description\":\"Kollageenist pinguldav kilemask n\u00e4ole CKD Retino Collagen Tightening Glow Cream Pack t\u00f5stab naha elastsust m\u00e4rgatavalt juba p\u00e4rast esimest kasutuskorda. Aitab kujundada n\u00e4oovaali, r\u00f5hutada kontuure ja v\u00e4hendada naha l\u00f5tvumist. Parandab jume, \u00fchtlustab nahatooni ja taastab terve s\u00e4ra.\",\"breadcrumb\":{\"@id\":\"https:\/\/idakorea.ee\/product\/kollageenist-pinguldav-kilemask-naole-ckd-retino-collagen-tightening-glow-cream-pack-80ml\/#breadcrumb\"},\"inLanguage\":\"fi\",\"potentialAction\":[{\"@type\":\"ReadAction\",\"target\":[\"https:\/\/idakorea.ee\/product\/kollageenist-pinguldav-kilemask-naole-ckd-retino-collagen-tightening-glow-cream-pack-80ml\/\"]}]},{\"@type\":\"ImageObject\",\"inLanguage\":\"fi\",\"@id\":\"https:\/\/idakorea.ee\/product\/kollageenist-pinguldav-kilemask-naole-ckd-retino-collagen-tightening-glow-cream-pack-80ml\/#primaryimage\",\"url\":\"https:\/\/idakorea.ee\/wp-content\/uploads\/2024\/11\/80-_1_.jpg\",\"contentUrl\":\"https:\/\/idakorea.ee\/wp-content\/uploads\/2024\/11\/80-_1_.jpg\",\"width\":1000,\"height\":1000,\"caption\":\"ckd retino collagen mask pack\"},{\"@type\":\"BreadcrumbList\",\"@id\":\"https:\/\/idakorea.ee\/product\/kollageenist-pinguldav-kilemask-naole-ckd-retino-collagen-tightening-glow-cream-pack-80ml\/#breadcrumb\",\"itemListElement\":[{\"@type\":\"ListItem\",\"position\":1,\"name\":\"\u0413\u043b\u0430\u0432\u043d\u0430\u044f \u0441\u0442\u0440\u0430\u043d\u0438\u0446\u0430\",\"item\":\"https:\/\/idakorea.ee\/\"},{\"@type\":\"ListItem\",\"position\":2,\"name\":\"Shop\",\"item\":\"https:\/\/idakorea.ee\/shop-2\/\"},{\"@type\":\"ListItem\",\"position\":3,\"name\":\"Kollageenist pinguldav kilemask n\u00e4ole CKD Retino Collagen Tightening Glow Cream Pack, 80ml\"}]},{\"@type\":\"WebSite\",\"@id\":\"https:\/\/idakorea.ee\/#website\",\"url\":\"https:\/\/idakorea.ee\/\",\"name\":\"IDA.KOREA\",\"description\":\"Korea kosmeetika e-pood\",\"publisher\":{\"@id\":\"https:\/\/idakorea.ee\/#organization\"},\"alternateName\":\"Beauty Shop\",\"potentialAction\":[{\"@type\":\"SearchAction\",\"target\":{\"@type\":\"EntryPoint\",\"urlTemplate\":\"https:\/\/idakorea.ee\/?s={search_term_string}\"},\"query-input\":{\"@type\":\"PropertyValueSpecification\",\"valueRequired\":true,\"valueName\":\"search_term_string\"}}],\"inLanguage\":\"fi\"},{\"@type\":\"Organization\",\"@id\":\"https:\/\/idakorea.ee\/#organization\",\"name\":\"IDA.KOREA\",\"url\":\"https:\/\/idakorea.ee\/\",\"logo\":{\"@type\":\"ImageObject\",\"inLanguage\":\"fi\",\"@id\":\"https:\/\/idakorea.ee\/#\/schema\/logo\/image\/\",\"url\":\"https:\/\/idakorea.ee\/wp-content\/uploads\/2024\/05\/cropped-korea3.png\",\"contentUrl\":\"https:\/\/idakorea.ee\/wp-content\/uploads\/2024\/05\/cropped-korea3.png\",\"width\":688,\"height\":126,\"caption\":\"IDA.KOREA\"},\"image\":{\"@id\":\"https:\/\/idakorea.ee\/#\/schema\/logo\/image\/\"},\"sameAs\":[\"https:\/\/www.instagram.com\/ida.korea\/\"]}]}<\/script>\n<!-- \/ Yoast SEO plugin. -->","yoast_head_json":{"title":"Kollageenin kirist\u00e4v\u00e4 kalvo kasvonaamio CKD Retino Collagen Tightening Glow Cream Pack, 80ml - IDA.KOREA","description":"CKD Retino Collagen Tightening Glow Cream Pack on kollageenia kirist\u00e4v\u00e4 kalvomainen kasvonaamio, joka parantaa ihon kimmoisuutta tuntuvasti jo ensimm\u00e4isen k\u00e4ytt\u00f6kerran j\u00e4lkeen. Auttaa muotoilemaan kasvojen \u00e4\u00e4riviivoja, korostamaan \u00e4\u00e4riviivoja ja v\u00e4hent\u00e4m\u00e4\u00e4n veltostumista. Parantaa ihon s\u00e4vy\u00e4, tasoittaa ihon s\u00e4vy\u00e4 ja palauttaa terveen hehkun.","robots":{"index":"index","follow":"follow","max-snippet":"max-snippet:-1","max-image-preview":"max-image-preview:large","max-video-preview":"max-video-preview:-1"},"canonical":"https:\/\/idakorea.ee\/fi\/product\/kollageenist-pinguldav-kilemask-naole-ckd-retino-collagen-tightening-glow-cream-pack-80ml\/","og_locale":"fi_FI","og_type":"article","og_title":"Kollageenist pinguldav kilemask n\u00e4ole CKD Retino Collagen Tightening Glow Cream Pack, 80ml - IDA.KOREA","og_description":"Kollageenist pinguldav kilemask n\u00e4ole CKD Retino Collagen Tightening Glow Cream Pack t\u00f5stab naha elastsust m\u00e4rgatavalt juba p\u00e4rast esimest kasutuskorda. Aitab kujundada n\u00e4oovaali, r\u00f5hutada kontuure ja v\u00e4hendada naha l\u00f5tvumist. Parandab jume, \u00fchtlustab nahatooni ja taastab terve s\u00e4ra.","og_url":"https:\/\/idakorea.ee\/fi\/product\/kollageenist-pinguldav-kilemask-naole-ckd-retino-collagen-tightening-glow-cream-pack-80ml\/","og_site_name":"IDA.KOREA","article_modified_time":"2026-03-16T14:27:12+00:00","og_image":[{"width":1000,"height":1000,"url":"https:\/\/idakorea.ee\/wp-content\/uploads\/2024\/11\/80-_1_.jpg","type":"image\/jpeg"}],"twitter_card":"summary_large_image","twitter_misc":{"Arvioitu lukuaika":"2 minuuttia"},"schema":{"@context":"https:\/\/schema.org","@graph":[{"@type":"WebPage","@id":"https:\/\/idakorea.ee\/product\/kollageenist-pinguldav-kilemask-naole-ckd-retino-collagen-tightening-glow-cream-pack-80ml\/","url":"https:\/\/idakorea.ee\/product\/kollageenist-pinguldav-kilemask-naole-ckd-retino-collagen-tightening-glow-cream-pack-80ml\/","name":"Kollageenin kirist\u00e4v\u00e4 kalvo kasvonaamio CKD Retino Collagen Tightening Glow Cream Pack, 80ml - IDA.KOREA","isPartOf":{"@id":"https:\/\/idakorea.ee\/#website"},"primaryImageOfPage":{"@id":"https:\/\/idakorea.ee\/product\/kollageenist-pinguldav-kilemask-naole-ckd-retino-collagen-tightening-glow-cream-pack-80ml\/#primaryimage"},"image":{"@id":"https:\/\/idakorea.ee\/product\/kollageenist-pinguldav-kilemask-naole-ckd-retino-collagen-tightening-glow-cream-pack-80ml\/#primaryimage"},"thumbnailUrl":"https:\/\/idakorea.ee\/wp-content\/uploads\/2024\/11\/80-_1_.jpg","datePublished":"2024-11-03T12:37:36+00:00","dateModified":"2026-03-16T14:27:12+00:00","description":"CKD Retino Collagen Tightening Glow Cream Pack on kollageenia kirist\u00e4v\u00e4 kalvomainen kasvonaamio, joka parantaa ihon kimmoisuutta tuntuvasti jo ensimm\u00e4isen k\u00e4ytt\u00f6kerran j\u00e4lkeen. Auttaa muotoilemaan kasvojen \u00e4\u00e4riviivoja, korostamaan \u00e4\u00e4riviivoja ja v\u00e4hent\u00e4m\u00e4\u00e4n veltostumista. Parantaa ihon s\u00e4vy\u00e4, tasoittaa ihon s\u00e4vy\u00e4 ja palauttaa terveen hehkun.","breadcrumb":{"@id":"https:\/\/idakorea.ee\/product\/kollageenist-pinguldav-kilemask-naole-ckd-retino-collagen-tightening-glow-cream-pack-80ml\/#breadcrumb"},"inLanguage":"fi","potentialAction":[{"@type":"ReadAction","target":["https:\/\/idakorea.ee\/product\/kollageenist-pinguldav-kilemask-naole-ckd-retino-collagen-tightening-glow-cream-pack-80ml\/"]}]},{"@type":"ImageObject","inLanguage":"fi","@id":"https:\/\/idakorea.ee\/product\/kollageenist-pinguldav-kilemask-naole-ckd-retino-collagen-tightening-glow-cream-pack-80ml\/#primaryimage","url":"https:\/\/idakorea.ee\/wp-content\/uploads\/2024\/11\/80-_1_.jpg","contentUrl":"https:\/\/idakorea.ee\/wp-content\/uploads\/2024\/11\/80-_1_.jpg","width":1000,"height":1000,"caption":"ckd retino collagen mask pack"},{"@type":"BreadcrumbList","@id":"https:\/\/idakorea.ee\/product\/kollageenist-pinguldav-kilemask-naole-ckd-retino-collagen-tightening-glow-cream-pack-80ml\/#breadcrumb","itemListElement":[{"@type":"ListItem","position":1,"name":"\u0413\u043b\u0430\u0432\u043d\u0430\u044f \u0441\u0442\u0440\u0430\u043d\u0438\u0446\u0430","item":"https:\/\/idakorea.ee\/"},{"@type":"ListItem","position":2,"name":"Shop","item":"https:\/\/idakorea.ee\/shop-2\/"},{"@type":"ListItem","position":3,"name":"Kollageenist pinguldav kilemask n\u00e4ole CKD Retino Collagen Tightening Glow Cream Pack, 80ml"}]},{"@type":"WebSite","@id":"https:\/\/idakorea.ee\/#website","url":"https:\/\/idakorea.ee\/","name":"IDA.KOREA","description":"Korean kosmetiikan verkkokauppa","publisher":{"@id":"https:\/\/idakorea.ee\/#organization"},"alternateName":"Beauty Shop","potentialAction":[{"@type":"SearchAction","target":{"@type":"EntryPoint","urlTemplate":"https:\/\/idakorea.ee\/?s={search_term_string}"},"query-input":{"@type":"PropertyValueSpecification","valueRequired":true,"valueName":"search_term_string"}}],"inLanguage":"fi"},{"@type":"Organization","@id":"https:\/\/idakorea.ee\/#organization","name":"IDA.KOREA","url":"https:\/\/idakorea.ee\/","logo":{"@type":"ImageObject","inLanguage":"fi","@id":"https:\/\/idakorea.ee\/#\/schema\/logo\/image\/","url":"https:\/\/idakorea.ee\/wp-content\/uploads\/2024\/05\/cropped-korea3.png","contentUrl":"https:\/\/idakorea.ee\/wp-content\/uploads\/2024\/05\/cropped-korea3.png","width":688,"height":126,"caption":"IDA.KOREA"},"image":{"@id":"https:\/\/idakorea.ee\/#\/schema\/logo\/image\/"},"sameAs":["https:\/\/www.instagram.com\/ida.korea\/"]}]}},"jetpack_sharing_enabled":true,"brands":[{"id":560,"name":"CKD","slug":"ckd"}],"_links":{"self":[{"href":"https:\/\/idakorea.ee\/fi\/wp-json\/wp\/v2\/product\/11098","targetHints":{"allow":["GET"]}}],"collection":[{"href":"https:\/\/idakorea.ee\/fi\/wp-json\/wp\/v2\/product"}],"about":[{"href":"https:\/\/idakorea.ee\/fi\/wp-json\/wp\/v2\/types\/product"}],"replies":[{"embeddable":true,"href":"https:\/\/idakorea.ee\/fi\/wp-json\/wp\/v2\/comments?post=11098"}],"version-history":[{"count":1,"href":"https:\/\/idakorea.ee\/fi\/wp-json\/wp\/v2\/product\/11098\/revisions"}],"predecessor-version":[{"id":11102,"href":"https:\/\/idakorea.ee\/fi\/wp-json\/wp\/v2\/product\/11098\/revisions\/11102"}],"wp:featuredmedia":[{"embeddable":true,"href":"https:\/\/idakorea.ee\/fi\/wp-json\/wp\/v2\/media\/11099"}],"wp:attachment":[{"href":"https:\/\/idakorea.ee\/fi\/wp-json\/wp\/v2\/media?parent=11098"}],"wp:term":[{"taxonomy":"pwb-brand","embeddable":true,"href":"https:\/\/idakorea.ee\/fi\/wp-json\/wp\/v2\/pwb-brand?post=11098"},{"taxonomy":"product_brand","embeddable":true,"href":"https:\/\/idakorea.ee\/fi\/wp-json\/wp\/v2\/product_brand?post=11098"},{"taxonomy":"product_cat","embeddable":true,"href":"https:\/\/idakorea.ee\/fi\/wp-json\/wp\/v2\/product_cat?post=11098"},{"taxonomy":"product_tag","embeddable":true,"href":"https:\/\/idakorea.ee\/fi\/wp-json\/wp\/v2\/product_tag?post=11098"}],"curies":[{"name":"wp","href":"https:\/\/api.w.org\/{rel}","templated":true}]}}