{"id":11103,"date":"2024-11-03T16:01:53","date_gmt":"2024-11-03T13:01:53","guid":{"rendered":"https:\/\/idakorea.ee\/?post_type=product&#038;p=11103"},"modified":"2026-01-30T15:59:55","modified_gmt":"2026-01-30T13:59:55","slug":"liposoomne-lifting-kreem-retinaaliga-ckd-retino-collagen-small-molecule-300-cream","status":"publish","type":"product","link":"https:\/\/idakorea.ee\/fi\/product\/liposoomne-lifting-kreem-retinaaliga-ckd-retino-collagen-small-molecule-300-cream\/","title":{"rendered":"CKD Retino Collagen Small Molecule 300 Cream, 40ml"},"content":{"rendered":"<p>Liposomaalinen nostovoide ja verkkokalvovoide<strong> CKD Retino Collagen Small Molecule 300 Cream -voide<\/strong> vahvistaa ja tasoittaa ihon s\u00e4vy\u00e4 ja parantaa ihon s\u00e4vy\u00e4 antaen kasvoille raikkaan ja terveen hehkun. Sill\u00e4 on tasoittava vaikutus, joka auttaa v\u00e4hent\u00e4m\u00e4\u00e4n juonteita ja ryppyj\u00e4.<\/p>\n<p>T\u00e4m\u00e4 tuote sulkee ihon, suojaa sit\u00e4 roikkumiselta ja est\u00e4\u00e4 sit\u00e4 vajoamasta. Lis\u00e4\u00e4 merkitt\u00e4v\u00e4sti kudoksen kimmoisuutta stimuloimalla sen omien kollageenikuitujen tuotantoa. Se my\u00f6s syv\u00e4kosteuttaa, lievitt\u00e4\u00e4 kuivuutta ja hilseily\u00e4 ja pehment\u00e4\u00e4 ihoa.<\/p>\n<p>Patentoitu <strong>JOUSTAVAT LIPOSOMIT<\/strong> teknologian ansiosta aktiiviset ainesosat tunkeutuvat syv\u00e4lle ihoon ja imeytyv\u00e4t mahdollisimman tehokkaasti. Vakauttaa verkkokalvoa ja v\u00e4hent\u00e4\u00e4 \u00e4rsytysriski\u00e4.<\/p>\n<p class=\"translation-block\"><strong>Aminohappokompleksi<\/strong> palauttaa ihon rakenteen ja vahvistaa kollageeni- ja elastiinikuituja tehden ihosta kiinte\u00e4mm\u00e4n ja s\u00e4ilytt\u00e4en samalla kosteustasapainon tervett\u00e4 ihoa varten.<\/p>\n<p>Tuote sis\u00e4lt\u00e4\u00e4 peptidikompleksin, jolla on voimakkaita anti-ageing-ominaisuuksia:<\/p>\n<ul>\n<li><strong>Kuparitripeptidi-1 (kuparitripeptidi-1)<\/strong> lis\u00e4\u00e4 kollageenin ja elastiinin synteesi\u00e4, kirist\u00e4\u00e4 ihoa, edist\u00e4\u00e4 tulehdusta ehk\u00e4isev\u00e4\u00e4 ja antioksidanttista vaikutusta sek\u00e4 nopeuttaa ihon uudistumista.<\/li>\n<li><strong>Nonapeptidi-1<\/strong> on 7 aminohaposta koostuva vaalea peptidi, joka est\u00e4\u00e4 tyrosinaasientsyymi\u00e4, joka est\u00e4\u00e4 pigmenttil\u00e4iskien muodostumista.<\/li>\n<li><strong>Palmitoyylipentapeptidi-4<\/strong> on tehokas ja hyvin tutkittu peptidi, joka edist\u00e4\u00e4 solujen uusiutumista ja ihon uudistumista ja tarjoaa retinolin kaltaisen vaikutuksen ilman \u00e4rsytyst\u00e4.<\/li>\n<\/ul>\n<p><strong>T\u00e4rkeimm\u00e4t vaikuttavat aineet:<\/strong><\/p>\n<ul>\n<li><strong>Matalamolekyylipainoinen hydrolysoitu kollageeni (53%)<\/strong> vahvistaa solusein\u00e4mi\u00e4 ja parantaa proteiinien vaihtuvuutta, mik\u00e4 auttaa tasoittamaan juonteita ja ryppyj\u00e4.<\/li>\n<li><strong>Stabiloitu kolmannen sukupolven verkkokalvo (100 ppm)<\/strong> - yksi kosmetiikan tehokkaimmista A-vitamiinimuodoista, joka edist\u00e4\u00e4 solujen uusiutumista, tasoittaa ihon rakennetta ja v\u00e4hent\u00e4\u00e4 ryppyj\u00e4 ja laajentuneita huokosia.<\/li>\n<li><strong>Hyaluronihappo<\/strong> antaa syv\u00e4kosteutusta, tasoittaa ihon pintaa ja tukee ihon kimmoisuutta.<\/li>\n<li><strong>Adenos<\/strong> suojaa soluja hapettumiselta, hidastaa ik\u00e4\u00e4ntymisprosessia ja stimuloi prokollageeni-1:n tuotantoa, mik\u00e4 takaa sile\u00e4n ja kimmoisan ihon.<\/li>\n<li><strong>SYN-Coll<\/strong> on tehokas anti-ageing-kompleksi, joka stimuloi kollageenisynteesi\u00e4, parantaa ihon turgoria ja v\u00e4hent\u00e4\u00e4 syvi\u00e4 ryppyj\u00e4.<\/li>\n<li><strong>Argireline<\/strong> on peptidi, joka rentouttaa kasvojen lihaksia ja v\u00e4hent\u00e4\u00e4 kasvojen ryppyj\u00e4.<\/li>\n<li><strong>\u00d6ljykompleksi<\/strong> pehment\u00e4\u00e4 ihoa, poistaa kuivuutta ja hilseily\u00e4, kosteuttaa ihoa syv\u00e4sti ja lis\u00e4\u00e4 sen kimmoisuutta ja sileytt\u00e4.<\/li>\n<li><strong>Fosfolipidit<\/strong> ovat solukalvon olennaisia osia, jotka tukevat solujen elinvoimaisuutta ja jakautumista ja auttavat palauttamaan ihon kosteussulun.<\/li>\n<\/ul>\n<p>&nbsp;<\/p>\n<p>Sopii kuivalle, normaalille ja sekaiholle.<\/p>\n<p><strong>K\u00e4ytt\u00f6opas:<\/strong> levit\u00e4 tarvittava m\u00e4\u00e4r\u00e4 voidetta kasvoille hierovin liikkein hoidon loppuvaiheessa. P\u00e4iv\u00e4k\u00e4yt\u00f6ss\u00e4 levit\u00e4 lis\u00e4ksi SPF 50 PA++++ -aurinkovoidetta.<\/p>\n<p><strong>Huomio!<\/strong> Jos et ole aiemmin k\u00e4ytt\u00e4nyt retinolia sis\u00e4lt\u00e4vi\u00e4 tuotteita, lis\u00e4\u00e4 voidetta v\u00e4hitellen. \u00c4l\u00e4 k\u00e4yt\u00e4 yhdess\u00e4 happamien tuotteiden tai runsaasti C-vitamiinia sis\u00e4lt\u00e4vien tuotteiden kanssa. Sit\u00e4 ei suositella k\u00e4ytett\u00e4v\u00e4ksi raskauden tai imetyksen aikana tai ihoa traumatisoivien kosmeettisten toimenpiteiden j\u00e4lkeen.<\/p>","protected":false},"excerpt":{"rendered":"<p>CKD Retino Collagen Small Molecule 300 Cream liposomaalinen lifting-voide, jossa on verkkokalvoa CKD Retino Collagen Small Molecule 300 Cream -voide vahvistaa ja tasoittaa ihon s\u00e4vy\u00e4 sek\u00e4 parantaa ihon s\u00e4vy\u00e4 antaen kasvoille raikkaan ja terveen hehkun. Voiteella on tasoittava vaikutus, joka auttaa v\u00e4hent\u00e4m\u00e4\u00e4n juonteita ja ryppyj\u00e4. Tuote pehment\u00e4\u00e4 ihoa, suojaa sit\u00e4 veltostumiselta ja ehk\u00e4isee ihon veltostumista. Lis\u00e4\u00e4 merkitt\u00e4v\u00e4sti kudoksen kimmoisuutta stimuloimalla sen kollageenikuitujen tuotantoa.....<\/p>","protected":false},"featured_media":11104,"comment_status":"open","ping_status":"closed","template":"","meta":{"_uf_show_specific_survey":0,"_uf_disable_surveys":false,"_bst_post_transparent":"default","_bst_post_title":"","_bst_post_layout":"default","_bst_post_sidebar_id":"","_bst_post_content_style":"default","_bst_post_vertical_padding":"default","_bst_post_feature":"","_bst_post_feature_position":"","_bst_post_header":false,"_bst_post_footer":false},"pwb-brand":[560],"product_brand":[],"product_cat":[92,96],"product_tag":[],"class_list":{"0":"post-11103","1":"product","2":"type-product","3":"status-publish","4":"has-post-thumbnail","6":"pwb-brand-ckd","7":"product_cat-nagu","8":"product_cat-naokreemid","10":"first","11":"instock","12":"sale","13":"shipping-taxable","14":"purchasable","15":"product-type-simple","16":"entry","17":"content-bg","18":"loop-entry"},"supplier_id":null,"supplier_sku":"","barcode":null,"atum_controlled":true,"out_stock_date":null,"out_stock_threshold":null,"inheritable":false,"inbound_stock":0,"stock_on_hold":0,"sold_today":0,"sales_last_days":0,"out_stock_days":0,"lost_sales":0,"has_location":false,"update_date":"2026-04-14T00:05:04","atum_locations":[],"atum_stock_status":"instock","restock_status":false,"low_stock_amount":"","sales_update_date":"2026-04-14T00:05:04","calc_backorders":null,"yoast_head":"<!-- This site is optimized with the Yoast SEO plugin v27.2 - https:\/\/yoast.com\/product\/yoast-seo-wordpress\/ -->\n<title>CKD Retino Collagen Small Molecule 300 Cream - IDA.KOREA<\/title>\n<meta name=\"description\" content=\"Liposoomne lifting-kreem retinaaliga CKD Retino Collagen Small Molecule 300 Cream tugevdab ja \u00fchtlustab nahatooni ning parandab jume, andes n\u00e4ole v\u00e4rske ja terve s\u00e4ra.\" \/>\n<meta name=\"robots\" content=\"index, follow, max-snippet:-1, max-image-preview:large, max-video-preview:-1\" \/>\n<link rel=\"canonical\" href=\"https:\/\/idakorea.ee\/fi\/product\/liposoomne-lifting-kreem-retinaaliga-ckd-retino-collagen-small-molecule-300-cream\/\" \/>\n<meta property=\"og:locale\" content=\"fi_FI\" \/>\n<meta property=\"og:type\" content=\"article\" \/>\n<meta property=\"og:title\" content=\"CKD Retino Collagen Small Molecule 300 Cream - IDA.KOREA\" \/>\n<meta property=\"og:description\" content=\"Liposoomne lifting-kreem retinaaliga CKD Retino Collagen Small Molecule 300 Cream tugevdab ja \u00fchtlustab nahatooni ning parandab jume, andes n\u00e4ole v\u00e4rske ja terve s\u00e4ra.\" \/>\n<meta property=\"og:url\" content=\"https:\/\/idakorea.ee\/fi\/product\/liposoomne-lifting-kreem-retinaaliga-ckd-retino-collagen-small-molecule-300-cream\/\" \/>\n<meta property=\"og:site_name\" content=\"IDA.KOREA\" \/>\n<meta property=\"article:modified_time\" content=\"2026-01-30T13:59:55+00:00\" \/>\n<meta property=\"og:image\" content=\"https:\/\/idakorea.ee\/wp-content\/uploads\/2024\/11\/hollyshop-_-2023_10_29t170131.141-_1_.png\" \/>\n\t<meta property=\"og:image:width\" content=\"1000\" \/>\n\t<meta property=\"og:image:height\" content=\"1000\" \/>\n\t<meta property=\"og:image:type\" content=\"image\/png\" \/>\n<meta name=\"twitter:card\" content=\"summary_large_image\" \/>\n<meta name=\"twitter:label1\" content=\"Arvioitu lukuaika\" \/>\n\t<meta name=\"twitter:data1\" content=\"3 minuuttia\" \/>\n<script type=\"application\/ld+json\" class=\"yoast-schema-graph\">{\"@context\":\"https:\/\/schema.org\",\"@graph\":[{\"@type\":\"WebPage\",\"@id\":\"https:\/\/idakorea.ee\/product\/liposoomne-lifting-kreem-retinaaliga-ckd-retino-collagen-small-molecule-300-cream\/\",\"url\":\"https:\/\/idakorea.ee\/product\/liposoomne-lifting-kreem-retinaaliga-ckd-retino-collagen-small-molecule-300-cream\/\",\"name\":\"CKD Retino Collagen Small Molecule 300 Cream - IDA.KOREA\",\"isPartOf\":{\"@id\":\"https:\/\/idakorea.ee\/#website\"},\"primaryImageOfPage\":{\"@id\":\"https:\/\/idakorea.ee\/product\/liposoomne-lifting-kreem-retinaaliga-ckd-retino-collagen-small-molecule-300-cream\/#primaryimage\"},\"image\":{\"@id\":\"https:\/\/idakorea.ee\/product\/liposoomne-lifting-kreem-retinaaliga-ckd-retino-collagen-small-molecule-300-cream\/#primaryimage\"},\"thumbnailUrl\":\"https:\/\/idakorea.ee\/wp-content\/uploads\/2024\/11\/hollyshop-_-2023_10_29t170131.141-_1_.png\",\"datePublished\":\"2024-11-03T13:01:53+00:00\",\"dateModified\":\"2026-01-30T13:59:55+00:00\",\"description\":\"Liposoomne lifting-kreem retinaaliga CKD Retino Collagen Small Molecule 300 Cream tugevdab ja \u00fchtlustab nahatooni ning parandab jume, andes n\u00e4ole v\u00e4rske ja terve s\u00e4ra.\",\"breadcrumb\":{\"@id\":\"https:\/\/idakorea.ee\/product\/liposoomne-lifting-kreem-retinaaliga-ckd-retino-collagen-small-molecule-300-cream\/#breadcrumb\"},\"inLanguage\":\"fi\",\"potentialAction\":[{\"@type\":\"ReadAction\",\"target\":[\"https:\/\/idakorea.ee\/product\/liposoomne-lifting-kreem-retinaaliga-ckd-retino-collagen-small-molecule-300-cream\/\"]}]},{\"@type\":\"ImageObject\",\"inLanguage\":\"fi\",\"@id\":\"https:\/\/idakorea.ee\/product\/liposoomne-lifting-kreem-retinaaliga-ckd-retino-collagen-small-molecule-300-cream\/#primaryimage\",\"url\":\"https:\/\/idakorea.ee\/wp-content\/uploads\/2024\/11\/hollyshop-_-2023_10_29t170131.141-_1_.png\",\"contentUrl\":\"https:\/\/idakorea.ee\/wp-content\/uploads\/2024\/11\/hollyshop-_-2023_10_29t170131.141-_1_.png\",\"width\":1000,\"height\":1000,\"caption\":\"ckd retino small molecule cream\"},{\"@type\":\"BreadcrumbList\",\"@id\":\"https:\/\/idakorea.ee\/product\/liposoomne-lifting-kreem-retinaaliga-ckd-retino-collagen-small-molecule-300-cream\/#breadcrumb\",\"itemListElement\":[{\"@type\":\"ListItem\",\"position\":1,\"name\":\"\u0413\u043b\u0430\u0432\u043d\u0430\u044f \u0441\u0442\u0440\u0430\u043d\u0438\u0446\u0430\",\"item\":\"https:\/\/idakorea.ee\/\"},{\"@type\":\"ListItem\",\"position\":2,\"name\":\"Shop\",\"item\":\"https:\/\/idakorea.ee\/shop-2\/\"},{\"@type\":\"ListItem\",\"position\":3,\"name\":\"Liposoomne lifting-kreem retinaaliga CKD Retino Collagen Small Molecule 300 Cream, 40ml\"}]},{\"@type\":\"WebSite\",\"@id\":\"https:\/\/idakorea.ee\/#website\",\"url\":\"https:\/\/idakorea.ee\/\",\"name\":\"IDA.KOREA\",\"description\":\"Korea kosmeetika e-pood\",\"publisher\":{\"@id\":\"https:\/\/idakorea.ee\/#organization\"},\"alternateName\":\"Beauty Shop\",\"potentialAction\":[{\"@type\":\"SearchAction\",\"target\":{\"@type\":\"EntryPoint\",\"urlTemplate\":\"https:\/\/idakorea.ee\/?s={search_term_string}\"},\"query-input\":{\"@type\":\"PropertyValueSpecification\",\"valueRequired\":true,\"valueName\":\"search_term_string\"}}],\"inLanguage\":\"fi\"},{\"@type\":\"Organization\",\"@id\":\"https:\/\/idakorea.ee\/#organization\",\"name\":\"IDA.KOREA\",\"url\":\"https:\/\/idakorea.ee\/\",\"logo\":{\"@type\":\"ImageObject\",\"inLanguage\":\"fi\",\"@id\":\"https:\/\/idakorea.ee\/#\/schema\/logo\/image\/\",\"url\":\"https:\/\/idakorea.ee\/wp-content\/uploads\/2024\/05\/cropped-korea3.png\",\"contentUrl\":\"https:\/\/idakorea.ee\/wp-content\/uploads\/2024\/05\/cropped-korea3.png\",\"width\":688,\"height\":126,\"caption\":\"IDA.KOREA\"},\"image\":{\"@id\":\"https:\/\/idakorea.ee\/#\/schema\/logo\/image\/\"},\"sameAs\":[\"https:\/\/www.instagram.com\/ida.korea\/\"]}]}<\/script>\n<!-- \/ Yoast SEO plugin. -->","yoast_head_json":{"title":"CKD Retino Collagen Small Molecule 300 -voide - IDA.KOREA","description":"Liposomaalisesti kohottava voide retinolia sis\u00e4lt\u00e4v\u00e4ll\u00e4 CKD Retino Collagen Small Molecule 300 -voiteella, joka vahvistaa ja tasoittaa ihon s\u00e4vy\u00e4 sek\u00e4 parantaa ihonv\u00e4ri\u00e4 antaen kasvoille raikkaan ja terveen hehkun.","robots":{"index":"index","follow":"follow","max-snippet":"max-snippet:-1","max-image-preview":"max-image-preview:large","max-video-preview":"max-video-preview:-1"},"canonical":"https:\/\/idakorea.ee\/fi\/product\/liposoomne-lifting-kreem-retinaaliga-ckd-retino-collagen-small-molecule-300-cream\/","og_locale":"fi_FI","og_type":"article","og_title":"CKD Retino Collagen Small Molecule 300 Cream - IDA.KOREA","og_description":"Liposoomne lifting-kreem retinaaliga CKD Retino Collagen Small Molecule 300 Cream tugevdab ja \u00fchtlustab nahatooni ning parandab jume, andes n\u00e4ole v\u00e4rske ja terve s\u00e4ra.","og_url":"https:\/\/idakorea.ee\/fi\/product\/liposoomne-lifting-kreem-retinaaliga-ckd-retino-collagen-small-molecule-300-cream\/","og_site_name":"IDA.KOREA","article_modified_time":"2026-01-30T13:59:55+00:00","og_image":[{"width":1000,"height":1000,"url":"https:\/\/idakorea.ee\/wp-content\/uploads\/2024\/11\/hollyshop-_-2023_10_29t170131.141-_1_.png","type":"image\/png"}],"twitter_card":"summary_large_image","twitter_misc":{"Arvioitu lukuaika":"3 minuuttia"},"schema":{"@context":"https:\/\/schema.org","@graph":[{"@type":"WebPage","@id":"https:\/\/idakorea.ee\/product\/liposoomne-lifting-kreem-retinaaliga-ckd-retino-collagen-small-molecule-300-cream\/","url":"https:\/\/idakorea.ee\/product\/liposoomne-lifting-kreem-retinaaliga-ckd-retino-collagen-small-molecule-300-cream\/","name":"CKD Retino Collagen Small Molecule 300 -voide - IDA.KOREA","isPartOf":{"@id":"https:\/\/idakorea.ee\/#website"},"primaryImageOfPage":{"@id":"https:\/\/idakorea.ee\/product\/liposoomne-lifting-kreem-retinaaliga-ckd-retino-collagen-small-molecule-300-cream\/#primaryimage"},"image":{"@id":"https:\/\/idakorea.ee\/product\/liposoomne-lifting-kreem-retinaaliga-ckd-retino-collagen-small-molecule-300-cream\/#primaryimage"},"thumbnailUrl":"https:\/\/idakorea.ee\/wp-content\/uploads\/2024\/11\/hollyshop-_-2023_10_29t170131.141-_1_.png","datePublished":"2024-11-03T13:01:53+00:00","dateModified":"2026-01-30T13:59:55+00:00","description":"Liposomaalisesti kohottava voide retinolia sis\u00e4lt\u00e4v\u00e4ll\u00e4 CKD Retino Collagen Small Molecule 300 -voiteella, joka vahvistaa ja tasoittaa ihon s\u00e4vy\u00e4 sek\u00e4 parantaa ihonv\u00e4ri\u00e4 antaen kasvoille raikkaan ja terveen hehkun.","breadcrumb":{"@id":"https:\/\/idakorea.ee\/product\/liposoomne-lifting-kreem-retinaaliga-ckd-retino-collagen-small-molecule-300-cream\/#breadcrumb"},"inLanguage":"fi","potentialAction":[{"@type":"ReadAction","target":["https:\/\/idakorea.ee\/product\/liposoomne-lifting-kreem-retinaaliga-ckd-retino-collagen-small-molecule-300-cream\/"]}]},{"@type":"ImageObject","inLanguage":"fi","@id":"https:\/\/idakorea.ee\/product\/liposoomne-lifting-kreem-retinaaliga-ckd-retino-collagen-small-molecule-300-cream\/#primaryimage","url":"https:\/\/idakorea.ee\/wp-content\/uploads\/2024\/11\/hollyshop-_-2023_10_29t170131.141-_1_.png","contentUrl":"https:\/\/idakorea.ee\/wp-content\/uploads\/2024\/11\/hollyshop-_-2023_10_29t170131.141-_1_.png","width":1000,"height":1000,"caption":"ckd retino small molecule cream"},{"@type":"BreadcrumbList","@id":"https:\/\/idakorea.ee\/product\/liposoomne-lifting-kreem-retinaaliga-ckd-retino-collagen-small-molecule-300-cream\/#breadcrumb","itemListElement":[{"@type":"ListItem","position":1,"name":"\u0413\u043b\u0430\u0432\u043d\u0430\u044f \u0441\u0442\u0440\u0430\u043d\u0438\u0446\u0430","item":"https:\/\/idakorea.ee\/"},{"@type":"ListItem","position":2,"name":"Shop","item":"https:\/\/idakorea.ee\/shop-2\/"},{"@type":"ListItem","position":3,"name":"Liposoomne lifting-kreem retinaaliga CKD Retino Collagen Small Molecule 300 Cream, 40ml"}]},{"@type":"WebSite","@id":"https:\/\/idakorea.ee\/#website","url":"https:\/\/idakorea.ee\/","name":"IDA.KOREA","description":"Korean kosmetiikan verkkokauppa","publisher":{"@id":"https:\/\/idakorea.ee\/#organization"},"alternateName":"Beauty Shop","potentialAction":[{"@type":"SearchAction","target":{"@type":"EntryPoint","urlTemplate":"https:\/\/idakorea.ee\/?s={search_term_string}"},"query-input":{"@type":"PropertyValueSpecification","valueRequired":true,"valueName":"search_term_string"}}],"inLanguage":"fi"},{"@type":"Organization","@id":"https:\/\/idakorea.ee\/#organization","name":"IDA.KOREA","url":"https:\/\/idakorea.ee\/","logo":{"@type":"ImageObject","inLanguage":"fi","@id":"https:\/\/idakorea.ee\/#\/schema\/logo\/image\/","url":"https:\/\/idakorea.ee\/wp-content\/uploads\/2024\/05\/cropped-korea3.png","contentUrl":"https:\/\/idakorea.ee\/wp-content\/uploads\/2024\/05\/cropped-korea3.png","width":688,"height":126,"caption":"IDA.KOREA"},"image":{"@id":"https:\/\/idakorea.ee\/#\/schema\/logo\/image\/"},"sameAs":["https:\/\/www.instagram.com\/ida.korea\/"]}]}},"jetpack_sharing_enabled":true,"brands":[{"id":560,"name":"CKD","slug":"ckd"}],"_links":{"self":[{"href":"https:\/\/idakorea.ee\/fi\/wp-json\/wp\/v2\/product\/11103","targetHints":{"allow":["GET"]}}],"collection":[{"href":"https:\/\/idakorea.ee\/fi\/wp-json\/wp\/v2\/product"}],"about":[{"href":"https:\/\/idakorea.ee\/fi\/wp-json\/wp\/v2\/types\/product"}],"replies":[{"embeddable":true,"href":"https:\/\/idakorea.ee\/fi\/wp-json\/wp\/v2\/comments?post=11103"}],"version-history":[{"count":3,"href":"https:\/\/idakorea.ee\/fi\/wp-json\/wp\/v2\/product\/11103\/revisions"}],"predecessor-version":[{"id":15047,"href":"https:\/\/idakorea.ee\/fi\/wp-json\/wp\/v2\/product\/11103\/revisions\/15047"}],"wp:featuredmedia":[{"embeddable":true,"href":"https:\/\/idakorea.ee\/fi\/wp-json\/wp\/v2\/media\/11104"}],"wp:attachment":[{"href":"https:\/\/idakorea.ee\/fi\/wp-json\/wp\/v2\/media?parent=11103"}],"wp:term":[{"taxonomy":"pwb-brand","embeddable":true,"href":"https:\/\/idakorea.ee\/fi\/wp-json\/wp\/v2\/pwb-brand?post=11103"},{"taxonomy":"product_brand","embeddable":true,"href":"https:\/\/idakorea.ee\/fi\/wp-json\/wp\/v2\/product_brand?post=11103"},{"taxonomy":"product_cat","embeddable":true,"href":"https:\/\/idakorea.ee\/fi\/wp-json\/wp\/v2\/product_cat?post=11103"},{"taxonomy":"product_tag","embeddable":true,"href":"https:\/\/idakorea.ee\/fi\/wp-json\/wp\/v2\/product_tag?post=11103"}],"curies":[{"name":"wp","href":"https:\/\/api.w.org\/{rel}","templated":true}]}}