{"id":11119,"date":"2024-11-03T16:51:16","date_gmt":"2024-11-03T13:51:16","guid":{"rendered":"https:\/\/idakorea.ee\/?post_type=product&#038;p=11119"},"modified":"2026-01-30T15:58:22","modified_gmt":"2026-01-30T13:58:22","slug":"sugavpuhastav-vaht-naole-retinaaliga-ckd-retino-collagen-small-molecule-300-pore-cleansing-foam-150ml","status":"publish","type":"product","link":"https:\/\/idakorea.ee\/fi\/product\/sugavpuhastav-vaht-naole-retinaaliga-ckd-retino-collagen-small-molecule-300-pore-cleansing-foam-150ml\/","title":{"rendered":"Syv\u00e4puhdistava kasvovaahto retinal CKD Retino Collagen Small Molecule 300 Pore Cleansing Foam, 150ml"},"content":{"rendered":"<p>Syv\u00e4puhdistava kasvovaahto retinolia sis\u00e4lt\u00e4v\u00e4ll\u00e4<strong> CKD Retino Collagen Small Molecule 300 -puhdistusvaahto<\/strong> Poistaa likaa ja tukoksia tunkeutumalla syv\u00e4lle ihohuokosiin, puhdistaen ne tehokkaasti ja liuottaen \u00f6ljytukoksia. Sill\u00e4 on my\u00f6s ihoa kiinteytt\u00e4vi\u00e4 ominaisuuksia, jotka hidastavat ik\u00e4\u00e4ntymisprosessia ja auttavat silottamaan ryppyj\u00e4. Sis\u00e4lt\u00e4\u00e4 hydrolysoitua kollageenia, hyaluronihappoa, hiivauutetta, bifidobakteerientsyymi\u00e4 ja SYN-Collia.<\/p>\n<p>Hell\u00e4varainen koostumus varmistaa optimaalisen ihon pH-tasapainon, tukee ihon mikrobiomia ja est\u00e4\u00e4 patogeenisten bakteerien kasvua. Rauhoittaa ihoa, lievitt\u00e4\u00e4 \u00e4rsytyst\u00e4 ja tulehdusta, supistaa ihohuokosia ja v\u00e4hent\u00e4\u00e4 rasvaisuuden n\u00e4kyvyytt\u00e4. Pehment\u00e4\u00e4, kuorii hell\u00e4varaisesti ja tasoittaa ihon pintaa.<\/p>\n<p><strong>T\u00e4rkeimm\u00e4t vaikuttavat aineosat:<\/strong><\/p>\n<ul>\n<li><strong>Pienimolekyylipainoinen hydrolysoitu kollageeni (35,23%)<\/strong> vahvistaa soluseini\u00e4 ja parantaa proteiiniaineenvaihduntaa. Tukee ihon tukirakennetta, auttaa tasoittamaan hienoja ryppyj\u00e4 ja ilmejuonteita.<\/li>\n<li><strong>Kolmannen sukupolven stabiloitu retinaali (100 ppb)<\/strong> on yksi tehokkaimmista A-vitamiinin muodoista kosmetiikassa. Retinal stimuloi solujen uusiutumista, tasoittaa ihon rakennetta, v\u00e4hent\u00e4\u00e4 ryppyjen ja laajentuneiden ihohuokosten n\u00e4kyvyytt\u00e4 sek\u00e4 lis\u00e4\u00e4 ihon oman kollageenin ja hyaluronihapon synteesi\u00e4.<\/li>\n<li><strong>Hyaluronihappo<\/strong> Kosteuttaa, lievitt\u00e4\u00e4 kuivuutta ja kireyden tunnetta, tasoittaa ihon pintaa ja yll\u00e4pit\u00e4\u00e4 sen kimmoisuutta.<\/li>\n<li><strong>Kluyveromyces-hiivauute<\/strong> Rikastuttaa ihoa ravinteilla ja hy\u00f6dyllisill\u00e4 aineilla, sis\u00e4lt\u00e4\u00e4 peptidej\u00e4, aminohappoja, mineraaleja sek\u00e4 B-, A- ja PP-vitamiineja. Tunkeutuu syv\u00e4lle, kiihdytt\u00e4\u00e4 aineenvaihduntaprosesseja ja tekee ihosta pehme\u00e4n ja silkkisen.<\/li>\n<li><strong>Bifidobacterium-entsyymi<\/strong> sill\u00e4 on regeneratiivisia ja suojaavia ominaisuuksia, jotka stimuloivat fibroblastien \u2013 ihon sidekudossolujen \u2013 lis\u00e4\u00e4ntymist\u00e4.<\/li>\n<li><strong>SYN-Coll<\/strong> on tehokas ik\u00e4\u00e4ntymist\u00e4 est\u00e4v\u00e4 kompleksi, joka stimuloi kollageenisynteesi\u00e4 ja suojaa sit\u00e4 hajoamiselta. Parantaa ihon kimmoisuutta, v\u00e4hent\u00e4\u00e4 merkitt\u00e4v\u00e4sti miimisten ja staattisten ryppyjen syvyytt\u00e4 sek\u00e4 silottaa ja kiinteytt\u00e4\u00e4 kasvojen muotoja.<\/li>\n<li><strong>Bergamotti\u00f6ljy<\/strong> rauhoittaa \u00e4rtynytt\u00e4 ihoa ja v\u00e4hent\u00e4\u00e4 finnej\u00e4, s\u00e4\u00e4telee talirauhasten toimintaa, auttaa supistamaan ihohuokosia, kirkastaa hieman, virkist\u00e4\u00e4 ja ravitsee.<\/li>\n<li><strong>Laventeli\u00f6ljy<\/strong> sill\u00e4 on antibakteerisia ominaisuuksia, se rauhoittaa ihoa, v\u00e4hent\u00e4\u00e4 tulehdusta ja lievitt\u00e4\u00e4 \u00e4rsytyst\u00e4.<\/li>\n<\/ul>\n<p>&nbsp;<\/p>\n<p>Sopii normaalille ja sekaiholle.<\/p>\n<p><strong>K\u00e4ytt\u00f6<\/strong>Vaahdota k\u00e4sien v\u00e4liss\u00e4, levit\u00e4 kasvoille py\u00f6rivin liikkein ja huuhtele vedell\u00e4.<\/p>","protected":false},"excerpt":{"rendered":"<p>CKD Retino Collagen Small Molecule 300 Pore Cleansing Foam with Retinal Cleansing Foam poistaa lian ja tukokset tunkeutumalla syv\u00e4lle ihohuokosiin, puhdistaen ne tehokkaasti ja liuottaen talia. Sill\u00e4 on my\u00f6s ihoa vahvistavia ominaisuuksia, jotka hidastavat ik\u00e4\u00e4ntymisprosessia ja auttavat tasoittamaan ryppyj\u00e4. Sis\u00e4lt\u00e4\u00e4 hydrolysoitua kollageenia, hyaluronihappoa, hiivauutetta, bifidobakteerientsyymi\u00e4 ja SYN-Collia. Hell\u00e4varainen koostumus varmistaa ihon optimaalisen pH-tasapainon, tukee...<\/p>","protected":false},"featured_media":11120,"comment_status":"open","ping_status":"closed","template":"","meta":{"_uf_show_specific_survey":0,"_uf_disable_surveys":false,"_bst_post_transparent":"default","_bst_post_title":"","_bst_post_layout":"default","_bst_post_sidebar_id":"","_bst_post_content_style":"default","_bst_post_vertical_padding":"default","_bst_post_feature":"","_bst_post_feature_position":"","_bst_post_header":false,"_bst_post_footer":false},"pwb-brand":[560],"product_brand":[],"product_cat":[92,452,100],"product_tag":[561,213],"class_list":{"0":"post-11119","1":"product","2":"type-product","3":"status-publish","4":"has-post-thumbnail","6":"pwb-brand-ckd","7":"product_cat-nagu","8":"product_cat-naopuhastusgeelid","9":"product_cat-puhastusvahendid","10":"product_tag-ckd","11":"product_tag-retinol","13":"first","14":"outofstock","15":"sale","16":"shipping-taxable","17":"purchasable","18":"product-type-simple","19":"entry","20":"content-bg","21":"loop-entry"},"supplier_id":null,"supplier_sku":"","barcode":null,"atum_controlled":true,"out_stock_date":"2026-01-14 23:35:08","out_stock_threshold":null,"inheritable":false,"inbound_stock":0,"stock_on_hold":0,"sold_today":0,"sales_last_days":0,"out_stock_days":89,"lost_sales":253,"has_location":false,"update_date":"2026-04-14T00:05:05","atum_locations":[],"atum_stock_status":"outofstock","restock_status":false,"low_stock_amount":"","sales_update_date":"2026-04-14T00:05:05","calc_backorders":null,"yoast_head":"<!-- This site is optimized with the Yoast SEO plugin v27.2 - https:\/\/yoast.com\/product\/yoast-seo-wordpress\/ -->\n<title>S\u00fcgavpuhastav vaht n\u00e4ole retinaaliga CKD Retino Collagen Small Molecule 300 Pore Cleansing Foam, 150ml - IDA.KOREA<\/title>\n<meta name=\"robots\" content=\"index, follow, max-snippet:-1, max-image-preview:large, max-video-preview:-1\" \/>\n<link rel=\"canonical\" href=\"https:\/\/idakorea.ee\/fi\/product\/sugavpuhastav-vaht-naole-retinaaliga-ckd-retino-collagen-small-molecule-300-pore-cleansing-foam-150ml\/\" \/>\n<meta property=\"og:locale\" content=\"fi_FI\" \/>\n<meta property=\"og:type\" content=\"article\" \/>\n<meta property=\"og:title\" content=\"S\u00fcgavpuhastav vaht n\u00e4ole retinaaliga CKD Retino Collagen Small Molecule 300 Pore Cleansing Foam, 150ml - IDA.KOREA\" \/>\n<meta property=\"og:description\" content=\"S\u00fcgavpuhastav vaht n\u00e4ole retinaaliga CKD Retino Collagen Small Molecule 300 Pore Cleansing Foam eemaldab mustuse ja ummistused, tungides s\u00fcgavale pooridesse, puhastades neid efektiivselt ja lahustades rasuummistused. Sellel on ka nahka tugevdavad omadused, mis aeglustavad vananemisprotsessi ja aitavad siluda kortse. Sisaldab h\u00fcdrol\u00fc\u00fcsitud kollageeni, h\u00fcaluroonhapet, p\u00e4rmiekstrakti, bifidobakteri ens\u00fc\u00fcmi ja SYN-Coll&#8217;i. \u00d5rn koostis tagab naha optimaalse pH-tasakaalu, toetab...\" \/>\n<meta property=\"og:url\" content=\"https:\/\/idakorea.ee\/fi\/product\/sugavpuhastav-vaht-naole-retinaaliga-ckd-retino-collagen-small-molecule-300-pore-cleansing-foam-150ml\/\" \/>\n<meta property=\"og:site_name\" content=\"IDA.KOREA\" \/>\n<meta property=\"article:modified_time\" content=\"2026-01-30T13:58:22+00:00\" \/>\n<meta property=\"og:image\" content=\"https:\/\/idakorea.ee\/wp-content\/uploads\/2024\/11\/hollyshop-_-2023_10_29t122411.619-_1_.png\" \/>\n\t<meta property=\"og:image:width\" content=\"1000\" \/>\n\t<meta property=\"og:image:height\" content=\"1000\" \/>\n\t<meta property=\"og:image:type\" content=\"image\/png\" \/>\n<meta name=\"twitter:card\" content=\"summary_large_image\" \/>\n<meta name=\"twitter:label1\" content=\"Arvioitu lukuaika\" \/>\n\t<meta name=\"twitter:data1\" content=\"2 minuuttia\" \/>\n<script type=\"application\/ld+json\" class=\"yoast-schema-graph\">{\"@context\":\"https:\/\/schema.org\",\"@graph\":[{\"@type\":\"WebPage\",\"@id\":\"https:\/\/idakorea.ee\/product\/sugavpuhastav-vaht-naole-retinaaliga-ckd-retino-collagen-small-molecule-300-pore-cleansing-foam-150ml\/\",\"url\":\"https:\/\/idakorea.ee\/product\/sugavpuhastav-vaht-naole-retinaaliga-ckd-retino-collagen-small-molecule-300-pore-cleansing-foam-150ml\/\",\"name\":\"S\u00fcgavpuhastav vaht n\u00e4ole retinaaliga CKD Retino Collagen Small Molecule 300 Pore Cleansing Foam, 150ml - IDA.KOREA\",\"isPartOf\":{\"@id\":\"https:\/\/idakorea.ee\/#website\"},\"primaryImageOfPage\":{\"@id\":\"https:\/\/idakorea.ee\/product\/sugavpuhastav-vaht-naole-retinaaliga-ckd-retino-collagen-small-molecule-300-pore-cleansing-foam-150ml\/#primaryimage\"},\"image\":{\"@id\":\"https:\/\/idakorea.ee\/product\/sugavpuhastav-vaht-naole-retinaaliga-ckd-retino-collagen-small-molecule-300-pore-cleansing-foam-150ml\/#primaryimage\"},\"thumbnailUrl\":\"https:\/\/idakorea.ee\/wp-content\/uploads\/2024\/11\/hollyshop-_-2023_10_29t122411.619-_1_.png\",\"datePublished\":\"2024-11-03T13:51:16+00:00\",\"dateModified\":\"2026-01-30T13:58:22+00:00\",\"breadcrumb\":{\"@id\":\"https:\/\/idakorea.ee\/product\/sugavpuhastav-vaht-naole-retinaaliga-ckd-retino-collagen-small-molecule-300-pore-cleansing-foam-150ml\/#breadcrumb\"},\"inLanguage\":\"fi\",\"potentialAction\":[{\"@type\":\"ReadAction\",\"target\":[\"https:\/\/idakorea.ee\/product\/sugavpuhastav-vaht-naole-retinaaliga-ckd-retino-collagen-small-molecule-300-pore-cleansing-foam-150ml\/\"]}]},{\"@type\":\"ImageObject\",\"inLanguage\":\"fi\",\"@id\":\"https:\/\/idakorea.ee\/product\/sugavpuhastav-vaht-naole-retinaaliga-ckd-retino-collagen-small-molecule-300-pore-cleansing-foam-150ml\/#primaryimage\",\"url\":\"https:\/\/idakorea.ee\/wp-content\/uploads\/2024\/11\/hollyshop-_-2023_10_29t122411.619-_1_.png\",\"contentUrl\":\"https:\/\/idakorea.ee\/wp-content\/uploads\/2024\/11\/hollyshop-_-2023_10_29t122411.619-_1_.png\",\"width\":1000,\"height\":1000},{\"@type\":\"BreadcrumbList\",\"@id\":\"https:\/\/idakorea.ee\/product\/sugavpuhastav-vaht-naole-retinaaliga-ckd-retino-collagen-small-molecule-300-pore-cleansing-foam-150ml\/#breadcrumb\",\"itemListElement\":[{\"@type\":\"ListItem\",\"position\":1,\"name\":\"\u0413\u043b\u0430\u0432\u043d\u0430\u044f \u0441\u0442\u0440\u0430\u043d\u0438\u0446\u0430\",\"item\":\"https:\/\/idakorea.ee\/\"},{\"@type\":\"ListItem\",\"position\":2,\"name\":\"Shop\",\"item\":\"https:\/\/idakorea.ee\/shop-2\/\"},{\"@type\":\"ListItem\",\"position\":3,\"name\":\"S\u00fcgavpuhastav vaht n\u00e4ole retinaaliga CKD Retino Collagen Small Molecule 300 Pore Cleansing Foam, 150ml\"}]},{\"@type\":\"WebSite\",\"@id\":\"https:\/\/idakorea.ee\/#website\",\"url\":\"https:\/\/idakorea.ee\/\",\"name\":\"IDA.KOREA\",\"description\":\"Korea kosmeetika e-pood\",\"publisher\":{\"@id\":\"https:\/\/idakorea.ee\/#organization\"},\"alternateName\":\"Beauty Shop\",\"potentialAction\":[{\"@type\":\"SearchAction\",\"target\":{\"@type\":\"EntryPoint\",\"urlTemplate\":\"https:\/\/idakorea.ee\/?s={search_term_string}\"},\"query-input\":{\"@type\":\"PropertyValueSpecification\",\"valueRequired\":true,\"valueName\":\"search_term_string\"}}],\"inLanguage\":\"fi\"},{\"@type\":\"Organization\",\"@id\":\"https:\/\/idakorea.ee\/#organization\",\"name\":\"IDA.KOREA\",\"url\":\"https:\/\/idakorea.ee\/\",\"logo\":{\"@type\":\"ImageObject\",\"inLanguage\":\"fi\",\"@id\":\"https:\/\/idakorea.ee\/#\/schema\/logo\/image\/\",\"url\":\"https:\/\/idakorea.ee\/wp-content\/uploads\/2024\/05\/cropped-korea3.png\",\"contentUrl\":\"https:\/\/idakorea.ee\/wp-content\/uploads\/2024\/05\/cropped-korea3.png\",\"width\":688,\"height\":126,\"caption\":\"IDA.KOREA\"},\"image\":{\"@id\":\"https:\/\/idakorea.ee\/#\/schema\/logo\/image\/\"},\"sameAs\":[\"https:\/\/www.instagram.com\/ida.korea\/\"]}]}<\/script>\n<!-- \/ Yoast SEO plugin. -->","yoast_head_json":{"title":"Syv\u00e4puhdistava vaahto kasvoille retinolia sis\u00e4lt\u00e4v\u00e4ll\u00e4 CKD Retino Collagen Small Molecule 300 Pore Cleansing Foam -puhdistusvaahdolla, 150ml - IDA.KOREA","robots":{"index":"index","follow":"follow","max-snippet":"max-snippet:-1","max-image-preview":"max-image-preview:large","max-video-preview":"max-video-preview:-1"},"canonical":"https:\/\/idakorea.ee\/fi\/product\/sugavpuhastav-vaht-naole-retinaaliga-ckd-retino-collagen-small-molecule-300-pore-cleansing-foam-150ml\/","og_locale":"fi_FI","og_type":"article","og_title":"S\u00fcgavpuhastav vaht n\u00e4ole retinaaliga CKD Retino Collagen Small Molecule 300 Pore Cleansing Foam, 150ml - IDA.KOREA","og_description":"S\u00fcgavpuhastav vaht n\u00e4ole retinaaliga CKD Retino Collagen Small Molecule 300 Pore Cleansing Foam eemaldab mustuse ja ummistused, tungides s\u00fcgavale pooridesse, puhastades neid efektiivselt ja lahustades rasuummistused. Sellel on ka nahka tugevdavad omadused, mis aeglustavad vananemisprotsessi ja aitavad siluda kortse. Sisaldab h\u00fcdrol\u00fc\u00fcsitud kollageeni, h\u00fcaluroonhapet, p\u00e4rmiekstrakti, bifidobakteri ens\u00fc\u00fcmi ja SYN-Coll&#8217;i. \u00d5rn koostis tagab naha optimaalse pH-tasakaalu, toetab...","og_url":"https:\/\/idakorea.ee\/fi\/product\/sugavpuhastav-vaht-naole-retinaaliga-ckd-retino-collagen-small-molecule-300-pore-cleansing-foam-150ml\/","og_site_name":"IDA.KOREA","article_modified_time":"2026-01-30T13:58:22+00:00","og_image":[{"width":1000,"height":1000,"url":"https:\/\/idakorea.ee\/wp-content\/uploads\/2024\/11\/hollyshop-_-2023_10_29t122411.619-_1_.png","type":"image\/png"}],"twitter_card":"summary_large_image","twitter_misc":{"Arvioitu lukuaika":"2 minuuttia"},"schema":{"@context":"https:\/\/schema.org","@graph":[{"@type":"WebPage","@id":"https:\/\/idakorea.ee\/product\/sugavpuhastav-vaht-naole-retinaaliga-ckd-retino-collagen-small-molecule-300-pore-cleansing-foam-150ml\/","url":"https:\/\/idakorea.ee\/product\/sugavpuhastav-vaht-naole-retinaaliga-ckd-retino-collagen-small-molecule-300-pore-cleansing-foam-150ml\/","name":"Syv\u00e4puhdistava vaahto kasvoille retinolia sis\u00e4lt\u00e4v\u00e4ll\u00e4 CKD Retino Collagen Small Molecule 300 Pore Cleansing Foam -puhdistusvaahdolla, 150ml - IDA.KOREA","isPartOf":{"@id":"https:\/\/idakorea.ee\/#website"},"primaryImageOfPage":{"@id":"https:\/\/idakorea.ee\/product\/sugavpuhastav-vaht-naole-retinaaliga-ckd-retino-collagen-small-molecule-300-pore-cleansing-foam-150ml\/#primaryimage"},"image":{"@id":"https:\/\/idakorea.ee\/product\/sugavpuhastav-vaht-naole-retinaaliga-ckd-retino-collagen-small-molecule-300-pore-cleansing-foam-150ml\/#primaryimage"},"thumbnailUrl":"https:\/\/idakorea.ee\/wp-content\/uploads\/2024\/11\/hollyshop-_-2023_10_29t122411.619-_1_.png","datePublished":"2024-11-03T13:51:16+00:00","dateModified":"2026-01-30T13:58:22+00:00","breadcrumb":{"@id":"https:\/\/idakorea.ee\/product\/sugavpuhastav-vaht-naole-retinaaliga-ckd-retino-collagen-small-molecule-300-pore-cleansing-foam-150ml\/#breadcrumb"},"inLanguage":"fi","potentialAction":[{"@type":"ReadAction","target":["https:\/\/idakorea.ee\/product\/sugavpuhastav-vaht-naole-retinaaliga-ckd-retino-collagen-small-molecule-300-pore-cleansing-foam-150ml\/"]}]},{"@type":"ImageObject","inLanguage":"fi","@id":"https:\/\/idakorea.ee\/product\/sugavpuhastav-vaht-naole-retinaaliga-ckd-retino-collagen-small-molecule-300-pore-cleansing-foam-150ml\/#primaryimage","url":"https:\/\/idakorea.ee\/wp-content\/uploads\/2024\/11\/hollyshop-_-2023_10_29t122411.619-_1_.png","contentUrl":"https:\/\/idakorea.ee\/wp-content\/uploads\/2024\/11\/hollyshop-_-2023_10_29t122411.619-_1_.png","width":1000,"height":1000},{"@type":"BreadcrumbList","@id":"https:\/\/idakorea.ee\/product\/sugavpuhastav-vaht-naole-retinaaliga-ckd-retino-collagen-small-molecule-300-pore-cleansing-foam-150ml\/#breadcrumb","itemListElement":[{"@type":"ListItem","position":1,"name":"\u0413\u043b\u0430\u0432\u043d\u0430\u044f \u0441\u0442\u0440\u0430\u043d\u0438\u0446\u0430","item":"https:\/\/idakorea.ee\/"},{"@type":"ListItem","position":2,"name":"Shop","item":"https:\/\/idakorea.ee\/shop-2\/"},{"@type":"ListItem","position":3,"name":"S\u00fcgavpuhastav vaht n\u00e4ole retinaaliga CKD Retino Collagen Small Molecule 300 Pore Cleansing Foam, 150ml"}]},{"@type":"WebSite","@id":"https:\/\/idakorea.ee\/#website","url":"https:\/\/idakorea.ee\/","name":"IDA.KOREA","description":"Korean kosmetiikan verkkokauppa","publisher":{"@id":"https:\/\/idakorea.ee\/#organization"},"alternateName":"Beauty Shop","potentialAction":[{"@type":"SearchAction","target":{"@type":"EntryPoint","urlTemplate":"https:\/\/idakorea.ee\/?s={search_term_string}"},"query-input":{"@type":"PropertyValueSpecification","valueRequired":true,"valueName":"search_term_string"}}],"inLanguage":"fi"},{"@type":"Organization","@id":"https:\/\/idakorea.ee\/#organization","name":"IDA.KOREA","url":"https:\/\/idakorea.ee\/","logo":{"@type":"ImageObject","inLanguage":"fi","@id":"https:\/\/idakorea.ee\/#\/schema\/logo\/image\/","url":"https:\/\/idakorea.ee\/wp-content\/uploads\/2024\/05\/cropped-korea3.png","contentUrl":"https:\/\/idakorea.ee\/wp-content\/uploads\/2024\/05\/cropped-korea3.png","width":688,"height":126,"caption":"IDA.KOREA"},"image":{"@id":"https:\/\/idakorea.ee\/#\/schema\/logo\/image\/"},"sameAs":["https:\/\/www.instagram.com\/ida.korea\/"]}]}},"jetpack_sharing_enabled":true,"brands":[{"id":560,"name":"CKD","slug":"ckd"}],"_links":{"self":[{"href":"https:\/\/idakorea.ee\/fi\/wp-json\/wp\/v2\/product\/11119","targetHints":{"allow":["GET"]}}],"collection":[{"href":"https:\/\/idakorea.ee\/fi\/wp-json\/wp\/v2\/product"}],"about":[{"href":"https:\/\/idakorea.ee\/fi\/wp-json\/wp\/v2\/types\/product"}],"replies":[{"embeddable":true,"href":"https:\/\/idakorea.ee\/fi\/wp-json\/wp\/v2\/comments?post=11119"}],"version-history":[{"count":1,"href":"https:\/\/idakorea.ee\/fi\/wp-json\/wp\/v2\/product\/11119\/revisions"}],"predecessor-version":[{"id":11123,"href":"https:\/\/idakorea.ee\/fi\/wp-json\/wp\/v2\/product\/11119\/revisions\/11123"}],"wp:featuredmedia":[{"embeddable":true,"href":"https:\/\/idakorea.ee\/fi\/wp-json\/wp\/v2\/media\/11120"}],"wp:attachment":[{"href":"https:\/\/idakorea.ee\/fi\/wp-json\/wp\/v2\/media?parent=11119"}],"wp:term":[{"taxonomy":"pwb-brand","embeddable":true,"href":"https:\/\/idakorea.ee\/fi\/wp-json\/wp\/v2\/pwb-brand?post=11119"},{"taxonomy":"product_brand","embeddable":true,"href":"https:\/\/idakorea.ee\/fi\/wp-json\/wp\/v2\/product_brand?post=11119"},{"taxonomy":"product_cat","embeddable":true,"href":"https:\/\/idakorea.ee\/fi\/wp-json\/wp\/v2\/product_cat?post=11119"},{"taxonomy":"product_tag","embeddable":true,"href":"https:\/\/idakorea.ee\/fi\/wp-json\/wp\/v2\/product_tag?post=11119"}],"curies":[{"name":"wp","href":"https:\/\/api.w.org\/{rel}","templated":true}]}}