{"id":11125,"date":"2024-11-03T16:57:37","date_gmt":"2024-11-03T13:57:37","guid":{"rendered":"https:\/\/idakorea.ee\/?post_type=product&#038;p=11125"},"modified":"2026-01-30T15:57:31","modified_gmt":"2026-01-30T13:57:31","slug":"liposomaalne-lifting-ampull-retinaaliga-ckd-retino-collagen-small-molecule-300-pumping-ampoule","status":"publish","type":"product","link":"https:\/\/idakorea.ee\/fi\/product\/liposomaalne-lifting-ampull-retinaaliga-ckd-retino-collagen-small-molecule-300-pumping-ampoule\/","title":{"rendered":"Liposomaalinen kohottava ampulli, jossa on retinaalista CKD-retinokollageenia, pienimolekyylinen 300 pumppaavaa ampullia, 30 ml"},"content":{"rendered":"<p>Liposomaalinen kohottava ampulli retinaalilla<strong> CKD Retino Collagen Small Molecule 300 pumppaava ampulli<\/strong> on voimakas ihoa kiinteytt\u00e4v\u00e4 vaikutus, lis\u00e4\u00e4 ihon tiheytt\u00e4 ja suojaa sit\u00e4 ohenemiselta. Ampulli palauttaa kosteustasapainon epidermiksen soluissa, ravitsee ihoa ja lievitt\u00e4\u00e4 kuivuutta. Kiinteytt\u00e4\u00e4 ihoa, raikastaa ihonv\u00e4ri\u00e4 ja palauttaa terveen hehkun.<\/p>\n<p>Tuote stimuloi ihon omien kollageeni- ja elastiinikuitujen synteesi\u00e4, mik\u00e4 auttaa tasoittamaan ryppyj\u00e4, s\u00e4hk\u00f6isyytt\u00e4 ja matkimia ryppyj\u00e4. Sill\u00e4 on elvytt\u00e4v\u00e4 vaikutus - se nopeuttaa solujen uusiutumista ja pehment\u00e4\u00e4 ihoa.<\/p>\n<p>Patentoitu<strong> JOUSTAVAT LIPOSOMIT<\/strong> Teknologia edist\u00e4\u00e4 aktiivisten ainesosien tehokasta imeytymist\u00e4 epidermaalisoluihin, stabiloi verkkokalvoa ja v\u00e4hent\u00e4\u00e4 \u00e4rsytyksen riski\u00e4.<\/p>\n<p><strong>T\u00e4rkeimm\u00e4t vaikuttavat aineet:<\/strong><br \/>\n<strong>\u2013 Pienimolekyylipainoinen hydrolysoitu kollageeni (55%)<\/strong> vahvistaa soluseini\u00e4, parantaa proteiiniaineenvaihduntaa ja auttaa silottamaan hienoja ryppyj\u00e4 ja kuoppia.<br \/>\n<strong>\u2013 Stabiloitu kolmannen sukupolven retinal (50 ppm)<\/strong> on yksi tehokkaimmista A-vitamiinin muodoista kosmetiikassa, se stimuloi solujen uusiutumista, tasoittaa ihon rakennetta ja v\u00e4hent\u00e4\u00e4 ryppyjen ja laajentuneiden ihohuokosten n\u00e4kymist\u00e4. Lis\u00e4\u00e4 kollageenin ja hyaluronihapon synteesi\u00e4.<br \/>\n<strong>- hyaluronihappo<\/strong> Kosteuttaa, lievitt\u00e4\u00e4 kuivuutta ja kireyden tunnetta, tasoittaa ihon rakennetta ja yll\u00e4pit\u00e4\u00e4 kimmoisuutta.<br \/>\n<strong>\u2013 Klyveromycetes-hiivauute<\/strong> Rikastuttaa ihoa ravinteilla ja hy\u00f6dyllisill\u00e4 aineilla, jotka sis\u00e4lt\u00e4v\u00e4t peptidej\u00e4, aminohappoja, mineraaleja sek\u00e4 B-, A- ja PP-vitamiineja. Tunkeutuu syv\u00e4lle ihoon, kiihdytt\u00e4\u00e4 aineenvaihduntaprosesseja ja tekee ihosta pehme\u00e4n ja samettisen.<br \/>\n<strong>\u2013 Adenosiini<\/strong> Sill\u00e4 on sytoprotektiivinen vaikutus, joka suojaa soluja hapettumiselta ja hidastaa ik\u00e4\u00e4ntymisprosessia. Stimuloi prokollageeni-1:n synteesi\u00e4, joka on t\u00e4rke\u00e4 ihon kimmoisuudelle ja sileydelle.<br \/>\n<strong>\u2013 Bifidobakteerit fermentoituvat<\/strong> palauttaa, korjaa ja suojaa ihoa stimuloimalla fibroblastien \u2014 sidekudoksen p\u00e4\u00e4elementtien \u2014 lis\u00e4\u00e4ntymist\u00e4.<br \/>\n<strong>\u2013 SYN-Coll<\/strong> on tehokas ik\u00e4\u00e4ntymist\u00e4 ehk\u00e4isev\u00e4 kompleksi, joka edist\u00e4\u00e4 aktiivisesti kollageenisynteesi\u00e4 ja est\u00e4\u00e4 sen hajoamista. Parantaa ihon kimmoisuutta, v\u00e4hent\u00e4\u00e4 syvien ilme- ja ik\u00e4ryppyjen syvyytt\u00e4 sek\u00e4 silottaa ja kiinteytt\u00e4\u00e4 ihoa.<\/p>\n<p>&nbsp;<\/p>\n<p>Sopii kuivalle, normaalille ja sekaiholle.<\/p>\n<p><strong>K\u00e4ytt\u00f6opas:<\/strong> Levit\u00e4 tarvittava m\u00e4\u00e4r\u00e4 ampullia kosteutetulle iholle kasvoveden j\u00e4lkeen ja viimeistele aurinkovoiteella. P\u00e4iv\u00e4k\u00e4ytt\u00f6\u00f6n k\u00e4yt\u00e4 aurinkosuojakerrointa SPF 50 PA++++.<\/p>\n<p><strong>Huomio!<\/strong> Jos et ole aiemmin k\u00e4ytt\u00e4nyt retinaalituotteita, aloita niiden k\u00e4ytt\u00f6 v\u00e4hitellen. \u00c4l\u00e4 k\u00e4yt\u00e4 yhdess\u00e4 happamien ja runsaasti C-vitamiinia sis\u00e4lt\u00e4vien tuotteiden kanssa. Ei suositella k\u00e4ytett\u00e4v\u00e4ksi raskauden ja imetyksen aikana eik\u00e4 ihoa vahingoittavien kosmeettisten toimenpiteiden j\u00e4lkeen.<\/p>","protected":false},"excerpt":{"rendered":"<p>Liposomaalinen Lifting Ampoule with Retinal CKD Retino Collagen Small Molecule 300 Pumping Ampoule on voimakas ihoa kirist\u00e4v\u00e4 vaikutus, joka lis\u00e4\u00e4 ihon tiheytt\u00e4 ja suojaa sit\u00e4 ohenemasta. Ampulli palauttaa kosteustasapainon epidermissoluissa, ravitsee ihoa ja lievitt\u00e4\u00e4 kuivuutta. Se kiinteytt\u00e4\u00e4 ihoa, virkist\u00e4\u00e4 ihon ilmett\u00e4 ja palauttaa terveen hehkun. Stimuloi kollageeni- ja elastiinikuitujen synteesi\u00e4 ihossa, mik\u00e4 auttaa tasoittamaan ryppyj\u00e4, juonteita, staattista...<\/p>","protected":false},"featured_media":11093,"comment_status":"open","ping_status":"closed","template":"","meta":{"_uf_show_specific_survey":0,"_uf_disable_surveys":false,"_bst_post_transparent":"default","_bst_post_title":"","_bst_post_layout":"default","_bst_post_sidebar_id":"","_bst_post_content_style":"default","_bst_post_vertical_padding":"default","_bst_post_feature":"","_bst_post_feature_position":"","_bst_post_header":false,"_bst_post_footer":false},"pwb-brand":[560],"product_brand":[],"product_cat":[92,97],"product_tag":[561,202,213],"class_list":{"0":"post-11125","1":"product","2":"type-product","3":"status-publish","4":"has-post-thumbnail","6":"pwb-brand-ckd","7":"product_cat-nagu","8":"product_cat-naoseerumid-ja-olid","9":"product_tag-ckd","10":"product_tag-korea-kosmeetika","11":"product_tag-retinol","13":"first","14":"instock","15":"sale","16":"shipping-taxable","17":"purchasable","18":"product-type-simple","19":"entry","20":"content-bg","21":"loop-entry"},"supplier_id":null,"supplier_sku":"","barcode":null,"atum_controlled":true,"out_stock_date":null,"out_stock_threshold":null,"inheritable":false,"inbound_stock":0,"stock_on_hold":0,"sold_today":0,"sales_last_days":0,"out_stock_days":0,"lost_sales":0,"has_location":false,"update_date":"2026-04-14T00:05:05","atum_locations":[],"atum_stock_status":"instock","restock_status":false,"low_stock_amount":"","sales_update_date":"2026-04-14T00:05:05","calc_backorders":null,"yoast_head":"<!-- This site is optimized with the Yoast SEO plugin v27.2 - https:\/\/yoast.com\/product\/yoast-seo-wordpress\/ -->\n<title>Liposomaalne lifting-ampull retinaaliga CKD Retino Collagen Small Molecule 300 Pumping Ampoule, 30ml - IDA.KOREA<\/title>\n<meta name=\"robots\" content=\"index, follow, max-snippet:-1, max-image-preview:large, max-video-preview:-1\" \/>\n<link rel=\"canonical\" href=\"https:\/\/idakorea.ee\/fi\/product\/liposomaalne-lifting-ampull-retinaaliga-ckd-retino-collagen-small-molecule-300-pumping-ampoule\/\" \/>\n<meta property=\"og:locale\" content=\"fi_FI\" \/>\n<meta property=\"og:type\" content=\"article\" \/>\n<meta property=\"og:title\" content=\"Liposomaalne lifting-ampull retinaaliga CKD Retino Collagen Small Molecule 300 Pumping Ampoule, 30ml - IDA.KOREA\" \/>\n<meta property=\"og:description\" content=\"Liposomaalne lifting-ampull retinaaliga CKD Retino Collagen Small Molecule 300 Pumping Ampoule omab tugevat nahka tihendavat toimet, suurendades naha tihedust ja kaitstes seda h\u00f5renemise eest. Ampull taastab epidermise rakkudes niiskustaseme, toidab nahka ja leevendab kuivust. Annab nahale toonust, v\u00e4rskendab jume ja taastab terve s\u00e4ra. Toode stimuleerib naha enda kollageeni- ja elastiinikiudude s\u00fcnteesi, aidates siluda kortsuvagusid, staatilisi...\" \/>\n<meta property=\"og:url\" content=\"https:\/\/idakorea.ee\/fi\/product\/liposomaalne-lifting-ampull-retinaaliga-ckd-retino-collagen-small-molecule-300-pumping-ampoule\/\" \/>\n<meta property=\"og:site_name\" content=\"IDA.KOREA\" \/>\n<meta property=\"article:modified_time\" content=\"2026-01-30T13:57:31+00:00\" \/>\n<meta property=\"og:image\" content=\"https:\/\/idakorea.ee\/wp-content\/uploads\/2024\/11\/hollyshop-_97_-_1_.png\" \/>\n\t<meta property=\"og:image:width\" content=\"1000\" \/>\n\t<meta property=\"og:image:height\" content=\"1000\" \/>\n\t<meta property=\"og:image:type\" content=\"image\/png\" \/>\n<meta name=\"twitter:card\" content=\"summary_large_image\" \/>\n<meta name=\"twitter:label1\" content=\"Arvioitu lukuaika\" \/>\n\t<meta name=\"twitter:data1\" content=\"2 minuuttia\" \/>\n<script type=\"application\/ld+json\" class=\"yoast-schema-graph\">{\"@context\":\"https:\/\/schema.org\",\"@graph\":[{\"@type\":\"WebPage\",\"@id\":\"https:\/\/idakorea.ee\/product\/liposomaalne-lifting-ampull-retinaaliga-ckd-retino-collagen-small-molecule-300-pumping-ampoule\/\",\"url\":\"https:\/\/idakorea.ee\/product\/liposomaalne-lifting-ampull-retinaaliga-ckd-retino-collagen-small-molecule-300-pumping-ampoule\/\",\"name\":\"Liposomaalne lifting-ampull retinaaliga CKD Retino Collagen Small Molecule 300 Pumping Ampoule, 30ml - IDA.KOREA\",\"isPartOf\":{\"@id\":\"https:\/\/idakorea.ee\/#website\"},\"primaryImageOfPage\":{\"@id\":\"https:\/\/idakorea.ee\/product\/liposomaalne-lifting-ampull-retinaaliga-ckd-retino-collagen-small-molecule-300-pumping-ampoule\/#primaryimage\"},\"image\":{\"@id\":\"https:\/\/idakorea.ee\/product\/liposomaalne-lifting-ampull-retinaaliga-ckd-retino-collagen-small-molecule-300-pumping-ampoule\/#primaryimage\"},\"thumbnailUrl\":\"https:\/\/idakorea.ee\/wp-content\/uploads\/2024\/11\/hollyshop-_97_-_1_.png\",\"datePublished\":\"2024-11-03T13:57:37+00:00\",\"dateModified\":\"2026-01-30T13:57:31+00:00\",\"breadcrumb\":{\"@id\":\"https:\/\/idakorea.ee\/product\/liposomaalne-lifting-ampull-retinaaliga-ckd-retino-collagen-small-molecule-300-pumping-ampoule\/#breadcrumb\"},\"inLanguage\":\"fi\",\"potentialAction\":[{\"@type\":\"ReadAction\",\"target\":[\"https:\/\/idakorea.ee\/product\/liposomaalne-lifting-ampull-retinaaliga-ckd-retino-collagen-small-molecule-300-pumping-ampoule\/\"]}]},{\"@type\":\"ImageObject\",\"inLanguage\":\"fi\",\"@id\":\"https:\/\/idakorea.ee\/product\/liposomaalne-lifting-ampull-retinaaliga-ckd-retino-collagen-small-molecule-300-pumping-ampoule\/#primaryimage\",\"url\":\"https:\/\/idakorea.ee\/wp-content\/uploads\/2024\/11\/hollyshop-_97_-_1_.png\",\"contentUrl\":\"https:\/\/idakorea.ee\/wp-content\/uploads\/2024\/11\/hollyshop-_97_-_1_.png\",\"width\":1000,\"height\":1000,\"caption\":\"ckd pumping ampoule\"},{\"@type\":\"BreadcrumbList\",\"@id\":\"https:\/\/idakorea.ee\/product\/liposomaalne-lifting-ampull-retinaaliga-ckd-retino-collagen-small-molecule-300-pumping-ampoule\/#breadcrumb\",\"itemListElement\":[{\"@type\":\"ListItem\",\"position\":1,\"name\":\"\u0413\u043b\u0430\u0432\u043d\u0430\u044f \u0441\u0442\u0440\u0430\u043d\u0438\u0446\u0430\",\"item\":\"https:\/\/idakorea.ee\/\"},{\"@type\":\"ListItem\",\"position\":2,\"name\":\"Shop\",\"item\":\"https:\/\/idakorea.ee\/shop-2\/\"},{\"@type\":\"ListItem\",\"position\":3,\"name\":\"Liposomaalne lifting-ampull retinaaliga CKD Retino Collagen Small Molecule 300 Pumping Ampoule, 30ml\"}]},{\"@type\":\"WebSite\",\"@id\":\"https:\/\/idakorea.ee\/#website\",\"url\":\"https:\/\/idakorea.ee\/\",\"name\":\"IDA.KOREA\",\"description\":\"Korea kosmeetika e-pood\",\"publisher\":{\"@id\":\"https:\/\/idakorea.ee\/#organization\"},\"alternateName\":\"Beauty Shop\",\"potentialAction\":[{\"@type\":\"SearchAction\",\"target\":{\"@type\":\"EntryPoint\",\"urlTemplate\":\"https:\/\/idakorea.ee\/?s={search_term_string}\"},\"query-input\":{\"@type\":\"PropertyValueSpecification\",\"valueRequired\":true,\"valueName\":\"search_term_string\"}}],\"inLanguage\":\"fi\"},{\"@type\":\"Organization\",\"@id\":\"https:\/\/idakorea.ee\/#organization\",\"name\":\"IDA.KOREA\",\"url\":\"https:\/\/idakorea.ee\/\",\"logo\":{\"@type\":\"ImageObject\",\"inLanguage\":\"fi\",\"@id\":\"https:\/\/idakorea.ee\/#\/schema\/logo\/image\/\",\"url\":\"https:\/\/idakorea.ee\/wp-content\/uploads\/2024\/05\/cropped-korea3.png\",\"contentUrl\":\"https:\/\/idakorea.ee\/wp-content\/uploads\/2024\/05\/cropped-korea3.png\",\"width\":688,\"height\":126,\"caption\":\"IDA.KOREA\"},\"image\":{\"@id\":\"https:\/\/idakorea.ee\/#\/schema\/logo\/image\/\"},\"sameAs\":[\"https:\/\/www.instagram.com\/ida.korea\/\"]}]}<\/script>\n<!-- \/ Yoast SEO plugin. -->","yoast_head_json":{"title":"Liposomaalinen kohottava ampulli retinaalilla, CKD Retino Collagen Small Molecule 300 -pumppaava ampulli, 30ml - IDA.KOREA","robots":{"index":"index","follow":"follow","max-snippet":"max-snippet:-1","max-image-preview":"max-image-preview:large","max-video-preview":"max-video-preview:-1"},"canonical":"https:\/\/idakorea.ee\/fi\/product\/liposomaalne-lifting-ampull-retinaaliga-ckd-retino-collagen-small-molecule-300-pumping-ampoule\/","og_locale":"fi_FI","og_type":"article","og_title":"Liposomaalne lifting-ampull retinaaliga CKD Retino Collagen Small Molecule 300 Pumping Ampoule, 30ml - IDA.KOREA","og_description":"Liposomaalne lifting-ampull retinaaliga CKD Retino Collagen Small Molecule 300 Pumping Ampoule omab tugevat nahka tihendavat toimet, suurendades naha tihedust ja kaitstes seda h\u00f5renemise eest. Ampull taastab epidermise rakkudes niiskustaseme, toidab nahka ja leevendab kuivust. Annab nahale toonust, v\u00e4rskendab jume ja taastab terve s\u00e4ra. Toode stimuleerib naha enda kollageeni- ja elastiinikiudude s\u00fcnteesi, aidates siluda kortsuvagusid, staatilisi...","og_url":"https:\/\/idakorea.ee\/fi\/product\/liposomaalne-lifting-ampull-retinaaliga-ckd-retino-collagen-small-molecule-300-pumping-ampoule\/","og_site_name":"IDA.KOREA","article_modified_time":"2026-01-30T13:57:31+00:00","og_image":[{"width":1000,"height":1000,"url":"https:\/\/idakorea.ee\/wp-content\/uploads\/2024\/11\/hollyshop-_97_-_1_.png","type":"image\/png"}],"twitter_card":"summary_large_image","twitter_misc":{"Arvioitu lukuaika":"2 minuuttia"},"schema":{"@context":"https:\/\/schema.org","@graph":[{"@type":"WebPage","@id":"https:\/\/idakorea.ee\/product\/liposomaalne-lifting-ampull-retinaaliga-ckd-retino-collagen-small-molecule-300-pumping-ampoule\/","url":"https:\/\/idakorea.ee\/product\/liposomaalne-lifting-ampull-retinaaliga-ckd-retino-collagen-small-molecule-300-pumping-ampoule\/","name":"Liposomaalinen kohottava ampulli retinaalilla, CKD Retino Collagen Small Molecule 300 -pumppaava ampulli, 30ml - IDA.KOREA","isPartOf":{"@id":"https:\/\/idakorea.ee\/#website"},"primaryImageOfPage":{"@id":"https:\/\/idakorea.ee\/product\/liposomaalne-lifting-ampull-retinaaliga-ckd-retino-collagen-small-molecule-300-pumping-ampoule\/#primaryimage"},"image":{"@id":"https:\/\/idakorea.ee\/product\/liposomaalne-lifting-ampull-retinaaliga-ckd-retino-collagen-small-molecule-300-pumping-ampoule\/#primaryimage"},"thumbnailUrl":"https:\/\/idakorea.ee\/wp-content\/uploads\/2024\/11\/hollyshop-_97_-_1_.png","datePublished":"2024-11-03T13:57:37+00:00","dateModified":"2026-01-30T13:57:31+00:00","breadcrumb":{"@id":"https:\/\/idakorea.ee\/product\/liposomaalne-lifting-ampull-retinaaliga-ckd-retino-collagen-small-molecule-300-pumping-ampoule\/#breadcrumb"},"inLanguage":"fi","potentialAction":[{"@type":"ReadAction","target":["https:\/\/idakorea.ee\/product\/liposomaalne-lifting-ampull-retinaaliga-ckd-retino-collagen-small-molecule-300-pumping-ampoule\/"]}]},{"@type":"ImageObject","inLanguage":"fi","@id":"https:\/\/idakorea.ee\/product\/liposomaalne-lifting-ampull-retinaaliga-ckd-retino-collagen-small-molecule-300-pumping-ampoule\/#primaryimage","url":"https:\/\/idakorea.ee\/wp-content\/uploads\/2024\/11\/hollyshop-_97_-_1_.png","contentUrl":"https:\/\/idakorea.ee\/wp-content\/uploads\/2024\/11\/hollyshop-_97_-_1_.png","width":1000,"height":1000,"caption":"ckd pumping ampoule"},{"@type":"BreadcrumbList","@id":"https:\/\/idakorea.ee\/product\/liposomaalne-lifting-ampull-retinaaliga-ckd-retino-collagen-small-molecule-300-pumping-ampoule\/#breadcrumb","itemListElement":[{"@type":"ListItem","position":1,"name":"\u0413\u043b\u0430\u0432\u043d\u0430\u044f \u0441\u0442\u0440\u0430\u043d\u0438\u0446\u0430","item":"https:\/\/idakorea.ee\/"},{"@type":"ListItem","position":2,"name":"Shop","item":"https:\/\/idakorea.ee\/shop-2\/"},{"@type":"ListItem","position":3,"name":"Liposomaalne lifting-ampull retinaaliga CKD Retino Collagen Small Molecule 300 Pumping Ampoule, 30ml"}]},{"@type":"WebSite","@id":"https:\/\/idakorea.ee\/#website","url":"https:\/\/idakorea.ee\/","name":"IDA.KOREA","description":"Korean kosmetiikan verkkokauppa","publisher":{"@id":"https:\/\/idakorea.ee\/#organization"},"alternateName":"Beauty Shop","potentialAction":[{"@type":"SearchAction","target":{"@type":"EntryPoint","urlTemplate":"https:\/\/idakorea.ee\/?s={search_term_string}"},"query-input":{"@type":"PropertyValueSpecification","valueRequired":true,"valueName":"search_term_string"}}],"inLanguage":"fi"},{"@type":"Organization","@id":"https:\/\/idakorea.ee\/#organization","name":"IDA.KOREA","url":"https:\/\/idakorea.ee\/","logo":{"@type":"ImageObject","inLanguage":"fi","@id":"https:\/\/idakorea.ee\/#\/schema\/logo\/image\/","url":"https:\/\/idakorea.ee\/wp-content\/uploads\/2024\/05\/cropped-korea3.png","contentUrl":"https:\/\/idakorea.ee\/wp-content\/uploads\/2024\/05\/cropped-korea3.png","width":688,"height":126,"caption":"IDA.KOREA"},"image":{"@id":"https:\/\/idakorea.ee\/#\/schema\/logo\/image\/"},"sameAs":["https:\/\/www.instagram.com\/ida.korea\/"]}]}},"jetpack_sharing_enabled":true,"brands":[{"id":560,"name":"CKD","slug":"ckd"}],"_links":{"self":[{"href":"https:\/\/idakorea.ee\/fi\/wp-json\/wp\/v2\/product\/11125","targetHints":{"allow":["GET"]}}],"collection":[{"href":"https:\/\/idakorea.ee\/fi\/wp-json\/wp\/v2\/product"}],"about":[{"href":"https:\/\/idakorea.ee\/fi\/wp-json\/wp\/v2\/types\/product"}],"replies":[{"embeddable":true,"href":"https:\/\/idakorea.ee\/fi\/wp-json\/wp\/v2\/comments?post=11125"}],"version-history":[{"count":3,"href":"https:\/\/idakorea.ee\/fi\/wp-json\/wp\/v2\/product\/11125\/revisions"}],"predecessor-version":[{"id":16355,"href":"https:\/\/idakorea.ee\/fi\/wp-json\/wp\/v2\/product\/11125\/revisions\/16355"}],"wp:featuredmedia":[{"embeddable":true,"href":"https:\/\/idakorea.ee\/fi\/wp-json\/wp\/v2\/media\/11093"}],"wp:attachment":[{"href":"https:\/\/idakorea.ee\/fi\/wp-json\/wp\/v2\/media?parent=11125"}],"wp:term":[{"taxonomy":"pwb-brand","embeddable":true,"href":"https:\/\/idakorea.ee\/fi\/wp-json\/wp\/v2\/pwb-brand?post=11125"},{"taxonomy":"product_brand","embeddable":true,"href":"https:\/\/idakorea.ee\/fi\/wp-json\/wp\/v2\/product_brand?post=11125"},{"taxonomy":"product_cat","embeddable":true,"href":"https:\/\/idakorea.ee\/fi\/wp-json\/wp\/v2\/product_cat?post=11125"},{"taxonomy":"product_tag","embeddable":true,"href":"https:\/\/idakorea.ee\/fi\/wp-json\/wp\/v2\/product_tag?post=11125"}],"curies":[{"name":"wp","href":"https:\/\/api.w.org\/{rel}","templated":true}]}}