{"id":11137,"date":"2024-11-06T12:21:58","date_gmt":"2024-11-06T09:21:58","guid":{"rendered":"https:\/\/idakorea.ee\/?post_type=product&#038;p=11137"},"modified":"2026-04-03T10:13:24","modified_gmt":"2026-04-03T08:13:24","slug":"hera-hydro-reflecting-deluxe-kit-minikomplekt","status":"publish","type":"product","link":"https:\/\/idakorea.ee\/fi\/product\/hera-hydro-reflecting-deluxe-kit-minikomplekt\/","title":{"rendered":"Hera Hydro Reflecting Deluxe Kit minipakkaus"},"content":{"rendered":"<p>P\u00e4ivitetty Hera Aquabolic -sarja uudessa Hydro Reflecting Hydro Ceramide + Vitamin -muodossa!<\/p>\n<p>Kosteuttava minisetti sis\u00e4lt\u00e4\u00e4:<\/p>\n<ul>\n<li><strong>Hera Hydro heijastava kasvovesi 30 ml<\/strong> \u2013 kosteuttava kasvovesi (minituote)<\/li>\n<li><strong>Hera Hydro heijastava neste 30 ml<\/strong> \u2013 kosteuttava emulsio (minituote)<\/li>\n<li><strong>Hera Hydro heijastava mikrovoide 5 ml<\/strong> \u2013 kosteuttava kasvovoide (minituote)<\/li>\n<li><strong>Hera Hydro heijastava mikrovoide 5 ml<\/strong> \u2013 kosteuttava kasvovoide (minituote)<\/li>\n<\/ul>\n<h3>Hera Hydro heijastava kasvovesi<\/h3>\n<p>Kiinteytt\u00e4v\u00e4 kasvovesi, jonka vesipohjainen koostumus kosteuttaa ihoa ja valmistaa sen seuraavalle kosteuttavalle hoidolle rauhoittaen sit\u00e4.<\/p>\n<p>Kamomillavesi rauhoittaa iho\u00e4rsytyst\u00e4 ja trehaloosi kosteuttaa ihoa syv\u00e4lt\u00e4. Hydro Reflecting -koostumuksen sis\u00e4lt\u00e4m\u00e4 hydraseramidi ja vitamiini antavat iholle puhtaan ja s\u00e4teilev\u00e4n hehkun. Kasvovesi sis\u00e4lt\u00e4\u00e4 my\u00f6s aasialaista lumpeenuutetta, persikanlehtiuutetta, hyaluronihappoa ja kamomillauutetta. Kasvoveden k\u00e4ytt\u00f6 rauhoittaa iho\u00e4rsytyst\u00e4 ja palauttaa kosteustasapainon, antaen iholle terveen hehkun ja kosteutuksen.<\/p>\n<p><strong>K\u00e4ytt\u00e4j\u00e4n k\u00e4sikirja<\/strong>Levit\u00e4 puhtaalle kasvojen iholle heti pesun j\u00e4lkeen.<\/p>\n<h3>Hera Hydro heijastava neste<\/h3>\n<p>Kosteuttava ja tekstuuria antava voide, jonka pehme\u00e4 ja rauhoittava koostumus palauttaa ihon hydrolipiditasapainon.<\/p>\n<p>Emulsio sis\u00e4lt\u00e4\u00e4 sokeriruokosta per\u00e4isin olevaa skvalaania, joka silottaa ihoa ja luo suojaavan kosteuskerroksen. Hydraseramidin ja vitamiinin ansiosta neste antaa iholle raikkaan ja kosteutetun ilmeen.<\/p>\n<p><strong>K\u00e4ytt\u00e4j\u00e4n k\u00e4sikirja<\/strong>K\u00e4yt\u00e4 kasvoveden j\u00e4lkeen, levit\u00e4 kasvoille ja kaulalle ja anna imeyty\u00e4.<\/p>\n<h3>Hera Hydro heijastava mikrovoide<\/h3>\n<p>Kirkastava ja tehokkaasti kosteuttava voide, jonka Micro Vita -mikropallot t\u00e4ytt\u00e4v\u00e4t ihon hehkulla ja elinvoimalla. Ik\u00e4\u00e4ntymisen merkkej\u00e4 vastaan.<\/p>\n<p>Micro Vita -pallot ja pioniuute antavat iholle elinvoimaa ja vahvuutta, kosteuttavat ja antavat kimmoisuutta. P\u00e4\u00e4ainesosa \u2013 hydraseramidi ja kirkastava vitamiini \u2013 antavat iholle puhtaan ja kosteutetun hehkun. Voiteen koostumus auttaa pit\u00e4m\u00e4\u00e4n ihon nuorekkaana, v\u00e4hent\u00e4\u00e4 ryppyj\u00e4, kosteuttaa ja antaa raikkauden tunnetta.<\/p>\n<p>Sokerijuurikkaasta per\u00e4isin oleva betaiini kosteuttaa ihoa ja v\u00e4hent\u00e4\u00e4 kuivuutta. Auttaa lievitt\u00e4m\u00e4\u00e4n iho\u00e4rsytyst\u00e4, pehment\u00e4\u00e4 ja nopeuttaa pienten haavojen paranemista. Yhdess\u00e4 muiden aktiivisten ainesosien kanssa se auttaa v\u00e4hent\u00e4m\u00e4\u00e4n ihon kosteuden menetyst\u00e4 ja tukee ihon kimmoisuutta.<\/p>\n<p>Ainesosia ovat adenosiini, niasiiniamidi, hyaluronihappo, laktobakteereja, aasialainen vesiuute, betaiini, jojoba\u00f6ljy, persikanlehtiuute ja muut vaikuttavat aineet.<\/p>\n<p>Sopii kaikille ihotyypeille.<\/p>","protected":false},"excerpt":{"rendered":"<p>P\u00e4ivitetty Hera Aquabolic -sarja uudessa Hydro Reflecting Hydro Ceramide + Vitamin -muodossa! Kosteuttava minipakkaus sis\u00e4lt\u00e4\u00e4.<\/p>","protected":false},"featured_media":11138,"comment_status":"open","ping_status":"closed","template":"","meta":{"_uf_show_specific_survey":0,"_uf_disable_surveys":false,"_bst_post_transparent":"default","_bst_post_title":"","_bst_post_layout":"default","_bst_post_sidebar_id":"","_bst_post_content_style":"default","_bst_post_vertical_padding":"default","_bst_post_feature":"","_bst_post_feature_position":"","_bst_post_header":false,"_bst_post_footer":false},"pwb-brand":[485],"product_brand":[],"product_cat":[95],"product_tag":[669,595,466],"class_list":{"0":"post-11137","1":"product","2":"type-product","3":"status-publish","4":"has-post-thumbnail","6":"pwb-brand-hera","7":"product_cat-komplektid","8":"product_tag-hera","9":"product_tag-korean-lux","10":"product_tag-premium","12":"first","13":"instock","14":"sale","15":"shipping-taxable","16":"purchasable","17":"product-type-simple","18":"entry","19":"content-bg","20":"loop-entry"},"supplier_id":null,"supplier_sku":"","barcode":null,"atum_controlled":true,"out_stock_date":null,"out_stock_threshold":null,"inheritable":false,"inbound_stock":0,"stock_on_hold":0,"sold_today":0,"sales_last_days":1,"out_stock_days":0,"lost_sales":0,"has_location":false,"update_date":"2026-04-14T00:05:11","atum_locations":[],"atum_stock_status":"instock","restock_status":false,"low_stock_amount":"","sales_update_date":"2026-04-14T00:05:11","calc_backorders":null,"yoast_head":"<!-- This site is optimized with the Yoast SEO plugin v27.2 - https:\/\/yoast.com\/product\/yoast-seo-wordpress\/ -->\n<title>Hera Hydro Reflecting Deluxe Kit minikomplekt<\/title>\n<meta name=\"robots\" content=\"index, follow, max-snippet:-1, max-image-preview:large, max-video-preview:-1\" \/>\n<link rel=\"canonical\" href=\"https:\/\/idakorea.ee\/fi\/product\/hera-hydro-reflecting-deluxe-kit-minikomplekt\/\" \/>\n<meta property=\"og:locale\" content=\"fi_FI\" \/>\n<meta property=\"og:type\" content=\"article\" \/>\n<meta property=\"og:title\" content=\"Hera Hydro Reflecting Deluxe Kit minikomplekt\" \/>\n<meta property=\"og:description\" content=\"Uuendatud Hera Aquabolic sari uues Hydro Reflecting Hydro Ceramide + Vitamin formaadis! Niisutav minikomplekt sisaldab: Hera Hydro Reflecting Toner 30 ml \u2013 niisutav toonik (minitoode) Hera Hydro Reflecting Fluid 30 ml \u2013 niisutav emulsioon (minitoode) Hera Hydro Reflecting Micro Cream 5 ml \u2013 niisutav n\u00e4okreem (minitoode) Hera Hydro Reflecting Micro Cream 5 ml \u2013 niisutav...\" \/>\n<meta property=\"og:url\" content=\"https:\/\/idakorea.ee\/fi\/product\/hera-hydro-reflecting-deluxe-kit-minikomplekt\/\" \/>\n<meta property=\"og:site_name\" content=\"IDA.KOREA\" \/>\n<meta property=\"article:modified_time\" content=\"2026-04-03T08:13:24+00:00\" \/>\n<meta property=\"og:image\" content=\"https:\/\/idakorea.ee\/wp-content\/uploads\/2024\/11\/hera-kit.jpg\" \/>\n\t<meta property=\"og:image:width\" content=\"860\" \/>\n\t<meta property=\"og:image:height\" content=\"860\" \/>\n\t<meta property=\"og:image:type\" content=\"image\/jpeg\" \/>\n<meta name=\"twitter:card\" content=\"summary_large_image\" \/>\n<meta name=\"twitter:label1\" content=\"Arvioitu lukuaika\" \/>\n\t<meta name=\"twitter:data1\" content=\"2 minuuttia\" \/>\n<script type=\"application\/ld+json\" class=\"yoast-schema-graph\">{\"@context\":\"https:\/\/schema.org\",\"@graph\":[{\"@type\":\"WebPage\",\"@id\":\"https:\/\/idakorea.ee\/product\/hera-hydro-reflecting-deluxe-kit-minikomplekt\/\",\"url\":\"https:\/\/idakorea.ee\/product\/hera-hydro-reflecting-deluxe-kit-minikomplekt\/\",\"name\":\"Hera Hydro Reflecting Deluxe Kit minikomplekt\",\"isPartOf\":{\"@id\":\"https:\/\/idakorea.ee\/#website\"},\"primaryImageOfPage\":{\"@id\":\"https:\/\/idakorea.ee\/product\/hera-hydro-reflecting-deluxe-kit-minikomplekt\/#primaryimage\"},\"image\":{\"@id\":\"https:\/\/idakorea.ee\/product\/hera-hydro-reflecting-deluxe-kit-minikomplekt\/#primaryimage\"},\"thumbnailUrl\":\"https:\/\/idakorea.ee\/wp-content\/uploads\/2024\/11\/hera-kit.jpg\",\"datePublished\":\"2024-11-06T09:21:58+00:00\",\"dateModified\":\"2026-04-03T08:13:24+00:00\",\"breadcrumb\":{\"@id\":\"https:\/\/idakorea.ee\/product\/hera-hydro-reflecting-deluxe-kit-minikomplekt\/#breadcrumb\"},\"inLanguage\":\"fi\",\"potentialAction\":[{\"@type\":\"ReadAction\",\"target\":[\"https:\/\/idakorea.ee\/product\/hera-hydro-reflecting-deluxe-kit-minikomplekt\/\"]}]},{\"@type\":\"ImageObject\",\"inLanguage\":\"fi\",\"@id\":\"https:\/\/idakorea.ee\/product\/hera-hydro-reflecting-deluxe-kit-minikomplekt\/#primaryimage\",\"url\":\"https:\/\/idakorea.ee\/wp-content\/uploads\/2024\/11\/hera-kit.jpg\",\"contentUrl\":\"https:\/\/idakorea.ee\/wp-content\/uploads\/2024\/11\/hera-kit.jpg\",\"width\":860,\"height\":860},{\"@type\":\"BreadcrumbList\",\"@id\":\"https:\/\/idakorea.ee\/product\/hera-hydro-reflecting-deluxe-kit-minikomplekt\/#breadcrumb\",\"itemListElement\":[{\"@type\":\"ListItem\",\"position\":1,\"name\":\"\u0413\u043b\u0430\u0432\u043d\u0430\u044f \u0441\u0442\u0440\u0430\u043d\u0438\u0446\u0430\",\"item\":\"https:\/\/idakorea.ee\/\"},{\"@type\":\"ListItem\",\"position\":2,\"name\":\"Shop\",\"item\":\"https:\/\/idakorea.ee\/shop-2\/\"},{\"@type\":\"ListItem\",\"position\":3,\"name\":\"Hera Hydro Reflecting Deluxe Kit minikomplekt\"}]},{\"@type\":\"WebSite\",\"@id\":\"https:\/\/idakorea.ee\/#website\",\"url\":\"https:\/\/idakorea.ee\/\",\"name\":\"IDA.KOREA\",\"description\":\"Korea kosmeetika e-pood\",\"publisher\":{\"@id\":\"https:\/\/idakorea.ee\/#organization\"},\"alternateName\":\"Beauty Shop\",\"potentialAction\":[{\"@type\":\"SearchAction\",\"target\":{\"@type\":\"EntryPoint\",\"urlTemplate\":\"https:\/\/idakorea.ee\/?s={search_term_string}\"},\"query-input\":{\"@type\":\"PropertyValueSpecification\",\"valueRequired\":true,\"valueName\":\"search_term_string\"}}],\"inLanguage\":\"fi\"},{\"@type\":\"Organization\",\"@id\":\"https:\/\/idakorea.ee\/#organization\",\"name\":\"IDA.KOREA\",\"url\":\"https:\/\/idakorea.ee\/\",\"logo\":{\"@type\":\"ImageObject\",\"inLanguage\":\"fi\",\"@id\":\"https:\/\/idakorea.ee\/#\/schema\/logo\/image\/\",\"url\":\"https:\/\/idakorea.ee\/wp-content\/uploads\/2024\/05\/cropped-korea3.png\",\"contentUrl\":\"https:\/\/idakorea.ee\/wp-content\/uploads\/2024\/05\/cropped-korea3.png\",\"width\":688,\"height\":126,\"caption\":\"IDA.KOREA\"},\"image\":{\"@id\":\"https:\/\/idakorea.ee\/#\/schema\/logo\/image\/\"},\"sameAs\":[\"https:\/\/www.instagram.com\/ida.korea\/\"]}]}<\/script>\n<!-- \/ Yoast SEO plugin. -->","yoast_head_json":{"title":"Hera Hydro Reflecting Deluxe Kit minipakkaus","robots":{"index":"index","follow":"follow","max-snippet":"max-snippet:-1","max-image-preview":"max-image-preview:large","max-video-preview":"max-video-preview:-1"},"canonical":"https:\/\/idakorea.ee\/fi\/product\/hera-hydro-reflecting-deluxe-kit-minikomplekt\/","og_locale":"fi_FI","og_type":"article","og_title":"Hera Hydro Reflecting Deluxe Kit minikomplekt","og_description":"Uuendatud Hera Aquabolic sari uues Hydro Reflecting Hydro Ceramide + Vitamin formaadis! Niisutav minikomplekt sisaldab: Hera Hydro Reflecting Toner 30 ml \u2013 niisutav toonik (minitoode) Hera Hydro Reflecting Fluid 30 ml \u2013 niisutav emulsioon (minitoode) Hera Hydro Reflecting Micro Cream 5 ml \u2013 niisutav n\u00e4okreem (minitoode) Hera Hydro Reflecting Micro Cream 5 ml \u2013 niisutav...","og_url":"https:\/\/idakorea.ee\/fi\/product\/hera-hydro-reflecting-deluxe-kit-minikomplekt\/","og_site_name":"IDA.KOREA","article_modified_time":"2026-04-03T08:13:24+00:00","og_image":[{"width":860,"height":860,"url":"https:\/\/idakorea.ee\/wp-content\/uploads\/2024\/11\/hera-kit.jpg","type":"image\/jpeg"}],"twitter_card":"summary_large_image","twitter_misc":{"Arvioitu lukuaika":"2 minuuttia"},"schema":{"@context":"https:\/\/schema.org","@graph":[{"@type":"WebPage","@id":"https:\/\/idakorea.ee\/product\/hera-hydro-reflecting-deluxe-kit-minikomplekt\/","url":"https:\/\/idakorea.ee\/product\/hera-hydro-reflecting-deluxe-kit-minikomplekt\/","name":"Hera Hydro Reflecting Deluxe Kit minipakkaus","isPartOf":{"@id":"https:\/\/idakorea.ee\/#website"},"primaryImageOfPage":{"@id":"https:\/\/idakorea.ee\/product\/hera-hydro-reflecting-deluxe-kit-minikomplekt\/#primaryimage"},"image":{"@id":"https:\/\/idakorea.ee\/product\/hera-hydro-reflecting-deluxe-kit-minikomplekt\/#primaryimage"},"thumbnailUrl":"https:\/\/idakorea.ee\/wp-content\/uploads\/2024\/11\/hera-kit.jpg","datePublished":"2024-11-06T09:21:58+00:00","dateModified":"2026-04-03T08:13:24+00:00","breadcrumb":{"@id":"https:\/\/idakorea.ee\/product\/hera-hydro-reflecting-deluxe-kit-minikomplekt\/#breadcrumb"},"inLanguage":"fi","potentialAction":[{"@type":"ReadAction","target":["https:\/\/idakorea.ee\/product\/hera-hydro-reflecting-deluxe-kit-minikomplekt\/"]}]},{"@type":"ImageObject","inLanguage":"fi","@id":"https:\/\/idakorea.ee\/product\/hera-hydro-reflecting-deluxe-kit-minikomplekt\/#primaryimage","url":"https:\/\/idakorea.ee\/wp-content\/uploads\/2024\/11\/hera-kit.jpg","contentUrl":"https:\/\/idakorea.ee\/wp-content\/uploads\/2024\/11\/hera-kit.jpg","width":860,"height":860},{"@type":"BreadcrumbList","@id":"https:\/\/idakorea.ee\/product\/hera-hydro-reflecting-deluxe-kit-minikomplekt\/#breadcrumb","itemListElement":[{"@type":"ListItem","position":1,"name":"\u0413\u043b\u0430\u0432\u043d\u0430\u044f \u0441\u0442\u0440\u0430\u043d\u0438\u0446\u0430","item":"https:\/\/idakorea.ee\/"},{"@type":"ListItem","position":2,"name":"Shop","item":"https:\/\/idakorea.ee\/shop-2\/"},{"@type":"ListItem","position":3,"name":"Hera Hydro Reflecting Deluxe Kit minikomplekt"}]},{"@type":"WebSite","@id":"https:\/\/idakorea.ee\/#website","url":"https:\/\/idakorea.ee\/","name":"IDA.KOREA","description":"Korean kosmetiikan verkkokauppa","publisher":{"@id":"https:\/\/idakorea.ee\/#organization"},"alternateName":"Beauty Shop","potentialAction":[{"@type":"SearchAction","target":{"@type":"EntryPoint","urlTemplate":"https:\/\/idakorea.ee\/?s={search_term_string}"},"query-input":{"@type":"PropertyValueSpecification","valueRequired":true,"valueName":"search_term_string"}}],"inLanguage":"fi"},{"@type":"Organization","@id":"https:\/\/idakorea.ee\/#organization","name":"IDA.KOREA","url":"https:\/\/idakorea.ee\/","logo":{"@type":"ImageObject","inLanguage":"fi","@id":"https:\/\/idakorea.ee\/#\/schema\/logo\/image\/","url":"https:\/\/idakorea.ee\/wp-content\/uploads\/2024\/05\/cropped-korea3.png","contentUrl":"https:\/\/idakorea.ee\/wp-content\/uploads\/2024\/05\/cropped-korea3.png","width":688,"height":126,"caption":"IDA.KOREA"},"image":{"@id":"https:\/\/idakorea.ee\/#\/schema\/logo\/image\/"},"sameAs":["https:\/\/www.instagram.com\/ida.korea\/"]}]}},"jetpack_sharing_enabled":true,"brands":[{"id":485,"name":"HERA","slug":"hera"}],"_links":{"self":[{"href":"https:\/\/idakorea.ee\/fi\/wp-json\/wp\/v2\/product\/11137","targetHints":{"allow":["GET"]}}],"collection":[{"href":"https:\/\/idakorea.ee\/fi\/wp-json\/wp\/v2\/product"}],"about":[{"href":"https:\/\/idakorea.ee\/fi\/wp-json\/wp\/v2\/types\/product"}],"replies":[{"embeddable":true,"href":"https:\/\/idakorea.ee\/fi\/wp-json\/wp\/v2\/comments?post=11137"}],"version-history":[{"count":1,"href":"https:\/\/idakorea.ee\/fi\/wp-json\/wp\/v2\/product\/11137\/revisions"}],"predecessor-version":[{"id":11139,"href":"https:\/\/idakorea.ee\/fi\/wp-json\/wp\/v2\/product\/11137\/revisions\/11139"}],"wp:featuredmedia":[{"embeddable":true,"href":"https:\/\/idakorea.ee\/fi\/wp-json\/wp\/v2\/media\/11138"}],"wp:attachment":[{"href":"https:\/\/idakorea.ee\/fi\/wp-json\/wp\/v2\/media?parent=11137"}],"wp:term":[{"taxonomy":"pwb-brand","embeddable":true,"href":"https:\/\/idakorea.ee\/fi\/wp-json\/wp\/v2\/pwb-brand?post=11137"},{"taxonomy":"product_brand","embeddable":true,"href":"https:\/\/idakorea.ee\/fi\/wp-json\/wp\/v2\/product_brand?post=11137"},{"taxonomy":"product_cat","embeddable":true,"href":"https:\/\/idakorea.ee\/fi\/wp-json\/wp\/v2\/product_cat?post=11137"},{"taxonomy":"product_tag","embeddable":true,"href":"https:\/\/idakorea.ee\/fi\/wp-json\/wp\/v2\/product_tag?post=11137"}],"curies":[{"name":"wp","href":"https:\/\/api.w.org\/{rel}","templated":true}]}}