{"id":11141,"date":"2024-11-06T14:13:44","date_gmt":"2024-11-06T11:13:44","guid":{"rendered":"https:\/\/idakorea.ee\/?post_type=product&#038;p=11141"},"modified":"2026-04-09T13:16:05","modified_gmt":"2026-04-09T11:16:05","slug":"puhastusgeel-dalba-mild-skin-balancing-vegan-cleanser-200ml","status":"publish","type":"product","link":"https:\/\/idakorea.ee\/fi\/product\/puhastusgeel-dalba-mild-skin-balancing-vegan-cleanser-200ml\/","title":{"rendered":"Puhdistusgeeli d'Alba Mild Skin Balancing Vegan Cleanser, 200ml"},"content":{"rendered":"<p><strong>d&#039;Alba Mieto ihoa tasapainottava vegaaninen puhdistusaine<\/strong> \u2014 hell\u00e4varainen puhdistusgeeli, joka poistaa tehokkaasti meikin, lian ja kuolleet ihosolut. Se sis\u00e4lt\u00e4\u00e4 italialaista valkoista tryffeliuutetta, aasialaista lumpeenlehti\u00e4 ja teepuu\u00f6ljy\u00e4, jotka hoitavat ihon terveytt\u00e4 ja est\u00e4v\u00e4t sit\u00e4 kuivumasta pesun j\u00e4lkeen. Sopii kaikille ihotyypeille, my\u00f6s herk\u00e4lle iholle. Ei sis\u00e4ll\u00e4 keinotekoisia hajusteita tai v\u00e4riaineita.<\/p>\n<p>Geeli\u00e4 on testattu herk\u00e4ll\u00e4 iholla ja sen vegaaninen koostumus vahvistaa tuotteen turvallisuuden ja tehokkuuden p\u00e4ivitt\u00e4isess\u00e4 k\u00e4yt\u00f6ss\u00e4.<\/p>\n<p>&nbsp;<\/p>\n<p><strong>K\u00e4ytt\u00e4j\u00e4n k\u00e4sikirja<\/strong>Levit\u00e4 geeli\u00e4 kostealle iholle, hiero, kunnes muodostuu vaahtoa, ja huuhtele sitten huolellisesti l\u00e4mpim\u00e4ll\u00e4 vedell\u00e4.<\/p>","protected":false},"excerpt":{"rendered":"<p>d'Alba Mild Skin Balancing Vegan Cleanser - hell\u00e4varainen puhdistusgeeli, joka poistaa tehokkaasti meikin, lian ja kuolleet ihosolut. Sen koostumus sis\u00e4lt\u00e4\u00e4 italialaista valkoisen tryffelin uutetta, aasialaista aqua nibi\u00e4 ja teepuu\u00f6ljy\u00e4, jotka ravitsevat ihoa ja est\u00e4v\u00e4t sit\u00e4 kuivumasta pesun j\u00e4lkeen. Sopii kaikille ihotyypeille, my\u00f6s herk\u00e4lle iholle. Ei sis\u00e4ll\u00e4 keinotekoisia hajusteita eik\u00e4 synteettisi\u00e4 v\u00e4riaineita. Geeli on...<\/p>","protected":false},"featured_media":12339,"comment_status":"open","ping_status":"closed","template":"","meta":{"_uf_show_specific_survey":0,"_uf_disable_surveys":false,"_bst_post_transparent":"default","_bst_post_title":"","_bst_post_layout":"default","_bst_post_sidebar_id":"","_bst_post_content_style":"default","_bst_post_vertical_padding":"default","_bst_post_feature":"","_bst_post_feature_position":"","_bst_post_header":false,"_bst_post_footer":false},"pwb-brand":[105],"product_brand":[],"product_cat":[92,452,100],"product_tag":[127],"class_list":{"0":"post-11141","1":"product","2":"type-product","3":"status-publish","4":"has-post-thumbnail","6":"pwb-brand-dalba","7":"product_cat-nagu","8":"product_cat-naopuhastusgeelid","9":"product_cat-puhastusvahendid","10":"product_tag-dalba","12":"first","13":"outofstock","14":"sale","15":"shipping-taxable","16":"purchasable","17":"product-type-simple","18":"entry","19":"content-bg","20":"loop-entry"},"supplier_id":null,"supplier_sku":"","barcode":null,"atum_controlled":true,"out_stock_date":"2026-04-09 13:16:05","out_stock_threshold":null,"inheritable":false,"inbound_stock":0,"stock_on_hold":0,"sold_today":0,"sales_last_days":1,"out_stock_days":5,"lost_sales":23,"has_location":false,"update_date":"2026-04-15T00:05:19","atum_locations":[],"atum_stock_status":"outofstock","restock_status":false,"low_stock_amount":"","sales_update_date":"2026-04-15T00:05:19","calc_backorders":null,"yoast_head":"<!-- This site is optimized with the Yoast SEO plugin v27.2 - https:\/\/yoast.com\/product\/yoast-seo-wordpress\/ -->\n<title>Puhastusgeel d&#039;Alba Mild Skin Balancing Vegan Cleanser, 200ml<\/title>\n<meta name=\"robots\" content=\"index, follow, max-snippet:-1, max-image-preview:large, max-video-preview:-1\" \/>\n<link rel=\"canonical\" href=\"https:\/\/idakorea.ee\/fi\/product\/puhastusgeel-dalba-mild-skin-balancing-vegan-cleanser-200ml\/\" \/>\n<meta property=\"og:locale\" content=\"fi_FI\" \/>\n<meta property=\"og:type\" content=\"article\" \/>\n<meta property=\"og:title\" content=\"Puhastusgeel d&#039;Alba Mild Skin Balancing Vegan Cleanser, 200ml\" \/>\n<meta property=\"og:description\" content=\"d&#8217;Alba Mild Skin Balancing Vegan Cleanser \u2014 \u00f5rn puhastusgeel, mis eemaldab t\u00f5husalt meigi, mustuse ja surnud naharakud. Selle koostises on Itaalia valge tr\u00fchvli ekstrakt, Aasia vesinaba ja teepuu\u00f5li, mis hoolitsevad naha tervise eest ja hoiavad \u00e4ra selle kuivamise p\u00e4rast pesemist. Sobib k\u00f5igile nahat\u00fc\u00fcpidele, sh tundlikule nahale. Ei sisalda kunstlikke l\u00f5hnaaineid ega s\u00fcnteetilisi v\u00e4rvaineid. Geel on...\" \/>\n<meta property=\"og:url\" content=\"https:\/\/idakorea.ee\/fi\/product\/puhastusgeel-dalba-mild-skin-balancing-vegan-cleanser-200ml\/\" \/>\n<meta property=\"og:site_name\" content=\"IDA.KOREA\" \/>\n<meta property=\"article:modified_time\" content=\"2026-04-09T11:16:05+00:00\" \/>\n<meta property=\"og:image\" content=\"https:\/\/idakorea.ee\/wp-content\/uploads\/2024\/11\/dalba.clean_.png\" \/>\n\t<meta property=\"og:image:width\" content=\"757\" \/>\n\t<meta property=\"og:image:height\" content=\"766\" \/>\n\t<meta property=\"og:image:type\" content=\"image\/png\" \/>\n<meta name=\"twitter:card\" content=\"summary_large_image\" \/>\n<meta name=\"twitter:label1\" content=\"Arvioitu lukuaika\" \/>\n\t<meta name=\"twitter:data1\" content=\"1 minuutti\" \/>\n<script type=\"application\/ld+json\" class=\"yoast-schema-graph\">{\"@context\":\"https:\/\/schema.org\",\"@graph\":[{\"@type\":\"WebPage\",\"@id\":\"https:\/\/idakorea.ee\/product\/puhastusgeel-dalba-mild-skin-balancing-vegan-cleanser-200ml\/\",\"url\":\"https:\/\/idakorea.ee\/product\/puhastusgeel-dalba-mild-skin-balancing-vegan-cleanser-200ml\/\",\"name\":\"Puhastusgeel d'Alba Mild Skin Balancing Vegan Cleanser, 200ml\",\"isPartOf\":{\"@id\":\"https:\/\/idakorea.ee\/#website\"},\"primaryImageOfPage\":{\"@id\":\"https:\/\/idakorea.ee\/product\/puhastusgeel-dalba-mild-skin-balancing-vegan-cleanser-200ml\/#primaryimage\"},\"image\":{\"@id\":\"https:\/\/idakorea.ee\/product\/puhastusgeel-dalba-mild-skin-balancing-vegan-cleanser-200ml\/#primaryimage\"},\"thumbnailUrl\":\"https:\/\/idakorea.ee\/wp-content\/uploads\/2024\/11\/dalba.clean_.png\",\"datePublished\":\"2024-11-06T11:13:44+00:00\",\"dateModified\":\"2026-04-09T11:16:05+00:00\",\"breadcrumb\":{\"@id\":\"https:\/\/idakorea.ee\/product\/puhastusgeel-dalba-mild-skin-balancing-vegan-cleanser-200ml\/#breadcrumb\"},\"inLanguage\":\"fi\",\"potentialAction\":[{\"@type\":\"ReadAction\",\"target\":[\"https:\/\/idakorea.ee\/product\/puhastusgeel-dalba-mild-skin-balancing-vegan-cleanser-200ml\/\"]}]},{\"@type\":\"ImageObject\",\"inLanguage\":\"fi\",\"@id\":\"https:\/\/idakorea.ee\/product\/puhastusgeel-dalba-mild-skin-balancing-vegan-cleanser-200ml\/#primaryimage\",\"url\":\"https:\/\/idakorea.ee\/wp-content\/uploads\/2024\/11\/dalba.clean_.png\",\"contentUrl\":\"https:\/\/idakorea.ee\/wp-content\/uploads\/2024\/11\/dalba.clean_.png\",\"width\":757,\"height\":766},{\"@type\":\"BreadcrumbList\",\"@id\":\"https:\/\/idakorea.ee\/product\/puhastusgeel-dalba-mild-skin-balancing-vegan-cleanser-200ml\/#breadcrumb\",\"itemListElement\":[{\"@type\":\"ListItem\",\"position\":1,\"name\":\"\u0413\u043b\u0430\u0432\u043d\u0430\u044f \u0441\u0442\u0440\u0430\u043d\u0438\u0446\u0430\",\"item\":\"https:\/\/idakorea.ee\/\"},{\"@type\":\"ListItem\",\"position\":2,\"name\":\"Shop\",\"item\":\"https:\/\/idakorea.ee\/shop-2\/\"},{\"@type\":\"ListItem\",\"position\":3,\"name\":\"Puhastusgeel d&#8217;Alba Mild Skin Balancing Vegan Cleanser, 200ml\"}]},{\"@type\":\"WebSite\",\"@id\":\"https:\/\/idakorea.ee\/#website\",\"url\":\"https:\/\/idakorea.ee\/\",\"name\":\"IDA.KOREA\",\"description\":\"Korea kosmeetika e-pood\",\"publisher\":{\"@id\":\"https:\/\/idakorea.ee\/#organization\"},\"alternateName\":\"Beauty Shop\",\"potentialAction\":[{\"@type\":\"SearchAction\",\"target\":{\"@type\":\"EntryPoint\",\"urlTemplate\":\"https:\/\/idakorea.ee\/?s={search_term_string}\"},\"query-input\":{\"@type\":\"PropertyValueSpecification\",\"valueRequired\":true,\"valueName\":\"search_term_string\"}}],\"inLanguage\":\"fi\"},{\"@type\":\"Organization\",\"@id\":\"https:\/\/idakorea.ee\/#organization\",\"name\":\"IDA.KOREA\",\"url\":\"https:\/\/idakorea.ee\/\",\"logo\":{\"@type\":\"ImageObject\",\"inLanguage\":\"fi\",\"@id\":\"https:\/\/idakorea.ee\/#\/schema\/logo\/image\/\",\"url\":\"https:\/\/idakorea.ee\/wp-content\/uploads\/2024\/05\/cropped-korea3.png\",\"contentUrl\":\"https:\/\/idakorea.ee\/wp-content\/uploads\/2024\/05\/cropped-korea3.png\",\"width\":688,\"height\":126,\"caption\":\"IDA.KOREA\"},\"image\":{\"@id\":\"https:\/\/idakorea.ee\/#\/schema\/logo\/image\/\"},\"sameAs\":[\"https:\/\/www.instagram.com\/ida.korea\/\"]}]}<\/script>\n<!-- \/ Yoast SEO plugin. -->","yoast_head_json":{"title":"Puhdistusgeeli d'Alba Mild Skin Balancing Vegan Cleanser, 200ml","robots":{"index":"index","follow":"follow","max-snippet":"max-snippet:-1","max-image-preview":"max-image-preview:large","max-video-preview":"max-video-preview:-1"},"canonical":"https:\/\/idakorea.ee\/fi\/product\/puhastusgeel-dalba-mild-skin-balancing-vegan-cleanser-200ml\/","og_locale":"fi_FI","og_type":"article","og_title":"Puhastusgeel d'Alba Mild Skin Balancing Vegan Cleanser, 200ml","og_description":"d&#8217;Alba Mild Skin Balancing Vegan Cleanser \u2014 \u00f5rn puhastusgeel, mis eemaldab t\u00f5husalt meigi, mustuse ja surnud naharakud. Selle koostises on Itaalia valge tr\u00fchvli ekstrakt, Aasia vesinaba ja teepuu\u00f5li, mis hoolitsevad naha tervise eest ja hoiavad \u00e4ra selle kuivamise p\u00e4rast pesemist. Sobib k\u00f5igile nahat\u00fc\u00fcpidele, sh tundlikule nahale. Ei sisalda kunstlikke l\u00f5hnaaineid ega s\u00fcnteetilisi v\u00e4rvaineid. Geel on...","og_url":"https:\/\/idakorea.ee\/fi\/product\/puhastusgeel-dalba-mild-skin-balancing-vegan-cleanser-200ml\/","og_site_name":"IDA.KOREA","article_modified_time":"2026-04-09T11:16:05+00:00","og_image":[{"width":757,"height":766,"url":"https:\/\/idakorea.ee\/wp-content\/uploads\/2024\/11\/dalba.clean_.png","type":"image\/png"}],"twitter_card":"summary_large_image","twitter_misc":{"Arvioitu lukuaika":"1 minuutti"},"schema":{"@context":"https:\/\/schema.org","@graph":[{"@type":"WebPage","@id":"https:\/\/idakorea.ee\/product\/puhastusgeel-dalba-mild-skin-balancing-vegan-cleanser-200ml\/","url":"https:\/\/idakorea.ee\/product\/puhastusgeel-dalba-mild-skin-balancing-vegan-cleanser-200ml\/","name":"Puhdistusgeeli d'Alba Mild Skin Balancing Vegan Cleanser, 200ml","isPartOf":{"@id":"https:\/\/idakorea.ee\/#website"},"primaryImageOfPage":{"@id":"https:\/\/idakorea.ee\/product\/puhastusgeel-dalba-mild-skin-balancing-vegan-cleanser-200ml\/#primaryimage"},"image":{"@id":"https:\/\/idakorea.ee\/product\/puhastusgeel-dalba-mild-skin-balancing-vegan-cleanser-200ml\/#primaryimage"},"thumbnailUrl":"https:\/\/idakorea.ee\/wp-content\/uploads\/2024\/11\/dalba.clean_.png","datePublished":"2024-11-06T11:13:44+00:00","dateModified":"2026-04-09T11:16:05+00:00","breadcrumb":{"@id":"https:\/\/idakorea.ee\/product\/puhastusgeel-dalba-mild-skin-balancing-vegan-cleanser-200ml\/#breadcrumb"},"inLanguage":"fi","potentialAction":[{"@type":"ReadAction","target":["https:\/\/idakorea.ee\/product\/puhastusgeel-dalba-mild-skin-balancing-vegan-cleanser-200ml\/"]}]},{"@type":"ImageObject","inLanguage":"fi","@id":"https:\/\/idakorea.ee\/product\/puhastusgeel-dalba-mild-skin-balancing-vegan-cleanser-200ml\/#primaryimage","url":"https:\/\/idakorea.ee\/wp-content\/uploads\/2024\/11\/dalba.clean_.png","contentUrl":"https:\/\/idakorea.ee\/wp-content\/uploads\/2024\/11\/dalba.clean_.png","width":757,"height":766},{"@type":"BreadcrumbList","@id":"https:\/\/idakorea.ee\/product\/puhastusgeel-dalba-mild-skin-balancing-vegan-cleanser-200ml\/#breadcrumb","itemListElement":[{"@type":"ListItem","position":1,"name":"\u0413\u043b\u0430\u0432\u043d\u0430\u044f \u0441\u0442\u0440\u0430\u043d\u0438\u0446\u0430","item":"https:\/\/idakorea.ee\/"},{"@type":"ListItem","position":2,"name":"Shop","item":"https:\/\/idakorea.ee\/shop-2\/"},{"@type":"ListItem","position":3,"name":"Puhastusgeel d&#8217;Alba Mild Skin Balancing Vegan Cleanser, 200ml"}]},{"@type":"WebSite","@id":"https:\/\/idakorea.ee\/#website","url":"https:\/\/idakorea.ee\/","name":"IDA.KOREA","description":"Korean kosmetiikan verkkokauppa","publisher":{"@id":"https:\/\/idakorea.ee\/#organization"},"alternateName":"Beauty Shop","potentialAction":[{"@type":"SearchAction","target":{"@type":"EntryPoint","urlTemplate":"https:\/\/idakorea.ee\/?s={search_term_string}"},"query-input":{"@type":"PropertyValueSpecification","valueRequired":true,"valueName":"search_term_string"}}],"inLanguage":"fi"},{"@type":"Organization","@id":"https:\/\/idakorea.ee\/#organization","name":"IDA.KOREA","url":"https:\/\/idakorea.ee\/","logo":{"@type":"ImageObject","inLanguage":"fi","@id":"https:\/\/idakorea.ee\/#\/schema\/logo\/image\/","url":"https:\/\/idakorea.ee\/wp-content\/uploads\/2024\/05\/cropped-korea3.png","contentUrl":"https:\/\/idakorea.ee\/wp-content\/uploads\/2024\/05\/cropped-korea3.png","width":688,"height":126,"caption":"IDA.KOREA"},"image":{"@id":"https:\/\/idakorea.ee\/#\/schema\/logo\/image\/"},"sameAs":["https:\/\/www.instagram.com\/ida.korea\/"]}]}},"jetpack_sharing_enabled":true,"brands":[{"id":105,"name":"d'ALBA","slug":"dalba"}],"_links":{"self":[{"href":"https:\/\/idakorea.ee\/fi\/wp-json\/wp\/v2\/product\/11141","targetHints":{"allow":["GET"]}}],"collection":[{"href":"https:\/\/idakorea.ee\/fi\/wp-json\/wp\/v2\/product"}],"about":[{"href":"https:\/\/idakorea.ee\/fi\/wp-json\/wp\/v2\/types\/product"}],"replies":[{"embeddable":true,"href":"https:\/\/idakorea.ee\/fi\/wp-json\/wp\/v2\/comments?post=11141"}],"version-history":[{"count":1,"href":"https:\/\/idakorea.ee\/fi\/wp-json\/wp\/v2\/product\/11141\/revisions"}],"predecessor-version":[{"id":11144,"href":"https:\/\/idakorea.ee\/fi\/wp-json\/wp\/v2\/product\/11141\/revisions\/11144"}],"wp:featuredmedia":[{"embeddable":true,"href":"https:\/\/idakorea.ee\/fi\/wp-json\/wp\/v2\/media\/12339"}],"wp:attachment":[{"href":"https:\/\/idakorea.ee\/fi\/wp-json\/wp\/v2\/media?parent=11141"}],"wp:term":[{"taxonomy":"pwb-brand","embeddable":true,"href":"https:\/\/idakorea.ee\/fi\/wp-json\/wp\/v2\/pwb-brand?post=11141"},{"taxonomy":"product_brand","embeddable":true,"href":"https:\/\/idakorea.ee\/fi\/wp-json\/wp\/v2\/product_brand?post=11141"},{"taxonomy":"product_cat","embeddable":true,"href":"https:\/\/idakorea.ee\/fi\/wp-json\/wp\/v2\/product_cat?post=11141"},{"taxonomy":"product_tag","embeddable":true,"href":"https:\/\/idakorea.ee\/fi\/wp-json\/wp\/v2\/product_tag?post=11141"}],"curies":[{"name":"wp","href":"https:\/\/api.w.org\/{rel}","templated":true}]}}