{"id":11145,"date":"2024-11-06T14:30:28","date_gmt":"2024-11-06T11:30:28","guid":{"rendered":"https:\/\/idakorea.ee\/?post_type=product&#038;p=11145"},"modified":"2026-02-17T12:22:44","modified_gmt":"2026-02-17T10:22:44","slug":"kortsuvastane-pulk-korrektor-dalba-intensive-multi-balm-9g","status":"publish","type":"product","link":"https:\/\/idakorea.ee\/fi\/product\/kortsuvastane-pulk-korrektor-dalba-intensive-multi-balm-9g\/","title":{"rendered":"Anti-Wrinkle Stick Corrector d'Alba Intensive Multi Balm, 9g"},"content":{"rendered":"<p>Ryppyj\u00e4 ehk\u00e4isev\u00e4 puikkokorjain, jossa on valkoista tryffeli\u00e4 ja peptidej\u00e4<strong> d&#039;Alba Intensiivinen monivoide<\/strong> on suunniteltu torjumaan ihon ik\u00e4\u00e4ntymisen merkkej\u00e4 ja antamaan iholle nuorekkaan ja t\u00e4ytel\u00e4isen ulkon\u00e4\u00f6n.<\/p>\n<p>T\u00e4m\u00e4 monitoimituote poistaa nopeasti kuivuutta ja hilseily\u00e4, kosteuttaa ihoa ja antaa sille terveen hehkun. Parantaa tehokkaasti ihon kimmoisuutta ja kiinteytt\u00e4, lis\u00e4\u00e4 ihon s\u00e4vy\u00e4 ja v\u00e4hent\u00e4\u00e4 ryppyjen syvyytt\u00e4.<\/p>\n<p>Sopii p\u00e4ivitt\u00e4iseen hoitoon, mutta my\u00f6s nopeaan kosteutukseen ja virkist\u00e4miseen. Tuotteella on hy\u00f6dyllinen vaikutus sameaan ja pigmenttiseen ihoon, sill\u00e4 se kirkastaa ihoa hell\u00e4varaisesti ja sill\u00e4 on voimakas antioksidanttinen vaikutus.<\/p>\n<p>P\u00e4\u00e4ainesosiin kuuluvat valkoisen tryffelin uute, joka s\u00e4\u00e4telee talirauhasten toimintaa, silottaa ryppyj\u00e4 ja auttaa vaalentamaan pigmenttil\u00e4iski\u00e4. Koostumus sis\u00e4lt\u00e4\u00e4 my\u00f6s E-vitamiinia, volufiliinia, vegaanista kasvikollageenia, sheavoita ja valkoisten kukkien kompleksia, jotka tukevat ihon kosteustasapainoa, kimmoisuutta ja tervett\u00e4 s\u00e4vy\u00e4.<\/p>\n<p>Lis\u00e4ksi tuote sis\u00e4lt\u00e4\u00e4 seuraavia peptidej\u00e4:<\/p>\n<ul>\n<li><strong>Palmitoyylipentapeptidi-4<\/strong> tai matrixyl, joka parantaa ihon rakennetta ja v\u00e4hent\u00e4\u00e4 ryppyj\u00e4 edist\u00e4m\u00e4ll\u00e4 ihon luonnollista uusiutumista.<\/li>\n<li><strong>Palmitoyylitripeptidi-1<\/strong> nopeuttaa ihon paranemista, stimuloi kollageenisynteesi\u00e4 ja auttaa korjaamaan vaurioituneita soluja.<\/li>\n<li><strong>Palmitoyylitetrapeptidi-7<\/strong> sill\u00e4 on tulehdusta ehk\u00e4isevi\u00e4 ominaisuuksia, se vahvistaa ihon suojakerrosta ja parantaa ihon s\u00e4vy\u00e4.<\/li>\n<li><strong>Tripeptidi-1<\/strong> stimuloi kollageenin tuotantoa, parantaa ihon kimmoisuutta ja auttaa s\u00e4ilytt\u00e4m\u00e4\u00e4n nuorekkaan ulkon\u00e4\u00f6n.<\/li>\n<\/ul>\n<p>&nbsp;<\/p>\n<p><strong>K\u00e4ytt\u00f6:<\/strong> Levit\u00e4 puhdistetulle iholle kasvoveden k\u00e4yt\u00f6n j\u00e4lkeen y\u00f6voiteena tai meikin alle. Levit\u00e4 puikolla alueille, joihin ryppyj\u00e4 muodostuu usein: otsa, nen\u00e4n ja huulien poimut, kyynelten kourut, silmien alle, kaulalle ja dekolteelle, kiinnitt\u00e4en erityist\u00e4 huomiota kuiviin ja hilseileviin ihoalueisiin.<\/p>","protected":false},"excerpt":{"rendered":"<p>Anti-ageing stick corrector, jossa on valkoista tryffeli\u00e4 ja d'Alba Intensive Multi Balm -peptidej\u00e4, on suunniteltu vaikuttamaan ik\u00e4\u00e4ntymisen merkkeihin ja antamaan iholle nuorekkaan ja t\u00e4ytel\u00e4isen ulkon\u00e4\u00f6n. T\u00e4m\u00e4 monik\u00e4ytt\u00f6inen tuote poistaa nopeasti kuivuutta ja hilseily\u00e4, t\u00e4ydent\u00e4\u00e4 ihon kosteutta ja antaa sille tervett\u00e4 hehkua. Parantaa tehokkaasti ihon kimmoisuutta ja kiinteytt\u00e4 parantamalla ihon s\u00e4vy\u00e4 ja v\u00e4hent\u00e4m\u00e4ll\u00e4 ryppyjen syvyytt\u00e4. Sopii p\u00e4ivitt\u00e4iseen hoitoon,...<\/p>","protected":false},"featured_media":11146,"comment_status":"open","ping_status":"closed","template":"","meta":{"_uf_show_specific_survey":0,"_uf_disable_surveys":false,"_bst_post_transparent":"default","_bst_post_title":"","_bst_post_layout":"default","_bst_post_sidebar_id":"","_bst_post_content_style":"default","_bst_post_vertical_padding":"default","_bst_post_feature":"","_bst_post_feature_position":"","_bst_post_header":false,"_bst_post_footer":false},"pwb-brand":[105],"product_brand":[],"product_cat":[92,649],"product_tag":[127,559],"class_list":{"0":"post-11145","1":"product","2":"type-product","3":"status-publish","4":"has-post-thumbnail","6":"pwb-brand-dalba","7":"product_cat-nagu","8":"product_cat-naopulk","9":"product_tag-dalba","10":"product_tag-white-truffle","12":"first","13":"outofstock","14":"sale","15":"shipping-taxable","16":"purchasable","17":"product-type-simple","18":"entry","19":"content-bg","20":"loop-entry"},"supplier_id":null,"supplier_sku":"","barcode":null,"atum_controlled":true,"out_stock_date":"2026-02-17 12:22:45","out_stock_threshold":null,"inheritable":false,"inbound_stock":0,"stock_on_hold":0,"sold_today":0,"sales_last_days":0,"out_stock_days":55,"lost_sales":0,"has_location":false,"update_date":"2026-04-14T00:05:03","atum_locations":[],"atum_stock_status":"outofstock","restock_status":false,"low_stock_amount":"","sales_update_date":"2026-04-14T00:05:03","calc_backorders":null,"yoast_head":"<!-- This site is optimized with the Yoast SEO plugin v27.2 - https:\/\/yoast.com\/product\/yoast-seo-wordpress\/ -->\n<title>Kortsuvastane pulk-korrektor d\u2019Alba Intensive Multi Balm, 9g<\/title>\n<meta name=\"description\" content=\"Kortsuvastane pulk-korrektor valge tr\u00fchvli ja peptiididega d\u2019Alba Intensive Multi Balm on loodud naha vananemise ilmingute sihip\u00e4raseks v\u00e4hendamiseks, et anda nahale nooruslik ja prink v\u00e4limus.\" \/>\n<meta name=\"robots\" content=\"index, follow, max-snippet:-1, max-image-preview:large, max-video-preview:-1\" \/>\n<link rel=\"canonical\" href=\"https:\/\/idakorea.ee\/fi\/product\/kortsuvastane-pulk-korrektor-dalba-intensive-multi-balm-9g\/\" \/>\n<meta property=\"og:locale\" content=\"fi_FI\" \/>\n<meta property=\"og:type\" content=\"article\" \/>\n<meta property=\"og:title\" content=\"Kortsuvastane pulk-korrektor d\u2019Alba Intensive Multi Balm, 9g\" \/>\n<meta property=\"og:description\" content=\"Kortsuvastane pulk-korrektor valge tr\u00fchvli ja peptiididega d\u2019Alba Intensive Multi Balm on loodud naha vananemise ilmingute sihip\u00e4raseks v\u00e4hendamiseks, et anda nahale nooruslik ja prink v\u00e4limus.\" \/>\n<meta property=\"og:url\" content=\"https:\/\/idakorea.ee\/fi\/product\/kortsuvastane-pulk-korrektor-dalba-intensive-multi-balm-9g\/\" \/>\n<meta property=\"og:site_name\" content=\"IDA.KOREA\" \/>\n<meta property=\"article:modified_time\" content=\"2026-02-17T10:22:44+00:00\" \/>\n<meta property=\"og:image\" content=\"https:\/\/idakorea.ee\/wp-content\/uploads\/2024\/11\/1873fd_f681b436b60249d9a837b1e9112e61a2mv2.webp\" \/>\n\t<meta property=\"og:image:width\" content=\"480\" \/>\n\t<meta property=\"og:image:height\" content=\"480\" \/>\n\t<meta property=\"og:image:type\" content=\"image\/webp\" \/>\n<meta name=\"twitter:card\" content=\"summary_large_image\" \/>\n<meta name=\"twitter:label1\" content=\"Arvioitu lukuaika\" \/>\n\t<meta name=\"twitter:data1\" content=\"2 minuuttia\" \/>\n<script type=\"application\/ld+json\" class=\"yoast-schema-graph\">{\"@context\":\"https:\/\/schema.org\",\"@graph\":[{\"@type\":\"WebPage\",\"@id\":\"https:\/\/idakorea.ee\/product\/kortsuvastane-pulk-korrektor-dalba-intensive-multi-balm-9g\/\",\"url\":\"https:\/\/idakorea.ee\/product\/kortsuvastane-pulk-korrektor-dalba-intensive-multi-balm-9g\/\",\"name\":\"Kortsuvastane pulk-korrektor d\u2019Alba Intensive Multi Balm, 9g\",\"isPartOf\":{\"@id\":\"https:\/\/idakorea.ee\/#website\"},\"primaryImageOfPage\":{\"@id\":\"https:\/\/idakorea.ee\/product\/kortsuvastane-pulk-korrektor-dalba-intensive-multi-balm-9g\/#primaryimage\"},\"image\":{\"@id\":\"https:\/\/idakorea.ee\/product\/kortsuvastane-pulk-korrektor-dalba-intensive-multi-balm-9g\/#primaryimage\"},\"thumbnailUrl\":\"https:\/\/idakorea.ee\/wp-content\/uploads\/2024\/11\/1873fd_f681b436b60249d9a837b1e9112e61a2mv2.webp\",\"datePublished\":\"2024-11-06T11:30:28+00:00\",\"dateModified\":\"2026-02-17T10:22:44+00:00\",\"description\":\"Kortsuvastane pulk-korrektor valge tr\u00fchvli ja peptiididega d\u2019Alba Intensive Multi Balm on loodud naha vananemise ilmingute sihip\u00e4raseks v\u00e4hendamiseks, et anda nahale nooruslik ja prink v\u00e4limus.\",\"breadcrumb\":{\"@id\":\"https:\/\/idakorea.ee\/product\/kortsuvastane-pulk-korrektor-dalba-intensive-multi-balm-9g\/#breadcrumb\"},\"inLanguage\":\"fi\",\"potentialAction\":[{\"@type\":\"ReadAction\",\"target\":[\"https:\/\/idakorea.ee\/product\/kortsuvastane-pulk-korrektor-dalba-intensive-multi-balm-9g\/\"]}]},{\"@type\":\"ImageObject\",\"inLanguage\":\"fi\",\"@id\":\"https:\/\/idakorea.ee\/product\/kortsuvastane-pulk-korrektor-dalba-intensive-multi-balm-9g\/#primaryimage\",\"url\":\"https:\/\/idakorea.ee\/wp-content\/uploads\/2024\/11\/1873fd_f681b436b60249d9a837b1e9112e61a2mv2.webp\",\"contentUrl\":\"https:\/\/idakorea.ee\/wp-content\/uploads\/2024\/11\/1873fd_f681b436b60249d9a837b1e9112e61a2mv2.webp\",\"width\":480,\"height\":480,\"caption\":\"dalba multi balm skin glow\"},{\"@type\":\"BreadcrumbList\",\"@id\":\"https:\/\/idakorea.ee\/product\/kortsuvastane-pulk-korrektor-dalba-intensive-multi-balm-9g\/#breadcrumb\",\"itemListElement\":[{\"@type\":\"ListItem\",\"position\":1,\"name\":\"\u0413\u043b\u0430\u0432\u043d\u0430\u044f \u0441\u0442\u0440\u0430\u043d\u0438\u0446\u0430\",\"item\":\"https:\/\/idakorea.ee\/\"},{\"@type\":\"ListItem\",\"position\":2,\"name\":\"Shop\",\"item\":\"https:\/\/idakorea.ee\/shop-2\/\"},{\"@type\":\"ListItem\",\"position\":3,\"name\":\"Kortsuvastane pulk-korrektor d\u2019Alba Intensive Multi Balm, 9g\"}]},{\"@type\":\"WebSite\",\"@id\":\"https:\/\/idakorea.ee\/#website\",\"url\":\"https:\/\/idakorea.ee\/\",\"name\":\"IDA.KOREA\",\"description\":\"Korea kosmeetika e-pood\",\"publisher\":{\"@id\":\"https:\/\/idakorea.ee\/#organization\"},\"alternateName\":\"Beauty Shop\",\"potentialAction\":[{\"@type\":\"SearchAction\",\"target\":{\"@type\":\"EntryPoint\",\"urlTemplate\":\"https:\/\/idakorea.ee\/?s={search_term_string}\"},\"query-input\":{\"@type\":\"PropertyValueSpecification\",\"valueRequired\":true,\"valueName\":\"search_term_string\"}}],\"inLanguage\":\"fi\"},{\"@type\":\"Organization\",\"@id\":\"https:\/\/idakorea.ee\/#organization\",\"name\":\"IDA.KOREA\",\"url\":\"https:\/\/idakorea.ee\/\",\"logo\":{\"@type\":\"ImageObject\",\"inLanguage\":\"fi\",\"@id\":\"https:\/\/idakorea.ee\/#\/schema\/logo\/image\/\",\"url\":\"https:\/\/idakorea.ee\/wp-content\/uploads\/2024\/05\/cropped-korea3.png\",\"contentUrl\":\"https:\/\/idakorea.ee\/wp-content\/uploads\/2024\/05\/cropped-korea3.png\",\"width\":688,\"height\":126,\"caption\":\"IDA.KOREA\"},\"image\":{\"@id\":\"https:\/\/idakorea.ee\/#\/schema\/logo\/image\/\"},\"sameAs\":[\"https:\/\/www.instagram.com\/ida.korea\/\"]}]}<\/script>\n<!-- \/ Yoast SEO plugin. -->","yoast_head_json":{"title":"Anti-Wrinkle Stick Corrector d'Alba Intensive Multi Balm, 9g","description":"T\u00e4m\u00e4 valkoista tryffeli\u00e4 ja peptidej\u00e4 sis\u00e4lt\u00e4v\u00e4 d&#039;Alba Intensive Multi Balm -ryppyj\u00e4 ehk\u00e4isev\u00e4 puikkovoide on suunniteltu torjumaan ihon ik\u00e4\u00e4ntymisen merkkej\u00e4 ja antamaan iholle nuorekkaan ja t\u00e4ytel\u00e4isen ulkon\u00e4\u00f6n.","robots":{"index":"index","follow":"follow","max-snippet":"max-snippet:-1","max-image-preview":"max-image-preview:large","max-video-preview":"max-video-preview:-1"},"canonical":"https:\/\/idakorea.ee\/fi\/product\/kortsuvastane-pulk-korrektor-dalba-intensive-multi-balm-9g\/","og_locale":"fi_FI","og_type":"article","og_title":"Kortsuvastane pulk-korrektor d\u2019Alba Intensive Multi Balm, 9g","og_description":"Kortsuvastane pulk-korrektor valge tr\u00fchvli ja peptiididega d\u2019Alba Intensive Multi Balm on loodud naha vananemise ilmingute sihip\u00e4raseks v\u00e4hendamiseks, et anda nahale nooruslik ja prink v\u00e4limus.","og_url":"https:\/\/idakorea.ee\/fi\/product\/kortsuvastane-pulk-korrektor-dalba-intensive-multi-balm-9g\/","og_site_name":"IDA.KOREA","article_modified_time":"2026-02-17T10:22:44+00:00","og_image":[{"width":480,"height":480,"url":"https:\/\/idakorea.ee\/wp-content\/uploads\/2024\/11\/1873fd_f681b436b60249d9a837b1e9112e61a2mv2.webp","type":"image\/webp"}],"twitter_card":"summary_large_image","twitter_misc":{"Arvioitu lukuaika":"2 minuuttia"},"schema":{"@context":"https:\/\/schema.org","@graph":[{"@type":"WebPage","@id":"https:\/\/idakorea.ee\/product\/kortsuvastane-pulk-korrektor-dalba-intensive-multi-balm-9g\/","url":"https:\/\/idakorea.ee\/product\/kortsuvastane-pulk-korrektor-dalba-intensive-multi-balm-9g\/","name":"Anti-Wrinkle Stick Corrector d'Alba Intensive Multi Balm, 9g","isPartOf":{"@id":"https:\/\/idakorea.ee\/#website"},"primaryImageOfPage":{"@id":"https:\/\/idakorea.ee\/product\/kortsuvastane-pulk-korrektor-dalba-intensive-multi-balm-9g\/#primaryimage"},"image":{"@id":"https:\/\/idakorea.ee\/product\/kortsuvastane-pulk-korrektor-dalba-intensive-multi-balm-9g\/#primaryimage"},"thumbnailUrl":"https:\/\/idakorea.ee\/wp-content\/uploads\/2024\/11\/1873fd_f681b436b60249d9a837b1e9112e61a2mv2.webp","datePublished":"2024-11-06T11:30:28+00:00","dateModified":"2026-02-17T10:22:44+00:00","description":"T\u00e4m\u00e4 valkoista tryffeli\u00e4 ja peptidej\u00e4 sis\u00e4lt\u00e4v\u00e4 d&#039;Alba Intensive Multi Balm -ryppyj\u00e4 ehk\u00e4isev\u00e4 puikkovoide on suunniteltu torjumaan ihon ik\u00e4\u00e4ntymisen merkkej\u00e4 ja antamaan iholle nuorekkaan ja t\u00e4ytel\u00e4isen ulkon\u00e4\u00f6n.","breadcrumb":{"@id":"https:\/\/idakorea.ee\/product\/kortsuvastane-pulk-korrektor-dalba-intensive-multi-balm-9g\/#breadcrumb"},"inLanguage":"fi","potentialAction":[{"@type":"ReadAction","target":["https:\/\/idakorea.ee\/product\/kortsuvastane-pulk-korrektor-dalba-intensive-multi-balm-9g\/"]}]},{"@type":"ImageObject","inLanguage":"fi","@id":"https:\/\/idakorea.ee\/product\/kortsuvastane-pulk-korrektor-dalba-intensive-multi-balm-9g\/#primaryimage","url":"https:\/\/idakorea.ee\/wp-content\/uploads\/2024\/11\/1873fd_f681b436b60249d9a837b1e9112e61a2mv2.webp","contentUrl":"https:\/\/idakorea.ee\/wp-content\/uploads\/2024\/11\/1873fd_f681b436b60249d9a837b1e9112e61a2mv2.webp","width":480,"height":480,"caption":"dalba multi balm skin glow"},{"@type":"BreadcrumbList","@id":"https:\/\/idakorea.ee\/product\/kortsuvastane-pulk-korrektor-dalba-intensive-multi-balm-9g\/#breadcrumb","itemListElement":[{"@type":"ListItem","position":1,"name":"\u0413\u043b\u0430\u0432\u043d\u0430\u044f \u0441\u0442\u0440\u0430\u043d\u0438\u0446\u0430","item":"https:\/\/idakorea.ee\/"},{"@type":"ListItem","position":2,"name":"Shop","item":"https:\/\/idakorea.ee\/shop-2\/"},{"@type":"ListItem","position":3,"name":"Kortsuvastane pulk-korrektor d\u2019Alba Intensive Multi Balm, 9g"}]},{"@type":"WebSite","@id":"https:\/\/idakorea.ee\/#website","url":"https:\/\/idakorea.ee\/","name":"IDA.KOREA","description":"Korean kosmetiikan verkkokauppa","publisher":{"@id":"https:\/\/idakorea.ee\/#organization"},"alternateName":"Beauty Shop","potentialAction":[{"@type":"SearchAction","target":{"@type":"EntryPoint","urlTemplate":"https:\/\/idakorea.ee\/?s={search_term_string}"},"query-input":{"@type":"PropertyValueSpecification","valueRequired":true,"valueName":"search_term_string"}}],"inLanguage":"fi"},{"@type":"Organization","@id":"https:\/\/idakorea.ee\/#organization","name":"IDA.KOREA","url":"https:\/\/idakorea.ee\/","logo":{"@type":"ImageObject","inLanguage":"fi","@id":"https:\/\/idakorea.ee\/#\/schema\/logo\/image\/","url":"https:\/\/idakorea.ee\/wp-content\/uploads\/2024\/05\/cropped-korea3.png","contentUrl":"https:\/\/idakorea.ee\/wp-content\/uploads\/2024\/05\/cropped-korea3.png","width":688,"height":126,"caption":"IDA.KOREA"},"image":{"@id":"https:\/\/idakorea.ee\/#\/schema\/logo\/image\/"},"sameAs":["https:\/\/www.instagram.com\/ida.korea\/"]}]}},"jetpack_sharing_enabled":true,"brands":[{"id":105,"name":"d'ALBA","slug":"dalba"}],"_links":{"self":[{"href":"https:\/\/idakorea.ee\/fi\/wp-json\/wp\/v2\/product\/11145","targetHints":{"allow":["GET"]}}],"collection":[{"href":"https:\/\/idakorea.ee\/fi\/wp-json\/wp\/v2\/product"}],"about":[{"href":"https:\/\/idakorea.ee\/fi\/wp-json\/wp\/v2\/types\/product"}],"replies":[{"embeddable":true,"href":"https:\/\/idakorea.ee\/fi\/wp-json\/wp\/v2\/comments?post=11145"}],"version-history":[{"count":1,"href":"https:\/\/idakorea.ee\/fi\/wp-json\/wp\/v2\/product\/11145\/revisions"}],"predecessor-version":[{"id":11147,"href":"https:\/\/idakorea.ee\/fi\/wp-json\/wp\/v2\/product\/11145\/revisions\/11147"}],"wp:featuredmedia":[{"embeddable":true,"href":"https:\/\/idakorea.ee\/fi\/wp-json\/wp\/v2\/media\/11146"}],"wp:attachment":[{"href":"https:\/\/idakorea.ee\/fi\/wp-json\/wp\/v2\/media?parent=11145"}],"wp:term":[{"taxonomy":"pwb-brand","embeddable":true,"href":"https:\/\/idakorea.ee\/fi\/wp-json\/wp\/v2\/pwb-brand?post=11145"},{"taxonomy":"product_brand","embeddable":true,"href":"https:\/\/idakorea.ee\/fi\/wp-json\/wp\/v2\/product_brand?post=11145"},{"taxonomy":"product_cat","embeddable":true,"href":"https:\/\/idakorea.ee\/fi\/wp-json\/wp\/v2\/product_cat?post=11145"},{"taxonomy":"product_tag","embeddable":true,"href":"https:\/\/idakorea.ee\/fi\/wp-json\/wp\/v2\/product_tag?post=11145"}],"curies":[{"name":"wp","href":"https:\/\/api.w.org\/{rel}","templated":true}]}}