{"id":11232,"date":"2024-11-12T09:27:14","date_gmt":"2024-11-12T07:27:14","guid":{"rendered":"https:\/\/idakorea.ee\/?post_type=product&#038;p=11232"},"modified":"2026-03-31T09:35:02","modified_gmt":"2026-03-31T07:35:02","slug":"farmstay-ceramide-wrinkle-care-relaxing-rolling-eye-serum-25ml","status":"publish","type":"product","link":"https:\/\/idakorea.ee\/fi\/product\/farmstay-ceramide-wrinkle-care-relaxing-rolling-eye-serum-25ml\/","title":{"rendered":"FarmStay Ceramide Wrinkle Care Relaxing Rolling Eye Serum, 25ml"},"content":{"rendered":"<p><strong>FarmStay Ceramide Wrinkle Care rentouttava py\u00f6riv\u00e4 silm\u00e4nymp\u00e4rysseerumi<\/strong> \u2013 vahvistava silm\u00e4nymp\u00e4rysseerumirulla, joka sis\u00e4lt\u00e4\u00e4 keramideja ja on suunniteltu kosteuttavaan, uudistavaan ja ik\u00e4\u00e4ntymist\u00e4 ehk\u00e4isev\u00e4\u00e4n hoitoon silm\u00e4nymp\u00e4rysiholle. Erityinen rulla-aplikaattori tarjoaa miellytt\u00e4v\u00e4n ja rentouttavan hieronnan, parantaa verenkiertoa ja auttaa v\u00e4hent\u00e4m\u00e4\u00e4n turvotusta ja tummia silm\u00e4nalusia.<\/p>\n<p><strong>FarmStay Ceramide Wrinkle Care rentouttava py\u00f6riv\u00e4 silm\u00e4nymp\u00e4rysseerumi<\/strong> Kosteuttaa tehokkaasti silm\u00e4nymp\u00e4rysihoa, vahvistaa ihon suojakerrosta, palauttaa ihon suojatoiminnot, lis\u00e4\u00e4 ihon kimmoisuutta ja kiinteytt\u00e4, silottaa &quot;varisjalkoja&quot; ja v\u00e4hent\u00e4\u00e4 turvotusta ja tummia silm\u00e4nalusia.<\/p>\n<p>&nbsp;<\/p>\n<p><strong>Aktiiviset ainesosat:<\/strong><\/p>\n<ul>\n<li><strong>Keramidit<\/strong> \u2013 palauttaa kuivan ihon epidermaalisen lipidikerroksen, est\u00e4\u00e4 kosteuden haihtumista, kosteuttaa tehokkaasti, v\u00e4hent\u00e4\u00e4 hilseily\u00e4, silottaa hienoja ryppyj\u00e4 ja tekee ihosta pehme\u00e4n ja silkkisen.<\/li>\n<li><strong>Niasiiniamidi<\/strong> \u2013 vaalentaa erilaisia pigmenttimuutoksia.<\/li>\n<li><strong>Adenos<\/strong> \u2013 v\u00e4hent\u00e4\u00e4 ryppyjen m\u00e4\u00e4r\u00e4\u00e4 ja syvyytt\u00e4.<\/li>\n<\/ul>\n<p>&nbsp;<\/p>\n<p><strong>K\u00e4ytt\u00f6opas:<\/strong> Levit\u00e4 puhdistetulle ja kasvovedell\u00e4 kasvovedell\u00e4 kasvojen ja silmien ymp\u00e4rille.<\/p>","protected":false},"excerpt":{"rendered":"<p>FarmStay Ceramide Wrinkle Care Relaxing Rolling Eye Serum on vahvistava keramidia sis\u00e4lt\u00e4v\u00e4 silm\u00e4seerumi-rulla, joka on suunniteltu kosteuttamaan, palauttamaan ja est\u00e4m\u00e4\u00e4n silm\u00e4nymp\u00e4rysihon ik\u00e4\u00e4ntymist\u00e4. Erityinen rullaava applikaattori antaa miellytt\u00e4v\u00e4n ja rentouttavan hieronnan, parantaa verenkiertoa ja auttaa v\u00e4hent\u00e4m\u00e4\u00e4n turvotusta ja tummia silm\u00e4nalusia. FarmStay Ceramide Wrinkle Care Relaxing Rolling Eye Serum kosteuttaa intensiivisesti silm\u00e4nymp\u00e4rysihoa, vahvistaa ihoestett\u00e4,...<\/p>","protected":false},"featured_media":11181,"comment_status":"open","ping_status":"closed","template":"","meta":{"_uf_show_specific_survey":0,"_uf_disable_surveys":false,"_bst_post_transparent":"default","_bst_post_title":"","_bst_post_layout":"default","_bst_post_sidebar_id":"","_bst_post_content_style":"default","_bst_post_vertical_padding":"default","_bst_post_feature":"","_bst_post_feature_position":"","_bst_post_header":false,"_bst_post_footer":false},"pwb-brand":[672],"product_brand":[],"product_cat":[92,99,201],"product_tag":[674,673,635],"class_list":{"0":"post-11232","1":"product","2":"type-product","3":"status-publish","4":"has-post-thumbnail","6":"pwb-brand-farmstay","7":"product_cat-nagu","8":"product_cat-silmad-ja-huuled-2","9":"product_cat-silmakreem","10":"product_tag-ceramide","11":"product_tag-farmstay","12":"product_tag-serum","14":"first","15":"instock","16":"sale","17":"shipping-taxable","18":"purchasable","19":"product-type-simple","20":"entry","21":"content-bg","22":"loop-entry"},"supplier_id":null,"supplier_sku":"","barcode":null,"atum_controlled":true,"out_stock_date":null,"out_stock_threshold":null,"inheritable":false,"inbound_stock":0,"stock_on_hold":0,"sold_today":0,"sales_last_days":0,"out_stock_days":0,"lost_sales":0,"has_location":false,"update_date":"2026-04-14T00:05:11","atum_locations":[],"atum_stock_status":"instock","restock_status":false,"low_stock_amount":"","sales_update_date":"2026-04-14T00:05:11","calc_backorders":null,"yoast_head":"<!-- This site is optimized with the Yoast SEO plugin v27.2 - https:\/\/yoast.com\/product\/yoast-seo-wordpress\/ -->\n<title>FarmStay Ceramide Wrinkle Care Relaxing Rolling Eye Serum, 25ml - IDA.KOREA<\/title>\n<meta name=\"description\" content=\"FarmStay Ceramide Wrinkle Care Relaxing Rolling Eye Serum \u2013 tugevdav keramiididega silmapiirkonna seerum-rullik, mis on m\u00f5eldud silmade \u00fcmbruse nahale niisutavaks, taastavaks ja vananemisvastaseks hoolduseks. Spetsiaalne rullikaplikaator pakub meeldivat ja l\u00f5\u00f5gastavat massaa\u017ei, parandab vereringet ning aitab v\u00e4hendada turseid ja tumedaid silmaaluseid.\" \/>\n<meta name=\"robots\" content=\"index, follow, max-snippet:-1, max-image-preview:large, max-video-preview:-1\" \/>\n<link rel=\"canonical\" href=\"https:\/\/idakorea.ee\/fi\/product\/farmstay-ceramide-wrinkle-care-relaxing-rolling-eye-serum-25ml\/\" \/>\n<meta property=\"og:locale\" content=\"fi_FI\" \/>\n<meta property=\"og:type\" content=\"article\" \/>\n<meta property=\"og:title\" content=\"FarmStay Ceramide Wrinkle Care Relaxing Rolling Eye Serum, 25ml - IDA.KOREA\" \/>\n<meta property=\"og:description\" content=\"FarmStay Ceramide Wrinkle Care Relaxing Rolling Eye Serum \u2013 tugevdav keramiididega silmapiirkonna seerum-rullik, mis on m\u00f5eldud silmade \u00fcmbruse nahale niisutavaks, taastavaks ja vananemisvastaseks hoolduseks. Spetsiaalne rullikaplikaator pakub meeldivat ja l\u00f5\u00f5gastavat massaa\u017ei, parandab vereringet ning aitab v\u00e4hendada turseid ja tumedaid silmaaluseid.\" \/>\n<meta property=\"og:url\" content=\"https:\/\/idakorea.ee\/fi\/product\/farmstay-ceramide-wrinkle-care-relaxing-rolling-eye-serum-25ml\/\" \/>\n<meta property=\"og:site_name\" content=\"IDA.KOREA\" \/>\n<meta property=\"article:modified_time\" content=\"2026-03-31T07:35:02+00:00\" \/>\n<meta property=\"og:image\" content=\"https:\/\/idakorea.ee\/wp-content\/uploads\/2024\/11\/farmstay-ceramide-rolling-eye-serum.jpg\" \/>\n\t<meta property=\"og:image:width\" content=\"600\" \/>\n\t<meta property=\"og:image:height\" content=\"600\" \/>\n\t<meta property=\"og:image:type\" content=\"image\/jpeg\" \/>\n<meta name=\"twitter:card\" content=\"summary_large_image\" \/>\n<meta name=\"twitter:label1\" content=\"Arvioitu lukuaika\" \/>\n\t<meta name=\"twitter:data1\" content=\"1 minuutti\" \/>\n<script type=\"application\/ld+json\" class=\"yoast-schema-graph\">{\"@context\":\"https:\/\/schema.org\",\"@graph\":[{\"@type\":\"WebPage\",\"@id\":\"https:\/\/idakorea.ee\/product\/farmstay-ceramide-wrinkle-care-relaxing-rolling-eye-serum-25ml\/\",\"url\":\"https:\/\/idakorea.ee\/product\/farmstay-ceramide-wrinkle-care-relaxing-rolling-eye-serum-25ml\/\",\"name\":\"FarmStay Ceramide Wrinkle Care Relaxing Rolling Eye Serum, 25ml - IDA.KOREA\",\"isPartOf\":{\"@id\":\"https:\/\/idakorea.ee\/#website\"},\"primaryImageOfPage\":{\"@id\":\"https:\/\/idakorea.ee\/product\/farmstay-ceramide-wrinkle-care-relaxing-rolling-eye-serum-25ml\/#primaryimage\"},\"image\":{\"@id\":\"https:\/\/idakorea.ee\/product\/farmstay-ceramide-wrinkle-care-relaxing-rolling-eye-serum-25ml\/#primaryimage\"},\"thumbnailUrl\":\"https:\/\/idakorea.ee\/wp-content\/uploads\/2024\/11\/farmstay-ceramide-rolling-eye-serum.jpg\",\"datePublished\":\"2024-11-12T07:27:14+00:00\",\"dateModified\":\"2026-03-31T07:35:02+00:00\",\"description\":\"FarmStay Ceramide Wrinkle Care Relaxing Rolling Eye Serum \u2013 tugevdav keramiididega silmapiirkonna seerum-rullik, mis on m\u00f5eldud silmade \u00fcmbruse nahale niisutavaks, taastavaks ja vananemisvastaseks hoolduseks. Spetsiaalne rullikaplikaator pakub meeldivat ja l\u00f5\u00f5gastavat massaa\u017ei, parandab vereringet ning aitab v\u00e4hendada turseid ja tumedaid silmaaluseid.\",\"breadcrumb\":{\"@id\":\"https:\/\/idakorea.ee\/product\/farmstay-ceramide-wrinkle-care-relaxing-rolling-eye-serum-25ml\/#breadcrumb\"},\"inLanguage\":\"fi\",\"potentialAction\":[{\"@type\":\"ReadAction\",\"target\":[\"https:\/\/idakorea.ee\/product\/farmstay-ceramide-wrinkle-care-relaxing-rolling-eye-serum-25ml\/\"]}]},{\"@type\":\"ImageObject\",\"inLanguage\":\"fi\",\"@id\":\"https:\/\/idakorea.ee\/product\/farmstay-ceramide-wrinkle-care-relaxing-rolling-eye-serum-25ml\/#primaryimage\",\"url\":\"https:\/\/idakorea.ee\/wp-content\/uploads\/2024\/11\/farmstay-ceramide-rolling-eye-serum.jpg\",\"contentUrl\":\"https:\/\/idakorea.ee\/wp-content\/uploads\/2024\/11\/farmstay-ceramide-rolling-eye-serum.jpg\",\"width\":600,\"height\":600,\"caption\":\"farmstay ceramide rolling eye serum\"},{\"@type\":\"BreadcrumbList\",\"@id\":\"https:\/\/idakorea.ee\/product\/farmstay-ceramide-wrinkle-care-relaxing-rolling-eye-serum-25ml\/#breadcrumb\",\"itemListElement\":[{\"@type\":\"ListItem\",\"position\":1,\"name\":\"\u0413\u043b\u0430\u0432\u043d\u0430\u044f \u0441\u0442\u0440\u0430\u043d\u0438\u0446\u0430\",\"item\":\"https:\/\/idakorea.ee\/\"},{\"@type\":\"ListItem\",\"position\":2,\"name\":\"Shop\",\"item\":\"https:\/\/idakorea.ee\/shop-2\/\"},{\"@type\":\"ListItem\",\"position\":3,\"name\":\"FarmStay Ceramide Wrinkle Care Relaxing Rolling Eye Serum, 25ml\"}]},{\"@type\":\"WebSite\",\"@id\":\"https:\/\/idakorea.ee\/#website\",\"url\":\"https:\/\/idakorea.ee\/\",\"name\":\"IDA.KOREA\",\"description\":\"Korea kosmeetika e-pood\",\"publisher\":{\"@id\":\"https:\/\/idakorea.ee\/#organization\"},\"alternateName\":\"Beauty Shop\",\"potentialAction\":[{\"@type\":\"SearchAction\",\"target\":{\"@type\":\"EntryPoint\",\"urlTemplate\":\"https:\/\/idakorea.ee\/?s={search_term_string}\"},\"query-input\":{\"@type\":\"PropertyValueSpecification\",\"valueRequired\":true,\"valueName\":\"search_term_string\"}}],\"inLanguage\":\"fi\"},{\"@type\":\"Organization\",\"@id\":\"https:\/\/idakorea.ee\/#organization\",\"name\":\"IDA.KOREA\",\"url\":\"https:\/\/idakorea.ee\/\",\"logo\":{\"@type\":\"ImageObject\",\"inLanguage\":\"fi\",\"@id\":\"https:\/\/idakorea.ee\/#\/schema\/logo\/image\/\",\"url\":\"https:\/\/idakorea.ee\/wp-content\/uploads\/2024\/05\/cropped-korea3.png\",\"contentUrl\":\"https:\/\/idakorea.ee\/wp-content\/uploads\/2024\/05\/cropped-korea3.png\",\"width\":688,\"height\":126,\"caption\":\"IDA.KOREA\"},\"image\":{\"@id\":\"https:\/\/idakorea.ee\/#\/schema\/logo\/image\/\"},\"sameAs\":[\"https:\/\/www.instagram.com\/ida.korea\/\"]}]}<\/script>\n<!-- \/ Yoast SEO plugin. -->","yoast_head_json":{"title":"FarmStay Ceramide Wrinkle Care Relaxing Rolling Eye Serum, 25ml - IDA.KOREA","description":"FarmStay Ceramide Wrinkle Care Relaxing Rolling Eye Serum \u2013 vahvistava silm\u00e4nymp\u00e4rysseerumirulla, joka sis\u00e4lt\u00e4\u00e4 keramideja ja on suunniteltu kosteuttamaan, palauttamaan ja ehk\u00e4isem\u00e4\u00e4n ik\u00e4\u00e4ntymisen merkkej\u00e4 silm\u00e4nymp\u00e4rysiholle. Erityinen rullalevitin tarjoaa miellytt\u00e4v\u00e4n ja rentouttavan hieronnan, parantaa verenkiertoa ja auttaa v\u00e4hent\u00e4m\u00e4\u00e4n turvotusta ja tummia silm\u00e4nalusia.","robots":{"index":"index","follow":"follow","max-snippet":"max-snippet:-1","max-image-preview":"max-image-preview:large","max-video-preview":"max-video-preview:-1"},"canonical":"https:\/\/idakorea.ee\/fi\/product\/farmstay-ceramide-wrinkle-care-relaxing-rolling-eye-serum-25ml\/","og_locale":"fi_FI","og_type":"article","og_title":"FarmStay Ceramide Wrinkle Care Relaxing Rolling Eye Serum, 25ml - IDA.KOREA","og_description":"FarmStay Ceramide Wrinkle Care Relaxing Rolling Eye Serum \u2013 tugevdav keramiididega silmapiirkonna seerum-rullik, mis on m\u00f5eldud silmade \u00fcmbruse nahale niisutavaks, taastavaks ja vananemisvastaseks hoolduseks. Spetsiaalne rullikaplikaator pakub meeldivat ja l\u00f5\u00f5gastavat massaa\u017ei, parandab vereringet ning aitab v\u00e4hendada turseid ja tumedaid silmaaluseid.","og_url":"https:\/\/idakorea.ee\/fi\/product\/farmstay-ceramide-wrinkle-care-relaxing-rolling-eye-serum-25ml\/","og_site_name":"IDA.KOREA","article_modified_time":"2026-03-31T07:35:02+00:00","og_image":[{"width":600,"height":600,"url":"https:\/\/idakorea.ee\/wp-content\/uploads\/2024\/11\/farmstay-ceramide-rolling-eye-serum.jpg","type":"image\/jpeg"}],"twitter_card":"summary_large_image","twitter_misc":{"Arvioitu lukuaika":"1 minuutti"},"schema":{"@context":"https:\/\/schema.org","@graph":[{"@type":"WebPage","@id":"https:\/\/idakorea.ee\/product\/farmstay-ceramide-wrinkle-care-relaxing-rolling-eye-serum-25ml\/","url":"https:\/\/idakorea.ee\/product\/farmstay-ceramide-wrinkle-care-relaxing-rolling-eye-serum-25ml\/","name":"FarmStay Ceramide Wrinkle Care Relaxing Rolling Eye Serum, 25ml - IDA.KOREA","isPartOf":{"@id":"https:\/\/idakorea.ee\/#website"},"primaryImageOfPage":{"@id":"https:\/\/idakorea.ee\/product\/farmstay-ceramide-wrinkle-care-relaxing-rolling-eye-serum-25ml\/#primaryimage"},"image":{"@id":"https:\/\/idakorea.ee\/product\/farmstay-ceramide-wrinkle-care-relaxing-rolling-eye-serum-25ml\/#primaryimage"},"thumbnailUrl":"https:\/\/idakorea.ee\/wp-content\/uploads\/2024\/11\/farmstay-ceramide-rolling-eye-serum.jpg","datePublished":"2024-11-12T07:27:14+00:00","dateModified":"2026-03-31T07:35:02+00:00","description":"FarmStay Ceramide Wrinkle Care Relaxing Rolling Eye Serum \u2013 vahvistava silm\u00e4nymp\u00e4rysseerumirulla, joka sis\u00e4lt\u00e4\u00e4 keramideja ja on suunniteltu kosteuttamaan, palauttamaan ja ehk\u00e4isem\u00e4\u00e4n ik\u00e4\u00e4ntymisen merkkej\u00e4 silm\u00e4nymp\u00e4rysiholle. Erityinen rullalevitin tarjoaa miellytt\u00e4v\u00e4n ja rentouttavan hieronnan, parantaa verenkiertoa ja auttaa v\u00e4hent\u00e4m\u00e4\u00e4n turvotusta ja tummia silm\u00e4nalusia.","breadcrumb":{"@id":"https:\/\/idakorea.ee\/product\/farmstay-ceramide-wrinkle-care-relaxing-rolling-eye-serum-25ml\/#breadcrumb"},"inLanguage":"fi","potentialAction":[{"@type":"ReadAction","target":["https:\/\/idakorea.ee\/product\/farmstay-ceramide-wrinkle-care-relaxing-rolling-eye-serum-25ml\/"]}]},{"@type":"ImageObject","inLanguage":"fi","@id":"https:\/\/idakorea.ee\/product\/farmstay-ceramide-wrinkle-care-relaxing-rolling-eye-serum-25ml\/#primaryimage","url":"https:\/\/idakorea.ee\/wp-content\/uploads\/2024\/11\/farmstay-ceramide-rolling-eye-serum.jpg","contentUrl":"https:\/\/idakorea.ee\/wp-content\/uploads\/2024\/11\/farmstay-ceramide-rolling-eye-serum.jpg","width":600,"height":600,"caption":"farmstay ceramide rolling eye serum"},{"@type":"BreadcrumbList","@id":"https:\/\/idakorea.ee\/product\/farmstay-ceramide-wrinkle-care-relaxing-rolling-eye-serum-25ml\/#breadcrumb","itemListElement":[{"@type":"ListItem","position":1,"name":"\u0413\u043b\u0430\u0432\u043d\u0430\u044f \u0441\u0442\u0440\u0430\u043d\u0438\u0446\u0430","item":"https:\/\/idakorea.ee\/"},{"@type":"ListItem","position":2,"name":"Shop","item":"https:\/\/idakorea.ee\/shop-2\/"},{"@type":"ListItem","position":3,"name":"FarmStay Ceramide Wrinkle Care Relaxing Rolling Eye Serum, 25ml"}]},{"@type":"WebSite","@id":"https:\/\/idakorea.ee\/#website","url":"https:\/\/idakorea.ee\/","name":"IDA.KOREA","description":"Korean kosmetiikan verkkokauppa","publisher":{"@id":"https:\/\/idakorea.ee\/#organization"},"alternateName":"Beauty Shop","potentialAction":[{"@type":"SearchAction","target":{"@type":"EntryPoint","urlTemplate":"https:\/\/idakorea.ee\/?s={search_term_string}"},"query-input":{"@type":"PropertyValueSpecification","valueRequired":true,"valueName":"search_term_string"}}],"inLanguage":"fi"},{"@type":"Organization","@id":"https:\/\/idakorea.ee\/#organization","name":"IDA.KOREA","url":"https:\/\/idakorea.ee\/","logo":{"@type":"ImageObject","inLanguage":"fi","@id":"https:\/\/idakorea.ee\/#\/schema\/logo\/image\/","url":"https:\/\/idakorea.ee\/wp-content\/uploads\/2024\/05\/cropped-korea3.png","contentUrl":"https:\/\/idakorea.ee\/wp-content\/uploads\/2024\/05\/cropped-korea3.png","width":688,"height":126,"caption":"IDA.KOREA"},"image":{"@id":"https:\/\/idakorea.ee\/#\/schema\/logo\/image\/"},"sameAs":["https:\/\/www.instagram.com\/ida.korea\/"]}]}},"jetpack_sharing_enabled":true,"brands":[{"id":672,"name":"FARMSTAY","slug":"farmstay"}],"_links":{"self":[{"href":"https:\/\/idakorea.ee\/fi\/wp-json\/wp\/v2\/product\/11232","targetHints":{"allow":["GET"]}}],"collection":[{"href":"https:\/\/idakorea.ee\/fi\/wp-json\/wp\/v2\/product"}],"about":[{"href":"https:\/\/idakorea.ee\/fi\/wp-json\/wp\/v2\/types\/product"}],"replies":[{"embeddable":true,"href":"https:\/\/idakorea.ee\/fi\/wp-json\/wp\/v2\/comments?post=11232"}],"version-history":[{"count":1,"href":"https:\/\/idakorea.ee\/fi\/wp-json\/wp\/v2\/product\/11232\/revisions"}],"predecessor-version":[{"id":11239,"href":"https:\/\/idakorea.ee\/fi\/wp-json\/wp\/v2\/product\/11232\/revisions\/11239"}],"wp:featuredmedia":[{"embeddable":true,"href":"https:\/\/idakorea.ee\/fi\/wp-json\/wp\/v2\/media\/11181"}],"wp:attachment":[{"href":"https:\/\/idakorea.ee\/fi\/wp-json\/wp\/v2\/media?parent=11232"}],"wp:term":[{"taxonomy":"pwb-brand","embeddable":true,"href":"https:\/\/idakorea.ee\/fi\/wp-json\/wp\/v2\/pwb-brand?post=11232"},{"taxonomy":"product_brand","embeddable":true,"href":"https:\/\/idakorea.ee\/fi\/wp-json\/wp\/v2\/product_brand?post=11232"},{"taxonomy":"product_cat","embeddable":true,"href":"https:\/\/idakorea.ee\/fi\/wp-json\/wp\/v2\/product_cat?post=11232"},{"taxonomy":"product_tag","embeddable":true,"href":"https:\/\/idakorea.ee\/fi\/wp-json\/wp\/v2\/product_tag?post=11232"}],"curies":[{"name":"wp","href":"https:\/\/api.w.org\/{rel}","templated":true}]}}