{"id":11240,"date":"2024-11-12T16:55:25","date_gmt":"2024-11-12T14:55:25","guid":{"rendered":"https:\/\/idakorea.ee\/?post_type=product&#038;p=11240"},"modified":"2026-03-18T17:23:31","modified_gmt":"2026-03-18T15:23:31","slug":"huulemask-carenel-berry-lip-night-mask-5g","status":"publish","type":"product","link":"https:\/\/idakorea.ee\/fi\/product\/huulemask-carenel-berry-lip-night-mask-5g\/","title":{"rendered":"Huulinaamion hoito:Nel Berry Lip Night Mask, 5g"},"content":{"rendered":"<p><strong>Hoito: Nel Berry -y\u00f6naamio huulille<\/strong> on intensiivisesti ravitseva ja kosteuttava huulinaamio, joka hoitaa herkk\u00e4\u00e4 ihoa nukkuessasi. Naamiota voidaan k\u00e4ytt\u00e4\u00e4 my\u00f6s balsamina p\u00e4iv\u00e4ll\u00e4. Se poistaa kuolleita ihosoluja tehden huulista kosteutetut ja pehme\u00e4t seuraavana aamuna. Lis\u00e4\u00e4 kimmoisuutta, kiinteytt\u00e4\u00e4 ja luo suojaavan kerroksen, joka est\u00e4\u00e4 kosteuden haihtumisen. Naamio hoitaa herkk\u00e4\u00e4 huulten ihoa, parantaa ulkon\u00e4k\u00f6\u00e4 ja ehk\u00e4isee ennenaikaista ik\u00e4\u00e4ntymist\u00e4. Y\u00f6n aikana naamio korjaa tehokkaasti vaurioita ja antaa huulille viettelev\u00e4n ulkon\u00e4\u00f6n.<\/p>\n<p><strong>Ainesosat:<\/strong><\/p>\n<ul>\n<li><strong>Mansikka-, vadelma- ja sitruunamelissauutteet<\/strong> \u2013 tekee ihosta pehme\u00e4n ja vitamiinipitoisen.<\/li>\n<li><strong>Macadamiap\u00e4hkin\u00e4\u00f6ljy<\/strong> \u2013 ravitsee herkk\u00e4\u00e4 huulten ihoa.<\/li>\n<li><strong>E-vitamiini<\/strong> \u2013 nuorentaa ihosoluja ja vahvistaa ihon kiinteytt\u00e4.<\/li>\n<li><strong>Matsutake-sieni (samettisieni)<\/strong> uute** \u2013 torjuu ihon vapaita radikaaleja, vahvistaa solujen vastustuskyky\u00e4 ja rikastuttaa niit\u00e4 vitamiineilla. T\u00e4m\u00e4 arvokas sieni tunnetaan ravitsevista ja parantavista ominaisuuksistaan.<\/li>\n<li><strong>Yrttiuutteiden kompleksi (laventeli, ruusu, kamomilla, pioni, vihre\u00e4 tee, lilja, lootus, sitruunamelissa, ginseng, moringa)<\/strong> \u2013 ravitsevat ihosoluja hy\u00f6dyllisill\u00e4 ainesosilla ja vahvistavat ihon suojakerrosta.<\/li>\n<li><strong>Kandelilla ja mehil\u00e4isvaha<\/strong> \u2013 suojaa herkk\u00e4\u00e4 huulten ihoa, auttaa s\u00e4ilytt\u00e4m\u00e4\u00e4n kosteuden ja tekee huulista samettiset.<\/li>\n<\/ul>\n<p>Sopii kaikille ihotyypeille.<\/p>\n<p><strong>K\u00e4ytt\u00f6opas:<\/strong> Levit\u00e4 huulille sormella tai vanupuikolla.<\/p>","protected":false},"excerpt":{"rendered":"<p>Hoito: Nel Berry Lip Night Mask on intensiivisesti ravitseva ja kosteuttava huulinaamio, joka hoitaa herkk\u00e4\u00e4 ihoa unen aikana. Sit\u00e4 voidaan k\u00e4ytt\u00e4\u00e4 my\u00f6s p\u00e4iv\u00e4voiteena. Se poistaa kuollutta ihosolukkoa j\u00e4tt\u00e4en huulet kosteutetuiksi ja pehmeiksi seuraavana aamuna. Lis\u00e4\u00e4 kimmoisuutta, kiinteytt\u00e4\u00e4 ja luo suojakerroksen kosteuden menetyksen est\u00e4miseksi. Naamio hoitaa herkk\u00e4\u00e4 huulten ihoa, parantaa ulkon\u00e4k\u00f6\u00e4 ja ehk\u00e4isee ennenaikaista ik\u00e4\u00e4ntymist\u00e4. Y\u00f6n aikana se...<\/p>","protected":false},"featured_media":11241,"comment_status":"open","ping_status":"closed","template":"","meta":{"_uf_show_specific_survey":0,"_uf_disable_surveys":false,"_bst_post_transparent":"default","_bst_post_title":"","_bst_post_layout":"default","_bst_post_sidebar_id":"","_bst_post_content_style":"default","_bst_post_vertical_padding":"default","_bst_post_feature":"","_bst_post_feature_position":"","_bst_post_header":false,"_bst_post_footer":false},"pwb-brand":[675],"product_brand":[],"product_cat":[368,92,99],"product_tag":[676],"class_list":{"0":"post-11240","1":"product","2":"type-product","3":"status-publish","4":"has-post-thumbnail","6":"pwb-brand-carenel","7":"product_cat-huulepalsamid-ja-hooldus","8":"product_cat-nagu","9":"product_cat-silmad-ja-huuled-2","10":"product_tag-lip-mask","12":"first","13":"instock","14":"sale","15":"shipping-taxable","16":"purchasable","17":"product-type-simple","18":"entry","19":"content-bg","20":"loop-entry"},"supplier_id":null,"supplier_sku":"","barcode":null,"atum_controlled":true,"out_stock_date":null,"out_stock_threshold":null,"inheritable":false,"inbound_stock":0,"stock_on_hold":0,"sold_today":0,"sales_last_days":0,"out_stock_days":0,"lost_sales":0,"has_location":false,"update_date":"2026-04-14T00:05:08","atum_locations":[],"atum_stock_status":"instock","restock_status":false,"low_stock_amount":"","sales_update_date":"2026-04-14T00:05:08","calc_backorders":null,"yoast_head":"<!-- This site is optimized with the Yoast SEO plugin v27.2 - https:\/\/yoast.com\/product\/yoast-seo-wordpress\/ -->\n<title>Huulemask Care:Nel Berry Lip Night Mask, 5g - IDA.KOREA<\/title>\n<meta name=\"description\" content=\"Care:Nel Berry Lip Night Mask on intensiivselt toitev ja niisutav huulemask, mis hooldab \u00f5rna nahka une ajal. Maski v\u00f5ib kasutada ka p\u00e4eval palsamina.\" \/>\n<meta name=\"robots\" content=\"index, follow, max-snippet:-1, max-image-preview:large, max-video-preview:-1\" \/>\n<link rel=\"canonical\" href=\"https:\/\/idakorea.ee\/fi\/product\/huulemask-carenel-berry-lip-night-mask-5g\/\" \/>\n<meta property=\"og:locale\" content=\"fi_FI\" \/>\n<meta property=\"og:type\" content=\"article\" \/>\n<meta property=\"og:title\" content=\"Huulemask Care:Nel Berry Lip Night Mask, 5g - IDA.KOREA\" \/>\n<meta property=\"og:description\" content=\"Care:Nel Berry Lip Night Mask on intensiivselt toitev ja niisutav huulemask, mis hooldab \u00f5rna nahka une ajal. Maski v\u00f5ib kasutada ka p\u00e4eval palsamina.\" \/>\n<meta property=\"og:url\" content=\"https:\/\/idakorea.ee\/fi\/product\/huulemask-carenel-berry-lip-night-mask-5g\/\" \/>\n<meta property=\"og:site_name\" content=\"IDA.KOREA\" \/>\n<meta property=\"article:modified_time\" content=\"2026-03-18T15:23:31+00:00\" \/>\n<meta property=\"og:image\" content=\"https:\/\/idakorea.ee\/wp-content\/uploads\/2024\/11\/carenel-berry-lip-night-mask.jpg\" \/>\n\t<meta property=\"og:image:width\" content=\"750\" \/>\n\t<meta property=\"og:image:height\" content=\"750\" \/>\n\t<meta property=\"og:image:type\" content=\"image\/jpeg\" \/>\n<meta name=\"twitter:card\" content=\"summary_large_image\" \/>\n<meta name=\"twitter:label1\" content=\"Arvioitu lukuaika\" \/>\n\t<meta name=\"twitter:data1\" content=\"2 minuuttia\" \/>\n<script type=\"application\/ld+json\" class=\"yoast-schema-graph\">{\"@context\":\"https:\/\/schema.org\",\"@graph\":[{\"@type\":\"WebPage\",\"@id\":\"https:\/\/idakorea.ee\/product\/huulemask-carenel-berry-lip-night-mask-5g\/\",\"url\":\"https:\/\/idakorea.ee\/product\/huulemask-carenel-berry-lip-night-mask-5g\/\",\"name\":\"Huulemask Care:Nel Berry Lip Night Mask, 5g - IDA.KOREA\",\"isPartOf\":{\"@id\":\"https:\/\/idakorea.ee\/#website\"},\"primaryImageOfPage\":{\"@id\":\"https:\/\/idakorea.ee\/product\/huulemask-carenel-berry-lip-night-mask-5g\/#primaryimage\"},\"image\":{\"@id\":\"https:\/\/idakorea.ee\/product\/huulemask-carenel-berry-lip-night-mask-5g\/#primaryimage\"},\"thumbnailUrl\":\"https:\/\/idakorea.ee\/wp-content\/uploads\/2024\/11\/carenel-berry-lip-night-mask.jpg\",\"datePublished\":\"2024-11-12T14:55:25+00:00\",\"dateModified\":\"2026-03-18T15:23:31+00:00\",\"description\":\"Care:Nel Berry Lip Night Mask on intensiivselt toitev ja niisutav huulemask, mis hooldab \u00f5rna nahka une ajal. Maski v\u00f5ib kasutada ka p\u00e4eval palsamina.\",\"breadcrumb\":{\"@id\":\"https:\/\/idakorea.ee\/product\/huulemask-carenel-berry-lip-night-mask-5g\/#breadcrumb\"},\"inLanguage\":\"fi\",\"potentialAction\":[{\"@type\":\"ReadAction\",\"target\":[\"https:\/\/idakorea.ee\/product\/huulemask-carenel-berry-lip-night-mask-5g\/\"]}]},{\"@type\":\"ImageObject\",\"inLanguage\":\"fi\",\"@id\":\"https:\/\/idakorea.ee\/product\/huulemask-carenel-berry-lip-night-mask-5g\/#primaryimage\",\"url\":\"https:\/\/idakorea.ee\/wp-content\/uploads\/2024\/11\/carenel-berry-lip-night-mask.jpg\",\"contentUrl\":\"https:\/\/idakorea.ee\/wp-content\/uploads\/2024\/11\/carenel-berry-lip-night-mask.jpg\",\"width\":750,\"height\":750,\"caption\":\"carenel berry lip night mask\"},{\"@type\":\"BreadcrumbList\",\"@id\":\"https:\/\/idakorea.ee\/product\/huulemask-carenel-berry-lip-night-mask-5g\/#breadcrumb\",\"itemListElement\":[{\"@type\":\"ListItem\",\"position\":1,\"name\":\"\u0413\u043b\u0430\u0432\u043d\u0430\u044f \u0441\u0442\u0440\u0430\u043d\u0438\u0446\u0430\",\"item\":\"https:\/\/idakorea.ee\/\"},{\"@type\":\"ListItem\",\"position\":2,\"name\":\"Shop\",\"item\":\"https:\/\/idakorea.ee\/shop-2\/\"},{\"@type\":\"ListItem\",\"position\":3,\"name\":\"Huulemask Care:Nel Berry Lip Night Mask, 5g\"}]},{\"@type\":\"WebSite\",\"@id\":\"https:\/\/idakorea.ee\/#website\",\"url\":\"https:\/\/idakorea.ee\/\",\"name\":\"IDA.KOREA\",\"description\":\"Korea kosmeetika e-pood\",\"publisher\":{\"@id\":\"https:\/\/idakorea.ee\/#organization\"},\"alternateName\":\"Beauty Shop\",\"potentialAction\":[{\"@type\":\"SearchAction\",\"target\":{\"@type\":\"EntryPoint\",\"urlTemplate\":\"https:\/\/idakorea.ee\/?s={search_term_string}\"},\"query-input\":{\"@type\":\"PropertyValueSpecification\",\"valueRequired\":true,\"valueName\":\"search_term_string\"}}],\"inLanguage\":\"fi\"},{\"@type\":\"Organization\",\"@id\":\"https:\/\/idakorea.ee\/#organization\",\"name\":\"IDA.KOREA\",\"url\":\"https:\/\/idakorea.ee\/\",\"logo\":{\"@type\":\"ImageObject\",\"inLanguage\":\"fi\",\"@id\":\"https:\/\/idakorea.ee\/#\/schema\/logo\/image\/\",\"url\":\"https:\/\/idakorea.ee\/wp-content\/uploads\/2024\/05\/cropped-korea3.png\",\"contentUrl\":\"https:\/\/idakorea.ee\/wp-content\/uploads\/2024\/05\/cropped-korea3.png\",\"width\":688,\"height\":126,\"caption\":\"IDA.KOREA\"},\"image\":{\"@id\":\"https:\/\/idakorea.ee\/#\/schema\/logo\/image\/\"},\"sameAs\":[\"https:\/\/www.instagram.com\/ida.korea\/\"]}]}<\/script>\n<!-- \/ Yoast SEO plugin. -->","yoast_head_json":{"title":"Huulinaamion hoito: Nel Berry Lip Night Mask, 5g - IDA.KOREA","description":"Hoito: Nel Berry Lip Night Mask on intensiivisesti ravitseva ja kosteuttava huulinaamio, joka hoitaa herkk\u00e4\u00e4 ihoa nukkuessasi. Naamiota voidaan k\u00e4ytt\u00e4\u00e4 my\u00f6s balsamina p\u00e4iv\u00e4ll\u00e4.","robots":{"index":"index","follow":"follow","max-snippet":"max-snippet:-1","max-image-preview":"max-image-preview:large","max-video-preview":"max-video-preview:-1"},"canonical":"https:\/\/idakorea.ee\/fi\/product\/huulemask-carenel-berry-lip-night-mask-5g\/","og_locale":"fi_FI","og_type":"article","og_title":"Huulemask Care:Nel Berry Lip Night Mask, 5g - IDA.KOREA","og_description":"Care:Nel Berry Lip Night Mask on intensiivselt toitev ja niisutav huulemask, mis hooldab \u00f5rna nahka une ajal. Maski v\u00f5ib kasutada ka p\u00e4eval palsamina.","og_url":"https:\/\/idakorea.ee\/fi\/product\/huulemask-carenel-berry-lip-night-mask-5g\/","og_site_name":"IDA.KOREA","article_modified_time":"2026-03-18T15:23:31+00:00","og_image":[{"width":750,"height":750,"url":"https:\/\/idakorea.ee\/wp-content\/uploads\/2024\/11\/carenel-berry-lip-night-mask.jpg","type":"image\/jpeg"}],"twitter_card":"summary_large_image","twitter_misc":{"Arvioitu lukuaika":"2 minuuttia"},"schema":{"@context":"https:\/\/schema.org","@graph":[{"@type":"WebPage","@id":"https:\/\/idakorea.ee\/product\/huulemask-carenel-berry-lip-night-mask-5g\/","url":"https:\/\/idakorea.ee\/product\/huulemask-carenel-berry-lip-night-mask-5g\/","name":"Huulinaamion hoito: Nel Berry Lip Night Mask, 5g - IDA.KOREA","isPartOf":{"@id":"https:\/\/idakorea.ee\/#website"},"primaryImageOfPage":{"@id":"https:\/\/idakorea.ee\/product\/huulemask-carenel-berry-lip-night-mask-5g\/#primaryimage"},"image":{"@id":"https:\/\/idakorea.ee\/product\/huulemask-carenel-berry-lip-night-mask-5g\/#primaryimage"},"thumbnailUrl":"https:\/\/idakorea.ee\/wp-content\/uploads\/2024\/11\/carenel-berry-lip-night-mask.jpg","datePublished":"2024-11-12T14:55:25+00:00","dateModified":"2026-03-18T15:23:31+00:00","description":"Hoito: Nel Berry Lip Night Mask on intensiivisesti ravitseva ja kosteuttava huulinaamio, joka hoitaa herkk\u00e4\u00e4 ihoa nukkuessasi. Naamiota voidaan k\u00e4ytt\u00e4\u00e4 my\u00f6s balsamina p\u00e4iv\u00e4ll\u00e4.","breadcrumb":{"@id":"https:\/\/idakorea.ee\/product\/huulemask-carenel-berry-lip-night-mask-5g\/#breadcrumb"},"inLanguage":"fi","potentialAction":[{"@type":"ReadAction","target":["https:\/\/idakorea.ee\/product\/huulemask-carenel-berry-lip-night-mask-5g\/"]}]},{"@type":"ImageObject","inLanguage":"fi","@id":"https:\/\/idakorea.ee\/product\/huulemask-carenel-berry-lip-night-mask-5g\/#primaryimage","url":"https:\/\/idakorea.ee\/wp-content\/uploads\/2024\/11\/carenel-berry-lip-night-mask.jpg","contentUrl":"https:\/\/idakorea.ee\/wp-content\/uploads\/2024\/11\/carenel-berry-lip-night-mask.jpg","width":750,"height":750,"caption":"carenel berry lip night mask"},{"@type":"BreadcrumbList","@id":"https:\/\/idakorea.ee\/product\/huulemask-carenel-berry-lip-night-mask-5g\/#breadcrumb","itemListElement":[{"@type":"ListItem","position":1,"name":"\u0413\u043b\u0430\u0432\u043d\u0430\u044f \u0441\u0442\u0440\u0430\u043d\u0438\u0446\u0430","item":"https:\/\/idakorea.ee\/"},{"@type":"ListItem","position":2,"name":"Shop","item":"https:\/\/idakorea.ee\/shop-2\/"},{"@type":"ListItem","position":3,"name":"Huulemask Care:Nel Berry Lip Night Mask, 5g"}]},{"@type":"WebSite","@id":"https:\/\/idakorea.ee\/#website","url":"https:\/\/idakorea.ee\/","name":"IDA.KOREA","description":"Korean kosmetiikan verkkokauppa","publisher":{"@id":"https:\/\/idakorea.ee\/#organization"},"alternateName":"Beauty Shop","potentialAction":[{"@type":"SearchAction","target":{"@type":"EntryPoint","urlTemplate":"https:\/\/idakorea.ee\/?s={search_term_string}"},"query-input":{"@type":"PropertyValueSpecification","valueRequired":true,"valueName":"search_term_string"}}],"inLanguage":"fi"},{"@type":"Organization","@id":"https:\/\/idakorea.ee\/#organization","name":"IDA.KOREA","url":"https:\/\/idakorea.ee\/","logo":{"@type":"ImageObject","inLanguage":"fi","@id":"https:\/\/idakorea.ee\/#\/schema\/logo\/image\/","url":"https:\/\/idakorea.ee\/wp-content\/uploads\/2024\/05\/cropped-korea3.png","contentUrl":"https:\/\/idakorea.ee\/wp-content\/uploads\/2024\/05\/cropped-korea3.png","width":688,"height":126,"caption":"IDA.KOREA"},"image":{"@id":"https:\/\/idakorea.ee\/#\/schema\/logo\/image\/"},"sameAs":["https:\/\/www.instagram.com\/ida.korea\/"]}]}},"jetpack_sharing_enabled":true,"brands":[{"id":675,"name":"CARE:NEL","slug":"carenel"}],"_links":{"self":[{"href":"https:\/\/idakorea.ee\/fi\/wp-json\/wp\/v2\/product\/11240","targetHints":{"allow":["GET"]}}],"collection":[{"href":"https:\/\/idakorea.ee\/fi\/wp-json\/wp\/v2\/product"}],"about":[{"href":"https:\/\/idakorea.ee\/fi\/wp-json\/wp\/v2\/types\/product"}],"replies":[{"embeddable":true,"href":"https:\/\/idakorea.ee\/fi\/wp-json\/wp\/v2\/comments?post=11240"}],"version-history":[{"count":3,"href":"https:\/\/idakorea.ee\/fi\/wp-json\/wp\/v2\/product\/11240\/revisions"}],"predecessor-version":[{"id":17828,"href":"https:\/\/idakorea.ee\/fi\/wp-json\/wp\/v2\/product\/11240\/revisions\/17828"}],"wp:featuredmedia":[{"embeddable":true,"href":"https:\/\/idakorea.ee\/fi\/wp-json\/wp\/v2\/media\/11241"}],"wp:attachment":[{"href":"https:\/\/idakorea.ee\/fi\/wp-json\/wp\/v2\/media?parent=11240"}],"wp:term":[{"taxonomy":"pwb-brand","embeddable":true,"href":"https:\/\/idakorea.ee\/fi\/wp-json\/wp\/v2\/pwb-brand?post=11240"},{"taxonomy":"product_brand","embeddable":true,"href":"https:\/\/idakorea.ee\/fi\/wp-json\/wp\/v2\/product_brand?post=11240"},{"taxonomy":"product_cat","embeddable":true,"href":"https:\/\/idakorea.ee\/fi\/wp-json\/wp\/v2\/product_cat?post=11240"},{"taxonomy":"product_tag","embeddable":true,"href":"https:\/\/idakorea.ee\/fi\/wp-json\/wp\/v2\/product_tag?post=11240"}],"curies":[{"name":"wp","href":"https:\/\/api.w.org\/{rel}","templated":true}]}}