{"id":11245,"date":"2024-11-12T17:12:29","date_gmt":"2024-11-12T15:12:29","guid":{"rendered":"https:\/\/idakorea.ee\/?post_type=product&#038;p=11245"},"modified":"2026-03-25T10:22:41","modified_gmt":"2026-03-25T08:22:41","slug":"missha-vita-c-plus-spot-correcting-firming-ampull-30ml","status":"publish","type":"product","link":"https:\/\/idakorea.ee\/fi\/product\/missha-vita-c-plus-spot-correcting-firming-ampull-30ml\/","title":{"rendered":"Missha Vita C Plus Spot Correcting &amp; Firming Ampoule, 30ml"},"content":{"rendered":"<p><strong>Missha Vita C Plus -finni\u00e4 korjaava ja kiinteytt\u00e4v\u00e4 ampulli<\/strong> \u2013 tummumista ehk\u00e4isev\u00e4 ja kiinteytt\u00e4v\u00e4 ampulli, joka kirkastaa pigmenttimuutoksia, v\u00e4hent\u00e4\u00e4 pisamia, aknearpia ja tulehduksen merkkej\u00e4, poistaa sameaa ihoa ja tasoittaa ihon s\u00e4vy\u00e4.<\/p>\n<p>Tuote silottaa ryppyj\u00e4, lis\u00e4\u00e4 ihon kiinteytt\u00e4 ja elastisuutta, hidastaa ik\u00e4\u00e4ntymisprosessia, vahvistaa ihoa, pehment\u00e4\u00e4 ja tasoittaa mikroreliefi\u00e4, v\u00e4hent\u00e4en n\u00e4kyvi\u00e4 valoik\u00e4\u00e4ntymisen merkkej\u00e4 ja suojaten UV-s\u00e4teilyn vaikutuksilta.<\/p>\n<p><strong>pH-taso 6,2.<\/strong> Tuote ei sis\u00e4ll\u00e4 keinotekoisia v\u00e4ri- tai hajusteita, parabeeneja, sulfaatteja, el\u00e4inper\u00e4isi\u00e4 ainesosia, alkoholia tai mineraali\u00f6ljyj\u00e4.<\/p>\n<p>Ampulli sis\u00e4lt\u00e4\u00e4 33% Vita C Liposome Formula -kompleksin, joka koostuu 99%:st\u00e4 puhdasta ja stabiilia C-vitamiinia ja sen johdannaisia kapseloituna lipidikuoreen - fytosteroleihin ja fosfolipideihin.<\/p>\n<ul>\n<li><strong>C-vitamiini<\/strong> \u2013 vaalentaa hyperpigmentaatiota, tasoittaa ihon s\u00e4vy\u00e4, stimuloi kollageenin tuotantoa, suojaa soluja vapailta radikaaleilta ja tekee ihosta sile\u00e4n ja s\u00e4teilev\u00e4n. Liposomiteknologian ansiosta aktiiviset ainesosat voivat vaikuttaa syv\u00e4ll\u00e4 ihossa aiheuttamatta \u00e4rsytyst\u00e4 tai punoitusta.<\/li>\n<\/ul>\n<p><strong>Muita vaikuttavia aineita:<\/strong><\/p>\n<ul>\n<li><strong>Traneksaamihappo<\/strong> \u2013 vaalentava aine, joka v\u00e4hent\u00e4\u00e4 tyrosinaasin, melaniinin tuotantoa k\u00e4ynnist\u00e4v\u00e4n entsyymin, aktiivisuutta. Ei aiheuta valoherkkyytt\u00e4 ja sopii p\u00e4iv\u00e4k\u00e4ytt\u00f6\u00f6n.<\/li>\n<li><strong>Arbutiin<\/strong> \u2013 v\u00e4hent\u00e4\u00e4 melaniinin tuotantoa, toimii antiseptisen\u00e4 aineena, lievitt\u00e4\u00e4 turvotusta, tasoittaa ihon s\u00e4vy\u00e4, taistelee vapaita radikaaleja vastaan ja pident\u00e4\u00e4 solujen nuoruutta.<\/li>\n<li><strong>Lakritsinjuuriuute<\/strong> \u2013 kirkastaa hell\u00e4varaisesti, rauhoittaa \u00e4rsytyst\u00e4 ja lis\u00e4\u00e4 kollageenin tuotantoa.<\/li>\n<li><strong>Palmitoyylitripeptidi-5<\/strong> \u2013 peptidi, joka lis\u00e4\u00e4 ihon kiinteytt\u00e4 ja tiheytt\u00e4, parantaa rakennetta, supistaa laajentuneita ihohuokosia ja stimuloi kollageenisynteesi\u00e4.<\/li>\n<li><strong>Argireliini (asetyyliheksapeptidi-8)<\/strong> \u2013 peptidipohjainen lihasrelaksantti, joka rentouttaa kasvolihaksia ja auttaa v\u00e4hent\u00e4m\u00e4\u00e4n ilmejuonteita.<\/li>\n<li><strong>Bifidobakteerien lysaatti<\/strong> \u2013 parantaa solujen uusiutumista ja uudistumista, lis\u00e4\u00e4 suojaavia ominaisuuksia, muodostaa suojakerroksen aggressiivisilta ymp\u00e4rist\u00f6tekij\u00f6ilt\u00e4, neutraloi vapaita radikaaleja ja lis\u00e4\u00e4 kollageenin tuotantoa.<\/li>\n<\/ul>\n<p>Sopii kaikille ihotyypeille.<\/p>\n<p><strong>K\u00e4ytt\u00f6opas:<\/strong> Puhdistuksen ja kasvoveden j\u00e4lkeen levit\u00e4 ampulli kasvoille ja kaulalle keskittyen pigmenttil\u00e4iskiin. Levit\u00e4 tuotetta tasaisesti hierontaviivojen suuntaan.<\/p>\n<p><strong>It\u00e4-Korean neuvot:<\/strong> K\u00e4yt\u00e4 aurinkovoidetta p\u00e4iv\u00e4ll\u00e4. Ampullia on suositeltavaa s\u00e4ilytt\u00e4\u00e4 pime\u00e4ss\u00e4 paikassa.<\/p>","protected":false},"excerpt":{"rendered":"<p>Missha Vita C Plus Spot Correcting &amp; Firming Ampoule - tummuutta v\u00e4hent\u00e4v\u00e4 ja kiinteytt\u00e4v\u00e4 ampulli, joka kirkastaa pigmenttil\u00e4iski\u00e4, v\u00e4hent\u00e4\u00e4 tummia l\u00e4iski\u00e4, aknearpia ja tulehduksen merkkej\u00e4, poistaa sameutta ja tasoittaa ihon s\u00e4vy\u00e4. Silottaa ryppyj\u00e4, lis\u00e4\u00e4 ihon s\u00e4teilyn ja kimmoisuuden m\u00e4\u00e4r\u00e4\u00e4, hidastaa ik\u00e4\u00e4ntymisprosessia, kiinteytt\u00e4\u00e4 ihoa, pehment\u00e4\u00e4 ja tasoittaa ihon mikrorakennetta, v\u00e4hent\u00e4\u00e4 n\u00e4kyvi\u00e4 valon aiheuttamia ik\u00e4\u00e4ntymisen merkkej\u00e4 ja suojaa UV-s\u00e4teiden vaikutuksilta.....<\/p>","protected":false},"featured_media":11246,"comment_status":"open","ping_status":"closed","template":"","meta":{"_uf_show_specific_survey":0,"_uf_disable_surveys":false,"_bst_post_transparent":"default","_bst_post_title":"","_bst_post_layout":"default","_bst_post_sidebar_id":"","_bst_post_content_style":"default","_bst_post_vertical_padding":"default","_bst_post_feature":"","_bst_post_feature_position":"","_bst_post_header":false,"_bst_post_footer":false},"pwb-brand":[631],"product_brand":[],"product_cat":[92,97],"product_tag":[632,633,634],"class_list":{"0":"post-11245","1":"product","2":"type-product","3":"status-publish","4":"has-post-thumbnail","6":"pwb-brand-missha","7":"product_cat-nagu","8":"product_cat-naoseerumid-ja-olid","9":"product_tag-missha","10":"product_tag-vita-c","11":"product_tag-vitamin-c","13":"first","14":"outofstock","15":"sale","16":"shipping-taxable","17":"purchasable","18":"product-type-simple","19":"entry","20":"content-bg","21":"loop-entry"},"supplier_id":null,"supplier_sku":"","barcode":null,"atum_controlled":true,"out_stock_date":"2026-03-06 19:47:41","out_stock_threshold":null,"inheritable":false,"inbound_stock":0,"stock_on_hold":0,"sold_today":0,"sales_last_days":0,"out_stock_days":38,"lost_sales":167,"has_location":false,"update_date":"2026-04-14T00:05:08","atum_locations":[],"atum_stock_status":"outofstock","restock_status":false,"low_stock_amount":"","sales_update_date":"2026-04-14T00:05:08","calc_backorders":null,"yoast_head":"<!-- This site is optimized with the Yoast SEO plugin v27.2 - https:\/\/yoast.com\/product\/yoast-seo-wordpress\/ -->\n<title>Missha Vita C Plus Spot Correcting &amp; Firming Ampull, 30ml - IDA.KOREA<\/title>\n<meta name=\"description\" content=\"Missha Vita C Plus Spot Correcting &amp; Firming Ampull \u2013 pimenemisvastane ja pinguldav ampull, mis heledamaks muudab pigmentatsiooni, v\u00e4hendab tedret\u00e4ppe, aknearme ja p\u00f5letiku j\u00e4lgi, eemaldab tuhmi jume ning \u00fchtlustab nahatooni.\" \/>\n<meta name=\"robots\" content=\"index, follow, max-snippet:-1, max-image-preview:large, max-video-preview:-1\" \/>\n<link rel=\"canonical\" href=\"https:\/\/idakorea.ee\/fi\/product\/missha-vita-c-plus-spot-correcting-firming-ampull-30ml\/\" \/>\n<meta property=\"og:locale\" content=\"fi_FI\" \/>\n<meta property=\"og:type\" content=\"article\" \/>\n<meta property=\"og:title\" content=\"Missha Vita C Plus Spot Correcting &amp; Firming Ampull, 30ml - IDA.KOREA\" \/>\n<meta property=\"og:description\" content=\"Missha Vita C Plus Spot Correcting &amp; Firming Ampull \u2013 pimenemisvastane ja pinguldav ampull, mis heledamaks muudab pigmentatsiooni, v\u00e4hendab tedret\u00e4ppe, aknearme ja p\u00f5letiku j\u00e4lgi, eemaldab tuhmi jume ning \u00fchtlustab nahatooni.\" \/>\n<meta property=\"og:url\" content=\"https:\/\/idakorea.ee\/fi\/product\/missha-vita-c-plus-spot-correcting-firming-ampull-30ml\/\" \/>\n<meta property=\"og:site_name\" content=\"IDA.KOREA\" \/>\n<meta property=\"article:modified_time\" content=\"2026-03-25T08:22:41+00:00\" \/>\n<meta property=\"og:image\" content=\"https:\/\/idakorea.ee\/wp-content\/uploads\/2024\/11\/missha_-vita-c-plus-spot-correcting-_-firming-ampoule.jpg\" \/>\n\t<meta property=\"og:image:width\" content=\"1000\" \/>\n\t<meta property=\"og:image:height\" content=\"1000\" \/>\n\t<meta property=\"og:image:type\" content=\"image\/jpeg\" \/>\n<meta name=\"twitter:card\" content=\"summary_large_image\" \/>\n<meta name=\"twitter:label1\" content=\"Arvioitu lukuaika\" \/>\n\t<meta name=\"twitter:data1\" content=\"2 minuuttia\" \/>\n<script type=\"application\/ld+json\" class=\"yoast-schema-graph\">{\"@context\":\"https:\/\/schema.org\",\"@graph\":[{\"@type\":\"WebPage\",\"@id\":\"https:\/\/idakorea.ee\/product\/missha-vita-c-plus-spot-correcting-firming-ampull-30ml\/\",\"url\":\"https:\/\/idakorea.ee\/product\/missha-vita-c-plus-spot-correcting-firming-ampull-30ml\/\",\"name\":\"Missha Vita C Plus Spot Correcting & Firming Ampull, 30ml - IDA.KOREA\",\"isPartOf\":{\"@id\":\"https:\/\/idakorea.ee\/#website\"},\"primaryImageOfPage\":{\"@id\":\"https:\/\/idakorea.ee\/product\/missha-vita-c-plus-spot-correcting-firming-ampull-30ml\/#primaryimage\"},\"image\":{\"@id\":\"https:\/\/idakorea.ee\/product\/missha-vita-c-plus-spot-correcting-firming-ampull-30ml\/#primaryimage\"},\"thumbnailUrl\":\"https:\/\/idakorea.ee\/wp-content\/uploads\/2024\/11\/missha_-vita-c-plus-spot-correcting-_-firming-ampoule.jpg\",\"datePublished\":\"2024-11-12T15:12:29+00:00\",\"dateModified\":\"2026-03-25T08:22:41+00:00\",\"description\":\"Missha Vita C Plus Spot Correcting & Firming Ampull \u2013 pimenemisvastane ja pinguldav ampull, mis heledamaks muudab pigmentatsiooni, v\u00e4hendab tedret\u00e4ppe, aknearme ja p\u00f5letiku j\u00e4lgi, eemaldab tuhmi jume ning \u00fchtlustab nahatooni.\",\"breadcrumb\":{\"@id\":\"https:\/\/idakorea.ee\/product\/missha-vita-c-plus-spot-correcting-firming-ampull-30ml\/#breadcrumb\"},\"inLanguage\":\"fi\",\"potentialAction\":[{\"@type\":\"ReadAction\",\"target\":[\"https:\/\/idakorea.ee\/product\/missha-vita-c-plus-spot-correcting-firming-ampull-30ml\/\"]}]},{\"@type\":\"ImageObject\",\"inLanguage\":\"fi\",\"@id\":\"https:\/\/idakorea.ee\/product\/missha-vita-c-plus-spot-correcting-firming-ampull-30ml\/#primaryimage\",\"url\":\"https:\/\/idakorea.ee\/wp-content\/uploads\/2024\/11\/missha_-vita-c-plus-spot-correcting-_-firming-ampoule.jpg\",\"contentUrl\":\"https:\/\/idakorea.ee\/wp-content\/uploads\/2024\/11\/missha_-vita-c-plus-spot-correcting-_-firming-ampoule.jpg\",\"width\":1000,\"height\":1000,\"caption\":\"Missha_-Vita-C-Plus-Spot-Correcting-_-Firming-Ampoule\"},{\"@type\":\"BreadcrumbList\",\"@id\":\"https:\/\/idakorea.ee\/product\/missha-vita-c-plus-spot-correcting-firming-ampull-30ml\/#breadcrumb\",\"itemListElement\":[{\"@type\":\"ListItem\",\"position\":1,\"name\":\"\u0413\u043b\u0430\u0432\u043d\u0430\u044f \u0441\u0442\u0440\u0430\u043d\u0438\u0446\u0430\",\"item\":\"https:\/\/idakorea.ee\/\"},{\"@type\":\"ListItem\",\"position\":2,\"name\":\"Shop\",\"item\":\"https:\/\/idakorea.ee\/shop-2\/\"},{\"@type\":\"ListItem\",\"position\":3,\"name\":\"Missha Vita C Plus Spot Correcting &#038; Firming Ampull, 30ml\"}]},{\"@type\":\"WebSite\",\"@id\":\"https:\/\/idakorea.ee\/#website\",\"url\":\"https:\/\/idakorea.ee\/\",\"name\":\"IDA.KOREA\",\"description\":\"Korea kosmeetika e-pood\",\"publisher\":{\"@id\":\"https:\/\/idakorea.ee\/#organization\"},\"alternateName\":\"Beauty Shop\",\"potentialAction\":[{\"@type\":\"SearchAction\",\"target\":{\"@type\":\"EntryPoint\",\"urlTemplate\":\"https:\/\/idakorea.ee\/?s={search_term_string}\"},\"query-input\":{\"@type\":\"PropertyValueSpecification\",\"valueRequired\":true,\"valueName\":\"search_term_string\"}}],\"inLanguage\":\"fi\"},{\"@type\":\"Organization\",\"@id\":\"https:\/\/idakorea.ee\/#organization\",\"name\":\"IDA.KOREA\",\"url\":\"https:\/\/idakorea.ee\/\",\"logo\":{\"@type\":\"ImageObject\",\"inLanguage\":\"fi\",\"@id\":\"https:\/\/idakorea.ee\/#\/schema\/logo\/image\/\",\"url\":\"https:\/\/idakorea.ee\/wp-content\/uploads\/2024\/05\/cropped-korea3.png\",\"contentUrl\":\"https:\/\/idakorea.ee\/wp-content\/uploads\/2024\/05\/cropped-korea3.png\",\"width\":688,\"height\":126,\"caption\":\"IDA.KOREA\"},\"image\":{\"@id\":\"https:\/\/idakorea.ee\/#\/schema\/logo\/image\/\"},\"sameAs\":[\"https:\/\/www.instagram.com\/ida.korea\/\"]}]}<\/script>\n<!-- \/ Yoast SEO plugin. -->","yoast_head_json":{"title":"Missha Vita C Plus -insuliiniampulli, 30ml - IDA.KOREA","description":"Missha Vita C Plus Spot Correcting &amp; Firming Ampoule \u2013 tummumista ehk\u00e4isev\u00e4 ja kiinteytt\u00e4v\u00e4 ampulli, joka kirkastaa pigmenttimuutoksia, v\u00e4hent\u00e4\u00e4 pisamia, aknearpia ja tulehduksen merkkej\u00e4, poistaa sameaa ihoa ja tasoittaa ihon s\u00e4vy\u00e4.","robots":{"index":"index","follow":"follow","max-snippet":"max-snippet:-1","max-image-preview":"max-image-preview:large","max-video-preview":"max-video-preview:-1"},"canonical":"https:\/\/idakorea.ee\/fi\/product\/missha-vita-c-plus-spot-correcting-firming-ampull-30ml\/","og_locale":"fi_FI","og_type":"article","og_title":"Missha Vita C Plus Spot Correcting & Firming Ampull, 30ml - IDA.KOREA","og_description":"Missha Vita C Plus Spot Correcting & Firming Ampull \u2013 pimenemisvastane ja pinguldav ampull, mis heledamaks muudab pigmentatsiooni, v\u00e4hendab tedret\u00e4ppe, aknearme ja p\u00f5letiku j\u00e4lgi, eemaldab tuhmi jume ning \u00fchtlustab nahatooni.","og_url":"https:\/\/idakorea.ee\/fi\/product\/missha-vita-c-plus-spot-correcting-firming-ampull-30ml\/","og_site_name":"IDA.KOREA","article_modified_time":"2026-03-25T08:22:41+00:00","og_image":[{"width":1000,"height":1000,"url":"https:\/\/idakorea.ee\/wp-content\/uploads\/2024\/11\/missha_-vita-c-plus-spot-correcting-_-firming-ampoule.jpg","type":"image\/jpeg"}],"twitter_card":"summary_large_image","twitter_misc":{"Arvioitu lukuaika":"2 minuuttia"},"schema":{"@context":"https:\/\/schema.org","@graph":[{"@type":"WebPage","@id":"https:\/\/idakorea.ee\/product\/missha-vita-c-plus-spot-correcting-firming-ampull-30ml\/","url":"https:\/\/idakorea.ee\/product\/missha-vita-c-plus-spot-correcting-firming-ampull-30ml\/","name":"Missha Vita C Plus -insuliiniampulli, 30ml - IDA.KOREA","isPartOf":{"@id":"https:\/\/idakorea.ee\/#website"},"primaryImageOfPage":{"@id":"https:\/\/idakorea.ee\/product\/missha-vita-c-plus-spot-correcting-firming-ampull-30ml\/#primaryimage"},"image":{"@id":"https:\/\/idakorea.ee\/product\/missha-vita-c-plus-spot-correcting-firming-ampull-30ml\/#primaryimage"},"thumbnailUrl":"https:\/\/idakorea.ee\/wp-content\/uploads\/2024\/11\/missha_-vita-c-plus-spot-correcting-_-firming-ampoule.jpg","datePublished":"2024-11-12T15:12:29+00:00","dateModified":"2026-03-25T08:22:41+00:00","description":"Missha Vita C Plus Spot Correcting &amp; Firming Ampoule \u2013 tummumista ehk\u00e4isev\u00e4 ja kiinteytt\u00e4v\u00e4 ampulli, joka kirkastaa pigmenttimuutoksia, v\u00e4hent\u00e4\u00e4 pisamia, aknearpia ja tulehduksen merkkej\u00e4, poistaa sameaa ihoa ja tasoittaa ihon s\u00e4vy\u00e4.","breadcrumb":{"@id":"https:\/\/idakorea.ee\/product\/missha-vita-c-plus-spot-correcting-firming-ampull-30ml\/#breadcrumb"},"inLanguage":"fi","potentialAction":[{"@type":"ReadAction","target":["https:\/\/idakorea.ee\/product\/missha-vita-c-plus-spot-correcting-firming-ampull-30ml\/"]}]},{"@type":"ImageObject","inLanguage":"fi","@id":"https:\/\/idakorea.ee\/product\/missha-vita-c-plus-spot-correcting-firming-ampull-30ml\/#primaryimage","url":"https:\/\/idakorea.ee\/wp-content\/uploads\/2024\/11\/missha_-vita-c-plus-spot-correcting-_-firming-ampoule.jpg","contentUrl":"https:\/\/idakorea.ee\/wp-content\/uploads\/2024\/11\/missha_-vita-c-plus-spot-correcting-_-firming-ampoule.jpg","width":1000,"height":1000,"caption":"Missha_-Vita-C-Plus-Spot-Correcting-_-Firming-Ampoule"},{"@type":"BreadcrumbList","@id":"https:\/\/idakorea.ee\/product\/missha-vita-c-plus-spot-correcting-firming-ampull-30ml\/#breadcrumb","itemListElement":[{"@type":"ListItem","position":1,"name":"\u0413\u043b\u0430\u0432\u043d\u0430\u044f \u0441\u0442\u0440\u0430\u043d\u0438\u0446\u0430","item":"https:\/\/idakorea.ee\/"},{"@type":"ListItem","position":2,"name":"Shop","item":"https:\/\/idakorea.ee\/shop-2\/"},{"@type":"ListItem","position":3,"name":"Missha Vita C Plus Spot Correcting &#038; Firming Ampull, 30ml"}]},{"@type":"WebSite","@id":"https:\/\/idakorea.ee\/#website","url":"https:\/\/idakorea.ee\/","name":"IDA.KOREA","description":"Korean kosmetiikan verkkokauppa","publisher":{"@id":"https:\/\/idakorea.ee\/#organization"},"alternateName":"Beauty Shop","potentialAction":[{"@type":"SearchAction","target":{"@type":"EntryPoint","urlTemplate":"https:\/\/idakorea.ee\/?s={search_term_string}"},"query-input":{"@type":"PropertyValueSpecification","valueRequired":true,"valueName":"search_term_string"}}],"inLanguage":"fi"},{"@type":"Organization","@id":"https:\/\/idakorea.ee\/#organization","name":"IDA.KOREA","url":"https:\/\/idakorea.ee\/","logo":{"@type":"ImageObject","inLanguage":"fi","@id":"https:\/\/idakorea.ee\/#\/schema\/logo\/image\/","url":"https:\/\/idakorea.ee\/wp-content\/uploads\/2024\/05\/cropped-korea3.png","contentUrl":"https:\/\/idakorea.ee\/wp-content\/uploads\/2024\/05\/cropped-korea3.png","width":688,"height":126,"caption":"IDA.KOREA"},"image":{"@id":"https:\/\/idakorea.ee\/#\/schema\/logo\/image\/"},"sameAs":["https:\/\/www.instagram.com\/ida.korea\/"]}]}},"jetpack_sharing_enabled":true,"brands":[{"id":631,"name":"MISSHA","slug":"missha"}],"_links":{"self":[{"href":"https:\/\/idakorea.ee\/fi\/wp-json\/wp\/v2\/product\/11245","targetHints":{"allow":["GET"]}}],"collection":[{"href":"https:\/\/idakorea.ee\/fi\/wp-json\/wp\/v2\/product"}],"about":[{"href":"https:\/\/idakorea.ee\/fi\/wp-json\/wp\/v2\/types\/product"}],"replies":[{"embeddable":true,"href":"https:\/\/idakorea.ee\/fi\/wp-json\/wp\/v2\/comments?post=11245"}],"version-history":[{"count":2,"href":"https:\/\/idakorea.ee\/fi\/wp-json\/wp\/v2\/product\/11245\/revisions"}],"predecessor-version":[{"id":11249,"href":"https:\/\/idakorea.ee\/fi\/wp-json\/wp\/v2\/product\/11245\/revisions\/11249"}],"wp:featuredmedia":[{"embeddable":true,"href":"https:\/\/idakorea.ee\/fi\/wp-json\/wp\/v2\/media\/11246"}],"wp:attachment":[{"href":"https:\/\/idakorea.ee\/fi\/wp-json\/wp\/v2\/media?parent=11245"}],"wp:term":[{"taxonomy":"pwb-brand","embeddable":true,"href":"https:\/\/idakorea.ee\/fi\/wp-json\/wp\/v2\/pwb-brand?post=11245"},{"taxonomy":"product_brand","embeddable":true,"href":"https:\/\/idakorea.ee\/fi\/wp-json\/wp\/v2\/product_brand?post=11245"},{"taxonomy":"product_cat","embeddable":true,"href":"https:\/\/idakorea.ee\/fi\/wp-json\/wp\/v2\/product_cat?post=11245"},{"taxonomy":"product_tag","embeddable":true,"href":"https:\/\/idakorea.ee\/fi\/wp-json\/wp\/v2\/product_tag?post=11245"}],"curies":[{"name":"wp","href":"https:\/\/api.w.org\/{rel}","templated":true}]}}