{"id":11251,"date":"2024-11-12T17:54:27","date_gmt":"2024-11-12T15:54:27","guid":{"rendered":"https:\/\/idakorea.ee\/?post_type=product&#038;p=11251"},"modified":"2026-03-09T14:46:54","modified_gmt":"2026-03-09T12:46:54","slug":"lifting-ampull-medi-peel-retinol-collagen-lifting-ampoule","status":"publish","type":"product","link":"https:\/\/idakorea.ee\/fi\/product\/lifting-ampull-medi-peel-retinol-collagen-lifting-ampoule\/","title":{"rendered":"Kohottava ampulli Medi-Peel Retinol Collagen -kohottava ampulli, 50ml"},"content":{"rendered":"<p>Nostoampulli<strong> Medi-Peel Retinol Collagen Lifting Ampulli<\/strong> on intensiivinen aktiivisten ainesosien tiiviste, jonka tehokkuus on todistettu: se kiinteytt\u00e4\u00e4 ja silottaa ihoa, v\u00e4hent\u00e4\u00e4 ryppyjen syvyytt\u00e4, supistaa laajentuneita ihohuokosia ja silottaa ihon mikroreliefi\u00e4.<\/p>\n<p>Tuote tukee kasvojen muotoja, kosteuttaa, stimuloi kollageenin tuotantoa ja pident\u00e4\u00e4 ihon nuorekkuutta. V\u00e4hent\u00e4\u00e4 nukkuessa muodostuvia ryppyj\u00e4, tasoittaa ihonv\u00e4ri\u00e4, v\u00e4hent\u00e4\u00e4 pigmenttimuutoksia, antaa terveen hehkun, ehk\u00e4isee kuivuutta ja v\u00e4hent\u00e4\u00e4 ryppyj\u00e4 suupieless\u00e4, silmien ymp\u00e4rill\u00e4 ja nen\u00e4n ja huulien poimuissa.<\/p>\n<p>Ampulli ei j\u00e4t\u00e4 ihoa tahmeaksi ja imeytyy nopeasti. Tuote on kansainv\u00e4lisesti V-Label\u00ae-sertifioitu, mik\u00e4 vahvistaa, ettei se sis\u00e4ll\u00e4 el\u00e4inper\u00e4isi\u00e4 ainesosia.<\/p>\n<p>Sis\u00e4lt\u00e4\u00e4 patentoitua <strong>Retinolgen\u2122<\/strong> vaikuttava aine (10 000 ME \u2013 3 mg vaikuttavaa ainetta), joka koostuu kuudesta retinolista ja kollageenista. N\u00e4m\u00e4 retinolit ovat:<\/p>\n<ul>\n<li><strong>Retinyylipalmitaatti<\/strong> \u2013 A-vitamiinin esteri, joka muuttuu ensin retinoliksi, sitten retinoliksi ja lopulta retinoihapoksi. Toimii antioksidanttina ja hidastaa ihon ik\u00e4\u00e4ntymist\u00e4.<\/li>\n<li><strong>Retinyyliretinoaatti<\/strong> \u2013 moderni retinolin muoto, stimuloi hyaluronihapon tuotantoa, v\u00e4hent\u00e4\u00e4 tulehdusta ja vaikuttaa nopeammin, mutta aiheuttaa v\u00e4hemm\u00e4n \u00e4rsytyst\u00e4.<\/li>\n<li><strong>Hydroksipinakoloni-retinoaatti<\/strong> \u2013 uusimman sukupolven stabiili retinolia, jolla on tehokas ja nopea vaikutus ja pienempi \u00e4rsytysriski.<\/li>\n<li><strong>Verkkokalvo<\/strong> \u2013 tehokas A-vitamiinin muoto, joka muuttuu v\u00e4litt\u00f6m\u00e4sti retinoihapoksi, tarjoten ik\u00e4\u00e4ntymist\u00e4 ehk\u00e4isevi\u00e4 hy\u00f6tyj\u00e4 ja solujen uusiutumista.<\/li>\n<li><strong>Retinoli<\/strong> \u2013 yleisin retinoidityyppi, joka muuttuu verkkokalvoksi ja sitten retinoihapoksi, mik\u00e4 tarjoaa ik\u00e4\u00e4ntymist\u00e4 ehk\u00e4isevi\u00e4 hy\u00f6tyj\u00e4.<\/li>\n<li><strong>Silybiini<\/strong> \u2013 maarianohdakkeen (Silybum marianum) uutteesta johdettu kasviper\u00e4inen ainesosa, jolla on voimakkaita antioksidanttisia, tulehdusta ehk\u00e4isevi\u00e4 ja UV-s\u00e4teilyn aiheuttamia vaurioita v\u00e4hent\u00e4vi\u00e4 vaikutuksia.<\/li>\n<\/ul>\n<p>Retinoidit stimuloivat solujen uusiutumista, kollageenin ja hyaluronihapon tuotantoa, mik\u00e4 silottaa ja kiinteytt\u00e4\u00e4 ihoa, v\u00e4hent\u00e4\u00e4 ryppyj\u00e4, tasapainottaa talin erityst\u00e4 ja vaalentaa pigmenttimuutoksia. Hydrolysoitu kollageeni kosteuttaa tehokkaasti ja est\u00e4\u00e4 kosteuden haihtumista, yll\u00e4pit\u00e4en ihon pehmeytt\u00e4 ja sileit\u00e4 muotoja.<\/p>\n<p><strong>Muita vaikuttavia aineita:<\/strong><\/p>\n<ul>\n<li><strong>Jerikon ruusun uute<\/strong> \u2013 ravitsee ja kosteuttaa syv\u00e4sti, sill\u00e4 on antioksidanttinen vaikutus, joka suojaa soluja ja hidastaa ik\u00e4\u00e4ntymisprosessia.<\/li>\n<li><strong>Redsnow<\/strong> \u2013 ik\u00e4\u00e4ntymist\u00e4 est\u00e4v\u00e4 kompleksi, jonka p\u00e4\u00e4komponentti on Jejun saarella kasvatettu japanilainen kameliauute. Redsnow lis\u00e4\u00e4 kollageenin tuotantoa, est\u00e4\u00e4 kollageenia hajottavia geenej\u00e4 (MMP-1) ja est\u00e4\u00e4 hapettumista laukaisevia reseptoreita.<\/li>\n<li><strong>MadeWhite\u2122<\/strong> \u2013 Centella asiatica -kasvin (etanan) johdannainen, joka v\u00e4hent\u00e4\u00e4 tulehdusta ja aknearpia est\u00e4m\u00e4ll\u00e4 syklo-oksigenaasientsyymi\u00e4.<\/li>\n<li><strong>Vihre\u00e4 tomaatti SE<\/strong> \u2013 vihre\u00e4n tomaatin uute, joka edist\u00e4\u00e4 kollageenin tuotantoa ja kudosten uudistumista, tarjoten ik\u00e4\u00e4ntymist\u00e4 ehk\u00e4isevi\u00e4 vaikutuksia.<\/li>\n<li><strong>Arginia<\/strong> \u2013 parantaa mikroverenkiertoa ja kosteuttaa, ehk\u00e4isten kuivumista.<\/li>\n<li><strong>Niasiiniamidi (B3-vitamiini)<\/strong> \u2013 vaalentaa pigmenttimuutoksia, tasapainottaa talin erityst\u00e4 ja v\u00e4hent\u00e4\u00e4 kiiltoa T-alueella vahvistaen ihon suojatoimintoja.<\/li>\n<li><strong>Natriumhyaluronaatti<\/strong> \u2013 pienimolekyylinen hyaluronihappo, joka tunkeutuu syv\u00e4lle sarveiskerrokseen, kosteuttaa tehokkaasti, lis\u00e4\u00e4 elastisuutta ja tasoittaa iho\u00e4rsytyst\u00e4.<\/li>\n<li><strong>Macadamiap\u00e4hkin\u00e4\u00f6ljy<\/strong> \u2013 ravitsee ja rikastuttaa vitamiineilla ja rasvahapoilla, imeytyy hyvin.<\/li>\n<li><strong>Auringonkukka\u00f6ljy<\/strong> \u2013 pehment\u00e4\u00e4 ja tekee ihosta joustavan, v\u00e4hent\u00e4\u00e4 kuivuutta ja kireyden tunnetta, silottaa hienoja ryppyj\u00e4 ja vahvistaa ihon suojakerrosta supistaen ihohuokosia.<\/li>\n<\/ul>\n<p>&nbsp;<\/p>\n<p>Sopii kaikille ihotyypeille.<\/p>\n<p><strong>K\u00e4ytt\u00f6opas:<\/strong> Puhdistuksen ja kasvoveden j\u00e4lkeen levit\u00e4 ampulli kasvoille tasaisesti hierontalinjoja pitkin. K\u00e4yt\u00e4 aurinkovoidetta p\u00e4iv\u00e4n aikana. Ei suositella k\u00e4ytett\u00e4v\u00e4ksi raskauden ja imetyksen aikana.<\/p>","protected":false},"excerpt":{"rendered":"<p>Medi-Peel Retinol Collagen Lifting Ampoule on tehotiiviste, jonka teho on todistettu: se kiinteytt\u00e4\u00e4 ja silottaa ihoa, v\u00e4hent\u00e4\u00e4 ryppyjen syvyytt\u00e4, supistaa laajentuneita huokosia ja tasoittaa ihon mikrorakennetta. Tuote tukee kasvojen muotoilua, kosteuttaa, stimuloi kollageenin tuotantoa ja pident\u00e4\u00e4 ihon nuorekkuutta. V\u00e4hent\u00e4\u00e4 unen aiheuttamien ryppyjen ulkon\u00e4k\u00f6\u00e4, tasoittaa ihon s\u00e4vy\u00e4, v\u00e4hent\u00e4\u00e4 pigmenttien n\u00e4kyvyytt\u00e4, antaa terveen hehkun, ehk\u00e4isee...<\/p>","protected":false},"featured_media":11252,"comment_status":"open","ping_status":"closed","template":"","meta":{"_uf_show_specific_survey":0,"_uf_disable_surveys":false,"_bst_post_transparent":"default","_bst_post_title":"","_bst_post_layout":"default","_bst_post_sidebar_id":"","_bst_post_content_style":"default","_bst_post_vertical_padding":"default","_bst_post_feature":"","_bst_post_feature_position":"","_bst_post_header":false,"_bst_post_footer":false},"pwb-brand":[107],"product_brand":[],"product_cat":[97],"product_tag":[381,213],"class_list":{"0":"post-11251","1":"product","2":"type-product","3":"status-publish","4":"has-post-thumbnail","6":"pwb-brand-medipeel","7":"product_cat-naoseerumid-ja-olid","8":"product_tag-medipeel","9":"product_tag-retinol","11":"first","12":"instock","13":"sale","14":"shipping-taxable","15":"purchasable","16":"product-type-simple","17":"entry","18":"content-bg","19":"loop-entry"},"supplier_id":null,"supplier_sku":"","barcode":null,"atum_controlled":true,"out_stock_date":null,"out_stock_threshold":null,"inheritable":false,"inbound_stock":0,"stock_on_hold":0,"sold_today":0,"sales_last_days":0,"out_stock_days":0,"lost_sales":0,"has_location":false,"update_date":"2026-04-15T00:05:14","atum_locations":[],"atum_stock_status":"instock","restock_status":false,"low_stock_amount":"","sales_update_date":"2026-04-15T00:05:14","calc_backorders":null,"yoast_head":"<!-- This site is optimized with the Yoast SEO plugin v27.2 - https:\/\/yoast.com\/product\/yoast-seo-wordpress\/ -->\n<title>Medi-Peel Retinol Collagen Lifting Ampoule - IDA.KOREA<\/title>\n<meta name=\"description\" content=\"Lifting-ampull Medi-Peel Retinol Collagen Lifting Ampoule on intensiivne aktiivainete kontsentraat, mille efektiivsus on t\u00f5estatud\" \/>\n<meta name=\"robots\" content=\"index, follow, max-snippet:-1, max-image-preview:large, max-video-preview:-1\" \/>\n<link rel=\"canonical\" href=\"https:\/\/idakorea.ee\/fi\/product\/lifting-ampull-medi-peel-retinol-collagen-lifting-ampoule\/\" \/>\n<meta property=\"og:locale\" content=\"fi_FI\" \/>\n<meta property=\"og:type\" content=\"article\" \/>\n<meta property=\"og:title\" content=\"Medi-Peel Retinol Collagen Lifting Ampoule - IDA.KOREA\" \/>\n<meta property=\"og:description\" content=\"Lifting-ampull Medi-Peel Retinol Collagen Lifting Ampoule on intensiivne aktiivainete kontsentraat, mille efektiivsus on t\u00f5estatud\" \/>\n<meta property=\"og:url\" content=\"https:\/\/idakorea.ee\/fi\/product\/lifting-ampull-medi-peel-retinol-collagen-lifting-ampoule\/\" \/>\n<meta property=\"og:site_name\" content=\"IDA.KOREA\" \/>\n<meta property=\"article:modified_time\" content=\"2026-03-09T12:46:54+00:00\" \/>\n<meta property=\"og:image\" content=\"https:\/\/idakorea.ee\/wp-content\/uploads\/2024\/11\/medi_peel-retinol-collagen-lifting-ampoule.jpg\" \/>\n\t<meta property=\"og:image:width\" content=\"1000\" \/>\n\t<meta property=\"og:image:height\" content=\"1000\" \/>\n\t<meta property=\"og:image:type\" content=\"image\/jpeg\" \/>\n<meta name=\"twitter:card\" content=\"summary_large_image\" \/>\n<meta name=\"twitter:label1\" content=\"Arvioitu lukuaika\" \/>\n\t<meta name=\"twitter:data1\" content=\"3 minuuttia\" \/>\n<script type=\"application\/ld+json\" class=\"yoast-schema-graph\">{\"@context\":\"https:\/\/schema.org\",\"@graph\":[{\"@type\":\"WebPage\",\"@id\":\"https:\/\/idakorea.ee\/product\/lifting-ampull-medi-peel-retinol-collagen-lifting-ampoule\/\",\"url\":\"https:\/\/idakorea.ee\/product\/lifting-ampull-medi-peel-retinol-collagen-lifting-ampoule\/\",\"name\":\"Medi-Peel Retinol Collagen Lifting Ampoule - IDA.KOREA\",\"isPartOf\":{\"@id\":\"https:\/\/idakorea.ee\/#website\"},\"primaryImageOfPage\":{\"@id\":\"https:\/\/idakorea.ee\/product\/lifting-ampull-medi-peel-retinol-collagen-lifting-ampoule\/#primaryimage\"},\"image\":{\"@id\":\"https:\/\/idakorea.ee\/product\/lifting-ampull-medi-peel-retinol-collagen-lifting-ampoule\/#primaryimage\"},\"thumbnailUrl\":\"https:\/\/idakorea.ee\/wp-content\/uploads\/2024\/11\/medi_peel-retinol-collagen-lifting-ampoule.jpg\",\"datePublished\":\"2024-11-12T15:54:27+00:00\",\"dateModified\":\"2026-03-09T12:46:54+00:00\",\"description\":\"Lifting-ampull Medi-Peel Retinol Collagen Lifting Ampoule on intensiivne aktiivainete kontsentraat, mille efektiivsus on t\u00f5estatud\",\"breadcrumb\":{\"@id\":\"https:\/\/idakorea.ee\/product\/lifting-ampull-medi-peel-retinol-collagen-lifting-ampoule\/#breadcrumb\"},\"inLanguage\":\"fi\",\"potentialAction\":[{\"@type\":\"ReadAction\",\"target\":[\"https:\/\/idakorea.ee\/product\/lifting-ampull-medi-peel-retinol-collagen-lifting-ampoule\/\"]}]},{\"@type\":\"ImageObject\",\"inLanguage\":\"fi\",\"@id\":\"https:\/\/idakorea.ee\/product\/lifting-ampull-medi-peel-retinol-collagen-lifting-ampoule\/#primaryimage\",\"url\":\"https:\/\/idakorea.ee\/wp-content\/uploads\/2024\/11\/medi_peel-retinol-collagen-lifting-ampoule.jpg\",\"contentUrl\":\"https:\/\/idakorea.ee\/wp-content\/uploads\/2024\/11\/medi_peel-retinol-collagen-lifting-ampoule.jpg\",\"width\":1000,\"height\":1000,\"caption\":\"Medi_Peel-Retinol-Collagen-Lifting-Ampoule\"},{\"@type\":\"BreadcrumbList\",\"@id\":\"https:\/\/idakorea.ee\/product\/lifting-ampull-medi-peel-retinol-collagen-lifting-ampoule\/#breadcrumb\",\"itemListElement\":[{\"@type\":\"ListItem\",\"position\":1,\"name\":\"\u0413\u043b\u0430\u0432\u043d\u0430\u044f \u0441\u0442\u0440\u0430\u043d\u0438\u0446\u0430\",\"item\":\"https:\/\/idakorea.ee\/\"},{\"@type\":\"ListItem\",\"position\":2,\"name\":\"Shop\",\"item\":\"https:\/\/idakorea.ee\/shop-2\/\"},{\"@type\":\"ListItem\",\"position\":3,\"name\":\"Lifting-ampull Medi-Peel Retinol Collagen Lifting Ampoule, 50ml\"}]},{\"@type\":\"WebSite\",\"@id\":\"https:\/\/idakorea.ee\/#website\",\"url\":\"https:\/\/idakorea.ee\/\",\"name\":\"IDA.KOREA\",\"description\":\"Korea kosmeetika e-pood\",\"publisher\":{\"@id\":\"https:\/\/idakorea.ee\/#organization\"},\"alternateName\":\"Beauty Shop\",\"potentialAction\":[{\"@type\":\"SearchAction\",\"target\":{\"@type\":\"EntryPoint\",\"urlTemplate\":\"https:\/\/idakorea.ee\/?s={search_term_string}\"},\"query-input\":{\"@type\":\"PropertyValueSpecification\",\"valueRequired\":true,\"valueName\":\"search_term_string\"}}],\"inLanguage\":\"fi\"},{\"@type\":\"Organization\",\"@id\":\"https:\/\/idakorea.ee\/#organization\",\"name\":\"IDA.KOREA\",\"url\":\"https:\/\/idakorea.ee\/\",\"logo\":{\"@type\":\"ImageObject\",\"inLanguage\":\"fi\",\"@id\":\"https:\/\/idakorea.ee\/#\/schema\/logo\/image\/\",\"url\":\"https:\/\/idakorea.ee\/wp-content\/uploads\/2024\/05\/cropped-korea3.png\",\"contentUrl\":\"https:\/\/idakorea.ee\/wp-content\/uploads\/2024\/05\/cropped-korea3.png\",\"width\":688,\"height\":126,\"caption\":\"IDA.KOREA\"},\"image\":{\"@id\":\"https:\/\/idakorea.ee\/#\/schema\/logo\/image\/\"},\"sameAs\":[\"https:\/\/www.instagram.com\/ida.korea\/\"]}]}<\/script>\n<!-- \/ Yoast SEO plugin. -->","yoast_head_json":{"title":"Medi-Peel Retinol Collagen Lifting Ampulli - IDA.KOREA","description":"Medi-Peel Retinol Collagen Lifting Ampoule on intensiivinen aktiivisten ainesosien tiiviste, jonka teho on todistettu.","robots":{"index":"index","follow":"follow","max-snippet":"max-snippet:-1","max-image-preview":"max-image-preview:large","max-video-preview":"max-video-preview:-1"},"canonical":"https:\/\/idakorea.ee\/fi\/product\/lifting-ampull-medi-peel-retinol-collagen-lifting-ampoule\/","og_locale":"fi_FI","og_type":"article","og_title":"Medi-Peel Retinol Collagen Lifting Ampoule - IDA.KOREA","og_description":"Lifting-ampull Medi-Peel Retinol Collagen Lifting Ampoule on intensiivne aktiivainete kontsentraat, mille efektiivsus on t\u00f5estatud","og_url":"https:\/\/idakorea.ee\/fi\/product\/lifting-ampull-medi-peel-retinol-collagen-lifting-ampoule\/","og_site_name":"IDA.KOREA","article_modified_time":"2026-03-09T12:46:54+00:00","og_image":[{"width":1000,"height":1000,"url":"https:\/\/idakorea.ee\/wp-content\/uploads\/2024\/11\/medi_peel-retinol-collagen-lifting-ampoule.jpg","type":"image\/jpeg"}],"twitter_card":"summary_large_image","twitter_misc":{"Arvioitu lukuaika":"3 minuuttia"},"schema":{"@context":"https:\/\/schema.org","@graph":[{"@type":"WebPage","@id":"https:\/\/idakorea.ee\/product\/lifting-ampull-medi-peel-retinol-collagen-lifting-ampoule\/","url":"https:\/\/idakorea.ee\/product\/lifting-ampull-medi-peel-retinol-collagen-lifting-ampoule\/","name":"Medi-Peel Retinol Collagen Lifting Ampulli - IDA.KOREA","isPartOf":{"@id":"https:\/\/idakorea.ee\/#website"},"primaryImageOfPage":{"@id":"https:\/\/idakorea.ee\/product\/lifting-ampull-medi-peel-retinol-collagen-lifting-ampoule\/#primaryimage"},"image":{"@id":"https:\/\/idakorea.ee\/product\/lifting-ampull-medi-peel-retinol-collagen-lifting-ampoule\/#primaryimage"},"thumbnailUrl":"https:\/\/idakorea.ee\/wp-content\/uploads\/2024\/11\/medi_peel-retinol-collagen-lifting-ampoule.jpg","datePublished":"2024-11-12T15:54:27+00:00","dateModified":"2026-03-09T12:46:54+00:00","description":"Medi-Peel Retinol Collagen Lifting Ampoule on intensiivinen aktiivisten ainesosien tiiviste, jonka teho on todistettu.","breadcrumb":{"@id":"https:\/\/idakorea.ee\/product\/lifting-ampull-medi-peel-retinol-collagen-lifting-ampoule\/#breadcrumb"},"inLanguage":"fi","potentialAction":[{"@type":"ReadAction","target":["https:\/\/idakorea.ee\/product\/lifting-ampull-medi-peel-retinol-collagen-lifting-ampoule\/"]}]},{"@type":"ImageObject","inLanguage":"fi","@id":"https:\/\/idakorea.ee\/product\/lifting-ampull-medi-peel-retinol-collagen-lifting-ampoule\/#primaryimage","url":"https:\/\/idakorea.ee\/wp-content\/uploads\/2024\/11\/medi_peel-retinol-collagen-lifting-ampoule.jpg","contentUrl":"https:\/\/idakorea.ee\/wp-content\/uploads\/2024\/11\/medi_peel-retinol-collagen-lifting-ampoule.jpg","width":1000,"height":1000,"caption":"Medi_Peel-Retinol-Collagen-Lifting-Ampoule"},{"@type":"BreadcrumbList","@id":"https:\/\/idakorea.ee\/product\/lifting-ampull-medi-peel-retinol-collagen-lifting-ampoule\/#breadcrumb","itemListElement":[{"@type":"ListItem","position":1,"name":"\u0413\u043b\u0430\u0432\u043d\u0430\u044f \u0441\u0442\u0440\u0430\u043d\u0438\u0446\u0430","item":"https:\/\/idakorea.ee\/"},{"@type":"ListItem","position":2,"name":"Shop","item":"https:\/\/idakorea.ee\/shop-2\/"},{"@type":"ListItem","position":3,"name":"Lifting-ampull Medi-Peel Retinol Collagen Lifting Ampoule, 50ml"}]},{"@type":"WebSite","@id":"https:\/\/idakorea.ee\/#website","url":"https:\/\/idakorea.ee\/","name":"IDA.KOREA","description":"Korean kosmetiikan verkkokauppa","publisher":{"@id":"https:\/\/idakorea.ee\/#organization"},"alternateName":"Beauty Shop","potentialAction":[{"@type":"SearchAction","target":{"@type":"EntryPoint","urlTemplate":"https:\/\/idakorea.ee\/?s={search_term_string}"},"query-input":{"@type":"PropertyValueSpecification","valueRequired":true,"valueName":"search_term_string"}}],"inLanguage":"fi"},{"@type":"Organization","@id":"https:\/\/idakorea.ee\/#organization","name":"IDA.KOREA","url":"https:\/\/idakorea.ee\/","logo":{"@type":"ImageObject","inLanguage":"fi","@id":"https:\/\/idakorea.ee\/#\/schema\/logo\/image\/","url":"https:\/\/idakorea.ee\/wp-content\/uploads\/2024\/05\/cropped-korea3.png","contentUrl":"https:\/\/idakorea.ee\/wp-content\/uploads\/2024\/05\/cropped-korea3.png","width":688,"height":126,"caption":"IDA.KOREA"},"image":{"@id":"https:\/\/idakorea.ee\/#\/schema\/logo\/image\/"},"sameAs":["https:\/\/www.instagram.com\/ida.korea\/"]}]}},"jetpack_sharing_enabled":true,"brands":[{"id":107,"name":"MEDIPEEL+","slug":"medipeel"}],"_links":{"self":[{"href":"https:\/\/idakorea.ee\/fi\/wp-json\/wp\/v2\/product\/11251","targetHints":{"allow":["GET"]}}],"collection":[{"href":"https:\/\/idakorea.ee\/fi\/wp-json\/wp\/v2\/product"}],"about":[{"href":"https:\/\/idakorea.ee\/fi\/wp-json\/wp\/v2\/types\/product"}],"replies":[{"embeddable":true,"href":"https:\/\/idakorea.ee\/fi\/wp-json\/wp\/v2\/comments?post=11251"}],"version-history":[{"count":3,"href":"https:\/\/idakorea.ee\/fi\/wp-json\/wp\/v2\/product\/11251\/revisions"}],"predecessor-version":[{"id":17514,"href":"https:\/\/idakorea.ee\/fi\/wp-json\/wp\/v2\/product\/11251\/revisions\/17514"}],"wp:featuredmedia":[{"embeddable":true,"href":"https:\/\/idakorea.ee\/fi\/wp-json\/wp\/v2\/media\/11252"}],"wp:attachment":[{"href":"https:\/\/idakorea.ee\/fi\/wp-json\/wp\/v2\/media?parent=11251"}],"wp:term":[{"taxonomy":"pwb-brand","embeddable":true,"href":"https:\/\/idakorea.ee\/fi\/wp-json\/wp\/v2\/pwb-brand?post=11251"},{"taxonomy":"product_brand","embeddable":true,"href":"https:\/\/idakorea.ee\/fi\/wp-json\/wp\/v2\/product_brand?post=11251"},{"taxonomy":"product_cat","embeddable":true,"href":"https:\/\/idakorea.ee\/fi\/wp-json\/wp\/v2\/product_cat?post=11251"},{"taxonomy":"product_tag","embeddable":true,"href":"https:\/\/idakorea.ee\/fi\/wp-json\/wp\/v2\/product_tag?post=11251"}],"curies":[{"name":"wp","href":"https:\/\/api.w.org\/{rel}","templated":true}]}}