{"id":11258,"date":"2024-11-12T18:12:19","date_gmt":"2024-11-12T16:12:19","guid":{"rendered":"https:\/\/idakorea.ee\/?post_type=product&#038;p=11258"},"modified":"2026-04-03T14:37:28","modified_gmt":"2026-04-03T12:37:28","slug":"kahetoimeline-pinguldav-kreem-medi-peel-retinol-collagen-lifting-cream-50ml","status":"publish","type":"product","link":"https:\/\/idakorea.ee\/fi\/product\/kahetoimeline-pinguldav-kreem-medi-peel-retinol-collagen-lifting-cream-50ml\/","title":{"rendered":"Kaksitoiminen kiinteytt\u00e4v\u00e4 voide Medi-Peel Retinol Collagen Lifting Cream, 50ml"},"content":{"rendered":"<p>Kaksivaikutteinen kiinteytt\u00e4v\u00e4 voide<strong> Medi-Peel Retinolia Kollageenia Kiinteytt\u00e4v\u00e4 Voide<\/strong> tarjoaa tehokasta ik\u00e4\u00e4ntymisen merkkej\u00e4 vastaan taistelevaa hoitoa: silottaa ryppyj\u00e4, v\u00e4hent\u00e4\u00e4 ihohuokosten n\u00e4kyvyytt\u00e4 ja kiinteytt\u00e4\u00e4 ihoa, lis\u00e4ten sen kimmoisuutta ja kiinteytt\u00e4.<\/p>\n<p>T\u00e4m\u00e4 kaksivaiheinen tuote koostuu klassisesta kermaisesta koostumuksesta, jota ymp\u00e4r\u00f6i kevyt geeli. Sekoittamalla koostumuksia voit s\u00e4\u00e4t\u00e4\u00e4 voiteen koostumusta: enemm\u00e4n geeli\u00e4 sekaiholle ja rasvoittuvalle iholle ja enemm\u00e4n voidetta normaalille ja kuivalle iholle. Sopii kaikkina vuodenaikoina.<\/p>\n<p>Tuote v\u00e4hent\u00e4\u00e4 silmien ja suun ymp\u00e4rill\u00e4 olevia ryppyj\u00e4 sek\u00e4 nen\u00e4n ja huulien poimuja, vahvistaa kasvojen muotoa ja silottaa nukkumisen aikana muodostuneita ryppyj\u00e4. Kosteuttaa ja pehment\u00e4\u00e4 ihoa, ehk\u00e4isee kuivumista, tasoittaa ihonv\u00e4ri\u00e4 ja parantaa ihon v\u00e4ri\u00e4.<\/p>\n<p><strong>Sis\u00e4lt\u00e4\u00e4 Retinolgen\u2122-valmistetta<\/strong> (10 000 IU \u2013 3 mg vaikuttavaa ainetta) \u2013 kuuden kapseloidun retinolin ja kollageenin yhdistelm\u00e4, joka vaikuttaa syv\u00e4ll\u00e4 ihossa. Kuusi retinolia ovat:<\/p>\n<ul>\n<li><strong>Retinyylipalmitaatti<\/strong> \u2013 A-vitamiinin esteri, joka muuttuu ihossa retinoliksi, sitten retinoliksi ja lopulta retinoihapoksi. Se toimii antioksidanttina ja hidastaa ik\u00e4\u00e4ntymist\u00e4.<\/li>\n<li><strong>Retinyyliretinoaatti<\/strong> \u2013 uusi retinolin muoto, joka stimuloi hyaluronihapon tuotantoa, v\u00e4hent\u00e4\u00e4 tulehdusta ja toimii nopeammin ja v\u00e4hemm\u00e4n \u00e4rsytt\u00e4v\u00e4sti.<\/li>\n<li><strong>Hydroksipinakoloni-retinoaatti<\/strong> \u2013 uusi, eritt\u00e4in stabiili retinolin muoto, joka on tehokas, nopeasti vaikuttava ja aiheuttaa v\u00e4hemm\u00e4n \u00e4rsytyst\u00e4.<\/li>\n<li><strong>Verkkokalvo<\/strong> \u2013 tehokas A-vitamiinin muoto, joka muuttuu v\u00e4litt\u00f6m\u00e4sti retinoihapoksi, mik\u00e4 tarjoaa ik\u00e4\u00e4ntymist\u00e4 ehk\u00e4isevi\u00e4 ja solujen uusiutumista ehk\u00e4isevi\u00e4 hy\u00f6tyj\u00e4.<\/li>\n<li><strong>Retinoli<\/strong> \u2013 yleisin retinoidi, joka muuttuu ihossa verkkokalvoksi ja sitten retinoihapoksi, jolla on ik\u00e4\u00e4ntymist\u00e4 hidastavia vaikutuksia.<\/li>\n<li><strong>Silybiini<\/strong> \u2013 maarianohdakeuutteesta johdettu kasviper\u00e4inen ainesosa, jolla on voimakkaita antioksidanttisia ominaisuuksia ja joka v\u00e4hent\u00e4\u00e4 UV-s\u00e4teilyn aiheuttamia vaurioita ja tulehdusta.<\/li>\n<\/ul>\n<p>Retinoidit stimuloivat solujen uusiutumista ja lis\u00e4\u00e4v\u00e4t kollageenin ja hyaluronihapon tuotantoa, mik\u00e4 silottaa ja kiinteytt\u00e4\u00e4 ihoa, v\u00e4hent\u00e4\u00e4 ryppyj\u00e4, tasapainottaa talin erityst\u00e4 ja vaalentaa pigmenttimuutoksia. Hydrolysoitu kollageeni kosteuttaa syv\u00e4sti ja est\u00e4\u00e4 kosteuden haihtumista yll\u00e4pit\u00e4en ihon pehmeytt\u00e4.<\/p>\n<p>Voiteella on kansainv\u00e4linen V-Label\u00ae-sertifikaatti, joka vahvistaa, ett\u00e4 tuote on vegaaninen eik\u00e4 sis\u00e4ll\u00e4 el\u00e4inper\u00e4isi\u00e4 ainesosia.<\/p>\n<p><strong>Muita vaikuttavia aineita:<\/strong><\/p>\n<ul>\n<li><strong>Jerikon ruusun uute<\/strong> \u2013 syv\u00e4kosteuttava, ravitseva ja uudistava ainesosa, joka tarjoaa antioksidanttisuojan, pit\u00e4\u00e4 solut tervein\u00e4 ja hidastaa ik\u00e4\u00e4ntymisprosessia.<\/li>\n<li><strong>Redsnow<\/strong> \u2013 Jejun saarella kasvatettuun japanilaiseen kameliauutteeseen perustuva ik\u00e4\u00e4ntymist\u00e4 est\u00e4v\u00e4 kompleksi, joka lis\u00e4\u00e4 kollageenin tuotantoa, est\u00e4\u00e4 kollageenia hajottavia geenej\u00e4 (MMP-1) ja est\u00e4\u00e4 solujen hapettumista.<\/li>\n<li><strong>MadeWhite\u2122<\/strong> \u2013 rohtosammakon (centella asiatica) johdannaisten kompleksi, joka s\u00e4\u00e4telee tulehdusta est\u00e4v\u00e4\u00e4 vastetta ja v\u00e4hent\u00e4\u00e4 aknearpia.<\/li>\n<li><strong>Vihre\u00e4 tomaatti SE<\/strong> \u2013 vihre\u00e4n tomaatin uute, joka edist\u00e4\u00e4 kollageenin tuotantoa ja kudosten uudelleenmuodostusta, tarjoten ik\u00e4\u00e4ntymist\u00e4 ehk\u00e4isevi\u00e4 vaikutuksia.<\/li>\n<li><strong>Pantenoli (B5-vitamiini)<\/strong> \u2013 nopeuttaa paranemista, rauhoittaa ja v\u00e4hent\u00e4\u00e4 \u00e4rsytyst\u00e4, palauttaa epidermiksen eheyden.<\/li>\n<li><strong>Niasiiniamidi (B3-vitamiini)<\/strong> \u2013 vaalentaa pigmenttimuutoksia, v\u00e4hent\u00e4\u00e4 talin erityst\u00e4 ja kiiltoa T-alueella sek\u00e4 vahvistaa ihon suojatoimintoja.<\/li>\n<li><strong>Syanokobalamiini (B12-vitamiini)<\/strong> \u2013 kosteuttaa, rauhoittaa, v\u00e4hent\u00e4\u00e4 tulehdusta, vahvistaa kapillaareja ja auttaa aknen hoidossa.<\/li>\n<\/ul>\n<p>&nbsp;<\/p>\n<p>Sopii kaikille ihotyypeille.<\/p>\n<p><strong>K\u00e4ytt\u00f6opas:<\/strong> Puhdistuksen, kasvoveden ja seerumin j\u00e4lkeen sekoita molempien voiteiden koostumus sopivassa suhteessa ja levit\u00e4 kasvoille kevyesti levitt\u00e4en. K\u00e4yt\u00e4 aurinkovoidetta p\u00e4iv\u00e4ll\u00e4. Ei suositella k\u00e4ytett\u00e4v\u00e4ksi raskauden ja imetyksen aikana.<\/p>","protected":false},"excerpt":{"rendered":"<p>Medi-Peel Retinol Collagen Lifting Cream tarjoaa tehokasta anti-ageing-hoitoa: tasoittaa ryppyj\u00e4, v\u00e4hent\u00e4\u00e4 huokosten n\u00e4kyvyytt\u00e4 ja kirist\u00e4\u00e4 ihoa, lis\u00e4\u00e4 kimmoisuutta ja s\u00e4teilevyytt\u00e4. T\u00e4m\u00e4 kaksivaiheinen tuote koostuu klassisesta kermaisesta koostumuksesta, jota ymp\u00e4r\u00f6i kevyt geeli. Sekoittamalla koostumuksia voidaan voiteen tiheytt\u00e4 s\u00e4\u00e4t\u00e4\u00e4: enemm\u00e4n geeli\u00e4 sekaiholle ja rasvaiselle iholle ja enemm\u00e4n voidetta normaalille ja kuivalle iholle. Sopii...<\/p>","protected":false},"featured_media":12769,"comment_status":"open","ping_status":"closed","template":"","meta":{"_uf_show_specific_survey":0,"_uf_disable_surveys":false,"_bst_post_transparent":"default","_bst_post_title":"","_bst_post_layout":"default","_bst_post_sidebar_id":"","_bst_post_content_style":"default","_bst_post_vertical_padding":"default","_bst_post_feature":"","_bst_post_feature_position":"","_bst_post_header":false,"_bst_post_footer":false},"pwb-brand":[107],"product_brand":[],"product_cat":[92,96],"product_tag":[],"class_list":{"0":"post-11258","1":"product","2":"type-product","3":"status-publish","4":"has-post-thumbnail","6":"pwb-brand-medipeel","7":"product_cat-nagu","8":"product_cat-naokreemid","10":"first","11":"instock","12":"sale","13":"shipping-taxable","14":"purchasable","15":"product-type-simple","16":"entry","17":"content-bg","18":"loop-entry"},"supplier_id":null,"supplier_sku":"","barcode":null,"atum_controlled":true,"out_stock_date":null,"out_stock_threshold":null,"inheritable":false,"inbound_stock":0,"stock_on_hold":0,"sold_today":0,"sales_last_days":0,"out_stock_days":0,"lost_sales":0,"has_location":false,"update_date":"2026-04-14T00:05:11","atum_locations":[],"atum_stock_status":"instock","restock_status":false,"low_stock_amount":"","sales_update_date":"2026-04-14T00:05:11","calc_backorders":null,"yoast_head":"<!-- This site is optimized with the Yoast SEO plugin v27.2 - https:\/\/yoast.com\/product\/yoast-seo-wordpress\/ -->\n<title>Kahetoimeline pinguldav kreem Medi-Peel Retinol Collagen Lifting Cream, 50ml - IDA.KOREA<\/title>\n<meta name=\"robots\" content=\"index, follow, max-snippet:-1, max-image-preview:large, max-video-preview:-1\" \/>\n<link rel=\"canonical\" href=\"https:\/\/idakorea.ee\/fi\/product\/kahetoimeline-pinguldav-kreem-medi-peel-retinol-collagen-lifting-cream-50ml\/\" \/>\n<meta property=\"og:locale\" content=\"fi_FI\" \/>\n<meta property=\"og:type\" content=\"article\" \/>\n<meta property=\"og:title\" content=\"Kahetoimeline pinguldav kreem Medi-Peel Retinol Collagen Lifting Cream, 50ml - IDA.KOREA\" \/>\n<meta property=\"og:description\" content=\"Kahetoimeline pinguldav kreem Medi-Peel Retinol Collagen Lifting Cream pakub tugevat vananemisvastast hooldust: silub kortse, v\u00e4hendab pooride n\u00e4htavust ja pinguldab nahka, suurendades elastsust ja prinkust. See kahefaasiline toode koosneb klassikalisest kreemjas tekstuurist, mida \u00fcmbritseb kerge geel. Tekstuure segades saab reguleerida kreemi tihedust: rohkem geeli kombineeritud ja rasusele nahale ning rohkem kreemi normaalsele ja kuivale nahale. Sobib...\" \/>\n<meta property=\"og:url\" content=\"https:\/\/idakorea.ee\/fi\/product\/kahetoimeline-pinguldav-kreem-medi-peel-retinol-collagen-lifting-cream-50ml\/\" \/>\n<meta property=\"og:site_name\" content=\"IDA.KOREA\" \/>\n<meta property=\"article:modified_time\" content=\"2026-04-03T12:37:28+00:00\" \/>\n<meta property=\"og:image\" content=\"https:\/\/idakorea.ee\/wp-content\/uploads\/2024\/11\/dsgegergr-wewfevvv.png\" \/>\n\t<meta property=\"og:image:width\" content=\"800\" \/>\n\t<meta property=\"og:image:height\" content=\"800\" \/>\n\t<meta property=\"og:image:type\" content=\"image\/png\" \/>\n<meta name=\"twitter:card\" content=\"summary_large_image\" \/>\n<meta name=\"twitter:label1\" content=\"Arvioitu lukuaika\" \/>\n\t<meta name=\"twitter:data1\" content=\"3 minuuttia\" \/>\n<script type=\"application\/ld+json\" class=\"yoast-schema-graph\">{\"@context\":\"https:\/\/schema.org\",\"@graph\":[{\"@type\":\"WebPage\",\"@id\":\"https:\/\/idakorea.ee\/product\/kahetoimeline-pinguldav-kreem-medi-peel-retinol-collagen-lifting-cream-50ml\/\",\"url\":\"https:\/\/idakorea.ee\/product\/kahetoimeline-pinguldav-kreem-medi-peel-retinol-collagen-lifting-cream-50ml\/\",\"name\":\"Kahetoimeline pinguldav kreem Medi-Peel Retinol Collagen Lifting Cream, 50ml - IDA.KOREA\",\"isPartOf\":{\"@id\":\"https:\/\/idakorea.ee\/#website\"},\"primaryImageOfPage\":{\"@id\":\"https:\/\/idakorea.ee\/product\/kahetoimeline-pinguldav-kreem-medi-peel-retinol-collagen-lifting-cream-50ml\/#primaryimage\"},\"image\":{\"@id\":\"https:\/\/idakorea.ee\/product\/kahetoimeline-pinguldav-kreem-medi-peel-retinol-collagen-lifting-cream-50ml\/#primaryimage\"},\"thumbnailUrl\":\"https:\/\/idakorea.ee\/wp-content\/uploads\/2024\/11\/dsgegergr-wewfevvv.png\",\"datePublished\":\"2024-11-12T16:12:19+00:00\",\"dateModified\":\"2026-04-03T12:37:28+00:00\",\"breadcrumb\":{\"@id\":\"https:\/\/idakorea.ee\/product\/kahetoimeline-pinguldav-kreem-medi-peel-retinol-collagen-lifting-cream-50ml\/#breadcrumb\"},\"inLanguage\":\"fi\",\"potentialAction\":[{\"@type\":\"ReadAction\",\"target\":[\"https:\/\/idakorea.ee\/product\/kahetoimeline-pinguldav-kreem-medi-peel-retinol-collagen-lifting-cream-50ml\/\"]}]},{\"@type\":\"ImageObject\",\"inLanguage\":\"fi\",\"@id\":\"https:\/\/idakorea.ee\/product\/kahetoimeline-pinguldav-kreem-medi-peel-retinol-collagen-lifting-cream-50ml\/#primaryimage\",\"url\":\"https:\/\/idakorea.ee\/wp-content\/uploads\/2024\/11\/dsgegergr-wewfevvv.png\",\"contentUrl\":\"https:\/\/idakorea.ee\/wp-content\/uploads\/2024\/11\/dsgegergr-wewfevvv.png\",\"width\":800,\"height\":800},{\"@type\":\"BreadcrumbList\",\"@id\":\"https:\/\/idakorea.ee\/product\/kahetoimeline-pinguldav-kreem-medi-peel-retinol-collagen-lifting-cream-50ml\/#breadcrumb\",\"itemListElement\":[{\"@type\":\"ListItem\",\"position\":1,\"name\":\"\u0413\u043b\u0430\u0432\u043d\u0430\u044f \u0441\u0442\u0440\u0430\u043d\u0438\u0446\u0430\",\"item\":\"https:\/\/idakorea.ee\/\"},{\"@type\":\"ListItem\",\"position\":2,\"name\":\"Shop\",\"item\":\"https:\/\/idakorea.ee\/shop-2\/\"},{\"@type\":\"ListItem\",\"position\":3,\"name\":\"Kahetoimeline pinguldav kreem Medi-Peel Retinol Collagen Lifting Cream, 50ml\"}]},{\"@type\":\"WebSite\",\"@id\":\"https:\/\/idakorea.ee\/#website\",\"url\":\"https:\/\/idakorea.ee\/\",\"name\":\"IDA.KOREA\",\"description\":\"Korea kosmeetika e-pood\",\"publisher\":{\"@id\":\"https:\/\/idakorea.ee\/#organization\"},\"alternateName\":\"Beauty Shop\",\"potentialAction\":[{\"@type\":\"SearchAction\",\"target\":{\"@type\":\"EntryPoint\",\"urlTemplate\":\"https:\/\/idakorea.ee\/?s={search_term_string}\"},\"query-input\":{\"@type\":\"PropertyValueSpecification\",\"valueRequired\":true,\"valueName\":\"search_term_string\"}}],\"inLanguage\":\"fi\"},{\"@type\":\"Organization\",\"@id\":\"https:\/\/idakorea.ee\/#organization\",\"name\":\"IDA.KOREA\",\"url\":\"https:\/\/idakorea.ee\/\",\"logo\":{\"@type\":\"ImageObject\",\"inLanguage\":\"fi\",\"@id\":\"https:\/\/idakorea.ee\/#\/schema\/logo\/image\/\",\"url\":\"https:\/\/idakorea.ee\/wp-content\/uploads\/2024\/05\/cropped-korea3.png\",\"contentUrl\":\"https:\/\/idakorea.ee\/wp-content\/uploads\/2024\/05\/cropped-korea3.png\",\"width\":688,\"height\":126,\"caption\":\"IDA.KOREA\"},\"image\":{\"@id\":\"https:\/\/idakorea.ee\/#\/schema\/logo\/image\/\"},\"sameAs\":[\"https:\/\/www.instagram.com\/ida.korea\/\"]}]}<\/script>\n<!-- \/ Yoast SEO plugin. -->","yoast_head_json":{"title":"Kaksivaikutteinen kiinteytt\u00e4v\u00e4 voide Medi-Peel Retinol Collagen Lifting Cream, 50ml - IDA.KOREA","robots":{"index":"index","follow":"follow","max-snippet":"max-snippet:-1","max-image-preview":"max-image-preview:large","max-video-preview":"max-video-preview:-1"},"canonical":"https:\/\/idakorea.ee\/fi\/product\/kahetoimeline-pinguldav-kreem-medi-peel-retinol-collagen-lifting-cream-50ml\/","og_locale":"fi_FI","og_type":"article","og_title":"Kahetoimeline pinguldav kreem Medi-Peel Retinol Collagen Lifting Cream, 50ml - IDA.KOREA","og_description":"Kahetoimeline pinguldav kreem Medi-Peel Retinol Collagen Lifting Cream pakub tugevat vananemisvastast hooldust: silub kortse, v\u00e4hendab pooride n\u00e4htavust ja pinguldab nahka, suurendades elastsust ja prinkust. See kahefaasiline toode koosneb klassikalisest kreemjas tekstuurist, mida \u00fcmbritseb kerge geel. Tekstuure segades saab reguleerida kreemi tihedust: rohkem geeli kombineeritud ja rasusele nahale ning rohkem kreemi normaalsele ja kuivale nahale. Sobib...","og_url":"https:\/\/idakorea.ee\/fi\/product\/kahetoimeline-pinguldav-kreem-medi-peel-retinol-collagen-lifting-cream-50ml\/","og_site_name":"IDA.KOREA","article_modified_time":"2026-04-03T12:37:28+00:00","og_image":[{"width":800,"height":800,"url":"https:\/\/idakorea.ee\/wp-content\/uploads\/2024\/11\/dsgegergr-wewfevvv.png","type":"image\/png"}],"twitter_card":"summary_large_image","twitter_misc":{"Arvioitu lukuaika":"3 minuuttia"},"schema":{"@context":"https:\/\/schema.org","@graph":[{"@type":"WebPage","@id":"https:\/\/idakorea.ee\/product\/kahetoimeline-pinguldav-kreem-medi-peel-retinol-collagen-lifting-cream-50ml\/","url":"https:\/\/idakorea.ee\/product\/kahetoimeline-pinguldav-kreem-medi-peel-retinol-collagen-lifting-cream-50ml\/","name":"Kaksivaikutteinen kiinteytt\u00e4v\u00e4 voide Medi-Peel Retinol Collagen Lifting Cream, 50ml - IDA.KOREA","isPartOf":{"@id":"https:\/\/idakorea.ee\/#website"},"primaryImageOfPage":{"@id":"https:\/\/idakorea.ee\/product\/kahetoimeline-pinguldav-kreem-medi-peel-retinol-collagen-lifting-cream-50ml\/#primaryimage"},"image":{"@id":"https:\/\/idakorea.ee\/product\/kahetoimeline-pinguldav-kreem-medi-peel-retinol-collagen-lifting-cream-50ml\/#primaryimage"},"thumbnailUrl":"https:\/\/idakorea.ee\/wp-content\/uploads\/2024\/11\/dsgegergr-wewfevvv.png","datePublished":"2024-11-12T16:12:19+00:00","dateModified":"2026-04-03T12:37:28+00:00","breadcrumb":{"@id":"https:\/\/idakorea.ee\/product\/kahetoimeline-pinguldav-kreem-medi-peel-retinol-collagen-lifting-cream-50ml\/#breadcrumb"},"inLanguage":"fi","potentialAction":[{"@type":"ReadAction","target":["https:\/\/idakorea.ee\/product\/kahetoimeline-pinguldav-kreem-medi-peel-retinol-collagen-lifting-cream-50ml\/"]}]},{"@type":"ImageObject","inLanguage":"fi","@id":"https:\/\/idakorea.ee\/product\/kahetoimeline-pinguldav-kreem-medi-peel-retinol-collagen-lifting-cream-50ml\/#primaryimage","url":"https:\/\/idakorea.ee\/wp-content\/uploads\/2024\/11\/dsgegergr-wewfevvv.png","contentUrl":"https:\/\/idakorea.ee\/wp-content\/uploads\/2024\/11\/dsgegergr-wewfevvv.png","width":800,"height":800},{"@type":"BreadcrumbList","@id":"https:\/\/idakorea.ee\/product\/kahetoimeline-pinguldav-kreem-medi-peel-retinol-collagen-lifting-cream-50ml\/#breadcrumb","itemListElement":[{"@type":"ListItem","position":1,"name":"\u0413\u043b\u0430\u0432\u043d\u0430\u044f \u0441\u0442\u0440\u0430\u043d\u0438\u0446\u0430","item":"https:\/\/idakorea.ee\/"},{"@type":"ListItem","position":2,"name":"Shop","item":"https:\/\/idakorea.ee\/shop-2\/"},{"@type":"ListItem","position":3,"name":"Kahetoimeline pinguldav kreem Medi-Peel Retinol Collagen Lifting Cream, 50ml"}]},{"@type":"WebSite","@id":"https:\/\/idakorea.ee\/#website","url":"https:\/\/idakorea.ee\/","name":"IDA.KOREA","description":"Korean kosmetiikan verkkokauppa","publisher":{"@id":"https:\/\/idakorea.ee\/#organization"},"alternateName":"Beauty Shop","potentialAction":[{"@type":"SearchAction","target":{"@type":"EntryPoint","urlTemplate":"https:\/\/idakorea.ee\/?s={search_term_string}"},"query-input":{"@type":"PropertyValueSpecification","valueRequired":true,"valueName":"search_term_string"}}],"inLanguage":"fi"},{"@type":"Organization","@id":"https:\/\/idakorea.ee\/#organization","name":"IDA.KOREA","url":"https:\/\/idakorea.ee\/","logo":{"@type":"ImageObject","inLanguage":"fi","@id":"https:\/\/idakorea.ee\/#\/schema\/logo\/image\/","url":"https:\/\/idakorea.ee\/wp-content\/uploads\/2024\/05\/cropped-korea3.png","contentUrl":"https:\/\/idakorea.ee\/wp-content\/uploads\/2024\/05\/cropped-korea3.png","width":688,"height":126,"caption":"IDA.KOREA"},"image":{"@id":"https:\/\/idakorea.ee\/#\/schema\/logo\/image\/"},"sameAs":["https:\/\/www.instagram.com\/ida.korea\/"]}]}},"jetpack_sharing_enabled":true,"brands":[{"id":107,"name":"MEDIPEEL+","slug":"medipeel"}],"_links":{"self":[{"href":"https:\/\/idakorea.ee\/fi\/wp-json\/wp\/v2\/product\/11258","targetHints":{"allow":["GET"]}}],"collection":[{"href":"https:\/\/idakorea.ee\/fi\/wp-json\/wp\/v2\/product"}],"about":[{"href":"https:\/\/idakorea.ee\/fi\/wp-json\/wp\/v2\/types\/product"}],"replies":[{"embeddable":true,"href":"https:\/\/idakorea.ee\/fi\/wp-json\/wp\/v2\/comments?post=11258"}],"version-history":[{"count":1,"href":"https:\/\/idakorea.ee\/fi\/wp-json\/wp\/v2\/product\/11258\/revisions"}],"predecessor-version":[{"id":11263,"href":"https:\/\/idakorea.ee\/fi\/wp-json\/wp\/v2\/product\/11258\/revisions\/11263"}],"wp:featuredmedia":[{"embeddable":true,"href":"https:\/\/idakorea.ee\/fi\/wp-json\/wp\/v2\/media\/12769"}],"wp:attachment":[{"href":"https:\/\/idakorea.ee\/fi\/wp-json\/wp\/v2\/media?parent=11258"}],"wp:term":[{"taxonomy":"pwb-brand","embeddable":true,"href":"https:\/\/idakorea.ee\/fi\/wp-json\/wp\/v2\/pwb-brand?post=11258"},{"taxonomy":"product_brand","embeddable":true,"href":"https:\/\/idakorea.ee\/fi\/wp-json\/wp\/v2\/product_brand?post=11258"},{"taxonomy":"product_cat","embeddable":true,"href":"https:\/\/idakorea.ee\/fi\/wp-json\/wp\/v2\/product_cat?post=11258"},{"taxonomy":"product_tag","embeddable":true,"href":"https:\/\/idakorea.ee\/fi\/wp-json\/wp\/v2\/product_tag?post=11258"}],"curies":[{"name":"wp","href":"https:\/\/api.w.org\/{rel}","templated":true}]}}