{"id":11267,"date":"2024-11-13T12:31:29","date_gmt":"2024-11-13T10:31:29","guid":{"rendered":"https:\/\/idakorea.ee\/?post_type=product&#038;p=11267"},"modified":"2026-01-30T15:50:09","modified_gmt":"2026-01-30T13:50:09","slug":"niisutav-silmakreem-purito-centella-green-level-eye-cream-30ml","status":"publish","type":"product","link":"https:\/\/idakorea.ee\/fi\/product\/niisutav-silmakreem-purito-centella-green-level-eye-cream-30ml\/","title":{"rendered":"Kosteuttava silm\u00e4nymp\u00e4rysvoide Purito Centella Green Level Eye Cream, 30ml"},"content":{"rendered":"<p><strong>Purito Centella Green Level -silm\u00e4nymp\u00e4rysvoide<\/strong> Ravitsee ja kosteuttaa silm\u00e4nymp\u00e4rysihoa, rikastuttaa sit\u00e4 kosteudella, lis\u00e4\u00e4 ihon kimmoisuutta ja s\u00e4vy\u00e4 sek\u00e4 poistaa kuivuutta. Voiteen kevyt koostumus imeytyy nopeasti, k\u00e4ynnist\u00e4\u00e4 ihon aineenvaihduntaprosesseja, poistaa myrkkyj\u00e4, kirkastaa tummia silm\u00e4nalusia ja v\u00e4hent\u00e4\u00e4 turvotusta.<\/p>\n<p>T\u00e4m\u00e4 korealainen kosteuttava silm\u00e4nymp\u00e4rysvoide sis\u00e4lt\u00e4\u00e4 peptidikompleksin, joka tarjoaa intensiivist\u00e4 nuorentavaa ja silottavaa hoitoa. Yhdess\u00e4 korkean pitoisuuden kanssa lumpeen kanssa se stimuloi ihon uudistumista, silottaa ihon rakennetta ja parantaa ihon kiinteytt\u00e4 ja elastisuutta, t\u00e4ytt\u00e4\u00e4 ryppyj\u00e4 ja ehk\u00e4isee ennenaikaista ik\u00e4\u00e4ntymist\u00e4.<\/p>\n<p><strong>Aktiiviset ainesosat:<\/strong><\/p>\n<ul>\n<li><strong>Aasian vesinapan uute (49%)<\/strong> \u2013 stimuloi solujen aineenvaihduntaa, nopeuttaa uudistumista, parantaa ihon s\u00e4vy\u00e4, kimmoisuutta ja kiinteytt\u00e4. Tasoittaa ihon pintaa, v\u00e4hent\u00e4\u00e4 ryppyjen syvyytt\u00e4, parantaa mikrohalkeamia ja arpia, vahvistaa hiussuonia, poistaa couperosaa ja tummia silm\u00e4nalusia, ehk\u00e4isee kuivuutta ja \u00e4rsytyst\u00e4.<\/li>\n<li><strong>Peptidikompleksi (palmitoyyliheksapeptidi-12, palmitoyylitripeptidi-1, palmitoyylitetrapeptidi-7, palmitoyylidipeptidi-10)<\/strong> \u2013 stimuloi ihon uusiutumista ja uudistumista, parantaa kollageenikuitujen toimintaa, lis\u00e4\u00e4 ihon kiinteytt\u00e4 ja elastisuutta, v\u00e4hent\u00e4\u00e4 ryppyj\u00e4 ja pigmenttimuutoksia sek\u00e4 palauttaa tehokkaasti ihon pintaa.<\/li>\n<\/ul>\n<p><strong>Voide sis\u00e4lt\u00e4\u00e4 my\u00f6s:<\/strong><\/p>\n<ul>\n<li><strong>Sheawi<\/strong> \u2013 uudistaa ihoa, kosteuttaa ja ravitsee ihosoluja, est\u00e4\u00e4 kosteuden haihtumista, pehment\u00e4\u00e4 ja vahvistaa sidekudosta.<\/li>\n<li><strong>Hyaluronihappo<\/strong> \u2013 s\u00e4ilytt\u00e4\u00e4 kosteuden ihosoluissa, poistaa kuivuutta ja hilseily\u00e4, lis\u00e4\u00e4 ihon s\u00e4vy\u00e4 ja kimmoisuutta.<\/li>\n<li><strong>Hydrolysoitu kollageeni<\/strong> \u2013 vet\u00e4\u00e4 kosteutta ihon syvempiin kerroksiin, yll\u00e4pit\u00e4\u00e4 kosteustasapainoa, stimuloi kollageenis\u00e4ikeit\u00e4, lis\u00e4\u00e4 ihon kiinteytt\u00e4 ja elastisuutta sek\u00e4 tasoittaa ryppyjen syvyytt\u00e4.<\/li>\n<li><strong>Argan\u00f6ljy<\/strong> \u2013 ravitsee ja kosteuttaa, v\u00e4hent\u00e4\u00e4 kuivuutta ja hilseily\u00e4, vahvistaa ihon suojatoimintoja, hoitaa ihoa.<\/li>\n<li><strong>Macadamia\u00f6ljy<\/strong> \u2013 kosteuttaa ihoa, antaa sille kiinteytt\u00e4 ja terveen hehkun.<\/li>\n<li><strong>Keramidit NP<\/strong> \u2013 stimuloivat ihon uusiutumista, lis\u00e4\u00e4v\u00e4t kosteustasoja ja suojaavat syvempi\u00e4 kerroksia kosteuden menetykselt\u00e4, vahvistavat ihon suojakerrosta.<\/li>\n<li><strong>Pankratio<\/strong> \u2013 kiihdytt\u00e4\u00e4 solujen aineenvaihduntaa, poistaa myrkkyj\u00e4, v\u00e4hent\u00e4\u00e4 turvotusta, ehk\u00e4isee ik\u00e4\u00e4ntymist\u00e4 ja tasoittaa ryppyjen syvyytt\u00e4.<\/li>\n<li><strong>Kamelian lehtiuute<\/strong> \u2013 kosteuttaa, ehk\u00e4isee kosteuden haihtumista, vaalentaa pigmenttimuutoksia ja vahvistaa ihon suojakerrosta.<\/li>\n<li><strong>Merikasviuute (Alteromonas Ferment Extract)<\/strong> \u2013 kosteuttaa, ravitsee ja kiinteytt\u00e4\u00e4 ihon pintakerrosta syv\u00e4lt\u00e4, v\u00e4hent\u00e4en ryppyj\u00e4 ja lis\u00e4\u00e4den ihon kiinteytt\u00e4.<\/li>\n<li><strong>Bergamotti\u00f6ljy<\/strong> \u2013 parantava ja tulehdusta ehk\u00e4isev\u00e4, lievitt\u00e4\u00e4 \u00e4rsytyst\u00e4, lis\u00e4\u00e4 s\u00e4vy\u00e4 ja kiinteytt\u00e4.<\/li>\n<li><strong>Laventeli\u00f6ljy<\/strong> \u2013 kosteuttaa, v\u00e4hent\u00e4\u00e4 \u00e4rsytyst\u00e4 ja tulehdusta, antiseptinen, ehk\u00e4isee tulehdusta ja v\u00e4hent\u00e4\u00e4 liiallista kiiltoa, vahvistaa verisuonia ja kirkastaa tummia silm\u00e4nalusia.<\/li>\n<\/ul>\n<p>&nbsp;<\/p>\n<p>Sopii herk\u00e4lle, kuivalle iholle, mukaan lukien ohuelle ja kimmoisuutta menett\u00e4neelle iholle, jolla on turvotusta ja tummia silm\u00e4nalusia.<\/p>\n<p><strong>K\u00e4ytt\u00f6opas:<\/strong> Levit\u00e4 tarvittava m\u00e4\u00e4r\u00e4 voidetta silm\u00e4nymp\u00e4rysiholle ja levit\u00e4 kevyesti hierovin liikkein.<\/p>\n<p><strong>Erityist\u00e4 hoitoa:<\/strong> Tehokkaamman ik\u00e4\u00e4ntymist\u00e4 ehk\u00e4isev\u00e4n vaikutuksen saavuttamiseksi sekoita tippa seerumia pieneen m\u00e4\u00e4r\u00e4\u00e4n voidetta ja levit\u00e4 silm\u00e4nymp\u00e4rysiholle kevyin hierovin liikkein.<\/p>","protected":false},"excerpt":{"rendered":"<p>Purito Centella Green Level -silm\u00e4nymp\u00e4rysvoide ravitsee ja kosteuttaa silm\u00e4nymp\u00e4rysihoa, rikastuttaa sit\u00e4 kosteudella, lis\u00e4\u00e4 ihon kimmoisuutta ja s\u00e4vy\u00e4 sek\u00e4 poistaa kuivuutta. Voiteen kevyt koostumus imeytyy nopeasti, tehostaa ihon aineenvaihduntaa, poistaa myrkkyj\u00e4, kirkastaa tummia silm\u00e4nalusia ja v\u00e4hent\u00e4\u00e4 turvotusta. Korealaista alkuper\u00e4\u00e4 oleva kosteuttava silm\u00e4nymp\u00e4rysvoide sis\u00e4lt\u00e4\u00e4 peptidikompleksin, joka antaa intensiivist\u00e4 nuorentavaa ja silottavaa hoitoa. Yhdistettyn\u00e4 korkeaan vesipitoisuuteen...<\/p>","protected":false},"featured_media":12777,"comment_status":"open","ping_status":"closed","template":"","meta":{"_uf_show_specific_survey":0,"_uf_disable_surveys":false,"_bst_post_transparent":"default","_bst_post_title":"","_bst_post_layout":"default","_bst_post_sidebar_id":"","_bst_post_content_style":"default","_bst_post_vertical_padding":"default","_bst_post_feature":"","_bst_post_feature_position":"","_bst_post_header":false,"_bst_post_footer":false},"pwb-brand":[491],"product_brand":[],"product_cat":[92,99,201],"product_tag":[678,568,677],"class_list":{"0":"post-11267","1":"product","2":"type-product","3":"status-publish","4":"has-post-thumbnail","6":"pwb-brand-purito","7":"product_cat-nagu","8":"product_cat-silmad-ja-huuled-2","9":"product_cat-silmakreem","10":"product_tag-eye-cream","11":"product_tag-korea","12":"product_tag-purito","14":"first","15":"instock","16":"sale","17":"shipping-taxable","18":"purchasable","19":"product-type-simple","20":"entry","21":"content-bg","22":"loop-entry"},"supplier_id":null,"supplier_sku":"","barcode":null,"atum_controlled":true,"out_stock_date":null,"out_stock_threshold":null,"inheritable":false,"inbound_stock":0,"stock_on_hold":0,"sold_today":0,"sales_last_days":0,"out_stock_days":0,"lost_sales":0,"has_location":false,"update_date":"2026-04-14T00:05:04","atum_locations":[],"atum_stock_status":"instock","restock_status":false,"low_stock_amount":"","sales_update_date":"2026-04-14T00:05:04","calc_backorders":null,"yoast_head":"<!-- This site is optimized with the Yoast SEO plugin v27.2 - https:\/\/yoast.com\/product\/yoast-seo-wordpress\/ -->\n<title>Niisutav silmakreem Purito Centella Green Level Eye Cream, 30ml - IDA.KOREA<\/title>\n<meta name=\"robots\" content=\"index, follow, max-snippet:-1, max-image-preview:large, max-video-preview:-1\" \/>\n<link rel=\"canonical\" href=\"https:\/\/idakorea.ee\/fi\/product\/niisutav-silmakreem-purito-centella-green-level-eye-cream-30ml\/\" \/>\n<meta property=\"og:locale\" content=\"fi_FI\" \/>\n<meta property=\"og:type\" content=\"article\" \/>\n<meta property=\"og:title\" content=\"Niisutav silmakreem Purito Centella Green Level Eye Cream, 30ml - IDA.KOREA\" \/>\n<meta property=\"og:description\" content=\"Purito\u00a0Centella Green Level Eye Cream toidab ja niisutab silmaalust nahka, rikastab seda niiskusega, suurendades naha elastsust ja toonust ning k\u00f5rvaldades kuivuse. Kreemil on kerge tekstuur, mis imendub kiiresti, k\u00e4ivitab naha ainevahetusprotsessid, eemaldab toksiine, helendab tumedaid silmaaluseid ja v\u00e4hendab turset. Korea p\u00e4ritolu niisutav silmakreem sisaldab peptiidikompleksi, mis pakub intensiivset noorendavat ja siluvat hooldust. Koos k\u00f5rge vesinaba...\" \/>\n<meta property=\"og:url\" content=\"https:\/\/idakorea.ee\/fi\/product\/niisutav-silmakreem-purito-centella-green-level-eye-cream-30ml\/\" \/>\n<meta property=\"og:site_name\" content=\"IDA.KOREA\" \/>\n<meta property=\"article:modified_time\" content=\"2026-01-30T13:50:09+00:00\" \/>\n<meta property=\"og:image\" content=\"https:\/\/idakorea.ee\/wp-content\/uploads\/2024\/11\/efewgluityuty-yrrffw.png\" \/>\n\t<meta property=\"og:image:width\" content=\"804\" \/>\n\t<meta property=\"og:image:height\" content=\"802\" \/>\n\t<meta property=\"og:image:type\" content=\"image\/png\" \/>\n<meta name=\"twitter:card\" content=\"summary_large_image\" \/>\n<meta name=\"twitter:label1\" content=\"Arvioitu lukuaika\" \/>\n\t<meta name=\"twitter:data1\" content=\"3 minuuttia\" \/>\n<script type=\"application\/ld+json\" class=\"yoast-schema-graph\">{\"@context\":\"https:\/\/schema.org\",\"@graph\":[{\"@type\":\"WebPage\",\"@id\":\"https:\/\/idakorea.ee\/product\/niisutav-silmakreem-purito-centella-green-level-eye-cream-30ml\/\",\"url\":\"https:\/\/idakorea.ee\/product\/niisutav-silmakreem-purito-centella-green-level-eye-cream-30ml\/\",\"name\":\"Niisutav silmakreem Purito Centella Green Level Eye Cream, 30ml - IDA.KOREA\",\"isPartOf\":{\"@id\":\"https:\/\/idakorea.ee\/#website\"},\"primaryImageOfPage\":{\"@id\":\"https:\/\/idakorea.ee\/product\/niisutav-silmakreem-purito-centella-green-level-eye-cream-30ml\/#primaryimage\"},\"image\":{\"@id\":\"https:\/\/idakorea.ee\/product\/niisutav-silmakreem-purito-centella-green-level-eye-cream-30ml\/#primaryimage\"},\"thumbnailUrl\":\"https:\/\/idakorea.ee\/wp-content\/uploads\/2024\/11\/efewgluityuty-yrrffw.png\",\"datePublished\":\"2024-11-13T10:31:29+00:00\",\"dateModified\":\"2026-01-30T13:50:09+00:00\",\"breadcrumb\":{\"@id\":\"https:\/\/idakorea.ee\/product\/niisutav-silmakreem-purito-centella-green-level-eye-cream-30ml\/#breadcrumb\"},\"inLanguage\":\"fi\",\"potentialAction\":[{\"@type\":\"ReadAction\",\"target\":[\"https:\/\/idakorea.ee\/product\/niisutav-silmakreem-purito-centella-green-level-eye-cream-30ml\/\"]}]},{\"@type\":\"ImageObject\",\"inLanguage\":\"fi\",\"@id\":\"https:\/\/idakorea.ee\/product\/niisutav-silmakreem-purito-centella-green-level-eye-cream-30ml\/#primaryimage\",\"url\":\"https:\/\/idakorea.ee\/wp-content\/uploads\/2024\/11\/efewgluityuty-yrrffw.png\",\"contentUrl\":\"https:\/\/idakorea.ee\/wp-content\/uploads\/2024\/11\/efewgluityuty-yrrffw.png\",\"width\":804,\"height\":802},{\"@type\":\"BreadcrumbList\",\"@id\":\"https:\/\/idakorea.ee\/product\/niisutav-silmakreem-purito-centella-green-level-eye-cream-30ml\/#breadcrumb\",\"itemListElement\":[{\"@type\":\"ListItem\",\"position\":1,\"name\":\"\u0413\u043b\u0430\u0432\u043d\u0430\u044f \u0441\u0442\u0440\u0430\u043d\u0438\u0446\u0430\",\"item\":\"https:\/\/idakorea.ee\/\"},{\"@type\":\"ListItem\",\"position\":2,\"name\":\"Shop\",\"item\":\"https:\/\/idakorea.ee\/shop-2\/\"},{\"@type\":\"ListItem\",\"position\":3,\"name\":\"Niisutav silmakreem Purito Centella Green Level Eye Cream, 30ml\"}]},{\"@type\":\"WebSite\",\"@id\":\"https:\/\/idakorea.ee\/#website\",\"url\":\"https:\/\/idakorea.ee\/\",\"name\":\"IDA.KOREA\",\"description\":\"Korea kosmeetika e-pood\",\"publisher\":{\"@id\":\"https:\/\/idakorea.ee\/#organization\"},\"alternateName\":\"Beauty Shop\",\"potentialAction\":[{\"@type\":\"SearchAction\",\"target\":{\"@type\":\"EntryPoint\",\"urlTemplate\":\"https:\/\/idakorea.ee\/?s={search_term_string}\"},\"query-input\":{\"@type\":\"PropertyValueSpecification\",\"valueRequired\":true,\"valueName\":\"search_term_string\"}}],\"inLanguage\":\"fi\"},{\"@type\":\"Organization\",\"@id\":\"https:\/\/idakorea.ee\/#organization\",\"name\":\"IDA.KOREA\",\"url\":\"https:\/\/idakorea.ee\/\",\"logo\":{\"@type\":\"ImageObject\",\"inLanguage\":\"fi\",\"@id\":\"https:\/\/idakorea.ee\/#\/schema\/logo\/image\/\",\"url\":\"https:\/\/idakorea.ee\/wp-content\/uploads\/2024\/05\/cropped-korea3.png\",\"contentUrl\":\"https:\/\/idakorea.ee\/wp-content\/uploads\/2024\/05\/cropped-korea3.png\",\"width\":688,\"height\":126,\"caption\":\"IDA.KOREA\"},\"image\":{\"@id\":\"https:\/\/idakorea.ee\/#\/schema\/logo\/image\/\"},\"sameAs\":[\"https:\/\/www.instagram.com\/ida.korea\/\"]}]}<\/script>\n<!-- \/ Yoast SEO plugin. -->","yoast_head_json":{"title":"Kosteuttava silm\u00e4nymp\u00e4rysvoide Purito Centella Green Level Eye Cream, 30ml - IDA.KOREA","robots":{"index":"index","follow":"follow","max-snippet":"max-snippet:-1","max-image-preview":"max-image-preview:large","max-video-preview":"max-video-preview:-1"},"canonical":"https:\/\/idakorea.ee\/fi\/product\/niisutav-silmakreem-purito-centella-green-level-eye-cream-30ml\/","og_locale":"fi_FI","og_type":"article","og_title":"Niisutav silmakreem Purito Centella Green Level Eye Cream, 30ml - IDA.KOREA","og_description":"Purito\u00a0Centella Green Level Eye Cream toidab ja niisutab silmaalust nahka, rikastab seda niiskusega, suurendades naha elastsust ja toonust ning k\u00f5rvaldades kuivuse. Kreemil on kerge tekstuur, mis imendub kiiresti, k\u00e4ivitab naha ainevahetusprotsessid, eemaldab toksiine, helendab tumedaid silmaaluseid ja v\u00e4hendab turset. Korea p\u00e4ritolu niisutav silmakreem sisaldab peptiidikompleksi, mis pakub intensiivset noorendavat ja siluvat hooldust. Koos k\u00f5rge vesinaba...","og_url":"https:\/\/idakorea.ee\/fi\/product\/niisutav-silmakreem-purito-centella-green-level-eye-cream-30ml\/","og_site_name":"IDA.KOREA","article_modified_time":"2026-01-30T13:50:09+00:00","og_image":[{"width":804,"height":802,"url":"https:\/\/idakorea.ee\/wp-content\/uploads\/2024\/11\/efewgluityuty-yrrffw.png","type":"image\/png"}],"twitter_card":"summary_large_image","twitter_misc":{"Arvioitu lukuaika":"3 minuuttia"},"schema":{"@context":"https:\/\/schema.org","@graph":[{"@type":"WebPage","@id":"https:\/\/idakorea.ee\/product\/niisutav-silmakreem-purito-centella-green-level-eye-cream-30ml\/","url":"https:\/\/idakorea.ee\/product\/niisutav-silmakreem-purito-centella-green-level-eye-cream-30ml\/","name":"Kosteuttava silm\u00e4nymp\u00e4rysvoide Purito Centella Green Level Eye Cream, 30ml - IDA.KOREA","isPartOf":{"@id":"https:\/\/idakorea.ee\/#website"},"primaryImageOfPage":{"@id":"https:\/\/idakorea.ee\/product\/niisutav-silmakreem-purito-centella-green-level-eye-cream-30ml\/#primaryimage"},"image":{"@id":"https:\/\/idakorea.ee\/product\/niisutav-silmakreem-purito-centella-green-level-eye-cream-30ml\/#primaryimage"},"thumbnailUrl":"https:\/\/idakorea.ee\/wp-content\/uploads\/2024\/11\/efewgluityuty-yrrffw.png","datePublished":"2024-11-13T10:31:29+00:00","dateModified":"2026-01-30T13:50:09+00:00","breadcrumb":{"@id":"https:\/\/idakorea.ee\/product\/niisutav-silmakreem-purito-centella-green-level-eye-cream-30ml\/#breadcrumb"},"inLanguage":"fi","potentialAction":[{"@type":"ReadAction","target":["https:\/\/idakorea.ee\/product\/niisutav-silmakreem-purito-centella-green-level-eye-cream-30ml\/"]}]},{"@type":"ImageObject","inLanguage":"fi","@id":"https:\/\/idakorea.ee\/product\/niisutav-silmakreem-purito-centella-green-level-eye-cream-30ml\/#primaryimage","url":"https:\/\/idakorea.ee\/wp-content\/uploads\/2024\/11\/efewgluityuty-yrrffw.png","contentUrl":"https:\/\/idakorea.ee\/wp-content\/uploads\/2024\/11\/efewgluityuty-yrrffw.png","width":804,"height":802},{"@type":"BreadcrumbList","@id":"https:\/\/idakorea.ee\/product\/niisutav-silmakreem-purito-centella-green-level-eye-cream-30ml\/#breadcrumb","itemListElement":[{"@type":"ListItem","position":1,"name":"\u0413\u043b\u0430\u0432\u043d\u0430\u044f \u0441\u0442\u0440\u0430\u043d\u0438\u0446\u0430","item":"https:\/\/idakorea.ee\/"},{"@type":"ListItem","position":2,"name":"Shop","item":"https:\/\/idakorea.ee\/shop-2\/"},{"@type":"ListItem","position":3,"name":"Niisutav silmakreem Purito Centella Green Level Eye Cream, 30ml"}]},{"@type":"WebSite","@id":"https:\/\/idakorea.ee\/#website","url":"https:\/\/idakorea.ee\/","name":"IDA.KOREA","description":"Korean kosmetiikan verkkokauppa","publisher":{"@id":"https:\/\/idakorea.ee\/#organization"},"alternateName":"Beauty Shop","potentialAction":[{"@type":"SearchAction","target":{"@type":"EntryPoint","urlTemplate":"https:\/\/idakorea.ee\/?s={search_term_string}"},"query-input":{"@type":"PropertyValueSpecification","valueRequired":true,"valueName":"search_term_string"}}],"inLanguage":"fi"},{"@type":"Organization","@id":"https:\/\/idakorea.ee\/#organization","name":"IDA.KOREA","url":"https:\/\/idakorea.ee\/","logo":{"@type":"ImageObject","inLanguage":"fi","@id":"https:\/\/idakorea.ee\/#\/schema\/logo\/image\/","url":"https:\/\/idakorea.ee\/wp-content\/uploads\/2024\/05\/cropped-korea3.png","contentUrl":"https:\/\/idakorea.ee\/wp-content\/uploads\/2024\/05\/cropped-korea3.png","width":688,"height":126,"caption":"IDA.KOREA"},"image":{"@id":"https:\/\/idakorea.ee\/#\/schema\/logo\/image\/"},"sameAs":["https:\/\/www.instagram.com\/ida.korea\/"]}]}},"jetpack_sharing_enabled":true,"brands":[{"id":491,"name":"PURITO","slug":"purito"}],"_links":{"self":[{"href":"https:\/\/idakorea.ee\/fi\/wp-json\/wp\/v2\/product\/11267","targetHints":{"allow":["GET"]}}],"collection":[{"href":"https:\/\/idakorea.ee\/fi\/wp-json\/wp\/v2\/product"}],"about":[{"href":"https:\/\/idakorea.ee\/fi\/wp-json\/wp\/v2\/types\/product"}],"replies":[{"embeddable":true,"href":"https:\/\/idakorea.ee\/fi\/wp-json\/wp\/v2\/comments?post=11267"}],"version-history":[{"count":2,"href":"https:\/\/idakorea.ee\/fi\/wp-json\/wp\/v2\/product\/11267\/revisions"}],"predecessor-version":[{"id":11272,"href":"https:\/\/idakorea.ee\/fi\/wp-json\/wp\/v2\/product\/11267\/revisions\/11272"}],"wp:featuredmedia":[{"embeddable":true,"href":"https:\/\/idakorea.ee\/fi\/wp-json\/wp\/v2\/media\/12777"}],"wp:attachment":[{"href":"https:\/\/idakorea.ee\/fi\/wp-json\/wp\/v2\/media?parent=11267"}],"wp:term":[{"taxonomy":"pwb-brand","embeddable":true,"href":"https:\/\/idakorea.ee\/fi\/wp-json\/wp\/v2\/pwb-brand?post=11267"},{"taxonomy":"product_brand","embeddable":true,"href":"https:\/\/idakorea.ee\/fi\/wp-json\/wp\/v2\/product_brand?post=11267"},{"taxonomy":"product_cat","embeddable":true,"href":"https:\/\/idakorea.ee\/fi\/wp-json\/wp\/v2\/product_cat?post=11267"},{"taxonomy":"product_tag","embeddable":true,"href":"https:\/\/idakorea.ee\/fi\/wp-json\/wp\/v2\/product_tag?post=11267"}],"curies":[{"name":"wp","href":"https:\/\/api.w.org\/{rel}","templated":true}]}}