{"id":11273,"date":"2024-11-13T12:54:29","date_gmt":"2024-11-13T10:54:29","guid":{"rendered":"https:\/\/idakorea.ee\/?post_type=product&#038;p=11273"},"modified":"2026-04-08T15:18:01","modified_gmt":"2026-04-08T13:18:01","slug":"rahustav-seerum-aasia-vesinaba-ekstraktiga-purito-seoul-wonder-releaf-centella-serum-60ml","status":"publish","type":"product","link":"https:\/\/idakorea.ee\/fi\/product\/rahustav-seerum-aasia-vesinaba-ekstraktiga-purito-seoul-wonder-releaf-centella-serum-60ml\/","title":{"rendered":"Rauhoittava seerumi aasialaista lumpeenuutetta sis\u00e4lt\u00e4v\u00e4ll\u00e4 Purito Seoul Wonder Releaf Centella Serum, 60 ml. Parasta ennen 06.12.2026."},"content":{"rendered":"<p>Rauhoittava seerumi aasialaista lumpeenuutetta sis\u00e4lt\u00e4v\u00e4ll\u00e4<strong> Purito Seoul Wonder Releaf Centella -seerumi<\/strong> Palauttaa v\u00e4litt\u00f6m\u00e4sti ihon solujen kosteustasapainon, ehk\u00e4isee kuivumista, torjuu kuivuutta ja hilseily\u00e4. Vaikuttaa voimakkaasti rauhoittavasti ja antiseptisesti, tehoaa akneen ja tulehduksiin.<\/p>\n<p>Suositellaan erityisesti couperosa-alttiille iholle: vahvistaa kapillaareja, sulkee verisuonten sein\u00e4m\u00e4t, parantaa mikroverenkiertoa, v\u00e4hent\u00e4\u00e4 punoituksen ja h\u00e4m\u00e4h\u00e4kkisuonten n\u00e4kyvyytt\u00e4.<\/p>\n<p>Sopii ensimm\u00e4isten ik\u00e4\u00e4ntymisen merkkien torjuntaan: seerumi kiihdytt\u00e4\u00e4 kollageenin ja elastiinin synteesi\u00e4 epidermiksen soluissa, lis\u00e4\u00e4 ihon kimmoisuutta ja auttaa v\u00e4hent\u00e4m\u00e4\u00e4n hienojen ryppyjen syvyytt\u00e4.<\/p>\n<p>Seerumi sis\u00e4lt\u00e4\u00e4 49%-aasialaista vesinavan uutetta, kollageenia, keramideja ja peptidikompleksia. Kaikki n\u00e4m\u00e4 ainesosat vaikuttavat tehokkaasti ihoon \u2013 normalisoivat ihon kosteus- ja talirauhastasapainoa, vahvistavat sen suojatoimintoja ja lipidikerrosta, tasoittavat ja parantavat ihon s\u00e4vy\u00e4 sek\u00e4 kosteuttavat ihon syvi\u00e4 kerroksia.<\/p>\n<p><strong>Aktiiviset ainesosat:<\/strong><\/p>\n<ul>\n<li><strong>Aasian vesikrassiuute<\/strong> \u2013 tarjoaa tulehdusta ehk\u00e4isevi\u00e4 ja haavanparannusvaikutuksia, auttaa palauttamaan ihon suojakerroksen ja s\u00e4ilytt\u00e4m\u00e4\u00e4n kosteuden, v\u00e4hent\u00e4\u00e4 herkkyytt\u00e4, lievitt\u00e4\u00e4 turvotusta ja vahvistaa verisuonia.<\/li>\n<li><strong>Keramidit<\/strong> \u2013 tukevat solujen uusiutumista, parantavat suoja- ja suojatoimintoja, normalisoivat hydrolipiditasapainoa, suojaavat kuivumiselta ja tarjoavat nuorentavan vaikutuksen.<\/li>\n<li><strong>Peptidikompleksi<\/strong> (4 peptidi\u00e4) \u2013 nuorentaa ihoa, v\u00e4hent\u00e4\u00e4 olemassa olevia ryppyj\u00e4 ja est\u00e4\u00e4 uusien muodostumista, kiinteytt\u00e4\u00e4 ja kosteuttaa, hidastaa ik\u00e4\u00e4ntymisprosessia.<\/li>\n<li><strong>Niasiiniamidi<\/strong> \u2013 stimuloi kollageenin tuotantoa, v\u00e4hent\u00e4\u00e4 ryppyj\u00e4, kosteuttaa, supistaa ihohuokosia, poistaa rasvaista kiiltoa ja vahvistaa ihon suojakerrosta.<\/li>\n<li><strong>Adenos<\/strong> \u2013 kiinteytt\u00e4\u00e4 ihoa, silottaa ryppyj\u00e4, nopeuttaa aineenvaihduntaa ja hidastaa ik\u00e4\u00e4ntymisen merkkej\u00e4.<\/li>\n<\/ul>\n<p>&nbsp;<\/p>\n<p><strong>K\u00e4ytt\u00f6opas:<\/strong> Levit\u00e4 2\u20133 tippaa seerumia puhdistetulle ja kasvovedelle iholle. Levit\u00e4 tasaisesti v\u00e4ltt\u00e4en silm\u00e4nymp\u00e4rysihoa.<\/p>","protected":false},"excerpt":{"rendered":"<p>Rauhoittava seerumi, jossa on aasialaista vesililjauutetta, Purito Seoul Wonder Releaf Centella Serum palauttaa v\u00e4litt\u00f6m\u00e4sti kosteuden ihon soluissa, ehk\u00e4isee kuivumista, torjuu kuivuutta ja hilseily\u00e4. Sill\u00e4 on voimakas rauhoittava ja antiseptinen vaikutus ja se on tehokas akneen ja tulehduksiin. Suositellaan erityisesti couperoosille alttiille iholle: vahvistaa kapillaareja, kirist\u00e4\u00e4 verisuonten sein\u00e4mi\u00e4, parantaa mikroverenkiertoa, v\u00e4hent\u00e4\u00e4 punoitusta ja h\u00e4m\u00e4h\u00e4kkisuonten n\u00e4kyvyytt\u00e4. Sopii ik\u00e4\u00e4ntymisen ensimm\u00e4isiin merkkeihin....<\/p>","protected":false},"featured_media":11274,"comment_status":"open","ping_status":"closed","template":"","meta":{"_uf_show_specific_survey":0,"_uf_disable_surveys":false,"_bst_post_transparent":"default","_bst_post_title":"","_bst_post_layout":"default","_bst_post_sidebar_id":"","_bst_post_content_style":"default","_bst_post_vertical_padding":"default","_bst_post_feature":"","_bst_post_feature_position":"","_bst_post_header":false,"_bst_post_footer":false},"pwb-brand":[491],"product_brand":[],"product_cat":[92,97],"product_tag":[],"class_list":{"0":"post-11273","1":"product","2":"type-product","3":"status-publish","4":"has-post-thumbnail","6":"pwb-brand-purito","7":"product_cat-nagu","8":"product_cat-naoseerumid-ja-olid","10":"first","11":"instock","12":"sale","13":"shipping-taxable","14":"purchasable","15":"product-type-simple","16":"entry","17":"content-bg","18":"loop-entry"},"supplier_id":null,"supplier_sku":"","barcode":null,"atum_controlled":true,"out_stock_date":null,"out_stock_threshold":null,"inheritable":false,"inbound_stock":0,"stock_on_hold":0,"sold_today":0,"sales_last_days":1,"out_stock_days":0,"lost_sales":0,"has_location":false,"update_date":"2026-04-15T00:05:18","atum_locations":[],"atum_stock_status":"instock","restock_status":false,"low_stock_amount":"","sales_update_date":"2026-04-15T00:05:18","calc_backorders":null,"yoast_head":"<!-- This site is optimized with the Yoast SEO plugin v27.2 - https:\/\/yoast.com\/product\/yoast-seo-wordpress\/ -->\n<title>Rahustav seerum Aasia vesinaba ekstraktiga Purito Seoul Wonder Releaf Centella Serum, 60ml EXP 06.12.2026 - IDA.KOREA<\/title>\n<meta name=\"robots\" content=\"index, follow, max-snippet:-1, max-image-preview:large, max-video-preview:-1\" \/>\n<link rel=\"canonical\" href=\"https:\/\/idakorea.ee\/fi\/product\/rahustav-seerum-aasia-vesinaba-ekstraktiga-purito-seoul-wonder-releaf-centella-serum-60ml\/\" \/>\n<meta property=\"og:locale\" content=\"fi_FI\" \/>\n<meta property=\"og:type\" content=\"article\" \/>\n<meta property=\"og:title\" content=\"Rahustav seerum Aasia vesinaba ekstraktiga Purito Seoul Wonder Releaf Centella Serum, 60ml EXP 06.12.2026 - IDA.KOREA\" \/>\n<meta property=\"og:description\" content=\"Rahustav seerum Aasia vesinaba ekstraktiga Purito Seoul Wonder Releaf Centella Serum taastab koheselt epidermise rakkudes niiskustaseme, ennetab deh\u00fcdratsiooni, v\u00f5itleb kuivuse ja ketendusega. Omab tugevat rahustavat ja antiseptilist toimet, on t\u00f5hus akne ja p\u00f5letike korral. Soovitatav eriti kuperoosale kalduva naha jaoks: tugevdab kapillaare, tihendab veresoonte seinu, parandab mikrotsirkulatsiooni, v\u00e4hendab punetuse ja \u00e4mblikveenide n\u00e4htavust. Sobib esimestele vananemism\u00e4rkidele...\" \/>\n<meta property=\"og:url\" content=\"https:\/\/idakorea.ee\/fi\/product\/rahustav-seerum-aasia-vesinaba-ekstraktiga-purito-seoul-wonder-releaf-centella-serum-60ml\/\" \/>\n<meta property=\"og:site_name\" content=\"IDA.KOREA\" \/>\n<meta property=\"article:modified_time\" content=\"2026-04-08T13:18:01+00:00\" \/>\n<meta property=\"og:image\" content=\"https:\/\/idakorea.ee\/wp-content\/uploads\/2024\/11\/centella_serum-purtito-wonder.png\" \/>\n\t<meta property=\"og:image:width\" content=\"1400\" \/>\n\t<meta property=\"og:image:height\" content=\"1400\" \/>\n\t<meta property=\"og:image:type\" content=\"image\/png\" \/>\n<meta name=\"twitter:card\" content=\"summary_large_image\" \/>\n<meta name=\"twitter:label1\" content=\"Arvioitu lukuaika\" \/>\n\t<meta name=\"twitter:data1\" content=\"2 minuuttia\" \/>\n<script type=\"application\/ld+json\" class=\"yoast-schema-graph\">{\"@context\":\"https:\/\/schema.org\",\"@graph\":[{\"@type\":\"WebPage\",\"@id\":\"https:\/\/idakorea.ee\/product\/rahustav-seerum-aasia-vesinaba-ekstraktiga-purito-seoul-wonder-releaf-centella-serum-60ml\/\",\"url\":\"https:\/\/idakorea.ee\/product\/rahustav-seerum-aasia-vesinaba-ekstraktiga-purito-seoul-wonder-releaf-centella-serum-60ml\/\",\"name\":\"Rahustav seerum Aasia vesinaba ekstraktiga Purito Seoul Wonder Releaf Centella Serum, 60ml EXP 06.12.2026 - IDA.KOREA\",\"isPartOf\":{\"@id\":\"https:\/\/idakorea.ee\/#website\"},\"primaryImageOfPage\":{\"@id\":\"https:\/\/idakorea.ee\/product\/rahustav-seerum-aasia-vesinaba-ekstraktiga-purito-seoul-wonder-releaf-centella-serum-60ml\/#primaryimage\"},\"image\":{\"@id\":\"https:\/\/idakorea.ee\/product\/rahustav-seerum-aasia-vesinaba-ekstraktiga-purito-seoul-wonder-releaf-centella-serum-60ml\/#primaryimage\"},\"thumbnailUrl\":\"https:\/\/idakorea.ee\/wp-content\/uploads\/2024\/11\/centella_serum-purtito-wonder.png\",\"datePublished\":\"2024-11-13T10:54:29+00:00\",\"dateModified\":\"2026-04-08T13:18:01+00:00\",\"breadcrumb\":{\"@id\":\"https:\/\/idakorea.ee\/product\/rahustav-seerum-aasia-vesinaba-ekstraktiga-purito-seoul-wonder-releaf-centella-serum-60ml\/#breadcrumb\"},\"inLanguage\":\"fi\",\"potentialAction\":[{\"@type\":\"ReadAction\",\"target\":[\"https:\/\/idakorea.ee\/product\/rahustav-seerum-aasia-vesinaba-ekstraktiga-purito-seoul-wonder-releaf-centella-serum-60ml\/\"]}]},{\"@type\":\"ImageObject\",\"inLanguage\":\"fi\",\"@id\":\"https:\/\/idakorea.ee\/product\/rahustav-seerum-aasia-vesinaba-ekstraktiga-purito-seoul-wonder-releaf-centella-serum-60ml\/#primaryimage\",\"url\":\"https:\/\/idakorea.ee\/wp-content\/uploads\/2024\/11\/centella_serum-purtito-wonder.png\",\"contentUrl\":\"https:\/\/idakorea.ee\/wp-content\/uploads\/2024\/11\/centella_serum-purtito-wonder.png\",\"width\":1400,\"height\":1400,\"caption\":\"centella_serum-purtito wonder\"},{\"@type\":\"BreadcrumbList\",\"@id\":\"https:\/\/idakorea.ee\/product\/rahustav-seerum-aasia-vesinaba-ekstraktiga-purito-seoul-wonder-releaf-centella-serum-60ml\/#breadcrumb\",\"itemListElement\":[{\"@type\":\"ListItem\",\"position\":1,\"name\":\"\u0413\u043b\u0430\u0432\u043d\u0430\u044f \u0441\u0442\u0440\u0430\u043d\u0438\u0446\u0430\",\"item\":\"https:\/\/idakorea.ee\/\"},{\"@type\":\"ListItem\",\"position\":2,\"name\":\"Shop\",\"item\":\"https:\/\/idakorea.ee\/shop-2\/\"},{\"@type\":\"ListItem\",\"position\":3,\"name\":\"Rahustav seerum Aasia vesinaba ekstraktiga Purito Seoul Wonder Releaf Centella Serum, 60ml EXP 06.12.2026\"}]},{\"@type\":\"WebSite\",\"@id\":\"https:\/\/idakorea.ee\/#website\",\"url\":\"https:\/\/idakorea.ee\/\",\"name\":\"IDA.KOREA\",\"description\":\"Korea kosmeetika e-pood\",\"publisher\":{\"@id\":\"https:\/\/idakorea.ee\/#organization\"},\"alternateName\":\"Beauty Shop\",\"potentialAction\":[{\"@type\":\"SearchAction\",\"target\":{\"@type\":\"EntryPoint\",\"urlTemplate\":\"https:\/\/idakorea.ee\/?s={search_term_string}\"},\"query-input\":{\"@type\":\"PropertyValueSpecification\",\"valueRequired\":true,\"valueName\":\"search_term_string\"}}],\"inLanguage\":\"fi\"},{\"@type\":\"Organization\",\"@id\":\"https:\/\/idakorea.ee\/#organization\",\"name\":\"IDA.KOREA\",\"url\":\"https:\/\/idakorea.ee\/\",\"logo\":{\"@type\":\"ImageObject\",\"inLanguage\":\"fi\",\"@id\":\"https:\/\/idakorea.ee\/#\/schema\/logo\/image\/\",\"url\":\"https:\/\/idakorea.ee\/wp-content\/uploads\/2024\/05\/cropped-korea3.png\",\"contentUrl\":\"https:\/\/idakorea.ee\/wp-content\/uploads\/2024\/05\/cropped-korea3.png\",\"width\":688,\"height\":126,\"caption\":\"IDA.KOREA\"},\"image\":{\"@id\":\"https:\/\/idakorea.ee\/#\/schema\/logo\/image\/\"},\"sameAs\":[\"https:\/\/www.instagram.com\/ida.korea\/\"]}]}<\/script>\n<!-- \/ Yoast SEO plugin. -->","yoast_head_json":{"title":"Rahustav seerum Aasia vesinaba ekstraktiga Purito Seoul Wonder Releaf Centella Serum, 60ml EXP 06.12.2026 - IDA.KOREA","robots":{"index":"index","follow":"follow","max-snippet":"max-snippet:-1","max-image-preview":"max-image-preview:large","max-video-preview":"max-video-preview:-1"},"canonical":"https:\/\/idakorea.ee\/fi\/product\/rahustav-seerum-aasia-vesinaba-ekstraktiga-purito-seoul-wonder-releaf-centella-serum-60ml\/","og_locale":"fi_FI","og_type":"article","og_title":"Rahustav seerum Aasia vesinaba ekstraktiga Purito Seoul Wonder Releaf Centella Serum, 60ml EXP 06.12.2026 - IDA.KOREA","og_description":"Rahustav seerum Aasia vesinaba ekstraktiga Purito Seoul Wonder Releaf Centella Serum taastab koheselt epidermise rakkudes niiskustaseme, ennetab deh\u00fcdratsiooni, v\u00f5itleb kuivuse ja ketendusega. Omab tugevat rahustavat ja antiseptilist toimet, on t\u00f5hus akne ja p\u00f5letike korral. Soovitatav eriti kuperoosale kalduva naha jaoks: tugevdab kapillaare, tihendab veresoonte seinu, parandab mikrotsirkulatsiooni, v\u00e4hendab punetuse ja \u00e4mblikveenide n\u00e4htavust. Sobib esimestele vananemism\u00e4rkidele...","og_url":"https:\/\/idakorea.ee\/fi\/product\/rahustav-seerum-aasia-vesinaba-ekstraktiga-purito-seoul-wonder-releaf-centella-serum-60ml\/","og_site_name":"IDA.KOREA","article_modified_time":"2026-04-08T13:18:01+00:00","og_image":[{"width":1400,"height":1400,"url":"https:\/\/idakorea.ee\/wp-content\/uploads\/2024\/11\/centella_serum-purtito-wonder.png","type":"image\/png"}],"twitter_card":"summary_large_image","twitter_misc":{"Arvioitu lukuaika":"2 minuuttia"},"schema":{"@context":"https:\/\/schema.org","@graph":[{"@type":"WebPage","@id":"https:\/\/idakorea.ee\/product\/rahustav-seerum-aasia-vesinaba-ekstraktiga-purito-seoul-wonder-releaf-centella-serum-60ml\/","url":"https:\/\/idakorea.ee\/product\/rahustav-seerum-aasia-vesinaba-ekstraktiga-purito-seoul-wonder-releaf-centella-serum-60ml\/","name":"Rahustav seerum Aasia vesinaba ekstraktiga Purito Seoul Wonder Releaf Centella Serum, 60ml EXP 06.12.2026 - IDA.KOREA","isPartOf":{"@id":"https:\/\/idakorea.ee\/#website"},"primaryImageOfPage":{"@id":"https:\/\/idakorea.ee\/product\/rahustav-seerum-aasia-vesinaba-ekstraktiga-purito-seoul-wonder-releaf-centella-serum-60ml\/#primaryimage"},"image":{"@id":"https:\/\/idakorea.ee\/product\/rahustav-seerum-aasia-vesinaba-ekstraktiga-purito-seoul-wonder-releaf-centella-serum-60ml\/#primaryimage"},"thumbnailUrl":"https:\/\/idakorea.ee\/wp-content\/uploads\/2024\/11\/centella_serum-purtito-wonder.png","datePublished":"2024-11-13T10:54:29+00:00","dateModified":"2026-04-08T13:18:01+00:00","breadcrumb":{"@id":"https:\/\/idakorea.ee\/product\/rahustav-seerum-aasia-vesinaba-ekstraktiga-purito-seoul-wonder-releaf-centella-serum-60ml\/#breadcrumb"},"inLanguage":"fi","potentialAction":[{"@type":"ReadAction","target":["https:\/\/idakorea.ee\/product\/rahustav-seerum-aasia-vesinaba-ekstraktiga-purito-seoul-wonder-releaf-centella-serum-60ml\/"]}]},{"@type":"ImageObject","inLanguage":"fi","@id":"https:\/\/idakorea.ee\/product\/rahustav-seerum-aasia-vesinaba-ekstraktiga-purito-seoul-wonder-releaf-centella-serum-60ml\/#primaryimage","url":"https:\/\/idakorea.ee\/wp-content\/uploads\/2024\/11\/centella_serum-purtito-wonder.png","contentUrl":"https:\/\/idakorea.ee\/wp-content\/uploads\/2024\/11\/centella_serum-purtito-wonder.png","width":1400,"height":1400,"caption":"centella_serum-purtito wonder"},{"@type":"BreadcrumbList","@id":"https:\/\/idakorea.ee\/product\/rahustav-seerum-aasia-vesinaba-ekstraktiga-purito-seoul-wonder-releaf-centella-serum-60ml\/#breadcrumb","itemListElement":[{"@type":"ListItem","position":1,"name":"\u0413\u043b\u0430\u0432\u043d\u0430\u044f \u0441\u0442\u0440\u0430\u043d\u0438\u0446\u0430","item":"https:\/\/idakorea.ee\/"},{"@type":"ListItem","position":2,"name":"Shop","item":"https:\/\/idakorea.ee\/shop-2\/"},{"@type":"ListItem","position":3,"name":"Rahustav seerum Aasia vesinaba ekstraktiga Purito Seoul Wonder Releaf Centella Serum, 60ml EXP 06.12.2026"}]},{"@type":"WebSite","@id":"https:\/\/idakorea.ee\/#website","url":"https:\/\/idakorea.ee\/","name":"IDA.KOREA","description":"Korean kosmetiikan verkkokauppa","publisher":{"@id":"https:\/\/idakorea.ee\/#organization"},"alternateName":"Beauty Shop","potentialAction":[{"@type":"SearchAction","target":{"@type":"EntryPoint","urlTemplate":"https:\/\/idakorea.ee\/?s={search_term_string}"},"query-input":{"@type":"PropertyValueSpecification","valueRequired":true,"valueName":"search_term_string"}}],"inLanguage":"fi"},{"@type":"Organization","@id":"https:\/\/idakorea.ee\/#organization","name":"IDA.KOREA","url":"https:\/\/idakorea.ee\/","logo":{"@type":"ImageObject","inLanguage":"fi","@id":"https:\/\/idakorea.ee\/#\/schema\/logo\/image\/","url":"https:\/\/idakorea.ee\/wp-content\/uploads\/2024\/05\/cropped-korea3.png","contentUrl":"https:\/\/idakorea.ee\/wp-content\/uploads\/2024\/05\/cropped-korea3.png","width":688,"height":126,"caption":"IDA.KOREA"},"image":{"@id":"https:\/\/idakorea.ee\/#\/schema\/logo\/image\/"},"sameAs":["https:\/\/www.instagram.com\/ida.korea\/"]}]}},"jetpack_sharing_enabled":true,"brands":[{"id":491,"name":"PURITO","slug":"purito"}],"_links":{"self":[{"href":"https:\/\/idakorea.ee\/fi\/wp-json\/wp\/v2\/product\/11273","targetHints":{"allow":["GET"]}}],"collection":[{"href":"https:\/\/idakorea.ee\/fi\/wp-json\/wp\/v2\/product"}],"about":[{"href":"https:\/\/idakorea.ee\/fi\/wp-json\/wp\/v2\/types\/product"}],"replies":[{"embeddable":true,"href":"https:\/\/idakorea.ee\/fi\/wp-json\/wp\/v2\/comments?post=11273"}],"version-history":[{"count":2,"href":"https:\/\/idakorea.ee\/fi\/wp-json\/wp\/v2\/product\/11273\/revisions"}],"predecessor-version":[{"id":18396,"href":"https:\/\/idakorea.ee\/fi\/wp-json\/wp\/v2\/product\/11273\/revisions\/18396"}],"wp:featuredmedia":[{"embeddable":true,"href":"https:\/\/idakorea.ee\/fi\/wp-json\/wp\/v2\/media\/11274"}],"wp:attachment":[{"href":"https:\/\/idakorea.ee\/fi\/wp-json\/wp\/v2\/media?parent=11273"}],"wp:term":[{"taxonomy":"pwb-brand","embeddable":true,"href":"https:\/\/idakorea.ee\/fi\/wp-json\/wp\/v2\/pwb-brand?post=11273"},{"taxonomy":"product_brand","embeddable":true,"href":"https:\/\/idakorea.ee\/fi\/wp-json\/wp\/v2\/product_brand?post=11273"},{"taxonomy":"product_cat","embeddable":true,"href":"https:\/\/idakorea.ee\/fi\/wp-json\/wp\/v2\/product_cat?post=11273"},{"taxonomy":"product_tag","embeddable":true,"href":"https:\/\/idakorea.ee\/fi\/wp-json\/wp\/v2\/product_tag?post=11273"}],"curies":[{"name":"wp","href":"https:\/\/api.w.org\/{rel}","templated":true}]}}