{"id":11299,"date":"2024-11-14T16:43:42","date_gmt":"2024-11-14T14:43:42","guid":{"rendered":"https:\/\/idakorea.ee\/?post_type=product&#038;p=11299"},"modified":"2026-02-07T11:33:55","modified_gmt":"2026-02-07T09:33:55","slug":"naooli-cosrx-the-retinol-0-5-oil-20ml","status":"publish","type":"product","link":"https:\/\/idakorea.ee\/fi\/product\/naooli-cosrx-the-retinol-0-5-oil-20ml\/","title":{"rendered":"Kasvo\u00f6ljy COSRX The Retinol 0.5 Oil, 20ml"},"content":{"rendered":"<p><strong>COSRX Retinol 0.5 -\u00f6ljy <\/strong>\u2013 \u00f6ljy, joka tasoittaa ja pehment\u00e4\u00e4 ihoa, hidastaa ensimm\u00e4isi\u00e4 ik\u00e4\u00e4ntymisen merkkej\u00e4 ja parantaa ihon yleiskuntoa. Tuote sopii erinomaisesti retinolin lis\u00e4\u00e4miseen ja ensimm\u00e4isten ik\u00e4\u00e4ntymisen merkkien korjaamiseen.<\/p>\n<p>Lis\u00e4\u00e4 ihon kimmoisuutta, silottaa ryppyj\u00e4 ja kaventaa laajentuneita ihohuokosia, kiinteytt\u00e4\u00e4 ihoa, tasoittaa ihonv\u00e4ri\u00e4 ja antaa terveen hehkun.<\/p>\n<p><strong>T\u00e4rkein vaikuttava aine<\/strong> \u2013 0,5% puhdasta retinolia, A-vitamiinin stabiili muoto. Retinoli stimuloi solujen uusiutumista, mik\u00e4 auttaa silottamaan ryppyj\u00e4, tekem\u00e4\u00e4n ihosta sile\u00e4mm\u00e4n ja kimmoisamman, v\u00e4hent\u00e4m\u00e4\u00e4n ryppyjen ja pigmenttil\u00e4iskien n\u00e4kymist\u00e4 ja ehk\u00e4isem\u00e4\u00e4n tulehdusta.<\/p>\n<p><strong>Lis\u00e4komponentit:<\/strong><\/p>\n<ul>\n<li><strong>Skvala<\/strong> toimii antioksidanttina, kosteuttaa tehokkaasti, ehk\u00e4isee ihon kuivumista ja nopeuttaa paranemista, ehk\u00e4isten ennenaikaista ik\u00e4\u00e4ntymist\u00e4.<\/li>\n<li><strong>Tokotrienoli<\/strong> \u2013 rasvaliukoinen E-vitamiinin muoto, jota esiintyy kookos-, kaakao- ja riisilese\u00f6ljyiss\u00e4. Tokotrienoli tehostaa C-vitamiinin tehoa, vahvistaa kapillaarien sein\u00e4mi\u00e4, edist\u00e4\u00e4 kollageenisynteesi\u00e4 ja suojaa oksidatiiviselta stressilt\u00e4.<\/li>\n<li><strong>Tokoferoli (E-vitamiini)<\/strong> tarjoaa antioksidanttisuojan, pehment\u00e4\u00e4 ja silottaa ihoa, ehk\u00e4isee ennenaikaista ik\u00e4\u00e4ntymist\u00e4, lievitt\u00e4\u00e4 hilseily\u00e4 ja kuivuutta.<\/li>\n<li><strong>\u00d6ljypalmu\u00f6ljy<\/strong> rauhoittaa ja pehment\u00e4\u00e4 ihoa ja tarjoaa sille antioksidantteja, kuten E-vitamiinia.<\/li>\n<li><strong>Soija\u00f6ljy<\/strong> sill\u00e4 on tulehdusta ja antioksidanttisia vaikutuksia, se palauttaa ihon kosteussuojan ja suojaa UV-s\u00e4teilyn haitallisilta vaikutuksilta.<\/li>\n<\/ul>\n<p>&nbsp;<\/p>\n<p>Sopii kaikille ihotyypeille.<\/p>\n<p><strong>K\u00e4ytt\u00f6opas:<\/strong> K\u00e4yt\u00e4 illalla osana kosteusvoidettasi. Levit\u00e4 \u00f6ljy\u00e4 kasvoille ja sekoita sormenp\u00e4ill\u00e4 ulosp\u00e4in. Keskity alueisiin, joissa n\u00e4kyy ensimm\u00e4isi\u00e4 ik\u00e4\u00e4ntymisen merkkej\u00e4, kuten otsaan, silm\u00e4nymp\u00e4rysihoon, suuhun ja nen\u00e4n ja suun poimuihin. Jos olet uusi retinolin k\u00e4ytt\u00e4j\u00e4, aloita kolmesti kerrasta viikossa ja lis\u00e4\u00e4 v\u00e4hitellen kahteen kertaan p\u00e4iv\u00e4ss\u00e4. Muista k\u00e4ytt\u00e4\u00e4 aurinkovoidetta p\u00e4iv\u00e4ll\u00e4. Ei suositella raskauden ja imetyksen aikana. V\u00e4lt\u00e4 k\u00e4ytt\u00f6\u00e4 happoja tai runsaasti C-vitamiinia sis\u00e4lt\u00e4vien tuotteiden kanssa.<\/p>","protected":false},"excerpt":{"rendered":"<p>COSRX The Retinol 0.5 Oil - \u00f6ljy, joka silottaa ja pehment\u00e4\u00e4 ihoa, hidastaa ensimm\u00e4isi\u00e4 ik\u00e4\u00e4ntymisen merkkej\u00e4 ja parantaa ihon yleist\u00e4 kuntoa. Tuote on ihanteellinen retinolin k\u00e4ytt\u00f6\u00f6notossa ja ensimm\u00e4isten ik\u00e4\u00e4ntymisen merkkien korjaamisessa. Lis\u00e4\u00e4 ihon kimmoisuutta, silottaa ryppyj\u00e4 ja supistaa laajentuneita ihohuokosia, kiinteytt\u00e4\u00e4 ihoa, tasoittaa ihon ilmett\u00e4 ja antaa terveen hehkun. P\u00e4\u00e4asiallinen vaikuttava aine - 0,5% puhdasta retinolia, A-vitamiinin vakaa muoto.....<\/p>","protected":false},"featured_media":11300,"comment_status":"open","ping_status":"closed","template":"","meta":{"_uf_show_specific_survey":0,"_uf_disable_surveys":false,"_bst_post_transparent":"default","_bst_post_title":"","_bst_post_layout":"default","_bst_post_sidebar_id":"","_bst_post_content_style":"default","_bst_post_vertical_padding":"default","_bst_post_feature":"","_bst_post_feature_position":"","_bst_post_header":false,"_bst_post_footer":false},"pwb-brand":[111],"product_brand":[],"product_cat":[92,97],"product_tag":[671,213],"class_list":{"0":"post-11299","1":"product","2":"type-product","3":"status-publish","4":"has-post-thumbnail","6":"pwb-brand-cosrx","7":"product_cat-nagu","8":"product_cat-naoseerumid-ja-olid","9":"product_tag-oil","10":"product_tag-retinol","12":"first","13":"outofstock","14":"sale","15":"shipping-taxable","16":"purchasable","17":"product-type-simple","18":"entry","19":"content-bg","20":"loop-entry"},"supplier_id":null,"supplier_sku":"","barcode":null,"atum_controlled":true,"out_stock_date":"2026-02-07 11:33:55","out_stock_threshold":null,"inheritable":false,"inbound_stock":0,"stock_on_hold":0,"sold_today":0,"sales_last_days":0,"out_stock_days":65,"lost_sales":231,"has_location":false,"update_date":"2026-04-14T00:05:08","atum_locations":[],"atum_stock_status":"outofstock","restock_status":false,"low_stock_amount":"","sales_update_date":"2026-04-14T00:05:08","calc_backorders":null,"yoast_head":"<!-- This site is optimized with the Yoast SEO plugin v27.2 - https:\/\/yoast.com\/product\/yoast-seo-wordpress\/ -->\n<title>N\u00e4o\u00f5li COSRX The Retinol 0.5 Oil, 20ml - IDA.KOREA<\/title>\n<meta name=\"description\" content=\"COSRX The Retinol 0.5 Oil \u2013 \u00f5li, mis \u00fchtlustab ja pehmendab nahka, aeglustab esimesi vananemism\u00e4rke ning parandab naha \u00fcldist seisundit. Kiire tarne!\" \/>\n<meta name=\"robots\" content=\"index, follow, max-snippet:-1, max-image-preview:large, max-video-preview:-1\" \/>\n<link rel=\"canonical\" href=\"https:\/\/idakorea.ee\/fi\/product\/naooli-cosrx-the-retinol-0-5-oil-20ml\/\" \/>\n<meta property=\"og:locale\" content=\"fi_FI\" \/>\n<meta property=\"og:type\" content=\"article\" \/>\n<meta property=\"og:title\" content=\"N\u00e4o\u00f5li COSRX The Retinol 0.5 Oil, 20ml - IDA.KOREA\" \/>\n<meta property=\"og:description\" content=\"COSRX The Retinol 0.5 Oil \u2013 \u00f5li, mis \u00fchtlustab ja pehmendab nahka, aeglustab esimesi vananemism\u00e4rke ning parandab naha \u00fcldist seisundit. Kiire tarne!\" \/>\n<meta property=\"og:url\" content=\"https:\/\/idakorea.ee\/fi\/product\/naooli-cosrx-the-retinol-0-5-oil-20ml\/\" \/>\n<meta property=\"og:site_name\" content=\"IDA.KOREA\" \/>\n<meta property=\"article:modified_time\" content=\"2026-02-07T09:33:55+00:00\" \/>\n<meta property=\"og:image\" content=\"https:\/\/idakorea.ee\/wp-content\/uploads\/2024\/11\/cosrx-the-retinol-0.5-oil.jpg\" \/>\n\t<meta property=\"og:image:width\" content=\"1000\" \/>\n\t<meta property=\"og:image:height\" content=\"1000\" \/>\n\t<meta property=\"og:image:type\" content=\"image\/jpeg\" \/>\n<meta name=\"twitter:card\" content=\"summary_large_image\" \/>\n<meta name=\"twitter:label1\" content=\"Arvioitu lukuaika\" \/>\n\t<meta name=\"twitter:data1\" content=\"2 minuuttia\" \/>\n<script type=\"application\/ld+json\" class=\"yoast-schema-graph\">{\"@context\":\"https:\/\/schema.org\",\"@graph\":[{\"@type\":\"WebPage\",\"@id\":\"https:\/\/idakorea.ee\/product\/naooli-cosrx-the-retinol-0-5-oil-20ml\/\",\"url\":\"https:\/\/idakorea.ee\/product\/naooli-cosrx-the-retinol-0-5-oil-20ml\/\",\"name\":\"N\u00e4o\u00f5li COSRX The Retinol 0.5 Oil, 20ml - IDA.KOREA\",\"isPartOf\":{\"@id\":\"https:\/\/idakorea.ee\/#website\"},\"primaryImageOfPage\":{\"@id\":\"https:\/\/idakorea.ee\/product\/naooli-cosrx-the-retinol-0-5-oil-20ml\/#primaryimage\"},\"image\":{\"@id\":\"https:\/\/idakorea.ee\/product\/naooli-cosrx-the-retinol-0-5-oil-20ml\/#primaryimage\"},\"thumbnailUrl\":\"https:\/\/idakorea.ee\/wp-content\/uploads\/2024\/11\/cosrx-the-retinol-0.5-oil.jpg\",\"datePublished\":\"2024-11-14T14:43:42+00:00\",\"dateModified\":\"2026-02-07T09:33:55+00:00\",\"description\":\"COSRX The Retinol 0.5 Oil \u2013 \u00f5li, mis \u00fchtlustab ja pehmendab nahka, aeglustab esimesi vananemism\u00e4rke ning parandab naha \u00fcldist seisundit. Kiire tarne!\",\"breadcrumb\":{\"@id\":\"https:\/\/idakorea.ee\/product\/naooli-cosrx-the-retinol-0-5-oil-20ml\/#breadcrumb\"},\"inLanguage\":\"fi\",\"potentialAction\":[{\"@type\":\"ReadAction\",\"target\":[\"https:\/\/idakorea.ee\/product\/naooli-cosrx-the-retinol-0-5-oil-20ml\/\"]}]},{\"@type\":\"ImageObject\",\"inLanguage\":\"fi\",\"@id\":\"https:\/\/idakorea.ee\/product\/naooli-cosrx-the-retinol-0-5-oil-20ml\/#primaryimage\",\"url\":\"https:\/\/idakorea.ee\/wp-content\/uploads\/2024\/11\/cosrx-the-retinol-0.5-oil.jpg\",\"contentUrl\":\"https:\/\/idakorea.ee\/wp-content\/uploads\/2024\/11\/cosrx-the-retinol-0.5-oil.jpg\",\"width\":1000,\"height\":1000,\"caption\":\"COSRX-The-Retinol-0.5-Oil\"},{\"@type\":\"BreadcrumbList\",\"@id\":\"https:\/\/idakorea.ee\/product\/naooli-cosrx-the-retinol-0-5-oil-20ml\/#breadcrumb\",\"itemListElement\":[{\"@type\":\"ListItem\",\"position\":1,\"name\":\"\u0413\u043b\u0430\u0432\u043d\u0430\u044f \u0441\u0442\u0440\u0430\u043d\u0438\u0446\u0430\",\"item\":\"https:\/\/idakorea.ee\/\"},{\"@type\":\"ListItem\",\"position\":2,\"name\":\"Shop\",\"item\":\"https:\/\/idakorea.ee\/shop-2\/\"},{\"@type\":\"ListItem\",\"position\":3,\"name\":\"N\u00e4o\u00f5li COSRX The Retinol 0.5 Oil, 20ml\"}]},{\"@type\":\"WebSite\",\"@id\":\"https:\/\/idakorea.ee\/#website\",\"url\":\"https:\/\/idakorea.ee\/\",\"name\":\"IDA.KOREA\",\"description\":\"Korea kosmeetika e-pood\",\"publisher\":{\"@id\":\"https:\/\/idakorea.ee\/#organization\"},\"alternateName\":\"Beauty Shop\",\"potentialAction\":[{\"@type\":\"SearchAction\",\"target\":{\"@type\":\"EntryPoint\",\"urlTemplate\":\"https:\/\/idakorea.ee\/?s={search_term_string}\"},\"query-input\":{\"@type\":\"PropertyValueSpecification\",\"valueRequired\":true,\"valueName\":\"search_term_string\"}}],\"inLanguage\":\"fi\"},{\"@type\":\"Organization\",\"@id\":\"https:\/\/idakorea.ee\/#organization\",\"name\":\"IDA.KOREA\",\"url\":\"https:\/\/idakorea.ee\/\",\"logo\":{\"@type\":\"ImageObject\",\"inLanguage\":\"fi\",\"@id\":\"https:\/\/idakorea.ee\/#\/schema\/logo\/image\/\",\"url\":\"https:\/\/idakorea.ee\/wp-content\/uploads\/2024\/05\/cropped-korea3.png\",\"contentUrl\":\"https:\/\/idakorea.ee\/wp-content\/uploads\/2024\/05\/cropped-korea3.png\",\"width\":688,\"height\":126,\"caption\":\"IDA.KOREA\"},\"image\":{\"@id\":\"https:\/\/idakorea.ee\/#\/schema\/logo\/image\/\"},\"sameAs\":[\"https:\/\/www.instagram.com\/ida.korea\/\"]}]}<\/script>\n<!-- \/ Yoast SEO plugin. -->","yoast_head_json":{"title":"Kasvo\u00f6ljy COSRX The Retinol 0.5 Oil, 20ml - IDA.KOREA","description":"COSRX The Retinol 0.5 Oil \u2013 \u00f6ljy, joka tasoittaa ja pehment\u00e4\u00e4 ihoa, hidastaa ensimm\u00e4isi\u00e4 ik\u00e4\u00e4ntymisen merkkej\u00e4 ja parantaa ihon yleiskuntoa. Nopea toimitus!","robots":{"index":"index","follow":"follow","max-snippet":"max-snippet:-1","max-image-preview":"max-image-preview:large","max-video-preview":"max-video-preview:-1"},"canonical":"https:\/\/idakorea.ee\/fi\/product\/naooli-cosrx-the-retinol-0-5-oil-20ml\/","og_locale":"fi_FI","og_type":"article","og_title":"N\u00e4o\u00f5li COSRX The Retinol 0.5 Oil, 20ml - IDA.KOREA","og_description":"COSRX The Retinol 0.5 Oil \u2013 \u00f5li, mis \u00fchtlustab ja pehmendab nahka, aeglustab esimesi vananemism\u00e4rke ning parandab naha \u00fcldist seisundit. Kiire tarne!","og_url":"https:\/\/idakorea.ee\/fi\/product\/naooli-cosrx-the-retinol-0-5-oil-20ml\/","og_site_name":"IDA.KOREA","article_modified_time":"2026-02-07T09:33:55+00:00","og_image":[{"width":1000,"height":1000,"url":"https:\/\/idakorea.ee\/wp-content\/uploads\/2024\/11\/cosrx-the-retinol-0.5-oil.jpg","type":"image\/jpeg"}],"twitter_card":"summary_large_image","twitter_misc":{"Arvioitu lukuaika":"2 minuuttia"},"schema":{"@context":"https:\/\/schema.org","@graph":[{"@type":"WebPage","@id":"https:\/\/idakorea.ee\/product\/naooli-cosrx-the-retinol-0-5-oil-20ml\/","url":"https:\/\/idakorea.ee\/product\/naooli-cosrx-the-retinol-0-5-oil-20ml\/","name":"Kasvo\u00f6ljy COSRX The Retinol 0.5 Oil, 20ml - IDA.KOREA","isPartOf":{"@id":"https:\/\/idakorea.ee\/#website"},"primaryImageOfPage":{"@id":"https:\/\/idakorea.ee\/product\/naooli-cosrx-the-retinol-0-5-oil-20ml\/#primaryimage"},"image":{"@id":"https:\/\/idakorea.ee\/product\/naooli-cosrx-the-retinol-0-5-oil-20ml\/#primaryimage"},"thumbnailUrl":"https:\/\/idakorea.ee\/wp-content\/uploads\/2024\/11\/cosrx-the-retinol-0.5-oil.jpg","datePublished":"2024-11-14T14:43:42+00:00","dateModified":"2026-02-07T09:33:55+00:00","description":"COSRX The Retinol 0.5 Oil \u2013 \u00f6ljy, joka tasoittaa ja pehment\u00e4\u00e4 ihoa, hidastaa ensimm\u00e4isi\u00e4 ik\u00e4\u00e4ntymisen merkkej\u00e4 ja parantaa ihon yleiskuntoa. Nopea toimitus!","breadcrumb":{"@id":"https:\/\/idakorea.ee\/product\/naooli-cosrx-the-retinol-0-5-oil-20ml\/#breadcrumb"},"inLanguage":"fi","potentialAction":[{"@type":"ReadAction","target":["https:\/\/idakorea.ee\/product\/naooli-cosrx-the-retinol-0-5-oil-20ml\/"]}]},{"@type":"ImageObject","inLanguage":"fi","@id":"https:\/\/idakorea.ee\/product\/naooli-cosrx-the-retinol-0-5-oil-20ml\/#primaryimage","url":"https:\/\/idakorea.ee\/wp-content\/uploads\/2024\/11\/cosrx-the-retinol-0.5-oil.jpg","contentUrl":"https:\/\/idakorea.ee\/wp-content\/uploads\/2024\/11\/cosrx-the-retinol-0.5-oil.jpg","width":1000,"height":1000,"caption":"COSRX-The-Retinol-0.5-Oil"},{"@type":"BreadcrumbList","@id":"https:\/\/idakorea.ee\/product\/naooli-cosrx-the-retinol-0-5-oil-20ml\/#breadcrumb","itemListElement":[{"@type":"ListItem","position":1,"name":"\u0413\u043b\u0430\u0432\u043d\u0430\u044f \u0441\u0442\u0440\u0430\u043d\u0438\u0446\u0430","item":"https:\/\/idakorea.ee\/"},{"@type":"ListItem","position":2,"name":"Shop","item":"https:\/\/idakorea.ee\/shop-2\/"},{"@type":"ListItem","position":3,"name":"N\u00e4o\u00f5li COSRX The Retinol 0.5 Oil, 20ml"}]},{"@type":"WebSite","@id":"https:\/\/idakorea.ee\/#website","url":"https:\/\/idakorea.ee\/","name":"IDA.KOREA","description":"Korean kosmetiikan verkkokauppa","publisher":{"@id":"https:\/\/idakorea.ee\/#organization"},"alternateName":"Beauty Shop","potentialAction":[{"@type":"SearchAction","target":{"@type":"EntryPoint","urlTemplate":"https:\/\/idakorea.ee\/?s={search_term_string}"},"query-input":{"@type":"PropertyValueSpecification","valueRequired":true,"valueName":"search_term_string"}}],"inLanguage":"fi"},{"@type":"Organization","@id":"https:\/\/idakorea.ee\/#organization","name":"IDA.KOREA","url":"https:\/\/idakorea.ee\/","logo":{"@type":"ImageObject","inLanguage":"fi","@id":"https:\/\/idakorea.ee\/#\/schema\/logo\/image\/","url":"https:\/\/idakorea.ee\/wp-content\/uploads\/2024\/05\/cropped-korea3.png","contentUrl":"https:\/\/idakorea.ee\/wp-content\/uploads\/2024\/05\/cropped-korea3.png","width":688,"height":126,"caption":"IDA.KOREA"},"image":{"@id":"https:\/\/idakorea.ee\/#\/schema\/logo\/image\/"},"sameAs":["https:\/\/www.instagram.com\/ida.korea\/"]}]}},"jetpack_sharing_enabled":true,"brands":[{"id":111,"name":"COSRX","slug":"cosrx"}],"_links":{"self":[{"href":"https:\/\/idakorea.ee\/fi\/wp-json\/wp\/v2\/product\/11299","targetHints":{"allow":["GET"]}}],"collection":[{"href":"https:\/\/idakorea.ee\/fi\/wp-json\/wp\/v2\/product"}],"about":[{"href":"https:\/\/idakorea.ee\/fi\/wp-json\/wp\/v2\/types\/product"}],"replies":[{"embeddable":true,"href":"https:\/\/idakorea.ee\/fi\/wp-json\/wp\/v2\/comments?post=11299"}],"version-history":[{"count":2,"href":"https:\/\/idakorea.ee\/fi\/wp-json\/wp\/v2\/product\/11299\/revisions"}],"predecessor-version":[{"id":11304,"href":"https:\/\/idakorea.ee\/fi\/wp-json\/wp\/v2\/product\/11299\/revisions\/11304"}],"wp:featuredmedia":[{"embeddable":true,"href":"https:\/\/idakorea.ee\/fi\/wp-json\/wp\/v2\/media\/11300"}],"wp:attachment":[{"href":"https:\/\/idakorea.ee\/fi\/wp-json\/wp\/v2\/media?parent=11299"}],"wp:term":[{"taxonomy":"pwb-brand","embeddable":true,"href":"https:\/\/idakorea.ee\/fi\/wp-json\/wp\/v2\/pwb-brand?post=11299"},{"taxonomy":"product_brand","embeddable":true,"href":"https:\/\/idakorea.ee\/fi\/wp-json\/wp\/v2\/product_brand?post=11299"},{"taxonomy":"product_cat","embeddable":true,"href":"https:\/\/idakorea.ee\/fi\/wp-json\/wp\/v2\/product_cat?post=11299"},{"taxonomy":"product_tag","embeddable":true,"href":"https:\/\/idakorea.ee\/fi\/wp-json\/wp\/v2\/product_tag?post=11299"}],"curies":[{"name":"wp","href":"https:\/\/api.w.org\/{rel}","templated":true}]}}