{"id":11317,"date":"2024-11-15T10:08:08","date_gmt":"2024-11-15T08:08:08","guid":{"rendered":"https:\/\/idakorea.ee\/?post_type=product&#038;p=11317"},"modified":"2026-02-23T17:21:45","modified_gmt":"2026-02-23T15:21:45","slug":"noorendav-silmakreem-viinamarja-futotuvirakkudega-farmstay-grape-stem-cell-wrinkle-repair-eye-cream-50-ml","status":"publish","type":"product","link":"https:\/\/idakorea.ee\/fi\/product\/noorendav-silmakreem-viinamarja-futotuvirakkudega-farmstay-grape-stem-cell-wrinkle-repair-eye-cream-50-ml\/","title":{"rendered":"FarmStay Grape Stem Cell Wrinkle Repair Eye Cream - silm\u00e4nymp\u00e4rysvoide kasviper\u00e4isill\u00e4 soluilla, 50 ml"},"content":{"rendered":"<p><strong>FarmStay Grape Stem Cell Wrinkle Repair silm\u00e4nymp\u00e4rysvoide <\/strong>\u2013 nuorentava silm\u00e4nymp\u00e4rysvoide, joka sis\u00e4lt\u00e4\u00e4 kasviskantasoluja, tukee ihon kimmoisuutta ja kiinteytt\u00e4, auttaa v\u00e4hent\u00e4m\u00e4\u00e4n turvotusta ja tummia silm\u00e4nalusia. Voiteella on voimakas kiinteytt\u00e4v\u00e4 vaikutus, se silottaa ryppyj\u00e4, v\u00e4hent\u00e4\u00e4 niiden syvyytt\u00e4 ja hidastaa ihon ik\u00e4\u00e4ntymisprosessia.<\/p>\n<p>Viiniryp\u00e4leen kantasolut kiihdytt\u00e4v\u00e4t solujen uudistumista ja uusiutumista, ehk\u00e4isev\u00e4t ik\u00e4\u00e4ntymisen merkkien ja ihon veltostumisen n\u00e4kymist\u00e4. Ne kykenev\u00e4t katkaisemaan vapaiden radikaalien ketjureaktiot ja minimoimaan ultraviolettis\u00e4teilyn haitalliset vaikutukset. Voide torjuu olemassa olevia ik\u00e4\u00e4ntymisen merkkej\u00e4, ehk\u00e4isee ryppyjen muodostumista ja antaa s\u00e4\u00e4nn\u00f6llisess\u00e4 k\u00e4yt\u00f6ss\u00e4 huomattavan nuorentavan vaikutuksen.<\/p>\n<p><strong>T\u00e4rkeimm\u00e4t vaikuttavat aineosat ja niiden ominaisuudet:<\/strong><\/p>\n<ul>\n<li><strong>Viiniryp\u00e4leen kantasolut<\/strong> \u2013 luonnollinen antioksidantti, joka kiihdytt\u00e4\u00e4 solujen uusiutumista ja auttaa ehk\u00e4isem\u00e4\u00e4n ik\u00e4\u00e4ntymisen merkkej\u00e4 ja ihon veltostumista. Suojaa soluja vapaiden radikaalien ja UV-s\u00e4teilyn haitallisilta vaikutuksilta.<\/li>\n<li><strong>Hyaluronihappo<\/strong> \u2013 luo iholle n\u00e4kym\u00e4tt\u00f6m\u00e4n suojakerroksen, joka s\u00e4ilytt\u00e4\u00e4 kosteutta, parantaa ihon rakennetta, stimuloi solujen uusiutumista ja silottaa hienoja ryppyj\u00e4 tehden ihosta sile\u00e4n ja pehme\u00e4n.<\/li>\n<li><strong>Allantoiin<\/strong> \u2013 rauhoittaa \u00e4rtynytt\u00e4 ihoa, kosteuttaa tehokkaasti, supistaa ihohuokosia ja tasapainottaa talintuotantoa. Vaikuttaa tulehdusta ehk\u00e4isev\u00e4sti.<\/li>\n<li><strong>Kultainen kiiviuute<\/strong> \u2013 edist\u00e4\u00e4 solujen uusiutumista, auttaa akneen, vahvistaa ihon suojamuuria, parantaa kosteustasapainoa ja tekee ihosta joustavan ja t\u00e4ytel\u00e4isen.<\/li>\n<li><strong>Hydrolysoitu herneproteiini<\/strong> \u2013 silottaa ja tasoittaa ihoa, parantaa sen kimmoisuutta, pehment\u00e4\u00e4 ryppyj\u00e4, kosteuttaa syvemm\u00e4ll\u00e4 tasolla ja nopeuttaa palautumista.<\/li>\n<li><strong>Adenos<\/strong> \u2013 tehokas ik\u00e4\u00e4ntymist\u00e4 ehk\u00e4isev\u00e4 ainesosa, joka lis\u00e4\u00e4 ihon kiinteytt\u00e4 ja elastisuutta, silottaa ryppyj\u00e4 ja stimuloi luonnollisen kollageenin, elastiinin ja hyaluronihapon tuotantoa ihosoluissa.<\/li>\n<li><strong>Greipin uute<\/strong> \u2013 runsaasti C-vitamiinia sis\u00e4lt\u00e4v\u00e4, kiinteytt\u00e4\u00e4, parantaa ihonv\u00e4ri\u00e4 ja v\u00e4hent\u00e4\u00e4 turvotusta.<\/li>\n<\/ul>\n<p>&nbsp;<\/p>\n<p>Sopii kaikille ihotyypeille ik\u00e4\u00e4ntymist\u00e4 ehk\u00e4isev\u00e4n\u00e4 hoitona.<\/p>\n<p><strong>K\u00e4ytt\u00f6opas:<\/strong> Levit\u00e4 voidetta puhdistetulle ja kasvovedelle iholle. K\u00e4yt\u00e4 aamuin ja\/tai illoin.<\/p>","protected":false},"excerpt":{"rendered":"<p>FarmStay Grape Stem Cell Wrinkle Repair Eye Cream - nuorentava silm\u00e4nymp\u00e4rysvoide, jossa on kasviper\u00e4isi\u00e4 soluja, tukee ihon kimmoisuutta ja kiinteytt\u00e4, auttaa v\u00e4hent\u00e4m\u00e4\u00e4n turvotusta ja tummia silm\u00e4nalusia. Voiteella on voimakas kiinteytt\u00e4v\u00e4 vaikutus, se tasoittaa ryppyj\u00e4, v\u00e4hent\u00e4\u00e4 niiden syvyytt\u00e4 ja hidastaa ihon ik\u00e4\u00e4ntymisprosessia. Viiniryp\u00e4leen kantasolut kiihdytt\u00e4v\u00e4t solujen uudistumista ja uusiutumista, mik\u00e4 ehk\u00e4isee ik\u00e4\u00e4ntymisen merkkej\u00e4 ja ihon veltostumista. Ne pystyv\u00e4t katkaisemaan vapaita radikaaleja, jotka...<\/p>","protected":false},"featured_media":11318,"comment_status":"open","ping_status":"closed","template":"","meta":{"_uf_show_specific_survey":0,"_uf_disable_surveys":false,"_bst_post_transparent":"default","_bst_post_title":"","_bst_post_layout":"default","_bst_post_sidebar_id":"","_bst_post_content_style":"default","_bst_post_vertical_padding":"default","_bst_post_feature":"","_bst_post_feature_position":"","_bst_post_header":false,"_bst_post_footer":false},"pwb-brand":[672],"product_brand":[],"product_cat":[92,99,201],"product_tag":[],"class_list":{"0":"post-11317","1":"product","2":"type-product","3":"status-publish","4":"has-post-thumbnail","6":"pwb-brand-farmstay","7":"product_cat-nagu","8":"product_cat-silmad-ja-huuled-2","9":"product_cat-silmakreem","11":"first","12":"instock","13":"sale","14":"shipping-taxable","15":"purchasable","16":"product-type-simple","17":"entry","18":"content-bg","19":"loop-entry"},"supplier_id":null,"supplier_sku":"","barcode":null,"atum_controlled":true,"out_stock_date":null,"out_stock_threshold":null,"inheritable":false,"inbound_stock":0,"stock_on_hold":0,"sold_today":0,"sales_last_days":0,"out_stock_days":0,"lost_sales":0,"has_location":false,"update_date":"2026-04-14T00:05:08","atum_locations":[],"atum_stock_status":"instock","restock_status":false,"low_stock_amount":"","sales_update_date":"2026-04-14T00:05:08","calc_backorders":null,"yoast_head":"<!-- This site is optimized with the Yoast SEO plugin v27.2 - https:\/\/yoast.com\/product\/yoast-seo-wordpress\/ -->\n<title>Noorendav silmakreem f\u00fctot\u00fcvirakkudega FarmStay Grape Stem Cell Wrinkle Repair Eye Cream, 50 ml - IDA.KOREA<\/title>\n<meta name=\"robots\" content=\"index, follow, max-snippet:-1, max-image-preview:large, max-video-preview:-1\" \/>\n<link rel=\"canonical\" href=\"https:\/\/idakorea.ee\/fi\/product\/noorendav-silmakreem-viinamarja-futotuvirakkudega-farmstay-grape-stem-cell-wrinkle-repair-eye-cream-50-ml\/\" \/>\n<meta property=\"og:locale\" content=\"fi_FI\" \/>\n<meta property=\"og:type\" content=\"article\" \/>\n<meta property=\"og:title\" content=\"Noorendav silmakreem f\u00fctot\u00fcvirakkudega FarmStay Grape Stem Cell Wrinkle Repair Eye Cream, 50 ml - IDA.KOREA\" \/>\n<meta property=\"og:description\" content=\"FarmStay Grape Stem Cell Wrinkle Repair Eye Cream \u2013 noorendav silmakreem\u00a0 f\u00fctot\u00fcvirakkudega, toetab naha elastsust ja prinkust, aitab v\u00e4hendada turseid ja tumedaid silmaaluseid. Kreemil on v\u00e4ljendunud pinguldav efekt, see silub kortse, v\u00e4hendab nende s\u00fcgavust ja aeglustab naha vananemisprotsessi. Viinamarja t\u00fcvirakud kiirendavad rakkude taastumist ja uuenemist, ennetavad vananemism\u00e4rkide ja naha l\u00f5tvumise teket. Need suudavad katkestada vabade...\" \/>\n<meta property=\"og:url\" content=\"https:\/\/idakorea.ee\/fi\/product\/noorendav-silmakreem-viinamarja-futotuvirakkudega-farmstay-grape-stem-cell-wrinkle-repair-eye-cream-50-ml\/\" \/>\n<meta property=\"og:site_name\" content=\"IDA.KOREA\" \/>\n<meta property=\"article:modified_time\" content=\"2026-02-23T15:21:45+00:00\" \/>\n<meta property=\"og:image\" content=\"https:\/\/idakorea.ee\/wp-content\/uploads\/2024\/11\/farmstay-grape-stem-cell-wrinkle-repair-eye-cream.jpg\" \/>\n\t<meta property=\"og:image:width\" content=\"617\" \/>\n\t<meta property=\"og:image:height\" content=\"617\" \/>\n\t<meta property=\"og:image:type\" content=\"image\/jpeg\" \/>\n<meta name=\"twitter:card\" content=\"summary_large_image\" \/>\n<meta name=\"twitter:label1\" content=\"Arvioitu lukuaika\" \/>\n\t<meta name=\"twitter:data1\" content=\"2 minuuttia\" \/>\n<script type=\"application\/ld+json\" class=\"yoast-schema-graph\">{\"@context\":\"https:\/\/schema.org\",\"@graph\":[{\"@type\":\"WebPage\",\"@id\":\"https:\/\/idakorea.ee\/product\/noorendav-silmakreem-viinamarja-futotuvirakkudega-farmstay-grape-stem-cell-wrinkle-repair-eye-cream-50-ml\/\",\"url\":\"https:\/\/idakorea.ee\/product\/noorendav-silmakreem-viinamarja-futotuvirakkudega-farmstay-grape-stem-cell-wrinkle-repair-eye-cream-50-ml\/\",\"name\":\"Noorendav silmakreem f\u00fctot\u00fcvirakkudega FarmStay Grape Stem Cell Wrinkle Repair Eye Cream, 50 ml - IDA.KOREA\",\"isPartOf\":{\"@id\":\"https:\/\/idakorea.ee\/#website\"},\"primaryImageOfPage\":{\"@id\":\"https:\/\/idakorea.ee\/product\/noorendav-silmakreem-viinamarja-futotuvirakkudega-farmstay-grape-stem-cell-wrinkle-repair-eye-cream-50-ml\/#primaryimage\"},\"image\":{\"@id\":\"https:\/\/idakorea.ee\/product\/noorendav-silmakreem-viinamarja-futotuvirakkudega-farmstay-grape-stem-cell-wrinkle-repair-eye-cream-50-ml\/#primaryimage\"},\"thumbnailUrl\":\"https:\/\/idakorea.ee\/wp-content\/uploads\/2024\/11\/farmstay-grape-stem-cell-wrinkle-repair-eye-cream.jpg\",\"datePublished\":\"2024-11-15T08:08:08+00:00\",\"dateModified\":\"2026-02-23T15:21:45+00:00\",\"breadcrumb\":{\"@id\":\"https:\/\/idakorea.ee\/product\/noorendav-silmakreem-viinamarja-futotuvirakkudega-farmstay-grape-stem-cell-wrinkle-repair-eye-cream-50-ml\/#breadcrumb\"},\"inLanguage\":\"fi\",\"potentialAction\":[{\"@type\":\"ReadAction\",\"target\":[\"https:\/\/idakorea.ee\/product\/noorendav-silmakreem-viinamarja-futotuvirakkudega-farmstay-grape-stem-cell-wrinkle-repair-eye-cream-50-ml\/\"]}]},{\"@type\":\"ImageObject\",\"inLanguage\":\"fi\",\"@id\":\"https:\/\/idakorea.ee\/product\/noorendav-silmakreem-viinamarja-futotuvirakkudega-farmstay-grape-stem-cell-wrinkle-repair-eye-cream-50-ml\/#primaryimage\",\"url\":\"https:\/\/idakorea.ee\/wp-content\/uploads\/2024\/11\/farmstay-grape-stem-cell-wrinkle-repair-eye-cream.jpg\",\"contentUrl\":\"https:\/\/idakorea.ee\/wp-content\/uploads\/2024\/11\/farmstay-grape-stem-cell-wrinkle-repair-eye-cream.jpg\",\"width\":617,\"height\":617,\"caption\":\"FarmStay Grape Stem Cell Wrinkle Repair Eye Cream\"},{\"@type\":\"BreadcrumbList\",\"@id\":\"https:\/\/idakorea.ee\/product\/noorendav-silmakreem-viinamarja-futotuvirakkudega-farmstay-grape-stem-cell-wrinkle-repair-eye-cream-50-ml\/#breadcrumb\",\"itemListElement\":[{\"@type\":\"ListItem\",\"position\":1,\"name\":\"\u0413\u043b\u0430\u0432\u043d\u0430\u044f \u0441\u0442\u0440\u0430\u043d\u0438\u0446\u0430\",\"item\":\"https:\/\/idakorea.ee\/\"},{\"@type\":\"ListItem\",\"position\":2,\"name\":\"Shop\",\"item\":\"https:\/\/idakorea.ee\/shop-2\/\"},{\"@type\":\"ListItem\",\"position\":3,\"name\":\"Noorendav silmakreem f\u00fctot\u00fcvirakkudega FarmStay Grape Stem Cell Wrinkle Repair Eye Cream, 50 ml\"}]},{\"@type\":\"WebSite\",\"@id\":\"https:\/\/idakorea.ee\/#website\",\"url\":\"https:\/\/idakorea.ee\/\",\"name\":\"IDA.KOREA\",\"description\":\"Korea kosmeetika e-pood\",\"publisher\":{\"@id\":\"https:\/\/idakorea.ee\/#organization\"},\"alternateName\":\"Beauty Shop\",\"potentialAction\":[{\"@type\":\"SearchAction\",\"target\":{\"@type\":\"EntryPoint\",\"urlTemplate\":\"https:\/\/idakorea.ee\/?s={search_term_string}\"},\"query-input\":{\"@type\":\"PropertyValueSpecification\",\"valueRequired\":true,\"valueName\":\"search_term_string\"}}],\"inLanguage\":\"fi\"},{\"@type\":\"Organization\",\"@id\":\"https:\/\/idakorea.ee\/#organization\",\"name\":\"IDA.KOREA\",\"url\":\"https:\/\/idakorea.ee\/\",\"logo\":{\"@type\":\"ImageObject\",\"inLanguage\":\"fi\",\"@id\":\"https:\/\/idakorea.ee\/#\/schema\/logo\/image\/\",\"url\":\"https:\/\/idakorea.ee\/wp-content\/uploads\/2024\/05\/cropped-korea3.png\",\"contentUrl\":\"https:\/\/idakorea.ee\/wp-content\/uploads\/2024\/05\/cropped-korea3.png\",\"width\":688,\"height\":126,\"caption\":\"IDA.KOREA\"},\"image\":{\"@id\":\"https:\/\/idakorea.ee\/#\/schema\/logo\/image\/\"},\"sameAs\":[\"https:\/\/www.instagram.com\/ida.korea\/\"]}]}<\/script>\n<!-- \/ Yoast SEO plugin. -->","yoast_head_json":{"title":"Nuorentava silm\u00e4nymp\u00e4rysvoide kasvisoluilla FarmStay Grape Stem Cell Wrinkle Repair Eye Cream, 50 ml - IDA.KOREA","robots":{"index":"index","follow":"follow","max-snippet":"max-snippet:-1","max-image-preview":"max-image-preview:large","max-video-preview":"max-video-preview:-1"},"canonical":"https:\/\/idakorea.ee\/fi\/product\/noorendav-silmakreem-viinamarja-futotuvirakkudega-farmstay-grape-stem-cell-wrinkle-repair-eye-cream-50-ml\/","og_locale":"fi_FI","og_type":"article","og_title":"Noorendav silmakreem f\u00fctot\u00fcvirakkudega FarmStay Grape Stem Cell Wrinkle Repair Eye Cream, 50 ml - IDA.KOREA","og_description":"FarmStay Grape Stem Cell Wrinkle Repair Eye Cream \u2013 noorendav silmakreem\u00a0 f\u00fctot\u00fcvirakkudega, toetab naha elastsust ja prinkust, aitab v\u00e4hendada turseid ja tumedaid silmaaluseid. Kreemil on v\u00e4ljendunud pinguldav efekt, see silub kortse, v\u00e4hendab nende s\u00fcgavust ja aeglustab naha vananemisprotsessi. Viinamarja t\u00fcvirakud kiirendavad rakkude taastumist ja uuenemist, ennetavad vananemism\u00e4rkide ja naha l\u00f5tvumise teket. Need suudavad katkestada vabade...","og_url":"https:\/\/idakorea.ee\/fi\/product\/noorendav-silmakreem-viinamarja-futotuvirakkudega-farmstay-grape-stem-cell-wrinkle-repair-eye-cream-50-ml\/","og_site_name":"IDA.KOREA","article_modified_time":"2026-02-23T15:21:45+00:00","og_image":[{"width":617,"height":617,"url":"https:\/\/idakorea.ee\/wp-content\/uploads\/2024\/11\/farmstay-grape-stem-cell-wrinkle-repair-eye-cream.jpg","type":"image\/jpeg"}],"twitter_card":"summary_large_image","twitter_misc":{"Arvioitu lukuaika":"2 minuuttia"},"schema":{"@context":"https:\/\/schema.org","@graph":[{"@type":"WebPage","@id":"https:\/\/idakorea.ee\/product\/noorendav-silmakreem-viinamarja-futotuvirakkudega-farmstay-grape-stem-cell-wrinkle-repair-eye-cream-50-ml\/","url":"https:\/\/idakorea.ee\/product\/noorendav-silmakreem-viinamarja-futotuvirakkudega-farmstay-grape-stem-cell-wrinkle-repair-eye-cream-50-ml\/","name":"Nuorentava silm\u00e4nymp\u00e4rysvoide kasvisoluilla FarmStay Grape Stem Cell Wrinkle Repair Eye Cream, 50 ml - IDA.KOREA","isPartOf":{"@id":"https:\/\/idakorea.ee\/#website"},"primaryImageOfPage":{"@id":"https:\/\/idakorea.ee\/product\/noorendav-silmakreem-viinamarja-futotuvirakkudega-farmstay-grape-stem-cell-wrinkle-repair-eye-cream-50-ml\/#primaryimage"},"image":{"@id":"https:\/\/idakorea.ee\/product\/noorendav-silmakreem-viinamarja-futotuvirakkudega-farmstay-grape-stem-cell-wrinkle-repair-eye-cream-50-ml\/#primaryimage"},"thumbnailUrl":"https:\/\/idakorea.ee\/wp-content\/uploads\/2024\/11\/farmstay-grape-stem-cell-wrinkle-repair-eye-cream.jpg","datePublished":"2024-11-15T08:08:08+00:00","dateModified":"2026-02-23T15:21:45+00:00","breadcrumb":{"@id":"https:\/\/idakorea.ee\/product\/noorendav-silmakreem-viinamarja-futotuvirakkudega-farmstay-grape-stem-cell-wrinkle-repair-eye-cream-50-ml\/#breadcrumb"},"inLanguage":"fi","potentialAction":[{"@type":"ReadAction","target":["https:\/\/idakorea.ee\/product\/noorendav-silmakreem-viinamarja-futotuvirakkudega-farmstay-grape-stem-cell-wrinkle-repair-eye-cream-50-ml\/"]}]},{"@type":"ImageObject","inLanguage":"fi","@id":"https:\/\/idakorea.ee\/product\/noorendav-silmakreem-viinamarja-futotuvirakkudega-farmstay-grape-stem-cell-wrinkle-repair-eye-cream-50-ml\/#primaryimage","url":"https:\/\/idakorea.ee\/wp-content\/uploads\/2024\/11\/farmstay-grape-stem-cell-wrinkle-repair-eye-cream.jpg","contentUrl":"https:\/\/idakorea.ee\/wp-content\/uploads\/2024\/11\/farmstay-grape-stem-cell-wrinkle-repair-eye-cream.jpg","width":617,"height":617,"caption":"FarmStay Grape Stem Cell Wrinkle Repair Eye Cream"},{"@type":"BreadcrumbList","@id":"https:\/\/idakorea.ee\/product\/noorendav-silmakreem-viinamarja-futotuvirakkudega-farmstay-grape-stem-cell-wrinkle-repair-eye-cream-50-ml\/#breadcrumb","itemListElement":[{"@type":"ListItem","position":1,"name":"\u0413\u043b\u0430\u0432\u043d\u0430\u044f \u0441\u0442\u0440\u0430\u043d\u0438\u0446\u0430","item":"https:\/\/idakorea.ee\/"},{"@type":"ListItem","position":2,"name":"Shop","item":"https:\/\/idakorea.ee\/shop-2\/"},{"@type":"ListItem","position":3,"name":"Noorendav silmakreem f\u00fctot\u00fcvirakkudega FarmStay Grape Stem Cell Wrinkle Repair Eye Cream, 50 ml"}]},{"@type":"WebSite","@id":"https:\/\/idakorea.ee\/#website","url":"https:\/\/idakorea.ee\/","name":"IDA.KOREA","description":"Korean kosmetiikan verkkokauppa","publisher":{"@id":"https:\/\/idakorea.ee\/#organization"},"alternateName":"Beauty Shop","potentialAction":[{"@type":"SearchAction","target":{"@type":"EntryPoint","urlTemplate":"https:\/\/idakorea.ee\/?s={search_term_string}"},"query-input":{"@type":"PropertyValueSpecification","valueRequired":true,"valueName":"search_term_string"}}],"inLanguage":"fi"},{"@type":"Organization","@id":"https:\/\/idakorea.ee\/#organization","name":"IDA.KOREA","url":"https:\/\/idakorea.ee\/","logo":{"@type":"ImageObject","inLanguage":"fi","@id":"https:\/\/idakorea.ee\/#\/schema\/logo\/image\/","url":"https:\/\/idakorea.ee\/wp-content\/uploads\/2024\/05\/cropped-korea3.png","contentUrl":"https:\/\/idakorea.ee\/wp-content\/uploads\/2024\/05\/cropped-korea3.png","width":688,"height":126,"caption":"IDA.KOREA"},"image":{"@id":"https:\/\/idakorea.ee\/#\/schema\/logo\/image\/"},"sameAs":["https:\/\/www.instagram.com\/ida.korea\/"]}]}},"jetpack_sharing_enabled":true,"brands":[{"id":672,"name":"FARMSTAY","slug":"farmstay"}],"_links":{"self":[{"href":"https:\/\/idakorea.ee\/fi\/wp-json\/wp\/v2\/product\/11317","targetHints":{"allow":["GET"]}}],"collection":[{"href":"https:\/\/idakorea.ee\/fi\/wp-json\/wp\/v2\/product"}],"about":[{"href":"https:\/\/idakorea.ee\/fi\/wp-json\/wp\/v2\/types\/product"}],"replies":[{"embeddable":true,"href":"https:\/\/idakorea.ee\/fi\/wp-json\/wp\/v2\/comments?post=11317"}],"version-history":[{"count":5,"href":"https:\/\/idakorea.ee\/fi\/wp-json\/wp\/v2\/product\/11317\/revisions"}],"predecessor-version":[{"id":11322,"href":"https:\/\/idakorea.ee\/fi\/wp-json\/wp\/v2\/product\/11317\/revisions\/11322"}],"wp:featuredmedia":[{"embeddable":true,"href":"https:\/\/idakorea.ee\/fi\/wp-json\/wp\/v2\/media\/11318"}],"wp:attachment":[{"href":"https:\/\/idakorea.ee\/fi\/wp-json\/wp\/v2\/media?parent=11317"}],"wp:term":[{"taxonomy":"pwb-brand","embeddable":true,"href":"https:\/\/idakorea.ee\/fi\/wp-json\/wp\/v2\/pwb-brand?post=11317"},{"taxonomy":"product_brand","embeddable":true,"href":"https:\/\/idakorea.ee\/fi\/wp-json\/wp\/v2\/product_brand?post=11317"},{"taxonomy":"product_cat","embeddable":true,"href":"https:\/\/idakorea.ee\/fi\/wp-json\/wp\/v2\/product_cat?post=11317"},{"taxonomy":"product_tag","embeddable":true,"href":"https:\/\/idakorea.ee\/fi\/wp-json\/wp\/v2\/product_tag?post=11317"}],"curies":[{"name":"wp","href":"https:\/\/api.w.org\/{rel}","templated":true}]}}