{"id":11377,"date":"2024-11-20T10:34:21","date_gmt":"2024-11-20T08:34:21","guid":{"rendered":"https:\/\/idakorea.ee\/?post_type=product&#038;p=11377"},"modified":"2026-04-08T20:18:35","modified_gmt":"2026-04-08T18:18:35","slug":"vananemisvastane-niisutav-minikomplekt-the-history-of-whoo-vital-hydrating-5pcs-gift-set","status":"publish","type":"product","link":"https:\/\/idakorea.ee\/fi\/product\/vananemisvastane-niisutav-minikomplekt-the-history-of-whoo-vital-hydrating-5pcs-gift-set\/","title":{"rendered":"Anti-ageing kosteuttava minisetti The History Of Whoo Vital Hydrating 5kpl lahjasetti"},"content":{"rendered":"<p><strong>Kamelia-uutetta sis\u00e4lt\u00e4v\u00e4 kosteussetti palauttaa ihon kosteustasapainon, torjuu ik\u00e4\u00e4ntymisen merkkej\u00e4 ja suojaa ymp\u00e4rist\u00f6n vaikutuksilta.<\/strong><\/p>\n<p>Kasvojen ihon kosteuttaminen on yht\u00e4 t\u00e4rke\u00e4 toimenpide kuin sen puhdistaminen tai ravitseminen. Solumme, mukaan lukien ihosolut, k\u00e4yv\u00e4t jatkuvasti l\u00e4pi biokemiallisia reaktioita, jotka vaativat vett\u00e4. Ihomme menett\u00e4\u00e4 kosteutta joka p\u00e4iv\u00e4, ja jos kosteustasoa ei palauteta ajoissa, iho kuivuu, menett\u00e4\u00e4 kimmoisuuttaan ja kiinteytt\u00e4\u00e4n. Veden puute hidastaa aineenvaihduntaprosesseja, mik\u00e4 johtaa ihon ennenaikaiseen ik\u00e4\u00e4ntymiseen. Setti sis\u00e4lt\u00e4\u00e4 l\u00e4\u00e4kekasvien uutteita: ginseng, tiibetin viherminttu, vuorikaarna jne.<\/p>\n<p><strong>Kamelia\u00f6ljy<\/strong> \u2013 sis\u00e4lt\u00e4\u00e4 kertatyydyttym\u00e4tt\u00f6mi\u00e4 rasvahappoja, proteiineja, mineraaleja ja vitamiineja (rautaa, magnesiumia, mangaania, fosforia, kalsiumia, A-, B- ja E-vitamiineja). Ainutlaatuisen koostumuksensa ansiosta kamelia\u00f6ljyll\u00e4 on voimakkaat uudistavat ominaisuudet ja se kosteuttaa, ravitsee ja pehment\u00e4\u00e4 ihoa tehokkaasti.<\/p>\n<p><strong>Kamelia\u00f6ljyuute<\/strong> erottuu korkean antioksidanttipitoisuutensa ansiosta, mukaan lukien A-, E-, C- ja B-vitamiinit. Uute sis\u00e4lt\u00e4\u00e4 my\u00f6s tanniineja, polyfenoleja ja koentsyymi Q10:t\u00e4, jotka ovat t\u00e4rkeit\u00e4 iholle. Antioksidanttisten ominaisuuksiensa ansiosta uute suojaa ihoa ymp\u00e4rist\u00f6n vaikutuksilta, kuten UV-s\u00e4teilylt\u00e4, ja hidastaa solujen ik\u00e4\u00e4ntymist\u00e4.<\/p>\n<p><strong>Koentsyymi Q10<\/strong> Palauttaa ja vahvistaa antioksidanttien vaikutusta, vahvistaa solukalvoja ja lis\u00e4\u00e4 solujen energiapotentiaalia. Kameliauute kosteuttaa ihoa syv\u00e4lt\u00e4 ja hidastaa ik\u00e4\u00e4ntymisen merkkej\u00e4.<\/p>\n<p>&nbsp;<\/p>\n<p><strong>Minisetti sis\u00e4lt\u00e4\u00e4:<\/strong><\/p>\n<ol>\n<li><strong>Kosteuttava kasvovesi Soo Vital Hydrating Balancer 20ml<\/strong><br \/>\nKiinteytt\u00e4\u00e4 ihosoluja, parantaa verenkiertoa, kosteuttaa aktiivisesti ja yll\u00e4pit\u00e4\u00e4 hydrolipiditasapainoa koko p\u00e4iv\u00e4n. Nopeuttaa solujen uusiutumista ja parantaa hapenvaihtoa. Valmistelee ihon kosmetiikan levitykseen.<br \/>\n<strong>K\u00e4ytt\u00f6opas:<\/strong> Levit\u00e4 muutama tippa puhdistetulle kasvoille ilman vanulapua.<\/li>\n<li><strong>Kosteuttava emulsio Soo Vital Hydrating Emulsion 20ml<\/strong><br \/>\nParantaa kuivan ihon kuntoa, palauttaa hydrolipiditasapainon, antaa iholle kiiltoa, kiinteytt\u00e4 ja pehmeytt\u00e4. Hienostuneen koostumuksensa ansiosta emulsio imeytyy nopeasti ja j\u00e4tt\u00e4\u00e4 ihon silkkisen pehme\u00e4ksi. Stimuloi luonnollisen kollageenin tuotantoa, kiinteytt\u00e4\u00e4 kasvojen piirteit\u00e4 ja silottaa hienoja ryppyj\u00e4. V\u00e4hent\u00e4\u00e4 pisamia ja tummia silm\u00e4nalusia.<br \/>\n<strong>K\u00e4ytt\u00f6opas:<\/strong> Levit\u00e4 emulsio heti kasvoveden k\u00e4yt\u00f6n j\u00e4lkeen.<\/li>\n<li><strong>Kosteuttava kasvovoide Soo Vital Hydrating Cream 4ml<\/strong><br \/>\nKevyt geelim\u00e4inen kasvovoide, joka sis\u00e4lt\u00e4\u00e4 puhdistettua hopeavett\u00e4 ja happea. Kosteuttaa ihoa syv\u00e4lt\u00e4, palauttaa kosteustasapainon, kiinteytt\u00e4\u00e4 ja supistaa ihohuokosia. Aktiiviseen k\u00e4ytt\u00f6\u00f6n kes\u00e4ll\u00e4, sill\u00e4 se kosteuttaa ja raikastaa tehokkaasti. Syksyll\u00e4 ja talvella suositellaan k\u00e4ytett\u00e4v\u00e4ksi y\u00f6ll\u00e4.<br \/>\n<strong>K\u00e4ytt\u00f6opas:<\/strong> Levit\u00e4 voide ihollesi ihonhoitorutiinisi viimeisen\u00e4 vaiheena.<\/li>\n<li><strong>Ik\u00e4\u00e4ntymist\u00e4 est\u00e4v\u00e4 3-in-1 Bichup Self-Generating Anti-Aging Essence 8ml<\/strong><br \/>\nSis\u00e4lt\u00e4\u00e4 yli 70 ainesosaa, mukaan lukien arvokkaita kasviuutteita, vitamiineja ja aminohappoja. Ravitsee, palauttaa ja stimuloi kollageenin tuotantoa. Essenssi v\u00e4hent\u00e4\u00e4 tulehdusta, kiinteytt\u00e4\u00e4 ihoa ja silottaa ryppyj\u00e4. Sis\u00e4lt\u00e4\u00e4 epidermaalisen kasvutekij\u00e4n (EGF).<br \/>\n<strong>K\u00e4ytt\u00f6opas:<\/strong> K\u00e4yt\u00e4 aamuin illoin kasvoveden j\u00e4lkeen, ennen emulsiota. Levit\u00e4 k\u00e4mmeniin ja levit\u00e4 kevyesti kasvoille.<\/li>\n<li><strong>Kosteuttava essenssi Bichup First Care Moisture Anti-Aging Essence 15ml<\/strong><br \/>\nEritt\u00e4in kosteuttava Soo-uute on rikastettu hapella ja hopeavedell\u00e4, ja sit\u00e4 levitet\u00e4\u00e4n iholle hell\u00e4varaisesti kuin aamukastetta ruohonkorsille. Se kosteuttaa ihoa ja antaa sille raikkauden, aivan kuten vesi ravitsee kasvien juuria ja varsia elvytt\u00e4en niiden lehti\u00e4. Hopea, kosketuksissa ihmiskehoon, virkist\u00e4\u00e4 sis\u00e4elimi\u00e4, rauhoittaa ja parantaa syd\u00e4men toimintaa. Hengit\u00e4 uutteen tuoksua tunteaksesi elinvoiman (Qi) her\u00e4\u00e4misen ja nauttiaksesi sis\u00e4isest\u00e4 viileydest\u00e4. Seerumi kosteuttaa, suojaa valon ik\u00e4\u00e4ntymiselt\u00e4 ja parantaa verenkiertoa. Sis\u00e4lt\u00e4\u00e4: 55% nestem\u00e4ist\u00e4 raakasilkki\u00e4, niasiiniamidia, yrttiuutteita (portulakka, ginseng, lakritsi, v\u00e4in\u00f6nputki, granaattiomena, schisandra, m\u00e4nty, kaakao, musta tee, enkelin trumpetin juuri, cornel, aconixapanax, parsa), hirvensarviuutetta, oligopeptidej\u00e4, 10 aminohappoa, arbutiinia, keramideja. T\u00e4m\u00e4 hoitoaine tehostaa seuraavien hoitotuotteiden vaikutusta &quot;her\u00e4tt\u00e4en&quot; ihon ja vaikuttaen siihen my\u00f6nteisesti: se parantaa ja tasoittaa ihon s\u00e4vy\u00e4, silottaa hienoja ryppyj\u00e4, ehk\u00e4isee ik\u00e4\u00e4ntymist\u00e4 ja parantaa mikroverenkiertoa.<\/p>\n<p><strong style=\"font-family: var(--global-body-font-family);\">K\u00e4ytt\u00f6opas:<\/strong><span style=\"font-family: var(--global-body-font-family);\"> Levit\u00e4 kasvoille heti pesun j\u00e4lkeen.<\/span><\/li>\n<\/ol>","protected":false},"excerpt":{"rendered":"<p>Kosteuttava pakkaus, jossa on kameliauutetta, palauttaa ihon kosteustasapainon, torjuu ik\u00e4\u00e4ntymisen merkkej\u00e4 ja suojaa ymp\u00e4rist\u00f6n aiheuttamilta vaurioilta. Kasvojen kosteuttaminen on yht\u00e4 t\u00e4rke\u00e4\u00e4 kuin puhdistus tai ravitseminen. Solumme, my\u00f6s ihosolut, k\u00e4yv\u00e4t jatkuvasti l\u00e4pi biokemiallisia reaktioita, jotka vaativat vett\u00e4. Ihomme menett\u00e4\u00e4 kosteutta p\u00e4ivitt\u00e4in, ja jos kosteustasoa ei palauteta ajoissa, ihosta tulee kuivunut, v\u00e4hemm\u00e4n joustava ja...<\/p>","protected":false},"featured_media":11378,"comment_status":"open","ping_status":"closed","template":"","meta":{"_uf_show_specific_survey":0,"_uf_disable_surveys":false,"_bst_post_transparent":"default","_bst_post_title":"","_bst_post_layout":"default","_bst_post_sidebar_id":"","_bst_post_content_style":"default","_bst_post_vertical_padding":"default","_bst_post_feature":"","_bst_post_feature_position":"","_bst_post_header":false,"_bst_post_footer":false},"pwb-brand":[494],"product_brand":[],"product_cat":[95],"product_tag":[704,555,705],"class_list":{"0":"post-11377","1":"product","2":"type-product","3":"status-publish","4":"has-post-thumbnail","6":"pwb-brand-the-history-of-whoo","7":"product_cat-komplektid","8":"product_tag-gift-set","9":"product_tag-the-history-of-whoo","10":"product_tag-komplekt","12":"first","13":"instock","14":"sale","15":"shipping-taxable","16":"purchasable","17":"product-type-simple","18":"entry","19":"content-bg","20":"loop-entry"},"supplier_id":null,"supplier_sku":"","barcode":null,"atum_controlled":true,"out_stock_date":null,"out_stock_threshold":null,"inheritable":false,"inbound_stock":0,"stock_on_hold":0,"sold_today":0,"sales_last_days":1,"out_stock_days":0,"lost_sales":0,"has_location":false,"update_date":"2026-04-14T00:05:04","atum_locations":[],"atum_stock_status":"instock","restock_status":false,"low_stock_amount":"","sales_update_date":"2026-04-14T00:05:04","calc_backorders":null,"yoast_head":"<!-- This site is optimized with the Yoast SEO plugin v27.2 - https:\/\/yoast.com\/product\/yoast-seo-wordpress\/ -->\n<title>Vananemisvastane niisutav minikomplekt The History Of Whoo Vital Hydrating 5pcs gift set - IDA.KOREA<\/title>\n<meta name=\"robots\" content=\"index, follow, max-snippet:-1, max-image-preview:large, max-video-preview:-1\" \/>\n<link rel=\"canonical\" href=\"https:\/\/idakorea.ee\/fi\/product\/vananemisvastane-niisutav-minikomplekt-the-history-of-whoo-vital-hydrating-5pcs-gift-set\/\" \/>\n<meta property=\"og:locale\" content=\"fi_FI\" \/>\n<meta property=\"og:type\" content=\"article\" \/>\n<meta property=\"og:title\" content=\"Vananemisvastane niisutav minikomplekt The History Of Whoo Vital Hydrating 5pcs gift set - IDA.KOREA\" \/>\n<meta property=\"og:description\" content=\"Niisutav komplekt kaameliaekstraktiga taastab naha niiskustasakaalu, v\u00f5itleb vananemism\u00e4rkidega ja kaitseb keskkonna m\u00f5ju eest. N\u00e4onaha niisutamine on sama oluline protseduur kui puhastamine v\u00f5i toitmine. Meie rakkudes, sealhulgas naharakkudes, toimuvad pidevalt biokeemilised reaktsioonid, milleks on vajalik vesi. Meie nahk kaotab iga p\u00e4ev niiskust ja kui niiskustaset \u00f5igel ajal ei taastata, muutub nahk veetustunuks, v\u00e4hem elastseks ja v\u00e4hem...\" \/>\n<meta property=\"og:url\" content=\"https:\/\/idakorea.ee\/fi\/product\/vananemisvastane-niisutav-minikomplekt-the-history-of-whoo-vital-hydrating-5pcs-gift-set\/\" \/>\n<meta property=\"og:site_name\" content=\"IDA.KOREA\" \/>\n<meta property=\"article:modified_time\" content=\"2026-04-08T18:18:35+00:00\" \/>\n<meta property=\"og:image\" content=\"https:\/\/idakorea.ee\/wp-content\/uploads\/2024\/11\/the-whoo-vital-gift-set-idakorea.jpeg\" \/>\n\t<meta property=\"og:image:width\" content=\"500\" \/>\n\t<meta property=\"og:image:height\" content=\"500\" \/>\n\t<meta property=\"og:image:type\" content=\"image\/jpeg\" \/>\n<meta name=\"twitter:card\" content=\"summary_large_image\" \/>\n<meta name=\"twitter:label1\" content=\"Arvioitu lukuaika\" \/>\n\t<meta name=\"twitter:data1\" content=\"3 minuuttia\" \/>\n<script type=\"application\/ld+json\" class=\"yoast-schema-graph\">{\"@context\":\"https:\/\/schema.org\",\"@graph\":[{\"@type\":\"WebPage\",\"@id\":\"https:\/\/idakorea.ee\/product\/vananemisvastane-niisutav-minikomplekt-the-history-of-whoo-vital-hydrating-5pcs-gift-set\/\",\"url\":\"https:\/\/idakorea.ee\/product\/vananemisvastane-niisutav-minikomplekt-the-history-of-whoo-vital-hydrating-5pcs-gift-set\/\",\"name\":\"Vananemisvastane niisutav minikomplekt The History Of Whoo Vital Hydrating 5pcs gift set - IDA.KOREA\",\"isPartOf\":{\"@id\":\"https:\/\/idakorea.ee\/#website\"},\"primaryImageOfPage\":{\"@id\":\"https:\/\/idakorea.ee\/product\/vananemisvastane-niisutav-minikomplekt-the-history-of-whoo-vital-hydrating-5pcs-gift-set\/#primaryimage\"},\"image\":{\"@id\":\"https:\/\/idakorea.ee\/product\/vananemisvastane-niisutav-minikomplekt-the-history-of-whoo-vital-hydrating-5pcs-gift-set\/#primaryimage\"},\"thumbnailUrl\":\"https:\/\/idakorea.ee\/wp-content\/uploads\/2024\/11\/the-whoo-vital-gift-set-idakorea.jpeg\",\"datePublished\":\"2024-11-20T08:34:21+00:00\",\"dateModified\":\"2026-04-08T18:18:35+00:00\",\"breadcrumb\":{\"@id\":\"https:\/\/idakorea.ee\/product\/vananemisvastane-niisutav-minikomplekt-the-history-of-whoo-vital-hydrating-5pcs-gift-set\/#breadcrumb\"},\"inLanguage\":\"fi\",\"potentialAction\":[{\"@type\":\"ReadAction\",\"target\":[\"https:\/\/idakorea.ee\/product\/vananemisvastane-niisutav-minikomplekt-the-history-of-whoo-vital-hydrating-5pcs-gift-set\/\"]}]},{\"@type\":\"ImageObject\",\"inLanguage\":\"fi\",\"@id\":\"https:\/\/idakorea.ee\/product\/vananemisvastane-niisutav-minikomplekt-the-history-of-whoo-vital-hydrating-5pcs-gift-set\/#primaryimage\",\"url\":\"https:\/\/idakorea.ee\/wp-content\/uploads\/2024\/11\/the-whoo-vital-gift-set-idakorea.jpeg\",\"contentUrl\":\"https:\/\/idakorea.ee\/wp-content\/uploads\/2024\/11\/the-whoo-vital-gift-set-idakorea.jpeg\",\"width\":500,\"height\":500,\"caption\":\"the whoo vital gift set idakorea\"},{\"@type\":\"BreadcrumbList\",\"@id\":\"https:\/\/idakorea.ee\/product\/vananemisvastane-niisutav-minikomplekt-the-history-of-whoo-vital-hydrating-5pcs-gift-set\/#breadcrumb\",\"itemListElement\":[{\"@type\":\"ListItem\",\"position\":1,\"name\":\"\u0413\u043b\u0430\u0432\u043d\u0430\u044f \u0441\u0442\u0440\u0430\u043d\u0438\u0446\u0430\",\"item\":\"https:\/\/idakorea.ee\/\"},{\"@type\":\"ListItem\",\"position\":2,\"name\":\"Shop\",\"item\":\"https:\/\/idakorea.ee\/shop-2\/\"},{\"@type\":\"ListItem\",\"position\":3,\"name\":\"Vananemisvastane niisutav minikomplekt The History Of Whoo Vital Hydrating 5pcs gift set\"}]},{\"@type\":\"WebSite\",\"@id\":\"https:\/\/idakorea.ee\/#website\",\"url\":\"https:\/\/idakorea.ee\/\",\"name\":\"IDA.KOREA\",\"description\":\"Korea kosmeetika e-pood\",\"publisher\":{\"@id\":\"https:\/\/idakorea.ee\/#organization\"},\"alternateName\":\"Beauty Shop\",\"potentialAction\":[{\"@type\":\"SearchAction\",\"target\":{\"@type\":\"EntryPoint\",\"urlTemplate\":\"https:\/\/idakorea.ee\/?s={search_term_string}\"},\"query-input\":{\"@type\":\"PropertyValueSpecification\",\"valueRequired\":true,\"valueName\":\"search_term_string\"}}],\"inLanguage\":\"fi\"},{\"@type\":\"Organization\",\"@id\":\"https:\/\/idakorea.ee\/#organization\",\"name\":\"IDA.KOREA\",\"url\":\"https:\/\/idakorea.ee\/\",\"logo\":{\"@type\":\"ImageObject\",\"inLanguage\":\"fi\",\"@id\":\"https:\/\/idakorea.ee\/#\/schema\/logo\/image\/\",\"url\":\"https:\/\/idakorea.ee\/wp-content\/uploads\/2024\/05\/cropped-korea3.png\",\"contentUrl\":\"https:\/\/idakorea.ee\/wp-content\/uploads\/2024\/05\/cropped-korea3.png\",\"width\":688,\"height\":126,\"caption\":\"IDA.KOREA\"},\"image\":{\"@id\":\"https:\/\/idakorea.ee\/#\/schema\/logo\/image\/\"},\"sameAs\":[\"https:\/\/www.instagram.com\/ida.korea\/\"]}]}<\/script>\n<!-- \/ Yoast SEO plugin. -->","yoast_head_json":{"title":"Ik\u00e4\u00e4ntymist\u00e4 ehk\u00e4isev\u00e4 kosteusvoide minisetti The History Of Whoo Vital Hydrating 5-osainen lahjasetti - IDA.KOREA","robots":{"index":"index","follow":"follow","max-snippet":"max-snippet:-1","max-image-preview":"max-image-preview:large","max-video-preview":"max-video-preview:-1"},"canonical":"https:\/\/idakorea.ee\/fi\/product\/vananemisvastane-niisutav-minikomplekt-the-history-of-whoo-vital-hydrating-5pcs-gift-set\/","og_locale":"fi_FI","og_type":"article","og_title":"Vananemisvastane niisutav minikomplekt The History Of Whoo Vital Hydrating 5pcs gift set - IDA.KOREA","og_description":"Niisutav komplekt kaameliaekstraktiga taastab naha niiskustasakaalu, v\u00f5itleb vananemism\u00e4rkidega ja kaitseb keskkonna m\u00f5ju eest. N\u00e4onaha niisutamine on sama oluline protseduur kui puhastamine v\u00f5i toitmine. Meie rakkudes, sealhulgas naharakkudes, toimuvad pidevalt biokeemilised reaktsioonid, milleks on vajalik vesi. Meie nahk kaotab iga p\u00e4ev niiskust ja kui niiskustaset \u00f5igel ajal ei taastata, muutub nahk veetustunuks, v\u00e4hem elastseks ja v\u00e4hem...","og_url":"https:\/\/idakorea.ee\/fi\/product\/vananemisvastane-niisutav-minikomplekt-the-history-of-whoo-vital-hydrating-5pcs-gift-set\/","og_site_name":"IDA.KOREA","article_modified_time":"2026-04-08T18:18:35+00:00","og_image":[{"width":500,"height":500,"url":"https:\/\/idakorea.ee\/wp-content\/uploads\/2024\/11\/the-whoo-vital-gift-set-idakorea.jpeg","type":"image\/jpeg"}],"twitter_card":"summary_large_image","twitter_misc":{"Arvioitu lukuaika":"3 minuuttia"},"schema":{"@context":"https:\/\/schema.org","@graph":[{"@type":"WebPage","@id":"https:\/\/idakorea.ee\/product\/vananemisvastane-niisutav-minikomplekt-the-history-of-whoo-vital-hydrating-5pcs-gift-set\/","url":"https:\/\/idakorea.ee\/product\/vananemisvastane-niisutav-minikomplekt-the-history-of-whoo-vital-hydrating-5pcs-gift-set\/","name":"Ik\u00e4\u00e4ntymist\u00e4 ehk\u00e4isev\u00e4 kosteusvoide minisetti The History Of Whoo Vital Hydrating 5-osainen lahjasetti - IDA.KOREA","isPartOf":{"@id":"https:\/\/idakorea.ee\/#website"},"primaryImageOfPage":{"@id":"https:\/\/idakorea.ee\/product\/vananemisvastane-niisutav-minikomplekt-the-history-of-whoo-vital-hydrating-5pcs-gift-set\/#primaryimage"},"image":{"@id":"https:\/\/idakorea.ee\/product\/vananemisvastane-niisutav-minikomplekt-the-history-of-whoo-vital-hydrating-5pcs-gift-set\/#primaryimage"},"thumbnailUrl":"https:\/\/idakorea.ee\/wp-content\/uploads\/2024\/11\/the-whoo-vital-gift-set-idakorea.jpeg","datePublished":"2024-11-20T08:34:21+00:00","dateModified":"2026-04-08T18:18:35+00:00","breadcrumb":{"@id":"https:\/\/idakorea.ee\/product\/vananemisvastane-niisutav-minikomplekt-the-history-of-whoo-vital-hydrating-5pcs-gift-set\/#breadcrumb"},"inLanguage":"fi","potentialAction":[{"@type":"ReadAction","target":["https:\/\/idakorea.ee\/product\/vananemisvastane-niisutav-minikomplekt-the-history-of-whoo-vital-hydrating-5pcs-gift-set\/"]}]},{"@type":"ImageObject","inLanguage":"fi","@id":"https:\/\/idakorea.ee\/product\/vananemisvastane-niisutav-minikomplekt-the-history-of-whoo-vital-hydrating-5pcs-gift-set\/#primaryimage","url":"https:\/\/idakorea.ee\/wp-content\/uploads\/2024\/11\/the-whoo-vital-gift-set-idakorea.jpeg","contentUrl":"https:\/\/idakorea.ee\/wp-content\/uploads\/2024\/11\/the-whoo-vital-gift-set-idakorea.jpeg","width":500,"height":500,"caption":"the whoo vital gift set idakorea"},{"@type":"BreadcrumbList","@id":"https:\/\/idakorea.ee\/product\/vananemisvastane-niisutav-minikomplekt-the-history-of-whoo-vital-hydrating-5pcs-gift-set\/#breadcrumb","itemListElement":[{"@type":"ListItem","position":1,"name":"\u0413\u043b\u0430\u0432\u043d\u0430\u044f \u0441\u0442\u0440\u0430\u043d\u0438\u0446\u0430","item":"https:\/\/idakorea.ee\/"},{"@type":"ListItem","position":2,"name":"Shop","item":"https:\/\/idakorea.ee\/shop-2\/"},{"@type":"ListItem","position":3,"name":"Vananemisvastane niisutav minikomplekt The History Of Whoo Vital Hydrating 5pcs gift set"}]},{"@type":"WebSite","@id":"https:\/\/idakorea.ee\/#website","url":"https:\/\/idakorea.ee\/","name":"IDA.KOREA","description":"Korean kosmetiikan verkkokauppa","publisher":{"@id":"https:\/\/idakorea.ee\/#organization"},"alternateName":"Beauty Shop","potentialAction":[{"@type":"SearchAction","target":{"@type":"EntryPoint","urlTemplate":"https:\/\/idakorea.ee\/?s={search_term_string}"},"query-input":{"@type":"PropertyValueSpecification","valueRequired":true,"valueName":"search_term_string"}}],"inLanguage":"fi"},{"@type":"Organization","@id":"https:\/\/idakorea.ee\/#organization","name":"IDA.KOREA","url":"https:\/\/idakorea.ee\/","logo":{"@type":"ImageObject","inLanguage":"fi","@id":"https:\/\/idakorea.ee\/#\/schema\/logo\/image\/","url":"https:\/\/idakorea.ee\/wp-content\/uploads\/2024\/05\/cropped-korea3.png","contentUrl":"https:\/\/idakorea.ee\/wp-content\/uploads\/2024\/05\/cropped-korea3.png","width":688,"height":126,"caption":"IDA.KOREA"},"image":{"@id":"https:\/\/idakorea.ee\/#\/schema\/logo\/image\/"},"sameAs":["https:\/\/www.instagram.com\/ida.korea\/"]}]}},"jetpack_sharing_enabled":true,"brands":[{"id":494,"name":"WHOON HISTORIA","slug":"the-history-of-whoo"}],"_links":{"self":[{"href":"https:\/\/idakorea.ee\/fi\/wp-json\/wp\/v2\/product\/11377","targetHints":{"allow":["GET"]}}],"collection":[{"href":"https:\/\/idakorea.ee\/fi\/wp-json\/wp\/v2\/product"}],"about":[{"href":"https:\/\/idakorea.ee\/fi\/wp-json\/wp\/v2\/types\/product"}],"replies":[{"embeddable":true,"href":"https:\/\/idakorea.ee\/fi\/wp-json\/wp\/v2\/comments?post=11377"}],"version-history":[{"count":5,"href":"https:\/\/idakorea.ee\/fi\/wp-json\/wp\/v2\/product\/11377\/revisions"}],"predecessor-version":[{"id":17512,"href":"https:\/\/idakorea.ee\/fi\/wp-json\/wp\/v2\/product\/11377\/revisions\/17512"}],"wp:featuredmedia":[{"embeddable":true,"href":"https:\/\/idakorea.ee\/fi\/wp-json\/wp\/v2\/media\/11378"}],"wp:attachment":[{"href":"https:\/\/idakorea.ee\/fi\/wp-json\/wp\/v2\/media?parent=11377"}],"wp:term":[{"taxonomy":"pwb-brand","embeddable":true,"href":"https:\/\/idakorea.ee\/fi\/wp-json\/wp\/v2\/pwb-brand?post=11377"},{"taxonomy":"product_brand","embeddable":true,"href":"https:\/\/idakorea.ee\/fi\/wp-json\/wp\/v2\/product_brand?post=11377"},{"taxonomy":"product_cat","embeddable":true,"href":"https:\/\/idakorea.ee\/fi\/wp-json\/wp\/v2\/product_cat?post=11377"},{"taxonomy":"product_tag","embeddable":true,"href":"https:\/\/idakorea.ee\/fi\/wp-json\/wp\/v2\/product_tag?post=11377"}],"curies":[{"name":"wp","href":"https:\/\/api.w.org\/{rel}","templated":true}]}}