{"id":11520,"date":"2024-11-26T18:54:46","date_gmt":"2024-11-26T16:54:46","guid":{"rendered":"https:\/\/idakorea.ee\/?post_type=product&#038;p=11520"},"modified":"2026-04-13T20:27:23","modified_gmt":"2026-04-13T18:27:23","slug":"varskendav-hudrogeelmask-biodance-refreshing-sea-kelp-real-deep-mask","status":"publish","type":"product","link":"https:\/\/idakorea.ee\/fi\/product\/varskendav-hudrogeelmask-biodance-refreshing-sea-kelp-real-deep-mask\/","title":{"rendered":"Virkist\u00e4v\u00e4 hydrogeelinaamio Biodance Refreshing Sea Kelp Real Deep Mask"},"content":{"rendered":"<p><strong>Biodance Refreshing Sea Kelp Real Deep Mask -\u200bsyv\u00e4naamio<\/strong> \u2014 virkist\u00e4v\u00e4 hydrogeelinaamio merilev\u00e4ll\u00e4, joka palauttaa, rauhoittaa ja kosteuttaa ihoa tehokkaasti.<\/p>\n<p>Naamio on rikastettu luonnollisella fermentoidulla merilev\u00e4ll\u00e4, jolla on tehokkaita antioksidanttisia ominaisuuksia.<\/p>\n<p>Naamio rauhoittaa ja elvytt\u00e4\u00e4 ihoa nopeasti tehden siit\u00e4 samettisen ja valmistaen sen meikin levitt\u00e4miseen.<\/p>\n<p><strong>Tulokset ensimm\u00e4isen k\u00e4ytt\u00f6kerran j\u00e4lkeen:<\/strong><br \/>\nPunoituksen v\u00e4hent\u00e4minen 49.2%.<br \/>\nOksidatiivisen stressin v\u00e4hent\u00e4minen 43.7%.<br \/>\nTulehduksen v\u00e4hent\u00e4minen 88.2%.<br \/>\nIhon kest\u00e4vyyden lis\u00e4\u00e4ntyminen 106.0%.<\/p>\n<p><strong>Testitulokset:<\/strong><br \/>\nIhon kosteustaso lis\u00e4\u00e4ntyy 123%:ll\u00e4.<br \/>\nRauhoittava vaikutus \u2014 110%.<br \/>\nEsteen vahvistus \u2014 121%.<\/p>\n<p>Naamio auttaa v\u00e4hent\u00e4m\u00e4\u00e4n stressi\u00e4 ja vaurioita sek\u00e4 suojaamaan ihoa ulkoisilta vaikutuksilta. Korkean antioksidantti- ja kosteuttavien ainesosien pitoisuuden ansiosta naamio my\u00f6s v\u00e4hent\u00e4\u00e4 ryppyj\u00e4 ja kuivuutta antaen iholle nuorekkaan ja s\u00e4teilev\u00e4n ulkon\u00e4\u00f6n.<\/p>\n<p>Naamion puhdas ja luonnollinen merilev\u00e4uute (Dashima) tunnetaan superantioksidanttina. N\u00e4m\u00e4 kasvit ovat runsaasti luonnollisia vitamiineja ja mineraaleja, jotka ravitsevat ja uudistavat ihoa tehokkaasti, v\u00e4hent\u00e4v\u00e4t v\u00e4symyst\u00e4 ja palauttavat sen pehmeyden ja raikkauden.<\/p>\n<p>Kaksinkertainen fermentointiteknologia: vahvistaa naamion aktiivisia ominaisuuksia ja varmistaa ihon syv\u00e4n uudistumisen.<\/p>\n<p><strong>T\u00e4rkeimm\u00e4t ainesosat:<\/strong><\/p>\n<ul>\n<li>Laktobasillit ja laminariauute: vahvistavat ihon suojakerrosta, edist\u00e4v\u00e4t uudistumista ja nesteytyst\u00e4.<\/li>\n<li>Glyseriini: Luonnollinen kosteuttaja, joka vet\u00e4\u00e4 kosteutta ihoon ja auttaa sit\u00e4 pysym\u00e4\u00e4n kosteutettuna.<\/li>\n<li>Kurjenmiekka (Iris moss): rauhoittaa ihoa, auttaa v\u00e4hent\u00e4m\u00e4\u00e4n tulehdusta ja sill\u00e4 on kosteuttavia ominaisuuksia.<\/li>\n<li>Neem-lehtiuute: omaa antibakteerisia ja tulehdusta ehk\u00e4isevi\u00e4 ominaisuuksia, auttaa puhdistamaan ja parantamaan ihon kuntoa.<\/li>\n<li>Centella asiatica: stimuloi paranemista, v\u00e4hent\u00e4\u00e4 tulehdusta ja vahvistaa kapillaarien sein\u00e4mi\u00e4.<\/li>\n<li>Pantenoli: kosteuttaa ja rauhoittaa ihoa, auttaa palauttamaan sen suojaavat toiminnot.<\/li>\n<li>Madekassosidi: edist\u00e4\u00e4 paranemista ja parantaa ihon rakennetta, sill\u00e4 on tulehdusta est\u00e4vi\u00e4 vaikutuksia.<\/li>\n<li>Spirulina: rikastuttaa ihoa vitamiineilla ja mineraaleilla, omaa antioksidanttisia ominaisuuksia.<\/li>\n<\/ul>\n<p>&nbsp;<\/p>\n<p>Sopii kaikille ihotyypeille, erityisesti \u00e4rtyneelle, ohuelle, punoittavalle ja herk\u00e4lle iholle. Iholle, joka kaipaa tehokasta palautumista ja kosteutusta.<\/p>\n<p><strong>K\u00e4ytt\u00f6:<\/strong> Levit\u00e4 naamio puhtaalle ja kasvovedelle kasvoille ja anna vaikuttaa 3\u20134 tuntia. Parhaan tehon saavuttamiseksi anna naamion vaikuttaa y\u00f6n yli.<\/p>","protected":false},"excerpt":{"rendered":"<p>Biodance Refreshing Sea Kelp Real Deep Mask - virkist\u00e4v\u00e4 hydrogeelinaamio, jossa on merilev\u00e4\u00e4, palauttaa, rauhoittaa ja kosteuttaa ihoa intensiivisesti. Naamio on rikastettu luonnollisilla fermentoiduilla merilevill\u00e4, joilla on tehokkaita antioksidanttisia ominaisuuksia. Naamio rauhoittaa ja elvytt\u00e4\u00e4 ihoa nopeasti, tehden siit\u00e4 samettisen pehme\u00e4n ja valmiin meikki\u00e4 varten. Tulokset ensimm\u00e4isen k\u00e4ytt\u00f6kerran j\u00e4lkeen. Hapetusstressin v\u00e4hent\u00e4minen 43,7%. Tulehduksen v\u00e4heneminen 88,2%.....<\/p>","protected":false},"featured_media":11528,"comment_status":"open","ping_status":"closed","template":"","meta":{"_uf_show_specific_survey":0,"_uf_disable_surveys":false,"_bst_post_transparent":"default","_bst_post_title":"","_bst_post_layout":"default","_bst_post_sidebar_id":"","_bst_post_content_style":"default","_bst_post_vertical_padding":"default","_bst_post_feature":"","_bst_post_feature_position":"","_bst_post_header":false,"_bst_post_footer":false},"pwb-brand":[113],"product_brand":[],"product_cat":[92,98],"product_tag":[718,719,562],"class_list":{"0":"post-11520","1":"product","2":"type-product","3":"status-publish","4":"has-post-thumbnail","6":"pwb-brand-biodance","7":"product_cat-nagu","8":"product_cat-naomaskid","9":"product_tag-biodance-viral-mask","10":"product_tag-sea-kalm","11":"product_tag-trend-mask","13":"first","14":"instock","15":"sale","16":"shipping-taxable","17":"purchasable","18":"product-type-simple","19":"entry","20":"content-bg","21":"loop-entry"},"supplier_id":null,"supplier_sku":"","barcode":null,"atum_controlled":true,"out_stock_date":null,"out_stock_threshold":null,"inheritable":false,"inbound_stock":0,"stock_on_hold":0,"sold_today":0,"sales_last_days":1,"out_stock_days":0,"lost_sales":0,"has_location":false,"update_date":"2026-04-14T12:37:28","atum_locations":[],"atum_stock_status":"instock","restock_status":false,"low_stock_amount":"","sales_update_date":"2026-04-14T12:37:28","calc_backorders":null,"yoast_head":"<!-- This site is optimized with the Yoast SEO plugin v27.2 - https:\/\/yoast.com\/product\/yoast-seo-wordpress\/ -->\n<title>V\u00e4rskendav h\u00fcdrogeelmask Biodance Refreshing Sea Kelp Real Deep Mask - IDA.KOREA<\/title>\n<meta name=\"robots\" content=\"index, follow, max-snippet:-1, max-image-preview:large, max-video-preview:-1\" \/>\n<link rel=\"canonical\" href=\"https:\/\/idakorea.ee\/fi\/product\/varskendav-hudrogeelmask-biodance-refreshing-sea-kelp-real-deep-mask\/\" \/>\n<meta property=\"og:locale\" content=\"fi_FI\" \/>\n<meta property=\"og:type\" content=\"article\" \/>\n<meta property=\"og:title\" content=\"V\u00e4rskendav h\u00fcdrogeelmask Biodance Refreshing Sea Kelp Real Deep Mask - IDA.KOREA\" \/>\n<meta property=\"og:description\" content=\"Biodance Refreshing Sea Kelp Real Deep Mask \u2014 v\u00e4rskendav h\u00fcdrogeelmask merevetikatega, intensiivselt taastab, rahustab ja niisutab nahka. Mask on rikastatud looduslike fermenteeritud merevetikatega, millel on t\u00f5husad antioks\u00fcdantsed omadused. Mask rahustab ja elavdab nahka kiiresti, muutes selle sametiseks ja ettevalmistades meigi pealekandmiseks. Tulemused p\u00e4rast esimest kasutamist: Punetuse v\u00e4henemine 49,2%. Oks\u00fcdatiivse stressi v\u00e4henemine 43,7%. P\u00f5letike v\u00e4henemine 88,2%....\" \/>\n<meta property=\"og:url\" content=\"https:\/\/idakorea.ee\/fi\/product\/varskendav-hudrogeelmask-biodance-refreshing-sea-kelp-real-deep-mask\/\" \/>\n<meta property=\"og:site_name\" content=\"IDA.KOREA\" \/>\n<meta property=\"article:modified_time\" content=\"2026-04-13T18:27:23+00:00\" \/>\n<meta property=\"og:image\" content=\"https:\/\/idakorea.ee\/wp-content\/uploads\/2024\/11\/biodance-sea-kelm-mask-ida.png\" \/>\n\t<meta property=\"og:image:width\" content=\"544\" \/>\n\t<meta property=\"og:image:height\" content=\"608\" \/>\n\t<meta property=\"og:image:type\" content=\"image\/png\" \/>\n<meta name=\"twitter:card\" content=\"summary_large_image\" \/>\n<meta name=\"twitter:label1\" content=\"Arvioitu lukuaika\" \/>\n\t<meta name=\"twitter:data1\" content=\"2 minuuttia\" \/>\n<script type=\"application\/ld+json\" class=\"yoast-schema-graph\">{\"@context\":\"https:\/\/schema.org\",\"@graph\":[{\"@type\":\"WebPage\",\"@id\":\"https:\/\/idakorea.ee\/product\/varskendav-hudrogeelmask-biodance-refreshing-sea-kelp-real-deep-mask\/\",\"url\":\"https:\/\/idakorea.ee\/product\/varskendav-hudrogeelmask-biodance-refreshing-sea-kelp-real-deep-mask\/\",\"name\":\"V\u00e4rskendav h\u00fcdrogeelmask Biodance Refreshing Sea Kelp Real Deep Mask - IDA.KOREA\",\"isPartOf\":{\"@id\":\"https:\/\/idakorea.ee\/#website\"},\"primaryImageOfPage\":{\"@id\":\"https:\/\/idakorea.ee\/product\/varskendav-hudrogeelmask-biodance-refreshing-sea-kelp-real-deep-mask\/#primaryimage\"},\"image\":{\"@id\":\"https:\/\/idakorea.ee\/product\/varskendav-hudrogeelmask-biodance-refreshing-sea-kelp-real-deep-mask\/#primaryimage\"},\"thumbnailUrl\":\"https:\/\/idakorea.ee\/wp-content\/uploads\/2024\/11\/biodance-sea-kelm-mask-ida.png\",\"datePublished\":\"2024-11-26T16:54:46+00:00\",\"dateModified\":\"2026-04-13T18:27:23+00:00\",\"breadcrumb\":{\"@id\":\"https:\/\/idakorea.ee\/product\/varskendav-hudrogeelmask-biodance-refreshing-sea-kelp-real-deep-mask\/#breadcrumb\"},\"inLanguage\":\"fi\",\"potentialAction\":[{\"@type\":\"ReadAction\",\"target\":[\"https:\/\/idakorea.ee\/product\/varskendav-hudrogeelmask-biodance-refreshing-sea-kelp-real-deep-mask\/\"]}]},{\"@type\":\"ImageObject\",\"inLanguage\":\"fi\",\"@id\":\"https:\/\/idakorea.ee\/product\/varskendav-hudrogeelmask-biodance-refreshing-sea-kelp-real-deep-mask\/#primaryimage\",\"url\":\"https:\/\/idakorea.ee\/wp-content\/uploads\/2024\/11\/biodance-sea-kelm-mask-ida.png\",\"contentUrl\":\"https:\/\/idakorea.ee\/wp-content\/uploads\/2024\/11\/biodance-sea-kelm-mask-ida.png\",\"width\":544,\"height\":608},{\"@type\":\"BreadcrumbList\",\"@id\":\"https:\/\/idakorea.ee\/product\/varskendav-hudrogeelmask-biodance-refreshing-sea-kelp-real-deep-mask\/#breadcrumb\",\"itemListElement\":[{\"@type\":\"ListItem\",\"position\":1,\"name\":\"\u0413\u043b\u0430\u0432\u043d\u0430\u044f \u0441\u0442\u0440\u0430\u043d\u0438\u0446\u0430\",\"item\":\"https:\/\/idakorea.ee\/\"},{\"@type\":\"ListItem\",\"position\":2,\"name\":\"Shop\",\"item\":\"https:\/\/idakorea.ee\/shop-2\/\"},{\"@type\":\"ListItem\",\"position\":3,\"name\":\"V\u00e4rskendav h\u00fcdrogeelmask Biodance Refreshing Sea Kelp Real Deep Mask\"}]},{\"@type\":\"WebSite\",\"@id\":\"https:\/\/idakorea.ee\/#website\",\"url\":\"https:\/\/idakorea.ee\/\",\"name\":\"IDA.KOREA\",\"description\":\"Korea kosmeetika e-pood\",\"publisher\":{\"@id\":\"https:\/\/idakorea.ee\/#organization\"},\"alternateName\":\"Beauty Shop\",\"potentialAction\":[{\"@type\":\"SearchAction\",\"target\":{\"@type\":\"EntryPoint\",\"urlTemplate\":\"https:\/\/idakorea.ee\/?s={search_term_string}\"},\"query-input\":{\"@type\":\"PropertyValueSpecification\",\"valueRequired\":true,\"valueName\":\"search_term_string\"}}],\"inLanguage\":\"fi\"},{\"@type\":\"Organization\",\"@id\":\"https:\/\/idakorea.ee\/#organization\",\"name\":\"IDA.KOREA\",\"url\":\"https:\/\/idakorea.ee\/\",\"logo\":{\"@type\":\"ImageObject\",\"inLanguage\":\"fi\",\"@id\":\"https:\/\/idakorea.ee\/#\/schema\/logo\/image\/\",\"url\":\"https:\/\/idakorea.ee\/wp-content\/uploads\/2024\/05\/cropped-korea3.png\",\"contentUrl\":\"https:\/\/idakorea.ee\/wp-content\/uploads\/2024\/05\/cropped-korea3.png\",\"width\":688,\"height\":126,\"caption\":\"IDA.KOREA\"},\"image\":{\"@id\":\"https:\/\/idakorea.ee\/#\/schema\/logo\/image\/\"},\"sameAs\":[\"https:\/\/www.instagram.com\/ida.korea\/\"]}]}<\/script>\n<!-- \/ Yoast SEO plugin. -->","yoast_head_json":{"title":"Biodance Refreshing Sea Kelp Real Deep Mask - IT\u00c4-KOREA","robots":{"index":"index","follow":"follow","max-snippet":"max-snippet:-1","max-image-preview":"max-image-preview:large","max-video-preview":"max-video-preview:-1"},"canonical":"https:\/\/idakorea.ee\/fi\/product\/varskendav-hudrogeelmask-biodance-refreshing-sea-kelp-real-deep-mask\/","og_locale":"fi_FI","og_type":"article","og_title":"V\u00e4rskendav h\u00fcdrogeelmask Biodance Refreshing Sea Kelp Real Deep Mask - IDA.KOREA","og_description":"Biodance Refreshing Sea Kelp Real Deep Mask \u2014 v\u00e4rskendav h\u00fcdrogeelmask merevetikatega, intensiivselt taastab, rahustab ja niisutab nahka. Mask on rikastatud looduslike fermenteeritud merevetikatega, millel on t\u00f5husad antioks\u00fcdantsed omadused. Mask rahustab ja elavdab nahka kiiresti, muutes selle sametiseks ja ettevalmistades meigi pealekandmiseks. Tulemused p\u00e4rast esimest kasutamist: Punetuse v\u00e4henemine 49,2%. Oks\u00fcdatiivse stressi v\u00e4henemine 43,7%. P\u00f5letike v\u00e4henemine 88,2%....","og_url":"https:\/\/idakorea.ee\/fi\/product\/varskendav-hudrogeelmask-biodance-refreshing-sea-kelp-real-deep-mask\/","og_site_name":"IDA.KOREA","article_modified_time":"2026-04-13T18:27:23+00:00","og_image":[{"width":544,"height":608,"url":"https:\/\/idakorea.ee\/wp-content\/uploads\/2024\/11\/biodance-sea-kelm-mask-ida.png","type":"image\/png"}],"twitter_card":"summary_large_image","twitter_misc":{"Arvioitu lukuaika":"2 minuuttia"},"schema":{"@context":"https:\/\/schema.org","@graph":[{"@type":"WebPage","@id":"https:\/\/idakorea.ee\/product\/varskendav-hudrogeelmask-biodance-refreshing-sea-kelp-real-deep-mask\/","url":"https:\/\/idakorea.ee\/product\/varskendav-hudrogeelmask-biodance-refreshing-sea-kelp-real-deep-mask\/","name":"Biodance Refreshing Sea Kelp Real Deep Mask - IT\u00c4-KOREA","isPartOf":{"@id":"https:\/\/idakorea.ee\/#website"},"primaryImageOfPage":{"@id":"https:\/\/idakorea.ee\/product\/varskendav-hudrogeelmask-biodance-refreshing-sea-kelp-real-deep-mask\/#primaryimage"},"image":{"@id":"https:\/\/idakorea.ee\/product\/varskendav-hudrogeelmask-biodance-refreshing-sea-kelp-real-deep-mask\/#primaryimage"},"thumbnailUrl":"https:\/\/idakorea.ee\/wp-content\/uploads\/2024\/11\/biodance-sea-kelm-mask-ida.png","datePublished":"2024-11-26T16:54:46+00:00","dateModified":"2026-04-13T18:27:23+00:00","breadcrumb":{"@id":"https:\/\/idakorea.ee\/product\/varskendav-hudrogeelmask-biodance-refreshing-sea-kelp-real-deep-mask\/#breadcrumb"},"inLanguage":"fi","potentialAction":[{"@type":"ReadAction","target":["https:\/\/idakorea.ee\/product\/varskendav-hudrogeelmask-biodance-refreshing-sea-kelp-real-deep-mask\/"]}]},{"@type":"ImageObject","inLanguage":"fi","@id":"https:\/\/idakorea.ee\/product\/varskendav-hudrogeelmask-biodance-refreshing-sea-kelp-real-deep-mask\/#primaryimage","url":"https:\/\/idakorea.ee\/wp-content\/uploads\/2024\/11\/biodance-sea-kelm-mask-ida.png","contentUrl":"https:\/\/idakorea.ee\/wp-content\/uploads\/2024\/11\/biodance-sea-kelm-mask-ida.png","width":544,"height":608},{"@type":"BreadcrumbList","@id":"https:\/\/idakorea.ee\/product\/varskendav-hudrogeelmask-biodance-refreshing-sea-kelp-real-deep-mask\/#breadcrumb","itemListElement":[{"@type":"ListItem","position":1,"name":"\u0413\u043b\u0430\u0432\u043d\u0430\u044f \u0441\u0442\u0440\u0430\u043d\u0438\u0446\u0430","item":"https:\/\/idakorea.ee\/"},{"@type":"ListItem","position":2,"name":"Shop","item":"https:\/\/idakorea.ee\/shop-2\/"},{"@type":"ListItem","position":3,"name":"V\u00e4rskendav h\u00fcdrogeelmask Biodance Refreshing Sea Kelp Real Deep Mask"}]},{"@type":"WebSite","@id":"https:\/\/idakorea.ee\/#website","url":"https:\/\/idakorea.ee\/","name":"IDA.KOREA","description":"Korean kosmetiikan verkkokauppa","publisher":{"@id":"https:\/\/idakorea.ee\/#organization"},"alternateName":"Beauty Shop","potentialAction":[{"@type":"SearchAction","target":{"@type":"EntryPoint","urlTemplate":"https:\/\/idakorea.ee\/?s={search_term_string}"},"query-input":{"@type":"PropertyValueSpecification","valueRequired":true,"valueName":"search_term_string"}}],"inLanguage":"fi"},{"@type":"Organization","@id":"https:\/\/idakorea.ee\/#organization","name":"IDA.KOREA","url":"https:\/\/idakorea.ee\/","logo":{"@type":"ImageObject","inLanguage":"fi","@id":"https:\/\/idakorea.ee\/#\/schema\/logo\/image\/","url":"https:\/\/idakorea.ee\/wp-content\/uploads\/2024\/05\/cropped-korea3.png","contentUrl":"https:\/\/idakorea.ee\/wp-content\/uploads\/2024\/05\/cropped-korea3.png","width":688,"height":126,"caption":"IDA.KOREA"},"image":{"@id":"https:\/\/idakorea.ee\/#\/schema\/logo\/image\/"},"sameAs":["https:\/\/www.instagram.com\/ida.korea\/"]}]}},"jetpack_sharing_enabled":true,"brands":[{"id":113,"name":"BIODANCE","slug":"biodance"}],"_links":{"self":[{"href":"https:\/\/idakorea.ee\/fi\/wp-json\/wp\/v2\/product\/11520","targetHints":{"allow":["GET"]}}],"collection":[{"href":"https:\/\/idakorea.ee\/fi\/wp-json\/wp\/v2\/product"}],"about":[{"href":"https:\/\/idakorea.ee\/fi\/wp-json\/wp\/v2\/types\/product"}],"replies":[{"embeddable":true,"href":"https:\/\/idakorea.ee\/fi\/wp-json\/wp\/v2\/comments?post=11520"}],"version-history":[{"count":3,"href":"https:\/\/idakorea.ee\/fi\/wp-json\/wp\/v2\/product\/11520\/revisions"}],"predecessor-version":[{"id":11713,"href":"https:\/\/idakorea.ee\/fi\/wp-json\/wp\/v2\/product\/11520\/revisions\/11713"}],"wp:featuredmedia":[{"embeddable":true,"href":"https:\/\/idakorea.ee\/fi\/wp-json\/wp\/v2\/media\/11528"}],"wp:attachment":[{"href":"https:\/\/idakorea.ee\/fi\/wp-json\/wp\/v2\/media?parent=11520"}],"wp:term":[{"taxonomy":"pwb-brand","embeddable":true,"href":"https:\/\/idakorea.ee\/fi\/wp-json\/wp\/v2\/pwb-brand?post=11520"},{"taxonomy":"product_brand","embeddable":true,"href":"https:\/\/idakorea.ee\/fi\/wp-json\/wp\/v2\/product_brand?post=11520"},{"taxonomy":"product_cat","embeddable":true,"href":"https:\/\/idakorea.ee\/fi\/wp-json\/wp\/v2\/product_cat?post=11520"},{"taxonomy":"product_tag","embeddable":true,"href":"https:\/\/idakorea.ee\/fi\/wp-json\/wp\/v2\/product_tag?post=11520"}],"curies":[{"name":"wp","href":"https:\/\/api.w.org\/{rel}","templated":true}]}}