{"id":11544,"date":"2024-11-27T10:07:03","date_gmt":"2024-11-27T08:07:03","guid":{"rendered":"https:\/\/idakorea.ee\/?post_type=product&#038;p=11544"},"modified":"2026-04-13T20:27:22","modified_gmt":"2026-04-13T18:27:22","slug":"hudrogeelmask-c-vitamiini-ja-niatsinamiidiga-biodance-radiant-vita-niacinamide-real-deep-mask","status":"publish","type":"product","link":"https:\/\/idakorea.ee\/fi\/product\/hudrogeelmask-c-vitamiini-ja-niatsinamiidiga-biodance-radiant-vita-niacinamide-real-deep-mask\/","title":{"rendered":"C-vitamiinia ja niasiiniamidia sis\u00e4lt\u00e4v\u00e4 hydrogeelinaamio Biodance Radiant Vita Niasiiniamidi Real Deep Mask -naamio"},"content":{"rendered":"<p>C-vitamiinia ja niasiiniamidia sis\u00e4lt\u00e4v\u00e4 hydrogeelinaamio ihon tehokkaaseen kosteuttamiseen, ihon s\u00e4vyn tasoittamiseen ja ik\u00e4\u00e4ntymisen merkkien torjuntaan.<\/p>\n<p>Naamio sis\u00e4lt\u00e4\u00e4 10%-ananasmehua ja C-vitamiinia, jotka auttavat parantamaan ihon rakennetta. Niasiiniamidi edist\u00e4\u00e4 tasaista ihon s\u00e4vy\u00e4. Kymmenen erilaista hyaluronihappoa ja allantoiinia kosteuttavat ihoa kolmella tasolla antaen sille pehmeytt\u00e4 ja kimmoisuutta.<\/p>\n<p><strong>Edut:<\/strong><br \/>\nV\u00e4hent\u00e4\u00e4 pigmenttimuutoksia, aknearpia ja tummia l\u00e4iski\u00e4.<br \/>\nVarmistaa ihon pehmeyden ja elastisuuden.<br \/>\nAntaa raikkaan ilmeen, tekee ihosta sile\u00e4mm\u00e4n ja varmistaa tasaisen ihon s\u00e4vyn.<br \/>\nEst\u00e4\u00e4 pigmentaation muodostumisen.<br \/>\nTarjoaa syv\u00e4\u00e4 nesteytyst\u00e4.<br \/>\nParantaa ihon rakennetta, poistaa kuolleita ihosoluja.<\/p>\n<p>T\u00e4m\u00e4 naamio sopii ihanteellisesti samealle iholle, pigmenttimuutoksille ja aknearville, ik\u00e4\u00e4ntyv\u00e4lle ja ep\u00e4tasaiselle iholle sek\u00e4 kuivuneelle ja v\u00e4syneelle iholle.<\/p>\n<p>Dermatologiset testit ja iho\u00e4rsytyst\u00e4 koskevat testit on suoritettu, ja kaikki ainesosat ovat saaneet EWG:n vihre\u00e4n luokituksen.<\/p>\n<p><strong>T\u00e4rkeimm\u00e4t ainesosat:<\/strong><br \/>\nNiasiiniamidi (20 000 ppm): Kirkastaa ihoa, auttaa tasoittamaan ihon s\u00e4vy\u00e4 ja v\u00e4hent\u00e4m\u00e4\u00e4n pigmenttimuutoksia sek\u00e4 torjuu tulehdusta ja aknea.<br \/>\nAnanasvesi (100 000 ppm): Sis\u00e4lt\u00e4\u00e4 bromelaiinia, joka kuorii kuolleita ihosoluja antaen iholle raikkaan ilmeen sek\u00e4 kosteuttaen ja raviten sit\u00e4.<\/p>\n<p>Hyaluronihappo (eri muodoissa): Kosteuttaa tehokkaasti tunkeutumalla ihon eri kerroksiin ja s\u00e4ilytt\u00e4m\u00e4ll\u00e4 kosteutta, tehden ihosta joustavamman ja sile\u00e4mm\u00e4n.<br \/>\nGlutationi: Tehokas antioksidantti, joka auttaa kirkastamaan ihoa ja v\u00e4hent\u00e4m\u00e4\u00e4n \u00e4rsytyst\u00e4 suojaamalla soluja vaurioilta ja ik\u00e4\u00e4ntymiselt\u00e4.<\/p>\n<p>Allantoiini: Rauhoittaa ja kosteuttaa ihoa, edist\u00e4\u00e4 paranemista ja auttaa poistamaan punoitusta ja \u00e4rsytyst\u00e4.<br \/>\nKasviuutteet (mukaan lukien kurkuman juuri, intiansalvian lehti ja ananaksen uute) \u2013 ainesosilla on tulehdusta est\u00e4vi\u00e4 ja rauhoittavia ominaisuuksia ja ne parantavat ihon yleist\u00e4 kuntoa.<\/p>\n<p><strong>K\u00e4ytt\u00f6:<\/strong>\u00a0Levit\u00e4 naamiota puhdistetulle ja kasvovedelle iholle 3\u20134 tunniksi, kunnes naamio muuttuu l\u00e4pin\u00e4kyv\u00e4ksi, ja poista sitten. Parhaan tehon saavuttamiseksi anna naamion vaikuttaa y\u00f6n yli. Naamion k\u00e4ytt\u00f6\u00e4 suositellaan 1\u20133 kertaa viikossa intensiivisen ihoa kiinteytt\u00e4v\u00e4n vaikutuksen saavuttamiseksi.<\/p>","protected":false},"excerpt":{"rendered":"<p>C-vitamiinia ja niasiiniamidia sis\u00e4lt\u00e4v\u00e4 hydrogeelinaamio kosteuttaa ihoa intensiivisesti, parantaa ihon s\u00e4vy\u00e4 ja torjuu ik\u00e4\u00e4ntymisen merkkej\u00e4. Naamio sis\u00e4lt\u00e4\u00e4 10% ananasmehua ja C-vitamiinia parantamaan ihon rakennetta. Niasiiniamidi auttaa tasoittamaan ihon s\u00e4vy\u00e4. Kymmenen erilaista hyaluronihappoa ja allantoiinia kosteuttavat ihoa kolmella tasolla antaen sille pehmeytt\u00e4 ja kimmoisuutta. Hy\u00f6dyt. Antaa iholle pehmeytt\u00e4 ja...<\/p>","protected":false},"featured_media":11545,"comment_status":"open","ping_status":"closed","template":"","meta":{"_uf_show_specific_survey":0,"_uf_disable_surveys":false,"_bst_post_transparent":"default","_bst_post_title":"","_bst_post_layout":"default","_bst_post_sidebar_id":"","_bst_post_content_style":"default","_bst_post_vertical_padding":"default","_bst_post_feature":"","_bst_post_feature_position":"","_bst_post_header":false,"_bst_post_footer":false},"pwb-brand":[113],"product_brand":[],"product_cat":[92,98],"product_tag":[445,720,563,634],"class_list":{"0":"post-11544","1":"product","2":"type-product","3":"status-publish","4":"has-post-thumbnail","6":"pwb-brand-biodance","7":"product_cat-nagu","8":"product_cat-naomaskid","9":"product_tag-biodance","10":"product_tag-tiktok-mask","11":"product_tag-viral-mask","12":"product_tag-vitamin-c","14":"first","15":"instock","16":"sale","17":"shipping-taxable","18":"purchasable","19":"product-type-simple","20":"entry","21":"content-bg","22":"loop-entry"},"supplier_id":null,"supplier_sku":"","barcode":null,"atum_controlled":true,"out_stock_date":null,"out_stock_threshold":null,"inheritable":false,"inbound_stock":0,"stock_on_hold":0,"sold_today":0,"sales_last_days":1,"out_stock_days":0,"lost_sales":0,"has_location":false,"update_date":"2026-04-14T12:37:28","atum_locations":[],"atum_stock_status":"instock","restock_status":false,"low_stock_amount":"","sales_update_date":"2026-04-14T12:37:28","calc_backorders":null,"yoast_head":"<!-- This site is optimized with the Yoast SEO plugin v27.2 - https:\/\/yoast.com\/product\/yoast-seo-wordpress\/ -->\n<title>H\u00fcdrogeelmask C-vitamiini ja niatsinamiidiga Biodance Radiant Vita Niacinamide Real Deep Mask - IDA.KOREA<\/title>\n<meta name=\"robots\" content=\"index, follow, max-snippet:-1, max-image-preview:large, max-video-preview:-1\" \/>\n<link rel=\"canonical\" href=\"https:\/\/idakorea.ee\/fi\/product\/hudrogeelmask-c-vitamiini-ja-niatsinamiidiga-biodance-radiant-vita-niacinamide-real-deep-mask\/\" \/>\n<meta property=\"og:locale\" content=\"fi_FI\" \/>\n<meta property=\"og:type\" content=\"article\" \/>\n<meta property=\"og:title\" content=\"H\u00fcdrogeelmask C-vitamiini ja niatsinamiidiga Biodance Radiant Vita Niacinamide Real Deep Mask - IDA.KOREA\" \/>\n<meta property=\"og:description\" content=\"H\u00fcdrogeelmask C-vitamiini ja niatsinamiidiga, intensiivseks naha niisutamiseks, nahatooni \u00fchtlustamiseks ja vananemism\u00e4rkide vastu v\u00f5itlemiseks. Mask sisaldab 10% ananassimahla ja C-vitamiini, mis aitab parandada naha tekstuuri. Niatsiinamiid soodustab nahatooni \u00fchtlustamist. K\u00fcmme erinevat t\u00fc\u00fcpi h\u00fcaluroonhapet ja allantoiin niisutavad nahka kolmel tasandill, andes sellele pehmuse ja elastsuse. Eelised: V\u00e4hendab pigmentatsiooni, aknej\u00e4rgseid j\u00e4lgi ja tumedaid laike. Tagab naha pehmuse ja...\" \/>\n<meta property=\"og:url\" content=\"https:\/\/idakorea.ee\/fi\/product\/hudrogeelmask-c-vitamiini-ja-niatsinamiidiga-biodance-radiant-vita-niacinamide-real-deep-mask\/\" \/>\n<meta property=\"og:site_name\" content=\"IDA.KOREA\" \/>\n<meta property=\"article:modified_time\" content=\"2026-04-13T18:27:22+00:00\" \/>\n<meta property=\"og:image\" content=\"https:\/\/idakorea.ee\/wp-content\/uploads\/2024\/11\/gxfhcvhm.png\" \/>\n\t<meta property=\"og:image:width\" content=\"408\" \/>\n\t<meta property=\"og:image:height\" content=\"437\" \/>\n\t<meta property=\"og:image:type\" content=\"image\/png\" \/>\n<meta name=\"twitter:card\" content=\"summary_large_image\" \/>\n<meta name=\"twitter:label1\" content=\"Arvioitu lukuaika\" \/>\n\t<meta name=\"twitter:data1\" content=\"2 minuuttia\" \/>\n<script type=\"application\/ld+json\" class=\"yoast-schema-graph\">{\"@context\":\"https:\/\/schema.org\",\"@graph\":[{\"@type\":\"WebPage\",\"@id\":\"https:\/\/idakorea.ee\/product\/hudrogeelmask-c-vitamiini-ja-niatsinamiidiga-biodance-radiant-vita-niacinamide-real-deep-mask\/\",\"url\":\"https:\/\/idakorea.ee\/product\/hudrogeelmask-c-vitamiini-ja-niatsinamiidiga-biodance-radiant-vita-niacinamide-real-deep-mask\/\",\"name\":\"H\u00fcdrogeelmask C-vitamiini ja niatsinamiidiga Biodance Radiant Vita Niacinamide Real Deep Mask - IDA.KOREA\",\"isPartOf\":{\"@id\":\"https:\/\/idakorea.ee\/#website\"},\"primaryImageOfPage\":{\"@id\":\"https:\/\/idakorea.ee\/product\/hudrogeelmask-c-vitamiini-ja-niatsinamiidiga-biodance-radiant-vita-niacinamide-real-deep-mask\/#primaryimage\"},\"image\":{\"@id\":\"https:\/\/idakorea.ee\/product\/hudrogeelmask-c-vitamiini-ja-niatsinamiidiga-biodance-radiant-vita-niacinamide-real-deep-mask\/#primaryimage\"},\"thumbnailUrl\":\"https:\/\/idakorea.ee\/wp-content\/uploads\/2024\/11\/gxfhcvhm.png\",\"datePublished\":\"2024-11-27T08:07:03+00:00\",\"dateModified\":\"2026-04-13T18:27:22+00:00\",\"breadcrumb\":{\"@id\":\"https:\/\/idakorea.ee\/product\/hudrogeelmask-c-vitamiini-ja-niatsinamiidiga-biodance-radiant-vita-niacinamide-real-deep-mask\/#breadcrumb\"},\"inLanguage\":\"fi\",\"potentialAction\":[{\"@type\":\"ReadAction\",\"target\":[\"https:\/\/idakorea.ee\/product\/hudrogeelmask-c-vitamiini-ja-niatsinamiidiga-biodance-radiant-vita-niacinamide-real-deep-mask\/\"]}]},{\"@type\":\"ImageObject\",\"inLanguage\":\"fi\",\"@id\":\"https:\/\/idakorea.ee\/product\/hudrogeelmask-c-vitamiini-ja-niatsinamiidiga-biodance-radiant-vita-niacinamide-real-deep-mask\/#primaryimage\",\"url\":\"https:\/\/idakorea.ee\/wp-content\/uploads\/2024\/11\/gxfhcvhm.png\",\"contentUrl\":\"https:\/\/idakorea.ee\/wp-content\/uploads\/2024\/11\/gxfhcvhm.png\",\"width\":408,\"height\":437,\"caption\":\"biodance idakorea\"},{\"@type\":\"BreadcrumbList\",\"@id\":\"https:\/\/idakorea.ee\/product\/hudrogeelmask-c-vitamiini-ja-niatsinamiidiga-biodance-radiant-vita-niacinamide-real-deep-mask\/#breadcrumb\",\"itemListElement\":[{\"@type\":\"ListItem\",\"position\":1,\"name\":\"\u0413\u043b\u0430\u0432\u043d\u0430\u044f \u0441\u0442\u0440\u0430\u043d\u0438\u0446\u0430\",\"item\":\"https:\/\/idakorea.ee\/\"},{\"@type\":\"ListItem\",\"position\":2,\"name\":\"Shop\",\"item\":\"https:\/\/idakorea.ee\/shop-2\/\"},{\"@type\":\"ListItem\",\"position\":3,\"name\":\"H\u00fcdrogeelmask C-vitamiini ja niatsinamiidiga Biodance Radiant Vita Niacinamide Real Deep Mask\"}]},{\"@type\":\"WebSite\",\"@id\":\"https:\/\/idakorea.ee\/#website\",\"url\":\"https:\/\/idakorea.ee\/\",\"name\":\"IDA.KOREA\",\"description\":\"Korea kosmeetika e-pood\",\"publisher\":{\"@id\":\"https:\/\/idakorea.ee\/#organization\"},\"alternateName\":\"Beauty Shop\",\"potentialAction\":[{\"@type\":\"SearchAction\",\"target\":{\"@type\":\"EntryPoint\",\"urlTemplate\":\"https:\/\/idakorea.ee\/?s={search_term_string}\"},\"query-input\":{\"@type\":\"PropertyValueSpecification\",\"valueRequired\":true,\"valueName\":\"search_term_string\"}}],\"inLanguage\":\"fi\"},{\"@type\":\"Organization\",\"@id\":\"https:\/\/idakorea.ee\/#organization\",\"name\":\"IDA.KOREA\",\"url\":\"https:\/\/idakorea.ee\/\",\"logo\":{\"@type\":\"ImageObject\",\"inLanguage\":\"fi\",\"@id\":\"https:\/\/idakorea.ee\/#\/schema\/logo\/image\/\",\"url\":\"https:\/\/idakorea.ee\/wp-content\/uploads\/2024\/05\/cropped-korea3.png\",\"contentUrl\":\"https:\/\/idakorea.ee\/wp-content\/uploads\/2024\/05\/cropped-korea3.png\",\"width\":688,\"height\":126,\"caption\":\"IDA.KOREA\"},\"image\":{\"@id\":\"https:\/\/idakorea.ee\/#\/schema\/logo\/image\/\"},\"sameAs\":[\"https:\/\/www.instagram.com\/ida.korea\/\"]}]}<\/script>\n<!-- \/ Yoast SEO plugin. -->","yoast_head_json":{"title":"Hydrogeelinaamio C-vitamiinilla ja niasiiniamidilla Biodance Radiant Vita Niacinamide Real Deep Mask - IDA.KOREA","robots":{"index":"index","follow":"follow","max-snippet":"max-snippet:-1","max-image-preview":"max-image-preview:large","max-video-preview":"max-video-preview:-1"},"canonical":"https:\/\/idakorea.ee\/fi\/product\/hudrogeelmask-c-vitamiini-ja-niatsinamiidiga-biodance-radiant-vita-niacinamide-real-deep-mask\/","og_locale":"fi_FI","og_type":"article","og_title":"H\u00fcdrogeelmask C-vitamiini ja niatsinamiidiga Biodance Radiant Vita Niacinamide Real Deep Mask - IDA.KOREA","og_description":"H\u00fcdrogeelmask C-vitamiini ja niatsinamiidiga, intensiivseks naha niisutamiseks, nahatooni \u00fchtlustamiseks ja vananemism\u00e4rkide vastu v\u00f5itlemiseks. Mask sisaldab 10% ananassimahla ja C-vitamiini, mis aitab parandada naha tekstuuri. Niatsiinamiid soodustab nahatooni \u00fchtlustamist. K\u00fcmme erinevat t\u00fc\u00fcpi h\u00fcaluroonhapet ja allantoiin niisutavad nahka kolmel tasandill, andes sellele pehmuse ja elastsuse. Eelised: V\u00e4hendab pigmentatsiooni, aknej\u00e4rgseid j\u00e4lgi ja tumedaid laike. Tagab naha pehmuse ja...","og_url":"https:\/\/idakorea.ee\/fi\/product\/hudrogeelmask-c-vitamiini-ja-niatsinamiidiga-biodance-radiant-vita-niacinamide-real-deep-mask\/","og_site_name":"IDA.KOREA","article_modified_time":"2026-04-13T18:27:22+00:00","og_image":[{"width":408,"height":437,"url":"https:\/\/idakorea.ee\/wp-content\/uploads\/2024\/11\/gxfhcvhm.png","type":"image\/png"}],"twitter_card":"summary_large_image","twitter_misc":{"Arvioitu lukuaika":"2 minuuttia"},"schema":{"@context":"https:\/\/schema.org","@graph":[{"@type":"WebPage","@id":"https:\/\/idakorea.ee\/product\/hudrogeelmask-c-vitamiini-ja-niatsinamiidiga-biodance-radiant-vita-niacinamide-real-deep-mask\/","url":"https:\/\/idakorea.ee\/product\/hudrogeelmask-c-vitamiini-ja-niatsinamiidiga-biodance-radiant-vita-niacinamide-real-deep-mask\/","name":"Hydrogeelinaamio C-vitamiinilla ja niasiiniamidilla Biodance Radiant Vita Niacinamide Real Deep Mask - IDA.KOREA","isPartOf":{"@id":"https:\/\/idakorea.ee\/#website"},"primaryImageOfPage":{"@id":"https:\/\/idakorea.ee\/product\/hudrogeelmask-c-vitamiini-ja-niatsinamiidiga-biodance-radiant-vita-niacinamide-real-deep-mask\/#primaryimage"},"image":{"@id":"https:\/\/idakorea.ee\/product\/hudrogeelmask-c-vitamiini-ja-niatsinamiidiga-biodance-radiant-vita-niacinamide-real-deep-mask\/#primaryimage"},"thumbnailUrl":"https:\/\/idakorea.ee\/wp-content\/uploads\/2024\/11\/gxfhcvhm.png","datePublished":"2024-11-27T08:07:03+00:00","dateModified":"2026-04-13T18:27:22+00:00","breadcrumb":{"@id":"https:\/\/idakorea.ee\/product\/hudrogeelmask-c-vitamiini-ja-niatsinamiidiga-biodance-radiant-vita-niacinamide-real-deep-mask\/#breadcrumb"},"inLanguage":"fi","potentialAction":[{"@type":"ReadAction","target":["https:\/\/idakorea.ee\/product\/hudrogeelmask-c-vitamiini-ja-niatsinamiidiga-biodance-radiant-vita-niacinamide-real-deep-mask\/"]}]},{"@type":"ImageObject","inLanguage":"fi","@id":"https:\/\/idakorea.ee\/product\/hudrogeelmask-c-vitamiini-ja-niatsinamiidiga-biodance-radiant-vita-niacinamide-real-deep-mask\/#primaryimage","url":"https:\/\/idakorea.ee\/wp-content\/uploads\/2024\/11\/gxfhcvhm.png","contentUrl":"https:\/\/idakorea.ee\/wp-content\/uploads\/2024\/11\/gxfhcvhm.png","width":408,"height":437,"caption":"biodance idakorea"},{"@type":"BreadcrumbList","@id":"https:\/\/idakorea.ee\/product\/hudrogeelmask-c-vitamiini-ja-niatsinamiidiga-biodance-radiant-vita-niacinamide-real-deep-mask\/#breadcrumb","itemListElement":[{"@type":"ListItem","position":1,"name":"\u0413\u043b\u0430\u0432\u043d\u0430\u044f \u0441\u0442\u0440\u0430\u043d\u0438\u0446\u0430","item":"https:\/\/idakorea.ee\/"},{"@type":"ListItem","position":2,"name":"Shop","item":"https:\/\/idakorea.ee\/shop-2\/"},{"@type":"ListItem","position":3,"name":"H\u00fcdrogeelmask C-vitamiini ja niatsinamiidiga Biodance Radiant Vita Niacinamide Real Deep Mask"}]},{"@type":"WebSite","@id":"https:\/\/idakorea.ee\/#website","url":"https:\/\/idakorea.ee\/","name":"IDA.KOREA","description":"Korean kosmetiikan verkkokauppa","publisher":{"@id":"https:\/\/idakorea.ee\/#organization"},"alternateName":"Beauty Shop","potentialAction":[{"@type":"SearchAction","target":{"@type":"EntryPoint","urlTemplate":"https:\/\/idakorea.ee\/?s={search_term_string}"},"query-input":{"@type":"PropertyValueSpecification","valueRequired":true,"valueName":"search_term_string"}}],"inLanguage":"fi"},{"@type":"Organization","@id":"https:\/\/idakorea.ee\/#organization","name":"IDA.KOREA","url":"https:\/\/idakorea.ee\/","logo":{"@type":"ImageObject","inLanguage":"fi","@id":"https:\/\/idakorea.ee\/#\/schema\/logo\/image\/","url":"https:\/\/idakorea.ee\/wp-content\/uploads\/2024\/05\/cropped-korea3.png","contentUrl":"https:\/\/idakorea.ee\/wp-content\/uploads\/2024\/05\/cropped-korea3.png","width":688,"height":126,"caption":"IDA.KOREA"},"image":{"@id":"https:\/\/idakorea.ee\/#\/schema\/logo\/image\/"},"sameAs":["https:\/\/www.instagram.com\/ida.korea\/"]}]}},"jetpack_sharing_enabled":true,"brands":[{"id":113,"name":"BIODANCE","slug":"biodance"}],"_links":{"self":[{"href":"https:\/\/idakorea.ee\/fi\/wp-json\/wp\/v2\/product\/11544","targetHints":{"allow":["GET"]}}],"collection":[{"href":"https:\/\/idakorea.ee\/fi\/wp-json\/wp\/v2\/product"}],"about":[{"href":"https:\/\/idakorea.ee\/fi\/wp-json\/wp\/v2\/types\/product"}],"replies":[{"embeddable":true,"href":"https:\/\/idakorea.ee\/fi\/wp-json\/wp\/v2\/comments?post=11544"}],"version-history":[{"count":1,"href":"https:\/\/idakorea.ee\/fi\/wp-json\/wp\/v2\/product\/11544\/revisions"}],"predecessor-version":[{"id":11546,"href":"https:\/\/idakorea.ee\/fi\/wp-json\/wp\/v2\/product\/11544\/revisions\/11546"}],"wp:featuredmedia":[{"embeddable":true,"href":"https:\/\/idakorea.ee\/fi\/wp-json\/wp\/v2\/media\/11545"}],"wp:attachment":[{"href":"https:\/\/idakorea.ee\/fi\/wp-json\/wp\/v2\/media?parent=11544"}],"wp:term":[{"taxonomy":"pwb-brand","embeddable":true,"href":"https:\/\/idakorea.ee\/fi\/wp-json\/wp\/v2\/pwb-brand?post=11544"},{"taxonomy":"product_brand","embeddable":true,"href":"https:\/\/idakorea.ee\/fi\/wp-json\/wp\/v2\/product_brand?post=11544"},{"taxonomy":"product_cat","embeddable":true,"href":"https:\/\/idakorea.ee\/fi\/wp-json\/wp\/v2\/product_cat?post=11544"},{"taxonomy":"product_tag","embeddable":true,"href":"https:\/\/idakorea.ee\/fi\/wp-json\/wp\/v2\/product_tag?post=11544"}],"curies":[{"name":"wp","href":"https:\/\/api.w.org\/{rel}","templated":true}]}}