{"id":11548,"date":"2024-11-27T13:05:34","date_gmt":"2024-11-27T11:05:34","guid":{"rendered":"https:\/\/idakorea.ee\/?post_type=product&#038;p=11548"},"modified":"2026-02-05T15:16:23","modified_gmt":"2026-02-05T13:16:23","slug":"vitamiinikapslitega-helendav-kreem-medicube-deep-vita-c-capsule-cream-55g","status":"publish","type":"product","link":"https:\/\/idakorea.ee\/fi\/product\/vitamiinikapslitega-helendav-kreem-medicube-deep-vita-c-capsule-cream-55g\/","title":{"rendered":"Medicube Deep Vita C-kapselivoide C-vitamiinikapselilla, 55g"},"content":{"rendered":"<p>Kapseloitu kirkastava vitamiinivoide<strong> Medicube Deep Vita C Capsule Cream<\/strong> Voimakkaalla antioksidanttisella vaikutuksella, suojaa ihoa valolta ja hidastaa sen ik\u00e4\u00e4ntymist\u00e4. Auttaa v\u00e4hent\u00e4m\u00e4\u00e4n sameaa ihoa, tasoittamaan ihon s\u00e4vy\u00e4 ja tukee hyperpigmentaation ja aknen j\u00e4lkeisten l\u00e4iskien v\u00e4henemist\u00e4.<\/p>\n<p>Keltaiset C-vitamiinikapselit liukenevat iholle levitett\u00e4ess\u00e4, mik\u00e4 varmistaa vaikuttavien aineiden syv\u00e4n imeytymisen ja maksimaalisen tehon. Geelipohja auttaa yll\u00e4pit\u00e4m\u00e4\u00e4n optimaalisen kosteustason, pehment\u00e4\u00e4 ihoa ja ehk\u00e4isee \u00e4rsytyst\u00e4.<\/p>\n<p>T\u00e4m\u00e4n koostumuksen ansiosta voit s\u00e4\u00e4t\u00e4\u00e4 tuotteen koostumusta ihosi tarpeisiin: geelipohja sopii hyvin rasvaiselle T-alueelle, kun taas kermaiset kapselit tarjoavat lis\u00e4kosteutusta kuivemmille alueille, mik\u00e4 tekee tuotteesta erityisen mukavan sekaiholle.<\/p>\n<p><strong>T\u00e4rkeimm\u00e4t vaikuttavat aineosat<\/strong><\/p>\n<ul>\n<li><strong>6 C-vitamiinin muotoa<\/strong> \u2013 voimakkaasti kirkastava ja ik\u00e4\u00e4ntymist\u00e4 ehk\u00e4isev\u00e4 vaikutus, v\u00e4hent\u00e4\u00e4 pigmentaatiota, aknen j\u00e4lki\u00e4 ja pisamia, stimuloi kollageenisynteesi\u00e4 ja auttaa yll\u00e4pit\u00e4m\u00e4\u00e4n ihon kimmoisuutta ja sileytt\u00e4. Tarjoaa antioksidanttisuojaa soluille.<\/li>\n<li><strong>Tyrnihydrolaatti (50%)<\/strong> \u2013 luonnollisten A-, C- ja E-vitamiinien sek\u00e4 rasvahappojen l\u00e4hde. Tasoittaa ja kirkastaa sameaa ihons\u00e4vy\u00e4, palauttaa terveen hehkun, suojaa vapailta radikaaleilta ja UV-s\u00e4teilylt\u00e4, vahvistaa ihon luonnollista puolustuskyky\u00e4, edist\u00e4\u00e4 uudistumista ja ehk\u00e4isee ihon veltostumista.<\/li>\n<li><strong>Niasiiniamidi (B3-vitamiini, 5%)<\/strong> \u2013 hidastaa melaniinin kulkeutumista ihoon est\u00e4en ik\u00e4l\u00e4iskien muodostumisen. S\u00e4\u00e4telee talin erityst\u00e4, v\u00e4hent\u00e4\u00e4 kiiltoa ja supistaa ihohuokosia.<\/li>\n<li><strong>Alfa-arbutiini<\/strong> \u2013 est\u00e4\u00e4 tyrosinaasin (melaniinin synteesin keskeinen entsyymi) aktiivisuutta, ehk\u00e4isee pigmenttil\u00e4iski\u00e4 ja pisamia, sopii my\u00f6s herk\u00e4lle iholle eik\u00e4 aiheuta \u00e4rsytyst\u00e4.<\/li>\n<li><strong>Koentsyymi Q10<\/strong> \u2013 voimakas antioksidantti, auttaa ehk\u00e4isem\u00e4\u00e4n ennenaikaista ik\u00e4\u00e4ntymist\u00e4, v\u00e4hent\u00e4\u00e4 oksidatiivista stressi\u00e4 ja suojaa kollageeni- ja elastiinikuituja vaurioilta.<\/li>\n<\/ul>\n<p>Sopii kaikille ihotyypeille.<\/p>\n<p><strong>K\u00e4ytt\u00f6<\/strong><\/p>\n<p>Levit\u00e4 iholle puhdistuksen, kasvoveden ja seerumin j\u00e4lkeen. Sekoita kapseli ja kirkas geeli sopivassa suhteessa ihon tarpeiden mukaan.<br \/>\nKevyemm\u00e4n koostumuksen saat lis\u00e4\u00e4m\u00e4ll\u00e4 enemm\u00e4n geeli\u00e4, kermaisemman koostumuksen saat k\u00e4ytt\u00e4m\u00e4ll\u00e4 kahta kapselia.<\/p>","protected":false},"excerpt":{"rendered":"<p>Kapseloitu kirkastava vitamiinivoide Medicube Deep Vita C -kapselivoide omaa voimakkaan antioksidanttisen vaikutuksen, tarjoaa valosuojan ja hidastaa ihon ik\u00e4\u00e4ntymist\u00e4. Auttaa v\u00e4hent\u00e4m\u00e4\u00e4n sameaa ihoa, tasoittamaan ihon s\u00e4vy\u00e4 ja tukee hyperpigmentaation ja aknen j\u00e4lkeisten l\u00e4iskien v\u00e4henemist\u00e4. Keltaiset C-vitamiinikapselit liukenevat iholle levitett\u00e4ess\u00e4, mik\u00e4 varmistaa vaikuttavien aineiden syv\u00e4n imeytymisen ja maksimaalisen tehon. Geelipohja auttaa yll\u00e4pit\u00e4m\u00e4\u00e4n optimaalista kosteustasoa, pehment\u00e4\u00e4 ihoa ja\u2026<\/p>","protected":false},"featured_media":11551,"comment_status":"open","ping_status":"closed","template":"","meta":{"_uf_show_specific_survey":0,"_uf_disable_surveys":false,"_bst_post_transparent":"default","_bst_post_title":"","_bst_post_layout":"default","_bst_post_sidebar_id":"","_bst_post_content_style":"default","_bst_post_vertical_padding":"default","_bst_post_feature":"","_bst_post_feature_position":"","_bst_post_header":false,"_bst_post_footer":false},"pwb-brand":[490],"product_brand":[],"product_cat":[92,96],"product_tag":[723,202,721,722],"class_list":{"0":"post-11548","1":"product","2":"type-product","3":"status-publish","4":"has-post-thumbnail","6":"pwb-brand-medicube","7":"product_cat-nagu","8":"product_cat-naokreemid","9":"product_tag-capsule-cream","10":"product_tag-korea-kosmeetika","11":"product_tag-medicube","12":"product_tag-vitamin-c-cream","14":"first","15":"outofstock","16":"sale","17":"shipping-taxable","18":"purchasable","19":"product-type-simple","20":"entry","21":"content-bg","22":"loop-entry"},"supplier_id":null,"supplier_sku":"","barcode":null,"atum_controlled":true,"out_stock_date":"2025-12-22 17:18:52","out_stock_threshold":null,"inheritable":false,"inbound_stock":0,"stock_on_hold":0,"sold_today":0,"sales_last_days":0,"out_stock_days":112,"lost_sales":462,"has_location":false,"update_date":"2026-04-14T00:05:05","atum_locations":[],"atum_stock_status":"outofstock","restock_status":false,"low_stock_amount":"","sales_update_date":"2026-04-14T00:05:05","calc_backorders":null,"yoast_head":"<!-- This site is optimized with the Yoast SEO plugin v27.2 - https:\/\/yoast.com\/product\/yoast-seo-wordpress\/ -->\n<title>Vitamiinikapslitega helendav kreem Medicube Deep Vita C Capsule Cream, 55g - IDA.KOREA<\/title>\n<meta name=\"robots\" content=\"index, follow, max-snippet:-1, max-image-preview:large, max-video-preview:-1\" \/>\n<link rel=\"canonical\" href=\"https:\/\/idakorea.ee\/fi\/product\/vitamiinikapslitega-helendav-kreem-medicube-deep-vita-c-capsule-cream-55g\/\" \/>\n<meta property=\"og:locale\" content=\"fi_FI\" \/>\n<meta property=\"og:type\" content=\"article\" \/>\n<meta property=\"og:title\" content=\"Vitamiinikapslitega helendav kreem Medicube Deep Vita C Capsule Cream, 55g - IDA.KOREA\" \/>\n<meta property=\"og:description\" content=\"Kapseldatud kirgastav vitamiinikreem Medicube Deep Vita C Capsule Cream omab tugevat antioks\u00fcdantset toimet, pakub fotoprotektsiooni ning aeglustab naha vananemist. Aitab v\u00e4hendada tuhmi jumet, \u00fchtlustab nahatooni ning toetab h\u00fcperpigmentatsiooni ja aknej\u00e4rgsete laikude (post-akne) v\u00e4henemist. Kollased C-vitamiini kapslid lahustuvad nahale kandmisel, tagades toimeainete s\u00fcgava imendumise ja maksimaalse efektiivsuse. Geeljas alus aitab s\u00e4ilitada optimaalset niiskustaset, pehmendab nahka ja...\" \/>\n<meta property=\"og:url\" content=\"https:\/\/idakorea.ee\/fi\/product\/vitamiinikapslitega-helendav-kreem-medicube-deep-vita-c-capsule-cream-55g\/\" \/>\n<meta property=\"og:site_name\" content=\"IDA.KOREA\" \/>\n<meta property=\"article:modified_time\" content=\"2026-02-05T13:16:23+00:00\" \/>\n<meta property=\"og:image\" content=\"https:\/\/idakorea.ee\/wp-content\/uploads\/2024\/11\/medicube-cream.png\" \/>\n\t<meta property=\"og:image:width\" content=\"755\" \/>\n\t<meta property=\"og:image:height\" content=\"608\" \/>\n\t<meta property=\"og:image:type\" content=\"image\/png\" \/>\n<meta name=\"twitter:card\" content=\"summary_large_image\" \/>\n<meta name=\"twitter:label1\" content=\"Arvioitu lukuaika\" \/>\n\t<meta name=\"twitter:data1\" content=\"2 minuuttia\" \/>\n<script type=\"application\/ld+json\" class=\"yoast-schema-graph\">{\"@context\":\"https:\/\/schema.org\",\"@graph\":[{\"@type\":\"WebPage\",\"@id\":\"https:\/\/idakorea.ee\/product\/vitamiinikapslitega-helendav-kreem-medicube-deep-vita-c-capsule-cream-55g\/\",\"url\":\"https:\/\/idakorea.ee\/product\/vitamiinikapslitega-helendav-kreem-medicube-deep-vita-c-capsule-cream-55g\/\",\"name\":\"Vitamiinikapslitega helendav kreem Medicube Deep Vita C Capsule Cream, 55g - IDA.KOREA\",\"isPartOf\":{\"@id\":\"https:\/\/idakorea.ee\/#website\"},\"primaryImageOfPage\":{\"@id\":\"https:\/\/idakorea.ee\/product\/vitamiinikapslitega-helendav-kreem-medicube-deep-vita-c-capsule-cream-55g\/#primaryimage\"},\"image\":{\"@id\":\"https:\/\/idakorea.ee\/product\/vitamiinikapslitega-helendav-kreem-medicube-deep-vita-c-capsule-cream-55g\/#primaryimage\"},\"thumbnailUrl\":\"https:\/\/idakorea.ee\/wp-content\/uploads\/2024\/11\/medicube-cream.png\",\"datePublished\":\"2024-11-27T11:05:34+00:00\",\"dateModified\":\"2026-02-05T13:16:23+00:00\",\"breadcrumb\":{\"@id\":\"https:\/\/idakorea.ee\/product\/vitamiinikapslitega-helendav-kreem-medicube-deep-vita-c-capsule-cream-55g\/#breadcrumb\"},\"inLanguage\":\"fi\",\"potentialAction\":[{\"@type\":\"ReadAction\",\"target\":[\"https:\/\/idakorea.ee\/product\/vitamiinikapslitega-helendav-kreem-medicube-deep-vita-c-capsule-cream-55g\/\"]}]},{\"@type\":\"ImageObject\",\"inLanguage\":\"fi\",\"@id\":\"https:\/\/idakorea.ee\/product\/vitamiinikapslitega-helendav-kreem-medicube-deep-vita-c-capsule-cream-55g\/#primaryimage\",\"url\":\"https:\/\/idakorea.ee\/wp-content\/uploads\/2024\/11\/medicube-cream.png\",\"contentUrl\":\"https:\/\/idakorea.ee\/wp-content\/uploads\/2024\/11\/medicube-cream.png\",\"width\":755,\"height\":608},{\"@type\":\"BreadcrumbList\",\"@id\":\"https:\/\/idakorea.ee\/product\/vitamiinikapslitega-helendav-kreem-medicube-deep-vita-c-capsule-cream-55g\/#breadcrumb\",\"itemListElement\":[{\"@type\":\"ListItem\",\"position\":1,\"name\":\"\u0413\u043b\u0430\u0432\u043d\u0430\u044f \u0441\u0442\u0440\u0430\u043d\u0438\u0446\u0430\",\"item\":\"https:\/\/idakorea.ee\/\"},{\"@type\":\"ListItem\",\"position\":2,\"name\":\"Shop\",\"item\":\"https:\/\/idakorea.ee\/shop-2\/\"},{\"@type\":\"ListItem\",\"position\":3,\"name\":\"Vitamiinikapslitega helendav kreem Medicube Deep Vita C Capsule Cream, 55g\"}]},{\"@type\":\"WebSite\",\"@id\":\"https:\/\/idakorea.ee\/#website\",\"url\":\"https:\/\/idakorea.ee\/\",\"name\":\"IDA.KOREA\",\"description\":\"Korea kosmeetika e-pood\",\"publisher\":{\"@id\":\"https:\/\/idakorea.ee\/#organization\"},\"alternateName\":\"Beauty Shop\",\"potentialAction\":[{\"@type\":\"SearchAction\",\"target\":{\"@type\":\"EntryPoint\",\"urlTemplate\":\"https:\/\/idakorea.ee\/?s={search_term_string}\"},\"query-input\":{\"@type\":\"PropertyValueSpecification\",\"valueRequired\":true,\"valueName\":\"search_term_string\"}}],\"inLanguage\":\"fi\"},{\"@type\":\"Organization\",\"@id\":\"https:\/\/idakorea.ee\/#organization\",\"name\":\"IDA.KOREA\",\"url\":\"https:\/\/idakorea.ee\/\",\"logo\":{\"@type\":\"ImageObject\",\"inLanguage\":\"fi\",\"@id\":\"https:\/\/idakorea.ee\/#\/schema\/logo\/image\/\",\"url\":\"https:\/\/idakorea.ee\/wp-content\/uploads\/2024\/05\/cropped-korea3.png\",\"contentUrl\":\"https:\/\/idakorea.ee\/wp-content\/uploads\/2024\/05\/cropped-korea3.png\",\"width\":688,\"height\":126,\"caption\":\"IDA.KOREA\"},\"image\":{\"@id\":\"https:\/\/idakorea.ee\/#\/schema\/logo\/image\/\"},\"sameAs\":[\"https:\/\/www.instagram.com\/ida.korea\/\"]}]}<\/script>\n<!-- \/ Yoast SEO plugin. -->","yoast_head_json":{"title":"Medicube Deep Vita C -kapselivoide, 55 g - It\u00e4-Korea","robots":{"index":"index","follow":"follow","max-snippet":"max-snippet:-1","max-image-preview":"max-image-preview:large","max-video-preview":"max-video-preview:-1"},"canonical":"https:\/\/idakorea.ee\/fi\/product\/vitamiinikapslitega-helendav-kreem-medicube-deep-vita-c-capsule-cream-55g\/","og_locale":"fi_FI","og_type":"article","og_title":"Vitamiinikapslitega helendav kreem Medicube Deep Vita C Capsule Cream, 55g - IDA.KOREA","og_description":"Kapseldatud kirgastav vitamiinikreem Medicube Deep Vita C Capsule Cream omab tugevat antioks\u00fcdantset toimet, pakub fotoprotektsiooni ning aeglustab naha vananemist. Aitab v\u00e4hendada tuhmi jumet, \u00fchtlustab nahatooni ning toetab h\u00fcperpigmentatsiooni ja aknej\u00e4rgsete laikude (post-akne) v\u00e4henemist. Kollased C-vitamiini kapslid lahustuvad nahale kandmisel, tagades toimeainete s\u00fcgava imendumise ja maksimaalse efektiivsuse. Geeljas alus aitab s\u00e4ilitada optimaalset niiskustaset, pehmendab nahka ja...","og_url":"https:\/\/idakorea.ee\/fi\/product\/vitamiinikapslitega-helendav-kreem-medicube-deep-vita-c-capsule-cream-55g\/","og_site_name":"IDA.KOREA","article_modified_time":"2026-02-05T13:16:23+00:00","og_image":[{"width":755,"height":608,"url":"https:\/\/idakorea.ee\/wp-content\/uploads\/2024\/11\/medicube-cream.png","type":"image\/png"}],"twitter_card":"summary_large_image","twitter_misc":{"Arvioitu lukuaika":"2 minuuttia"},"schema":{"@context":"https:\/\/schema.org","@graph":[{"@type":"WebPage","@id":"https:\/\/idakorea.ee\/product\/vitamiinikapslitega-helendav-kreem-medicube-deep-vita-c-capsule-cream-55g\/","url":"https:\/\/idakorea.ee\/product\/vitamiinikapslitega-helendav-kreem-medicube-deep-vita-c-capsule-cream-55g\/","name":"Medicube Deep Vita C -kapselivoide, 55 g - It\u00e4-Korea","isPartOf":{"@id":"https:\/\/idakorea.ee\/#website"},"primaryImageOfPage":{"@id":"https:\/\/idakorea.ee\/product\/vitamiinikapslitega-helendav-kreem-medicube-deep-vita-c-capsule-cream-55g\/#primaryimage"},"image":{"@id":"https:\/\/idakorea.ee\/product\/vitamiinikapslitega-helendav-kreem-medicube-deep-vita-c-capsule-cream-55g\/#primaryimage"},"thumbnailUrl":"https:\/\/idakorea.ee\/wp-content\/uploads\/2024\/11\/medicube-cream.png","datePublished":"2024-11-27T11:05:34+00:00","dateModified":"2026-02-05T13:16:23+00:00","breadcrumb":{"@id":"https:\/\/idakorea.ee\/product\/vitamiinikapslitega-helendav-kreem-medicube-deep-vita-c-capsule-cream-55g\/#breadcrumb"},"inLanguage":"fi","potentialAction":[{"@type":"ReadAction","target":["https:\/\/idakorea.ee\/product\/vitamiinikapslitega-helendav-kreem-medicube-deep-vita-c-capsule-cream-55g\/"]}]},{"@type":"ImageObject","inLanguage":"fi","@id":"https:\/\/idakorea.ee\/product\/vitamiinikapslitega-helendav-kreem-medicube-deep-vita-c-capsule-cream-55g\/#primaryimage","url":"https:\/\/idakorea.ee\/wp-content\/uploads\/2024\/11\/medicube-cream.png","contentUrl":"https:\/\/idakorea.ee\/wp-content\/uploads\/2024\/11\/medicube-cream.png","width":755,"height":608},{"@type":"BreadcrumbList","@id":"https:\/\/idakorea.ee\/product\/vitamiinikapslitega-helendav-kreem-medicube-deep-vita-c-capsule-cream-55g\/#breadcrumb","itemListElement":[{"@type":"ListItem","position":1,"name":"\u0413\u043b\u0430\u0432\u043d\u0430\u044f \u0441\u0442\u0440\u0430\u043d\u0438\u0446\u0430","item":"https:\/\/idakorea.ee\/"},{"@type":"ListItem","position":2,"name":"Shop","item":"https:\/\/idakorea.ee\/shop-2\/"},{"@type":"ListItem","position":3,"name":"Vitamiinikapslitega helendav kreem Medicube Deep Vita C Capsule Cream, 55g"}]},{"@type":"WebSite","@id":"https:\/\/idakorea.ee\/#website","url":"https:\/\/idakorea.ee\/","name":"IDA.KOREA","description":"Korean kosmetiikan verkkokauppa","publisher":{"@id":"https:\/\/idakorea.ee\/#organization"},"alternateName":"Beauty Shop","potentialAction":[{"@type":"SearchAction","target":{"@type":"EntryPoint","urlTemplate":"https:\/\/idakorea.ee\/?s={search_term_string}"},"query-input":{"@type":"PropertyValueSpecification","valueRequired":true,"valueName":"search_term_string"}}],"inLanguage":"fi"},{"@type":"Organization","@id":"https:\/\/idakorea.ee\/#organization","name":"IDA.KOREA","url":"https:\/\/idakorea.ee\/","logo":{"@type":"ImageObject","inLanguage":"fi","@id":"https:\/\/idakorea.ee\/#\/schema\/logo\/image\/","url":"https:\/\/idakorea.ee\/wp-content\/uploads\/2024\/05\/cropped-korea3.png","contentUrl":"https:\/\/idakorea.ee\/wp-content\/uploads\/2024\/05\/cropped-korea3.png","width":688,"height":126,"caption":"IDA.KOREA"},"image":{"@id":"https:\/\/idakorea.ee\/#\/schema\/logo\/image\/"},"sameAs":["https:\/\/www.instagram.com\/ida.korea\/"]}]}},"jetpack_sharing_enabled":true,"brands":[{"id":490,"name":"MEDICUBE","slug":"medicube"}],"_links":{"self":[{"href":"https:\/\/idakorea.ee\/fi\/wp-json\/wp\/v2\/product\/11548","targetHints":{"allow":["GET"]}}],"collection":[{"href":"https:\/\/idakorea.ee\/fi\/wp-json\/wp\/v2\/product"}],"about":[{"href":"https:\/\/idakorea.ee\/fi\/wp-json\/wp\/v2\/types\/product"}],"replies":[{"embeddable":true,"href":"https:\/\/idakorea.ee\/fi\/wp-json\/wp\/v2\/comments?post=11548"}],"version-history":[{"count":4,"href":"https:\/\/idakorea.ee\/fi\/wp-json\/wp\/v2\/product\/11548\/revisions"}],"predecessor-version":[{"id":17607,"href":"https:\/\/idakorea.ee\/fi\/wp-json\/wp\/v2\/product\/11548\/revisions\/17607"}],"wp:featuredmedia":[{"embeddable":true,"href":"https:\/\/idakorea.ee\/fi\/wp-json\/wp\/v2\/media\/11551"}],"wp:attachment":[{"href":"https:\/\/idakorea.ee\/fi\/wp-json\/wp\/v2\/media?parent=11548"}],"wp:term":[{"taxonomy":"pwb-brand","embeddable":true,"href":"https:\/\/idakorea.ee\/fi\/wp-json\/wp\/v2\/pwb-brand?post=11548"},{"taxonomy":"product_brand","embeddable":true,"href":"https:\/\/idakorea.ee\/fi\/wp-json\/wp\/v2\/product_brand?post=11548"},{"taxonomy":"product_cat","embeddable":true,"href":"https:\/\/idakorea.ee\/fi\/wp-json\/wp\/v2\/product_cat?post=11548"},{"taxonomy":"product_tag","embeddable":true,"href":"https:\/\/idakorea.ee\/fi\/wp-json\/wp\/v2\/product_tag?post=11548"}],"curies":[{"name":"wp","href":"https:\/\/api.w.org\/{rel}","templated":true}]}}