{"id":11610,"date":"2024-11-29T13:20:32","date_gmt":"2024-11-29T11:20:32","guid":{"rendered":"https:\/\/idakorea.ee\/?post_type=product&#038;p=11610"},"modified":"2026-04-06T08:33:05","modified_gmt":"2026-04-06T06:33:05","slug":"oine-taastav-mask-naole-ja-kaelale-the-history-of-whoo-gongjinhyang-neck-face-sleeping-repair-mask","status":"publish","type":"product","link":"https:\/\/idakorea.ee\/fi\/product\/oine-taastav-mask-naole-ja-kaelale-the-history-of-whoo-gongjinhyang-neck-face-sleeping-repair-mask\/","title":{"rendered":"Y\u00f6n palauttava naamio kasvoille ja kaulalle Whoo Gongjinhyang Neck &amp; Face Sleeping Repair Mask -nukkumisnaamion historiaa"},"content":{"rendered":"<p>Y\u00f6llinen kasvojen ja kaulan korjaava naamio it\u00e4maisilla yrteill\u00e4 ryppyj\u00e4 vastaan.<\/p>\n<p>Se on y\u00f6yrttinaamio, joka hoitaa kasvoja ja kaulaa samanaikaisesti. Runsas koostumus imeytyy t\u00e4ydellisesti ja j\u00e4tt\u00e4\u00e4 ihon uskomattoman pehme\u00e4ksi ja sile\u00e4ksi heti seuraavana aamuna.<\/p>\n<ul>\n<li><strong>Toiminta:<\/strong> Auttaa v\u00e4hent\u00e4m\u00e4\u00e4n ryppyjen n\u00e4kyvyytt\u00e4.<\/li>\n<\/ul>\n<p>Fermentoitujen kasviuutteiden ansiosta naamio antaa iholle ravinteita, pehment\u00e4\u00e4 ja kosteuttaa sit\u00e4 unen aikana. Aamulla ihosta tulee joustavampi ja silkkisempi.<br \/>\nKuninkaallinen salainen resepti <strong>\"Gongjin Bidan\"<\/strong> pit\u00e4\u00e4 ihon terveen\u00e4 ja energisen\u00e4 koko y\u00f6n.<\/p>\n<p>Naamio sulaa hell\u00e4varaisesti ihoon, ja siin\u00e4 on miellytt\u00e4v\u00e4 kukka- ja yrttituoksu. Se kosteuttaa erinomaisesti ja kiinteytt\u00e4\u00e4 kaulan ihoa.<\/p>\n<p class=\"translation-block\"><strong>Nukkumisen korjaava naamio<\/strong> k\u00e4yt\u00f6n j\u00e4lkeen kasvojen ja kaulan ihosta tulee kosteutettu, pehme\u00e4 ja sile\u00e4.<\/p>\n<p><strong>Toiminta y\u00f6n aikana:<\/strong><\/p>\n<p class=\"translation-block\">Naamio vaikuttaa koko y\u00f6n ajan ja rikastuttaa ihoa yrttien sis\u00e4lt\u00e4mill\u00e4 vitamiineilla ja kivenn\u00e4isaineilla. <strong>Gongjin Bidan<\/strong> -kaava sis\u00e4lt\u00e4\u00e4 parantavien kasvien luonnollisia uutteita:<\/p>\n<ul>\n<li>Kiinalainen inkiv\u00e4\u00e4rijuuri;<\/li>\n<li>Tavallinen hickory;<\/li>\n<li>Acanthopanax (siperian ginsengin sukulainen);<\/li>\n<li>Villi ginseng;<\/li>\n<li>Parsa;<\/li>\n<li>Sotilaallinen iteraatio.<\/li>\n<\/ul>\n<p>Lis\u00e4ksi kaava sis\u00e4lt\u00e4\u00e4 24 karaatin kultauutteita, luonnollista meripihkaa ja peuran sarvikuonoa. T\u00e4m\u00e4 voimakas nuorentava eliksiiri takaa h\u00e4mm\u00e4stytt\u00e4v\u00e4t tulokset ensimm\u00e4isen k\u00e4ytt\u00f6kerran j\u00e4lkeen. Kasvojen ja kaulan iho muuttuu tuntuvasti sile\u00e4mm\u00e4ksi ja pehme\u00e4mm\u00e4ksi, rypyt tasoittuvat ja ihosta tulee s\u00e4teilev\u00e4mpi ja kosteutetumpi. Kuivuus ja kuivuus katoavat.<\/p>\n<p>Naamio sopii my\u00f6s ik\u00e4\u00e4ntymisen ehk\u00e4isyyn. Naamion sis\u00e4lt\u00e4m\u00e4ll\u00e4 maralipantti-uutteella (hirvensarvi) on voimakas immunomoduloiva vaikutus, ja sit\u00e4 pidet\u00e4\u00e4n luonnollisena elinvoiman l\u00e4hteen\u00e4. Se auttaa ihosoluja sopeutumaan paremmin ja vastustamaan aggressiivisia ymp\u00e4rist\u00f6tekij\u00f6it\u00e4. Soluista tulee joustavampia eiv\u00e4tk\u00e4 ne heikkene tai ep\u00e4muodostu yht\u00e4 nopeasti.<\/p>\n<p>Naamion muut ainesosat ovat my\u00f6s tehokkaita anti-ageing-aineita, jotka t\u00e4ydent\u00e4v\u00e4t toisiaan. Iho saa keskittynytt\u00e4 hoitoa aikana, jolloin luonnolliset uudistumisprosessit ovat aktiivisimmillaan - kello 22:00 ja 02:00 v\u00e4lill\u00e4.<\/p>\n<p><strong>K\u00e4ytt\u00f6opas:<\/strong><\/p>\n<p>Levit\u00e4 naamio kasvoille ja kaulalle illalla ihonhoitorutiinisi viimeisen\u00e4 vaiheena runsaana kerroksena tavallisen voiteen sijasta. Hiero v\u00e4litt\u00f6m\u00e4sti levityksen j\u00e4lkeen ihoon nostattavin liikkein 1-2 minuutin ajan verenkierron ja yleisilmeen parantamiseksi. Aamulla pese naamio pois. K\u00e4yt\u00e4 1-2 kertaa viikossa.<\/p>","protected":false},"excerpt":{"rendered":"<p>Y\u00f6n palauttava naamio kasvoille ja kaulalle it\u00e4maisilla yrteill\u00e4 ryppyj\u00e4 vastaan T\u00e4m\u00e4 y\u00f6yrttinaamio hoitaa kasvoja ja kaulaa samanaikaisesti. Runsaan koostumukseltaan t\u00e4ytel\u00e4inen naamio imeytyy t\u00e4ydellisesti ja j\u00e4tt\u00e4\u00e4 ihon jo seuraavana aamuna uskomattoman pehme\u00e4ksi ja sile\u00e4ksi. Vaikutus: Hoitava vaikutus: Auttaa v\u00e4hent\u00e4m\u00e4\u00e4n ryppyjen n\u00e4kyvyytt\u00e4. Fermentoitujen kasviuutteidensa ansiosta naamio antaa iholle ravinteita, pehment\u00e4\u00e4...<\/p>","protected":false},"featured_media":11615,"comment_status":"open","ping_status":"closed","template":"","meta":{"_uf_show_specific_survey":0,"_uf_disable_surveys":false,"_bst_post_transparent":"default","_bst_post_title":"","_bst_post_layout":"default","_bst_post_sidebar_id":"","_bst_post_content_style":"default","_bst_post_vertical_padding":"default","_bst_post_feature":"","_bst_post_feature_position":"","_bst_post_header":false,"_bst_post_footer":false},"pwb-brand":[494],"product_brand":[],"product_cat":[92,98],"product_tag":[568,554,466,555],"class_list":{"0":"post-11610","1":"product","2":"type-product","3":"status-publish","4":"has-post-thumbnail","6":"pwb-brand-the-history-of-whoo","7":"product_cat-nagu","8":"product_cat-naomaskid","9":"product_tag-korea","10":"product_tag-lux","11":"product_tag-premium","12":"product_tag-the-history-of-whoo","14":"first","15":"instock","16":"sale","17":"shipping-taxable","18":"purchasable","19":"product-type-variable","20":"has-default-attributes","21":"entry","22":"content-bg","23":"loop-entry"},"supplier_id":null,"supplier_sku":"","barcode":null,"atum_controlled":true,"out_stock_date":null,"out_stock_threshold":null,"inheritable":true,"inbound_stock":0,"stock_on_hold":0,"sold_today":0,"sales_last_days":3,"out_stock_days":0,"lost_sales":0,"has_location":false,"update_date":"2026-04-14T00:05:12","atum_locations":[],"atum_stock_status":"instock","restock_status":false,"low_stock_amount":"","sales_update_date":"2026-04-14T00:05:12","calc_backorders":null,"yoast_head":"<!-- This site is optimized with the Yoast SEO plugin v27.2 - https:\/\/yoast.com\/product\/yoast-seo-wordpress\/ -->\n<title>The History of Whoo Gongjinhyang Neck &amp; Face Sleeping Repair Mask - IDA.KOREA<\/title>\n<meta name=\"description\" content=\"See on taimne \u00f6\u00f6mask, mis hoolitseb samaaegselt nii n\u00e4o kui ka kaela eest. Maski rikkalik tekstuur imendub t\u00e4ielikult ning juba j\u00e4rgmisel hommikul muudab see naha uskumatult pehmeks ja siledaks.\" \/>\n<meta name=\"robots\" content=\"index, follow, max-snippet:-1, max-image-preview:large, max-video-preview:-1\" \/>\n<link rel=\"canonical\" href=\"https:\/\/idakorea.ee\/fi\/product\/oine-taastav-mask-naole-ja-kaelale-the-history-of-whoo-gongjinhyang-neck-face-sleeping-repair-mask\/\" \/>\n<meta property=\"og:locale\" content=\"fi_FI\" \/>\n<meta property=\"og:type\" content=\"article\" \/>\n<meta property=\"og:title\" content=\"The History of Whoo Gongjinhyang Neck &amp; Face Sleeping Repair Mask - IDA.KOREA\" \/>\n<meta property=\"og:description\" content=\"See on taimne \u00f6\u00f6mask, mis hoolitseb samaaegselt nii n\u00e4o kui ka kaela eest. Maski rikkalik tekstuur imendub t\u00e4ielikult ning juba j\u00e4rgmisel hommikul muudab see naha uskumatult pehmeks ja siledaks.\" \/>\n<meta property=\"og:url\" content=\"https:\/\/idakorea.ee\/fi\/product\/oine-taastav-mask-naole-ja-kaelale-the-history-of-whoo-gongjinhyang-neck-face-sleeping-repair-mask\/\" \/>\n<meta property=\"og:site_name\" content=\"IDA.KOREA\" \/>\n<meta property=\"article:modified_time\" content=\"2026-04-06T06:33:05+00:00\" \/>\n<meta property=\"og:image\" content=\"https:\/\/idakorea.ee\/wp-content\/uploads\/2024\/11\/51105028_1-1.jpg\" \/>\n\t<meta property=\"og:image:width\" content=\"1000\" \/>\n\t<meta property=\"og:image:height\" content=\"1000\" \/>\n\t<meta property=\"og:image:type\" content=\"image\/jpeg\" \/>\n<meta name=\"twitter:card\" content=\"summary_large_image\" \/>\n<meta name=\"twitter:label1\" content=\"Arvioitu lukuaika\" \/>\n\t<meta name=\"twitter:data1\" content=\"2 minuuttia\" \/>\n<script type=\"application\/ld+json\" class=\"yoast-schema-graph\">{\"@context\":\"https:\/\/schema.org\",\"@graph\":[{\"@type\":\"WebPage\",\"@id\":\"https:\/\/idakorea.ee\/product\/oine-taastav-mask-naole-ja-kaelale-the-history-of-whoo-gongjinhyang-neck-face-sleeping-repair-mask\/\",\"url\":\"https:\/\/idakorea.ee\/product\/oine-taastav-mask-naole-ja-kaelale-the-history-of-whoo-gongjinhyang-neck-face-sleeping-repair-mask\/\",\"name\":\"The History of Whoo Gongjinhyang Neck & Face Sleeping Repair Mask - IDA.KOREA\",\"isPartOf\":{\"@id\":\"https:\/\/idakorea.ee\/#website\"},\"primaryImageOfPage\":{\"@id\":\"https:\/\/idakorea.ee\/product\/oine-taastav-mask-naole-ja-kaelale-the-history-of-whoo-gongjinhyang-neck-face-sleeping-repair-mask\/#primaryimage\"},\"image\":{\"@id\":\"https:\/\/idakorea.ee\/product\/oine-taastav-mask-naole-ja-kaelale-the-history-of-whoo-gongjinhyang-neck-face-sleeping-repair-mask\/#primaryimage\"},\"thumbnailUrl\":\"https:\/\/idakorea.ee\/wp-content\/uploads\/2024\/11\/51105028_1-1.jpg\",\"datePublished\":\"2024-11-29T11:20:32+00:00\",\"dateModified\":\"2026-04-06T06:33:05+00:00\",\"description\":\"See on taimne \u00f6\u00f6mask, mis hoolitseb samaaegselt nii n\u00e4o kui ka kaela eest. Maski rikkalik tekstuur imendub t\u00e4ielikult ning juba j\u00e4rgmisel hommikul muudab see naha uskumatult pehmeks ja siledaks.\",\"breadcrumb\":{\"@id\":\"https:\/\/idakorea.ee\/product\/oine-taastav-mask-naole-ja-kaelale-the-history-of-whoo-gongjinhyang-neck-face-sleeping-repair-mask\/#breadcrumb\"},\"inLanguage\":\"fi\",\"potentialAction\":[{\"@type\":\"ReadAction\",\"target\":[\"https:\/\/idakorea.ee\/product\/oine-taastav-mask-naole-ja-kaelale-the-history-of-whoo-gongjinhyang-neck-face-sleeping-repair-mask\/\"]}]},{\"@type\":\"ImageObject\",\"inLanguage\":\"fi\",\"@id\":\"https:\/\/idakorea.ee\/product\/oine-taastav-mask-naole-ja-kaelale-the-history-of-whoo-gongjinhyang-neck-face-sleeping-repair-mask\/#primaryimage\",\"url\":\"https:\/\/idakorea.ee\/wp-content\/uploads\/2024\/11\/51105028_1-1.jpg\",\"contentUrl\":\"https:\/\/idakorea.ee\/wp-content\/uploads\/2024\/11\/51105028_1-1.jpg\",\"width\":1000,\"height\":1000},{\"@type\":\"BreadcrumbList\",\"@id\":\"https:\/\/idakorea.ee\/product\/oine-taastav-mask-naole-ja-kaelale-the-history-of-whoo-gongjinhyang-neck-face-sleeping-repair-mask\/#breadcrumb\",\"itemListElement\":[{\"@type\":\"ListItem\",\"position\":1,\"name\":\"\u0413\u043b\u0430\u0432\u043d\u0430\u044f \u0441\u0442\u0440\u0430\u043d\u0438\u0446\u0430\",\"item\":\"https:\/\/idakorea.ee\/\"},{\"@type\":\"ListItem\",\"position\":2,\"name\":\"Shop\",\"item\":\"https:\/\/idakorea.ee\/shop-2\/\"},{\"@type\":\"ListItem\",\"position\":3,\"name\":\"\u00d6ine taastav mask n\u00e4ole ja kaelale The History of Whoo Gongjinhyang Neck &#038; Face Sleeping Repair Mask\"}]},{\"@type\":\"WebSite\",\"@id\":\"https:\/\/idakorea.ee\/#website\",\"url\":\"https:\/\/idakorea.ee\/\",\"name\":\"IDA.KOREA\",\"description\":\"Korea kosmeetika e-pood\",\"publisher\":{\"@id\":\"https:\/\/idakorea.ee\/#organization\"},\"alternateName\":\"Beauty Shop\",\"potentialAction\":[{\"@type\":\"SearchAction\",\"target\":{\"@type\":\"EntryPoint\",\"urlTemplate\":\"https:\/\/idakorea.ee\/?s={search_term_string}\"},\"query-input\":{\"@type\":\"PropertyValueSpecification\",\"valueRequired\":true,\"valueName\":\"search_term_string\"}}],\"inLanguage\":\"fi\"},{\"@type\":\"Organization\",\"@id\":\"https:\/\/idakorea.ee\/#organization\",\"name\":\"IDA.KOREA\",\"url\":\"https:\/\/idakorea.ee\/\",\"logo\":{\"@type\":\"ImageObject\",\"inLanguage\":\"fi\",\"@id\":\"https:\/\/idakorea.ee\/#\/schema\/logo\/image\/\",\"url\":\"https:\/\/idakorea.ee\/wp-content\/uploads\/2024\/05\/cropped-korea3.png\",\"contentUrl\":\"https:\/\/idakorea.ee\/wp-content\/uploads\/2024\/05\/cropped-korea3.png\",\"width\":688,\"height\":126,\"caption\":\"IDA.KOREA\"},\"image\":{\"@id\":\"https:\/\/idakorea.ee\/#\/schema\/logo\/image\/\"},\"sameAs\":[\"https:\/\/www.instagram.com\/ida.korea\/\"]}]}<\/script>\n<!-- \/ Yoast SEO plugin. -->","yoast_head_json":{"title":"Whoo Gongjinhyang -kaulan ja kasvojen korjausnaamion historia - IDA.KOREA","description":"Se on y\u00f6yrttinaamio, joka hoitaa kasvoja ja kaulaa samanaikaisesti. Runsas koostumus imeytyy t\u00e4ydellisesti ja j\u00e4tt\u00e4\u00e4 ihon uskomattoman pehme\u00e4ksi ja sile\u00e4ksi heti seuraavana aamuna.","robots":{"index":"index","follow":"follow","max-snippet":"max-snippet:-1","max-image-preview":"max-image-preview:large","max-video-preview":"max-video-preview:-1"},"canonical":"https:\/\/idakorea.ee\/fi\/product\/oine-taastav-mask-naole-ja-kaelale-the-history-of-whoo-gongjinhyang-neck-face-sleeping-repair-mask\/","og_locale":"fi_FI","og_type":"article","og_title":"The History of Whoo Gongjinhyang Neck & Face Sleeping Repair Mask - IDA.KOREA","og_description":"See on taimne \u00f6\u00f6mask, mis hoolitseb samaaegselt nii n\u00e4o kui ka kaela eest. Maski rikkalik tekstuur imendub t\u00e4ielikult ning juba j\u00e4rgmisel hommikul muudab see naha uskumatult pehmeks ja siledaks.","og_url":"https:\/\/idakorea.ee\/fi\/product\/oine-taastav-mask-naole-ja-kaelale-the-history-of-whoo-gongjinhyang-neck-face-sleeping-repair-mask\/","og_site_name":"IDA.KOREA","article_modified_time":"2026-04-06T06:33:05+00:00","og_image":[{"width":1000,"height":1000,"url":"https:\/\/idakorea.ee\/wp-content\/uploads\/2024\/11\/51105028_1-1.jpg","type":"image\/jpeg"}],"twitter_card":"summary_large_image","twitter_misc":{"Arvioitu lukuaika":"2 minuuttia"},"schema":{"@context":"https:\/\/schema.org","@graph":[{"@type":"WebPage","@id":"https:\/\/idakorea.ee\/product\/oine-taastav-mask-naole-ja-kaelale-the-history-of-whoo-gongjinhyang-neck-face-sleeping-repair-mask\/","url":"https:\/\/idakorea.ee\/product\/oine-taastav-mask-naole-ja-kaelale-the-history-of-whoo-gongjinhyang-neck-face-sleeping-repair-mask\/","name":"Whoo Gongjinhyang -kaulan ja kasvojen korjausnaamion historia - IDA.KOREA","isPartOf":{"@id":"https:\/\/idakorea.ee\/#website"},"primaryImageOfPage":{"@id":"https:\/\/idakorea.ee\/product\/oine-taastav-mask-naole-ja-kaelale-the-history-of-whoo-gongjinhyang-neck-face-sleeping-repair-mask\/#primaryimage"},"image":{"@id":"https:\/\/idakorea.ee\/product\/oine-taastav-mask-naole-ja-kaelale-the-history-of-whoo-gongjinhyang-neck-face-sleeping-repair-mask\/#primaryimage"},"thumbnailUrl":"https:\/\/idakorea.ee\/wp-content\/uploads\/2024\/11\/51105028_1-1.jpg","datePublished":"2024-11-29T11:20:32+00:00","dateModified":"2026-04-06T06:33:05+00:00","description":"Se on y\u00f6yrttinaamio, joka hoitaa kasvoja ja kaulaa samanaikaisesti. Runsas koostumus imeytyy t\u00e4ydellisesti ja j\u00e4tt\u00e4\u00e4 ihon uskomattoman pehme\u00e4ksi ja sile\u00e4ksi heti seuraavana aamuna.","breadcrumb":{"@id":"https:\/\/idakorea.ee\/product\/oine-taastav-mask-naole-ja-kaelale-the-history-of-whoo-gongjinhyang-neck-face-sleeping-repair-mask\/#breadcrumb"},"inLanguage":"fi","potentialAction":[{"@type":"ReadAction","target":["https:\/\/idakorea.ee\/product\/oine-taastav-mask-naole-ja-kaelale-the-history-of-whoo-gongjinhyang-neck-face-sleeping-repair-mask\/"]}]},{"@type":"ImageObject","inLanguage":"fi","@id":"https:\/\/idakorea.ee\/product\/oine-taastav-mask-naole-ja-kaelale-the-history-of-whoo-gongjinhyang-neck-face-sleeping-repair-mask\/#primaryimage","url":"https:\/\/idakorea.ee\/wp-content\/uploads\/2024\/11\/51105028_1-1.jpg","contentUrl":"https:\/\/idakorea.ee\/wp-content\/uploads\/2024\/11\/51105028_1-1.jpg","width":1000,"height":1000},{"@type":"BreadcrumbList","@id":"https:\/\/idakorea.ee\/product\/oine-taastav-mask-naole-ja-kaelale-the-history-of-whoo-gongjinhyang-neck-face-sleeping-repair-mask\/#breadcrumb","itemListElement":[{"@type":"ListItem","position":1,"name":"\u0413\u043b\u0430\u0432\u043d\u0430\u044f \u0441\u0442\u0440\u0430\u043d\u0438\u0446\u0430","item":"https:\/\/idakorea.ee\/"},{"@type":"ListItem","position":2,"name":"Shop","item":"https:\/\/idakorea.ee\/shop-2\/"},{"@type":"ListItem","position":3,"name":"\u00d6ine taastav mask n\u00e4ole ja kaelale The History of Whoo Gongjinhyang Neck &#038; Face Sleeping Repair Mask"}]},{"@type":"WebSite","@id":"https:\/\/idakorea.ee\/#website","url":"https:\/\/idakorea.ee\/","name":"IDA.KOREA","description":"Korean kosmetiikan verkkokauppa","publisher":{"@id":"https:\/\/idakorea.ee\/#organization"},"alternateName":"Beauty Shop","potentialAction":[{"@type":"SearchAction","target":{"@type":"EntryPoint","urlTemplate":"https:\/\/idakorea.ee\/?s={search_term_string}"},"query-input":{"@type":"PropertyValueSpecification","valueRequired":true,"valueName":"search_term_string"}}],"inLanguage":"fi"},{"@type":"Organization","@id":"https:\/\/idakorea.ee\/#organization","name":"IDA.KOREA","url":"https:\/\/idakorea.ee\/","logo":{"@type":"ImageObject","inLanguage":"fi","@id":"https:\/\/idakorea.ee\/#\/schema\/logo\/image\/","url":"https:\/\/idakorea.ee\/wp-content\/uploads\/2024\/05\/cropped-korea3.png","contentUrl":"https:\/\/idakorea.ee\/wp-content\/uploads\/2024\/05\/cropped-korea3.png","width":688,"height":126,"caption":"IDA.KOREA"},"image":{"@id":"https:\/\/idakorea.ee\/#\/schema\/logo\/image\/"},"sameAs":["https:\/\/www.instagram.com\/ida.korea\/"]}]}},"jetpack_sharing_enabled":true,"brands":[{"id":494,"name":"WHOON HISTORIA","slug":"the-history-of-whoo"}],"_links":{"self":[{"href":"https:\/\/idakorea.ee\/fi\/wp-json\/wp\/v2\/product\/11610","targetHints":{"allow":["GET"]}}],"collection":[{"href":"https:\/\/idakorea.ee\/fi\/wp-json\/wp\/v2\/product"}],"about":[{"href":"https:\/\/idakorea.ee\/fi\/wp-json\/wp\/v2\/types\/product"}],"replies":[{"embeddable":true,"href":"https:\/\/idakorea.ee\/fi\/wp-json\/wp\/v2\/comments?post=11610"}],"version-history":[{"count":3,"href":"https:\/\/idakorea.ee\/fi\/wp-json\/wp\/v2\/product\/11610\/revisions"}],"predecessor-version":[{"id":15042,"href":"https:\/\/idakorea.ee\/fi\/wp-json\/wp\/v2\/product\/11610\/revisions\/15042"}],"wp:featuredmedia":[{"embeddable":true,"href":"https:\/\/idakorea.ee\/fi\/wp-json\/wp\/v2\/media\/11615"}],"wp:attachment":[{"href":"https:\/\/idakorea.ee\/fi\/wp-json\/wp\/v2\/media?parent=11610"}],"wp:term":[{"taxonomy":"pwb-brand","embeddable":true,"href":"https:\/\/idakorea.ee\/fi\/wp-json\/wp\/v2\/pwb-brand?post=11610"},{"taxonomy":"product_brand","embeddable":true,"href":"https:\/\/idakorea.ee\/fi\/wp-json\/wp\/v2\/product_brand?post=11610"},{"taxonomy":"product_cat","embeddable":true,"href":"https:\/\/idakorea.ee\/fi\/wp-json\/wp\/v2\/product_cat?post=11610"},{"taxonomy":"product_tag","embeddable":true,"href":"https:\/\/idakorea.ee\/fi\/wp-json\/wp\/v2\/product_tag?post=11610"}],"curies":[{"name":"wp","href":"https:\/\/api.w.org\/{rel}","templated":true}]}}