{"id":11662,"date":"2024-12-03T09:16:28","date_gmt":"2024-12-03T07:16:28","guid":{"rendered":"https:\/\/idakorea.ee\/?post_type=product&#038;p=11662"},"modified":"2026-03-24T14:26:57","modified_gmt":"2026-03-24T12:26:57","slug":"silmapadjad-bioheal-boh-probioderm-collagen-remodelling-eye-patch","status":"publish","type":"product","link":"https:\/\/idakorea.ee\/fi\/product\/silmapadjad-bioheal-boh-probioderm-collagen-remodelling-eye-patch\/","title":{"rendered":"Bioheal Boh Probioderm kollageenia uudelleenmuokkaava silm\u00e4laastari, 60 kpl"},"content":{"rendered":"<p><strong>BIOHEAL BOH Probioderm kollageenilla uudistava silm\u00e4lappu<\/strong> ovat tehokkaita silm\u00e4nymp\u00e4ryslappuja, jotka on suunniteltu torjumaan turvotusta ja tummia silm\u00e4nalusia. Ne v\u00e4hent\u00e4v\u00e4t ryppyjen n\u00e4kymist\u00e4 ja parantavat ihon s\u00e4vy\u00e4.<\/p>\n<p><strong>Toiminta:<\/strong><\/p>\n<ul>\n<li><strong>V\u00e4hent\u00e4\u00e4 turvotusta ja parantaa ihon kimmoisuutta:<\/strong> Kliinisesti todistettuja tuloksia jo ensimm\u00e4isest\u00e4 k\u00e4ytt\u00f6kerrasta l\u00e4htien.<\/li>\n<li><strong>Ainutlaatuinen koostumus:<\/strong> Lapuista tulee l\u00e4pin\u00e4kyvi\u00e4, kun aktiiviset ainesosat imeytyv\u00e4t t\u00e4ysin ihoon.<\/li>\n<li><strong>Monipuolinen k\u00e4ytt\u00f6:<\/strong> Sopii my\u00f6s muiden ongelma-alueiden, kuten nen\u00e4n ja suun v\u00e4listen poimujen, kulmakarvojen v\u00e4lisen alueen ja otsan hoitoon.<\/li>\n<\/ul>\n<p>BIOHEAL BOH Probioderm Collagen Remodeling Eye Patch -laastarin vaikuttavat aineosat:<\/p>\n<p><strong>Patentoitu PDRN \u2013 <\/strong>Lohiuutteesta johdettu PDRN palauttaa v\u00e4syneen ihon nopeasti.<\/p>\n<ul>\n<li><strong>Toiminta:<\/strong> aktivoi uusien ihosolujen kasvua ja uudistumista, stimuloi kollageenin ja elastiinin synteesi\u00e4.<\/li>\n<li><strong>Tulokset:<\/strong> n\u00e4kyv\u00e4 nuorentava vaikutus, ryppyjen v\u00e4heneminen, tasaisempi ihonv\u00e4ri, kimmoisampi ja kiinte\u00e4mpi iho.<\/li>\n<\/ul>\n<p><strong>Nelj\u00e4n kollageenin kompleksi \u2013 <\/strong>Palauttaa ihon kollageenitasapainon ja stimuloi sen tuotantoa, tehden ihosta tihe\u00e4mm\u00e4n ja kimmoisamman.<\/p>\n<p><strong>Probiodermikompleksi \u2013 <\/strong>Sis\u00e4lt\u00e4\u00e4 kolmea el\u00e4v\u00e4\u00e4 laktobasillia, jotka:<\/p>\n<ul>\n<li style=\"list-style-type: none;\">\n<ul>\n<li>Palauttaa ihon suojamuuritoiminnon.<\/li>\n<li>Parantaa ihon kimmoisuutta ja vastustuskyky\u00e4.<\/li>\n<\/ul>\n<\/li>\n<\/ul>\n<p><strong>Glykogeeni ja hydroproliini\u00a0<\/strong><\/p>\n<ul>\n<li class=\"translation-block\"><strong>Glykogeeni:<\/strong> vastaa ihon kosteuttamisesta ja tummien silm\u00e4nalusten kirkastamisesta.<\/li>\n<li class=\"translation-block\"><strong>Vesiproliini:<\/strong> takaa syv\u00e4n ja pitk\u00e4kestoisen kosteutuksen.<\/li>\n<\/ul>\n<p><strong>Kaksitoista erilaista peptidi\u00e4 + C-vitamiinia<\/strong><\/p>\n<ul>\n<li><strong>C-vitamiini:<\/strong> valkaisee ihoa ja torjuu ryppyj\u00e4.<\/li>\n<li><strong>Peptidikompleksi:<\/strong>\n<ul>\n<li class=\"translation-block\"><strong>Asetyylitetrapeptidi-5:<\/strong> parantaa ihon kimmoisuutta ja v\u00e4hent\u00e4\u00e4 turvotusta.<\/li>\n<li class=\"translation-block\"><strong>Nonapeptidi-1:<\/strong> est\u00e4\u00e4 melaniinin tuotantoa, tasoittaa ihon s\u00e4vy\u00e4.<\/li>\n<li class=\"translation-block\"><strong>Asetyylitetrapeptidi-9:<\/strong> Lis\u00e4\u00e4 ihon tiheytt\u00e4 ja kimmoisuutta.<\/li>\n<li class=\"translation-block\"><strong>Asetyyliheksapeptidi-8 (argireliini):<\/strong> rentouttaa lihaksia ja ehk\u00e4isee uusien ryppyjen muodostumista.<\/li>\n<li class=\"translation-block\"><strong>Tripeptidi-1:<\/strong> Stimuloi kollageenin tuotantoa, mik\u00e4 k\u00e4ynnist\u00e4\u00e4 ihosolujen uusiutumisen.<\/li>\n<li class=\"translation-block\"><strong>Palmitoyylitripeptidi-1:<\/strong> Signaloi fibroblasteja uuden kollageenin tuottamiseksi.<\/li>\n<\/ul>\n<\/li>\n<\/ul>\n<p>N\u00e4m\u00e4 ainesosat toimivat synergistisesti tarjoten tehokasta hoitoa ja n\u00e4kyvi\u00e4 tuloksia jo ensimm\u00e4isist\u00e4 k\u00e4ytt\u00f6kerroista l\u00e4htien.<\/p>\n<h3><strong style=\"font-family: var(--global-body-font-family); font-size: 16px;\">Sopii kaikille ihotyypeille, tarjoaa tehohoitoa ja nuorentavan vaikutuksen.<\/strong><\/h3>\n<p>&nbsp;<\/p>\n<p><strong>K\u00e4ytt\u00f6opas: <\/strong>Puhdista ja kasvovesi. Aseta silm\u00e4laput silmien alle tai muille ongelma-alueille. Anna lappujen vaikuttaa iholla 15\u201320 minuuttia. Poista laput ja taputtele j\u00e4ljelle j\u00e4\u00e4nyt seerumi varovasti ihoon sormenp\u00e4ill\u00e4.<\/p>","protected":false},"excerpt":{"rendered":"<p>BIOHEAL BOH Probioderm Collagen Remodelling Eye Patch on tehokas silm\u00e4laastari, joka on suunniteltu torjumaan turvotusta ja tummia silm\u00e4nalusia. Ne v\u00e4hent\u00e4v\u00e4t ryppyjen n\u00e4kyvyytt\u00e4 ja parantavat ihon s\u00e4vy\u00e4. Toiminta: V\u00e4hent\u00e4\u00e4 turvotusta ja parantaa ihon kimmoisuutta: Kliinisesti todistetut tulokset ensimm\u00e4isell\u00e4 k\u00e4ytt\u00f6kerralla. Ainutlaatuinen koostumus. Monipuolinen k\u00e4ytt\u00f6: sopii my\u00f6s...<\/p>","protected":false},"featured_media":11670,"comment_status":"open","ping_status":"closed","template":"","meta":{"_uf_show_specific_survey":0,"_uf_disable_surveys":false,"_bst_post_transparent":"default","_bst_post_title":"","_bst_post_layout":"default","_bst_post_sidebar_id":"","_bst_post_content_style":"default","_bst_post_vertical_padding":"default","_bst_post_feature":"","_bst_post_feature_position":"","_bst_post_header":false,"_bst_post_footer":false},"pwb-brand":[479],"product_brand":[],"product_cat":[92,99,385],"product_tag":[607,729],"class_list":{"0":"post-11662","1":"product","2":"type-product","3":"status-publish","4":"has-post-thumbnail","6":"pwb-brand-bioheal-boh","7":"product_cat-nagu","8":"product_cat-silmad-ja-huuled-2","9":"product_cat-silmapadjad","10":"product_tag-eye-patch","11":"product_tag-probioderm","13":"first","14":"instock","15":"sale","16":"shipping-taxable","17":"purchasable","18":"product-type-simple","19":"entry","20":"content-bg","21":"loop-entry"},"supplier_id":null,"supplier_sku":"","barcode":null,"atum_controlled":true,"out_stock_date":null,"out_stock_threshold":null,"inheritable":false,"inbound_stock":0,"stock_on_hold":0,"sold_today":0,"sales_last_days":2,"out_stock_days":0,"lost_sales":0,"has_location":false,"update_date":"2026-04-14T00:05:11","atum_locations":[],"atum_stock_status":"instock","restock_status":false,"low_stock_amount":"","sales_update_date":"2026-04-14T00:05:11","calc_backorders":null,"yoast_head":"<!-- This site is optimized with the Yoast SEO plugin v27.2 - https:\/\/yoast.com\/product\/yoast-seo-wordpress\/ -->\n<title>Silmapadjad Bioheal Boh Probioderm Collagen Remodelling Eye Patch, 60tk - IDA.KOREA<\/title>\n<meta name=\"robots\" content=\"index, follow, max-snippet:-1, max-image-preview:large, max-video-preview:-1\" \/>\n<link rel=\"canonical\" href=\"https:\/\/idakorea.ee\/fi\/product\/silmapadjad-bioheal-boh-probioderm-collagen-remodelling-eye-patch\/\" \/>\n<meta property=\"og:locale\" content=\"fi_FI\" \/>\n<meta property=\"og:type\" content=\"article\" \/>\n<meta property=\"og:title\" content=\"Silmapadjad Bioheal Boh Probioderm Collagen Remodelling Eye Patch, 60tk - IDA.KOREA\" \/>\n<meta property=\"og:description\" content=\"BIOHEAL BOH Probioderm Collagen Remodelling Eye Patch on t\u00f5husad silmapadjad, mis on loodud v\u00f5itlema tursete ja tumedate silmaalustega. Need v\u00e4hendavad kortsude n\u00e4htavust ja parandavad naha toonust. Toime: V\u00e4hendab turseid ja parandab naha elastsust: Kliiniliselt t\u00f5estatud tulemused juba esimese kasutuskorraga. Unikaalne koostis: Padjakesed muutuvad l\u00e4bipaistvaks, kui aktiivsed koostisosad on t\u00e4ielikult nahka imendunud. Mitmek\u00fclgne kasutamine: Sobivad ka...\" \/>\n<meta property=\"og:url\" content=\"https:\/\/idakorea.ee\/fi\/product\/silmapadjad-bioheal-boh-probioderm-collagen-remodelling-eye-patch\/\" \/>\n<meta property=\"og:site_name\" content=\"IDA.KOREA\" \/>\n<meta property=\"article:modified_time\" content=\"2026-03-24T12:26:57+00:00\" \/>\n<meta property=\"og:image\" content=\"https:\/\/idakorea.ee\/wp-content\/uploads\/2024\/12\/biohealboh_500021-650x650-2.jpg\" \/>\n\t<meta property=\"og:image:width\" content=\"650\" \/>\n\t<meta property=\"og:image:height\" content=\"650\" \/>\n\t<meta property=\"og:image:type\" content=\"image\/jpeg\" \/>\n<meta name=\"twitter:card\" content=\"summary_large_image\" \/>\n<meta name=\"twitter:label1\" content=\"Arvioitu lukuaika\" \/>\n\t<meta name=\"twitter:data1\" content=\"2 minuuttia\" \/>\n<script type=\"application\/ld+json\" class=\"yoast-schema-graph\">{\"@context\":\"https:\/\/schema.org\",\"@graph\":[{\"@type\":\"WebPage\",\"@id\":\"https:\/\/idakorea.ee\/product\/silmapadjad-bioheal-boh-probioderm-collagen-remodelling-eye-patch\/\",\"url\":\"https:\/\/idakorea.ee\/product\/silmapadjad-bioheal-boh-probioderm-collagen-remodelling-eye-patch\/\",\"name\":\"Silmapadjad Bioheal Boh Probioderm Collagen Remodelling Eye Patch, 60tk - IDA.KOREA\",\"isPartOf\":{\"@id\":\"https:\/\/idakorea.ee\/#website\"},\"primaryImageOfPage\":{\"@id\":\"https:\/\/idakorea.ee\/product\/silmapadjad-bioheal-boh-probioderm-collagen-remodelling-eye-patch\/#primaryimage\"},\"image\":{\"@id\":\"https:\/\/idakorea.ee\/product\/silmapadjad-bioheal-boh-probioderm-collagen-remodelling-eye-patch\/#primaryimage\"},\"thumbnailUrl\":\"https:\/\/idakorea.ee\/wp-content\/uploads\/2024\/12\/biohealboh_500021-650x650-2.jpg\",\"datePublished\":\"2024-12-03T07:16:28+00:00\",\"dateModified\":\"2026-03-24T12:26:57+00:00\",\"breadcrumb\":{\"@id\":\"https:\/\/idakorea.ee\/product\/silmapadjad-bioheal-boh-probioderm-collagen-remodelling-eye-patch\/#breadcrumb\"},\"inLanguage\":\"fi\",\"potentialAction\":[{\"@type\":\"ReadAction\",\"target\":[\"https:\/\/idakorea.ee\/product\/silmapadjad-bioheal-boh-probioderm-collagen-remodelling-eye-patch\/\"]}]},{\"@type\":\"ImageObject\",\"inLanguage\":\"fi\",\"@id\":\"https:\/\/idakorea.ee\/product\/silmapadjad-bioheal-boh-probioderm-collagen-remodelling-eye-patch\/#primaryimage\",\"url\":\"https:\/\/idakorea.ee\/wp-content\/uploads\/2024\/12\/biohealboh_500021-650x650-2.jpg\",\"contentUrl\":\"https:\/\/idakorea.ee\/wp-content\/uploads\/2024\/12\/biohealboh_500021-650x650-2.jpg\",\"width\":650,\"height\":650},{\"@type\":\"BreadcrumbList\",\"@id\":\"https:\/\/idakorea.ee\/product\/silmapadjad-bioheal-boh-probioderm-collagen-remodelling-eye-patch\/#breadcrumb\",\"itemListElement\":[{\"@type\":\"ListItem\",\"position\":1,\"name\":\"\u0413\u043b\u0430\u0432\u043d\u0430\u044f \u0441\u0442\u0440\u0430\u043d\u0438\u0446\u0430\",\"item\":\"https:\/\/idakorea.ee\/\"},{\"@type\":\"ListItem\",\"position\":2,\"name\":\"Shop\",\"item\":\"https:\/\/idakorea.ee\/shop-2\/\"},{\"@type\":\"ListItem\",\"position\":3,\"name\":\"Silmapadjad Bioheal Boh Probioderm Collagen Remodelling Eye Patch, 60tk\"}]},{\"@type\":\"WebSite\",\"@id\":\"https:\/\/idakorea.ee\/#website\",\"url\":\"https:\/\/idakorea.ee\/\",\"name\":\"IDA.KOREA\",\"description\":\"Korea kosmeetika e-pood\",\"publisher\":{\"@id\":\"https:\/\/idakorea.ee\/#organization\"},\"alternateName\":\"Beauty Shop\",\"potentialAction\":[{\"@type\":\"SearchAction\",\"target\":{\"@type\":\"EntryPoint\",\"urlTemplate\":\"https:\/\/idakorea.ee\/?s={search_term_string}\"},\"query-input\":{\"@type\":\"PropertyValueSpecification\",\"valueRequired\":true,\"valueName\":\"search_term_string\"}}],\"inLanguage\":\"fi\"},{\"@type\":\"Organization\",\"@id\":\"https:\/\/idakorea.ee\/#organization\",\"name\":\"IDA.KOREA\",\"url\":\"https:\/\/idakorea.ee\/\",\"logo\":{\"@type\":\"ImageObject\",\"inLanguage\":\"fi\",\"@id\":\"https:\/\/idakorea.ee\/#\/schema\/logo\/image\/\",\"url\":\"https:\/\/idakorea.ee\/wp-content\/uploads\/2024\/05\/cropped-korea3.png\",\"contentUrl\":\"https:\/\/idakorea.ee\/wp-content\/uploads\/2024\/05\/cropped-korea3.png\",\"width\":688,\"height\":126,\"caption\":\"IDA.KOREA\"},\"image\":{\"@id\":\"https:\/\/idakorea.ee\/#\/schema\/logo\/image\/\"},\"sameAs\":[\"https:\/\/www.instagram.com\/ida.korea\/\"]}]}<\/script>\n<!-- \/ Yoast SEO plugin. -->","yoast_head_json":{"title":"Silm\u00e4laput Bioheal Boh Probioderm kollageenilla uudistavat silm\u00e4laput, 60 kpl - IDA.KOREA","robots":{"index":"index","follow":"follow","max-snippet":"max-snippet:-1","max-image-preview":"max-image-preview:large","max-video-preview":"max-video-preview:-1"},"canonical":"https:\/\/idakorea.ee\/fi\/product\/silmapadjad-bioheal-boh-probioderm-collagen-remodelling-eye-patch\/","og_locale":"fi_FI","og_type":"article","og_title":"Silmapadjad Bioheal Boh Probioderm Collagen Remodelling Eye Patch, 60tk - IDA.KOREA","og_description":"BIOHEAL BOH Probioderm Collagen Remodelling Eye Patch on t\u00f5husad silmapadjad, mis on loodud v\u00f5itlema tursete ja tumedate silmaalustega. Need v\u00e4hendavad kortsude n\u00e4htavust ja parandavad naha toonust. Toime: V\u00e4hendab turseid ja parandab naha elastsust: Kliiniliselt t\u00f5estatud tulemused juba esimese kasutuskorraga. Unikaalne koostis: Padjakesed muutuvad l\u00e4bipaistvaks, kui aktiivsed koostisosad on t\u00e4ielikult nahka imendunud. Mitmek\u00fclgne kasutamine: Sobivad ka...","og_url":"https:\/\/idakorea.ee\/fi\/product\/silmapadjad-bioheal-boh-probioderm-collagen-remodelling-eye-patch\/","og_site_name":"IDA.KOREA","article_modified_time":"2026-03-24T12:26:57+00:00","og_image":[{"width":650,"height":650,"url":"https:\/\/idakorea.ee\/wp-content\/uploads\/2024\/12\/biohealboh_500021-650x650-2.jpg","type":"image\/jpeg"}],"twitter_card":"summary_large_image","twitter_misc":{"Arvioitu lukuaika":"2 minuuttia"},"schema":{"@context":"https:\/\/schema.org","@graph":[{"@type":"WebPage","@id":"https:\/\/idakorea.ee\/product\/silmapadjad-bioheal-boh-probioderm-collagen-remodelling-eye-patch\/","url":"https:\/\/idakorea.ee\/product\/silmapadjad-bioheal-boh-probioderm-collagen-remodelling-eye-patch\/","name":"Silm\u00e4laput Bioheal Boh Probioderm kollageenilla uudistavat silm\u00e4laput, 60 kpl - IDA.KOREA","isPartOf":{"@id":"https:\/\/idakorea.ee\/#website"},"primaryImageOfPage":{"@id":"https:\/\/idakorea.ee\/product\/silmapadjad-bioheal-boh-probioderm-collagen-remodelling-eye-patch\/#primaryimage"},"image":{"@id":"https:\/\/idakorea.ee\/product\/silmapadjad-bioheal-boh-probioderm-collagen-remodelling-eye-patch\/#primaryimage"},"thumbnailUrl":"https:\/\/idakorea.ee\/wp-content\/uploads\/2024\/12\/biohealboh_500021-650x650-2.jpg","datePublished":"2024-12-03T07:16:28+00:00","dateModified":"2026-03-24T12:26:57+00:00","breadcrumb":{"@id":"https:\/\/idakorea.ee\/product\/silmapadjad-bioheal-boh-probioderm-collagen-remodelling-eye-patch\/#breadcrumb"},"inLanguage":"fi","potentialAction":[{"@type":"ReadAction","target":["https:\/\/idakorea.ee\/product\/silmapadjad-bioheal-boh-probioderm-collagen-remodelling-eye-patch\/"]}]},{"@type":"ImageObject","inLanguage":"fi","@id":"https:\/\/idakorea.ee\/product\/silmapadjad-bioheal-boh-probioderm-collagen-remodelling-eye-patch\/#primaryimage","url":"https:\/\/idakorea.ee\/wp-content\/uploads\/2024\/12\/biohealboh_500021-650x650-2.jpg","contentUrl":"https:\/\/idakorea.ee\/wp-content\/uploads\/2024\/12\/biohealboh_500021-650x650-2.jpg","width":650,"height":650},{"@type":"BreadcrumbList","@id":"https:\/\/idakorea.ee\/product\/silmapadjad-bioheal-boh-probioderm-collagen-remodelling-eye-patch\/#breadcrumb","itemListElement":[{"@type":"ListItem","position":1,"name":"\u0413\u043b\u0430\u0432\u043d\u0430\u044f \u0441\u0442\u0440\u0430\u043d\u0438\u0446\u0430","item":"https:\/\/idakorea.ee\/"},{"@type":"ListItem","position":2,"name":"Shop","item":"https:\/\/idakorea.ee\/shop-2\/"},{"@type":"ListItem","position":3,"name":"Silmapadjad Bioheal Boh Probioderm Collagen Remodelling Eye Patch, 60tk"}]},{"@type":"WebSite","@id":"https:\/\/idakorea.ee\/#website","url":"https:\/\/idakorea.ee\/","name":"IDA.KOREA","description":"Korean kosmetiikan verkkokauppa","publisher":{"@id":"https:\/\/idakorea.ee\/#organization"},"alternateName":"Beauty Shop","potentialAction":[{"@type":"SearchAction","target":{"@type":"EntryPoint","urlTemplate":"https:\/\/idakorea.ee\/?s={search_term_string}"},"query-input":{"@type":"PropertyValueSpecification","valueRequired":true,"valueName":"search_term_string"}}],"inLanguage":"fi"},{"@type":"Organization","@id":"https:\/\/idakorea.ee\/#organization","name":"IDA.KOREA","url":"https:\/\/idakorea.ee\/","logo":{"@type":"ImageObject","inLanguage":"fi","@id":"https:\/\/idakorea.ee\/#\/schema\/logo\/image\/","url":"https:\/\/idakorea.ee\/wp-content\/uploads\/2024\/05\/cropped-korea3.png","contentUrl":"https:\/\/idakorea.ee\/wp-content\/uploads\/2024\/05\/cropped-korea3.png","width":688,"height":126,"caption":"IDA.KOREA"},"image":{"@id":"https:\/\/idakorea.ee\/#\/schema\/logo\/image\/"},"sameAs":["https:\/\/www.instagram.com\/ida.korea\/"]}]}},"jetpack_sharing_enabled":true,"brands":[{"id":479,"name":"BIOHEAL BOH","slug":"bioheal-boh"}],"_links":{"self":[{"href":"https:\/\/idakorea.ee\/fi\/wp-json\/wp\/v2\/product\/11662","targetHints":{"allow":["GET"]}}],"collection":[{"href":"https:\/\/idakorea.ee\/fi\/wp-json\/wp\/v2\/product"}],"about":[{"href":"https:\/\/idakorea.ee\/fi\/wp-json\/wp\/v2\/types\/product"}],"replies":[{"embeddable":true,"href":"https:\/\/idakorea.ee\/fi\/wp-json\/wp\/v2\/comments?post=11662"}],"version-history":[{"count":5,"href":"https:\/\/idakorea.ee\/fi\/wp-json\/wp\/v2\/product\/11662\/revisions"}],"predecessor-version":[{"id":12957,"href":"https:\/\/idakorea.ee\/fi\/wp-json\/wp\/v2\/product\/11662\/revisions\/12957"}],"wp:featuredmedia":[{"embeddable":true,"href":"https:\/\/idakorea.ee\/fi\/wp-json\/wp\/v2\/media\/11670"}],"wp:attachment":[{"href":"https:\/\/idakorea.ee\/fi\/wp-json\/wp\/v2\/media?parent=11662"}],"wp:term":[{"taxonomy":"pwb-brand","embeddable":true,"href":"https:\/\/idakorea.ee\/fi\/wp-json\/wp\/v2\/pwb-brand?post=11662"},{"taxonomy":"product_brand","embeddable":true,"href":"https:\/\/idakorea.ee\/fi\/wp-json\/wp\/v2\/product_brand?post=11662"},{"taxonomy":"product_cat","embeddable":true,"href":"https:\/\/idakorea.ee\/fi\/wp-json\/wp\/v2\/product_cat?post=11662"},{"taxonomy":"product_tag","embeddable":true,"href":"https:\/\/idakorea.ee\/fi\/wp-json\/wp\/v2\/product_tag?post=11662"}],"curies":[{"name":"wp","href":"https:\/\/api.w.org\/{rel}","templated":true}]}}