{"id":11686,"date":"2024-12-04T15:02:02","date_gmt":"2024-12-04T13:02:02","guid":{"rendered":"https:\/\/idakorea.ee\/?post_type=product&#038;p=11686"},"modified":"2026-01-30T15:31:49","modified_gmt":"2026-01-30T13:31:49","slug":"pinguldav-kreem-boncept-by-tonymoly-retinol-500iu-cream-50ml","status":"publish","type":"product","link":"https:\/\/idakorea.ee\/fi\/product\/pinguldav-kreem-boncept-by-tonymoly-retinol-500iu-cream-50ml\/","title":{"rendered":"Kiinteytt\u00e4v\u00e4 voide, jossa on retinolia Boncept by TonyMoly Retinol 500IU voide, 50ml"},"content":{"rendered":"<p><strong>Boncept Retinol 500IU -voide<\/strong> on ravitseva ja kiinteytt\u00e4v\u00e4 hoito, joka on suunniteltu torjumaan ik\u00e4\u00e4ntymisen merkkej\u00e4. Retinolipitoinen voide auttaa parantamaan ihon kimmoisuutta, v\u00e4hent\u00e4m\u00e4\u00e4n hienojen juonteiden ja ryppyjen n\u00e4kymist\u00e4 sek\u00e4 edist\u00e4m\u00e4\u00e4n sile\u00e4mp\u00e4\u00e4 ja kiinte\u00e4mp\u00e4\u00e4 ihoa. Sen rikas koostumus kosteuttaa ja ravitsee ihoa j\u00e4tt\u00e4en sen pehme\u00e4ksi ja nuorekkaaksi.<\/p>\n<p><strong>3 t\u00e4rkeint\u00e4 etua:<\/strong><\/p>\n<ol>\n<li><strong>V\u00e4hent\u00e4\u00e4 hienoja juonteita ja ryppyj\u00e4:<\/strong> Retinoli auttaa tasoittamaan hienoja juonteita ja v\u00e4hent\u00e4m\u00e4\u00e4n ryppyjen n\u00e4kymist\u00e4, antaen iholle nuorekkaamman ulkon\u00e4\u00f6n.<\/li>\n<li><strong>Kiinteytt\u00e4\u00e4 ja kohottaa ihoa:<\/strong> Parantaa ihon kimmoisuutta ja s\u00e4vy\u00e4, tehden ihosta visuaalisesti sile\u00e4mm\u00e4n ja kiinte\u00e4mm\u00e4n.<\/li>\n<li><strong>Ravitsee ja kosteuttaa:<\/strong> Kosteuttaa ihoa syv\u00e4lt\u00e4 j\u00e4tt\u00e4en sen pehme\u00e4ksi, t\u00e4ytel\u00e4iseksi ja hyvin kosteutetuksi.<\/li>\n<\/ol>\n<p><strong>Suositeltu ihotyyppi:<\/strong> Sopii kaikille ihotyypeille, erityisesti ik\u00e4\u00e4ntyv\u00e4lle ja kyps\u00e4lle iholle.<\/p>\n<p>&nbsp;<\/p>\n<p><strong>K\u00e4ytt\u00f6:<\/strong> Viimeisen\u00e4 hoitovaiheena levit\u00e4 tarvittava m\u00e4\u00e4r\u00e4 voidetta iholle.<\/p>","protected":false},"excerpt":{"rendered":"<p>Boncept Retinol 500IU Cream on ravitseva ja kiinteytt\u00e4v\u00e4 hoito, joka on suunniteltu torjumaan ik\u00e4\u00e4ntymisen merkkej\u00e4. Retinolilla rikastettu voide auttaa parantamaan ihon kimmoisuutta, v\u00e4hent\u00e4m\u00e4\u00e4n juonteita ja ryppyj\u00e4 sek\u00e4 edist\u00e4m\u00e4\u00e4n sile\u00e4mp\u00e4\u00e4 ja kiinte\u00e4mp\u00e4\u00e4 ihoa. Sen t\u00e4ytel\u00e4inen koostumus kosteuttaa ja ravitsee ihoa tehden siit\u00e4 pehme\u00e4n ja nuorekkaan. 3 keskeist\u00e4 etua: V\u00e4hent\u00e4\u00e4 juonteita ja ryppyj\u00e4.....<\/p>","protected":false},"featured_media":11687,"comment_status":"open","ping_status":"closed","template":"","meta":{"_uf_show_specific_survey":0,"_uf_disable_surveys":false,"_bst_post_transparent":"default","_bst_post_title":"","_bst_post_layout":"default","_bst_post_sidebar_id":"","_bst_post_content_style":"default","_bst_post_vertical_padding":"default","_bst_post_feature":"","_bst_post_feature_position":"","_bst_post_header":false,"_bst_post_footer":false},"pwb-brand":[696],"product_brand":[],"product_cat":[92,96],"product_tag":[698,734,697,213],"class_list":{"0":"post-11686","1":"product","2":"type-product","3":"status-publish","4":"has-post-thumbnail","6":"pwb-brand-boncept-by-tonymoly","7":"product_cat-nagu","8":"product_cat-naokreemid","9":"product_tag-boncept","10":"product_tag-cream","11":"product_tag-tonymoly","12":"product_tag-retinol","14":"first","15":"instock","16":"sale","17":"shipping-taxable","18":"purchasable","19":"product-type-simple","20":"entry","21":"content-bg","22":"loop-entry"},"supplier_id":null,"supplier_sku":"","barcode":null,"atum_controlled":true,"out_stock_date":null,"out_stock_threshold":null,"inheritable":false,"inbound_stock":0,"stock_on_hold":0,"sold_today":0,"sales_last_days":0,"out_stock_days":0,"lost_sales":0,"has_location":false,"update_date":"2026-04-14T00:05:04","atum_locations":[],"atum_stock_status":"instock","restock_status":false,"low_stock_amount":"","sales_update_date":"2026-04-14T00:05:04","calc_backorders":null,"yoast_head":"<!-- This site is optimized with the Yoast SEO plugin v27.2 - https:\/\/yoast.com\/product\/yoast-seo-wordpress\/ -->\n<title>Boncept by TonyMoly Retinol 500IU Cream<\/title>\n<meta name=\"description\" content=\"Retinooliga rikastatud kreem aitab parandada naha elastsust, v\u00e4hendada peenikeste joonte ja kortsude n\u00e4htavust ning soodustab siledamat ja pinguldatumat nahka.\" \/>\n<meta name=\"robots\" content=\"index, follow, max-snippet:-1, max-image-preview:large, max-video-preview:-1\" \/>\n<link rel=\"canonical\" href=\"https:\/\/idakorea.ee\/fi\/product\/pinguldav-kreem-boncept-by-tonymoly-retinol-500iu-cream-50ml\/\" \/>\n<meta property=\"og:locale\" content=\"fi_FI\" \/>\n<meta property=\"og:type\" content=\"article\" \/>\n<meta property=\"og:title\" content=\"Boncept by TonyMoly Retinol 500IU Cream\" \/>\n<meta property=\"og:description\" content=\"Retinooliga rikastatud kreem aitab parandada naha elastsust, v\u00e4hendada peenikeste joonte ja kortsude n\u00e4htavust ning soodustab siledamat ja pinguldatumat nahka.\" \/>\n<meta property=\"og:url\" content=\"https:\/\/idakorea.ee\/fi\/product\/pinguldav-kreem-boncept-by-tonymoly-retinol-500iu-cream-50ml\/\" \/>\n<meta property=\"og:site_name\" content=\"IDA.KOREA\" \/>\n<meta property=\"article:modified_time\" content=\"2026-01-30T13:31:49+00:00\" \/>\n<meta property=\"og:image\" content=\"https:\/\/idakorea.ee\/wp-content\/uploads\/2024\/12\/boncept-retinol-cream.jpg\" \/>\n\t<meta property=\"og:image:width\" content=\"800\" \/>\n\t<meta property=\"og:image:height\" content=\"800\" \/>\n\t<meta property=\"og:image:type\" content=\"image\/jpeg\" \/>\n<meta name=\"twitter:card\" content=\"summary_large_image\" \/>\n<meta name=\"twitter:label1\" content=\"Arvioitu lukuaika\" \/>\n\t<meta name=\"twitter:data1\" content=\"1 minuutti\" \/>\n<script type=\"application\/ld+json\" class=\"yoast-schema-graph\">{\"@context\":\"https:\/\/schema.org\",\"@graph\":[{\"@type\":\"WebPage\",\"@id\":\"https:\/\/idakorea.ee\/product\/pinguldav-kreem-boncept-by-tonymoly-retinol-500iu-cream-50ml\/\",\"url\":\"https:\/\/idakorea.ee\/product\/pinguldav-kreem-boncept-by-tonymoly-retinol-500iu-cream-50ml\/\",\"name\":\"Boncept by TonyMoly Retinol 500IU Cream\",\"isPartOf\":{\"@id\":\"https:\/\/idakorea.ee\/#website\"},\"primaryImageOfPage\":{\"@id\":\"https:\/\/idakorea.ee\/product\/pinguldav-kreem-boncept-by-tonymoly-retinol-500iu-cream-50ml\/#primaryimage\"},\"image\":{\"@id\":\"https:\/\/idakorea.ee\/product\/pinguldav-kreem-boncept-by-tonymoly-retinol-500iu-cream-50ml\/#primaryimage\"},\"thumbnailUrl\":\"https:\/\/idakorea.ee\/wp-content\/uploads\/2024\/12\/boncept-retinol-cream.jpg\",\"datePublished\":\"2024-12-04T13:02:02+00:00\",\"dateModified\":\"2026-01-30T13:31:49+00:00\",\"description\":\"Retinooliga rikastatud kreem aitab parandada naha elastsust, v\u00e4hendada peenikeste joonte ja kortsude n\u00e4htavust ning soodustab siledamat ja pinguldatumat nahka.\",\"breadcrumb\":{\"@id\":\"https:\/\/idakorea.ee\/product\/pinguldav-kreem-boncept-by-tonymoly-retinol-500iu-cream-50ml\/#breadcrumb\"},\"inLanguage\":\"fi\",\"potentialAction\":[{\"@type\":\"ReadAction\",\"target\":[\"https:\/\/idakorea.ee\/product\/pinguldav-kreem-boncept-by-tonymoly-retinol-500iu-cream-50ml\/\"]}]},{\"@type\":\"ImageObject\",\"inLanguage\":\"fi\",\"@id\":\"https:\/\/idakorea.ee\/product\/pinguldav-kreem-boncept-by-tonymoly-retinol-500iu-cream-50ml\/#primaryimage\",\"url\":\"https:\/\/idakorea.ee\/wp-content\/uploads\/2024\/12\/boncept-retinol-cream.jpg\",\"contentUrl\":\"https:\/\/idakorea.ee\/wp-content\/uploads\/2024\/12\/boncept-retinol-cream.jpg\",\"width\":800,\"height\":800},{\"@type\":\"BreadcrumbList\",\"@id\":\"https:\/\/idakorea.ee\/product\/pinguldav-kreem-boncept-by-tonymoly-retinol-500iu-cream-50ml\/#breadcrumb\",\"itemListElement\":[{\"@type\":\"ListItem\",\"position\":1,\"name\":\"\u0413\u043b\u0430\u0432\u043d\u0430\u044f \u0441\u0442\u0440\u0430\u043d\u0438\u0446\u0430\",\"item\":\"https:\/\/idakorea.ee\/\"},{\"@type\":\"ListItem\",\"position\":2,\"name\":\"Shop\",\"item\":\"https:\/\/idakorea.ee\/shop-2\/\"},{\"@type\":\"ListItem\",\"position\":3,\"name\":\"Pinguldav kreem retinooliga Boncept by TonyMoly Retinol 500IU cream, 50ml\"}]},{\"@type\":\"WebSite\",\"@id\":\"https:\/\/idakorea.ee\/#website\",\"url\":\"https:\/\/idakorea.ee\/\",\"name\":\"IDA.KOREA\",\"description\":\"Korea kosmeetika e-pood\",\"publisher\":{\"@id\":\"https:\/\/idakorea.ee\/#organization\"},\"alternateName\":\"Beauty Shop\",\"potentialAction\":[{\"@type\":\"SearchAction\",\"target\":{\"@type\":\"EntryPoint\",\"urlTemplate\":\"https:\/\/idakorea.ee\/?s={search_term_string}\"},\"query-input\":{\"@type\":\"PropertyValueSpecification\",\"valueRequired\":true,\"valueName\":\"search_term_string\"}}],\"inLanguage\":\"fi\"},{\"@type\":\"Organization\",\"@id\":\"https:\/\/idakorea.ee\/#organization\",\"name\":\"IDA.KOREA\",\"url\":\"https:\/\/idakorea.ee\/\",\"logo\":{\"@type\":\"ImageObject\",\"inLanguage\":\"fi\",\"@id\":\"https:\/\/idakorea.ee\/#\/schema\/logo\/image\/\",\"url\":\"https:\/\/idakorea.ee\/wp-content\/uploads\/2024\/05\/cropped-korea3.png\",\"contentUrl\":\"https:\/\/idakorea.ee\/wp-content\/uploads\/2024\/05\/cropped-korea3.png\",\"width\":688,\"height\":126,\"caption\":\"IDA.KOREA\"},\"image\":{\"@id\":\"https:\/\/idakorea.ee\/#\/schema\/logo\/image\/\"},\"sameAs\":[\"https:\/\/www.instagram.com\/ida.korea\/\"]}]}<\/script>\n<!-- \/ Yoast SEO plugin. -->","yoast_head_json":{"title":"Boncept by TonyMoly Retinol 500IU -voide","description":"Retinolia sis\u00e4lt\u00e4v\u00e4 voide auttaa parantamaan ihon kimmoisuutta, v\u00e4hent\u00e4m\u00e4\u00e4n hienojen juonteiden ja ryppyjen n\u00e4kymist\u00e4 sek\u00e4 edist\u00e4m\u00e4\u00e4n sile\u00e4mp\u00e4\u00e4 ja kiinte\u00e4mp\u00e4\u00e4 ihoa.","robots":{"index":"index","follow":"follow","max-snippet":"max-snippet:-1","max-image-preview":"max-image-preview:large","max-video-preview":"max-video-preview:-1"},"canonical":"https:\/\/idakorea.ee\/fi\/product\/pinguldav-kreem-boncept-by-tonymoly-retinol-500iu-cream-50ml\/","og_locale":"fi_FI","og_type":"article","og_title":"Boncept by TonyMoly Retinol 500IU Cream","og_description":"Retinooliga rikastatud kreem aitab parandada naha elastsust, v\u00e4hendada peenikeste joonte ja kortsude n\u00e4htavust ning soodustab siledamat ja pinguldatumat nahka.","og_url":"https:\/\/idakorea.ee\/fi\/product\/pinguldav-kreem-boncept-by-tonymoly-retinol-500iu-cream-50ml\/","og_site_name":"IDA.KOREA","article_modified_time":"2026-01-30T13:31:49+00:00","og_image":[{"width":800,"height":800,"url":"https:\/\/idakorea.ee\/wp-content\/uploads\/2024\/12\/boncept-retinol-cream.jpg","type":"image\/jpeg"}],"twitter_card":"summary_large_image","twitter_misc":{"Arvioitu lukuaika":"1 minuutti"},"schema":{"@context":"https:\/\/schema.org","@graph":[{"@type":"WebPage","@id":"https:\/\/idakorea.ee\/product\/pinguldav-kreem-boncept-by-tonymoly-retinol-500iu-cream-50ml\/","url":"https:\/\/idakorea.ee\/product\/pinguldav-kreem-boncept-by-tonymoly-retinol-500iu-cream-50ml\/","name":"Boncept by TonyMoly Retinol 500IU -voide","isPartOf":{"@id":"https:\/\/idakorea.ee\/#website"},"primaryImageOfPage":{"@id":"https:\/\/idakorea.ee\/product\/pinguldav-kreem-boncept-by-tonymoly-retinol-500iu-cream-50ml\/#primaryimage"},"image":{"@id":"https:\/\/idakorea.ee\/product\/pinguldav-kreem-boncept-by-tonymoly-retinol-500iu-cream-50ml\/#primaryimage"},"thumbnailUrl":"https:\/\/idakorea.ee\/wp-content\/uploads\/2024\/12\/boncept-retinol-cream.jpg","datePublished":"2024-12-04T13:02:02+00:00","dateModified":"2026-01-30T13:31:49+00:00","description":"Retinolia sis\u00e4lt\u00e4v\u00e4 voide auttaa parantamaan ihon kimmoisuutta, v\u00e4hent\u00e4m\u00e4\u00e4n hienojen juonteiden ja ryppyjen n\u00e4kymist\u00e4 sek\u00e4 edist\u00e4m\u00e4\u00e4n sile\u00e4mp\u00e4\u00e4 ja kiinte\u00e4mp\u00e4\u00e4 ihoa.","breadcrumb":{"@id":"https:\/\/idakorea.ee\/product\/pinguldav-kreem-boncept-by-tonymoly-retinol-500iu-cream-50ml\/#breadcrumb"},"inLanguage":"fi","potentialAction":[{"@type":"ReadAction","target":["https:\/\/idakorea.ee\/product\/pinguldav-kreem-boncept-by-tonymoly-retinol-500iu-cream-50ml\/"]}]},{"@type":"ImageObject","inLanguage":"fi","@id":"https:\/\/idakorea.ee\/product\/pinguldav-kreem-boncept-by-tonymoly-retinol-500iu-cream-50ml\/#primaryimage","url":"https:\/\/idakorea.ee\/wp-content\/uploads\/2024\/12\/boncept-retinol-cream.jpg","contentUrl":"https:\/\/idakorea.ee\/wp-content\/uploads\/2024\/12\/boncept-retinol-cream.jpg","width":800,"height":800},{"@type":"BreadcrumbList","@id":"https:\/\/idakorea.ee\/product\/pinguldav-kreem-boncept-by-tonymoly-retinol-500iu-cream-50ml\/#breadcrumb","itemListElement":[{"@type":"ListItem","position":1,"name":"\u0413\u043b\u0430\u0432\u043d\u0430\u044f \u0441\u0442\u0440\u0430\u043d\u0438\u0446\u0430","item":"https:\/\/idakorea.ee\/"},{"@type":"ListItem","position":2,"name":"Shop","item":"https:\/\/idakorea.ee\/shop-2\/"},{"@type":"ListItem","position":3,"name":"Pinguldav kreem retinooliga Boncept by TonyMoly Retinol 500IU cream, 50ml"}]},{"@type":"WebSite","@id":"https:\/\/idakorea.ee\/#website","url":"https:\/\/idakorea.ee\/","name":"IDA.KOREA","description":"Korean kosmetiikan verkkokauppa","publisher":{"@id":"https:\/\/idakorea.ee\/#organization"},"alternateName":"Beauty Shop","potentialAction":[{"@type":"SearchAction","target":{"@type":"EntryPoint","urlTemplate":"https:\/\/idakorea.ee\/?s={search_term_string}"},"query-input":{"@type":"PropertyValueSpecification","valueRequired":true,"valueName":"search_term_string"}}],"inLanguage":"fi"},{"@type":"Organization","@id":"https:\/\/idakorea.ee\/#organization","name":"IDA.KOREA","url":"https:\/\/idakorea.ee\/","logo":{"@type":"ImageObject","inLanguage":"fi","@id":"https:\/\/idakorea.ee\/#\/schema\/logo\/image\/","url":"https:\/\/idakorea.ee\/wp-content\/uploads\/2024\/05\/cropped-korea3.png","contentUrl":"https:\/\/idakorea.ee\/wp-content\/uploads\/2024\/05\/cropped-korea3.png","width":688,"height":126,"caption":"IDA.KOREA"},"image":{"@id":"https:\/\/idakorea.ee\/#\/schema\/logo\/image\/"},"sameAs":["https:\/\/www.instagram.com\/ida.korea\/"]}]}},"jetpack_sharing_enabled":true,"brands":[{"id":696,"name":"BONCEPT BY TONYMOLY","slug":"boncept-by-tonymoly"}],"_links":{"self":[{"href":"https:\/\/idakorea.ee\/fi\/wp-json\/wp\/v2\/product\/11686","targetHints":{"allow":["GET"]}}],"collection":[{"href":"https:\/\/idakorea.ee\/fi\/wp-json\/wp\/v2\/product"}],"about":[{"href":"https:\/\/idakorea.ee\/fi\/wp-json\/wp\/v2\/types\/product"}],"replies":[{"embeddable":true,"href":"https:\/\/idakorea.ee\/fi\/wp-json\/wp\/v2\/comments?post=11686"}],"version-history":[{"count":4,"href":"https:\/\/idakorea.ee\/fi\/wp-json\/wp\/v2\/product\/11686\/revisions"}],"predecessor-version":[{"id":14055,"href":"https:\/\/idakorea.ee\/fi\/wp-json\/wp\/v2\/product\/11686\/revisions\/14055"}],"wp:featuredmedia":[{"embeddable":true,"href":"https:\/\/idakorea.ee\/fi\/wp-json\/wp\/v2\/media\/11687"}],"wp:attachment":[{"href":"https:\/\/idakorea.ee\/fi\/wp-json\/wp\/v2\/media?parent=11686"}],"wp:term":[{"taxonomy":"pwb-brand","embeddable":true,"href":"https:\/\/idakorea.ee\/fi\/wp-json\/wp\/v2\/pwb-brand?post=11686"},{"taxonomy":"product_brand","embeddable":true,"href":"https:\/\/idakorea.ee\/fi\/wp-json\/wp\/v2\/product_brand?post=11686"},{"taxonomy":"product_cat","embeddable":true,"href":"https:\/\/idakorea.ee\/fi\/wp-json\/wp\/v2\/product_cat?post=11686"},{"taxonomy":"product_tag","embeddable":true,"href":"https:\/\/idakorea.ee\/fi\/wp-json\/wp\/v2\/product_tag?post=11686"}],"curies":[{"name":"wp","href":"https:\/\/api.w.org\/{rel}","templated":true}]}}