{"id":11720,"date":"2024-12-10T16:04:32","date_gmt":"2024-12-10T14:04:32","guid":{"rendered":"https:\/\/idakorea.ee\/?post_type=product&#038;p=11720"},"modified":"2026-03-27T09:13:17","modified_gmt":"2026-03-27T07:13:17","slug":"medipeel-red-lacto-pore-lifting-pad","status":"publish","type":"product","link":"https:\/\/idakorea.ee\/fi\/product\/medipeel-red-lacto-pore-lifting-pad\/","title":{"rendered":"Kuorintatyynyt, joissa probiootteja ja kollageenia MediPeel Red Lacto Pore Lifting Pad, 50kpl"},"content":{"rendered":"<p><strong>Kuorintatyynyt suositulta korealaiselta MEDI-PEEL-merkilt\u00e4.<\/strong> on innovatiivinen ihonhoitotuote, jossa yhdistyv\u00e4t hell\u00e4varainen ihonhoito ja tehokas huokosten kiristys.<\/p>\n<p><strong>T\u00e4rkeimm\u00e4t edut:<\/strong><\/p>\n<ul>\n<li><strong>Tehokas huokosten supistuminen<\/strong>: Lakto-fermentill\u00e4 ja tanniinilla rikastettu koostumus kirist\u00e4\u00e4 n\u00e4kyv\u00e4sti ihohuokosia ja parantaa ihon rakennetta.<\/li>\n<li><strong>Hell\u00e4varainen ja mukava puhdistus<\/strong>: Vegaaninen kuvioitu kangas poistaa tehokkaasti lian ja kuolleet ihosolut aiheuttamatta \u00e4rsytyst\u00e4.<\/li>\n<li><strong>Elastisuus ja kiilto<\/strong>: Koostumuksen sis\u00e4lt\u00e4m\u00e4 kollageeni auttaa tekem\u00e4\u00e4n ihosta t\u00e4ytel\u00e4isen ja s\u00e4teilev\u00e4n, mik\u00e4 antaa sille terveen ja raikkaan ulkon\u00e4\u00f6n.<\/li>\n<li><strong>Jokap\u00e4iv\u00e4iseen k\u00e4ytt\u00f6\u00f6n<\/strong>: Soveltuu p\u00e4ivitt\u00e4iseen k\u00e4ytt\u00f6\u00f6n, antaa jatkuvan uudistavan ja miellytt\u00e4v\u00e4n vaikutuksen.<\/li>\n<li><strong>Kliinisesti testattu herk\u00e4ll\u00e4 iholla<\/strong>ei aiheuta \u00e4rsytyst\u00e4.<\/li>\n<li><strong>Vegaanisertifioitu tuote<\/strong>, mik\u00e4 korostaa sen eettist\u00e4 ja luonnollista luonnetta.<\/li>\n<\/ul>\n<p><strong>Aktiiviset ainesosat:<\/strong><\/p>\n<ul>\n<li><strong>Hydrolysoitu hyaluronihappo<\/strong> - syv\u00e4kosteuttaa ja yll\u00e4pit\u00e4\u00e4 ihon kosteustasapainoa. S\u00e4ilytt\u00e4\u00e4 kosteuden soluissa, ehk\u00e4isee kuivumista ja antaa iholle kimmoisuutta.<\/li>\n<li><strong>Viiniryp\u00e4leuute<\/strong> - voimakas antioksidantti, joka suojaa ihoa vapailta radikaaleilta, hidastaa ik\u00e4\u00e4ntymist\u00e4 ja parantaa ihon yleist\u00e4 s\u00e4vy\u00e4.<\/li>\n<li><strong>Vihre\u00e4n teen uute<\/strong> - rauhoittaa ihoa, v\u00e4hent\u00e4\u00e4 \u00e4rsytyst\u00e4 ja tulehdusta, j\u00e4tt\u00e4\u00e4 ihon raikkaan ja samettisen tuntuiseksi.<\/li>\n<li><strong>Peptidit<\/strong> - stimuloivat kollageenin ja elastiinin tuotantoa, auttavat v\u00e4hent\u00e4m\u00e4\u00e4n ryppyj\u00e4 ja palauttamaan ihon kimmoisuuden.<\/li>\n<li><strong>Hydrolysoitu kollageeni<\/strong> - vahvistaa ihon rakennetta, parantaa sen kimmoisuutta ja tekee siit\u00e4 sile\u00e4mm\u00e4n ja s\u00e4teilev\u00e4mm\u00e4n.<\/li>\n<\/ul>\n<p>&nbsp;<\/p>\n<p><strong>K\u00e4ytt\u00f6: <\/strong>Kasvojen pesun j\u00e4lkeen pyyhi iho varovasti kasvopyyhkeell\u00e4 tai k\u00e4yt\u00e4 kasvopyyhett\u00e4 paikallisena naamiona asettamalla se kasvoille 5-10 minuutiksi.<br \/>\n\u00c4l\u00e4 pese pois mit\u00e4\u00e4n j\u00e4\u00e4mi\u00e4 - anna sen imeyty\u00e4 ihoosi kevyin taputtelevin liikkein ja jatka normaalia ihonhoitorutiinia.<\/p>\n<p>&nbsp;<\/p>","protected":false},"excerpt":{"rendered":"<p>Suositun korealaisen MEDI-PEEL-merkin kuorintatyynyt ovat innovatiivinen ihonhoitotuote, jossa yhdistyv\u00e4t hell\u00e4varainen ihonhoito ja tehokas huokosten kirist\u00e4minen. Keskeiset edut. Hell\u00e4varainen ja miellytt\u00e4v\u00e4 puhdistus. Vegaaninen iho puhdistaa ja kuorii hell\u00e4varaisesti, \u00e4rsytt\u00e4m\u00e4tt\u00e4: Formuloitu.<\/p>","protected":false},"featured_media":13637,"comment_status":"open","ping_status":"closed","template":"","meta":{"_uf_show_specific_survey":0,"_uf_disable_surveys":false,"_bst_post_transparent":"default","_bst_post_title":"","_bst_post_layout":"default","_bst_post_sidebar_id":"","_bst_post_content_style":"default","_bst_post_vertical_padding":"default","_bst_post_feature":"","_bst_post_feature_position":"","_bst_post_header":false,"_bst_post_footer":false},"pwb-brand":[107],"product_brand":[],"product_cat":[158],"product_tag":[517,381,737],"class_list":{"0":"post-11720","1":"product","2":"type-product","3":"status-publish","4":"has-post-thumbnail","6":"pwb-brand-medipeel","7":"product_cat-toonik","8":"product_tag-collagen","9":"product_tag-medipeel","10":"product_tag-pad","12":"first","13":"instock","14":"sale","15":"shipping-taxable","16":"purchasable","17":"product-type-simple","18":"entry","19":"content-bg","20":"loop-entry"},"supplier_id":null,"supplier_sku":"","barcode":null,"atum_controlled":true,"out_stock_date":null,"out_stock_threshold":null,"inheritable":false,"inbound_stock":0,"stock_on_hold":0,"sold_today":0,"sales_last_days":1,"out_stock_days":0,"lost_sales":0,"has_location":false,"update_date":"2026-04-14T00:05:12","atum_locations":[],"atum_stock_status":"instock","restock_status":false,"low_stock_amount":"","sales_update_date":"2026-04-14T00:05:12","calc_backorders":null,"yoast_head":"<!-- This site is optimized with the Yoast SEO plugin v27.2 - https:\/\/yoast.com\/product\/yoast-seo-wordpress\/ -->\n<title>Koorimispadjad probiootikumidega ja kollageeniga MediPeel Red Lacto Pore Lifting Pad, 50tk - IDA.KOREA<\/title>\n<meta name=\"description\" content=\"Koorivad padjakesed populaarselt Korea br\u00e4ndilt MEDI-PEEL on innovaatiline hooldustoode, mis \u00fchendab \u00f5rna nahahoolduse ja t\u00f5husa pooride ahendamise.\" \/>\n<meta name=\"robots\" content=\"index, follow, max-snippet:-1, max-image-preview:large, max-video-preview:-1\" \/>\n<link rel=\"canonical\" href=\"https:\/\/idakorea.ee\/fi\/product\/medipeel-red-lacto-pore-lifting-pad\/\" \/>\n<meta property=\"og:locale\" content=\"fi_FI\" \/>\n<meta property=\"og:type\" content=\"article\" \/>\n<meta property=\"og:title\" content=\"Koorimispadjad probiootikumidega ja kollageeniga MediPeel Red Lacto Pore Lifting Pad, 50tk - IDA.KOREA\" \/>\n<meta property=\"og:description\" content=\"Koorivad padjakesed populaarselt Korea br\u00e4ndilt MEDI-PEEL on innovaatiline hooldustoode, mis \u00fchendab \u00f5rna nahahoolduse ja t\u00f5husa pooride ahendamise.\" \/>\n<meta property=\"og:url\" content=\"https:\/\/idakorea.ee\/fi\/product\/medipeel-red-lacto-pore-lifting-pad\/\" \/>\n<meta property=\"og:site_name\" content=\"IDA.KOREA\" \/>\n<meta property=\"article:modified_time\" content=\"2026-03-27T07:13:17+00:00\" \/>\n<meta property=\"og:image\" content=\"https:\/\/idakorea.ee\/wp-content\/uploads\/2024\/12\/medi-peel_lacto_pore_lifting_pad_50pcs.webp\" \/>\n\t<meta property=\"og:image:width\" content=\"1500\" \/>\n\t<meta property=\"og:image:height\" content=\"1500\" \/>\n\t<meta property=\"og:image:type\" content=\"image\/webp\" \/>\n<meta name=\"twitter:card\" content=\"summary_large_image\" \/>\n<meta name=\"twitter:label1\" content=\"Arvioitu lukuaika\" \/>\n\t<meta name=\"twitter:data1\" content=\"2 minuuttia\" \/>\n<script type=\"application\/ld+json\" class=\"yoast-schema-graph\">{\"@context\":\"https:\/\/schema.org\",\"@graph\":[{\"@type\":\"WebPage\",\"@id\":\"https:\/\/idakorea.ee\/product\/medipeel-red-lacto-pore-lifting-pad\/\",\"url\":\"https:\/\/idakorea.ee\/product\/medipeel-red-lacto-pore-lifting-pad\/\",\"name\":\"Koorimispadjad probiootikumidega ja kollageeniga MediPeel Red Lacto Pore Lifting Pad, 50tk - IDA.KOREA\",\"isPartOf\":{\"@id\":\"https:\/\/idakorea.ee\/#website\"},\"primaryImageOfPage\":{\"@id\":\"https:\/\/idakorea.ee\/product\/medipeel-red-lacto-pore-lifting-pad\/#primaryimage\"},\"image\":{\"@id\":\"https:\/\/idakorea.ee\/product\/medipeel-red-lacto-pore-lifting-pad\/#primaryimage\"},\"thumbnailUrl\":\"https:\/\/idakorea.ee\/wp-content\/uploads\/2024\/12\/medi-peel_lacto_pore_lifting_pad_50pcs.webp\",\"datePublished\":\"2024-12-10T14:04:32+00:00\",\"dateModified\":\"2026-03-27T07:13:17+00:00\",\"description\":\"Koorivad padjakesed populaarselt Korea br\u00e4ndilt MEDI-PEEL on innovaatiline hooldustoode, mis \u00fchendab \u00f5rna nahahoolduse ja t\u00f5husa pooride ahendamise.\",\"breadcrumb\":{\"@id\":\"https:\/\/idakorea.ee\/product\/medipeel-red-lacto-pore-lifting-pad\/#breadcrumb\"},\"inLanguage\":\"fi\",\"potentialAction\":[{\"@type\":\"ReadAction\",\"target\":[\"https:\/\/idakorea.ee\/product\/medipeel-red-lacto-pore-lifting-pad\/\"]}]},{\"@type\":\"ImageObject\",\"inLanguage\":\"fi\",\"@id\":\"https:\/\/idakorea.ee\/product\/medipeel-red-lacto-pore-lifting-pad\/#primaryimage\",\"url\":\"https:\/\/idakorea.ee\/wp-content\/uploads\/2024\/12\/medi-peel_lacto_pore_lifting_pad_50pcs.webp\",\"contentUrl\":\"https:\/\/idakorea.ee\/wp-content\/uploads\/2024\/12\/medi-peel_lacto_pore_lifting_pad_50pcs.webp\",\"width\":1500,\"height\":1500},{\"@type\":\"BreadcrumbList\",\"@id\":\"https:\/\/idakorea.ee\/product\/medipeel-red-lacto-pore-lifting-pad\/#breadcrumb\",\"itemListElement\":[{\"@type\":\"ListItem\",\"position\":1,\"name\":\"\u0413\u043b\u0430\u0432\u043d\u0430\u044f \u0441\u0442\u0440\u0430\u043d\u0438\u0446\u0430\",\"item\":\"https:\/\/idakorea.ee\/\"},{\"@type\":\"ListItem\",\"position\":2,\"name\":\"Shop\",\"item\":\"https:\/\/idakorea.ee\/shop-2\/\"},{\"@type\":\"ListItem\",\"position\":3,\"name\":\"Koorimispadjad probiootikumidega ja kollageeniga MediPeel Red Lacto Pore Lifting Pad, 50tk\"}]},{\"@type\":\"WebSite\",\"@id\":\"https:\/\/idakorea.ee\/#website\",\"url\":\"https:\/\/idakorea.ee\/\",\"name\":\"IDA.KOREA\",\"description\":\"Korea kosmeetika e-pood\",\"publisher\":{\"@id\":\"https:\/\/idakorea.ee\/#organization\"},\"alternateName\":\"Beauty Shop\",\"potentialAction\":[{\"@type\":\"SearchAction\",\"target\":{\"@type\":\"EntryPoint\",\"urlTemplate\":\"https:\/\/idakorea.ee\/?s={search_term_string}\"},\"query-input\":{\"@type\":\"PropertyValueSpecification\",\"valueRequired\":true,\"valueName\":\"search_term_string\"}}],\"inLanguage\":\"fi\"},{\"@type\":\"Organization\",\"@id\":\"https:\/\/idakorea.ee\/#organization\",\"name\":\"IDA.KOREA\",\"url\":\"https:\/\/idakorea.ee\/\",\"logo\":{\"@type\":\"ImageObject\",\"inLanguage\":\"fi\",\"@id\":\"https:\/\/idakorea.ee\/#\/schema\/logo\/image\/\",\"url\":\"https:\/\/idakorea.ee\/wp-content\/uploads\/2024\/05\/cropped-korea3.png\",\"contentUrl\":\"https:\/\/idakorea.ee\/wp-content\/uploads\/2024\/05\/cropped-korea3.png\",\"width\":688,\"height\":126,\"caption\":\"IDA.KOREA\"},\"image\":{\"@id\":\"https:\/\/idakorea.ee\/#\/schema\/logo\/image\/\"},\"sameAs\":[\"https:\/\/www.instagram.com\/ida.korea\/\"]}]}<\/script>\n<!-- \/ Yoast SEO plugin. -->","yoast_head_json":{"title":"Kuorintatyynyt probiooteilla ja kollageenilla MediPeel Red Lacto Pore Lifting Pad, 50kpl - IDA.KOREA","description":"Suositun korealaisen MEDI-PEEL-merkin kuorintatyynyt ovat innovatiivinen ihonhoitotuote, jossa yhdistyv\u00e4t hell\u00e4varainen ihonhoito ja tehokas huokosten kirist\u00e4minen.","robots":{"index":"index","follow":"follow","max-snippet":"max-snippet:-1","max-image-preview":"max-image-preview:large","max-video-preview":"max-video-preview:-1"},"canonical":"https:\/\/idakorea.ee\/fi\/product\/medipeel-red-lacto-pore-lifting-pad\/","og_locale":"fi_FI","og_type":"article","og_title":"Koorimispadjad probiootikumidega ja kollageeniga MediPeel Red Lacto Pore Lifting Pad, 50tk - IDA.KOREA","og_description":"Koorivad padjakesed populaarselt Korea br\u00e4ndilt MEDI-PEEL on innovaatiline hooldustoode, mis \u00fchendab \u00f5rna nahahoolduse ja t\u00f5husa pooride ahendamise.","og_url":"https:\/\/idakorea.ee\/fi\/product\/medipeel-red-lacto-pore-lifting-pad\/","og_site_name":"IDA.KOREA","article_modified_time":"2026-03-27T07:13:17+00:00","og_image":[{"width":1500,"height":1500,"url":"https:\/\/idakorea.ee\/wp-content\/uploads\/2024\/12\/medi-peel_lacto_pore_lifting_pad_50pcs.webp","type":"image\/webp"}],"twitter_card":"summary_large_image","twitter_misc":{"Arvioitu lukuaika":"2 minuuttia"},"schema":{"@context":"https:\/\/schema.org","@graph":[{"@type":"WebPage","@id":"https:\/\/idakorea.ee\/product\/medipeel-red-lacto-pore-lifting-pad\/","url":"https:\/\/idakorea.ee\/product\/medipeel-red-lacto-pore-lifting-pad\/","name":"Kuorintatyynyt probiooteilla ja kollageenilla MediPeel Red Lacto Pore Lifting Pad, 50kpl - IDA.KOREA","isPartOf":{"@id":"https:\/\/idakorea.ee\/#website"},"primaryImageOfPage":{"@id":"https:\/\/idakorea.ee\/product\/medipeel-red-lacto-pore-lifting-pad\/#primaryimage"},"image":{"@id":"https:\/\/idakorea.ee\/product\/medipeel-red-lacto-pore-lifting-pad\/#primaryimage"},"thumbnailUrl":"https:\/\/idakorea.ee\/wp-content\/uploads\/2024\/12\/medi-peel_lacto_pore_lifting_pad_50pcs.webp","datePublished":"2024-12-10T14:04:32+00:00","dateModified":"2026-03-27T07:13:17+00:00","description":"Suositun korealaisen MEDI-PEEL-merkin kuorintatyynyt ovat innovatiivinen ihonhoitotuote, jossa yhdistyv\u00e4t hell\u00e4varainen ihonhoito ja tehokas huokosten kirist\u00e4minen.","breadcrumb":{"@id":"https:\/\/idakorea.ee\/product\/medipeel-red-lacto-pore-lifting-pad\/#breadcrumb"},"inLanguage":"fi","potentialAction":[{"@type":"ReadAction","target":["https:\/\/idakorea.ee\/product\/medipeel-red-lacto-pore-lifting-pad\/"]}]},{"@type":"ImageObject","inLanguage":"fi","@id":"https:\/\/idakorea.ee\/product\/medipeel-red-lacto-pore-lifting-pad\/#primaryimage","url":"https:\/\/idakorea.ee\/wp-content\/uploads\/2024\/12\/medi-peel_lacto_pore_lifting_pad_50pcs.webp","contentUrl":"https:\/\/idakorea.ee\/wp-content\/uploads\/2024\/12\/medi-peel_lacto_pore_lifting_pad_50pcs.webp","width":1500,"height":1500},{"@type":"BreadcrumbList","@id":"https:\/\/idakorea.ee\/product\/medipeel-red-lacto-pore-lifting-pad\/#breadcrumb","itemListElement":[{"@type":"ListItem","position":1,"name":"\u0413\u043b\u0430\u0432\u043d\u0430\u044f \u0441\u0442\u0440\u0430\u043d\u0438\u0446\u0430","item":"https:\/\/idakorea.ee\/"},{"@type":"ListItem","position":2,"name":"Shop","item":"https:\/\/idakorea.ee\/shop-2\/"},{"@type":"ListItem","position":3,"name":"Koorimispadjad probiootikumidega ja kollageeniga MediPeel Red Lacto Pore Lifting Pad, 50tk"}]},{"@type":"WebSite","@id":"https:\/\/idakorea.ee\/#website","url":"https:\/\/idakorea.ee\/","name":"IDA.KOREA","description":"Korean kosmetiikan verkkokauppa","publisher":{"@id":"https:\/\/idakorea.ee\/#organization"},"alternateName":"Beauty Shop","potentialAction":[{"@type":"SearchAction","target":{"@type":"EntryPoint","urlTemplate":"https:\/\/idakorea.ee\/?s={search_term_string}"},"query-input":{"@type":"PropertyValueSpecification","valueRequired":true,"valueName":"search_term_string"}}],"inLanguage":"fi"},{"@type":"Organization","@id":"https:\/\/idakorea.ee\/#organization","name":"IDA.KOREA","url":"https:\/\/idakorea.ee\/","logo":{"@type":"ImageObject","inLanguage":"fi","@id":"https:\/\/idakorea.ee\/#\/schema\/logo\/image\/","url":"https:\/\/idakorea.ee\/wp-content\/uploads\/2024\/05\/cropped-korea3.png","contentUrl":"https:\/\/idakorea.ee\/wp-content\/uploads\/2024\/05\/cropped-korea3.png","width":688,"height":126,"caption":"IDA.KOREA"},"image":{"@id":"https:\/\/idakorea.ee\/#\/schema\/logo\/image\/"},"sameAs":["https:\/\/www.instagram.com\/ida.korea\/"]}]}},"jetpack_sharing_enabled":true,"brands":[{"id":107,"name":"MEDIPEEL+","slug":"medipeel"}],"_links":{"self":[{"href":"https:\/\/idakorea.ee\/fi\/wp-json\/wp\/v2\/product\/11720","targetHints":{"allow":["GET"]}}],"collection":[{"href":"https:\/\/idakorea.ee\/fi\/wp-json\/wp\/v2\/product"}],"about":[{"href":"https:\/\/idakorea.ee\/fi\/wp-json\/wp\/v2\/types\/product"}],"replies":[{"embeddable":true,"href":"https:\/\/idakorea.ee\/fi\/wp-json\/wp\/v2\/comments?post=11720"}],"version-history":[{"count":3,"href":"https:\/\/idakorea.ee\/fi\/wp-json\/wp\/v2\/product\/11720\/revisions"}],"predecessor-version":[{"id":16696,"href":"https:\/\/idakorea.ee\/fi\/wp-json\/wp\/v2\/product\/11720\/revisions\/16696"}],"wp:featuredmedia":[{"embeddable":true,"href":"https:\/\/idakorea.ee\/fi\/wp-json\/wp\/v2\/media\/13637"}],"wp:attachment":[{"href":"https:\/\/idakorea.ee\/fi\/wp-json\/wp\/v2\/media?parent=11720"}],"wp:term":[{"taxonomy":"pwb-brand","embeddable":true,"href":"https:\/\/idakorea.ee\/fi\/wp-json\/wp\/v2\/pwb-brand?post=11720"},{"taxonomy":"product_brand","embeddable":true,"href":"https:\/\/idakorea.ee\/fi\/wp-json\/wp\/v2\/product_brand?post=11720"},{"taxonomy":"product_cat","embeddable":true,"href":"https:\/\/idakorea.ee\/fi\/wp-json\/wp\/v2\/product_cat?post=11720"},{"taxonomy":"product_tag","embeddable":true,"href":"https:\/\/idakorea.ee\/fi\/wp-json\/wp\/v2\/product_tag?post=11720"}],"curies":[{"name":"wp","href":"https:\/\/api.w.org\/{rel}","templated":true}]}}