{"id":11731,"date":"2024-12-11T11:51:30","date_gmt":"2024-12-11T09:51:30","guid":{"rendered":"https:\/\/idakorea.ee\/?post_type=product&#038;p=11731"},"modified":"2026-01-30T15:31:03","modified_gmt":"2026-01-30T13:31:03","slug":"vitamiini-kilemask-medipeel-vegan-vitamin-collagen-wrapping-mask-4ml","status":"publish","type":"product","link":"https:\/\/idakorea.ee\/fi\/product\/vitamiini-kilemask-medipeel-vegan-vitamin-collagen-wrapping-mask-4ml\/","title":{"rendered":"Medipeel Vegaaninen vitamiinikollageenipakkausnaamio Medipeel Vegaaninen vitamiinikollageenipakkausnaamio, 4ml"},"content":{"rendered":"<p><strong>Vitamiinik\u00e4\u00e4re naamio MEDIPEEL Vegaaninen vitamiini-kollageenik\u00e4\u00e4re naamio<\/strong> on tuote, joka tarjoaa lis\u00e4hoitoa kaikille ihotyypeille. Punalev\u00e4st\u00e4 per\u00e4isin olevan ainesosan ansiosta naamio pehmenee ja kovettuu iholla. Kasvojen muotoja my\u00f6t\u00e4ilev\u00e4 kerros mahdollistaa aktiiviaineiden paremman imeytymisen ja sill\u00e4 on my\u00f6s kohottava vaikutus.<\/p>\n<p>Tuote kosteuttaa ihoa, t\u00e4ytt\u00e4\u00e4 epidermiksen solut vitamiinikompleksilla, edist\u00e4\u00e4 hyperpigmentaation, aknearpien ja piilevien l\u00e4iskien asteittaista vaalenemista. Tasoittaa ihon s\u00e4vy\u00e4, poistaa samean ja harmahtavan ihon ja antaa luonnollisen hehkun.<\/p>\n<p><strong>T\u00e4rkeimm\u00e4t vaikuttavat aineet:<\/strong><\/p>\n<ul>\n<li><strong>Tyrnihydrolaatti (605 800 ppm):<\/strong> C-vitamiinilla rikastettu. Kirkastaa ja tasoittaa ihon s\u00e4vy\u00e4 kevyesti, v\u00e4hent\u00e4\u00e4 tulehdusta, ehk\u00e4isee kuivuutta ja hilseily\u00e4. Vahvistaa epidermiksen lipidisuojaa ja suojaa vapaiden radikaalien haitallisilta vaikutuksilta.<\/li>\n<li><strong>B3-vitamiini (niasiiniamidi, 20 000 ppm):<\/strong> Hidastaa melaniinin kulkeutumista ihoon, ehk\u00e4isee pigmenttil\u00e4iskien muodostumista, v\u00e4hent\u00e4\u00e4 herkkyytt\u00e4 ulkoisille \u00e4rsykkeille, tasoittaa ihon s\u00e4vy\u00e4, edist\u00e4\u00e4 kollageenin tuotantoa ja parantaa ihon kimmoisuutta.<\/li>\n<li><strong>B5-vitamiini (pantenoli, 7 500 ppm):<\/strong> Lievitt\u00e4\u00e4 punoitusta ja kutinaa, optimoi ihon suojamuuria, v\u00e4hent\u00e4\u00e4 ihon l\u00e4pi tapahtuvaa kosteuden menetyst\u00e4 ja edist\u00e4\u00e4 vaurioituneiden kudosten uudistumista.<\/li>\n<li><strong>C-vitamiini (askorbiinihappo):<\/strong> Ep\u00e4stabiilissa muodossaan sill\u00e4 on antioksidanttinen vaikutus, se suojaa soluja vapailta radikaaleilta, hidastaa ik\u00e4\u00e4ntymisprosessia, est\u00e4\u00e4 pigmentaatiota ja tasoittaa s\u00e4vy\u00e4 antaen luonnollisen hehkun.<\/li>\n<li><strong>AHA-hapot (mantelihappo, maitohappo):<\/strong> Kuorii kuolleita ihosoluja, stimuloi epidermiksen uusiutumista ja vaalentaa pigmenttimuutoksia. Maitohappo on osa ihon luonnollista kosteustekij\u00e4\u00e4 (NMF) ja osallistuu keramidien synteesiin.<\/li>\n<li><strong>PHA-hapot (glukonolaktoni):<\/strong> Ne poistavat hell\u00e4varaisesti kuolleita ihosoluja, tasoittavat ihon s\u00e4vy\u00e4 ja vaalentavat pigmenttimuutoksia. PHA-hapoilla on suurempia molekyylej\u00e4 kuin AHA-hapoilla, joten ne sopivat herk\u00e4lle iholle.<\/li>\n<li><strong>Feruliinihappo:<\/strong> Vaalentaa aknearpia ja ik\u00e4l\u00e4iski\u00e4, silottaa ryppyj\u00e4, parantaa ihon kimmoisuutta ja kiinteytt\u00e4, stimuloi uudistumista, hidastaa ik\u00e4\u00e4ntymist\u00e4 ja v\u00e4hent\u00e4\u00e4 punoitusta.<\/li>\n<\/ul>\n<p>&nbsp;<\/p>\n<p>Sopii kaikille ihotyypeille.<\/p>\n<p>&nbsp;<\/p>\n<p><strong>K\u00e4ytt\u00f6opas:<\/strong><br \/>\nPuhdistuksen, kasvoveden ja kosteutuksen j\u00e4lkeen levit\u00e4 ohut kerros naamiota kasvoille. Levit\u00e4 tasaisesti k\u00e4sin tai siveltimell\u00e4 v\u00e4ltt\u00e4en silm\u00e4nymp\u00e4rysihoa ja huulia. 20\u201330 minuutin kuluttua, kun naamio on kovettunut, poista se vet\u00e4m\u00e4ll\u00e4 sit\u00e4 varovasti. Suositellaan k\u00e4ytett\u00e4v\u00e4ksi 2\u20133 kertaa viikossa.<\/p>","protected":false},"excerpt":{"rendered":"<p>MEDIPEEL Vegan Vitamin Collagen Wrapping Mask on ihonhoitotuote kaikille ihotyypeille. Punaisesta merilev\u00e4st\u00e4 per\u00e4isin olevan ainesosan ansiosta naamio pehment\u00e4\u00e4 ja kovettuu iholla. Kasvojen \u00e4\u00e4riviivoja my\u00f6t\u00e4ilev\u00e4n p\u00e4\u00e4llysteen ansiosta aktiiviset ainesosat imeytyv\u00e4t paremmin, mink\u00e4 lis\u00e4ksi naamio saa aikaan kohottavan vaikutuksen. Tuote kosteuttaa ihoa, t\u00e4ydent\u00e4\u00e4 epidermissoluja vitamiinikompleksilla, edist\u00e4\u00e4 hyperpigmentaation, aknearvet ja itsep\u00e4iset l\u00e4isk\u00e4t v\u00e4hitellen vaalentuvat. Kirkastaa ik\u00e4pilkkujen ulkon\u00e4k\u00f6\u00e4, parantaa...<\/p>","protected":false},"featured_media":11737,"comment_status":"open","ping_status":"closed","template":"","meta":{"_uf_show_specific_survey":0,"_uf_disable_surveys":false,"_bst_post_transparent":"default","_bst_post_title":"","_bst_post_layout":"default","_bst_post_sidebar_id":"","_bst_post_content_style":"default","_bst_post_vertical_padding":"default","_bst_post_feature":"","_bst_post_feature_position":"","_bst_post_header":false,"_bst_post_footer":false},"pwb-brand":[107],"product_brand":[],"product_cat":[92,98],"product_tag":[381,739,740,738],"class_list":{"0":"post-11731","1":"product","2":"type-product","3":"status-publish","4":"has-post-thumbnail","6":"pwb-brand-medipeel","7":"product_cat-nagu","8":"product_cat-naomaskid","9":"product_tag-medipeel","10":"product_tag-vegan","11":"product_tag-vitamin","12":"product_tag-wrapping-mask","14":"first","15":"instock","16":"sale","17":"shipping-taxable","18":"purchasable","19":"product-type-simple","20":"entry","21":"content-bg","22":"loop-entry"},"supplier_id":null,"supplier_sku":"","barcode":null,"atum_controlled":true,"out_stock_date":null,"out_stock_threshold":null,"inheritable":false,"inbound_stock":0,"stock_on_hold":0,"sold_today":0,"sales_last_days":0,"out_stock_days":0,"lost_sales":0,"has_location":false,"update_date":"2026-04-14T00:05:04","atum_locations":[],"atum_stock_status":"instock","restock_status":false,"low_stock_amount":"","sales_update_date":"2026-04-14T00:05:04","calc_backorders":null,"yoast_head":"<!-- This site is optimized with the Yoast SEO plugin v27.2 - https:\/\/yoast.com\/product\/yoast-seo-wordpress\/ -->\n<title>Vitamiini kilemask Medipeel Vegan Vitamin Collagen Wrapping Mask, 4ml - IDA.KOREA<\/title>\n<meta name=\"robots\" content=\"index, follow, max-snippet:-1, max-image-preview:large, max-video-preview:-1\" \/>\n<link rel=\"canonical\" href=\"https:\/\/idakorea.ee\/fi\/product\/vitamiini-kilemask-medipeel-vegan-vitamin-collagen-wrapping-mask-4ml\/\" \/>\n<meta property=\"og:locale\" content=\"fi_FI\" \/>\n<meta property=\"og:type\" content=\"article\" \/>\n<meta property=\"og:title\" content=\"Vitamiini kilemask Medipeel Vegan Vitamin Collagen Wrapping Mask, 4ml - IDA.KOREA\" \/>\n<meta property=\"og:description\" content=\"Vitamiini kilemask MEDIPEEL Vegan Vitamin Collagen Wrapping Mask on lisahooldust pakkuv vahend k\u00f5igile nahat\u00fc\u00fcpidele. T\u00e4nu punastest merevetikatest saadud koostisosale mask plastifitseerub ja k\u00f5vastub nahal. N\u00e4o kontuure j\u00e4rgiva katte abil imenduvad aktiivsed komponendid paremini ja lisaks on t\u00f5stefekt. Toode niisutab nahka, t\u00e4idab epidermise rakud vitamiinikompleksiga, soodustab h\u00fcperpigmentatsiooni, aknearmide ja seisvate laikude j\u00e4rkj\u00e4rgulist helendamist. \u00dchtlustab nahatooni, k\u00f5rvaldab...\" \/>\n<meta property=\"og:url\" content=\"https:\/\/idakorea.ee\/fi\/product\/vitamiini-kilemask-medipeel-vegan-vitamin-collagen-wrapping-mask-4ml\/\" \/>\n<meta property=\"og:site_name\" content=\"IDA.KOREA\" \/>\n<meta property=\"article:modified_time\" content=\"2026-01-30T13:31:03+00:00\" \/>\n<meta property=\"og:image\" content=\"https:\/\/idakorea.ee\/wp-content\/uploads\/2024\/12\/medi-wrapping-vita.jpg\" \/>\n\t<meta property=\"og:image:width\" content=\"641\" \/>\n\t<meta property=\"og:image:height\" content=\"641\" \/>\n\t<meta property=\"og:image:type\" content=\"image\/jpeg\" \/>\n<meta name=\"twitter:card\" content=\"summary_large_image\" \/>\n<meta name=\"twitter:label1\" content=\"Arvioitu lukuaika\" \/>\n\t<meta name=\"twitter:data1\" content=\"2 minuuttia\" \/>\n<script type=\"application\/ld+json\" class=\"yoast-schema-graph\">{\"@context\":\"https:\/\/schema.org\",\"@graph\":[{\"@type\":\"WebPage\",\"@id\":\"https:\/\/idakorea.ee\/product\/vitamiini-kilemask-medipeel-vegan-vitamin-collagen-wrapping-mask-4ml\/\",\"url\":\"https:\/\/idakorea.ee\/product\/vitamiini-kilemask-medipeel-vegan-vitamin-collagen-wrapping-mask-4ml\/\",\"name\":\"Vitamiini kilemask Medipeel Vegan Vitamin Collagen Wrapping Mask, 4ml - IDA.KOREA\",\"isPartOf\":{\"@id\":\"https:\/\/idakorea.ee\/#website\"},\"primaryImageOfPage\":{\"@id\":\"https:\/\/idakorea.ee\/product\/vitamiini-kilemask-medipeel-vegan-vitamin-collagen-wrapping-mask-4ml\/#primaryimage\"},\"image\":{\"@id\":\"https:\/\/idakorea.ee\/product\/vitamiini-kilemask-medipeel-vegan-vitamin-collagen-wrapping-mask-4ml\/#primaryimage\"},\"thumbnailUrl\":\"https:\/\/idakorea.ee\/wp-content\/uploads\/2024\/12\/medi-wrapping-vita.jpg\",\"datePublished\":\"2024-12-11T09:51:30+00:00\",\"dateModified\":\"2026-01-30T13:31:03+00:00\",\"breadcrumb\":{\"@id\":\"https:\/\/idakorea.ee\/product\/vitamiini-kilemask-medipeel-vegan-vitamin-collagen-wrapping-mask-4ml\/#breadcrumb\"},\"inLanguage\":\"fi\",\"potentialAction\":[{\"@type\":\"ReadAction\",\"target\":[\"https:\/\/idakorea.ee\/product\/vitamiini-kilemask-medipeel-vegan-vitamin-collagen-wrapping-mask-4ml\/\"]}]},{\"@type\":\"ImageObject\",\"inLanguage\":\"fi\",\"@id\":\"https:\/\/idakorea.ee\/product\/vitamiini-kilemask-medipeel-vegan-vitamin-collagen-wrapping-mask-4ml\/#primaryimage\",\"url\":\"https:\/\/idakorea.ee\/wp-content\/uploads\/2024\/12\/medi-wrapping-vita.jpg\",\"contentUrl\":\"https:\/\/idakorea.ee\/wp-content\/uploads\/2024\/12\/medi-wrapping-vita.jpg\",\"width\":641,\"height\":641},{\"@type\":\"BreadcrumbList\",\"@id\":\"https:\/\/idakorea.ee\/product\/vitamiini-kilemask-medipeel-vegan-vitamin-collagen-wrapping-mask-4ml\/#breadcrumb\",\"itemListElement\":[{\"@type\":\"ListItem\",\"position\":1,\"name\":\"\u0413\u043b\u0430\u0432\u043d\u0430\u044f \u0441\u0442\u0440\u0430\u043d\u0438\u0446\u0430\",\"item\":\"https:\/\/idakorea.ee\/\"},{\"@type\":\"ListItem\",\"position\":2,\"name\":\"Shop\",\"item\":\"https:\/\/idakorea.ee\/shop-2\/\"},{\"@type\":\"ListItem\",\"position\":3,\"name\":\"Vitamiini kilemask Medipeel Vegan Vitamin Collagen Wrapping Mask, 4ml\"}]},{\"@type\":\"WebSite\",\"@id\":\"https:\/\/idakorea.ee\/#website\",\"url\":\"https:\/\/idakorea.ee\/\",\"name\":\"IDA.KOREA\",\"description\":\"Korea kosmeetika e-pood\",\"publisher\":{\"@id\":\"https:\/\/idakorea.ee\/#organization\"},\"alternateName\":\"Beauty Shop\",\"potentialAction\":[{\"@type\":\"SearchAction\",\"target\":{\"@type\":\"EntryPoint\",\"urlTemplate\":\"https:\/\/idakorea.ee\/?s={search_term_string}\"},\"query-input\":{\"@type\":\"PropertyValueSpecification\",\"valueRequired\":true,\"valueName\":\"search_term_string\"}}],\"inLanguage\":\"fi\"},{\"@type\":\"Organization\",\"@id\":\"https:\/\/idakorea.ee\/#organization\",\"name\":\"IDA.KOREA\",\"url\":\"https:\/\/idakorea.ee\/\",\"logo\":{\"@type\":\"ImageObject\",\"inLanguage\":\"fi\",\"@id\":\"https:\/\/idakorea.ee\/#\/schema\/logo\/image\/\",\"url\":\"https:\/\/idakorea.ee\/wp-content\/uploads\/2024\/05\/cropped-korea3.png\",\"contentUrl\":\"https:\/\/idakorea.ee\/wp-content\/uploads\/2024\/05\/cropped-korea3.png\",\"width\":688,\"height\":126,\"caption\":\"IDA.KOREA\"},\"image\":{\"@id\":\"https:\/\/idakorea.ee\/#\/schema\/logo\/image\/\"},\"sameAs\":[\"https:\/\/www.instagram.com\/ida.korea\/\"]}]}<\/script>\n<!-- \/ Yoast SEO plugin. -->","yoast_head_json":{"title":"Vitamiinikalvonaamio Medipeel Vegan Vitamin Collagen Wrapping Mask, 4ml - IDA.KOREA","robots":{"index":"index","follow":"follow","max-snippet":"max-snippet:-1","max-image-preview":"max-image-preview:large","max-video-preview":"max-video-preview:-1"},"canonical":"https:\/\/idakorea.ee\/fi\/product\/vitamiini-kilemask-medipeel-vegan-vitamin-collagen-wrapping-mask-4ml\/","og_locale":"fi_FI","og_type":"article","og_title":"Vitamiini kilemask Medipeel Vegan Vitamin Collagen Wrapping Mask, 4ml - IDA.KOREA","og_description":"Vitamiini kilemask MEDIPEEL Vegan Vitamin Collagen Wrapping Mask on lisahooldust pakkuv vahend k\u00f5igile nahat\u00fc\u00fcpidele. T\u00e4nu punastest merevetikatest saadud koostisosale mask plastifitseerub ja k\u00f5vastub nahal. N\u00e4o kontuure j\u00e4rgiva katte abil imenduvad aktiivsed komponendid paremini ja lisaks on t\u00f5stefekt. Toode niisutab nahka, t\u00e4idab epidermise rakud vitamiinikompleksiga, soodustab h\u00fcperpigmentatsiooni, aknearmide ja seisvate laikude j\u00e4rkj\u00e4rgulist helendamist. \u00dchtlustab nahatooni, k\u00f5rvaldab...","og_url":"https:\/\/idakorea.ee\/fi\/product\/vitamiini-kilemask-medipeel-vegan-vitamin-collagen-wrapping-mask-4ml\/","og_site_name":"IDA.KOREA","article_modified_time":"2026-01-30T13:31:03+00:00","og_image":[{"width":641,"height":641,"url":"https:\/\/idakorea.ee\/wp-content\/uploads\/2024\/12\/medi-wrapping-vita.jpg","type":"image\/jpeg"}],"twitter_card":"summary_large_image","twitter_misc":{"Arvioitu lukuaika":"2 minuuttia"},"schema":{"@context":"https:\/\/schema.org","@graph":[{"@type":"WebPage","@id":"https:\/\/idakorea.ee\/product\/vitamiini-kilemask-medipeel-vegan-vitamin-collagen-wrapping-mask-4ml\/","url":"https:\/\/idakorea.ee\/product\/vitamiini-kilemask-medipeel-vegan-vitamin-collagen-wrapping-mask-4ml\/","name":"Vitamiinikalvonaamio Medipeel Vegan Vitamin Collagen Wrapping Mask, 4ml - IDA.KOREA","isPartOf":{"@id":"https:\/\/idakorea.ee\/#website"},"primaryImageOfPage":{"@id":"https:\/\/idakorea.ee\/product\/vitamiini-kilemask-medipeel-vegan-vitamin-collagen-wrapping-mask-4ml\/#primaryimage"},"image":{"@id":"https:\/\/idakorea.ee\/product\/vitamiini-kilemask-medipeel-vegan-vitamin-collagen-wrapping-mask-4ml\/#primaryimage"},"thumbnailUrl":"https:\/\/idakorea.ee\/wp-content\/uploads\/2024\/12\/medi-wrapping-vita.jpg","datePublished":"2024-12-11T09:51:30+00:00","dateModified":"2026-01-30T13:31:03+00:00","breadcrumb":{"@id":"https:\/\/idakorea.ee\/product\/vitamiini-kilemask-medipeel-vegan-vitamin-collagen-wrapping-mask-4ml\/#breadcrumb"},"inLanguage":"fi","potentialAction":[{"@type":"ReadAction","target":["https:\/\/idakorea.ee\/product\/vitamiini-kilemask-medipeel-vegan-vitamin-collagen-wrapping-mask-4ml\/"]}]},{"@type":"ImageObject","inLanguage":"fi","@id":"https:\/\/idakorea.ee\/product\/vitamiini-kilemask-medipeel-vegan-vitamin-collagen-wrapping-mask-4ml\/#primaryimage","url":"https:\/\/idakorea.ee\/wp-content\/uploads\/2024\/12\/medi-wrapping-vita.jpg","contentUrl":"https:\/\/idakorea.ee\/wp-content\/uploads\/2024\/12\/medi-wrapping-vita.jpg","width":641,"height":641},{"@type":"BreadcrumbList","@id":"https:\/\/idakorea.ee\/product\/vitamiini-kilemask-medipeel-vegan-vitamin-collagen-wrapping-mask-4ml\/#breadcrumb","itemListElement":[{"@type":"ListItem","position":1,"name":"\u0413\u043b\u0430\u0432\u043d\u0430\u044f \u0441\u0442\u0440\u0430\u043d\u0438\u0446\u0430","item":"https:\/\/idakorea.ee\/"},{"@type":"ListItem","position":2,"name":"Shop","item":"https:\/\/idakorea.ee\/shop-2\/"},{"@type":"ListItem","position":3,"name":"Vitamiini kilemask Medipeel Vegan Vitamin Collagen Wrapping Mask, 4ml"}]},{"@type":"WebSite","@id":"https:\/\/idakorea.ee\/#website","url":"https:\/\/idakorea.ee\/","name":"IDA.KOREA","description":"Korean kosmetiikan verkkokauppa","publisher":{"@id":"https:\/\/idakorea.ee\/#organization"},"alternateName":"Beauty Shop","potentialAction":[{"@type":"SearchAction","target":{"@type":"EntryPoint","urlTemplate":"https:\/\/idakorea.ee\/?s={search_term_string}"},"query-input":{"@type":"PropertyValueSpecification","valueRequired":true,"valueName":"search_term_string"}}],"inLanguage":"fi"},{"@type":"Organization","@id":"https:\/\/idakorea.ee\/#organization","name":"IDA.KOREA","url":"https:\/\/idakorea.ee\/","logo":{"@type":"ImageObject","inLanguage":"fi","@id":"https:\/\/idakorea.ee\/#\/schema\/logo\/image\/","url":"https:\/\/idakorea.ee\/wp-content\/uploads\/2024\/05\/cropped-korea3.png","contentUrl":"https:\/\/idakorea.ee\/wp-content\/uploads\/2024\/05\/cropped-korea3.png","width":688,"height":126,"caption":"IDA.KOREA"},"image":{"@id":"https:\/\/idakorea.ee\/#\/schema\/logo\/image\/"},"sameAs":["https:\/\/www.instagram.com\/ida.korea\/"]}]}},"jetpack_sharing_enabled":true,"brands":[{"id":107,"name":"MEDIPEEL+","slug":"medipeel"}],"_links":{"self":[{"href":"https:\/\/idakorea.ee\/fi\/wp-json\/wp\/v2\/product\/11731","targetHints":{"allow":["GET"]}}],"collection":[{"href":"https:\/\/idakorea.ee\/fi\/wp-json\/wp\/v2\/product"}],"about":[{"href":"https:\/\/idakorea.ee\/fi\/wp-json\/wp\/v2\/types\/product"}],"replies":[{"embeddable":true,"href":"https:\/\/idakorea.ee\/fi\/wp-json\/wp\/v2\/comments?post=11731"}],"version-history":[{"count":1,"href":"https:\/\/idakorea.ee\/fi\/wp-json\/wp\/v2\/product\/11731\/revisions"}],"predecessor-version":[{"id":11736,"href":"https:\/\/idakorea.ee\/fi\/wp-json\/wp\/v2\/product\/11731\/revisions\/11736"}],"wp:featuredmedia":[{"embeddable":true,"href":"https:\/\/idakorea.ee\/fi\/wp-json\/wp\/v2\/media\/11737"}],"wp:attachment":[{"href":"https:\/\/idakorea.ee\/fi\/wp-json\/wp\/v2\/media?parent=11731"}],"wp:term":[{"taxonomy":"pwb-brand","embeddable":true,"href":"https:\/\/idakorea.ee\/fi\/wp-json\/wp\/v2\/pwb-brand?post=11731"},{"taxonomy":"product_brand","embeddable":true,"href":"https:\/\/idakorea.ee\/fi\/wp-json\/wp\/v2\/product_brand?post=11731"},{"taxonomy":"product_cat","embeddable":true,"href":"https:\/\/idakorea.ee\/fi\/wp-json\/wp\/v2\/product_cat?post=11731"},{"taxonomy":"product_tag","embeddable":true,"href":"https:\/\/idakorea.ee\/fi\/wp-json\/wp\/v2\/product_tag?post=11731"}],"curies":[{"name":"wp","href":"https:\/\/api.w.org\/{rel}","templated":true}]}}