{"id":11763,"date":"2024-12-12T17:46:45","date_gmt":"2024-12-12T15:46:45","guid":{"rendered":"https:\/\/idakorea.ee\/?post_type=product&#038;p=11763"},"modified":"2026-03-13T18:49:10","modified_gmt":"2026-03-13T16:49:10","slug":"minikomplekt-medipeel-peptide-9-volume-bio-tox-trial-kit","status":"publish","type":"product","link":"https:\/\/idakorea.ee\/fi\/product\/minikomplekt-medipeel-peptide-9-volume-bio-tox-trial-kit\/","title":{"rendered":"Mini Kit Medipeel Peptide 9 Volume Bio Tox Trial Kit -kokeilupakkaus"},"content":{"rendered":"<p><strong>MEDIPEEL Peptide 9 Volume Bio Tox -kokeilupakkaus <\/strong>Lifting Mini Set sis\u00e4lt\u00e4\u00e4 nelj\u00e4 suositun tuotesarjan tuotetta, jotka ravitsevat, silottavat ja palauttavat ihoa sek\u00e4 ehk\u00e4isev\u00e4t ik\u00e4\u00e4ntymisen merkkej\u00e4.<\/p>\n<p>Setti sis\u00e4lt\u00e4\u00e4 kasvoveden, ampullin, silm\u00e4nymp\u00e4rysvoiteen ja silm\u00e4nymp\u00e4rysvoiteen, jotka hidastavat ik\u00e4\u00e4ntymisprosessia, v\u00e4hent\u00e4v\u00e4t ryppyjen syvyytt\u00e4, kiinteytt\u00e4v\u00e4t ihoa ja lis\u00e4\u00e4v\u00e4t sen kimmoisuutta. T\u00e4m\u00e4n setin avulla voit kokeilla sarjan keskeisi\u00e4 tuotteita ja se on loistava lahja Medi-Peel-faneille. Kompaktin kokonsa ansiosta ne on k\u00e4tev\u00e4 ottaa mukaan matkoille.<\/p>\n<p><strong>Pakkaukseen sis\u00e4ltyv\u00e4t tuotteet:<\/strong><\/p>\n<ul>\n<li><strong>Kasvovett\u00e4 tehostava Peptide 9 Volume Bio Tox Toner Pro (30 ml):<\/strong> Poistaa kuivuutta ja hilseily\u00e4, palauttaa ihon puhdistuksen j\u00e4lkeen ja normalisoi pH-tasapainon. Parantaa seuraavien hoitotuotteiden aktiiviaineiden imeytymist\u00e4. Kasvovedell\u00e4 on tiivis koostumus.<\/li>\n<li><strong>Ampulli Peptide 9 Volume Bio Tox Ampoule Pro (10 ml):<\/strong> V\u00e4hent\u00e4\u00e4 ryppyjen syvyytt\u00e4, stimuloi ihon uudistumista, edist\u00e4\u00e4 kollageenin ja hyaluronihapon tuotantoa, tasoittaa ihon s\u00e4vy\u00e4 ja pehment\u00e4\u00e4 ihon pintaa. Vahvistaa ihon s\u00e4vy\u00e4 ja parantaa ik\u00e4\u00e4ntyv\u00e4n ihon kuntoa.<\/li>\n<li><strong>Peptide 9 Volume Lift-Tox -silm\u00e4nymp\u00e4rysvoide (4 ml):<\/strong> Kiinteytt\u00e4\u00e4 ja silottaa silm\u00e4nymp\u00e4rysihoa, poistaa kuivuutta ja hilseily\u00e4, vahvistaa ihon luonnollista suojakerrosta. V\u00e4hent\u00e4\u00e4 turvotusta ja tummia silm\u00e4nalusia, kiinteytt\u00e4\u00e4 ihoa ja lievitt\u00e4\u00e4 naururyppyj\u00e4. Voiteessa on hierova applikaattori, joka mahdollistaa kohottavan hieronnan.<\/li>\n<li><strong>Peptide 9 Volume &amp; Tension Tox Cream Pro (10 ml):<\/strong> Kermainen ja ravitseva koostumus kosteuttaa ja pehment\u00e4\u00e4 ihoa v\u00e4litt\u00f6m\u00e4sti palauttaen sen kosteustasapainon. Tasoittaa ryppyj\u00e4, ehk\u00e4isee niiden muodostumista, kiinteytt\u00e4\u00e4 ja kiinteytt\u00e4\u00e4 ihoa sek\u00e4 parantaa sen kimmoisuutta.<\/li>\n<\/ul>\n<p><strong>Kompleksi 9 -peptidien vaikutus:<\/strong><\/p>\n<ul>\n<li><strong>Matrixyl\u00ae3000 (palmitoyylitetrapeptidi-7, palmitoyylitripeptidi-1):<\/strong> Stimuloi solujen toimintaa, vahvistaa ihon rakennetta, lis\u00e4\u00e4 kollageenin ja hyaluronihapon tuotantoa, muotoilee kasvojen muotoja ja palauttaa ihon kimmoisuuden.<\/li>\n<li><strong>Argireliini ja asetyylioktapeptidi-3:<\/strong> Rentouttaa kasvolihaksia, ehk\u00e4isten ryppyjen muodostumista.<\/li>\n<li><strong>Nonapeptidi-1:<\/strong> Ehk\u00e4isee pigmentaatiota est\u00e4m\u00e4ll\u00e4 melaniinisynteesi\u00e4.<\/li>\n<li><strong>Kuparitripeptidi-1:<\/strong> Vahvistaa ihoa, nopeuttaa palautumista ja v\u00e4hent\u00e4\u00e4 ryppyj\u00e4.<\/li>\n<li><strong>Tripeptidi-1:<\/strong> Auttaa ehk\u00e4isem\u00e4\u00e4n valoik\u00e4\u00e4ntymist\u00e4 ja lis\u00e4\u00e4 kollageenisynteesi\u00e4.<\/li>\n<li><strong>Heksapeptidi-9:<\/strong> Silottaa ryppyj\u00e4 ja parantaa ihon rakennetta.<\/li>\n<li><strong>Palmitoyylipentapeptidi-4:<\/strong> Tehokas ryppyj\u00e4 ehk\u00e4isev\u00e4 ainesosa ilman \u00e4rsytt\u00e4vi\u00e4 sivuvaikutuksia.<\/li>\n<\/ul>\n<p><strong>Lis\u00e4komponentit:<\/strong><\/p>\n<ul>\n<li><strong>Volufilin:<\/strong> Kiinteytt\u00e4\u00e4 ja lis\u00e4\u00e4 volyymia iholle.<\/li>\n<li><strong>Niasiiniamidi:<\/strong> Tasoittaa ihon s\u00e4vy\u00e4 ja kirkastaa pigmenttil\u00e4iski\u00e4.<\/li>\n<li class=\"translation-block\"><strong>Ektoiini:<\/strong> Suojaa ihoa ulkoisilta vaikutuksilta ja UV-s\u00e4teilt\u00e4.<\/li>\n<li><strong>MultiEx BSASM\u00ae Plus:<\/strong> Yrttikompleksi tulehdusta ja bakteereja vastaan.<\/li>\n<\/ul>\n<p><strong>K\u00e4ytt\u00f6opas: <\/strong>Puhdistuksen j\u00e4lkeen levit\u00e4 kasvovett\u00e4 iholle ja levit\u00e4 se k\u00e4sin tai vanulapulla. Levit\u00e4 sitten ampulli iholle. Viimeistele hoito kasvovoiteella ja levit\u00e4 my\u00f6s silm\u00e4nymp\u00e4rysvoidetta silm\u00e4nymp\u00e4rysalueelle.<\/p>","protected":false},"excerpt":{"rendered":"<p>MEDIPEEL Peptide 9 Volume Bio Tox Trial Kit Lifting-Mini Kit sis\u00e4lt\u00e4\u00e4 nelj\u00e4 suositun sarjan tuotetta, jotka ravitsevat, tasoittavat ja palauttavat ihoa ja tarjoavat anti-ageing-hy\u00f6tyj\u00e4. Pakkauksen sis\u00e4lt\u00e4m\u00e4t kasvovesi, ampulli, silm\u00e4nymp\u00e4rysvoide ja kasvovoide hidastavat ik\u00e4\u00e4ntymisprosessia, v\u00e4hent\u00e4v\u00e4t ryppyjen syvyytt\u00e4, kiinteytt\u00e4v\u00e4t ihoa ja lis\u00e4\u00e4v\u00e4t sen kimmoisuutta. Pakkauksen avulla voit kokeilla sarjan t\u00e4rkeimpi\u00e4 tuotteita, ja se on t\u00e4ydellinen lahja Medi-Peelin yst\u00e4ville. Kompakti...<\/p>","protected":false},"featured_media":11764,"comment_status":"open","ping_status":"closed","template":"","meta":{"_uf_show_specific_survey":0,"_uf_disable_surveys":false,"_bst_post_transparent":"default","_bst_post_title":"","_bst_post_layout":"default","_bst_post_sidebar_id":"","_bst_post_content_style":"default","_bst_post_vertical_padding":"default","_bst_post_feature":"","_bst_post_feature_position":"","_bst_post_header":false,"_bst_post_footer":false},"pwb-brand":[107],"product_brand":[],"product_cat":[95],"product_tag":[381,547,747,705],"class_list":{"0":"post-11763","1":"product","2":"type-product","3":"status-publish","4":"has-post-thumbnail","6":"pwb-brand-medipeel","7":"product_cat-komplektid","8":"product_tag-medipeel","9":"product_tag-travel-kit","10":"product_tag-volumetox-peptide-korea-kosmeetika","11":"product_tag-komplekt","13":"first","14":"instock","15":"sale","16":"shipping-taxable","17":"purchasable","18":"product-type-simple","19":"entry","20":"content-bg","21":"loop-entry"},"supplier_id":null,"supplier_sku":"","barcode":null,"atum_controlled":true,"out_stock_date":null,"out_stock_threshold":null,"inheritable":false,"inbound_stock":0,"stock_on_hold":0,"sold_today":0,"sales_last_days":0,"out_stock_days":0,"lost_sales":0,"has_location":false,"update_date":"2026-04-14T00:05:04","atum_locations":[],"atum_stock_status":"instock","restock_status":false,"low_stock_amount":"","sales_update_date":"2026-04-14T00:05:04","calc_backorders":null,"yoast_head":"<!-- This site is optimized with the Yoast SEO plugin v27.2 - https:\/\/yoast.com\/product\/yoast-seo-wordpress\/ -->\n<title>Minikomplekt Medipeel Peptide 9 Volume Bio Tox Trial Kit - IDA.KOREA<\/title>\n<meta name=\"robots\" content=\"index, follow, max-snippet:-1, max-image-preview:large, max-video-preview:-1\" \/>\n<link rel=\"canonical\" href=\"https:\/\/idakorea.ee\/fi\/product\/minikomplekt-medipeel-peptide-9-volume-bio-tox-trial-kit\/\" \/>\n<meta property=\"og:locale\" content=\"fi_FI\" \/>\n<meta property=\"og:type\" content=\"article\" \/>\n<meta property=\"og:title\" content=\"Minikomplekt Medipeel Peptide 9 Volume Bio Tox Trial Kit - IDA.KOREA\" \/>\n<meta property=\"og:description\" content=\"MEDIPEEL Peptide 9 Volume Bio Tox Trial Kit Lifting-Minikomplekt sisaldab nelja populaarse tootesarja toodet, mis toidavad, siluvad ja taastavad nahka ning avaldavad vananemisvastast m\u00f5ju. Komplektis olevad toonik, ampull, silmakreem ja n\u00e4okreem aeglustavad vananemisprotsesse, v\u00e4hendavad kortsude s\u00fcgavust, tihendavad nahka ja suurendavad selle elastsust. See komplekt v\u00f5imaldab proovida sarja v\u00f5tmetooteid ning sobib suurep\u00e4raselt kingituseks Medi-Peeli austajatele. Kompaktne...\" \/>\n<meta property=\"og:url\" content=\"https:\/\/idakorea.ee\/fi\/product\/minikomplekt-medipeel-peptide-9-volume-bio-tox-trial-kit\/\" \/>\n<meta property=\"og:site_name\" content=\"IDA.KOREA\" \/>\n<meta property=\"article:modified_time\" content=\"2026-03-13T16:49:10+00:00\" \/>\n<meta property=\"og:image\" content=\"https:\/\/idakorea.ee\/wp-content\/uploads\/2024\/12\/medi_peel-peptide-9-volume-bio-tox-trial-kit.jpg\" \/>\n\t<meta property=\"og:image:width\" content=\"1000\" \/>\n\t<meta property=\"og:image:height\" content=\"1000\" \/>\n\t<meta property=\"og:image:type\" content=\"image\/jpeg\" \/>\n<meta name=\"twitter:card\" content=\"summary_large_image\" \/>\n<meta name=\"twitter:label1\" content=\"Arvioitu lukuaika\" \/>\n\t<meta name=\"twitter:data1\" content=\"2 minuuttia\" \/>\n<script type=\"application\/ld+json\" class=\"yoast-schema-graph\">{\"@context\":\"https:\/\/schema.org\",\"@graph\":[{\"@type\":\"WebPage\",\"@id\":\"https:\/\/idakorea.ee\/product\/minikomplekt-medipeel-peptide-9-volume-bio-tox-trial-kit\/\",\"url\":\"https:\/\/idakorea.ee\/product\/minikomplekt-medipeel-peptide-9-volume-bio-tox-trial-kit\/\",\"name\":\"Minikomplekt Medipeel Peptide 9 Volume Bio Tox Trial Kit - IDA.KOREA\",\"isPartOf\":{\"@id\":\"https:\/\/idakorea.ee\/#website\"},\"primaryImageOfPage\":{\"@id\":\"https:\/\/idakorea.ee\/product\/minikomplekt-medipeel-peptide-9-volume-bio-tox-trial-kit\/#primaryimage\"},\"image\":{\"@id\":\"https:\/\/idakorea.ee\/product\/minikomplekt-medipeel-peptide-9-volume-bio-tox-trial-kit\/#primaryimage\"},\"thumbnailUrl\":\"https:\/\/idakorea.ee\/wp-content\/uploads\/2024\/12\/medi_peel-peptide-9-volume-bio-tox-trial-kit.jpg\",\"datePublished\":\"2024-12-12T15:46:45+00:00\",\"dateModified\":\"2026-03-13T16:49:10+00:00\",\"breadcrumb\":{\"@id\":\"https:\/\/idakorea.ee\/product\/minikomplekt-medipeel-peptide-9-volume-bio-tox-trial-kit\/#breadcrumb\"},\"inLanguage\":\"fi\",\"potentialAction\":[{\"@type\":\"ReadAction\",\"target\":[\"https:\/\/idakorea.ee\/product\/minikomplekt-medipeel-peptide-9-volume-bio-tox-trial-kit\/\"]}]},{\"@type\":\"ImageObject\",\"inLanguage\":\"fi\",\"@id\":\"https:\/\/idakorea.ee\/product\/minikomplekt-medipeel-peptide-9-volume-bio-tox-trial-kit\/#primaryimage\",\"url\":\"https:\/\/idakorea.ee\/wp-content\/uploads\/2024\/12\/medi_peel-peptide-9-volume-bio-tox-trial-kit.jpg\",\"contentUrl\":\"https:\/\/idakorea.ee\/wp-content\/uploads\/2024\/12\/medi_peel-peptide-9-volume-bio-tox-trial-kit.jpg\",\"width\":1000,\"height\":1000},{\"@type\":\"BreadcrumbList\",\"@id\":\"https:\/\/idakorea.ee\/product\/minikomplekt-medipeel-peptide-9-volume-bio-tox-trial-kit\/#breadcrumb\",\"itemListElement\":[{\"@type\":\"ListItem\",\"position\":1,\"name\":\"\u0413\u043b\u0430\u0432\u043d\u0430\u044f \u0441\u0442\u0440\u0430\u043d\u0438\u0446\u0430\",\"item\":\"https:\/\/idakorea.ee\/\"},{\"@type\":\"ListItem\",\"position\":2,\"name\":\"Shop\",\"item\":\"https:\/\/idakorea.ee\/shop-2\/\"},{\"@type\":\"ListItem\",\"position\":3,\"name\":\"Minikomplekt Medipeel Peptide 9 Volume Bio Tox Trial Kit\"}]},{\"@type\":\"WebSite\",\"@id\":\"https:\/\/idakorea.ee\/#website\",\"url\":\"https:\/\/idakorea.ee\/\",\"name\":\"IDA.KOREA\",\"description\":\"Korea kosmeetika e-pood\",\"publisher\":{\"@id\":\"https:\/\/idakorea.ee\/#organization\"},\"alternateName\":\"Beauty Shop\",\"potentialAction\":[{\"@type\":\"SearchAction\",\"target\":{\"@type\":\"EntryPoint\",\"urlTemplate\":\"https:\/\/idakorea.ee\/?s={search_term_string}\"},\"query-input\":{\"@type\":\"PropertyValueSpecification\",\"valueRequired\":true,\"valueName\":\"search_term_string\"}}],\"inLanguage\":\"fi\"},{\"@type\":\"Organization\",\"@id\":\"https:\/\/idakorea.ee\/#organization\",\"name\":\"IDA.KOREA\",\"url\":\"https:\/\/idakorea.ee\/\",\"logo\":{\"@type\":\"ImageObject\",\"inLanguage\":\"fi\",\"@id\":\"https:\/\/idakorea.ee\/#\/schema\/logo\/image\/\",\"url\":\"https:\/\/idakorea.ee\/wp-content\/uploads\/2024\/05\/cropped-korea3.png\",\"contentUrl\":\"https:\/\/idakorea.ee\/wp-content\/uploads\/2024\/05\/cropped-korea3.png\",\"width\":688,\"height\":126,\"caption\":\"IDA.KOREA\"},\"image\":{\"@id\":\"https:\/\/idakorea.ee\/#\/schema\/logo\/image\/\"},\"sameAs\":[\"https:\/\/www.instagram.com\/ida.korea\/\"]}]}<\/script>\n<!-- \/ Yoast SEO plugin. -->","yoast_head_json":{"title":"Medipeel Peptide 9 Volume Bio Tox -kokeilupakkaus - IDA.KOREA","robots":{"index":"index","follow":"follow","max-snippet":"max-snippet:-1","max-image-preview":"max-image-preview:large","max-video-preview":"max-video-preview:-1"},"canonical":"https:\/\/idakorea.ee\/fi\/product\/minikomplekt-medipeel-peptide-9-volume-bio-tox-trial-kit\/","og_locale":"fi_FI","og_type":"article","og_title":"Minikomplekt Medipeel Peptide 9 Volume Bio Tox Trial Kit - IDA.KOREA","og_description":"MEDIPEEL Peptide 9 Volume Bio Tox Trial Kit Lifting-Minikomplekt sisaldab nelja populaarse tootesarja toodet, mis toidavad, siluvad ja taastavad nahka ning avaldavad vananemisvastast m\u00f5ju. Komplektis olevad toonik, ampull, silmakreem ja n\u00e4okreem aeglustavad vananemisprotsesse, v\u00e4hendavad kortsude s\u00fcgavust, tihendavad nahka ja suurendavad selle elastsust. See komplekt v\u00f5imaldab proovida sarja v\u00f5tmetooteid ning sobib suurep\u00e4raselt kingituseks Medi-Peeli austajatele. Kompaktne...","og_url":"https:\/\/idakorea.ee\/fi\/product\/minikomplekt-medipeel-peptide-9-volume-bio-tox-trial-kit\/","og_site_name":"IDA.KOREA","article_modified_time":"2026-03-13T16:49:10+00:00","og_image":[{"width":1000,"height":1000,"url":"https:\/\/idakorea.ee\/wp-content\/uploads\/2024\/12\/medi_peel-peptide-9-volume-bio-tox-trial-kit.jpg","type":"image\/jpeg"}],"twitter_card":"summary_large_image","twitter_misc":{"Arvioitu lukuaika":"2 minuuttia"},"schema":{"@context":"https:\/\/schema.org","@graph":[{"@type":"WebPage","@id":"https:\/\/idakorea.ee\/product\/minikomplekt-medipeel-peptide-9-volume-bio-tox-trial-kit\/","url":"https:\/\/idakorea.ee\/product\/minikomplekt-medipeel-peptide-9-volume-bio-tox-trial-kit\/","name":"Medipeel Peptide 9 Volume Bio Tox -kokeilupakkaus - IDA.KOREA","isPartOf":{"@id":"https:\/\/idakorea.ee\/#website"},"primaryImageOfPage":{"@id":"https:\/\/idakorea.ee\/product\/minikomplekt-medipeel-peptide-9-volume-bio-tox-trial-kit\/#primaryimage"},"image":{"@id":"https:\/\/idakorea.ee\/product\/minikomplekt-medipeel-peptide-9-volume-bio-tox-trial-kit\/#primaryimage"},"thumbnailUrl":"https:\/\/idakorea.ee\/wp-content\/uploads\/2024\/12\/medi_peel-peptide-9-volume-bio-tox-trial-kit.jpg","datePublished":"2024-12-12T15:46:45+00:00","dateModified":"2026-03-13T16:49:10+00:00","breadcrumb":{"@id":"https:\/\/idakorea.ee\/product\/minikomplekt-medipeel-peptide-9-volume-bio-tox-trial-kit\/#breadcrumb"},"inLanguage":"fi","potentialAction":[{"@type":"ReadAction","target":["https:\/\/idakorea.ee\/product\/minikomplekt-medipeel-peptide-9-volume-bio-tox-trial-kit\/"]}]},{"@type":"ImageObject","inLanguage":"fi","@id":"https:\/\/idakorea.ee\/product\/minikomplekt-medipeel-peptide-9-volume-bio-tox-trial-kit\/#primaryimage","url":"https:\/\/idakorea.ee\/wp-content\/uploads\/2024\/12\/medi_peel-peptide-9-volume-bio-tox-trial-kit.jpg","contentUrl":"https:\/\/idakorea.ee\/wp-content\/uploads\/2024\/12\/medi_peel-peptide-9-volume-bio-tox-trial-kit.jpg","width":1000,"height":1000},{"@type":"BreadcrumbList","@id":"https:\/\/idakorea.ee\/product\/minikomplekt-medipeel-peptide-9-volume-bio-tox-trial-kit\/#breadcrumb","itemListElement":[{"@type":"ListItem","position":1,"name":"\u0413\u043b\u0430\u0432\u043d\u0430\u044f \u0441\u0442\u0440\u0430\u043d\u0438\u0446\u0430","item":"https:\/\/idakorea.ee\/"},{"@type":"ListItem","position":2,"name":"Shop","item":"https:\/\/idakorea.ee\/shop-2\/"},{"@type":"ListItem","position":3,"name":"Minikomplekt Medipeel Peptide 9 Volume Bio Tox Trial Kit"}]},{"@type":"WebSite","@id":"https:\/\/idakorea.ee\/#website","url":"https:\/\/idakorea.ee\/","name":"IDA.KOREA","description":"Korean kosmetiikan verkkokauppa","publisher":{"@id":"https:\/\/idakorea.ee\/#organization"},"alternateName":"Beauty Shop","potentialAction":[{"@type":"SearchAction","target":{"@type":"EntryPoint","urlTemplate":"https:\/\/idakorea.ee\/?s={search_term_string}"},"query-input":{"@type":"PropertyValueSpecification","valueRequired":true,"valueName":"search_term_string"}}],"inLanguage":"fi"},{"@type":"Organization","@id":"https:\/\/idakorea.ee\/#organization","name":"IDA.KOREA","url":"https:\/\/idakorea.ee\/","logo":{"@type":"ImageObject","inLanguage":"fi","@id":"https:\/\/idakorea.ee\/#\/schema\/logo\/image\/","url":"https:\/\/idakorea.ee\/wp-content\/uploads\/2024\/05\/cropped-korea3.png","contentUrl":"https:\/\/idakorea.ee\/wp-content\/uploads\/2024\/05\/cropped-korea3.png","width":688,"height":126,"caption":"IDA.KOREA"},"image":{"@id":"https:\/\/idakorea.ee\/#\/schema\/logo\/image\/"},"sameAs":["https:\/\/www.instagram.com\/ida.korea\/"]}]}},"jetpack_sharing_enabled":true,"brands":[{"id":107,"name":"MEDIPEEL+","slug":"medipeel"}],"_links":{"self":[{"href":"https:\/\/idakorea.ee\/fi\/wp-json\/wp\/v2\/product\/11763","targetHints":{"allow":["GET"]}}],"collection":[{"href":"https:\/\/idakorea.ee\/fi\/wp-json\/wp\/v2\/product"}],"about":[{"href":"https:\/\/idakorea.ee\/fi\/wp-json\/wp\/v2\/types\/product"}],"replies":[{"embeddable":true,"href":"https:\/\/idakorea.ee\/fi\/wp-json\/wp\/v2\/comments?post=11763"}],"version-history":[{"count":1,"href":"https:\/\/idakorea.ee\/fi\/wp-json\/wp\/v2\/product\/11763\/revisions"}],"predecessor-version":[{"id":11767,"href":"https:\/\/idakorea.ee\/fi\/wp-json\/wp\/v2\/product\/11763\/revisions\/11767"}],"wp:featuredmedia":[{"embeddable":true,"href":"https:\/\/idakorea.ee\/fi\/wp-json\/wp\/v2\/media\/11764"}],"wp:attachment":[{"href":"https:\/\/idakorea.ee\/fi\/wp-json\/wp\/v2\/media?parent=11763"}],"wp:term":[{"taxonomy":"pwb-brand","embeddable":true,"href":"https:\/\/idakorea.ee\/fi\/wp-json\/wp\/v2\/pwb-brand?post=11763"},{"taxonomy":"product_brand","embeddable":true,"href":"https:\/\/idakorea.ee\/fi\/wp-json\/wp\/v2\/product_brand?post=11763"},{"taxonomy":"product_cat","embeddable":true,"href":"https:\/\/idakorea.ee\/fi\/wp-json\/wp\/v2\/product_cat?post=11763"},{"taxonomy":"product_tag","embeddable":true,"href":"https:\/\/idakorea.ee\/fi\/wp-json\/wp\/v2\/product_tag?post=11763"}],"curies":[{"name":"wp","href":"https:\/\/api.w.org\/{rel}","templated":true}]}}