{"id":11784,"date":"2024-12-15T16:47:28","date_gmt":"2024-12-15T14:47:28","guid":{"rendered":"https:\/\/idakorea.ee\/?post_type=product&#038;p=11784"},"modified":"2026-02-23T11:28:01","modified_gmt":"2026-02-23T09:28:01","slug":"lux-minikomplekt-hera-signia-deluxe-kit","status":"publish","type":"product","link":"https:\/\/idakorea.ee\/fi\/product\/lux-minikomplekt-hera-signia-deluxe-kit\/","title":{"rendered":"Lux minisarja Hera Signia Deluxe Kit"},"content":{"rendered":"<p>Ik\u00e4\u00e4ntymist\u00e4 ehk\u00e4isev\u00e4 setti ihon turgorin vahvistamiseen, ihon s\u00e4vyn tasoittamiseen ja ryppyjen torjuntaan.<\/p>\n<p><strong>Setti sis\u00e4lt\u00e4\u00e4:<\/strong><\/p>\n<ul>\n<li><strong>Hera Signia ihonpuhdistusvesi 20 ml<\/strong> \u2013 nuorentava ja tasoittava kasvovesi.<\/li>\n<li><strong>Hera Signia Essential Balancing Emulsion 20 ml<\/strong> \u2013 ik\u00e4\u00e4ntymist\u00e4 ehk\u00e4isev\u00e4 tasapainottava emulsio.<\/li>\n<li><strong>Hera Signia Vital Lifting Cream 10 ml<\/strong> \u2013 kiinteytt\u00e4v\u00e4 kasvovoide.<\/li>\n<li><strong>Hera Signia Core Lifting Serum 10 ml<\/strong> \u2013 kasvojen kohottava seerumi<\/li>\n<li><strong>Hera Signia Youth kiinteytt\u00e4v\u00e4 silm\u00e4nymp\u00e4rysvoide 5 ml<\/strong> \u2013 kiinteytt\u00e4v\u00e4 silm\u00e4nymp\u00e4rysvoide.<\/li>\n<li><strong>Hera Signia -palautustiiviste 2 ml \u00d7 2 kpl<\/strong> \u2013 korjaava tiiviste.<\/li>\n<\/ul>\n<p><strong>SIGNIA-sarjan tuotteet<\/strong> Sis\u00e4lt\u00e4\u00e4 3 miljoonaa narsissisien sipulien ja kukkien kantasolua, STEM-CORD\u2122-teknologiaa ja muita ainutlaatuisia ainesosia.<br \/>\nSarjan tuotteet vahvistavat ihon kiinteytt\u00e4, v\u00e4hent\u00e4v\u00e4t ryppyj\u00e4, yll\u00e4pit\u00e4v\u00e4t kollageenikuitujen elastisuutta ja tarjoavat pitk\u00e4kestoista kosteutusta ja tehohoitoa iholle.<\/p>\n<p><strong>STEM-CORD\u2122-teknologia<\/strong> varmistaa kantasolujen elinvoiman s\u00e4ilymisen, mik\u00e4 mahdollistaa ik\u00e4\u00e4ntyv\u00e4n ihon tehokkaamman nuorentamisen.<\/p>\n<h4><strong>Hera Signia ihonpuhdistusvesi 20 ml<\/strong><\/h4>\n<p>Nuorentava kasvovesi, joka valmistaa ihon seuraavien hoitotuotteiden imeytymiseen, tasoittaa ihoa ja antaa terveen, s\u00e4teilev\u00e4n ihon. Kasvovesi sis\u00e4lt\u00e4\u00e4 kultahiukkasia, joilla on ik\u00e4\u00e4ntymist\u00e4 ehk\u00e4isevi\u00e4 vaikutuksia.<\/p>\n<p><strong>T\u00e4rkeimm\u00e4t ainesosat:<\/strong><\/p>\n<ul>\n<li><strong>Narsissivesi\u2122<\/strong> \u2013 antaa iholle elinvoimaa.<\/li>\n<li><strong>Kultainen hehku -kompleksi<\/strong> (kulta, AHA-hapot ja entsyymit) \u2013 silottaa ja hoitaa ihoa.<\/li>\n<li><strong>Narsissin kaste\u2122<\/strong> \u2013 tipat tiivistetty\u00e4 narsissivett\u00e4 tekev\u00e4t ihosta kosteutetun ja joustavan.<\/li>\n<\/ul>\n<p><strong>K\u00e4ytt\u00f6opas:<\/strong> Ihon puhdistuksen j\u00e4lkeen levit\u00e4 kasvoille riitt\u00e4v\u00e4 m\u00e4\u00e4r\u00e4 kasvovett\u00e4.<\/p>\n<h4><strong>Hera Signia Essential Balancing Emulsion 20 ml<\/strong><\/h4>\n<p>Ik\u00e4\u00e4ntymist\u00e4 ehk\u00e4isev\u00e4 emulsio kosteuttaa ja ravitsee ihoa j\u00e4tt\u00e4en sen terveeksi, kosteutetuksi ja s\u00e4teilev\u00e4ksi.<\/p>\n<p><strong>T\u00e4rkeimm\u00e4t ainesosat:<\/strong><\/p>\n<ul>\n<li><strong>Narsissivesi\u2122<\/strong> \u2013 kosteuttaa ja ravitsee ihoa tehden siit\u00e4 s\u00e4teilev\u00e4n.<\/li>\n<li><strong>Fytoproteiinit<\/strong> \u2013 syv\u00e4kosteuttava ja vahvistava vaikutus.<\/li>\n<\/ul>\n<p><strong>K\u00e4ytt\u00f6opas:<\/strong> K\u00e4yt\u00e4 kasvoveden j\u00e4lkeen ja levit\u00e4 iholle taputtelemalla kevyesti.<\/p>\n<h4><strong>Hera Signia Core Lifting Serum 10 ml<\/strong><\/h4>\n<p>Kohottava seerumi vahvistaa ihon rakennetta ja kimmoisuutta narsissin kantasolujen aktiivisten ainesosien ansiosta.<\/p>\n<p><strong>T\u00e4rkeimm\u00e4t ominaisuudet:<\/strong><\/p>\n<ul>\n<li>Kuusi erilaista peptidi\u00e4 lis\u00e4\u00e4v\u00e4t ihon luonnollista vahvuutta.<\/li>\n<li>Kolmivaiheinen hoito kosteuttaa, parantaa ihon rakennetta ja vahvistaa sen kosteustasapainoa.<\/li>\n<\/ul>\n<p><strong>K\u00e4ytt\u00f6opas:<\/strong> Levit\u00e4 seerumi puhdistetulle iholle emulsion j\u00e4lkeen.<\/p>\n<h4><strong>Hera Signia Vital Lifting Cream 10 ml<\/strong><\/h4>\n<p>Syv\u00e4kosteuttava ja kiinteytt\u00e4v\u00e4 kasvovoide. Kevyt koostumus ravitsee ihoa tehden siit\u00e4 samettisen pehme\u00e4n ja joustavan.<\/p>\n<p><strong>T\u00e4rkeimm\u00e4t ainesosat:<\/strong><\/p>\n<ul>\n<li><strong>Narsissin varren koodi Active\u2122<\/strong> \u2013 narsissikantasolujen voima palauttaa ihon kimmoisuuden.<\/li>\n<li><strong>Derma-lixir<\/strong> \u2013 kosteuttaa ja palauttaa ihon luonnollisen kimmoisuuden.<\/li>\n<\/ul>\n<p><strong>K\u00e4ytt\u00f6opas:<\/strong> K\u00e4yt\u00e4 hoidon viimeisess\u00e4 vaiheessa hieromalla voidetta ihoon.<\/p>\n<h4><strong>Hera Signia Youth kiinteytt\u00e4v\u00e4 silm\u00e4nymp\u00e4rysvoide 5 ml<\/strong><\/h4>\n<p>Kiinteytt\u00e4v\u00e4 silm\u00e4nymp\u00e4rysvoide v\u00e4hent\u00e4\u00e4 turvotusta ja tummia silm\u00e4nalusia antaen silm\u00e4nymp\u00e4rysiholle nuorekkaan ja pehme\u00e4n ilmeen.<\/p>\n<p><strong>T\u00e4rkeimm\u00e4t ominaisuudet:<\/strong><\/p>\n<ul>\n<li>Kofeiini suojaa ihoa stressilt\u00e4.<\/li>\n<li>Kermainen koostumus kosteuttaa ihoa ja imeytyy nopeasti.<\/li>\n<\/ul>\n<p><strong>K\u00e4ytt\u00f6opas:<\/strong> Levit\u00e4 pieni m\u00e4\u00e4r\u00e4 voidetta silm\u00e4nymp\u00e4rysiholle hell\u00e4varaisin hierovin liikkein.<\/p>\n<h4><strong>Hera Signia -palautustiiviste<\/strong><\/h4>\n<p><strong>Korjaava tiiviste<\/strong><\/p>\n<p>Ihoa uudistava ja kirkastava hoito. Sopii kaikille ihotyypeille.<\/p>\n<p>Nelj\u00e4n viikon intensiivinen Narcis Peptide\u2122 -pohjainen ampullihoito, joka antaa iholle s\u00e4teilev\u00e4n ja tasaisen ihonv\u00e4rin.<\/p>\n<p>Korkein pitoisuus narsissikantasoluista per\u00e4isin olevaa vaikuttavaa ainetta, joka sis\u00e4lt\u00e4\u00e4 narsissikasvisolujen elinvoimaa ja energiavaroja ihon ravitsemiseksi ja vahvistamiseksi. Elvytt\u00e4\u00e4 ihoasi narsissikasvisoluista per\u00e4isin olevalla mikroaktiivisella ainesosalla \u2013 <strong>Narsissin varren koodi Active\u2122<\/strong>\u00c4skett\u00e4in l\u00f6ydetty peptidi <strong>Narsissin peptidi\u2122<\/strong> vahvistaa ik\u00e4\u00e4ntyv\u00e4n ja vaurioituneen ihon suojakerrosta.<\/p>\n<p><strong>Kaksi ampullia yhdess\u00e4 pullossa!<\/strong><\/p>\n<ul>\n<li><strong>L\u00e4pin\u00e4kyv\u00e4 ampulli<\/strong> sis\u00e4lt\u00e4\u00e4 huippuluokan Narcissus Stem Code -teknologiaa, joka on perinteinen SIGNIA-ainesosa.<br \/>\n(<strong>Narcissus Stem Code\u2122 \u25b6 Narcissus Stem Code Active\u2122 \u25b6 Narcissus Peptide\u2122<\/strong>)<\/li>\n<li><strong>Ruskea ampulli<\/strong> Sis\u00e4lt\u00e4\u00e4 antioksidantteja, kuten C-vitamiinijohdannaisia, karnosiinia, granaattiomenauutetta ja kuorivaa entsyymi\u00e4.<\/li>\n<\/ul>\n<p><strong>4 viikon intensiivinen vaikutus (k\u00e4ytett\u00e4ess\u00e4 normaalikokoista tuotetta):<\/strong><\/p>\n<ul>\n<li><strong>Viikko 1 \u2013 Palautuminen<\/strong>Iho on t\u00e4ysin kosteutettu, siloittunut ja palautunut.<\/li>\n<li><strong>Viikko 2 \u2013 Tasapainottelu<\/strong>Iho tuntuu terveelt\u00e4 ja kiinte\u00e4lt\u00e4.<\/li>\n<li><strong>Viikko 3 \u2013 Loista<\/strong>Ihosta tulee kirkkaampi ja hehkuvampi.<\/li>\n<li><strong>Viikko 4 \u2013 T\u00e4ydellisyys<\/strong>Iho on sis\u00e4isesti vahva ja saa terveen hehkun.<\/li>\n<\/ul>\n<p><strong>Ylellinen ja vahvistava koostumus<\/strong><br \/>\nT\u00e4ytel\u00e4inen, l\u00e4pin\u00e4kyv\u00e4 ampulli virkist\u00e4v\u00e4n vaaleanruskealla v\u00e4rill\u00e4 tarjoaa aistillisen nautinnon iholle. Koostumus sulaa hell\u00e4varaisesti iholle j\u00e4tt\u00e4en sen pehme\u00e4ksi ja kiinte\u00e4ksi.<\/p>\n<p><strong>K\u00e4ytt\u00f6opas:<\/strong> K\u00e4yt\u00e4 kasvoveden j\u00e4lkeen ja ennen emulsiota j\u00e4rjestyksess\u00e4: kasvovesi \u2013 tiiviste \u2013 emulsio \u2013 seerumi \u2013 silm\u00e4nymp\u00e4rysvoide \u2013 kasvovoide.<\/p>","protected":false},"excerpt":{"rendered":"<p>Anti-ageing-pakkaus vahvistaa ihon turgoria, s\u00e4vy\u00e4 ja torjuu ryppyj\u00e4. Pakkaus sis\u00e4lt\u00e4\u00e4. Hera Signia Essential Balancing Emulsion 20 ml - anti-ageing tasapainottava emulsio. Hera Signia Vital Lifting Cream 10 ml - kiinteytt\u00e4v\u00e4 kasvovoide. Hera Signia Core Lifting Serum 10 ml.....<\/p>","protected":false},"featured_media":11786,"comment_status":"open","ping_status":"closed","template":"","meta":{"_uf_show_specific_survey":0,"_uf_disable_surveys":false,"_bst_post_transparent":"default","_bst_post_title":"","_bst_post_layout":"default","_bst_post_sidebar_id":"","_bst_post_content_style":"default","_bst_post_vertical_padding":"default","_bst_post_feature":"","_bst_post_feature_position":"","_bst_post_header":false,"_bst_post_footer":false},"pwb-brand":[485],"product_brand":[],"product_cat":[95],"product_tag":[669,749,202,473,554],"class_list":{"0":"post-11784","1":"product","2":"type-product","3":"status-publish","4":"has-post-thumbnail","6":"pwb-brand-hera","7":"product_cat-komplektid","8":"product_tag-hera","9":"product_tag-kinkekomplekt","10":"product_tag-korea-kosmeetika","11":"product_tag-korea-premium","12":"product_tag-lux","14":"first","15":"outofstock","16":"sale","17":"shipping-taxable","18":"purchasable","19":"product-type-simple","20":"entry","21":"content-bg","22":"loop-entry"},"supplier_id":null,"supplier_sku":"","barcode":null,"atum_controlled":true,"out_stock_date":"2026-02-23 11:28:01","out_stock_threshold":null,"inheritable":false,"inbound_stock":0,"stock_on_hold":0,"sold_today":0,"sales_last_days":0,"out_stock_days":49,"lost_sales":209,"has_location":false,"update_date":"2026-04-14T00:05:04","atum_locations":[],"atum_stock_status":"outofstock","restock_status":false,"low_stock_amount":"","sales_update_date":"2026-04-14T00:05:04","calc_backorders":null,"yoast_head":"<!-- This site is optimized with the Yoast SEO plugin v27.2 - https:\/\/yoast.com\/product\/yoast-seo-wordpress\/ -->\n<title>Lux minikomplekt Hera Signia Deluxe Kit - IDA.KOREA<\/title>\n<meta name=\"robots\" content=\"index, follow, max-snippet:-1, max-image-preview:large, max-video-preview:-1\" \/>\n<link rel=\"canonical\" href=\"https:\/\/idakorea.ee\/fi\/product\/lux-minikomplekt-hera-signia-deluxe-kit\/\" \/>\n<meta property=\"og:locale\" content=\"fi_FI\" \/>\n<meta property=\"og:type\" content=\"article\" \/>\n<meta property=\"og:title\" content=\"Lux minikomplekt Hera Signia Deluxe Kit - IDA.KOREA\" \/>\n<meta property=\"og:description\" content=\"Vananemisvastane komplekt naha turgori tugevdamiseks, toonuse \u00fchtlustamiseks ja kortsude vastu v\u00f5itlemiseks. Komplekt sisaldab: Hera Signia Skin Refining Water 20 ml \u2013 noorendav ja naha tooni \u00fchtlustav toonik. Hera Signia Essential Balancing Emulsion 20 ml \u2013 vananemisvastane tasakaalustav emulsioon. Hera Signia Vital Lifting Cream 10 ml \u2013 pinguldav n\u00e4okreem. Hera Signia Core Lifting Serum 10 ml...\" \/>\n<meta property=\"og:url\" content=\"https:\/\/idakorea.ee\/fi\/product\/lux-minikomplekt-hera-signia-deluxe-kit\/\" \/>\n<meta property=\"og:site_name\" content=\"IDA.KOREA\" \/>\n<meta property=\"article:modified_time\" content=\"2026-02-23T09:28:01+00:00\" \/>\n<meta property=\"og:image\" content=\"https:\/\/idakorea.ee\/wp-content\/uploads\/2024\/12\/hera-signia-deluxe-kit-2.jpg\" \/>\n\t<meta property=\"og:image:width\" content=\"600\" \/>\n\t<meta property=\"og:image:height\" content=\"600\" \/>\n\t<meta property=\"og:image:type\" content=\"image\/jpeg\" \/>\n<meta name=\"twitter:card\" content=\"summary_large_image\" \/>\n<meta name=\"twitter:label1\" content=\"Arvioitu lukuaika\" \/>\n\t<meta name=\"twitter:data1\" content=\"4 minuuttia\" \/>\n<script type=\"application\/ld+json\" class=\"yoast-schema-graph\">{\"@context\":\"https:\/\/schema.org\",\"@graph\":[{\"@type\":\"WebPage\",\"@id\":\"https:\/\/idakorea.ee\/product\/lux-minikomplekt-hera-signia-deluxe-kit\/\",\"url\":\"https:\/\/idakorea.ee\/product\/lux-minikomplekt-hera-signia-deluxe-kit\/\",\"name\":\"Lux minikomplekt Hera Signia Deluxe Kit - IDA.KOREA\",\"isPartOf\":{\"@id\":\"https:\/\/idakorea.ee\/#website\"},\"primaryImageOfPage\":{\"@id\":\"https:\/\/idakorea.ee\/product\/lux-minikomplekt-hera-signia-deluxe-kit\/#primaryimage\"},\"image\":{\"@id\":\"https:\/\/idakorea.ee\/product\/lux-minikomplekt-hera-signia-deluxe-kit\/#primaryimage\"},\"thumbnailUrl\":\"https:\/\/idakorea.ee\/wp-content\/uploads\/2024\/12\/hera-signia-deluxe-kit-2.jpg\",\"datePublished\":\"2024-12-15T14:47:28+00:00\",\"dateModified\":\"2026-02-23T09:28:01+00:00\",\"breadcrumb\":{\"@id\":\"https:\/\/idakorea.ee\/product\/lux-minikomplekt-hera-signia-deluxe-kit\/#breadcrumb\"},\"inLanguage\":\"fi\",\"potentialAction\":[{\"@type\":\"ReadAction\",\"target\":[\"https:\/\/idakorea.ee\/product\/lux-minikomplekt-hera-signia-deluxe-kit\/\"]}]},{\"@type\":\"ImageObject\",\"inLanguage\":\"fi\",\"@id\":\"https:\/\/idakorea.ee\/product\/lux-minikomplekt-hera-signia-deluxe-kit\/#primaryimage\",\"url\":\"https:\/\/idakorea.ee\/wp-content\/uploads\/2024\/12\/hera-signia-deluxe-kit-2.jpg\",\"contentUrl\":\"https:\/\/idakorea.ee\/wp-content\/uploads\/2024\/12\/hera-signia-deluxe-kit-2.jpg\",\"width\":600,\"height\":600},{\"@type\":\"BreadcrumbList\",\"@id\":\"https:\/\/idakorea.ee\/product\/lux-minikomplekt-hera-signia-deluxe-kit\/#breadcrumb\",\"itemListElement\":[{\"@type\":\"ListItem\",\"position\":1,\"name\":\"\u0413\u043b\u0430\u0432\u043d\u0430\u044f \u0441\u0442\u0440\u0430\u043d\u0438\u0446\u0430\",\"item\":\"https:\/\/idakorea.ee\/\"},{\"@type\":\"ListItem\",\"position\":2,\"name\":\"Shop\",\"item\":\"https:\/\/idakorea.ee\/shop-2\/\"},{\"@type\":\"ListItem\",\"position\":3,\"name\":\"Lux minikomplekt Hera Signia Deluxe Kit\"}]},{\"@type\":\"WebSite\",\"@id\":\"https:\/\/idakorea.ee\/#website\",\"url\":\"https:\/\/idakorea.ee\/\",\"name\":\"IDA.KOREA\",\"description\":\"Korea kosmeetika e-pood\",\"publisher\":{\"@id\":\"https:\/\/idakorea.ee\/#organization\"},\"alternateName\":\"Beauty Shop\",\"potentialAction\":[{\"@type\":\"SearchAction\",\"target\":{\"@type\":\"EntryPoint\",\"urlTemplate\":\"https:\/\/idakorea.ee\/?s={search_term_string}\"},\"query-input\":{\"@type\":\"PropertyValueSpecification\",\"valueRequired\":true,\"valueName\":\"search_term_string\"}}],\"inLanguage\":\"fi\"},{\"@type\":\"Organization\",\"@id\":\"https:\/\/idakorea.ee\/#organization\",\"name\":\"IDA.KOREA\",\"url\":\"https:\/\/idakorea.ee\/\",\"logo\":{\"@type\":\"ImageObject\",\"inLanguage\":\"fi\",\"@id\":\"https:\/\/idakorea.ee\/#\/schema\/logo\/image\/\",\"url\":\"https:\/\/idakorea.ee\/wp-content\/uploads\/2024\/05\/cropped-korea3.png\",\"contentUrl\":\"https:\/\/idakorea.ee\/wp-content\/uploads\/2024\/05\/cropped-korea3.png\",\"width\":688,\"height\":126,\"caption\":\"IDA.KOREA\"},\"image\":{\"@id\":\"https:\/\/idakorea.ee\/#\/schema\/logo\/image\/\"},\"sameAs\":[\"https:\/\/www.instagram.com\/ida.korea\/\"]}]}<\/script>\n<!-- \/ Yoast SEO plugin. -->","yoast_head_json":{"title":"Lux minisarja Hera Signia Deluxe Kit - IDA.KOREA","robots":{"index":"index","follow":"follow","max-snippet":"max-snippet:-1","max-image-preview":"max-image-preview:large","max-video-preview":"max-video-preview:-1"},"canonical":"https:\/\/idakorea.ee\/fi\/product\/lux-minikomplekt-hera-signia-deluxe-kit\/","og_locale":"fi_FI","og_type":"article","og_title":"Lux minikomplekt Hera Signia Deluxe Kit - IDA.KOREA","og_description":"Vananemisvastane komplekt naha turgori tugevdamiseks, toonuse \u00fchtlustamiseks ja kortsude vastu v\u00f5itlemiseks. Komplekt sisaldab: Hera Signia Skin Refining Water 20 ml \u2013 noorendav ja naha tooni \u00fchtlustav toonik. Hera Signia Essential Balancing Emulsion 20 ml \u2013 vananemisvastane tasakaalustav emulsioon. Hera Signia Vital Lifting Cream 10 ml \u2013 pinguldav n\u00e4okreem. Hera Signia Core Lifting Serum 10 ml...","og_url":"https:\/\/idakorea.ee\/fi\/product\/lux-minikomplekt-hera-signia-deluxe-kit\/","og_site_name":"IDA.KOREA","article_modified_time":"2026-02-23T09:28:01+00:00","og_image":[{"width":600,"height":600,"url":"https:\/\/idakorea.ee\/wp-content\/uploads\/2024\/12\/hera-signia-deluxe-kit-2.jpg","type":"image\/jpeg"}],"twitter_card":"summary_large_image","twitter_misc":{"Arvioitu lukuaika":"4 minuuttia"},"schema":{"@context":"https:\/\/schema.org","@graph":[{"@type":"WebPage","@id":"https:\/\/idakorea.ee\/product\/lux-minikomplekt-hera-signia-deluxe-kit\/","url":"https:\/\/idakorea.ee\/product\/lux-minikomplekt-hera-signia-deluxe-kit\/","name":"Lux minisarja Hera Signia Deluxe Kit - IDA.KOREA","isPartOf":{"@id":"https:\/\/idakorea.ee\/#website"},"primaryImageOfPage":{"@id":"https:\/\/idakorea.ee\/product\/lux-minikomplekt-hera-signia-deluxe-kit\/#primaryimage"},"image":{"@id":"https:\/\/idakorea.ee\/product\/lux-minikomplekt-hera-signia-deluxe-kit\/#primaryimage"},"thumbnailUrl":"https:\/\/idakorea.ee\/wp-content\/uploads\/2024\/12\/hera-signia-deluxe-kit-2.jpg","datePublished":"2024-12-15T14:47:28+00:00","dateModified":"2026-02-23T09:28:01+00:00","breadcrumb":{"@id":"https:\/\/idakorea.ee\/product\/lux-minikomplekt-hera-signia-deluxe-kit\/#breadcrumb"},"inLanguage":"fi","potentialAction":[{"@type":"ReadAction","target":["https:\/\/idakorea.ee\/product\/lux-minikomplekt-hera-signia-deluxe-kit\/"]}]},{"@type":"ImageObject","inLanguage":"fi","@id":"https:\/\/idakorea.ee\/product\/lux-minikomplekt-hera-signia-deluxe-kit\/#primaryimage","url":"https:\/\/idakorea.ee\/wp-content\/uploads\/2024\/12\/hera-signia-deluxe-kit-2.jpg","contentUrl":"https:\/\/idakorea.ee\/wp-content\/uploads\/2024\/12\/hera-signia-deluxe-kit-2.jpg","width":600,"height":600},{"@type":"BreadcrumbList","@id":"https:\/\/idakorea.ee\/product\/lux-minikomplekt-hera-signia-deluxe-kit\/#breadcrumb","itemListElement":[{"@type":"ListItem","position":1,"name":"\u0413\u043b\u0430\u0432\u043d\u0430\u044f \u0441\u0442\u0440\u0430\u043d\u0438\u0446\u0430","item":"https:\/\/idakorea.ee\/"},{"@type":"ListItem","position":2,"name":"Shop","item":"https:\/\/idakorea.ee\/shop-2\/"},{"@type":"ListItem","position":3,"name":"Lux minikomplekt Hera Signia Deluxe Kit"}]},{"@type":"WebSite","@id":"https:\/\/idakorea.ee\/#website","url":"https:\/\/idakorea.ee\/","name":"IDA.KOREA","description":"Korean kosmetiikan verkkokauppa","publisher":{"@id":"https:\/\/idakorea.ee\/#organization"},"alternateName":"Beauty Shop","potentialAction":[{"@type":"SearchAction","target":{"@type":"EntryPoint","urlTemplate":"https:\/\/idakorea.ee\/?s={search_term_string}"},"query-input":{"@type":"PropertyValueSpecification","valueRequired":true,"valueName":"search_term_string"}}],"inLanguage":"fi"},{"@type":"Organization","@id":"https:\/\/idakorea.ee\/#organization","name":"IDA.KOREA","url":"https:\/\/idakorea.ee\/","logo":{"@type":"ImageObject","inLanguage":"fi","@id":"https:\/\/idakorea.ee\/#\/schema\/logo\/image\/","url":"https:\/\/idakorea.ee\/wp-content\/uploads\/2024\/05\/cropped-korea3.png","contentUrl":"https:\/\/idakorea.ee\/wp-content\/uploads\/2024\/05\/cropped-korea3.png","width":688,"height":126,"caption":"IDA.KOREA"},"image":{"@id":"https:\/\/idakorea.ee\/#\/schema\/logo\/image\/"},"sameAs":["https:\/\/www.instagram.com\/ida.korea\/"]}]}},"jetpack_sharing_enabled":true,"brands":[{"id":485,"name":"HERA","slug":"hera"}],"_links":{"self":[{"href":"https:\/\/idakorea.ee\/fi\/wp-json\/wp\/v2\/product\/11784","targetHints":{"allow":["GET"]}}],"collection":[{"href":"https:\/\/idakorea.ee\/fi\/wp-json\/wp\/v2\/product"}],"about":[{"href":"https:\/\/idakorea.ee\/fi\/wp-json\/wp\/v2\/types\/product"}],"replies":[{"embeddable":true,"href":"https:\/\/idakorea.ee\/fi\/wp-json\/wp\/v2\/comments?post=11784"}],"version-history":[{"count":3,"href":"https:\/\/idakorea.ee\/fi\/wp-json\/wp\/v2\/product\/11784\/revisions"}],"predecessor-version":[{"id":11789,"href":"https:\/\/idakorea.ee\/fi\/wp-json\/wp\/v2\/product\/11784\/revisions\/11789"}],"wp:featuredmedia":[{"embeddable":true,"href":"https:\/\/idakorea.ee\/fi\/wp-json\/wp\/v2\/media\/11786"}],"wp:attachment":[{"href":"https:\/\/idakorea.ee\/fi\/wp-json\/wp\/v2\/media?parent=11784"}],"wp:term":[{"taxonomy":"pwb-brand","embeddable":true,"href":"https:\/\/idakorea.ee\/fi\/wp-json\/wp\/v2\/pwb-brand?post=11784"},{"taxonomy":"product_brand","embeddable":true,"href":"https:\/\/idakorea.ee\/fi\/wp-json\/wp\/v2\/product_brand?post=11784"},{"taxonomy":"product_cat","embeddable":true,"href":"https:\/\/idakorea.ee\/fi\/wp-json\/wp\/v2\/product_cat?post=11784"},{"taxonomy":"product_tag","embeddable":true,"href":"https:\/\/idakorea.ee\/fi\/wp-json\/wp\/v2\/product_tag?post=11784"}],"curies":[{"name":"wp","href":"https:\/\/api.w.org\/{rel}","templated":true}]}}