{"id":11798,"date":"2024-12-15T18:46:35","date_gmt":"2024-12-15T16:46:35","guid":{"rendered":"https:\/\/idakorea.ee\/?post_type=product&#038;p=11798"},"modified":"2026-02-07T23:51:07","modified_gmt":"2026-02-07T21:51:07","slug":"rahustav-kiletav-mask-medipeel-phyto-cica-nol-b5-calming-vegan-wrapping-mask-4ml","status":"publish","type":"product","link":"https:\/\/idakorea.ee\/fi\/product\/rahustav-kiletav-mask-medipeel-phyto-cica-nol-b5-calming-vegan-wrapping-mask-4ml\/","title":{"rendered":"Rauhoittava kalvonaamio Medipeel Phyto Cica-Nol B5 Calming Vegan Wrapping Mask, 4ml"},"content":{"rendered":"<p>Rauhoittava kangasnaamio <strong>MEDIPEEL Phyto Cica-Nol B5 Rauhoittava Vegaaninen K\u00e4\u00e4reminaamio<\/strong><\/p>\n<p><strong>Tuotteen ominaisuudet:<\/strong><\/p>\n<ul>\n<li>Kosteuttaa ja ravitsee ihoa, v\u00e4hent\u00e4\u00e4 punoitusta ja \u00e4rsytyst\u00e4.<\/li>\n<li>Tasoittaa ihon s\u00e4vy\u00e4 ja antaa terveen hehkun.<\/li>\n<li>Vahvistaa aiemmin k\u00e4ytettyjen hoitotuotteiden vaikutusta.<\/li>\n<li>Palauttaa mikrovaurioita, v\u00e4hent\u00e4\u00e4 herkkyytt\u00e4 ulkoisille tekij\u00f6ille ja vahvistaa ihon luonnollista suojakerrosta.<\/li>\n<li>Silottaa ihon rakennetta tehden ihosta pehme\u00e4n, sile\u00e4n ja joustavan.<\/li>\n<\/ul>\n<p><strong>T\u00e4rkein vaikuttava aine:<\/strong><\/p>\n<ul>\n<li><strong>Houttuynia-jauhe<\/strong> \u2013 rauhoittaa ihoa ja parantaa sen kuntoa.<\/li>\n<\/ul>\n<p><strong>Aktiiviset komponentit:<\/strong><\/p>\n<ul>\n<li><strong>Cica-Nol B5 -kompleksi:<\/strong> Sis\u00e4lt\u00e4\u00e4 Centella asiatica -uutetta, madecassosidea, madecassoside-happoa, aasiahappoa, aasiahappoa ja pantenolia. Lievitt\u00e4\u00e4 \u00e4rsytyst\u00e4 ja punoitusta, v\u00e4hent\u00e4\u00e4 herkkyytt\u00e4. Centellaa k\u00e4ymisprosessi kest\u00e4\u00e4 150 p\u00e4iv\u00e4\u00e4 tammitynnyreiss\u00e4 alhaisissa l\u00e4mp\u00f6tiloissa, mik\u00e4 s\u00e4ilytt\u00e4\u00e4 sen parhaat ominaisuudet.<\/li>\n<li><strong>Aquaxyl\u2122:<\/strong> Glukoosin ja ksylitolin yhdistelm\u00e4, joka kosteuttaa ihoa, palauttaa kosteustasapainon, est\u00e4\u00e4 veden haihtumista ja v\u00e4hent\u00e4\u00e4 kuivuutta ja hilseily\u00e4.<\/li>\n<li><strong>AHA-hapot (sitruunahappo):<\/strong> Kuorii hell\u00e4varaisesti kuolleita ihosoluja, stimuloi epidermiksen uusiutumista, tasoittaa ja kirkastaa ihoa.<\/li>\n<li><strong>BHA-hapot (salisyylihappo):<\/strong> rasvaliukoinen happo, joka puhdistaa ihohuokosia, v\u00e4hent\u00e4\u00e4 mustap\u00e4it\u00e4, ehk\u00e4isee tulehdusta ja v\u00e4hent\u00e4\u00e4 ihon talirauhasten tuotantoa.<\/li>\n<li><strong>Pullulaani:<\/strong> polysakkaridipolymeeri, jolla on voimakas antioksidanttinen vaikutus. Auttaa s\u00e4ilytt\u00e4m\u00e4\u00e4n kosteutta, kiinteytt\u00e4\u00e4 ja silottaa ihoa sek\u00e4 hidastaa ik\u00e4\u00e4ntymisprosessia.<\/li>\n<li><strong>Sphingomonas-bakteeriuute:<\/strong> hidastaa ihon solunsis\u00e4ist\u00e4 ik\u00e4\u00e4ntymist\u00e4, uudistaa ihoa ja lis\u00e4\u00e4 kudosten kimmoisuutta.<\/li>\n<li><strong>Natriumaskorbyylifosfaatti:<\/strong> C-vitamiinin stabiili muoto, joka vaalentaa pigmenttimuutoksia, ehk\u00e4isee tulehdusta, stimuloi kollageenin tuotantoa ja parantaa ihon kimmoisuutta ja tiheytt\u00e4.<\/li>\n<li><strong>B1-, B6-, B7-, B8-, B9- ja B12-vitamiinit:<\/strong> vahvistaa ihon suojakerrosta, torjuu tulehdusta, tasoittaa ihon s\u00e4vy\u00e4 ja silottaa sen rakennetta.<\/li>\n<\/ul>\n<p>&nbsp;<\/p>\n<p><strong>Yhteensopivuus:<\/strong><br \/>\nNormaalille, sekaiholle, herk\u00e4lle ja ongelmaiholle.<\/p>\n<p><strong>K\u00e4ytt\u00f6opas: <\/strong>Kaikkien hoitovaiheiden j\u00e4lkeen levit\u00e4 naamio kuivalle kasvojen iholle v\u00e4ltt\u00e4en silm\u00e4nymp\u00e4rysihoa ja huulia. Odota 20\u201330 minuuttia, kunnes naamio on t\u00e4ysin kuiva. Poista naamio varovasti vet\u00e4m\u00e4ll\u00e4 sit\u00e4 reunasta. Levit\u00e4 halutessasi kosteusvoidetta.<\/p>\n<p><strong>Suositeltu k\u00e4ytt\u00f6:<\/strong> 2\u20133 kertaa viikossa.<\/p>","protected":false},"excerpt":{"rendered":"<p>MEDIPEEL Phyto Cica-Nol B5 Calming Vegan Wrapping Mask Tuotteen ominaisuudet:Kosteuttaa ja ravitsee ihoa, v\u00e4hent\u00e4\u00e4 punoitusta ja \u00e4rsytyst\u00e4. Rauhoittaa, rauhoittaa ja v\u00e4hent\u00e4\u00e4 punoitusta, v\u00e4hent\u00e4\u00e4 \u00e4rsytyst\u00e4, v\u00e4hent\u00e4\u00e4 \u00e4rsytyst\u00e4 ja v\u00e4hent\u00e4\u00e4 \u00e4rsytyst\u00e4. Nuorentaa ihoa, s\u00e4vytt\u00e4\u00e4 ja s\u00e4vytt\u00e4\u00e4 ihoa. Palauttaa s\u00e4teilyn, palauttaa s\u00e4teilyn ja elvytt\u00e4\u00e4 ihoa, palauttaa s\u00e4teilyn ja elvytt\u00e4\u00e4 ihoa. Tasoittaa ihon rakennetta, j\u00e4tt\u00e4\u00e4 ihon pehme\u00e4ksi, sile\u00e4ksi ja joustavaksi. T\u00e4rkein aktiivinen ainesosa.<\/p>","protected":false},"featured_media":11799,"comment_status":"open","ping_status":"closed","template":"","meta":{"_uf_show_specific_survey":0,"_uf_disable_surveys":false,"_bst_post_transparent":"default","_bst_post_title":"","_bst_post_layout":"default","_bst_post_sidebar_id":"","_bst_post_content_style":"default","_bst_post_vertical_padding":"default","_bst_post_feature":"","_bst_post_feature_position":"","_bst_post_header":false,"_bst_post_footer":false},"pwb-brand":[107],"product_brand":[],"product_cat":[92,98],"product_tag":[202,381,750,739],"class_list":{"0":"post-11798","1":"product","2":"type-product","3":"status-publish","4":"has-post-thumbnail","6":"pwb-brand-medipeel","7":"product_cat-nagu","8":"product_cat-naomaskid","9":"product_tag-korea-kosmeetika","10":"product_tag-medipeel","11":"product_tag-tundlik","12":"product_tag-vegan","14":"first","15":"instock","16":"sale","17":"shipping-taxable","18":"purchasable","19":"product-type-simple","20":"entry","21":"content-bg","22":"loop-entry"},"supplier_id":null,"supplier_sku":"","barcode":null,"atum_controlled":true,"out_stock_date":null,"out_stock_threshold":null,"inheritable":false,"inbound_stock":0,"stock_on_hold":0,"sold_today":0,"sales_last_days":0,"out_stock_days":0,"lost_sales":0,"has_location":false,"update_date":"2026-04-15T00:05:09","atum_locations":[],"atum_stock_status":"instock","restock_status":false,"low_stock_amount":"","sales_update_date":"2026-04-15T00:05:09","calc_backorders":null,"yoast_head":"<!-- This site is optimized with the Yoast SEO plugin v27.2 - https:\/\/yoast.com\/product\/yoast-seo-wordpress\/ -->\n<title>Rahustav kilemask Medipeel Phyto Cica-Nol B5 Calming Vegan Wrapping Mask, 4ml - IDA.KOREA<\/title>\n<meta name=\"robots\" content=\"index, follow, max-snippet:-1, max-image-preview:large, max-video-preview:-1\" \/>\n<link rel=\"canonical\" href=\"https:\/\/idakorea.ee\/fi\/product\/rahustav-kiletav-mask-medipeel-phyto-cica-nol-b5-calming-vegan-wrapping-mask-4ml\/\" \/>\n<meta property=\"og:locale\" content=\"fi_FI\" \/>\n<meta property=\"og:type\" content=\"article\" \/>\n<meta property=\"og:title\" content=\"Rahustav kilemask Medipeel Phyto Cica-Nol B5 Calming Vegan Wrapping Mask, 4ml - IDA.KOREA\" \/>\n<meta property=\"og:description\" content=\"Rahustav kilemask MEDIPEEL Phyto Cica-Nol B5 Calming Vegan Wrapping Mask Toote omadused: Niisutab ja toidab nahka, v\u00e4hendab punetust ja \u00e4rritust. \u00dchtlustab nahatooni ja annab tervisliku s\u00e4ra. Tugevdab eelnevalt kasutatud hooldustoodete m\u00f5ju. Taastab mikrokahjustusi, v\u00e4hendab tundlikkust v\u00e4listegurite suhtes ja tugevdab naha loomulikku kaitsebarj\u00e4\u00e4ri. Silub nahatekstuuri, muutes naha pehmeks, siledaks ja elastseks. Peamine toimeaine: Houttuynia pulber \u2013...\" \/>\n<meta property=\"og:url\" content=\"https:\/\/idakorea.ee\/fi\/product\/rahustav-kiletav-mask-medipeel-phyto-cica-nol-b5-calming-vegan-wrapping-mask-4ml\/\" \/>\n<meta property=\"og:site_name\" content=\"IDA.KOREA\" \/>\n<meta property=\"article:modified_time\" content=\"2026-02-07T21:51:07+00:00\" \/>\n<meta property=\"og:image\" content=\"https:\/\/idakorea.ee\/wp-content\/uploads\/2024\/12\/medipeel_018.jpg\" \/>\n\t<meta property=\"og:image:width\" content=\"458\" \/>\n\t<meta property=\"og:image:height\" content=\"459\" \/>\n\t<meta property=\"og:image:type\" content=\"image\/jpeg\" \/>\n<meta name=\"twitter:card\" content=\"summary_large_image\" \/>\n<meta name=\"twitter:label1\" content=\"Arvioitu lukuaika\" \/>\n\t<meta name=\"twitter:data1\" content=\"2 minuuttia\" \/>\n<script type=\"application\/ld+json\" class=\"yoast-schema-graph\">{\"@context\":\"https:\/\/schema.org\",\"@graph\":[{\"@type\":\"WebPage\",\"@id\":\"https:\/\/idakorea.ee\/product\/rahustav-kiletav-mask-medipeel-phyto-cica-nol-b5-calming-vegan-wrapping-mask-4ml\/\",\"url\":\"https:\/\/idakorea.ee\/product\/rahustav-kiletav-mask-medipeel-phyto-cica-nol-b5-calming-vegan-wrapping-mask-4ml\/\",\"name\":\"Rahustav kilemask Medipeel Phyto Cica-Nol B5 Calming Vegan Wrapping Mask, 4ml - IDA.KOREA\",\"isPartOf\":{\"@id\":\"https:\/\/idakorea.ee\/#website\"},\"primaryImageOfPage\":{\"@id\":\"https:\/\/idakorea.ee\/product\/rahustav-kiletav-mask-medipeel-phyto-cica-nol-b5-calming-vegan-wrapping-mask-4ml\/#primaryimage\"},\"image\":{\"@id\":\"https:\/\/idakorea.ee\/product\/rahustav-kiletav-mask-medipeel-phyto-cica-nol-b5-calming-vegan-wrapping-mask-4ml\/#primaryimage\"},\"thumbnailUrl\":\"https:\/\/idakorea.ee\/wp-content\/uploads\/2024\/12\/medipeel_018.jpg\",\"datePublished\":\"2024-12-15T16:46:35+00:00\",\"dateModified\":\"2026-02-07T21:51:07+00:00\",\"breadcrumb\":{\"@id\":\"https:\/\/idakorea.ee\/product\/rahustav-kiletav-mask-medipeel-phyto-cica-nol-b5-calming-vegan-wrapping-mask-4ml\/#breadcrumb\"},\"inLanguage\":\"fi\",\"potentialAction\":[{\"@type\":\"ReadAction\",\"target\":[\"https:\/\/idakorea.ee\/product\/rahustav-kiletav-mask-medipeel-phyto-cica-nol-b5-calming-vegan-wrapping-mask-4ml\/\"]}]},{\"@type\":\"ImageObject\",\"inLanguage\":\"fi\",\"@id\":\"https:\/\/idakorea.ee\/product\/rahustav-kiletav-mask-medipeel-phyto-cica-nol-b5-calming-vegan-wrapping-mask-4ml\/#primaryimage\",\"url\":\"https:\/\/idakorea.ee\/wp-content\/uploads\/2024\/12\/medipeel_018.jpg\",\"contentUrl\":\"https:\/\/idakorea.ee\/wp-content\/uploads\/2024\/12\/medipeel_018.jpg\",\"width\":458,\"height\":459},{\"@type\":\"BreadcrumbList\",\"@id\":\"https:\/\/idakorea.ee\/product\/rahustav-kiletav-mask-medipeel-phyto-cica-nol-b5-calming-vegan-wrapping-mask-4ml\/#breadcrumb\",\"itemListElement\":[{\"@type\":\"ListItem\",\"position\":1,\"name\":\"\u0413\u043b\u0430\u0432\u043d\u0430\u044f \u0441\u0442\u0440\u0430\u043d\u0438\u0446\u0430\",\"item\":\"https:\/\/idakorea.ee\/\"},{\"@type\":\"ListItem\",\"position\":2,\"name\":\"Shop\",\"item\":\"https:\/\/idakorea.ee\/shop-2\/\"},{\"@type\":\"ListItem\",\"position\":3,\"name\":\"Rahustav kilemask Medipeel Phyto Cica-Nol B5 Calming Vegan Wrapping Mask, 4ml\"}]},{\"@type\":\"WebSite\",\"@id\":\"https:\/\/idakorea.ee\/#website\",\"url\":\"https:\/\/idakorea.ee\/\",\"name\":\"IDA.KOREA\",\"description\":\"Korea kosmeetika e-pood\",\"publisher\":{\"@id\":\"https:\/\/idakorea.ee\/#organization\"},\"alternateName\":\"Beauty Shop\",\"potentialAction\":[{\"@type\":\"SearchAction\",\"target\":{\"@type\":\"EntryPoint\",\"urlTemplate\":\"https:\/\/idakorea.ee\/?s={search_term_string}\"},\"query-input\":{\"@type\":\"PropertyValueSpecification\",\"valueRequired\":true,\"valueName\":\"search_term_string\"}}],\"inLanguage\":\"fi\"},{\"@type\":\"Organization\",\"@id\":\"https:\/\/idakorea.ee\/#organization\",\"name\":\"IDA.KOREA\",\"url\":\"https:\/\/idakorea.ee\/\",\"logo\":{\"@type\":\"ImageObject\",\"inLanguage\":\"fi\",\"@id\":\"https:\/\/idakorea.ee\/#\/schema\/logo\/image\/\",\"url\":\"https:\/\/idakorea.ee\/wp-content\/uploads\/2024\/05\/cropped-korea3.png\",\"contentUrl\":\"https:\/\/idakorea.ee\/wp-content\/uploads\/2024\/05\/cropped-korea3.png\",\"width\":688,\"height\":126,\"caption\":\"IDA.KOREA\"},\"image\":{\"@id\":\"https:\/\/idakorea.ee\/#\/schema\/logo\/image\/\"},\"sameAs\":[\"https:\/\/www.instagram.com\/ida.korea\/\"]}]}<\/script>\n<!-- \/ Yoast SEO plugin. -->","yoast_head_json":{"title":"Medipeel Phyto Cica-Nol B5 rauhoittava vegaaninen k\u00e4\u00e4renaamio, 4ml - It\u00e4-Korea","robots":{"index":"index","follow":"follow","max-snippet":"max-snippet:-1","max-image-preview":"max-image-preview:large","max-video-preview":"max-video-preview:-1"},"canonical":"https:\/\/idakorea.ee\/fi\/product\/rahustav-kiletav-mask-medipeel-phyto-cica-nol-b5-calming-vegan-wrapping-mask-4ml\/","og_locale":"fi_FI","og_type":"article","og_title":"Rahustav kilemask Medipeel Phyto Cica-Nol B5 Calming Vegan Wrapping Mask, 4ml - IDA.KOREA","og_description":"Rahustav kilemask MEDIPEEL Phyto Cica-Nol B5 Calming Vegan Wrapping Mask Toote omadused: Niisutab ja toidab nahka, v\u00e4hendab punetust ja \u00e4rritust. \u00dchtlustab nahatooni ja annab tervisliku s\u00e4ra. Tugevdab eelnevalt kasutatud hooldustoodete m\u00f5ju. Taastab mikrokahjustusi, v\u00e4hendab tundlikkust v\u00e4listegurite suhtes ja tugevdab naha loomulikku kaitsebarj\u00e4\u00e4ri. Silub nahatekstuuri, muutes naha pehmeks, siledaks ja elastseks. Peamine toimeaine: Houttuynia pulber \u2013...","og_url":"https:\/\/idakorea.ee\/fi\/product\/rahustav-kiletav-mask-medipeel-phyto-cica-nol-b5-calming-vegan-wrapping-mask-4ml\/","og_site_name":"IDA.KOREA","article_modified_time":"2026-02-07T21:51:07+00:00","og_image":[{"width":458,"height":459,"url":"https:\/\/idakorea.ee\/wp-content\/uploads\/2024\/12\/medipeel_018.jpg","type":"image\/jpeg"}],"twitter_card":"summary_large_image","twitter_misc":{"Arvioitu lukuaika":"2 minuuttia"},"schema":{"@context":"https:\/\/schema.org","@graph":[{"@type":"WebPage","@id":"https:\/\/idakorea.ee\/product\/rahustav-kiletav-mask-medipeel-phyto-cica-nol-b5-calming-vegan-wrapping-mask-4ml\/","url":"https:\/\/idakorea.ee\/product\/rahustav-kiletav-mask-medipeel-phyto-cica-nol-b5-calming-vegan-wrapping-mask-4ml\/","name":"Medipeel Phyto Cica-Nol B5 rauhoittava vegaaninen k\u00e4\u00e4renaamio, 4ml - It\u00e4-Korea","isPartOf":{"@id":"https:\/\/idakorea.ee\/#website"},"primaryImageOfPage":{"@id":"https:\/\/idakorea.ee\/product\/rahustav-kiletav-mask-medipeel-phyto-cica-nol-b5-calming-vegan-wrapping-mask-4ml\/#primaryimage"},"image":{"@id":"https:\/\/idakorea.ee\/product\/rahustav-kiletav-mask-medipeel-phyto-cica-nol-b5-calming-vegan-wrapping-mask-4ml\/#primaryimage"},"thumbnailUrl":"https:\/\/idakorea.ee\/wp-content\/uploads\/2024\/12\/medipeel_018.jpg","datePublished":"2024-12-15T16:46:35+00:00","dateModified":"2026-02-07T21:51:07+00:00","breadcrumb":{"@id":"https:\/\/idakorea.ee\/product\/rahustav-kiletav-mask-medipeel-phyto-cica-nol-b5-calming-vegan-wrapping-mask-4ml\/#breadcrumb"},"inLanguage":"fi","potentialAction":[{"@type":"ReadAction","target":["https:\/\/idakorea.ee\/product\/rahustav-kiletav-mask-medipeel-phyto-cica-nol-b5-calming-vegan-wrapping-mask-4ml\/"]}]},{"@type":"ImageObject","inLanguage":"fi","@id":"https:\/\/idakorea.ee\/product\/rahustav-kiletav-mask-medipeel-phyto-cica-nol-b5-calming-vegan-wrapping-mask-4ml\/#primaryimage","url":"https:\/\/idakorea.ee\/wp-content\/uploads\/2024\/12\/medipeel_018.jpg","contentUrl":"https:\/\/idakorea.ee\/wp-content\/uploads\/2024\/12\/medipeel_018.jpg","width":458,"height":459},{"@type":"BreadcrumbList","@id":"https:\/\/idakorea.ee\/product\/rahustav-kiletav-mask-medipeel-phyto-cica-nol-b5-calming-vegan-wrapping-mask-4ml\/#breadcrumb","itemListElement":[{"@type":"ListItem","position":1,"name":"\u0413\u043b\u0430\u0432\u043d\u0430\u044f \u0441\u0442\u0440\u0430\u043d\u0438\u0446\u0430","item":"https:\/\/idakorea.ee\/"},{"@type":"ListItem","position":2,"name":"Shop","item":"https:\/\/idakorea.ee\/shop-2\/"},{"@type":"ListItem","position":3,"name":"Rahustav kilemask Medipeel Phyto Cica-Nol B5 Calming Vegan Wrapping Mask, 4ml"}]},{"@type":"WebSite","@id":"https:\/\/idakorea.ee\/#website","url":"https:\/\/idakorea.ee\/","name":"IDA.KOREA","description":"Korean kosmetiikan verkkokauppa","publisher":{"@id":"https:\/\/idakorea.ee\/#organization"},"alternateName":"Beauty Shop","potentialAction":[{"@type":"SearchAction","target":{"@type":"EntryPoint","urlTemplate":"https:\/\/idakorea.ee\/?s={search_term_string}"},"query-input":{"@type":"PropertyValueSpecification","valueRequired":true,"valueName":"search_term_string"}}],"inLanguage":"fi"},{"@type":"Organization","@id":"https:\/\/idakorea.ee\/#organization","name":"IDA.KOREA","url":"https:\/\/idakorea.ee\/","logo":{"@type":"ImageObject","inLanguage":"fi","@id":"https:\/\/idakorea.ee\/#\/schema\/logo\/image\/","url":"https:\/\/idakorea.ee\/wp-content\/uploads\/2024\/05\/cropped-korea3.png","contentUrl":"https:\/\/idakorea.ee\/wp-content\/uploads\/2024\/05\/cropped-korea3.png","width":688,"height":126,"caption":"IDA.KOREA"},"image":{"@id":"https:\/\/idakorea.ee\/#\/schema\/logo\/image\/"},"sameAs":["https:\/\/www.instagram.com\/ida.korea\/"]}]}},"jetpack_sharing_enabled":true,"brands":[{"id":107,"name":"MEDIPEEL+","slug":"medipeel"}],"_links":{"self":[{"href":"https:\/\/idakorea.ee\/fi\/wp-json\/wp\/v2\/product\/11798","targetHints":{"allow":["GET"]}}],"collection":[{"href":"https:\/\/idakorea.ee\/fi\/wp-json\/wp\/v2\/product"}],"about":[{"href":"https:\/\/idakorea.ee\/fi\/wp-json\/wp\/v2\/types\/product"}],"replies":[{"embeddable":true,"href":"https:\/\/idakorea.ee\/fi\/wp-json\/wp\/v2\/comments?post=11798"}],"version-history":[{"count":3,"href":"https:\/\/idakorea.ee\/fi\/wp-json\/wp\/v2\/product\/11798\/revisions"}],"predecessor-version":[{"id":11807,"href":"https:\/\/idakorea.ee\/fi\/wp-json\/wp\/v2\/product\/11798\/revisions\/11807"}],"wp:featuredmedia":[{"embeddable":true,"href":"https:\/\/idakorea.ee\/fi\/wp-json\/wp\/v2\/media\/11799"}],"wp:attachment":[{"href":"https:\/\/idakorea.ee\/fi\/wp-json\/wp\/v2\/media?parent=11798"}],"wp:term":[{"taxonomy":"pwb-brand","embeddable":true,"href":"https:\/\/idakorea.ee\/fi\/wp-json\/wp\/v2\/pwb-brand?post=11798"},{"taxonomy":"product_brand","embeddable":true,"href":"https:\/\/idakorea.ee\/fi\/wp-json\/wp\/v2\/product_brand?post=11798"},{"taxonomy":"product_cat","embeddable":true,"href":"https:\/\/idakorea.ee\/fi\/wp-json\/wp\/v2\/product_cat?post=11798"},{"taxonomy":"product_tag","embeddable":true,"href":"https:\/\/idakorea.ee\/fi\/wp-json\/wp\/v2\/product_tag?post=11798"}],"curies":[{"name":"wp","href":"https:\/\/api.w.org\/{rel}","templated":true}]}}