{"id":11825,"date":"2024-12-17T19:54:21","date_gmt":"2024-12-17T17:54:21","guid":{"rendered":"https:\/\/idakorea.ee\/?post_type=product&#038;p=11825"},"modified":"2026-04-11T05:47:59","modified_gmt":"2026-04-11T03:47:59","slug":"medicube-age-r-booster-pro","status":"publish","type":"product","link":"https:\/\/idakorea.ee\/fi\/product\/medicube-age-r-booster-pro\/","title":{"rendered":"Medicube Age-R Booster Pro"},"content":{"rendered":"<p><strong>Medicube Age-R Pro<\/strong> \u2014 see on mitmefunktsiooniline kodune hooldusseade, mis \u00fchendab endas mitmeid kaasaegseid tehnoloogiaid naha seisundi parandamiseks, noorendamiseks ja erinevate nahaprobleemide lahendamiseks. See sobib eriti h\u00e4sti neile, kes soovivad pikendada naha nooruslikkust ilma invasiivsete protseduurideta.<\/p>\n<p>Seade on l\u00e4binud mitmeid teste ning selle kasutamine on juhiste j\u00e4rgimisel ohutu. Siiski on soovitatav enne kasutamist konsulteerida dermatoloogiga, eriti kui teil on tundlik v\u00f5i probleemne nahk.<\/p>\n<p>&nbsp;<\/p>\n<p><strong>Medicube Age-R Pro Tehnoloogiad<\/strong><\/p>\n<ol>\n<li><strong>RF-tehnoloogia (raadiofrekvents-lifting):<\/strong><br \/>\nRF on meetod, mis toimib s\u00fcgavatele nahakihtidele raadiolainete abil. Need lained stimuleerivad kollageeni ja elastiini tootmist, mis parandavad naha elastsust ja toonust. Regulaarne RF-tehnoloogia kasutamine aitab:<\/p>\n<ul>\n<li>Pinguldada nahka.<\/li>\n<li>V\u00e4hendada kortse.<\/li>\n<li>Parandada n\u00e4okontuure.<\/li>\n<\/ul>\n<\/li>\n<li><strong>LED-valgusteraapia:<\/strong><br \/>\nSeade on varustatud LED-lampidega, mis kiirgavad erinevat v\u00e4rvi valgust, pakkudes nahale spetsiifilist hooldust:<\/p>\n<ul>\n<li><strong>Punane valgus (630 nm):<\/strong> stimuleerib kollageeni tootmist, v\u00e4hendab kortse ja parandab naha tekstuuri.<\/li>\n<li><strong>Sinine valgus (420 nm):<\/strong> v\u00f5itleb akne vastu, h\u00e4vitab baktereid ja puhastab poore.<\/li>\n<li><strong>Roheline valgus (520 nm):<\/strong> \u00fchtlustab nahatooni ja v\u00e4hendab pigmentatsiooni<\/li>\n<\/ul>\n<\/li>\n<\/ol>\n<ol start=\"3\">\n<li><strong>Iontoforees:<\/strong><br \/>\nIontoforees on tehnoloogia, mis parandab aktiivsete koostisosade tungimist naha s\u00fcgavamatesse kihtidesse. Kasutades n\u00f5rka elektrivoolu, suunatakse seerumites v\u00f5i kreemides sisalduvad aktiivained ioonide kujul s\u00fcgavale nahka, suurendades hoolduse t\u00f5husust.<\/li>\n<li><strong>Ultraheliteraapia:<\/strong><br \/>\nUltrahelilained, mida seade kasutab, pakuvad mitmek\u00fclgset nahahooldust:<\/p>\n<ul>\n<li>Stimuleerivad mikrotsirkulatsiooni, parandades vereringet.<\/li>\n<li>Aitavad nahka s\u00fcgavuti puhastada ja parandada selle tekstuuri.<\/li>\n<li>Soodustavad rakkude ainevahetuse protsesse.<\/li>\n<\/ul>\n<\/li>\n<\/ol>\n<p>Need meetodid toetavad naha s\u00fcvahooldust, muutes selle v\u00e4rskeks, siledaks ja s\u00e4ravaks.<\/p>\n<p>&nbsp;<\/p>\n<p>Rohkem infot meie blogis &#8211; <a href=\"https:\/\/idakorea.ee\/medicube-age-r-booster-pro\/\">Medicube AGE-R Booster Pro &#8211; IDA.KOREA<\/a><\/p>\n<p>Lisainstruktsioonide saamiseks vaadake videot v\u00f5i tutvuge seadmega kaasasoleva juhendiga.<\/p>\n<p><strong><a href=\"https:\/\/www.youtube.com\/watch?v=zvgBLwsNNhk\">(335) [MEDICUBE] How to use AGE-R Booster Pro &#8211; YouTube<\/a><\/strong><\/p>\n","protected":false},"excerpt":{"rendered":"<p>Medicube Age-R Pro on monik\u00e4ytt\u00f6inen kotihoitolaite, jossa yhdistyv\u00e4t useat edistykselliset teknologiat, jotka parantavat ihon kuntoa, nuorentavat ja korjaavat erilaisia iho-ongelmia. Se sopii erityisesti niille, jotka haluavat pident\u00e4\u00e4 ihon nuorekkuutta ilman invasiivisia toimenpiteit\u00e4. Laite on k\u00e4ynyt l\u00e4pi useita testej\u00e4, ja sit\u00e4 on turvallista k\u00e4ytt\u00e4\u00e4, jos ohjeita noudatetaan. On kuitenkin suositeltavaa konsultoida ihotautil\u00e4\u00e4k\u00e4ri\u00e4 ennen k\u00e4ytt\u00f6\u00e4,...<\/p>","protected":false},"featured_media":18003,"comment_status":"open","ping_status":"closed","template":"","meta":{"_uf_show_specific_survey":0,"_uf_disable_surveys":false,"_bst_post_transparent":"default","_bst_post_title":"","_bst_post_layout":"default","_bst_post_sidebar_id":"","_bst_post_content_style":"default","_bst_post_vertical_padding":"default","_bst_post_feature":"","_bst_post_feature_position":"","_bst_post_header":false,"_bst_post_footer":false},"pwb-brand":[490],"product_brand":[],"product_cat":[463],"product_tag":[755,568,721,230],"class_list":{"0":"post-11825","1":"product","2":"type-product","3":"status-publish","4":"has-post-thumbnail","6":"pwb-brand-medicube","7":"product_cat-tarvikud","8":"product_tag-booster-pro","9":"product_tag-korea","10":"product_tag-medicube","11":"product_tag-pigment","13":"first","14":"onbackorder","15":"sale","16":"shipping-taxable","17":"purchasable","18":"product-type-variable","19":"has-default-attributes","20":"entry","21":"content-bg","22":"loop-entry"},"supplier_id":null,"supplier_sku":"","barcode":null,"atum_controlled":true,"out_stock_date":null,"out_stock_threshold":null,"inheritable":true,"inbound_stock":0,"stock_on_hold":1,"sold_today":1,"sales_last_days":5,"out_stock_days":0,"lost_sales":0,"has_location":false,"update_date":"2026-04-14T11:54:29","atum_locations":[],"atum_stock_status":"onbackorder","restock_status":false,"low_stock_amount":"","sales_update_date":"2026-04-14T00:05:13","calc_backorders":null,"yoast_head":"<!-- This site is optimized with the Yoast SEO plugin v27.2 - https:\/\/yoast.com\/product\/yoast-seo-wordpress\/ -->\n<title>Medicube Age-R Booster Pro - IDA.KOREA<\/title>\n<meta name=\"description\" content=\"Mitmefunktsiooniline hooldusseade, mis \u00fchendab endas kaasaegseid tehnoloogiaid naha seisundi parandamiseks, noorendamiseks ja erinevate nahaprobleemide lahendamiseks.\" \/>\n<meta name=\"robots\" content=\"index, follow, max-snippet:-1, max-image-preview:large, max-video-preview:-1\" \/>\n<link rel=\"canonical\" href=\"https:\/\/idakorea.ee\/fi\/product\/medicube-age-r-booster-pro\/\" \/>\n<meta property=\"og:locale\" content=\"fi_FI\" \/>\n<meta property=\"og:type\" content=\"article\" \/>\n<meta property=\"og:title\" content=\"Medicube Age-R Booster Pro - IDA.KOREA\" \/>\n<meta property=\"og:description\" content=\"Mitmefunktsiooniline hooldusseade, mis \u00fchendab endas kaasaegseid tehnoloogiaid naha seisundi parandamiseks, noorendamiseks ja erinevate nahaprobleemide lahendamiseks.\" \/>\n<meta property=\"og:url\" content=\"https:\/\/idakorea.ee\/fi\/product\/medicube-age-r-booster-pro\/\" \/>\n<meta property=\"og:site_name\" content=\"IDA.KOREA\" \/>\n<meta property=\"article:modified_time\" content=\"2026-04-11T03:47:59+00:00\" \/>\n<meta property=\"og:image\" content=\"https:\/\/idakorea.ee\/wp-content\/uploads\/2024\/12\/Medicube_Appareil_Age-R_Booster_Pro.png\" \/>\n\t<meta property=\"og:image:width\" content=\"1080\" \/>\n\t<meta property=\"og:image:height\" content=\"1080\" \/>\n\t<meta property=\"og:image:type\" content=\"image\/png\" \/>\n<meta name=\"twitter:card\" content=\"summary_large_image\" \/>\n<meta name=\"twitter:label1\" content=\"Arvioitu lukuaika\" \/>\n\t<meta name=\"twitter:data1\" content=\"2 minuuttia\" \/>\n<script type=\"application\/ld+json\" class=\"yoast-schema-graph\">{\"@context\":\"https:\/\/schema.org\",\"@graph\":[{\"@type\":\"WebPage\",\"@id\":\"https:\/\/idakorea.ee\/product\/medicube-age-r-booster-pro\/\",\"url\":\"https:\/\/idakorea.ee\/product\/medicube-age-r-booster-pro\/\",\"name\":\"Medicube Age-R Booster Pro - IDA.KOREA\",\"isPartOf\":{\"@id\":\"https:\/\/idakorea.ee\/#website\"},\"primaryImageOfPage\":{\"@id\":\"https:\/\/idakorea.ee\/product\/medicube-age-r-booster-pro\/#primaryimage\"},\"image\":{\"@id\":\"https:\/\/idakorea.ee\/product\/medicube-age-r-booster-pro\/#primaryimage\"},\"thumbnailUrl\":\"https:\/\/idakorea.ee\/wp-content\/uploads\/2024\/12\/Medicube_Appareil_Age-R_Booster_Pro.png\",\"datePublished\":\"2024-12-17T17:54:21+00:00\",\"dateModified\":\"2026-04-11T03:47:59+00:00\",\"description\":\"Mitmefunktsiooniline hooldusseade, mis \u00fchendab endas kaasaegseid tehnoloogiaid naha seisundi parandamiseks, noorendamiseks ja erinevate nahaprobleemide lahendamiseks.\",\"breadcrumb\":{\"@id\":\"https:\/\/idakorea.ee\/product\/medicube-age-r-booster-pro\/#breadcrumb\"},\"inLanguage\":\"fi\",\"potentialAction\":[{\"@type\":\"ReadAction\",\"target\":[\"https:\/\/idakorea.ee\/product\/medicube-age-r-booster-pro\/\"]}]},{\"@type\":\"ImageObject\",\"inLanguage\":\"fi\",\"@id\":\"https:\/\/idakorea.ee\/product\/medicube-age-r-booster-pro\/#primaryimage\",\"url\":\"https:\/\/idakorea.ee\/wp-content\/uploads\/2024\/12\/Medicube_Appareil_Age-R_Booster_Pro.png\",\"contentUrl\":\"https:\/\/idakorea.ee\/wp-content\/uploads\/2024\/12\/Medicube_Appareil_Age-R_Booster_Pro.png\",\"width\":1080,\"height\":1080,\"caption\":\"Medicube age-r booster pro\"},{\"@type\":\"BreadcrumbList\",\"@id\":\"https:\/\/idakorea.ee\/product\/medicube-age-r-booster-pro\/#breadcrumb\",\"itemListElement\":[{\"@type\":\"ListItem\",\"position\":1,\"name\":\"\u0413\u043b\u0430\u0432\u043d\u0430\u044f \u0441\u0442\u0440\u0430\u043d\u0438\u0446\u0430\",\"item\":\"https:\/\/idakorea.ee\/\"},{\"@type\":\"ListItem\",\"position\":2,\"name\":\"Shop\",\"item\":\"https:\/\/idakorea.ee\/shop-2\/\"},{\"@type\":\"ListItem\",\"position\":3,\"name\":\"Medicube Age-R Booster Pro\"}]},{\"@type\":\"WebSite\",\"@id\":\"https:\/\/idakorea.ee\/#website\",\"url\":\"https:\/\/idakorea.ee\/\",\"name\":\"IDA.KOREA\",\"description\":\"Korea kosmeetika e-pood\",\"publisher\":{\"@id\":\"https:\/\/idakorea.ee\/#organization\"},\"alternateName\":\"Beauty Shop\",\"potentialAction\":[{\"@type\":\"SearchAction\",\"target\":{\"@type\":\"EntryPoint\",\"urlTemplate\":\"https:\/\/idakorea.ee\/?s={search_term_string}\"},\"query-input\":{\"@type\":\"PropertyValueSpecification\",\"valueRequired\":true,\"valueName\":\"search_term_string\"}}],\"inLanguage\":\"fi\"},{\"@type\":\"Organization\",\"@id\":\"https:\/\/idakorea.ee\/#organization\",\"name\":\"IDA.KOREA\",\"url\":\"https:\/\/idakorea.ee\/\",\"logo\":{\"@type\":\"ImageObject\",\"inLanguage\":\"fi\",\"@id\":\"https:\/\/idakorea.ee\/#\/schema\/logo\/image\/\",\"url\":\"https:\/\/idakorea.ee\/wp-content\/uploads\/2024\/05\/cropped-korea3.png\",\"contentUrl\":\"https:\/\/idakorea.ee\/wp-content\/uploads\/2024\/05\/cropped-korea3.png\",\"width\":688,\"height\":126,\"caption\":\"IDA.KOREA\"},\"image\":{\"@id\":\"https:\/\/idakorea.ee\/#\/schema\/logo\/image\/\"},\"sameAs\":[\"https:\/\/www.instagram.com\/ida.korea\/\"]}]}<\/script>\n<!-- \/ Yoast SEO plugin. -->","yoast_head_json":{"title":"Medicube Age-R Booster Pro - EAST.KOREA","description":"Monitoiminen hoitolaite, joka yhdist\u00e4\u00e4 modernit teknologiat ihon kunnon parantamiseksi, nuorentamiseksi ja erilaisten iho-ongelmien ratkaisemiseksi.","robots":{"index":"index","follow":"follow","max-snippet":"max-snippet:-1","max-image-preview":"max-image-preview:large","max-video-preview":"max-video-preview:-1"},"canonical":"https:\/\/idakorea.ee\/fi\/product\/medicube-age-r-booster-pro\/","og_locale":"fi_FI","og_type":"article","og_title":"Medicube Age-R Booster Pro - IDA.KOREA","og_description":"Mitmefunktsiooniline hooldusseade, mis \u00fchendab endas kaasaegseid tehnoloogiaid naha seisundi parandamiseks, noorendamiseks ja erinevate nahaprobleemide lahendamiseks.","og_url":"https:\/\/idakorea.ee\/fi\/product\/medicube-age-r-booster-pro\/","og_site_name":"IDA.KOREA","article_modified_time":"2026-04-11T03:47:59+00:00","og_image":[{"width":1080,"height":1080,"url":"https:\/\/idakorea.ee\/wp-content\/uploads\/2024\/12\/Medicube_Appareil_Age-R_Booster_Pro.png","type":"image\/png"}],"twitter_card":"summary_large_image","twitter_misc":{"Arvioitu lukuaika":"2 minuuttia"},"schema":{"@context":"https:\/\/schema.org","@graph":[{"@type":"WebPage","@id":"https:\/\/idakorea.ee\/product\/medicube-age-r-booster-pro\/","url":"https:\/\/idakorea.ee\/product\/medicube-age-r-booster-pro\/","name":"Medicube Age-R Booster Pro - EAST.KOREA","isPartOf":{"@id":"https:\/\/idakorea.ee\/#website"},"primaryImageOfPage":{"@id":"https:\/\/idakorea.ee\/product\/medicube-age-r-booster-pro\/#primaryimage"},"image":{"@id":"https:\/\/idakorea.ee\/product\/medicube-age-r-booster-pro\/#primaryimage"},"thumbnailUrl":"https:\/\/idakorea.ee\/wp-content\/uploads\/2024\/12\/Medicube_Appareil_Age-R_Booster_Pro.png","datePublished":"2024-12-17T17:54:21+00:00","dateModified":"2026-04-11T03:47:59+00:00","description":"Monitoiminen hoitolaite, joka yhdist\u00e4\u00e4 modernit teknologiat ihon kunnon parantamiseksi, nuorentamiseksi ja erilaisten iho-ongelmien ratkaisemiseksi.","breadcrumb":{"@id":"https:\/\/idakorea.ee\/product\/medicube-age-r-booster-pro\/#breadcrumb"},"inLanguage":"fi","potentialAction":[{"@type":"ReadAction","target":["https:\/\/idakorea.ee\/product\/medicube-age-r-booster-pro\/"]}]},{"@type":"ImageObject","inLanguage":"fi","@id":"https:\/\/idakorea.ee\/product\/medicube-age-r-booster-pro\/#primaryimage","url":"https:\/\/idakorea.ee\/wp-content\/uploads\/2024\/12\/Medicube_Appareil_Age-R_Booster_Pro.png","contentUrl":"https:\/\/idakorea.ee\/wp-content\/uploads\/2024\/12\/Medicube_Appareil_Age-R_Booster_Pro.png","width":1080,"height":1080,"caption":"Medicube age-r booster pro"},{"@type":"BreadcrumbList","@id":"https:\/\/idakorea.ee\/product\/medicube-age-r-booster-pro\/#breadcrumb","itemListElement":[{"@type":"ListItem","position":1,"name":"\u0413\u043b\u0430\u0432\u043d\u0430\u044f \u0441\u0442\u0440\u0430\u043d\u0438\u0446\u0430","item":"https:\/\/idakorea.ee\/"},{"@type":"ListItem","position":2,"name":"Shop","item":"https:\/\/idakorea.ee\/shop-2\/"},{"@type":"ListItem","position":3,"name":"Medicube Age-R Booster Pro"}]},{"@type":"WebSite","@id":"https:\/\/idakorea.ee\/#website","url":"https:\/\/idakorea.ee\/","name":"IDA.KOREA","description":"Korean kosmetiikan verkkokauppa","publisher":{"@id":"https:\/\/idakorea.ee\/#organization"},"alternateName":"Beauty Shop","potentialAction":[{"@type":"SearchAction","target":{"@type":"EntryPoint","urlTemplate":"https:\/\/idakorea.ee\/?s={search_term_string}"},"query-input":{"@type":"PropertyValueSpecification","valueRequired":true,"valueName":"search_term_string"}}],"inLanguage":"fi"},{"@type":"Organization","@id":"https:\/\/idakorea.ee\/#organization","name":"IDA.KOREA","url":"https:\/\/idakorea.ee\/","logo":{"@type":"ImageObject","inLanguage":"fi","@id":"https:\/\/idakorea.ee\/#\/schema\/logo\/image\/","url":"https:\/\/idakorea.ee\/wp-content\/uploads\/2024\/05\/cropped-korea3.png","contentUrl":"https:\/\/idakorea.ee\/wp-content\/uploads\/2024\/05\/cropped-korea3.png","width":688,"height":126,"caption":"IDA.KOREA"},"image":{"@id":"https:\/\/idakorea.ee\/#\/schema\/logo\/image\/"},"sameAs":["https:\/\/www.instagram.com\/ida.korea\/"]}]}},"jetpack_sharing_enabled":true,"brands":[{"id":490,"name":"MEDICUBE","slug":"medicube"}],"_links":{"self":[{"href":"https:\/\/idakorea.ee\/fi\/wp-json\/wp\/v2\/product\/11825","targetHints":{"allow":["GET"]}}],"collection":[{"href":"https:\/\/idakorea.ee\/fi\/wp-json\/wp\/v2\/product"}],"about":[{"href":"https:\/\/idakorea.ee\/fi\/wp-json\/wp\/v2\/types\/product"}],"replies":[{"embeddable":true,"href":"https:\/\/idakorea.ee\/fi\/wp-json\/wp\/v2\/comments?post=11825"}],"version-history":[{"count":12,"href":"https:\/\/idakorea.ee\/fi\/wp-json\/wp\/v2\/product\/11825\/revisions"}],"predecessor-version":[{"id":11839,"href":"https:\/\/idakorea.ee\/fi\/wp-json\/wp\/v2\/product\/11825\/revisions\/11839"}],"wp:featuredmedia":[{"embeddable":true,"href":"https:\/\/idakorea.ee\/fi\/wp-json\/wp\/v2\/media\/18003"}],"wp:attachment":[{"href":"https:\/\/idakorea.ee\/fi\/wp-json\/wp\/v2\/media?parent=11825"}],"wp:term":[{"taxonomy":"pwb-brand","embeddable":true,"href":"https:\/\/idakorea.ee\/fi\/wp-json\/wp\/v2\/pwb-brand?post=11825"},{"taxonomy":"product_brand","embeddable":true,"href":"https:\/\/idakorea.ee\/fi\/wp-json\/wp\/v2\/product_brand?post=11825"},{"taxonomy":"product_cat","embeddable":true,"href":"https:\/\/idakorea.ee\/fi\/wp-json\/wp\/v2\/product_cat?post=11825"},{"taxonomy":"product_tag","embeddable":true,"href":"https:\/\/idakorea.ee\/fi\/wp-json\/wp\/v2\/product_tag?post=11825"}],"curies":[{"name":"wp","href":"https:\/\/api.w.org\/{rel}","templated":true}]}}