{"id":11860,"date":"2024-12-18T16:31:39","date_gmt":"2024-12-18T14:31:39","guid":{"rendered":"https:\/\/idakorea.ee\/?post_type=product&#038;p=11860"},"modified":"2026-03-12T17:08:29","modified_gmt":"2026-03-12T15:08:29","slug":"medipeel-cica-cooling-calming-pad","status":"publish","type":"product","link":"https:\/\/idakorea.ee\/fi\/product\/medipeel-cica-cooling-calming-pad\/","title":{"rendered":"MediPeel Cat Cooling Calming Pad, 50kpl, kissan rauhoittamiseen ja viilent\u00e4miseen."},"content":{"rendered":"<p><strong>Viilent\u00e4v\u00e4t ja rauhoittavat tyynynp\u00e4\u00e4lliset suositulta korealaiselta MediPeeL-tuotemerkilt\u00e4.<\/strong> eiv\u00e4t ainoastaan s\u00e4vyt\u00e4 ihoa ja poista kuollutta ihosolukkoa, vaan my\u00f6s hoitavat hell\u00e4varaisesti ihon kosteustasapainoa.<\/p>\n<p><strong>T\u00e4rkeimm\u00e4t edut:<\/strong><\/p>\n<ul>\n<li><strong>Voimakas rauhoittava vaikutus<\/strong>: Tyynyt sis\u00e4lt\u00e4v\u00e4t 5 erilaista ainesosaa ja aasialaisen vesililjan uutetta, jotka auttavat v\u00e4hent\u00e4m\u00e4\u00e4n iho\u00e4rsytyst\u00e4 ja rauhoittavat ihoa tehden siit\u00e4 pehme\u00e4n ja sile\u00e4n.<\/li>\n<li><strong>Ihoesteen vahvistaminen<\/strong>: Panthenoli suojaa herkk\u00e4\u00e4 ihoa korjaavilla ja parantavilla ominaisuuksilla, jotka tekev\u00e4t siit\u00e4 vastustuskykyisemm\u00e4n ulkoisia tekij\u00f6it\u00e4 vastaan.<\/li>\n<li><strong>Hypoallergeeninen materiaali<\/strong>: Tyynyliinat on valmistettu valkaisemattomasta vegaanisesta Crocell-kankaasta, joka minimoi iho\u00e4rsytyksen ja tarjoaa ihanteellisen pidon.<\/li>\n<li><strong>Luonnollinen ja turvallinen muotoilu<\/strong>: Tuote on sertifioitu vegaaninen ja se on l\u00e4p\u00e4issyt \u00e4rsytystestit, mik\u00e4 osoittaa sen turvallisuuden herkimm\u00e4llekin iholle.<\/li>\n<\/ul>\n<p><strong>Aktiiviset ainesosat:<\/strong><\/p>\n<ul>\n<li><strong>Laventeliuute<\/strong>: Tunnettu rauhoittavista ja antiseptisist\u00e4 ominaisuuksistaan, se auttaa v\u00e4hent\u00e4m\u00e4\u00e4n punoitusta ja \u00e4rsytyst\u00e4 ja antaa raikkauden ja puhtauden tunteen. Illalla k\u00e4ytettyn\u00e4 se edist\u00e4\u00e4 my\u00f6s rentoutumista ja parantaa unen laatua.<\/li>\n<li><strong>Vihre\u00e4n teen uute<\/strong>: Sis\u00e4lt\u00e4\u00e4 runsaasti antioksidantteja, erityisesti katekiineja, jotka suojaavat ihoa vapailta radikaaleilta ja ehk\u00e4isev\u00e4t ennenaikaista ik\u00e4\u00e4ntymist\u00e4. Vaikuttaa tulehdusta ehk\u00e4isev\u00e4sti ja rauhoittaa akneen taipuvaista ihoa.<\/li>\n<li><strong>Aasian vesililjauute (Centella asiatica)<\/strong>: Komponentti, jolla on voimakkaita regeneratiivisia ominaisuuksia, joka stimuloi kollageenin tuotantoa ja vahvistaa ihon suojamuuria tehden ihosta kimmoisamman ja nuorekkaamman.<\/li>\n<li><strong>Hydrolysoitu kollageeni<\/strong>: Kollageeni hajoaa pienemmiksi hiukkasiksi, jotka imeytyv\u00e4t paremmin ja auttavat v\u00e4hent\u00e4m\u00e4\u00e4n ryppyj\u00e4 ja parantamaan ihon kimmoisuutta.<\/li>\n<li><strong>Peptidit<\/strong>: Pieni\u00e4 proteiinifragmentteja, jotka auttavat ihosoluja toimimaan oikein. Ne stimuloivat kollageenin ja elastiinin tuotantoa, tasoittavat ryppyj\u00e4 ja kiinteytt\u00e4v\u00e4t ihoa.<\/li>\n<li><strong>Glutamiinihappo<\/strong>: Aminohappo, jolla on t\u00e4rke\u00e4 rooli solujen aineenvaihdunnassa ja ihon kosteustasapainon yll\u00e4pit\u00e4misess\u00e4. Parantaa ihon rakennetta ja kirkastaa ihoa.<\/li>\n<li><strong>Pantenol<\/strong>: B5-vitamiinijohdannainen, joka tunnetaan kosteuttavista ja parantavista ominaisuuksistaan. Se rauhoittaa \u00e4rtynytt\u00e4 ihoa, parantaa pieni\u00e4 ep\u00e4puhtauksia ja vahvistaa ihon luonnollista suojaa.<\/li>\n<\/ul>\n<p>&nbsp;<\/p>\n<p><strong>K\u00e4ytt\u00f6: <\/strong>Kun kasvot on puhdistettu, pyyhi iho varovasti tyynyill\u00e4 tai k\u00e4yt\u00e4 niit\u00e4 paikallisena naamiona asettamalla tyynyj\u00e4 kasvoille 5-10 minuutiksi.<br \/>\n\u00c4l\u00e4 pese pois mit\u00e4\u00e4n j\u00e4\u00e4mi\u00e4 - anna sen imeyty\u00e4 ihoosi kevyin taputtelevin liikkein ja jatka normaalia ihonhoitorutiinia.<\/p>\n<p>&nbsp;<\/p>","protected":false},"excerpt":{"rendered":"<p>Suositun korealaisen MediPeeL-merkin viilent\u00e4v\u00e4t ja rauhoittavat tyynyt eiv\u00e4t ainoastaan s\u00e4vyt\u00e4 ihoa ja poista kuollutta ihosolukkoa, vaan my\u00f6s hoitavat hell\u00e4varaisesti ihon kosteustasapainoa. Keskeiset edut: Tyynyt sis\u00e4lt\u00e4v\u00e4t 5 eri ainesosaa, joissa on aasialaista vesivauvauutetta, jotka auttavat v\u00e4hent\u00e4m\u00e4\u00e4n \u00e4rsytyst\u00e4 ja rauhoittavat ihoa tehden siit\u00e4 pehme\u00e4n ja sile\u00e4n. Ihoesteen tehostaminen: pantenoli suojaa herkk\u00e4\u00e4 ihoestett\u00e4 ja auttaa pehment\u00e4m\u00e4\u00e4n ja pehment\u00e4m\u00e4\u00e4n ihoa.<\/p>","protected":false},"featured_media":11858,"comment_status":"open","ping_status":"closed","template":"","meta":{"_uf_show_specific_survey":0,"_uf_disable_surveys":false,"_bst_post_transparent":"default","_bst_post_title":"","_bst_post_layout":"default","_bst_post_sidebar_id":"","_bst_post_content_style":"default","_bst_post_vertical_padding":"default","_bst_post_feature":"","_bst_post_feature_position":"","_bst_post_header":false,"_bst_post_footer":false},"pwb-brand":[107],"product_brand":[],"product_cat":[158],"product_tag":[756,202,381,221],"class_list":{"0":"post-11860","1":"product","2":"type-product","3":"status-publish","4":"has-post-thumbnail","6":"pwb-brand-medipeel","7":"product_cat-toonik","8":"product_tag-calming-pad","9":"product_tag-korea-kosmeetika","10":"product_tag-medipeel","11":"product_tag-tundlik-nahk","13":"first","14":"instock","15":"sale","16":"shipping-taxable","17":"purchasable","18":"product-type-simple","19":"entry","20":"content-bg","21":"loop-entry"},"supplier_id":null,"supplier_sku":"","barcode":null,"atum_controlled":true,"out_stock_date":null,"out_stock_threshold":null,"inheritable":false,"inbound_stock":0,"stock_on_hold":0,"sold_today":0,"sales_last_days":0,"out_stock_days":0,"lost_sales":0,"has_location":false,"update_date":"2026-04-14T00:05:08","atum_locations":[],"atum_stock_status":"instock","restock_status":false,"low_stock_amount":"","sales_update_date":"2026-04-14T00:05:08","calc_backorders":null,"yoast_head":"<!-- This site is optimized with the Yoast SEO plugin v27.2 - https:\/\/yoast.com\/product\/yoast-seo-wordpress\/ -->\n<title>Rahustavad ja jahutavad padjakesed MediPeel Cica Cooling Calming Pad, 50tk<\/title>\n<meta name=\"description\" content=\"Jahutavad ja rahustavad padjakesed populaarselt Korea br\u00e4ndilt MediPeeL hoolitsevad \u00f5rnalt naha niiskustasakaalu s\u00e4ilitamise eest. Kiire tarne!\" \/>\n<meta name=\"robots\" content=\"index, follow, max-snippet:-1, max-image-preview:large, max-video-preview:-1\" \/>\n<link rel=\"canonical\" href=\"https:\/\/idakorea.ee\/fi\/product\/medipeel-cica-cooling-calming-pad\/\" \/>\n<meta property=\"og:locale\" content=\"fi_FI\" \/>\n<meta property=\"og:type\" content=\"article\" \/>\n<meta property=\"og:title\" content=\"Rahustavad ja jahutavad padjakesed MediPeel Cica Cooling Calming Pad, 50tk\" \/>\n<meta property=\"og:description\" content=\"Jahutavad ja rahustavad padjakesed populaarselt Korea br\u00e4ndilt MediPeeL hoolitsevad \u00f5rnalt naha niiskustasakaalu s\u00e4ilitamise eest. Kiire tarne!\" \/>\n<meta property=\"og:url\" content=\"https:\/\/idakorea.ee\/fi\/product\/medipeel-cica-cooling-calming-pad\/\" \/>\n<meta property=\"og:site_name\" content=\"IDA.KOREA\" \/>\n<meta property=\"article:modified_time\" content=\"2026-03-12T15:08:29+00:00\" \/>\n<meta property=\"og:image\" content=\"https:\/\/idakorea.ee\/wp-content\/uploads\/2024\/12\/medipeel_500389-1.jpg\" \/>\n\t<meta property=\"og:image:width\" content=\"464\" \/>\n\t<meta property=\"og:image:height\" content=\"464\" \/>\n\t<meta property=\"og:image:type\" content=\"image\/jpeg\" \/>\n<meta name=\"twitter:card\" content=\"summary_large_image\" \/>\n<meta name=\"twitter:label1\" content=\"Arvioitu lukuaika\" \/>\n\t<meta name=\"twitter:data1\" content=\"2 minuuttia\" \/>\n<script type=\"application\/ld+json\" class=\"yoast-schema-graph\">{\"@context\":\"https:\/\/schema.org\",\"@graph\":[{\"@type\":\"WebPage\",\"@id\":\"https:\/\/idakorea.ee\/product\/medipeel-cica-cooling-calming-pad\/\",\"url\":\"https:\/\/idakorea.ee\/product\/medipeel-cica-cooling-calming-pad\/\",\"name\":\"Rahustavad ja jahutavad padjakesed MediPeel Cica Cooling Calming Pad, 50tk\",\"isPartOf\":{\"@id\":\"https:\/\/idakorea.ee\/#website\"},\"primaryImageOfPage\":{\"@id\":\"https:\/\/idakorea.ee\/product\/medipeel-cica-cooling-calming-pad\/#primaryimage\"},\"image\":{\"@id\":\"https:\/\/idakorea.ee\/product\/medipeel-cica-cooling-calming-pad\/#primaryimage\"},\"thumbnailUrl\":\"https:\/\/idakorea.ee\/wp-content\/uploads\/2024\/12\/medipeel_500389-1.jpg\",\"datePublished\":\"2024-12-18T14:31:39+00:00\",\"dateModified\":\"2026-03-12T15:08:29+00:00\",\"description\":\"Jahutavad ja rahustavad padjakesed populaarselt Korea br\u00e4ndilt MediPeeL hoolitsevad \u00f5rnalt naha niiskustasakaalu s\u00e4ilitamise eest. Kiire tarne!\",\"breadcrumb\":{\"@id\":\"https:\/\/idakorea.ee\/product\/medipeel-cica-cooling-calming-pad\/#breadcrumb\"},\"inLanguage\":\"fi\",\"potentialAction\":[{\"@type\":\"ReadAction\",\"target\":[\"https:\/\/idakorea.ee\/product\/medipeel-cica-cooling-calming-pad\/\"]}]},{\"@type\":\"ImageObject\",\"inLanguage\":\"fi\",\"@id\":\"https:\/\/idakorea.ee\/product\/medipeel-cica-cooling-calming-pad\/#primaryimage\",\"url\":\"https:\/\/idakorea.ee\/wp-content\/uploads\/2024\/12\/medipeel_500389-1.jpg\",\"contentUrl\":\"https:\/\/idakorea.ee\/wp-content\/uploads\/2024\/12\/medipeel_500389-1.jpg\",\"width\":464,\"height\":464},{\"@type\":\"BreadcrumbList\",\"@id\":\"https:\/\/idakorea.ee\/product\/medipeel-cica-cooling-calming-pad\/#breadcrumb\",\"itemListElement\":[{\"@type\":\"ListItem\",\"position\":1,\"name\":\"\u0413\u043b\u0430\u0432\u043d\u0430\u044f \u0441\u0442\u0440\u0430\u043d\u0438\u0446\u0430\",\"item\":\"https:\/\/idakorea.ee\/\"},{\"@type\":\"ListItem\",\"position\":2,\"name\":\"Shop\",\"item\":\"https:\/\/idakorea.ee\/shop-2\/\"},{\"@type\":\"ListItem\",\"position\":3,\"name\":\"Rahustavad ja jahutavad padjakesed MediPeel Cica Cooling Calming Pad, 50tk\"}]},{\"@type\":\"WebSite\",\"@id\":\"https:\/\/idakorea.ee\/#website\",\"url\":\"https:\/\/idakorea.ee\/\",\"name\":\"IDA.KOREA\",\"description\":\"Korea kosmeetika e-pood\",\"publisher\":{\"@id\":\"https:\/\/idakorea.ee\/#organization\"},\"alternateName\":\"Beauty Shop\",\"potentialAction\":[{\"@type\":\"SearchAction\",\"target\":{\"@type\":\"EntryPoint\",\"urlTemplate\":\"https:\/\/idakorea.ee\/?s={search_term_string}\"},\"query-input\":{\"@type\":\"PropertyValueSpecification\",\"valueRequired\":true,\"valueName\":\"search_term_string\"}}],\"inLanguage\":\"fi\"},{\"@type\":\"Organization\",\"@id\":\"https:\/\/idakorea.ee\/#organization\",\"name\":\"IDA.KOREA\",\"url\":\"https:\/\/idakorea.ee\/\",\"logo\":{\"@type\":\"ImageObject\",\"inLanguage\":\"fi\",\"@id\":\"https:\/\/idakorea.ee\/#\/schema\/logo\/image\/\",\"url\":\"https:\/\/idakorea.ee\/wp-content\/uploads\/2024\/05\/cropped-korea3.png\",\"contentUrl\":\"https:\/\/idakorea.ee\/wp-content\/uploads\/2024\/05\/cropped-korea3.png\",\"width\":688,\"height\":126,\"caption\":\"IDA.KOREA\"},\"image\":{\"@id\":\"https:\/\/idakorea.ee\/#\/schema\/logo\/image\/\"},\"sameAs\":[\"https:\/\/www.instagram.com\/ida.korea\/\"]}]}<\/script>\n<!-- \/ Yoast SEO plugin. -->","yoast_head_json":{"title":"MediPeel Cat Cooling Calming Pad, 50kpl, kissan rauhoittamiseen ja viilent\u00e4miseen.","description":"Suositun korealaisen MediPeeL-merkin viilent\u00e4v\u00e4t ja rauhoittavat tyynyt hoitavat hell\u00e4varaisesti ihon kosteustasapainoa. Nopea toimitus!","robots":{"index":"index","follow":"follow","max-snippet":"max-snippet:-1","max-image-preview":"max-image-preview:large","max-video-preview":"max-video-preview:-1"},"canonical":"https:\/\/idakorea.ee\/fi\/product\/medipeel-cica-cooling-calming-pad\/","og_locale":"fi_FI","og_type":"article","og_title":"Rahustavad ja jahutavad padjakesed MediPeel Cica Cooling Calming Pad, 50tk","og_description":"Jahutavad ja rahustavad padjakesed populaarselt Korea br\u00e4ndilt MediPeeL hoolitsevad \u00f5rnalt naha niiskustasakaalu s\u00e4ilitamise eest. Kiire tarne!","og_url":"https:\/\/idakorea.ee\/fi\/product\/medipeel-cica-cooling-calming-pad\/","og_site_name":"IDA.KOREA","article_modified_time":"2026-03-12T15:08:29+00:00","og_image":[{"width":464,"height":464,"url":"https:\/\/idakorea.ee\/wp-content\/uploads\/2024\/12\/medipeel_500389-1.jpg","type":"image\/jpeg"}],"twitter_card":"summary_large_image","twitter_misc":{"Arvioitu lukuaika":"2 minuuttia"},"schema":{"@context":"https:\/\/schema.org","@graph":[{"@type":"WebPage","@id":"https:\/\/idakorea.ee\/product\/medipeel-cica-cooling-calming-pad\/","url":"https:\/\/idakorea.ee\/product\/medipeel-cica-cooling-calming-pad\/","name":"MediPeel Cat Cooling Calming Pad, 50kpl, kissan rauhoittamiseen ja viilent\u00e4miseen.","isPartOf":{"@id":"https:\/\/idakorea.ee\/#website"},"primaryImageOfPage":{"@id":"https:\/\/idakorea.ee\/product\/medipeel-cica-cooling-calming-pad\/#primaryimage"},"image":{"@id":"https:\/\/idakorea.ee\/product\/medipeel-cica-cooling-calming-pad\/#primaryimage"},"thumbnailUrl":"https:\/\/idakorea.ee\/wp-content\/uploads\/2024\/12\/medipeel_500389-1.jpg","datePublished":"2024-12-18T14:31:39+00:00","dateModified":"2026-03-12T15:08:29+00:00","description":"Suositun korealaisen MediPeeL-merkin viilent\u00e4v\u00e4t ja rauhoittavat tyynyt hoitavat hell\u00e4varaisesti ihon kosteustasapainoa. Nopea toimitus!","breadcrumb":{"@id":"https:\/\/idakorea.ee\/product\/medipeel-cica-cooling-calming-pad\/#breadcrumb"},"inLanguage":"fi","potentialAction":[{"@type":"ReadAction","target":["https:\/\/idakorea.ee\/product\/medipeel-cica-cooling-calming-pad\/"]}]},{"@type":"ImageObject","inLanguage":"fi","@id":"https:\/\/idakorea.ee\/product\/medipeel-cica-cooling-calming-pad\/#primaryimage","url":"https:\/\/idakorea.ee\/wp-content\/uploads\/2024\/12\/medipeel_500389-1.jpg","contentUrl":"https:\/\/idakorea.ee\/wp-content\/uploads\/2024\/12\/medipeel_500389-1.jpg","width":464,"height":464},{"@type":"BreadcrumbList","@id":"https:\/\/idakorea.ee\/product\/medipeel-cica-cooling-calming-pad\/#breadcrumb","itemListElement":[{"@type":"ListItem","position":1,"name":"\u0413\u043b\u0430\u0432\u043d\u0430\u044f \u0441\u0442\u0440\u0430\u043d\u0438\u0446\u0430","item":"https:\/\/idakorea.ee\/"},{"@type":"ListItem","position":2,"name":"Shop","item":"https:\/\/idakorea.ee\/shop-2\/"},{"@type":"ListItem","position":3,"name":"Rahustavad ja jahutavad padjakesed MediPeel Cica Cooling Calming Pad, 50tk"}]},{"@type":"WebSite","@id":"https:\/\/idakorea.ee\/#website","url":"https:\/\/idakorea.ee\/","name":"IDA.KOREA","description":"Korean kosmetiikan verkkokauppa","publisher":{"@id":"https:\/\/idakorea.ee\/#organization"},"alternateName":"Beauty Shop","potentialAction":[{"@type":"SearchAction","target":{"@type":"EntryPoint","urlTemplate":"https:\/\/idakorea.ee\/?s={search_term_string}"},"query-input":{"@type":"PropertyValueSpecification","valueRequired":true,"valueName":"search_term_string"}}],"inLanguage":"fi"},{"@type":"Organization","@id":"https:\/\/idakorea.ee\/#organization","name":"IDA.KOREA","url":"https:\/\/idakorea.ee\/","logo":{"@type":"ImageObject","inLanguage":"fi","@id":"https:\/\/idakorea.ee\/#\/schema\/logo\/image\/","url":"https:\/\/idakorea.ee\/wp-content\/uploads\/2024\/05\/cropped-korea3.png","contentUrl":"https:\/\/idakorea.ee\/wp-content\/uploads\/2024\/05\/cropped-korea3.png","width":688,"height":126,"caption":"IDA.KOREA"},"image":{"@id":"https:\/\/idakorea.ee\/#\/schema\/logo\/image\/"},"sameAs":["https:\/\/www.instagram.com\/ida.korea\/"]}]}},"jetpack_sharing_enabled":true,"brands":[{"id":107,"name":"MEDIPEEL+","slug":"medipeel"}],"_links":{"self":[{"href":"https:\/\/idakorea.ee\/fi\/wp-json\/wp\/v2\/product\/11860","targetHints":{"allow":["GET"]}}],"collection":[{"href":"https:\/\/idakorea.ee\/fi\/wp-json\/wp\/v2\/product"}],"about":[{"href":"https:\/\/idakorea.ee\/fi\/wp-json\/wp\/v2\/types\/product"}],"replies":[{"embeddable":true,"href":"https:\/\/idakorea.ee\/fi\/wp-json\/wp\/v2\/comments?post=11860"}],"version-history":[{"count":3,"href":"https:\/\/idakorea.ee\/fi\/wp-json\/wp\/v2\/product\/11860\/revisions"}],"predecessor-version":[{"id":13642,"href":"https:\/\/idakorea.ee\/fi\/wp-json\/wp\/v2\/product\/11860\/revisions\/13642"}],"wp:featuredmedia":[{"embeddable":true,"href":"https:\/\/idakorea.ee\/fi\/wp-json\/wp\/v2\/media\/11858"}],"wp:attachment":[{"href":"https:\/\/idakorea.ee\/fi\/wp-json\/wp\/v2\/media?parent=11860"}],"wp:term":[{"taxonomy":"pwb-brand","embeddable":true,"href":"https:\/\/idakorea.ee\/fi\/wp-json\/wp\/v2\/pwb-brand?post=11860"},{"taxonomy":"product_brand","embeddable":true,"href":"https:\/\/idakorea.ee\/fi\/wp-json\/wp\/v2\/product_brand?post=11860"},{"taxonomy":"product_cat","embeddable":true,"href":"https:\/\/idakorea.ee\/fi\/wp-json\/wp\/v2\/product_cat?post=11860"},{"taxonomy":"product_tag","embeddable":true,"href":"https:\/\/idakorea.ee\/fi\/wp-json\/wp\/v2\/product_tag?post=11860"}],"curies":[{"name":"wp","href":"https:\/\/api.w.org\/{rel}","templated":true}]}}