{"id":11883,"date":"2024-12-21T11:59:15","date_gmt":"2024-12-21T09:59:15","guid":{"rendered":"https:\/\/idakorea.ee\/?post_type=product&#038;p=11883"},"modified":"2026-03-27T03:55:40","modified_gmt":"2026-03-27T01:55:40","slug":"ensuumipulber-petitfee-b-glucan-enzyme-powder-wash-1gr-1tk","status":"publish","type":"product","link":"https:\/\/idakorea.ee\/fi\/product\/ensuumipulber-petitfee-b-glucan-enzyme-powder-wash-1gr-1tk\/","title":{"rendered":"Entsyymijauhe Petitfee B-Glucan Enzyme Powder Wash"},"content":{"rendered":"<p><strong>Petitfee B-glukaanientsyymijauhepesu<\/strong> \u2013 hienojakoinen puuteri, joka muuttuu veden kanssa kosketuksissa herk\u00e4ksi ja ilmavaksi vaahdoksi. T\u00e4m\u00e4 vaahto puhdistaa ihon perusteellisesti poistaen meikkij\u00e4\u00e4m\u00e4t, talin ja kuolleet ihosolut.<\/p>\n<p>Tuote on suunniteltu kaikille ihotyypeille hell\u00e4varaiseen mutta syv\u00e4puhdistukseen. Se puhdistaa tehokkaasti ihohuokoset, poistaa mustap\u00e4it\u00e4, s\u00e4\u00e4telee talirauhasten toimintaa, ehk\u00e4isee liiallista rasvaista kiiltoa, parantaa ihonv\u00e4ri\u00e4 ja tekee ihosta raikkaan ja terveen.<\/p>\n<p>Puhdistus tehd\u00e4\u00e4n luonnollisilla kasvientsyymeill\u00e4 ilman aggressiivista mekaanista vaikutusta. Papaija- ja riisientsyymit liuottavat keratiinij\u00e4\u00e4mi\u00e4 ja auttavat niiden poistumisessa. Niill\u00e4 on tulehdusta est\u00e4v\u00e4 vaikutus, ne nopeuttavat uusien solujen uudistumista, parantavat verenkiertoa, tasoittavat ihon pintaa, vaalentavat pigmenttil\u00e4iski\u00e4 ja parantavat ihonv\u00e4ri\u00e4.<\/p>\n<p><strong>T\u00e4rkeimm\u00e4t vaikuttavat aineet:<\/strong><\/p>\n<ul>\n<li class=\"translation-block\"><strong>Beetaglukaani<\/strong> korjaa vaurioituneita alueita, sill\u00e4 on tulehdusta ja ik\u00e4\u00e4ntymist\u00e4 ehk\u00e4isevi\u00e4 vaikutuksia, se kosteuttaa tehokkaasti ja suojaa vapailta radikaaleilta.<\/li>\n<li><strong>Hiivauute<\/strong> Stimuloi solujen toimintaa, normalisoi verenkiertoa ja aineenvaihduntaa, parantaa kaikkien ihokerrosten ravitsemusta, auttaa torjumaan aknea, \u00e4rsytyst\u00e4 ja hilseily\u00e4. Kosteuttaa, pehment\u00e4\u00e4, virkist\u00e4\u00e4 ja parantaa ihonv\u00e4ri\u00e4.<\/li>\n<li class=\"translation-block\"><strong>Allantoiini<\/strong> edist\u00e4\u00e4 uudistumista, korjaa ja rauhoittaa, sill\u00e4 on antioksidanttinen vaikutus, se kosteuttaa ja v\u00e4hent\u00e4\u00e4 ihon herkkyytt\u00e4.<\/li>\n<li><strong>Aspergillus-entsyymi<\/strong> Tasoittaa ihon s\u00e4vy\u00e4, kirkastaa pigmentti- ja ik\u00e4l\u00e4iski\u00e4, stimuloi uusiutumisprosesseja ja kuorii hell\u00e4varaisesti.<\/li>\n<li><strong>Teepuu\u00f6ljy<\/strong> on luonnollinen antiseptinen aine, jolla on tulehdusta est\u00e4vi\u00e4 ominaisuuksia. Se parantaa akneen taipuvaisen ihon kuntoa.<\/li>\n<\/ul>\n<p>&nbsp;<\/p>\n<p class=\"translation-block\"><strong>Sopii:<\/strong> normaalille, sekaiholle, kuivalle ja herk\u00e4lle iholle.<\/p>\n<p><strong>K\u00e4ytt\u00f6:<\/strong><\/p>\n<ul>\n<li class=\"translation-block\"><strong>Vaahtona:<\/strong> Ripottele pieni m\u00e4\u00e4r\u00e4 puuteria m\u00e4rkiin k\u00e4mmeniin, lis\u00e4\u00e4 vesi ja vaahdota. Levit\u00e4 vaahto kasvoille kevyin py\u00f6rivin liikkein, hiero ja huuhtele vedell\u00e4.<\/li>\n<li class=\"translation-block\"><strong>Naamiona:<\/strong> Sekoita jauhe pieneen m\u00e4\u00e4r\u00e4\u00e4n vett\u00e4. Levit\u00e4 seos kasvoillesi v\u00e4ltt\u00e4en silm\u00e4nymp\u00e4rysihoa. Huuhtele vedell\u00e4 5\u201310 minuutin kuluttua.<\/li>\n<\/ul>","protected":false},"excerpt":{"rendered":"<p>Petitfee B-Glucan Enzyme Powder Wash - hienorakeinen jauhe, joka muuttuu hell\u00e4varaiseksi, ilmavaksi vaahdoksi joutuessaan kosketuksiin veden kanssa. Vaahto puhdistaa ihon perusteellisesti ja poistaa meikkij\u00e4\u00e4m\u00e4t, \u00f6ljyn ja kuolleet ihosolut. Tuote on suunniteltu kaikille ihotyypeille hell\u00e4varaiseen mutta syv\u00e4puhdistukseen. Se puhdistaa tehokkaasti ihohuokoset, vapauttaa ihon mustumista, s\u00e4\u00e4telee talirauhasia, ehk\u00e4isee liiallista rasvoittumista, parantaa ihon s\u00e4vy\u00e4 ja...<\/p>","protected":false},"featured_media":11884,"comment_status":"open","ping_status":"closed","template":"","meta":{"_uf_show_specific_survey":0,"_uf_disable_surveys":false,"_bst_post_transparent":"default","_bst_post_title":"","_bst_post_layout":"default","_bst_post_sidebar_id":"","_bst_post_content_style":"default","_bst_post_vertical_padding":"default","_bst_post_feature":"","_bst_post_feature_position":"","_bst_post_header":false,"_bst_post_footer":false},"pwb-brand":[530],"product_brand":[],"product_cat":[92,452],"product_tag":[598,202,532],"class_list":{"0":"post-11883","1":"product","2":"type-product","3":"status-publish","4":"has-post-thumbnail","6":"pwb-brand-petitfee","7":"product_cat-nagu","8":"product_cat-naopuhastusgeelid","9":"product_tag-enzyme","10":"product_tag-korea-kosmeetika","11":"product_tag-petitfee","13":"first","14":"instock","15":"sale","16":"shipping-taxable","17":"purchasable","18":"product-type-variable","19":"entry","20":"content-bg","21":"loop-entry"},"supplier_id":null,"supplier_sku":"","barcode":null,"atum_controlled":true,"out_stock_date":null,"out_stock_threshold":null,"inheritable":true,"inbound_stock":0,"stock_on_hold":0,"sold_today":0,"sales_last_days":2,"out_stock_days":0,"lost_sales":0,"has_location":false,"update_date":"2026-04-14T00:05:06","atum_locations":[],"atum_stock_status":"instock","restock_status":false,"low_stock_amount":"","sales_update_date":"2026-04-14T00:05:06","calc_backorders":null,"yoast_head":"<!-- This site is optimized with the Yoast SEO plugin v27.2 - https:\/\/yoast.com\/product\/yoast-seo-wordpress\/ -->\n<title>Petitfee B-Glucan Enzyme Powder Wash - IDA.KOREA<\/title>\n<meta name=\"description\" content=\"Petitfee B-Glucan Enzyme Powder Wash \u2013 peeneteraline pulber, mis kokkupuutel veega muutub \u00f5rnaks ja \u00f5huliseks vahuks. Kiire tarne!\" \/>\n<meta name=\"robots\" content=\"index, follow, max-snippet:-1, max-image-preview:large, max-video-preview:-1\" \/>\n<link rel=\"canonical\" href=\"https:\/\/idakorea.ee\/fi\/product\/ensuumipulber-petitfee-b-glucan-enzyme-powder-wash-1gr-1tk\/\" \/>\n<meta property=\"og:locale\" content=\"fi_FI\" \/>\n<meta property=\"og:type\" content=\"article\" \/>\n<meta property=\"og:title\" content=\"Petitfee B-Glucan Enzyme Powder Wash - IDA.KOREA\" \/>\n<meta property=\"og:description\" content=\"Petitfee B-Glucan Enzyme Powder Wash \u2013 peeneteraline pulber, mis kokkupuutel veega muutub \u00f5rnaks ja \u00f5huliseks vahuks. Kiire tarne!\" \/>\n<meta property=\"og:url\" content=\"https:\/\/idakorea.ee\/fi\/product\/ensuumipulber-petitfee-b-glucan-enzyme-powder-wash-1gr-1tk\/\" \/>\n<meta property=\"og:site_name\" content=\"IDA.KOREA\" \/>\n<meta property=\"article:modified_time\" content=\"2026-03-27T01:55:40+00:00\" \/>\n<meta property=\"og:image\" content=\"https:\/\/idakorea.ee\/wp-content\/uploads\/2024\/12\/petitfee-enzyme.jpg\" \/>\n\t<meta property=\"og:image:width\" content=\"766\" \/>\n\t<meta property=\"og:image:height\" content=\"768\" \/>\n\t<meta property=\"og:image:type\" content=\"image\/jpeg\" \/>\n<meta name=\"twitter:card\" content=\"summary_large_image\" \/>\n<meta name=\"twitter:label1\" content=\"Arvioitu lukuaika\" \/>\n\t<meta name=\"twitter:data1\" content=\"2 minuuttia\" \/>\n<script type=\"application\/ld+json\" class=\"yoast-schema-graph\">{\"@context\":\"https:\/\/schema.org\",\"@graph\":[{\"@type\":\"WebPage\",\"@id\":\"https:\/\/idakorea.ee\/product\/ensuumipulber-petitfee-b-glucan-enzyme-powder-wash-1gr-1tk\/\",\"url\":\"https:\/\/idakorea.ee\/product\/ensuumipulber-petitfee-b-glucan-enzyme-powder-wash-1gr-1tk\/\",\"name\":\"Petitfee B-Glucan Enzyme Powder Wash - IDA.KOREA\",\"isPartOf\":{\"@id\":\"https:\/\/idakorea.ee\/#website\"},\"primaryImageOfPage\":{\"@id\":\"https:\/\/idakorea.ee\/product\/ensuumipulber-petitfee-b-glucan-enzyme-powder-wash-1gr-1tk\/#primaryimage\"},\"image\":{\"@id\":\"https:\/\/idakorea.ee\/product\/ensuumipulber-petitfee-b-glucan-enzyme-powder-wash-1gr-1tk\/#primaryimage\"},\"thumbnailUrl\":\"https:\/\/idakorea.ee\/wp-content\/uploads\/2024\/12\/petitfee-enzyme.jpg\",\"datePublished\":\"2024-12-21T09:59:15+00:00\",\"dateModified\":\"2026-03-27T01:55:40+00:00\",\"description\":\"Petitfee B-Glucan Enzyme Powder Wash \u2013 peeneteraline pulber, mis kokkupuutel veega muutub \u00f5rnaks ja \u00f5huliseks vahuks. Kiire tarne!\",\"breadcrumb\":{\"@id\":\"https:\/\/idakorea.ee\/product\/ensuumipulber-petitfee-b-glucan-enzyme-powder-wash-1gr-1tk\/#breadcrumb\"},\"inLanguage\":\"fi\",\"potentialAction\":[{\"@type\":\"ReadAction\",\"target\":[\"https:\/\/idakorea.ee\/product\/ensuumipulber-petitfee-b-glucan-enzyme-powder-wash-1gr-1tk\/\"]}]},{\"@type\":\"ImageObject\",\"inLanguage\":\"fi\",\"@id\":\"https:\/\/idakorea.ee\/product\/ensuumipulber-petitfee-b-glucan-enzyme-powder-wash-1gr-1tk\/#primaryimage\",\"url\":\"https:\/\/idakorea.ee\/wp-content\/uploads\/2024\/12\/petitfee-enzyme.jpg\",\"contentUrl\":\"https:\/\/idakorea.ee\/wp-content\/uploads\/2024\/12\/petitfee-enzyme.jpg\",\"width\":766,\"height\":768},{\"@type\":\"BreadcrumbList\",\"@id\":\"https:\/\/idakorea.ee\/product\/ensuumipulber-petitfee-b-glucan-enzyme-powder-wash-1gr-1tk\/#breadcrumb\",\"itemListElement\":[{\"@type\":\"ListItem\",\"position\":1,\"name\":\"\u0413\u043b\u0430\u0432\u043d\u0430\u044f \u0441\u0442\u0440\u0430\u043d\u0438\u0446\u0430\",\"item\":\"https:\/\/idakorea.ee\/\"},{\"@type\":\"ListItem\",\"position\":2,\"name\":\"Shop\",\"item\":\"https:\/\/idakorea.ee\/shop-2\/\"},{\"@type\":\"ListItem\",\"position\":3,\"name\":\"Ens\u00fc\u00fcmipulber Petitfee B-Glucan Enzyme Powder Wash\"}]},{\"@type\":\"WebSite\",\"@id\":\"https:\/\/idakorea.ee\/#website\",\"url\":\"https:\/\/idakorea.ee\/\",\"name\":\"IDA.KOREA\",\"description\":\"Korea kosmeetika e-pood\",\"publisher\":{\"@id\":\"https:\/\/idakorea.ee\/#organization\"},\"alternateName\":\"Beauty Shop\",\"potentialAction\":[{\"@type\":\"SearchAction\",\"target\":{\"@type\":\"EntryPoint\",\"urlTemplate\":\"https:\/\/idakorea.ee\/?s={search_term_string}\"},\"query-input\":{\"@type\":\"PropertyValueSpecification\",\"valueRequired\":true,\"valueName\":\"search_term_string\"}}],\"inLanguage\":\"fi\"},{\"@type\":\"Organization\",\"@id\":\"https:\/\/idakorea.ee\/#organization\",\"name\":\"IDA.KOREA\",\"url\":\"https:\/\/idakorea.ee\/\",\"logo\":{\"@type\":\"ImageObject\",\"inLanguage\":\"fi\",\"@id\":\"https:\/\/idakorea.ee\/#\/schema\/logo\/image\/\",\"url\":\"https:\/\/idakorea.ee\/wp-content\/uploads\/2024\/05\/cropped-korea3.png\",\"contentUrl\":\"https:\/\/idakorea.ee\/wp-content\/uploads\/2024\/05\/cropped-korea3.png\",\"width\":688,\"height\":126,\"caption\":\"IDA.KOREA\"},\"image\":{\"@id\":\"https:\/\/idakorea.ee\/#\/schema\/logo\/image\/\"},\"sameAs\":[\"https:\/\/www.instagram.com\/ida.korea\/\"]}]}<\/script>\n<!-- \/ Yoast SEO plugin. -->","yoast_head_json":{"title":"Petitfee B-glukaanientsyymijauhepesu - IDA.KOREA","description":"Petitfee B-glukaanientsyymijauhepesu \u2013 hienojakoinen jauhe, joka muuttuu veden kanssa kosketuksissa herk\u00e4ksi ja ilmavaksi vaahdoksi. Nopea toimitus!","robots":{"index":"index","follow":"follow","max-snippet":"max-snippet:-1","max-image-preview":"max-image-preview:large","max-video-preview":"max-video-preview:-1"},"canonical":"https:\/\/idakorea.ee\/fi\/product\/ensuumipulber-petitfee-b-glucan-enzyme-powder-wash-1gr-1tk\/","og_locale":"fi_FI","og_type":"article","og_title":"Petitfee B-Glucan Enzyme Powder Wash - IDA.KOREA","og_description":"Petitfee B-Glucan Enzyme Powder Wash \u2013 peeneteraline pulber, mis kokkupuutel veega muutub \u00f5rnaks ja \u00f5huliseks vahuks. Kiire tarne!","og_url":"https:\/\/idakorea.ee\/fi\/product\/ensuumipulber-petitfee-b-glucan-enzyme-powder-wash-1gr-1tk\/","og_site_name":"IDA.KOREA","article_modified_time":"2026-03-27T01:55:40+00:00","og_image":[{"width":766,"height":768,"url":"https:\/\/idakorea.ee\/wp-content\/uploads\/2024\/12\/petitfee-enzyme.jpg","type":"image\/jpeg"}],"twitter_card":"summary_large_image","twitter_misc":{"Arvioitu lukuaika":"2 minuuttia"},"schema":{"@context":"https:\/\/schema.org","@graph":[{"@type":"WebPage","@id":"https:\/\/idakorea.ee\/product\/ensuumipulber-petitfee-b-glucan-enzyme-powder-wash-1gr-1tk\/","url":"https:\/\/idakorea.ee\/product\/ensuumipulber-petitfee-b-glucan-enzyme-powder-wash-1gr-1tk\/","name":"Petitfee B-glukaanientsyymijauhepesu - IDA.KOREA","isPartOf":{"@id":"https:\/\/idakorea.ee\/#website"},"primaryImageOfPage":{"@id":"https:\/\/idakorea.ee\/product\/ensuumipulber-petitfee-b-glucan-enzyme-powder-wash-1gr-1tk\/#primaryimage"},"image":{"@id":"https:\/\/idakorea.ee\/product\/ensuumipulber-petitfee-b-glucan-enzyme-powder-wash-1gr-1tk\/#primaryimage"},"thumbnailUrl":"https:\/\/idakorea.ee\/wp-content\/uploads\/2024\/12\/petitfee-enzyme.jpg","datePublished":"2024-12-21T09:59:15+00:00","dateModified":"2026-03-27T01:55:40+00:00","description":"Petitfee B-glukaanientsyymijauhepesu \u2013 hienojakoinen jauhe, joka muuttuu veden kanssa kosketuksissa herk\u00e4ksi ja ilmavaksi vaahdoksi. Nopea toimitus!","breadcrumb":{"@id":"https:\/\/idakorea.ee\/product\/ensuumipulber-petitfee-b-glucan-enzyme-powder-wash-1gr-1tk\/#breadcrumb"},"inLanguage":"fi","potentialAction":[{"@type":"ReadAction","target":["https:\/\/idakorea.ee\/product\/ensuumipulber-petitfee-b-glucan-enzyme-powder-wash-1gr-1tk\/"]}]},{"@type":"ImageObject","inLanguage":"fi","@id":"https:\/\/idakorea.ee\/product\/ensuumipulber-petitfee-b-glucan-enzyme-powder-wash-1gr-1tk\/#primaryimage","url":"https:\/\/idakorea.ee\/wp-content\/uploads\/2024\/12\/petitfee-enzyme.jpg","contentUrl":"https:\/\/idakorea.ee\/wp-content\/uploads\/2024\/12\/petitfee-enzyme.jpg","width":766,"height":768},{"@type":"BreadcrumbList","@id":"https:\/\/idakorea.ee\/product\/ensuumipulber-petitfee-b-glucan-enzyme-powder-wash-1gr-1tk\/#breadcrumb","itemListElement":[{"@type":"ListItem","position":1,"name":"\u0413\u043b\u0430\u0432\u043d\u0430\u044f \u0441\u0442\u0440\u0430\u043d\u0438\u0446\u0430","item":"https:\/\/idakorea.ee\/"},{"@type":"ListItem","position":2,"name":"Shop","item":"https:\/\/idakorea.ee\/shop-2\/"},{"@type":"ListItem","position":3,"name":"Ens\u00fc\u00fcmipulber Petitfee B-Glucan Enzyme Powder Wash"}]},{"@type":"WebSite","@id":"https:\/\/idakorea.ee\/#website","url":"https:\/\/idakorea.ee\/","name":"IDA.KOREA","description":"Korean kosmetiikan verkkokauppa","publisher":{"@id":"https:\/\/idakorea.ee\/#organization"},"alternateName":"Beauty Shop","potentialAction":[{"@type":"SearchAction","target":{"@type":"EntryPoint","urlTemplate":"https:\/\/idakorea.ee\/?s={search_term_string}"},"query-input":{"@type":"PropertyValueSpecification","valueRequired":true,"valueName":"search_term_string"}}],"inLanguage":"fi"},{"@type":"Organization","@id":"https:\/\/idakorea.ee\/#organization","name":"IDA.KOREA","url":"https:\/\/idakorea.ee\/","logo":{"@type":"ImageObject","inLanguage":"fi","@id":"https:\/\/idakorea.ee\/#\/schema\/logo\/image\/","url":"https:\/\/idakorea.ee\/wp-content\/uploads\/2024\/05\/cropped-korea3.png","contentUrl":"https:\/\/idakorea.ee\/wp-content\/uploads\/2024\/05\/cropped-korea3.png","width":688,"height":126,"caption":"IDA.KOREA"},"image":{"@id":"https:\/\/idakorea.ee\/#\/schema\/logo\/image\/"},"sameAs":["https:\/\/www.instagram.com\/ida.korea\/"]}]}},"jetpack_sharing_enabled":true,"brands":[{"id":530,"name":"PETITFEE","slug":"petitfee"}],"_links":{"self":[{"href":"https:\/\/idakorea.ee\/fi\/wp-json\/wp\/v2\/product\/11883","targetHints":{"allow":["GET"]}}],"collection":[{"href":"https:\/\/idakorea.ee\/fi\/wp-json\/wp\/v2\/product"}],"about":[{"href":"https:\/\/idakorea.ee\/fi\/wp-json\/wp\/v2\/types\/product"}],"replies":[{"embeddable":true,"href":"https:\/\/idakorea.ee\/fi\/wp-json\/wp\/v2\/comments?post=11883"}],"version-history":[{"count":3,"href":"https:\/\/idakorea.ee\/fi\/wp-json\/wp\/v2\/product\/11883\/revisions"}],"predecessor-version":[{"id":12646,"href":"https:\/\/idakorea.ee\/fi\/wp-json\/wp\/v2\/product\/11883\/revisions\/12646"}],"wp:featuredmedia":[{"embeddable":true,"href":"https:\/\/idakorea.ee\/fi\/wp-json\/wp\/v2\/media\/11884"}],"wp:attachment":[{"href":"https:\/\/idakorea.ee\/fi\/wp-json\/wp\/v2\/media?parent=11883"}],"wp:term":[{"taxonomy":"pwb-brand","embeddable":true,"href":"https:\/\/idakorea.ee\/fi\/wp-json\/wp\/v2\/pwb-brand?post=11883"},{"taxonomy":"product_brand","embeddable":true,"href":"https:\/\/idakorea.ee\/fi\/wp-json\/wp\/v2\/product_brand?post=11883"},{"taxonomy":"product_cat","embeddable":true,"href":"https:\/\/idakorea.ee\/fi\/wp-json\/wp\/v2\/product_cat?post=11883"},{"taxonomy":"product_tag","embeddable":true,"href":"https:\/\/idakorea.ee\/fi\/wp-json\/wp\/v2\/product_tag?post=11883"}],"curies":[{"name":"wp","href":"https:\/\/api.w.org\/{rel}","templated":true}]}}