{"id":11945,"date":"2024-12-22T18:46:48","date_gmt":"2024-12-22T16:46:48","guid":{"rendered":"https:\/\/idakorea.ee\/?post_type=product&#038;p=11945"},"modified":"2026-04-04T13:39:47","modified_gmt":"2026-04-04T11:39:47","slug":"vegaan-toonik-musta-riisiga-haruharu-wonder-black-rice-hyaluronic-toner-for-sensitive-skin-150ml","status":"publish","type":"product","link":"https:\/\/idakorea.ee\/fi\/product\/vegaan-toonik-musta-riisiga-haruharu-wonder-black-rice-hyaluronic-toner-for-sensitive-skin-150ml\/","title":{"rendered":"Vegaaninen mustan riisin kasvovesi Haruharu Wonder Black Rice Hyaluronic Toner herk\u00e4lle iholle, 150ml"},"content":{"rendered":"<p>Kasvovesi on erityisesti kehitetty herk\u00e4lle iholle. Se kosteuttaa tehokkaasti, parantaa ihon s\u00e4vy\u00e4 eik\u00e4 aiheuta \u00e4rsytyst\u00e4 tai kireytt\u00e4.<\/p>\n<p>Tuotteella on luonnollinen ja hypoallergeeninen koostumus, joka ei sis\u00e4ll\u00e4 alkoholia, parabeeneja tai hajusteita. Se sopii jopa herkimm\u00e4lle, herkimm\u00e4lle ja atooppiselle iholle.<\/p>\n<p class=\"translation-block\"><strong>UDT-teknologia<\/strong><br> Kasvovedess\u00e4 k\u00e4ytet\u00e4\u00e4n erityist\u00e4 UDT-teknologiaa: saponiineista (ginseng-uutteesta) valmistettuja liposomeja, joiden ydin on mustan riisin entsyymej\u00e4. T\u00e4m\u00e4 vahvistaa ihon akvaporiineja ja parantaa epidermiksen l\u00e4p\u00e4isevyytt\u00e4, mik\u00e4 auttaa aktiivisia ainesosia tunkeutumaan syvemm\u00e4lle ja lis\u00e4\u00e4 niiden tehoa.<\/p>\n<p>Kasvovedell\u00e4 on kevyt, vetinen koostumus, joka imeytyy nopeasti eik\u00e4 j\u00e4t\u00e4 ihoa tahmeaksi.<\/p>\n<p><strong>T\u00e4rkeimm\u00e4t vaikuttavat aineet:<\/strong><\/p>\n<ul>\n<li><strong>Musta riisiuute<\/strong>: vahva antioksidantti, joka neutraloi vapaiden radikaalien vaikutuksia, parantaa ihonv\u00e4ri\u00e4, kiinteytt\u00e4\u00e4 ja hidastaa solujen oksidatiivisia prosesseja pident\u00e4m\u00e4ll\u00e4 ihon nuorekkuutta.<\/li>\n<li><strong>Hyaluronihappo<\/strong>luo n\u00e4kym\u00e4tt\u00f6m\u00e4n kosteussuojan, joka est\u00e4\u00e4 kosteuden haihtumista, parantaa ihon rakennetta, edist\u00e4\u00e4 solujen uusiutumista, v\u00e4hent\u00e4\u00e4 hienoja ryppyj\u00e4 tehden ihosta sile\u00e4n ja pehme\u00e4n.<\/li>\n<li><strong>Ginsengin juuriuute<\/strong>Vahvistaa ihon vastustuskyky\u00e4, nuorentaa ja palauttaa ihon terveyden, stimuloi verenkiertoa ja parantaa ihonv\u00e4ri\u00e4, suojaa soluja vaurioilta ja kiinteytt\u00e4\u00e4 ihoa.<\/li>\n<li><strong>Aspergillus-entsyymi<\/strong>Tasoittaa ihon s\u00e4vy\u00e4, kirkastaa hell\u00e4varaisesti pigmenttil\u00e4iski\u00e4 ja sameita alueita, stimuloi ihon uusiutumista ja kuorii kevyesti.<\/li>\n<li><strong>Baikalin viikunanjuuren uute<\/strong>Pehment\u00e4\u00e4, rauhoittaa, supistaa ja ehk\u00e4isee tulehdusta, uudistaa ihoa, torjuu couperosaa, nuorentaa ja v\u00e4hent\u00e4\u00e4 pigmentaatiota.<\/li>\n<li class=\"translation-block\"><strong>Beetaglukaani<\/strong> : tukee ihon immuunij\u00e4rjestelm\u00e4\u00e4, sill\u00e4 on antioksidanttinen vaikutus, se suojaa ja korjaa vaurioitunutta ihoa sek\u00e4 ehk\u00e4isee ennenaikaista ik\u00e4\u00e4ntymist\u00e4.<\/li>\n<li><strong>Korealainen kirppupuun uute<\/strong>Sill\u00e4 on bakteereja tappavia ja sienil\u00e4\u00e4kkeit\u00e4 tappavia vaikutuksia, rauhoittaa tulehdusta ja lievitt\u00e4\u00e4 \u00e4rsytyst\u00e4, kiinteytt\u00e4\u00e4 ja raikastaa ihoa.<\/li>\n<li><strong>Zantoxylium-uute<\/strong>: on antibakteerinen ja tulehdusta ehk\u00e4isev\u00e4, rauhoittaa kutinaa ja \u00e4rsytyst\u00e4, parantaa ihon yleiskuntoa.<\/li>\n<\/ul>\n<p>&nbsp;<\/p>\n<p><strong>K\u00e4ytt\u00f6: <\/strong>Levit\u00e4 tarvittava m\u00e4\u00e4r\u00e4 kasvovett\u00e4 puhdistetulle iholle joko vanulapulla tai k\u00e4mmenill\u00e4si.<\/p>\n<p>Tuote sopii herk\u00e4lle ja kuivalle iholle.<\/p>","protected":false},"excerpt":{"rendered":"<p>Vesi on suunniteltu erityisesti herk\u00e4lle iholle. Se antaa intensiivist\u00e4 kosteutusta, parantaa ihon s\u00e4vy\u00e4 eik\u00e4 aiheuta \u00e4rsytyst\u00e4 tai kiristyst\u00e4. Tuotteessa on luonnollinen ja allergiatestattu koostumus, joka ei sis\u00e4ll\u00e4 alkoholia, parabeeneja eik\u00e4 hajusteita. Sopii herkimm\u00e4lle, herk\u00e4lle ja atooppiselle iholle. U.D.T.-teknologia Veden koostumus on valmistettu erityisell\u00e4 U.D.T.-teknologialla: saponiineista (ginseng-uute) valmistettuja liposomeja, joissa on musta...<\/p>","protected":false},"featured_media":11946,"comment_status":"open","ping_status":"closed","template":"","meta":{"_uf_show_specific_survey":0,"_uf_disable_surveys":false,"_bst_post_transparent":"default","_bst_post_title":"","_bst_post_layout":"default","_bst_post_sidebar_id":"","_bst_post_content_style":"default","_bst_post_vertical_padding":"default","_bst_post_feature":"","_bst_post_feature_position":"","_bst_post_header":false,"_bst_post_footer":false},"pwb-brand":[763],"product_brand":[],"product_cat":[92,158],"product_tag":[764,568,765,221],"class_list":{"0":"post-11945","1":"product","2":"type-product","3":"status-publish","4":"has-post-thumbnail","6":"pwb-brand-haruharu-wonder","7":"product_cat-nagu","8":"product_cat-toonik","9":"product_tag-haruharu","10":"product_tag-korea","11":"product_tag-rice-toner","12":"product_tag-tundlik-nahk","14":"first","15":"instock","16":"sale","17":"shipping-taxable","18":"purchasable","19":"product-type-simple","20":"entry","21":"content-bg","22":"loop-entry"},"supplier_id":null,"supplier_sku":"","barcode":null,"atum_controlled":true,"out_stock_date":null,"out_stock_threshold":null,"inheritable":false,"inbound_stock":0,"stock_on_hold":0,"sold_today":0,"sales_last_days":0,"out_stock_days":0,"lost_sales":0,"has_location":false,"update_date":"2026-04-14T00:05:11","atum_locations":[],"atum_stock_status":"instock","restock_status":false,"low_stock_amount":"","sales_update_date":"2026-04-14T00:05:11","calc_backorders":null,"yoast_head":"<!-- This site is optimized with the Yoast SEO plugin v27.2 - https:\/\/yoast.com\/product\/yoast-seo-wordpress\/ -->\n<title>Vegaan toonik musta riisiga Haruharu Wonder Black Rice Hyaluronic Toner For Sensitive Skin, 150ml - IDA.KOREA<\/title>\n<meta name=\"robots\" content=\"index, follow, max-snippet:-1, max-image-preview:large, max-video-preview:-1\" \/>\n<link rel=\"canonical\" href=\"https:\/\/idakorea.ee\/fi\/product\/vegaan-toonik-musta-riisiga-haruharu-wonder-black-rice-hyaluronic-toner-for-sensitive-skin-150ml\/\" \/>\n<meta property=\"og:locale\" content=\"fi_FI\" \/>\n<meta property=\"og:type\" content=\"article\" \/>\n<meta property=\"og:title\" content=\"Vegaan toonik musta riisiga Haruharu Wonder Black Rice Hyaluronic Toner For Sensitive Skin, 150ml - IDA.KOREA\" \/>\n<meta property=\"og:description\" content=\"Toonik on spetsiaalselt loodud tundlikule nahale. See tagab intensiivse niisutuse, parandab jume ja ei tekita \u00e4rritusi ega naha pingulolekut. Tootel on loomulik ja h\u00fcpoallergeenne koostis, mis ei sisalda alkoholi, parabeene ega l\u00f5hnaaineid. Sobib ka k\u00f5ige tundlikumale, \u00f5rnemale ja atoopilisele nahale. U.D.T-tehnoloogia Tooniku koostises kasutatakse spetsiaalset U.D.T-tehnoloogiat: saponiinidest (\u017een\u0161enni ekstraktist) valmistatud liposoome, mille tuumas on musta...\" \/>\n<meta property=\"og:url\" content=\"https:\/\/idakorea.ee\/fi\/product\/vegaan-toonik-musta-riisiga-haruharu-wonder-black-rice-hyaluronic-toner-for-sensitive-skin-150ml\/\" \/>\n<meta property=\"og:site_name\" content=\"IDA.KOREA\" \/>\n<meta property=\"article:modified_time\" content=\"2026-04-04T11:39:47+00:00\" \/>\n<meta property=\"og:image\" content=\"https:\/\/idakorea.ee\/wp-content\/uploads\/2024\/12\/hhh-gf.png\" \/>\n\t<meta property=\"og:image:width\" content=\"1000\" \/>\n\t<meta property=\"og:image:height\" content=\"1000\" \/>\n\t<meta property=\"og:image:type\" content=\"image\/png\" \/>\n<meta name=\"twitter:card\" content=\"summary_large_image\" \/>\n<meta name=\"twitter:label1\" content=\"Arvioitu lukuaika\" \/>\n\t<meta name=\"twitter:data1\" content=\"2 minuuttia\" \/>\n<script type=\"application\/ld+json\" class=\"yoast-schema-graph\">{\"@context\":\"https:\/\/schema.org\",\"@graph\":[{\"@type\":\"WebPage\",\"@id\":\"https:\/\/idakorea.ee\/product\/vegaan-toonik-musta-riisiga-haruharu-wonder-black-rice-hyaluronic-toner-for-sensitive-skin-150ml\/\",\"url\":\"https:\/\/idakorea.ee\/product\/vegaan-toonik-musta-riisiga-haruharu-wonder-black-rice-hyaluronic-toner-for-sensitive-skin-150ml\/\",\"name\":\"Vegaan toonik musta riisiga Haruharu Wonder Black Rice Hyaluronic Toner For Sensitive Skin, 150ml - IDA.KOREA\",\"isPartOf\":{\"@id\":\"https:\/\/idakorea.ee\/#website\"},\"primaryImageOfPage\":{\"@id\":\"https:\/\/idakorea.ee\/product\/vegaan-toonik-musta-riisiga-haruharu-wonder-black-rice-hyaluronic-toner-for-sensitive-skin-150ml\/#primaryimage\"},\"image\":{\"@id\":\"https:\/\/idakorea.ee\/product\/vegaan-toonik-musta-riisiga-haruharu-wonder-black-rice-hyaluronic-toner-for-sensitive-skin-150ml\/#primaryimage\"},\"thumbnailUrl\":\"https:\/\/idakorea.ee\/wp-content\/uploads\/2024\/12\/hhh-gf.png\",\"datePublished\":\"2024-12-22T16:46:48+00:00\",\"dateModified\":\"2026-04-04T11:39:47+00:00\",\"breadcrumb\":{\"@id\":\"https:\/\/idakorea.ee\/product\/vegaan-toonik-musta-riisiga-haruharu-wonder-black-rice-hyaluronic-toner-for-sensitive-skin-150ml\/#breadcrumb\"},\"inLanguage\":\"fi\",\"potentialAction\":[{\"@type\":\"ReadAction\",\"target\":[\"https:\/\/idakorea.ee\/product\/vegaan-toonik-musta-riisiga-haruharu-wonder-black-rice-hyaluronic-toner-for-sensitive-skin-150ml\/\"]}]},{\"@type\":\"ImageObject\",\"inLanguage\":\"fi\",\"@id\":\"https:\/\/idakorea.ee\/product\/vegaan-toonik-musta-riisiga-haruharu-wonder-black-rice-hyaluronic-toner-for-sensitive-skin-150ml\/#primaryimage\",\"url\":\"https:\/\/idakorea.ee\/wp-content\/uploads\/2024\/12\/hhh-gf.png\",\"contentUrl\":\"https:\/\/idakorea.ee\/wp-content\/uploads\/2024\/12\/hhh-gf.png\",\"width\":1000,\"height\":1000},{\"@type\":\"BreadcrumbList\",\"@id\":\"https:\/\/idakorea.ee\/product\/vegaan-toonik-musta-riisiga-haruharu-wonder-black-rice-hyaluronic-toner-for-sensitive-skin-150ml\/#breadcrumb\",\"itemListElement\":[{\"@type\":\"ListItem\",\"position\":1,\"name\":\"\u0413\u043b\u0430\u0432\u043d\u0430\u044f \u0441\u0442\u0440\u0430\u043d\u0438\u0446\u0430\",\"item\":\"https:\/\/idakorea.ee\/\"},{\"@type\":\"ListItem\",\"position\":2,\"name\":\"Shop\",\"item\":\"https:\/\/idakorea.ee\/shop-2\/\"},{\"@type\":\"ListItem\",\"position\":3,\"name\":\"Vegaan toonik musta riisiga Haruharu Wonder Black Rice Hyaluronic Toner For Sensitive Skin, 150ml\"}]},{\"@type\":\"WebSite\",\"@id\":\"https:\/\/idakorea.ee\/#website\",\"url\":\"https:\/\/idakorea.ee\/\",\"name\":\"IDA.KOREA\",\"description\":\"Korea kosmeetika e-pood\",\"publisher\":{\"@id\":\"https:\/\/idakorea.ee\/#organization\"},\"alternateName\":\"Beauty Shop\",\"potentialAction\":[{\"@type\":\"SearchAction\",\"target\":{\"@type\":\"EntryPoint\",\"urlTemplate\":\"https:\/\/idakorea.ee\/?s={search_term_string}\"},\"query-input\":{\"@type\":\"PropertyValueSpecification\",\"valueRequired\":true,\"valueName\":\"search_term_string\"}}],\"inLanguage\":\"fi\"},{\"@type\":\"Organization\",\"@id\":\"https:\/\/idakorea.ee\/#organization\",\"name\":\"IDA.KOREA\",\"url\":\"https:\/\/idakorea.ee\/\",\"logo\":{\"@type\":\"ImageObject\",\"inLanguage\":\"fi\",\"@id\":\"https:\/\/idakorea.ee\/#\/schema\/logo\/image\/\",\"url\":\"https:\/\/idakorea.ee\/wp-content\/uploads\/2024\/05\/cropped-korea3.png\",\"contentUrl\":\"https:\/\/idakorea.ee\/wp-content\/uploads\/2024\/05\/cropped-korea3.png\",\"width\":688,\"height\":126,\"caption\":\"IDA.KOREA\"},\"image\":{\"@id\":\"https:\/\/idakorea.ee\/#\/schema\/logo\/image\/\"},\"sameAs\":[\"https:\/\/www.instagram.com\/ida.korea\/\"]}]}<\/script>\n<!-- \/ Yoast SEO plugin. -->","yoast_head_json":{"title":"Vegaaninen kasvovesi mustalla riisill\u00e4 Haruharu Wonder mustan riisin hyaluronihappoa sis\u00e4lt\u00e4v\u00e4 kasvovesi herk\u00e4lle iholle, 150ml - IDA.KOREA","robots":{"index":"index","follow":"follow","max-snippet":"max-snippet:-1","max-image-preview":"max-image-preview:large","max-video-preview":"max-video-preview:-1"},"canonical":"https:\/\/idakorea.ee\/fi\/product\/vegaan-toonik-musta-riisiga-haruharu-wonder-black-rice-hyaluronic-toner-for-sensitive-skin-150ml\/","og_locale":"fi_FI","og_type":"article","og_title":"Vegaan toonik musta riisiga Haruharu Wonder Black Rice Hyaluronic Toner For Sensitive Skin, 150ml - IDA.KOREA","og_description":"Toonik on spetsiaalselt loodud tundlikule nahale. See tagab intensiivse niisutuse, parandab jume ja ei tekita \u00e4rritusi ega naha pingulolekut. Tootel on loomulik ja h\u00fcpoallergeenne koostis, mis ei sisalda alkoholi, parabeene ega l\u00f5hnaaineid. Sobib ka k\u00f5ige tundlikumale, \u00f5rnemale ja atoopilisele nahale. U.D.T-tehnoloogia Tooniku koostises kasutatakse spetsiaalset U.D.T-tehnoloogiat: saponiinidest (\u017een\u0161enni ekstraktist) valmistatud liposoome, mille tuumas on musta...","og_url":"https:\/\/idakorea.ee\/fi\/product\/vegaan-toonik-musta-riisiga-haruharu-wonder-black-rice-hyaluronic-toner-for-sensitive-skin-150ml\/","og_site_name":"IDA.KOREA","article_modified_time":"2026-04-04T11:39:47+00:00","og_image":[{"width":1000,"height":1000,"url":"https:\/\/idakorea.ee\/wp-content\/uploads\/2024\/12\/hhh-gf.png","type":"image\/png"}],"twitter_card":"summary_large_image","twitter_misc":{"Arvioitu lukuaika":"2 minuuttia"},"schema":{"@context":"https:\/\/schema.org","@graph":[{"@type":"WebPage","@id":"https:\/\/idakorea.ee\/product\/vegaan-toonik-musta-riisiga-haruharu-wonder-black-rice-hyaluronic-toner-for-sensitive-skin-150ml\/","url":"https:\/\/idakorea.ee\/product\/vegaan-toonik-musta-riisiga-haruharu-wonder-black-rice-hyaluronic-toner-for-sensitive-skin-150ml\/","name":"Vegaaninen kasvovesi mustalla riisill\u00e4 Haruharu Wonder mustan riisin hyaluronihappoa sis\u00e4lt\u00e4v\u00e4 kasvovesi herk\u00e4lle iholle, 150ml - IDA.KOREA","isPartOf":{"@id":"https:\/\/idakorea.ee\/#website"},"primaryImageOfPage":{"@id":"https:\/\/idakorea.ee\/product\/vegaan-toonik-musta-riisiga-haruharu-wonder-black-rice-hyaluronic-toner-for-sensitive-skin-150ml\/#primaryimage"},"image":{"@id":"https:\/\/idakorea.ee\/product\/vegaan-toonik-musta-riisiga-haruharu-wonder-black-rice-hyaluronic-toner-for-sensitive-skin-150ml\/#primaryimage"},"thumbnailUrl":"https:\/\/idakorea.ee\/wp-content\/uploads\/2024\/12\/hhh-gf.png","datePublished":"2024-12-22T16:46:48+00:00","dateModified":"2026-04-04T11:39:47+00:00","breadcrumb":{"@id":"https:\/\/idakorea.ee\/product\/vegaan-toonik-musta-riisiga-haruharu-wonder-black-rice-hyaluronic-toner-for-sensitive-skin-150ml\/#breadcrumb"},"inLanguage":"fi","potentialAction":[{"@type":"ReadAction","target":["https:\/\/idakorea.ee\/product\/vegaan-toonik-musta-riisiga-haruharu-wonder-black-rice-hyaluronic-toner-for-sensitive-skin-150ml\/"]}]},{"@type":"ImageObject","inLanguage":"fi","@id":"https:\/\/idakorea.ee\/product\/vegaan-toonik-musta-riisiga-haruharu-wonder-black-rice-hyaluronic-toner-for-sensitive-skin-150ml\/#primaryimage","url":"https:\/\/idakorea.ee\/wp-content\/uploads\/2024\/12\/hhh-gf.png","contentUrl":"https:\/\/idakorea.ee\/wp-content\/uploads\/2024\/12\/hhh-gf.png","width":1000,"height":1000},{"@type":"BreadcrumbList","@id":"https:\/\/idakorea.ee\/product\/vegaan-toonik-musta-riisiga-haruharu-wonder-black-rice-hyaluronic-toner-for-sensitive-skin-150ml\/#breadcrumb","itemListElement":[{"@type":"ListItem","position":1,"name":"\u0413\u043b\u0430\u0432\u043d\u0430\u044f \u0441\u0442\u0440\u0430\u043d\u0438\u0446\u0430","item":"https:\/\/idakorea.ee\/"},{"@type":"ListItem","position":2,"name":"Shop","item":"https:\/\/idakorea.ee\/shop-2\/"},{"@type":"ListItem","position":3,"name":"Vegaan toonik musta riisiga Haruharu Wonder Black Rice Hyaluronic Toner For Sensitive Skin, 150ml"}]},{"@type":"WebSite","@id":"https:\/\/idakorea.ee\/#website","url":"https:\/\/idakorea.ee\/","name":"IDA.KOREA","description":"Korean kosmetiikan verkkokauppa","publisher":{"@id":"https:\/\/idakorea.ee\/#organization"},"alternateName":"Beauty Shop","potentialAction":[{"@type":"SearchAction","target":{"@type":"EntryPoint","urlTemplate":"https:\/\/idakorea.ee\/?s={search_term_string}"},"query-input":{"@type":"PropertyValueSpecification","valueRequired":true,"valueName":"search_term_string"}}],"inLanguage":"fi"},{"@type":"Organization","@id":"https:\/\/idakorea.ee\/#organization","name":"IDA.KOREA","url":"https:\/\/idakorea.ee\/","logo":{"@type":"ImageObject","inLanguage":"fi","@id":"https:\/\/idakorea.ee\/#\/schema\/logo\/image\/","url":"https:\/\/idakorea.ee\/wp-content\/uploads\/2024\/05\/cropped-korea3.png","contentUrl":"https:\/\/idakorea.ee\/wp-content\/uploads\/2024\/05\/cropped-korea3.png","width":688,"height":126,"caption":"IDA.KOREA"},"image":{"@id":"https:\/\/idakorea.ee\/#\/schema\/logo\/image\/"},"sameAs":["https:\/\/www.instagram.com\/ida.korea\/"]}]}},"jetpack_sharing_enabled":true,"brands":[{"id":763,"name":"HARUHARU IHME","slug":"haruharu-wonder"}],"_links":{"self":[{"href":"https:\/\/idakorea.ee\/fi\/wp-json\/wp\/v2\/product\/11945","targetHints":{"allow":["GET"]}}],"collection":[{"href":"https:\/\/idakorea.ee\/fi\/wp-json\/wp\/v2\/product"}],"about":[{"href":"https:\/\/idakorea.ee\/fi\/wp-json\/wp\/v2\/types\/product"}],"replies":[{"embeddable":true,"href":"https:\/\/idakorea.ee\/fi\/wp-json\/wp\/v2\/comments?post=11945"}],"version-history":[{"count":2,"href":"https:\/\/idakorea.ee\/fi\/wp-json\/wp\/v2\/product\/11945\/revisions"}],"predecessor-version":[{"id":11952,"href":"https:\/\/idakorea.ee\/fi\/wp-json\/wp\/v2\/product\/11945\/revisions\/11952"}],"wp:featuredmedia":[{"embeddable":true,"href":"https:\/\/idakorea.ee\/fi\/wp-json\/wp\/v2\/media\/11946"}],"wp:attachment":[{"href":"https:\/\/idakorea.ee\/fi\/wp-json\/wp\/v2\/media?parent=11945"}],"wp:term":[{"taxonomy":"pwb-brand","embeddable":true,"href":"https:\/\/idakorea.ee\/fi\/wp-json\/wp\/v2\/pwb-brand?post=11945"},{"taxonomy":"product_brand","embeddable":true,"href":"https:\/\/idakorea.ee\/fi\/wp-json\/wp\/v2\/product_brand?post=11945"},{"taxonomy":"product_cat","embeddable":true,"href":"https:\/\/idakorea.ee\/fi\/wp-json\/wp\/v2\/product_cat?post=11945"},{"taxonomy":"product_tag","embeddable":true,"href":"https:\/\/idakorea.ee\/fi\/wp-json\/wp\/v2\/product_tag?post=11945"}],"curies":[{"name":"wp","href":"https:\/\/api.w.org\/{rel}","templated":true}]}}