{"id":11960,"date":"2024-12-23T17:13:19","date_gmt":"2024-12-23T15:13:19","guid":{"rendered":"https:\/\/idakorea.ee\/?post_type=product&#038;p=11960"},"modified":"2026-03-27T11:55:38","modified_gmt":"2026-03-27T09:55:38","slug":"haruharu-wonder-black-rice-moisture-5-5-soft-cleansing-gel","status":"publish","type":"product","link":"https:\/\/idakorea.ee\/fi\/product\/haruharu-wonder-black-rice-moisture-5-5-soft-cleansing-gel\/","title":{"rendered":"Haruharu Wonder Black Rice Moisture 5.5 Soft puhdistusgeeli, 100ml"},"content":{"rendered":"<p><strong>Haruharu Wonder mustan riisin kosteus 5.5 pehme\u00e4 puhdistusgeeli<\/strong> \u2013 T\u00e4m\u00e4 on hell\u00e4varainen puhdistusgeeli, jonka pH-arvo on hieman hapan ja joka k\u00e4ytt\u00e4\u00e4 luonnollisia, kookoksesta per\u00e4isin olevia pinta-aktiivisia aineita. T\u00e4m\u00e4 puhdistusgeeli poistaa hell\u00e4varaisesti mutta tehokkaasti ihohuokosia tukkivan lian ja kuolleet ihosolut. Fermentoidut riisiuutteet rauhoittavat ihoa ja antavat geelille kosteuttavia ja pehment\u00e4vi\u00e4 ominaisuuksia. Pehme\u00e4 vaahto auttaa ehk\u00e4isem\u00e4\u00e4n \u00e4rsytyst\u00e4. T\u00e4m\u00e4 puhdistusaine suojaa ja yll\u00e4pit\u00e4\u00e4 ihosi hydrolipidikerroksen terveytt\u00e4.<\/p>\n<p><strong>Aktiiviset ainesosat:<\/strong><\/p>\n<ul>\n<li class=\"translation-block\"><strong>Riisi:<\/strong> Sis\u00e4lt\u00e4\u00e4 yli 100 erilaista antioksidanttia, kuten E-vitamiinia, feruliinihappoa ja omega-rasvahappoja.<\/li>\n<li class=\"translation-block\"><strong>Beetaglukaani:<\/strong> Sill\u00e4 on ihoa korjaavia, antioksidanttisia ja ik\u00e4\u00e4ntymist\u00e4 ehk\u00e4isevi\u00e4 ominaisuuksia, ja se rauhoittaa ja kosteuttaa ihoa.<\/li>\n<\/ul>\n<p>&nbsp;<\/p>\n<p><strong>K\u00e4ytt\u00f6opas: <\/strong>Levit\u00e4 kostealle iholle. Hiero ihoon nopein, hell\u00e4varaisin py\u00f6rivin liikkein. Huuhtele l\u00e4mpim\u00e4ll\u00e4 vedell\u00e4.<\/p>","protected":false},"excerpt":{"rendered":"<p>Haruharu Wonder Black Rice Moisture 5.5 Soft Cleansing Gel on hell\u00e4varainen puhdistusgeeli, jonka pH on miedosti hapan ja jossa k\u00e4ytet\u00e4\u00e4n kookosp\u00e4hkin\u00e4st\u00e4 per\u00e4isin olevia luonnollisia tensidej\u00e4. T\u00e4m\u00e4 puhdistusgeeli poistaa hell\u00e4varaisesti mutta tehokkaasti huokosia tukkivaa likaa ja kuolleita ihosoluja. Fermentoidut riisiuutteet rauhoittavat ihoa ja antavat geelille kosteuttavia ja pehment\u00e4vi\u00e4 ominaisuuksia. Pehme\u00e4 vaahto auttaa ehk\u00e4isem\u00e4\u00e4n \u00e4rsytyst\u00e4. T\u00e4m\u00e4 puhdistusaine suojaa ja...<\/p>","protected":false},"featured_media":11964,"comment_status":"open","ping_status":"closed","template":"","meta":{"_uf_show_specific_survey":0,"_uf_disable_surveys":false,"_bst_post_transparent":"default","_bst_post_title":"","_bst_post_layout":"default","_bst_post_sidebar_id":"","_bst_post_content_style":"default","_bst_post_vertical_padding":"default","_bst_post_feature":"","_bst_post_feature_position":"","_bst_post_header":false,"_bst_post_footer":false},"pwb-brand":[763],"product_brand":[],"product_cat":[452,100],"product_tag":[764,568,766],"class_list":{"0":"post-11960","1":"product","2":"type-product","3":"status-publish","4":"has-post-thumbnail","6":"pwb-brand-haruharu-wonder","7":"product_cat-naopuhastusgeelid","8":"product_cat-puhastusvahendid","9":"product_tag-haruharu","10":"product_tag-korea","11":"product_tag-wonder","13":"first","14":"instock","15":"sale","16":"shipping-taxable","17":"purchasable","18":"product-type-simple","19":"entry","20":"content-bg","21":"loop-entry"},"supplier_id":null,"supplier_sku":"","barcode":null,"atum_controlled":true,"out_stock_date":null,"out_stock_threshold":null,"inheritable":false,"inbound_stock":0,"stock_on_hold":0,"sold_today":0,"sales_last_days":0,"out_stock_days":0,"lost_sales":0,"has_location":false,"update_date":"2026-04-14T00:05:06","atum_locations":[],"atum_stock_status":"instock","restock_status":false,"low_stock_amount":"","sales_update_date":"2026-04-14T00:05:06","calc_backorders":null,"yoast_head":"<!-- This site is optimized with the Yoast SEO plugin v27.2 - https:\/\/yoast.com\/product\/yoast-seo-wordpress\/ -->\n<title>Haruharu Wonder Black Rice Moisture 5.5 Soft Cleansing Gel - IDA.KOREA<\/title>\n<meta name=\"description\" content=\"See on \u00f5rn puhastusgeel kergelt happelise pH-tasemega, mis kasutab kookosest saadud looduslikke pindaktiivseid aineid. Kiire tarne!\" \/>\n<meta name=\"robots\" content=\"index, follow, max-snippet:-1, max-image-preview:large, max-video-preview:-1\" \/>\n<link rel=\"canonical\" href=\"https:\/\/idakorea.ee\/fi\/product\/haruharu-wonder-black-rice-moisture-5-5-soft-cleansing-gel\/\" \/>\n<meta property=\"og:locale\" content=\"fi_FI\" \/>\n<meta property=\"og:type\" content=\"article\" \/>\n<meta property=\"og:title\" content=\"Haruharu Wonder Black Rice Moisture 5.5 Soft Cleansing Gel - IDA.KOREA\" \/>\n<meta property=\"og:description\" content=\"See on \u00f5rn puhastusgeel kergelt happelise pH-tasemega, mis kasutab kookosest saadud looduslikke pindaktiivseid aineid. Kiire tarne!\" \/>\n<meta property=\"og:url\" content=\"https:\/\/idakorea.ee\/fi\/product\/haruharu-wonder-black-rice-moisture-5-5-soft-cleansing-gel\/\" \/>\n<meta property=\"og:site_name\" content=\"IDA.KOREA\" \/>\n<meta property=\"article:modified_time\" content=\"2026-03-27T09:55:38+00:00\" \/>\n<meta property=\"og:image\" content=\"https:\/\/idakorea.ee\/wp-content\/uploads\/2024\/12\/rfkg-rfkg.png\" \/>\n\t<meta property=\"og:image:width\" content=\"950\" \/>\n\t<meta property=\"og:image:height\" content=\"950\" \/>\n\t<meta property=\"og:image:type\" content=\"image\/png\" \/>\n<meta name=\"twitter:card\" content=\"summary_large_image\" \/>\n<meta name=\"twitter:label1\" content=\"Arvioitu lukuaika\" \/>\n\t<meta name=\"twitter:data1\" content=\"1 minuutti\" \/>\n<script type=\"application\/ld+json\" class=\"yoast-schema-graph\">{\"@context\":\"https:\/\/schema.org\",\"@graph\":[{\"@type\":\"WebPage\",\"@id\":\"https:\/\/idakorea.ee\/product\/haruharu-wonder-black-rice-moisture-5-5-soft-cleansing-gel\/\",\"url\":\"https:\/\/idakorea.ee\/product\/haruharu-wonder-black-rice-moisture-5-5-soft-cleansing-gel\/\",\"name\":\"Haruharu Wonder Black Rice Moisture 5.5 Soft Cleansing Gel - IDA.KOREA\",\"isPartOf\":{\"@id\":\"https:\/\/idakorea.ee\/#website\"},\"primaryImageOfPage\":{\"@id\":\"https:\/\/idakorea.ee\/product\/haruharu-wonder-black-rice-moisture-5-5-soft-cleansing-gel\/#primaryimage\"},\"image\":{\"@id\":\"https:\/\/idakorea.ee\/product\/haruharu-wonder-black-rice-moisture-5-5-soft-cleansing-gel\/#primaryimage\"},\"thumbnailUrl\":\"https:\/\/idakorea.ee\/wp-content\/uploads\/2024\/12\/rfkg-rfkg.png\",\"datePublished\":\"2024-12-23T15:13:19+00:00\",\"dateModified\":\"2026-03-27T09:55:38+00:00\",\"description\":\"See on \u00f5rn puhastusgeel kergelt happelise pH-tasemega, mis kasutab kookosest saadud looduslikke pindaktiivseid aineid. Kiire tarne!\",\"breadcrumb\":{\"@id\":\"https:\/\/idakorea.ee\/product\/haruharu-wonder-black-rice-moisture-5-5-soft-cleansing-gel\/#breadcrumb\"},\"inLanguage\":\"fi\",\"potentialAction\":[{\"@type\":\"ReadAction\",\"target\":[\"https:\/\/idakorea.ee\/product\/haruharu-wonder-black-rice-moisture-5-5-soft-cleansing-gel\/\"]}]},{\"@type\":\"ImageObject\",\"inLanguage\":\"fi\",\"@id\":\"https:\/\/idakorea.ee\/product\/haruharu-wonder-black-rice-moisture-5-5-soft-cleansing-gel\/#primaryimage\",\"url\":\"https:\/\/idakorea.ee\/wp-content\/uploads\/2024\/12\/rfkg-rfkg.png\",\"contentUrl\":\"https:\/\/idakorea.ee\/wp-content\/uploads\/2024\/12\/rfkg-rfkg.png\",\"width\":950,\"height\":950},{\"@type\":\"BreadcrumbList\",\"@id\":\"https:\/\/idakorea.ee\/product\/haruharu-wonder-black-rice-moisture-5-5-soft-cleansing-gel\/#breadcrumb\",\"itemListElement\":[{\"@type\":\"ListItem\",\"position\":1,\"name\":\"\u0413\u043b\u0430\u0432\u043d\u0430\u044f \u0441\u0442\u0440\u0430\u043d\u0438\u0446\u0430\",\"item\":\"https:\/\/idakorea.ee\/\"},{\"@type\":\"ListItem\",\"position\":2,\"name\":\"Shop\",\"item\":\"https:\/\/idakorea.ee\/shop-2\/\"},{\"@type\":\"ListItem\",\"position\":3,\"name\":\"Puhastusgeel Haruharu Wonder Black Rice Moisture 5.5 Soft Cleansing Gel, 100ml\"}]},{\"@type\":\"WebSite\",\"@id\":\"https:\/\/idakorea.ee\/#website\",\"url\":\"https:\/\/idakorea.ee\/\",\"name\":\"IDA.KOREA\",\"description\":\"Korea kosmeetika e-pood\",\"publisher\":{\"@id\":\"https:\/\/idakorea.ee\/#organization\"},\"alternateName\":\"Beauty Shop\",\"potentialAction\":[{\"@type\":\"SearchAction\",\"target\":{\"@type\":\"EntryPoint\",\"urlTemplate\":\"https:\/\/idakorea.ee\/?s={search_term_string}\"},\"query-input\":{\"@type\":\"PropertyValueSpecification\",\"valueRequired\":true,\"valueName\":\"search_term_string\"}}],\"inLanguage\":\"fi\"},{\"@type\":\"Organization\",\"@id\":\"https:\/\/idakorea.ee\/#organization\",\"name\":\"IDA.KOREA\",\"url\":\"https:\/\/idakorea.ee\/\",\"logo\":{\"@type\":\"ImageObject\",\"inLanguage\":\"fi\",\"@id\":\"https:\/\/idakorea.ee\/#\/schema\/logo\/image\/\",\"url\":\"https:\/\/idakorea.ee\/wp-content\/uploads\/2024\/05\/cropped-korea3.png\",\"contentUrl\":\"https:\/\/idakorea.ee\/wp-content\/uploads\/2024\/05\/cropped-korea3.png\",\"width\":688,\"height\":126,\"caption\":\"IDA.KOREA\"},\"image\":{\"@id\":\"https:\/\/idakorea.ee\/#\/schema\/logo\/image\/\"},\"sameAs\":[\"https:\/\/www.instagram.com\/ida.korea\/\"]}]}<\/script>\n<!-- \/ Yoast SEO plugin. -->","yoast_head_json":{"title":"Haruharu Wonder Black Rice Moisture 5.5 pehme\u00e4 puhdistusgeeli - IDA.KOREA","description":"T\u00e4m\u00e4 on hell\u00e4varainen puhdistusgeeli, jonka pH-arvo on hieman hapan ja joka k\u00e4ytt\u00e4\u00e4 luonnollisia, kookoksesta per\u00e4isin olevia pinta-aktiivisia aineita. Nopea toimitus!","robots":{"index":"index","follow":"follow","max-snippet":"max-snippet:-1","max-image-preview":"max-image-preview:large","max-video-preview":"max-video-preview:-1"},"canonical":"https:\/\/idakorea.ee\/fi\/product\/haruharu-wonder-black-rice-moisture-5-5-soft-cleansing-gel\/","og_locale":"fi_FI","og_type":"article","og_title":"Haruharu Wonder Black Rice Moisture 5.5 Soft Cleansing Gel - IDA.KOREA","og_description":"See on \u00f5rn puhastusgeel kergelt happelise pH-tasemega, mis kasutab kookosest saadud looduslikke pindaktiivseid aineid. Kiire tarne!","og_url":"https:\/\/idakorea.ee\/fi\/product\/haruharu-wonder-black-rice-moisture-5-5-soft-cleansing-gel\/","og_site_name":"IDA.KOREA","article_modified_time":"2026-03-27T09:55:38+00:00","og_image":[{"width":950,"height":950,"url":"https:\/\/idakorea.ee\/wp-content\/uploads\/2024\/12\/rfkg-rfkg.png","type":"image\/png"}],"twitter_card":"summary_large_image","twitter_misc":{"Arvioitu lukuaika":"1 minuutti"},"schema":{"@context":"https:\/\/schema.org","@graph":[{"@type":"WebPage","@id":"https:\/\/idakorea.ee\/product\/haruharu-wonder-black-rice-moisture-5-5-soft-cleansing-gel\/","url":"https:\/\/idakorea.ee\/product\/haruharu-wonder-black-rice-moisture-5-5-soft-cleansing-gel\/","name":"Haruharu Wonder Black Rice Moisture 5.5 pehme\u00e4 puhdistusgeeli - IDA.KOREA","isPartOf":{"@id":"https:\/\/idakorea.ee\/#website"},"primaryImageOfPage":{"@id":"https:\/\/idakorea.ee\/product\/haruharu-wonder-black-rice-moisture-5-5-soft-cleansing-gel\/#primaryimage"},"image":{"@id":"https:\/\/idakorea.ee\/product\/haruharu-wonder-black-rice-moisture-5-5-soft-cleansing-gel\/#primaryimage"},"thumbnailUrl":"https:\/\/idakorea.ee\/wp-content\/uploads\/2024\/12\/rfkg-rfkg.png","datePublished":"2024-12-23T15:13:19+00:00","dateModified":"2026-03-27T09:55:38+00:00","description":"T\u00e4m\u00e4 on hell\u00e4varainen puhdistusgeeli, jonka pH-arvo on hieman hapan ja joka k\u00e4ytt\u00e4\u00e4 luonnollisia, kookoksesta per\u00e4isin olevia pinta-aktiivisia aineita. Nopea toimitus!","breadcrumb":{"@id":"https:\/\/idakorea.ee\/product\/haruharu-wonder-black-rice-moisture-5-5-soft-cleansing-gel\/#breadcrumb"},"inLanguage":"fi","potentialAction":[{"@type":"ReadAction","target":["https:\/\/idakorea.ee\/product\/haruharu-wonder-black-rice-moisture-5-5-soft-cleansing-gel\/"]}]},{"@type":"ImageObject","inLanguage":"fi","@id":"https:\/\/idakorea.ee\/product\/haruharu-wonder-black-rice-moisture-5-5-soft-cleansing-gel\/#primaryimage","url":"https:\/\/idakorea.ee\/wp-content\/uploads\/2024\/12\/rfkg-rfkg.png","contentUrl":"https:\/\/idakorea.ee\/wp-content\/uploads\/2024\/12\/rfkg-rfkg.png","width":950,"height":950},{"@type":"BreadcrumbList","@id":"https:\/\/idakorea.ee\/product\/haruharu-wonder-black-rice-moisture-5-5-soft-cleansing-gel\/#breadcrumb","itemListElement":[{"@type":"ListItem","position":1,"name":"\u0413\u043b\u0430\u0432\u043d\u0430\u044f \u0441\u0442\u0440\u0430\u043d\u0438\u0446\u0430","item":"https:\/\/idakorea.ee\/"},{"@type":"ListItem","position":2,"name":"Shop","item":"https:\/\/idakorea.ee\/shop-2\/"},{"@type":"ListItem","position":3,"name":"Puhastusgeel Haruharu Wonder Black Rice Moisture 5.5 Soft Cleansing Gel, 100ml"}]},{"@type":"WebSite","@id":"https:\/\/idakorea.ee\/#website","url":"https:\/\/idakorea.ee\/","name":"IDA.KOREA","description":"Korean kosmetiikan verkkokauppa","publisher":{"@id":"https:\/\/idakorea.ee\/#organization"},"alternateName":"Beauty Shop","potentialAction":[{"@type":"SearchAction","target":{"@type":"EntryPoint","urlTemplate":"https:\/\/idakorea.ee\/?s={search_term_string}"},"query-input":{"@type":"PropertyValueSpecification","valueRequired":true,"valueName":"search_term_string"}}],"inLanguage":"fi"},{"@type":"Organization","@id":"https:\/\/idakorea.ee\/#organization","name":"IDA.KOREA","url":"https:\/\/idakorea.ee\/","logo":{"@type":"ImageObject","inLanguage":"fi","@id":"https:\/\/idakorea.ee\/#\/schema\/logo\/image\/","url":"https:\/\/idakorea.ee\/wp-content\/uploads\/2024\/05\/cropped-korea3.png","contentUrl":"https:\/\/idakorea.ee\/wp-content\/uploads\/2024\/05\/cropped-korea3.png","width":688,"height":126,"caption":"IDA.KOREA"},"image":{"@id":"https:\/\/idakorea.ee\/#\/schema\/logo\/image\/"},"sameAs":["https:\/\/www.instagram.com\/ida.korea\/"]}]}},"jetpack_sharing_enabled":true,"brands":[{"id":763,"name":"HARUHARU IHME","slug":"haruharu-wonder"}],"_links":{"self":[{"href":"https:\/\/idakorea.ee\/fi\/wp-json\/wp\/v2\/product\/11960","targetHints":{"allow":["GET"]}}],"collection":[{"href":"https:\/\/idakorea.ee\/fi\/wp-json\/wp\/v2\/product"}],"about":[{"href":"https:\/\/idakorea.ee\/fi\/wp-json\/wp\/v2\/types\/product"}],"replies":[{"embeddable":true,"href":"https:\/\/idakorea.ee\/fi\/wp-json\/wp\/v2\/comments?post=11960"}],"version-history":[{"count":1,"href":"https:\/\/idakorea.ee\/fi\/wp-json\/wp\/v2\/product\/11960\/revisions"}],"predecessor-version":[{"id":11965,"href":"https:\/\/idakorea.ee\/fi\/wp-json\/wp\/v2\/product\/11960\/revisions\/11965"}],"wp:featuredmedia":[{"embeddable":true,"href":"https:\/\/idakorea.ee\/fi\/wp-json\/wp\/v2\/media\/11964"}],"wp:attachment":[{"href":"https:\/\/idakorea.ee\/fi\/wp-json\/wp\/v2\/media?parent=11960"}],"wp:term":[{"taxonomy":"pwb-brand","embeddable":true,"href":"https:\/\/idakorea.ee\/fi\/wp-json\/wp\/v2\/pwb-brand?post=11960"},{"taxonomy":"product_brand","embeddable":true,"href":"https:\/\/idakorea.ee\/fi\/wp-json\/wp\/v2\/product_brand?post=11960"},{"taxonomy":"product_cat","embeddable":true,"href":"https:\/\/idakorea.ee\/fi\/wp-json\/wp\/v2\/product_cat?post=11960"},{"taxonomy":"product_tag","embeddable":true,"href":"https:\/\/idakorea.ee\/fi\/wp-json\/wp\/v2\/product_tag?post=11960"}],"curies":[{"name":"wp","href":"https:\/\/api.w.org\/{rel}","templated":true}]}}