{"id":11970,"date":"2024-12-23T18:43:41","date_gmt":"2024-12-23T16:43:41","guid":{"rendered":"https:\/\/idakorea.ee\/?post_type=product&#038;p=11970"},"modified":"2026-01-30T15:27:34","modified_gmt":"2026-01-30T13:27:34","slug":"bakuchioli-ja-musta-riisi-silmakreem-black-rice-bakuchiol-eye-cream-20ml","status":"publish","type":"product","link":"https:\/\/idakorea.ee\/fi\/product\/bakuchioli-ja-musta-riisi-silmakreem-black-rice-bakuchiol-eye-cream-20ml\/","title":{"rendered":"Bakuchiolin ja mustan riisin silm\u00e4nymp\u00e4rysvoide Haruharu Wonder Black Rice Bakuchiol Eye Cream, 20ml"},"content":{"rendered":"<p>Bakuchiol ja musta riisi silm\u00e4nymp\u00e4rysvoide <strong>Mustan riisin Bakuchiol-silm\u00e4nymp\u00e4rysvoide<\/strong> palauttaa silm\u00e4nymp\u00e4rysihon kimmoisuuden, v\u00e4hent\u00e4\u00e4 tummia silm\u00e4nalusia ja nuorentaa ihoa.<\/p>\n<p><strong>Ainesosat:<\/strong><\/p>\n<ul>\n<li><strong>T\u00e4rkein ainesosa on bakuchiol.<\/strong> Se on voimakas antioksidantti ja luonnollinen vaihtoehto retinolin rinnalle. Kuten retinoli, bakuchiolilla on voimakas ik\u00e4\u00e4ntymist\u00e4 ehk\u00e4isev\u00e4 vaikutus, se ehk\u00e4isee ihon ennenaikaista ik\u00e4\u00e4ntymist\u00e4, edist\u00e4\u00e4 solujen uusiutumista ja tasoittaa ihon s\u00e4vy\u00e4. Samalla bakuchiol on turvallinen ja sit\u00e4 voidaan k\u00e4ytt\u00e4\u00e4 raskauden aikana ja kes\u00e4ll\u00e4.<\/li>\n<li><strong>Musta riisi<\/strong> sis\u00e4lt\u00e4\u00e4 paljon antioksidantteja, jotka hidastavat ik\u00e4\u00e4ntymisprosessia. K\u00e4ymisprosessin aikana mustan riisin sis\u00e4lt\u00e4mien antioksidanttien aktiivisuus ja hy\u00f6dylliset ominaisuudet lis\u00e4\u00e4ntyv\u00e4t.<\/li>\n<li><strong>Fermentoitu bambunverso-uute ja riisiuute<\/strong> ravitsevat ihoa syv\u00e4lt\u00e4, auttavat palauttamaan sen kimmoisuuden ja tasoittamaan ihon s\u00e4vy\u00e4.<\/li>\n<li><strong>Soijapolypeptidit<\/strong>, jotka on saatu fermentoiduista soijapavuista, stimuloivat kollageenin ja elastiinin synteesi\u00e4, auttaen yll\u00e4pit\u00e4m\u00e4\u00e4n ihon nuorekkuutta ja kauneutta sek\u00e4 torjumaan aktiivisesti vapaiden radikaalien haitallisia vaikutuksia.<\/li>\n<li class=\"translation-block\"><strong>Madecassoside<\/strong> rauhoittaa ulkoisten tekij\u00f6iden heikent\u00e4m\u00e4\u00e4 ihoa. Sill\u00e4 on my\u00f6s kirkastava vaikutus s\u00e4\u00e4telem\u00e4ll\u00e4 melaniinin tuotantoa.<\/li>\n<li class=\"translation-block\"><strong>Niasiiniamidi<\/strong> ei ainoastaan kirkasta ihoa, vaan my\u00f6s edist\u00e4\u00e4 ihon luonnollista uudistumista.<\/li>\n<li class=\"translation-block\"><strong>Adenosiinilla<\/strong> on ik\u00e4\u00e4ntymist\u00e4 est\u00e4vi\u00e4 ominaisuuksia: se auttaa tasoittamaan ryppyj\u00e4 ja parantamaan ihon kimmoisuutta.<\/li>\n<\/ul>\n<p>Voiteella on tiivis ja kermainen koostumus, joka imeytyy nopeasti j\u00e4tt\u00e4m\u00e4tt\u00e4 iholle tahmeaa tunnetta.<\/p>\n<p>&nbsp;<\/p>\n<p><strong>K\u00e4ytt\u00f6: <\/strong>Levit\u00e4 tarvittava m\u00e4\u00e4r\u00e4 geeli\u00e4 silm\u00e4luomien iholle kevyin taputtelevin liikkein. K\u00e4yt\u00e4 joka aamu.<\/p>","protected":false},"excerpt":{"rendered":"<p>Black Rice Bakuchiol Eye Cream palauttaa silm\u00e4nymp\u00e4rysihon kimmoisuuden, v\u00e4hent\u00e4\u00e4 tummia silm\u00e4nalusia ja nuorentaa ihoa. Ainesosat: Silm\u00e4nymp\u00e4rysvoide ja silm\u00e4nymp\u00e4rysvoide. T\u00e4rkein vaikuttava aine on bakuchiol, joka on voimakas antioksidantti ja luonnollinen vaihtoehto retinolille. Retinolin tavoin bakuchiolilla on voimakas anti-ageing-vaikutus, se ehk\u00e4isee ihon ennenaikaista vanhenemista, edist\u00e4\u00e4 solujen uusiutumista ja tasoittaa ihon s\u00e4vy\u00e4. Samalla bakuchioli on turvallinen,...<\/p>","protected":false},"featured_media":11975,"comment_status":"open","ping_status":"closed","template":"","meta":{"_uf_show_specific_survey":0,"_uf_disable_surveys":false,"_bst_post_transparent":"default","_bst_post_title":"","_bst_post_layout":"default","_bst_post_sidebar_id":"","_bst_post_content_style":"default","_bst_post_vertical_padding":"default","_bst_post_feature":"","_bst_post_feature_position":"","_bst_post_header":false,"_bst_post_footer":false},"pwb-brand":[763],"product_brand":[],"product_cat":[92,99,201],"product_tag":[],"class_list":{"0":"post-11970","1":"product","2":"type-product","3":"status-publish","4":"has-post-thumbnail","6":"pwb-brand-haruharu-wonder","7":"product_cat-nagu","8":"product_cat-silmad-ja-huuled-2","9":"product_cat-silmakreem","11":"first","12":"instock","13":"sale","14":"shipping-taxable","15":"purchasable","16":"product-type-simple","17":"entry","18":"content-bg","19":"loop-entry"},"supplier_id":null,"supplier_sku":"","barcode":null,"atum_controlled":true,"out_stock_date":null,"out_stock_threshold":null,"inheritable":false,"inbound_stock":0,"stock_on_hold":0,"sold_today":0,"sales_last_days":0,"out_stock_days":0,"lost_sales":0,"has_location":false,"update_date":"2026-04-14T00:05:04","atum_locations":[],"atum_stock_status":"instock","restock_status":false,"low_stock_amount":"","sales_update_date":"2026-04-14T00:05:04","calc_backorders":null,"yoast_head":"<!-- This site is optimized with the Yoast SEO plugin v27.2 - https:\/\/yoast.com\/product\/yoast-seo-wordpress\/ -->\n<title>Haruharu Wonder Black Rice Bakuchiol Eye Cream - IDA.KOREA<\/title>\n<meta name=\"description\" content=\"Bakuchioli ja musta riisi silmakreem Black Rice Bakuchiol Eye Cream taastab silma\u00fcmbruse naha elastsuse, v\u00e4hendab tumedaid silmaaluseid ja noorendab nahka.\" \/>\n<meta name=\"robots\" content=\"index, follow, max-snippet:-1, max-image-preview:large, max-video-preview:-1\" \/>\n<link rel=\"canonical\" href=\"https:\/\/idakorea.ee\/fi\/product\/bakuchioli-ja-musta-riisi-silmakreem-black-rice-bakuchiol-eye-cream-20ml\/\" \/>\n<meta property=\"og:locale\" content=\"fi_FI\" \/>\n<meta property=\"og:type\" content=\"article\" \/>\n<meta property=\"og:title\" content=\"Haruharu Wonder Black Rice Bakuchiol Eye Cream - IDA.KOREA\" \/>\n<meta property=\"og:description\" content=\"Bakuchioli ja musta riisi silmakreem Black Rice Bakuchiol Eye Cream taastab silma\u00fcmbruse naha elastsuse, v\u00e4hendab tumedaid silmaaluseid ja noorendab nahka.\" \/>\n<meta property=\"og:url\" content=\"https:\/\/idakorea.ee\/fi\/product\/bakuchioli-ja-musta-riisi-silmakreem-black-rice-bakuchiol-eye-cream-20ml\/\" \/>\n<meta property=\"og:site_name\" content=\"IDA.KOREA\" \/>\n<meta property=\"article:modified_time\" content=\"2026-01-30T13:27:34+00:00\" \/>\n<meta property=\"og:image\" content=\"https:\/\/idakorea.ee\/wp-content\/uploads\/2024\/12\/dgdfgdfgs.jpg\" \/>\n\t<meta property=\"og:image:width\" content=\"846\" \/>\n\t<meta property=\"og:image:height\" content=\"846\" \/>\n\t<meta property=\"og:image:type\" content=\"image\/jpeg\" \/>\n<meta name=\"twitter:card\" content=\"summary_large_image\" \/>\n<meta name=\"twitter:label1\" content=\"Arvioitu lukuaika\" \/>\n\t<meta name=\"twitter:data1\" content=\"2 minuuttia\" \/>\n<script type=\"application\/ld+json\" class=\"yoast-schema-graph\">{\"@context\":\"https:\/\/schema.org\",\"@graph\":[{\"@type\":\"WebPage\",\"@id\":\"https:\/\/idakorea.ee\/product\/bakuchioli-ja-musta-riisi-silmakreem-black-rice-bakuchiol-eye-cream-20ml\/\",\"url\":\"https:\/\/idakorea.ee\/product\/bakuchioli-ja-musta-riisi-silmakreem-black-rice-bakuchiol-eye-cream-20ml\/\",\"name\":\"Haruharu Wonder Black Rice Bakuchiol Eye Cream - IDA.KOREA\",\"isPartOf\":{\"@id\":\"https:\/\/idakorea.ee\/#website\"},\"primaryImageOfPage\":{\"@id\":\"https:\/\/idakorea.ee\/product\/bakuchioli-ja-musta-riisi-silmakreem-black-rice-bakuchiol-eye-cream-20ml\/#primaryimage\"},\"image\":{\"@id\":\"https:\/\/idakorea.ee\/product\/bakuchioli-ja-musta-riisi-silmakreem-black-rice-bakuchiol-eye-cream-20ml\/#primaryimage\"},\"thumbnailUrl\":\"https:\/\/idakorea.ee\/wp-content\/uploads\/2024\/12\/dgdfgdfgs.jpg\",\"datePublished\":\"2024-12-23T16:43:41+00:00\",\"dateModified\":\"2026-01-30T13:27:34+00:00\",\"description\":\"Bakuchioli ja musta riisi silmakreem Black Rice Bakuchiol Eye Cream taastab silma\u00fcmbruse naha elastsuse, v\u00e4hendab tumedaid silmaaluseid ja noorendab nahka.\",\"breadcrumb\":{\"@id\":\"https:\/\/idakorea.ee\/product\/bakuchioli-ja-musta-riisi-silmakreem-black-rice-bakuchiol-eye-cream-20ml\/#breadcrumb\"},\"inLanguage\":\"fi\",\"potentialAction\":[{\"@type\":\"ReadAction\",\"target\":[\"https:\/\/idakorea.ee\/product\/bakuchioli-ja-musta-riisi-silmakreem-black-rice-bakuchiol-eye-cream-20ml\/\"]}]},{\"@type\":\"ImageObject\",\"inLanguage\":\"fi\",\"@id\":\"https:\/\/idakorea.ee\/product\/bakuchioli-ja-musta-riisi-silmakreem-black-rice-bakuchiol-eye-cream-20ml\/#primaryimage\",\"url\":\"https:\/\/idakorea.ee\/wp-content\/uploads\/2024\/12\/dgdfgdfgs.jpg\",\"contentUrl\":\"https:\/\/idakorea.ee\/wp-content\/uploads\/2024\/12\/dgdfgdfgs.jpg\",\"width\":846,\"height\":846},{\"@type\":\"BreadcrumbList\",\"@id\":\"https:\/\/idakorea.ee\/product\/bakuchioli-ja-musta-riisi-silmakreem-black-rice-bakuchiol-eye-cream-20ml\/#breadcrumb\",\"itemListElement\":[{\"@type\":\"ListItem\",\"position\":1,\"name\":\"\u0413\u043b\u0430\u0432\u043d\u0430\u044f \u0441\u0442\u0440\u0430\u043d\u0438\u0446\u0430\",\"item\":\"https:\/\/idakorea.ee\/\"},{\"@type\":\"ListItem\",\"position\":2,\"name\":\"Shop\",\"item\":\"https:\/\/idakorea.ee\/shop-2\/\"},{\"@type\":\"ListItem\",\"position\":3,\"name\":\"Bakuchioli ja musta riisi silmakreem Haruharu Wonder Black Rice Bakuchiol Eye Cream, 20ml\"}]},{\"@type\":\"WebSite\",\"@id\":\"https:\/\/idakorea.ee\/#website\",\"url\":\"https:\/\/idakorea.ee\/\",\"name\":\"IDA.KOREA\",\"description\":\"Korea kosmeetika e-pood\",\"publisher\":{\"@id\":\"https:\/\/idakorea.ee\/#organization\"},\"alternateName\":\"Beauty Shop\",\"potentialAction\":[{\"@type\":\"SearchAction\",\"target\":{\"@type\":\"EntryPoint\",\"urlTemplate\":\"https:\/\/idakorea.ee\/?s={search_term_string}\"},\"query-input\":{\"@type\":\"PropertyValueSpecification\",\"valueRequired\":true,\"valueName\":\"search_term_string\"}}],\"inLanguage\":\"fi\"},{\"@type\":\"Organization\",\"@id\":\"https:\/\/idakorea.ee\/#organization\",\"name\":\"IDA.KOREA\",\"url\":\"https:\/\/idakorea.ee\/\",\"logo\":{\"@type\":\"ImageObject\",\"inLanguage\":\"fi\",\"@id\":\"https:\/\/idakorea.ee\/#\/schema\/logo\/image\/\",\"url\":\"https:\/\/idakorea.ee\/wp-content\/uploads\/2024\/05\/cropped-korea3.png\",\"contentUrl\":\"https:\/\/idakorea.ee\/wp-content\/uploads\/2024\/05\/cropped-korea3.png\",\"width\":688,\"height\":126,\"caption\":\"IDA.KOREA\"},\"image\":{\"@id\":\"https:\/\/idakorea.ee\/#\/schema\/logo\/image\/\"},\"sameAs\":[\"https:\/\/www.instagram.com\/ida.korea\/\"]}]}<\/script>\n<!-- \/ Yoast SEO plugin. -->","yoast_head_json":{"title":"Haruharu Wonder Black Rice Bakuchiol Eye Cream - IDA.KOREA","description":"Bakuchiol ja musta riisi -silm\u00e4nymp\u00e4rysvoide Musta riisi Bakuchiol-silm\u00e4nymp\u00e4rysvoide palauttaa silm\u00e4nymp\u00e4rysihon kimmoisuuden, v\u00e4hent\u00e4\u00e4 tummia silm\u00e4nalusia ja nuorentaa ihoa.","robots":{"index":"index","follow":"follow","max-snippet":"max-snippet:-1","max-image-preview":"max-image-preview:large","max-video-preview":"max-video-preview:-1"},"canonical":"https:\/\/idakorea.ee\/fi\/product\/bakuchioli-ja-musta-riisi-silmakreem-black-rice-bakuchiol-eye-cream-20ml\/","og_locale":"fi_FI","og_type":"article","og_title":"Haruharu Wonder Black Rice Bakuchiol Eye Cream - IDA.KOREA","og_description":"Bakuchioli ja musta riisi silmakreem Black Rice Bakuchiol Eye Cream taastab silma\u00fcmbruse naha elastsuse, v\u00e4hendab tumedaid silmaaluseid ja noorendab nahka.","og_url":"https:\/\/idakorea.ee\/fi\/product\/bakuchioli-ja-musta-riisi-silmakreem-black-rice-bakuchiol-eye-cream-20ml\/","og_site_name":"IDA.KOREA","article_modified_time":"2026-01-30T13:27:34+00:00","og_image":[{"width":846,"height":846,"url":"https:\/\/idakorea.ee\/wp-content\/uploads\/2024\/12\/dgdfgdfgs.jpg","type":"image\/jpeg"}],"twitter_card":"summary_large_image","twitter_misc":{"Arvioitu lukuaika":"2 minuuttia"},"schema":{"@context":"https:\/\/schema.org","@graph":[{"@type":"WebPage","@id":"https:\/\/idakorea.ee\/product\/bakuchioli-ja-musta-riisi-silmakreem-black-rice-bakuchiol-eye-cream-20ml\/","url":"https:\/\/idakorea.ee\/product\/bakuchioli-ja-musta-riisi-silmakreem-black-rice-bakuchiol-eye-cream-20ml\/","name":"Haruharu Wonder Black Rice Bakuchiol Eye Cream - IDA.KOREA","isPartOf":{"@id":"https:\/\/idakorea.ee\/#website"},"primaryImageOfPage":{"@id":"https:\/\/idakorea.ee\/product\/bakuchioli-ja-musta-riisi-silmakreem-black-rice-bakuchiol-eye-cream-20ml\/#primaryimage"},"image":{"@id":"https:\/\/idakorea.ee\/product\/bakuchioli-ja-musta-riisi-silmakreem-black-rice-bakuchiol-eye-cream-20ml\/#primaryimage"},"thumbnailUrl":"https:\/\/idakorea.ee\/wp-content\/uploads\/2024\/12\/dgdfgdfgs.jpg","datePublished":"2024-12-23T16:43:41+00:00","dateModified":"2026-01-30T13:27:34+00:00","description":"Bakuchiol ja musta riisi -silm\u00e4nymp\u00e4rysvoide Musta riisi Bakuchiol-silm\u00e4nymp\u00e4rysvoide palauttaa silm\u00e4nymp\u00e4rysihon kimmoisuuden, v\u00e4hent\u00e4\u00e4 tummia silm\u00e4nalusia ja nuorentaa ihoa.","breadcrumb":{"@id":"https:\/\/idakorea.ee\/product\/bakuchioli-ja-musta-riisi-silmakreem-black-rice-bakuchiol-eye-cream-20ml\/#breadcrumb"},"inLanguage":"fi","potentialAction":[{"@type":"ReadAction","target":["https:\/\/idakorea.ee\/product\/bakuchioli-ja-musta-riisi-silmakreem-black-rice-bakuchiol-eye-cream-20ml\/"]}]},{"@type":"ImageObject","inLanguage":"fi","@id":"https:\/\/idakorea.ee\/product\/bakuchioli-ja-musta-riisi-silmakreem-black-rice-bakuchiol-eye-cream-20ml\/#primaryimage","url":"https:\/\/idakorea.ee\/wp-content\/uploads\/2024\/12\/dgdfgdfgs.jpg","contentUrl":"https:\/\/idakorea.ee\/wp-content\/uploads\/2024\/12\/dgdfgdfgs.jpg","width":846,"height":846},{"@type":"BreadcrumbList","@id":"https:\/\/idakorea.ee\/product\/bakuchioli-ja-musta-riisi-silmakreem-black-rice-bakuchiol-eye-cream-20ml\/#breadcrumb","itemListElement":[{"@type":"ListItem","position":1,"name":"\u0413\u043b\u0430\u0432\u043d\u0430\u044f \u0441\u0442\u0440\u0430\u043d\u0438\u0446\u0430","item":"https:\/\/idakorea.ee\/"},{"@type":"ListItem","position":2,"name":"Shop","item":"https:\/\/idakorea.ee\/shop-2\/"},{"@type":"ListItem","position":3,"name":"Bakuchioli ja musta riisi silmakreem Haruharu Wonder Black Rice Bakuchiol Eye Cream, 20ml"}]},{"@type":"WebSite","@id":"https:\/\/idakorea.ee\/#website","url":"https:\/\/idakorea.ee\/","name":"IDA.KOREA","description":"Korean kosmetiikan verkkokauppa","publisher":{"@id":"https:\/\/idakorea.ee\/#organization"},"alternateName":"Beauty Shop","potentialAction":[{"@type":"SearchAction","target":{"@type":"EntryPoint","urlTemplate":"https:\/\/idakorea.ee\/?s={search_term_string}"},"query-input":{"@type":"PropertyValueSpecification","valueRequired":true,"valueName":"search_term_string"}}],"inLanguage":"fi"},{"@type":"Organization","@id":"https:\/\/idakorea.ee\/#organization","name":"IDA.KOREA","url":"https:\/\/idakorea.ee\/","logo":{"@type":"ImageObject","inLanguage":"fi","@id":"https:\/\/idakorea.ee\/#\/schema\/logo\/image\/","url":"https:\/\/idakorea.ee\/wp-content\/uploads\/2024\/05\/cropped-korea3.png","contentUrl":"https:\/\/idakorea.ee\/wp-content\/uploads\/2024\/05\/cropped-korea3.png","width":688,"height":126,"caption":"IDA.KOREA"},"image":{"@id":"https:\/\/idakorea.ee\/#\/schema\/logo\/image\/"},"sameAs":["https:\/\/www.instagram.com\/ida.korea\/"]}]}},"jetpack_sharing_enabled":true,"brands":[{"id":763,"name":"HARUHARU IHME","slug":"haruharu-wonder"}],"_links":{"self":[{"href":"https:\/\/idakorea.ee\/fi\/wp-json\/wp\/v2\/product\/11970","targetHints":{"allow":["GET"]}}],"collection":[{"href":"https:\/\/idakorea.ee\/fi\/wp-json\/wp\/v2\/product"}],"about":[{"href":"https:\/\/idakorea.ee\/fi\/wp-json\/wp\/v2\/types\/product"}],"replies":[{"embeddable":true,"href":"https:\/\/idakorea.ee\/fi\/wp-json\/wp\/v2\/comments?post=11970"}],"version-history":[{"count":3,"href":"https:\/\/idakorea.ee\/fi\/wp-json\/wp\/v2\/product\/11970\/revisions"}],"predecessor-version":[{"id":14064,"href":"https:\/\/idakorea.ee\/fi\/wp-json\/wp\/v2\/product\/11970\/revisions\/14064"}],"wp:featuredmedia":[{"embeddable":true,"href":"https:\/\/idakorea.ee\/fi\/wp-json\/wp\/v2\/media\/11975"}],"wp:attachment":[{"href":"https:\/\/idakorea.ee\/fi\/wp-json\/wp\/v2\/media?parent=11970"}],"wp:term":[{"taxonomy":"pwb-brand","embeddable":true,"href":"https:\/\/idakorea.ee\/fi\/wp-json\/wp\/v2\/pwb-brand?post=11970"},{"taxonomy":"product_brand","embeddable":true,"href":"https:\/\/idakorea.ee\/fi\/wp-json\/wp\/v2\/product_brand?post=11970"},{"taxonomy":"product_cat","embeddable":true,"href":"https:\/\/idakorea.ee\/fi\/wp-json\/wp\/v2\/product_cat?post=11970"},{"taxonomy":"product_tag","embeddable":true,"href":"https:\/\/idakorea.ee\/fi\/wp-json\/wp\/v2\/product_tag?post=11970"}],"curies":[{"name":"wp","href":"https:\/\/api.w.org\/{rel}","templated":true}]}}