{"id":11989,"date":"2024-12-24T08:20:49","date_gmt":"2024-12-24T06:20:49","guid":{"rendered":"https:\/\/idakorea.ee\/?post_type=product&#038;p=11989"},"modified":"2026-01-30T15:22:28","modified_gmt":"2026-01-30T13:22:28","slug":"seerum-missha-time-revolution-night-repair-ampoule-5x-50-ml","status":"publish","type":"product","link":"https:\/\/idakorea.ee\/fi\/product\/seerum-missha-time-revolution-night-repair-ampoule-5x-50-ml\/","title":{"rendered":"Seerumi Missha Time Revolution Night Repair Ampoule 5X, 50 ml"},"content":{"rendered":"<p><strong>Missha Time Revolution Night Repair -ampulli 5x <\/strong>Y\u00f6ll\u00e4 vaikuttava probioottinen seerumi nuorentaa voimakkaasti, kiinteytt\u00e4\u00e4 kasvojen piirteit\u00e4, vahvistaa ihon s\u00e4vy\u00e4, lis\u00e4\u00e4 kudosten kimmoisuutta ja hidastaa ihon ik\u00e4\u00e4ntymisprosesseja.<\/p>\n<p>Eritt\u00e4in tiivistetty seerumi vaikuttaa ihon syviin kerroksiin, silottaa hienoja ryppyj\u00e4, v\u00e4hent\u00e4\u00e4 syvien ryppyjen n\u00e4kyvyytt\u00e4, vahvistaa ja tasoittaa ihon pintaa. Kosteuttaa ihoa tehokkaasti ja palauttaa epidermiksen kosteustasapainon, kirkastaa pigmenttimuutoksia hell\u00e4varaisesti ja parantaa ihon yleist\u00e4 s\u00e4vy\u00e4. Nopeuttaa uudistumis- ja uudistumisprosesseja, lis\u00e4\u00e4 ihon vastustuskyky\u00e4 ja s\u00e4vy\u00e4.<\/p>\n<p><strong>EXTREME BIOME -kompleksin (77,2%) vaikutukset ihoon<\/strong> ilmenee syv\u00e4kosteutuksena, vahvistamisena, kirkastamisena, kimmoisuuden ja kiinteyden lis\u00e4\u00e4misen\u00e4. Probioottinen seerumi sis\u00e4lt\u00e4\u00e4 50% bifida-entsyymej\u00e4 ja patentoidun PRO FERMENT \u0410 -komponentin. Sill\u00e4 on monitoiminen vaikutus \u2014 tasoittaa ryppyj\u00e4, kosteuttaa, lis\u00e4\u00e4 kimmoisuutta, hidastaa ik\u00e4\u00e4ntymisprosesseja. Kuorii ja palauttaa ihon pinnan. Erityinen tuotantoteknologia mahdollistaa aktiivisten ainesosien toimittamisen ihon syvempiin kerroksiin, nuorentaen ja palauttaen ihoa solutasolla.<\/p>\n<p><strong>T\u00e4rkeimm\u00e4t vaikuttavat aineet:<\/strong><\/p>\n<ul>\n<li><strong>10 erilaista probioottikompleksia<\/strong> \u2014 omaa voimakkaita korjaavia, korjaavia ja suojaavia ominaisuuksia. Stimuloi fibroblastien \u2014 sidekudoksen t\u00e4rkeimpien elementtien \u2014 lis\u00e4\u00e4ntymist\u00e4. T\u00e4m\u00e4 ominaisuus selitt\u00e4\u00e4 seerumin erinomaisen kyvyn tasoittaa ryppyj\u00e4 ja tehd\u00e4 ihosta sile\u00e4n ja tasaisen.<\/li>\n<li><strong>Bifidobakteerien lysaatit<\/strong> \u2014 tarjoavat ihon syv\u00e4puhdistuksen, niill\u00e4 on voimakas nuorentava ja kiinteytt\u00e4v\u00e4 vaikutus, ne stimuloivat uudistumisprosesseja, normalisoivat ihon kosteustasapainon, palauttavat solujen immuniteetin ja hidastavat ik\u00e4\u00e4ntymisprosesseja. Kosteuttavat syv\u00e4lt\u00e4, v\u00e4hent\u00e4v\u00e4t turvotusta, parantavat mikroverenkiertoa ja aktivoivat kollageenin ja elastiinin synteesi\u00e4.<\/li>\n<li><strong>Purppuraporkkanauute<\/strong> \u2014 antiseptinen ja vahva antioksidantti, taistelee aktiivisesti ik\u00e4\u00e4ntymist\u00e4 vastaan, silottaa hienoja ryppyj\u00e4, palauttaa ihon kiinteyden ja s\u00e4vyn.<\/li>\n<li><strong>Munakoisouute<\/strong> \u2014 kosteuttaa ihoa syv\u00e4lt\u00e4 ja rikastuttaa sit\u00e4 hy\u00f6dyllisill\u00e4 hivenaineilla. Hoitaa aknea ja muita tulehduksia, vaalentaa pigmenttil\u00e4iski\u00e4 ja aknen j\u00e4lki\u00e4. Kiinteytt\u00e4\u00e4 ihoa t\u00e4ydellisesti.<\/li>\n<li class=\"translation-block\"><strong>Punajuuriuute<\/strong> \u2014 erinomainen antioksidantti, parantaa ihonv\u00e4ri\u00e4, kiinteytt\u00e4\u00e4, lievitt\u00e4\u00e4 \u00e4rsytyst\u00e4 ja tulehdusta sek\u00e4 palauttaa ihon.<\/li>\n<li><strong>Mustikkauute<\/strong> \u2014 antioksidanttisilla, pehment\u00e4vill\u00e4 ja nuorentavilla ominaisuuksilla. Kosteuttaa ihoa hell\u00e4varaisesti, v\u00e4hent\u00e4\u00e4 herkkyytt\u00e4, ravitsee ja virkist\u00e4\u00e4. Kirkastaa ja tasoittaa ihon s\u00e4vy\u00e4.<\/li>\n<li><strong>Niasiiniamidi<\/strong> \u2014 stimuloi kollageenisynteesi\u00e4 ja parantaa ihon suojakerrosta, v\u00e4hent\u00e4\u00e4 transdermaalista kosteuden menetyst\u00e4, auttaa v\u00e4hent\u00e4m\u00e4\u00e4n pigmenttimuutoksia, pehment\u00e4\u00e4, lis\u00e4\u00e4 ihon kimmoisuutta, kosteuttaa, supistaa ihohuokosia, rauhoittaa ja kirkastaa.<\/li>\n<li><strong>Kaakaopapujen uute<\/strong> \u2014 korvaamaton antioksidantti, joka taistelee ihon ik\u00e4\u00e4ntymist\u00e4 vastaan ja suojaa sit\u00e4 kosteuden menetykselt\u00e4. Sis\u00e4lt\u00e4\u00e4 paljon hy\u00f6dyllisi\u00e4 hivenaineita ja vitamiineja, jotka auttavat palauttamaan, kiinteytt\u00e4m\u00e4\u00e4n ja kosteuttamaan ihoa.<\/li>\n<li><strong>Adenos<\/strong> \u2014 tehokas nuorentava komponentti, joka kiinteytt\u00e4\u00e4 ihoa, lis\u00e4\u00e4 kollageenin tuotantoa, v\u00e4hent\u00e4\u00e4 ryppyj\u00e4 ja hidastaa ik\u00e4\u00e4ntymisprosessia.<\/li>\n<\/ul>\n<h3><\/h3>\n<p>Suositellaan ik\u00e4\u00e4ntyv\u00e4n ihon hoitoon. Peptidej\u00e4 sis\u00e4lt\u00e4vien kosmetiikkatuotteiden k\u00e4ytt\u00f6\u00e4 ei suositella raskauden ja imetyksen aikana.<\/p>\n<h3><span style=\"font-family: Jost, sans-serif; font-size: 16px;\">Sopii p\u00e4ivitt\u00e4iseen k\u00e4ytt\u00f6\u00f6n ihotyypist\u00e4 riippumatta.<\/span><\/h3>\n<p>&nbsp;<\/p>\n<p><strong>K\u00e4ytt\u00f6opas: <\/strong>Levit\u00e4 tarvittava m\u00e4\u00e4r\u00e4 seerumia iholle kasvoveden k\u00e4yt\u00f6n j\u00e4lkeen. Valmistaja suosittelee tuotteen k\u00e4ytt\u00f6\u00e4 uudistavan kasvoveden j\u00e4lkeen.<\/p>","protected":false},"excerpt":{"rendered":"<p>Missha Time Revolution Night Repair Ampoule 5X Night Restorative Probiotic Serum -seerumilla on voimakas nuorentava vaikutus, se kiinteytt\u00e4\u00e4 kasvojen \u00e4\u00e4riviivoja, kiinteytt\u00e4\u00e4 ihon s\u00e4vy\u00e4, lis\u00e4\u00e4 kudosten kimmoisuutta ja hidastaa ihon ik\u00e4\u00e4ntymisprosessia. Eritt\u00e4in tiivis seerumi vaikuttaa ihon syviin kerroksiin, tasoittaa hienoja juonteita, v\u00e4hent\u00e4\u00e4 syvien ryppyjen ulkon\u00e4k\u00f6\u00e4, kiinteytt\u00e4\u00e4 ja silottaa ihon pintaa. Kosteuttaa ihoa intensiivisesti ja palauttaa ihon kosteustasapainon, vaalentaa hell\u00e4varaisesti pigmenttil\u00e4iski\u00e4 ja...<\/p>","protected":false},"featured_media":11997,"comment_status":"open","ping_status":"closed","template":"","meta":{"_uf_show_specific_survey":0,"_uf_disable_surveys":false,"_bst_post_transparent":"default","_bst_post_title":"","_bst_post_layout":"default","_bst_post_sidebar_id":"","_bst_post_content_style":"default","_bst_post_vertical_padding":"default","_bst_post_feature":"","_bst_post_feature_position":"","_bst_post_header":false,"_bst_post_footer":false},"pwb-brand":[631],"product_brand":[],"product_cat":[92,97],"product_tag":[202,632,767],"class_list":{"0":"post-11989","1":"product","2":"type-product","3":"status-publish","4":"has-post-thumbnail","6":"pwb-brand-missha","7":"product_cat-nagu","8":"product_cat-naoseerumid-ja-olid","9":"product_tag-korea-kosmeetika","10":"product_tag-missha","11":"product_tag-repair-ampoule","13":"first","14":"instock","15":"sale","16":"shipping-taxable","17":"purchasable","18":"product-type-simple","19":"entry","20":"content-bg","21":"loop-entry"},"supplier_id":null,"supplier_sku":"","barcode":null,"atum_controlled":true,"out_stock_date":null,"out_stock_threshold":null,"inheritable":false,"inbound_stock":0,"stock_on_hold":0,"sold_today":0,"sales_last_days":0,"out_stock_days":0,"lost_sales":0,"has_location":false,"update_date":"2026-04-14T00:05:03","atum_locations":[],"atum_stock_status":"instock","restock_status":false,"low_stock_amount":"","sales_update_date":"2026-04-14T00:05:03","calc_backorders":null,"yoast_head":"<!-- This site is optimized with the Yoast SEO plugin v27.2 - https:\/\/yoast.com\/product\/yoast-seo-wordpress\/ -->\n<title>Seerum Missha Time Revolution Night Repair Ampoule 5X, 50 ml - IDA.KOREA<\/title>\n<meta name=\"robots\" content=\"index, follow, max-snippet:-1, max-image-preview:large, max-video-preview:-1\" \/>\n<link rel=\"canonical\" href=\"https:\/\/idakorea.ee\/fi\/product\/seerum-missha-time-revolution-night-repair-ampoule-5x-50-ml\/\" \/>\n<meta property=\"og:locale\" content=\"fi_FI\" \/>\n<meta property=\"og:type\" content=\"article\" \/>\n<meta property=\"og:title\" content=\"Seerum Missha Time Revolution Night Repair Ampoule 5X, 50 ml - IDA.KOREA\" \/>\n<meta property=\"og:description\" content=\"Missha Time Revolution Night Repair Ampoule 5X \u00f6\u00f6sel taastav probiootik-seerum avaldab tugevat noorendavat toimet, pinguldab n\u00e4o kontuure, tugevdab nahatooni, suurendab kudede elastsust ja aeglustab naha vananemisprotsesse. K\u00f5rgkontsentreeritud seerum m\u00f5jutab naha s\u00fcgavaid kihte, silub peeneid kortse, v\u00e4hendab s\u00fcgavate kortsude v\u00e4ljenduvust, tugevdab ja \u00fchtlustab naha pinda. Intensiivselt niisutab nahka ja taastab epidermise niiskustasakaalu, helendab \u00f5rnalt pigmentatsiooni ning...\" \/>\n<meta property=\"og:url\" content=\"https:\/\/idakorea.ee\/fi\/product\/seerum-missha-time-revolution-night-repair-ampoule-5x-50-ml\/\" \/>\n<meta property=\"og:site_name\" content=\"IDA.KOREA\" \/>\n<meta property=\"article:modified_time\" content=\"2026-01-30T13:22:28+00:00\" \/>\n<meta property=\"og:image\" content=\"https:\/\/idakorea.ee\/wp-content\/uploads\/2024\/12\/ghfhfg-fdf5.jpg\" \/>\n\t<meta property=\"og:image:width\" content=\"1000\" \/>\n\t<meta property=\"og:image:height\" content=\"1000\" \/>\n\t<meta property=\"og:image:type\" content=\"image\/jpeg\" \/>\n<meta name=\"twitter:card\" content=\"summary_large_image\" \/>\n<meta name=\"twitter:label1\" content=\"Arvioitu lukuaika\" \/>\n\t<meta name=\"twitter:data1\" content=\"3 minuuttia\" \/>\n<script type=\"application\/ld+json\" class=\"yoast-schema-graph\">{\"@context\":\"https:\/\/schema.org\",\"@graph\":[{\"@type\":\"WebPage\",\"@id\":\"https:\/\/idakorea.ee\/product\/seerum-missha-time-revolution-night-repair-ampoule-5x-50-ml\/\",\"url\":\"https:\/\/idakorea.ee\/product\/seerum-missha-time-revolution-night-repair-ampoule-5x-50-ml\/\",\"name\":\"Seerum Missha Time Revolution Night Repair Ampoule 5X, 50 ml - IDA.KOREA\",\"isPartOf\":{\"@id\":\"https:\/\/idakorea.ee\/#website\"},\"primaryImageOfPage\":{\"@id\":\"https:\/\/idakorea.ee\/product\/seerum-missha-time-revolution-night-repair-ampoule-5x-50-ml\/#primaryimage\"},\"image\":{\"@id\":\"https:\/\/idakorea.ee\/product\/seerum-missha-time-revolution-night-repair-ampoule-5x-50-ml\/#primaryimage\"},\"thumbnailUrl\":\"https:\/\/idakorea.ee\/wp-content\/uploads\/2024\/12\/ghfhfg-fdf5.jpg\",\"datePublished\":\"2024-12-24T06:20:49+00:00\",\"dateModified\":\"2026-01-30T13:22:28+00:00\",\"breadcrumb\":{\"@id\":\"https:\/\/idakorea.ee\/product\/seerum-missha-time-revolution-night-repair-ampoule-5x-50-ml\/#breadcrumb\"},\"inLanguage\":\"fi\",\"potentialAction\":[{\"@type\":\"ReadAction\",\"target\":[\"https:\/\/idakorea.ee\/product\/seerum-missha-time-revolution-night-repair-ampoule-5x-50-ml\/\"]}]},{\"@type\":\"ImageObject\",\"inLanguage\":\"fi\",\"@id\":\"https:\/\/idakorea.ee\/product\/seerum-missha-time-revolution-night-repair-ampoule-5x-50-ml\/#primaryimage\",\"url\":\"https:\/\/idakorea.ee\/wp-content\/uploads\/2024\/12\/ghfhfg-fdf5.jpg\",\"contentUrl\":\"https:\/\/idakorea.ee\/wp-content\/uploads\/2024\/12\/ghfhfg-fdf5.jpg\",\"width\":1000,\"height\":1000},{\"@type\":\"BreadcrumbList\",\"@id\":\"https:\/\/idakorea.ee\/product\/seerum-missha-time-revolution-night-repair-ampoule-5x-50-ml\/#breadcrumb\",\"itemListElement\":[{\"@type\":\"ListItem\",\"position\":1,\"name\":\"\u0413\u043b\u0430\u0432\u043d\u0430\u044f \u0441\u0442\u0440\u0430\u043d\u0438\u0446\u0430\",\"item\":\"https:\/\/idakorea.ee\/\"},{\"@type\":\"ListItem\",\"position\":2,\"name\":\"Shop\",\"item\":\"https:\/\/idakorea.ee\/shop-2\/\"},{\"@type\":\"ListItem\",\"position\":3,\"name\":\"Seerum Missha Time Revolution Night Repair Ampoule 5X, 50 ml\"}]},{\"@type\":\"WebSite\",\"@id\":\"https:\/\/idakorea.ee\/#website\",\"url\":\"https:\/\/idakorea.ee\/\",\"name\":\"IDA.KOREA\",\"description\":\"Korea kosmeetika e-pood\",\"publisher\":{\"@id\":\"https:\/\/idakorea.ee\/#organization\"},\"alternateName\":\"Beauty Shop\",\"potentialAction\":[{\"@type\":\"SearchAction\",\"target\":{\"@type\":\"EntryPoint\",\"urlTemplate\":\"https:\/\/idakorea.ee\/?s={search_term_string}\"},\"query-input\":{\"@type\":\"PropertyValueSpecification\",\"valueRequired\":true,\"valueName\":\"search_term_string\"}}],\"inLanguage\":\"fi\"},{\"@type\":\"Organization\",\"@id\":\"https:\/\/idakorea.ee\/#organization\",\"name\":\"IDA.KOREA\",\"url\":\"https:\/\/idakorea.ee\/\",\"logo\":{\"@type\":\"ImageObject\",\"inLanguage\":\"fi\",\"@id\":\"https:\/\/idakorea.ee\/#\/schema\/logo\/image\/\",\"url\":\"https:\/\/idakorea.ee\/wp-content\/uploads\/2024\/05\/cropped-korea3.png\",\"contentUrl\":\"https:\/\/idakorea.ee\/wp-content\/uploads\/2024\/05\/cropped-korea3.png\",\"width\":688,\"height\":126,\"caption\":\"IDA.KOREA\"},\"image\":{\"@id\":\"https:\/\/idakorea.ee\/#\/schema\/logo\/image\/\"},\"sameAs\":[\"https:\/\/www.instagram.com\/ida.korea\/\"]}]}<\/script>\n<!-- \/ Yoast SEO plugin. -->","yoast_head_json":{"title":"Seerumi Missha Time Revolution Night Repair Ampoule 5X, 50 ml - IDA.KOREA","robots":{"index":"index","follow":"follow","max-snippet":"max-snippet:-1","max-image-preview":"max-image-preview:large","max-video-preview":"max-video-preview:-1"},"canonical":"https:\/\/idakorea.ee\/fi\/product\/seerum-missha-time-revolution-night-repair-ampoule-5x-50-ml\/","og_locale":"fi_FI","og_type":"article","og_title":"Seerum Missha Time Revolution Night Repair Ampoule 5X, 50 ml - IDA.KOREA","og_description":"Missha Time Revolution Night Repair Ampoule 5X \u00f6\u00f6sel taastav probiootik-seerum avaldab tugevat noorendavat toimet, pinguldab n\u00e4o kontuure, tugevdab nahatooni, suurendab kudede elastsust ja aeglustab naha vananemisprotsesse. K\u00f5rgkontsentreeritud seerum m\u00f5jutab naha s\u00fcgavaid kihte, silub peeneid kortse, v\u00e4hendab s\u00fcgavate kortsude v\u00e4ljenduvust, tugevdab ja \u00fchtlustab naha pinda. Intensiivselt niisutab nahka ja taastab epidermise niiskustasakaalu, helendab \u00f5rnalt pigmentatsiooni ning...","og_url":"https:\/\/idakorea.ee\/fi\/product\/seerum-missha-time-revolution-night-repair-ampoule-5x-50-ml\/","og_site_name":"IDA.KOREA","article_modified_time":"2026-01-30T13:22:28+00:00","og_image":[{"width":1000,"height":1000,"url":"https:\/\/idakorea.ee\/wp-content\/uploads\/2024\/12\/ghfhfg-fdf5.jpg","type":"image\/jpeg"}],"twitter_card":"summary_large_image","twitter_misc":{"Arvioitu lukuaika":"3 minuuttia"},"schema":{"@context":"https:\/\/schema.org","@graph":[{"@type":"WebPage","@id":"https:\/\/idakorea.ee\/product\/seerum-missha-time-revolution-night-repair-ampoule-5x-50-ml\/","url":"https:\/\/idakorea.ee\/product\/seerum-missha-time-revolution-night-repair-ampoule-5x-50-ml\/","name":"Seerumi Missha Time Revolution Night Repair Ampoule 5X, 50 ml - IDA.KOREA","isPartOf":{"@id":"https:\/\/idakorea.ee\/#website"},"primaryImageOfPage":{"@id":"https:\/\/idakorea.ee\/product\/seerum-missha-time-revolution-night-repair-ampoule-5x-50-ml\/#primaryimage"},"image":{"@id":"https:\/\/idakorea.ee\/product\/seerum-missha-time-revolution-night-repair-ampoule-5x-50-ml\/#primaryimage"},"thumbnailUrl":"https:\/\/idakorea.ee\/wp-content\/uploads\/2024\/12\/ghfhfg-fdf5.jpg","datePublished":"2024-12-24T06:20:49+00:00","dateModified":"2026-01-30T13:22:28+00:00","breadcrumb":{"@id":"https:\/\/idakorea.ee\/product\/seerum-missha-time-revolution-night-repair-ampoule-5x-50-ml\/#breadcrumb"},"inLanguage":"fi","potentialAction":[{"@type":"ReadAction","target":["https:\/\/idakorea.ee\/product\/seerum-missha-time-revolution-night-repair-ampoule-5x-50-ml\/"]}]},{"@type":"ImageObject","inLanguage":"fi","@id":"https:\/\/idakorea.ee\/product\/seerum-missha-time-revolution-night-repair-ampoule-5x-50-ml\/#primaryimage","url":"https:\/\/idakorea.ee\/wp-content\/uploads\/2024\/12\/ghfhfg-fdf5.jpg","contentUrl":"https:\/\/idakorea.ee\/wp-content\/uploads\/2024\/12\/ghfhfg-fdf5.jpg","width":1000,"height":1000},{"@type":"BreadcrumbList","@id":"https:\/\/idakorea.ee\/product\/seerum-missha-time-revolution-night-repair-ampoule-5x-50-ml\/#breadcrumb","itemListElement":[{"@type":"ListItem","position":1,"name":"\u0413\u043b\u0430\u0432\u043d\u0430\u044f \u0441\u0442\u0440\u0430\u043d\u0438\u0446\u0430","item":"https:\/\/idakorea.ee\/"},{"@type":"ListItem","position":2,"name":"Shop","item":"https:\/\/idakorea.ee\/shop-2\/"},{"@type":"ListItem","position":3,"name":"Seerum Missha Time Revolution Night Repair Ampoule 5X, 50 ml"}]},{"@type":"WebSite","@id":"https:\/\/idakorea.ee\/#website","url":"https:\/\/idakorea.ee\/","name":"IDA.KOREA","description":"Korean kosmetiikan verkkokauppa","publisher":{"@id":"https:\/\/idakorea.ee\/#organization"},"alternateName":"Beauty Shop","potentialAction":[{"@type":"SearchAction","target":{"@type":"EntryPoint","urlTemplate":"https:\/\/idakorea.ee\/?s={search_term_string}"},"query-input":{"@type":"PropertyValueSpecification","valueRequired":true,"valueName":"search_term_string"}}],"inLanguage":"fi"},{"@type":"Organization","@id":"https:\/\/idakorea.ee\/#organization","name":"IDA.KOREA","url":"https:\/\/idakorea.ee\/","logo":{"@type":"ImageObject","inLanguage":"fi","@id":"https:\/\/idakorea.ee\/#\/schema\/logo\/image\/","url":"https:\/\/idakorea.ee\/wp-content\/uploads\/2024\/05\/cropped-korea3.png","contentUrl":"https:\/\/idakorea.ee\/wp-content\/uploads\/2024\/05\/cropped-korea3.png","width":688,"height":126,"caption":"IDA.KOREA"},"image":{"@id":"https:\/\/idakorea.ee\/#\/schema\/logo\/image\/"},"sameAs":["https:\/\/www.instagram.com\/ida.korea\/"]}]}},"jetpack_sharing_enabled":true,"brands":[{"id":631,"name":"MISSHA","slug":"missha"}],"_links":{"self":[{"href":"https:\/\/idakorea.ee\/fi\/wp-json\/wp\/v2\/product\/11989","targetHints":{"allow":["GET"]}}],"collection":[{"href":"https:\/\/idakorea.ee\/fi\/wp-json\/wp\/v2\/product"}],"about":[{"href":"https:\/\/idakorea.ee\/fi\/wp-json\/wp\/v2\/types\/product"}],"replies":[{"embeddable":true,"href":"https:\/\/idakorea.ee\/fi\/wp-json\/wp\/v2\/comments?post=11989"}],"version-history":[{"count":2,"href":"https:\/\/idakorea.ee\/fi\/wp-json\/wp\/v2\/product\/11989\/revisions"}],"predecessor-version":[{"id":11998,"href":"https:\/\/idakorea.ee\/fi\/wp-json\/wp\/v2\/product\/11989\/revisions\/11998"}],"wp:featuredmedia":[{"embeddable":true,"href":"https:\/\/idakorea.ee\/fi\/wp-json\/wp\/v2\/media\/11997"}],"wp:attachment":[{"href":"https:\/\/idakorea.ee\/fi\/wp-json\/wp\/v2\/media?parent=11989"}],"wp:term":[{"taxonomy":"pwb-brand","embeddable":true,"href":"https:\/\/idakorea.ee\/fi\/wp-json\/wp\/v2\/pwb-brand?post=11989"},{"taxonomy":"product_brand","embeddable":true,"href":"https:\/\/idakorea.ee\/fi\/wp-json\/wp\/v2\/product_brand?post=11989"},{"taxonomy":"product_cat","embeddable":true,"href":"https:\/\/idakorea.ee\/fi\/wp-json\/wp\/v2\/product_cat?post=11989"},{"taxonomy":"product_tag","embeddable":true,"href":"https:\/\/idakorea.ee\/fi\/wp-json\/wp\/v2\/product_tag?post=11989"}],"curies":[{"name":"wp","href":"https:\/\/api.w.org\/{rel}","templated":true}]}}