{"id":11999,"date":"2024-12-24T09:31:48","date_gmt":"2024-12-24T07:31:48","guid":{"rendered":"https:\/\/idakorea.ee\/?post_type=product&#038;p=11999"},"modified":"2026-03-09T07:02:04","modified_gmt":"2026-03-09T05:02:04","slug":"missha-time-revolution-night-repair-ampoule-cream-5x-50ml","status":"publish","type":"product","link":"https:\/\/idakorea.ee\/fi\/product\/missha-time-revolution-night-repair-ampoule-cream-5x-50ml\/","title":{"rendered":"Noorendav ampullivoide Missha Time Revolution Night Repair Ampullivoide 5X, 50ml"},"content":{"rendered":"<p><strong>Missha Time Revolution Night Repair -y\u00f6ampullivoide 5x <\/strong>Nuorentava ampullivoide ihon intensiiviseen uudistumiseen y\u00f6ll\u00e4. Voiteella on erinomainen ik\u00e4\u00e4ntymist\u00e4 ehk\u00e4isev\u00e4 vaikutus, se tasoittaa hienoja ryppyj\u00e4, v\u00e4hent\u00e4\u00e4 syvempien ryppyjen n\u00e4kymist\u00e4, vahvistaa ja kiinteytt\u00e4\u00e4 kasvojen muotoja, parantaa ihon suojatoimintoja, kosteuttaa ja ravitsee tehokkaasti ja yll\u00e4pit\u00e4\u00e4 epidermiksen optimaalista kuntoa.<\/p>\n<p class=\"translation-block\"><strong>Extreme Biome<\/strong> (51%), erityinen patentoitu kaksoisk\u00e4ymisen ainesosa, parantaa ihon kuntoa merkitt\u00e4v\u00e4sti vain yhdess\u00e4 y\u00f6ss\u00e4.<\/p>\n<p>Kymmenen erilaisen probiootin kompleksi vaikuttaa syv\u00e4llisesti ihoon kosteuttaen, vahvistaen, kirkastaen ja lis\u00e4\u00e4m\u00e4ll\u00e4 ihon kimmoisuutta ja kiinteytt\u00e4. Voide antaa voimakkaan kiinteytt\u00e4v\u00e4n ja uudistavan vaikutuksen, parantaa hell\u00e4varaisesti ihon s\u00e4vy\u00e4, pehment\u00e4\u00e4 ihoa ja lis\u00e4\u00e4 ihon vastustuskyky\u00e4.<\/p>\n<p class=\"translation-block\">Voide ei vaikuta ainoastaan epidermiksen pintakerrokseen, vaan my\u00f6s syvempiin kerroksiin. Tuote on valmistettu patentoidulla <strong>Core Press\u2122<\/strong> -aktiivisten aineiden kuljetusj\u00e4rjestelm\u00e4ll\u00e4. Probioottien kaksoisk\u00e4ymiskonsentraatti on kapseloitu erityisiin mikrokapseleihin, jotka pystyv\u00e4t supistumaan ja tunkeutumaan solujen v\u00e4lisiin tiloihin varmistaen syv\u00e4vaikutuksen.<\/p>\n<p><strong>T\u00e4rkeimm\u00e4t vaikuttavat aineet:<\/strong><\/p>\n<ul>\n<li><strong>10 erilaista probioottia<\/strong> \u2014 biologisesti aktiivisten aineiden kompleksi, joka on saatu bifidobakteerien lysaatista biohajoamisen menetelm\u00e4ll\u00e4. Ne tarjoavat tehokkaita korjaavia, korjaavia ja suojaavia ominaisuuksia. Ne stimuloivat fibroblastien (sidekudoksen p\u00e4\u00e4solujen) lis\u00e4\u00e4ntymist\u00e4 tehden ihosta sile\u00e4n ja tasaisen.<\/li>\n<li><strong>Bifidobakteerien lysaatit<\/strong> \u2014 tarjoavat syv\u00e4n biodetoksifikaation, nuorentavat ja kiinteytt\u00e4v\u00e4t vaikutukset, stimuloivat uudistumisprosesseja, normalisoivat ihon kosteustasapainon, palauttavat solujen immuniteetin ja hidastavat ik\u00e4\u00e4ntymist\u00e4. Kosteuttavat syv\u00e4lt\u00e4, v\u00e4hent\u00e4v\u00e4t turvotusta, parantavat mikroverenkiertoa ja aktivoivat kollageenin ja elastiinin synteesi\u00e4.<\/li>\n<li><strong>Purppuraporkkanauute<\/strong> \u2014 toimii antiseptisen\u00e4 aineena ja vahvana antioksidanttina, torjuu ik\u00e4\u00e4ntymist\u00e4, silottaa hienoja ryppyj\u00e4 ja palauttaa ihon kiinteyden ja s\u00e4vyn.<\/li>\n<li><strong>Munakoisouute<\/strong> \u2014 kosteuttaa syv\u00e4lt\u00e4, rikastuttaa ihoa hy\u00f6dyllisill\u00e4 mikroelementeill\u00e4, hoitaa aknea ja tulehduksia, vaalentaa pigmenttil\u00e4iski\u00e4 ja aknen j\u00e4lki\u00e4 sek\u00e4 kiinteytt\u00e4\u00e4.<\/li>\n<li class=\"translation-block\"><strong>Punajuuriuute<\/strong> \u2014 erinomainen antioksidantti, parantaa ihonv\u00e4ri\u00e4, kiinteytt\u00e4\u00e4, rauhoittaa \u00e4rsytyst\u00e4 ja tulehduksia sek\u00e4 uudistaa ihoa.<\/li>\n<li><strong>Mustikkauute<\/strong> \u2014 antioksidanttisilla, pehment\u00e4vill\u00e4 ja nuorentavilla ominaisuuksilla, kosteuttaa hell\u00e4varaisesti, v\u00e4hent\u00e4\u00e4 ihon herkkyytt\u00e4, ravitsee, virkist\u00e4\u00e4 ja tasoittaa ihon s\u00e4vy\u00e4.<\/li>\n<li><strong>KOLLAGEENIkompleksi<\/strong> (valkoisen lupiinin siemenuute ja auringonkukansiemen\u00f6ljy) \u2014 ravitsee ja kosteuttaa ihoa tehokkaasti, poistaa kuivuutta, pehment\u00e4\u00e4 ja yll\u00e4pit\u00e4\u00e4 sileytt\u00e4 ja kiinteytt\u00e4.<\/li>\n<\/ul>\n<h3><\/h3>\n<p>Sopii ik\u00e4\u00e4ntyv\u00e4n ihon hoitoon.<\/p>\n<p><strong>K\u00e4ytt\u00f6opas: <\/strong>Levit\u00e4 tarvittava m\u00e4\u00e4r\u00e4 voidetta iholle hoitorutiinisi viimeisen\u00e4 vaiheena.<\/p>","protected":false},"excerpt":{"rendered":"<p>Missha Time Revolution Night Repair Ampoule Cream 5X Night Rejuvenating Ampoule Cream -y\u00f6voide ihon intensiiviseen korjaamiseen. Voiteella on erinomainen anti-ageing-vaikutus, se tasoittaa hienoja ryppyj\u00e4, v\u00e4hent\u00e4\u00e4 syvempien ryppyjen ulkon\u00e4k\u00f6\u00e4, kiinteytt\u00e4\u00e4 ja kirist\u00e4\u00e4 kasvojen \u00e4\u00e4riviivoja, parantaa ihon suojaavia toimintoja, kosteuttaa ja ravitsee intensiivisesti ja yll\u00e4pit\u00e4\u00e4 epidermist\u00e4 optimaalisessa kunnossa. Extreme Biome (51%), erityinen patentoitu kaksoisk\u00e4ymiskomponentti, parantaa ihon kuntoa merkitt\u00e4v\u00e4sti vain yhdess\u00e4...<\/p>","protected":false},"featured_media":12000,"comment_status":"open","ping_status":"closed","template":"","meta":{"_uf_show_specific_survey":0,"_uf_disable_surveys":false,"_bst_post_transparent":"default","_bst_post_title":"","_bst_post_layout":"default","_bst_post_sidebar_id":"","_bst_post_content_style":"default","_bst_post_vertical_padding":"default","_bst_post_feature":"","_bst_post_feature_position":"","_bst_post_header":false,"_bst_post_footer":false},"pwb-brand":[631],"product_brand":[],"product_cat":[92,96],"product_tag":[202,769,768],"class_list":{"0":"post-11999","1":"product","2":"type-product","3":"status-publish","4":"has-post-thumbnail","6":"pwb-brand-missha","7":"product_cat-nagu","8":"product_cat-naokreemid","9":"product_tag-korea-kosmeetika","10":"product_tag-missha-cream","11":"product_tag-missha-time-revolution","13":"first","14":"instock","15":"sale","16":"shipping-taxable","17":"purchasable","18":"product-type-simple","19":"entry","20":"content-bg","21":"loop-entry"},"supplier_id":null,"supplier_sku":"","barcode":null,"atum_controlled":true,"out_stock_date":null,"out_stock_threshold":null,"inheritable":false,"inbound_stock":0,"stock_on_hold":0,"sold_today":0,"sales_last_days":0,"out_stock_days":0,"lost_sales":0,"has_location":false,"update_date":"2026-04-14T00:05:06","atum_locations":[],"atum_stock_status":"instock","restock_status":false,"low_stock_amount":"","sales_update_date":"2026-04-14T00:05:06","calc_backorders":null,"yoast_head":"<!-- This site is optimized with the Yoast SEO plugin v27.2 - https:\/\/yoast.com\/product\/yoast-seo-wordpress\/ -->\n<title>Noorendav ampullkreem Missha Time Revolution Night Repair Ampoule Cream 5X, 50ml - IDA.KOREA<\/title>\n<meta name=\"description\" content=\"Missha Time Revolution Night Repair Ampoule Cream 5X \u00f6\u00f6sel noorendav ampullkreem intensiivseks naha taastamiseks.\" \/>\n<meta name=\"robots\" content=\"index, follow, max-snippet:-1, max-image-preview:large, max-video-preview:-1\" \/>\n<link rel=\"canonical\" href=\"https:\/\/idakorea.ee\/fi\/product\/missha-time-revolution-night-repair-ampoule-cream-5x-50ml\/\" \/>\n<meta property=\"og:locale\" content=\"fi_FI\" \/>\n<meta property=\"og:type\" content=\"article\" \/>\n<meta property=\"og:title\" content=\"Noorendav ampullkreem Missha Time Revolution Night Repair Ampoule Cream 5X, 50ml - IDA.KOREA\" \/>\n<meta property=\"og:description\" content=\"Missha Time Revolution Night Repair Ampoule Cream 5X \u00f6\u00f6sel noorendav ampullkreem intensiivseks naha taastamiseks.\" \/>\n<meta property=\"og:url\" content=\"https:\/\/idakorea.ee\/fi\/product\/missha-time-revolution-night-repair-ampoule-cream-5x-50ml\/\" \/>\n<meta property=\"og:site_name\" content=\"IDA.KOREA\" \/>\n<meta property=\"article:modified_time\" content=\"2026-03-09T05:02:04+00:00\" \/>\n<meta property=\"og:image\" content=\"https:\/\/idakorea.ee\/wp-content\/uploads\/2024\/12\/sgdsg-gsdgsg.png\" \/>\n\t<meta property=\"og:image:width\" content=\"1000\" \/>\n\t<meta property=\"og:image:height\" content=\"1000\" \/>\n\t<meta property=\"og:image:type\" content=\"image\/png\" \/>\n<meta name=\"twitter:card\" content=\"summary_large_image\" \/>\n<meta name=\"twitter:label1\" content=\"Arvioitu lukuaika\" \/>\n\t<meta name=\"twitter:data1\" content=\"2 minuuttia\" \/>\n<script type=\"application\/ld+json\" class=\"yoast-schema-graph\">{\"@context\":\"https:\/\/schema.org\",\"@graph\":[{\"@type\":\"WebPage\",\"@id\":\"https:\/\/idakorea.ee\/product\/missha-time-revolution-night-repair-ampoule-cream-5x-50ml\/\",\"url\":\"https:\/\/idakorea.ee\/product\/missha-time-revolution-night-repair-ampoule-cream-5x-50ml\/\",\"name\":\"Noorendav ampullkreem Missha Time Revolution Night Repair Ampoule Cream 5X, 50ml - IDA.KOREA\",\"isPartOf\":{\"@id\":\"https:\/\/idakorea.ee\/#website\"},\"primaryImageOfPage\":{\"@id\":\"https:\/\/idakorea.ee\/product\/missha-time-revolution-night-repair-ampoule-cream-5x-50ml\/#primaryimage\"},\"image\":{\"@id\":\"https:\/\/idakorea.ee\/product\/missha-time-revolution-night-repair-ampoule-cream-5x-50ml\/#primaryimage\"},\"thumbnailUrl\":\"https:\/\/idakorea.ee\/wp-content\/uploads\/2024\/12\/sgdsg-gsdgsg.png\",\"datePublished\":\"2024-12-24T07:31:48+00:00\",\"dateModified\":\"2026-03-09T05:02:04+00:00\",\"description\":\"Missha Time Revolution Night Repair Ampoule Cream 5X \u00f6\u00f6sel noorendav ampullkreem intensiivseks naha taastamiseks.\",\"breadcrumb\":{\"@id\":\"https:\/\/idakorea.ee\/product\/missha-time-revolution-night-repair-ampoule-cream-5x-50ml\/#breadcrumb\"},\"inLanguage\":\"fi\",\"potentialAction\":[{\"@type\":\"ReadAction\",\"target\":[\"https:\/\/idakorea.ee\/product\/missha-time-revolution-night-repair-ampoule-cream-5x-50ml\/\"]}]},{\"@type\":\"ImageObject\",\"inLanguage\":\"fi\",\"@id\":\"https:\/\/idakorea.ee\/product\/missha-time-revolution-night-repair-ampoule-cream-5x-50ml\/#primaryimage\",\"url\":\"https:\/\/idakorea.ee\/wp-content\/uploads\/2024\/12\/sgdsg-gsdgsg.png\",\"contentUrl\":\"https:\/\/idakorea.ee\/wp-content\/uploads\/2024\/12\/sgdsg-gsdgsg.png\",\"width\":1000,\"height\":1000},{\"@type\":\"BreadcrumbList\",\"@id\":\"https:\/\/idakorea.ee\/product\/missha-time-revolution-night-repair-ampoule-cream-5x-50ml\/#breadcrumb\",\"itemListElement\":[{\"@type\":\"ListItem\",\"position\":1,\"name\":\"\u0413\u043b\u0430\u0432\u043d\u0430\u044f \u0441\u0442\u0440\u0430\u043d\u0438\u0446\u0430\",\"item\":\"https:\/\/idakorea.ee\/\"},{\"@type\":\"ListItem\",\"position\":2,\"name\":\"Shop\",\"item\":\"https:\/\/idakorea.ee\/shop-2\/\"},{\"@type\":\"ListItem\",\"position\":3,\"name\":\"Noorendav ampullkreem Missha Time Revolution Night Repair Ampoule Cream 5X, 50ml\"}]},{\"@type\":\"WebSite\",\"@id\":\"https:\/\/idakorea.ee\/#website\",\"url\":\"https:\/\/idakorea.ee\/\",\"name\":\"IDA.KOREA\",\"description\":\"Korea kosmeetika e-pood\",\"publisher\":{\"@id\":\"https:\/\/idakorea.ee\/#organization\"},\"alternateName\":\"Beauty Shop\",\"potentialAction\":[{\"@type\":\"SearchAction\",\"target\":{\"@type\":\"EntryPoint\",\"urlTemplate\":\"https:\/\/idakorea.ee\/?s={search_term_string}\"},\"query-input\":{\"@type\":\"PropertyValueSpecification\",\"valueRequired\":true,\"valueName\":\"search_term_string\"}}],\"inLanguage\":\"fi\"},{\"@type\":\"Organization\",\"@id\":\"https:\/\/idakorea.ee\/#organization\",\"name\":\"IDA.KOREA\",\"url\":\"https:\/\/idakorea.ee\/\",\"logo\":{\"@type\":\"ImageObject\",\"inLanguage\":\"fi\",\"@id\":\"https:\/\/idakorea.ee\/#\/schema\/logo\/image\/\",\"url\":\"https:\/\/idakorea.ee\/wp-content\/uploads\/2024\/05\/cropped-korea3.png\",\"contentUrl\":\"https:\/\/idakorea.ee\/wp-content\/uploads\/2024\/05\/cropped-korea3.png\",\"width\":688,\"height\":126,\"caption\":\"IDA.KOREA\"},\"image\":{\"@id\":\"https:\/\/idakorea.ee\/#\/schema\/logo\/image\/\"},\"sameAs\":[\"https:\/\/www.instagram.com\/ida.korea\/\"]}]}<\/script>\n<!-- \/ Yoast SEO plugin. -->","yoast_head_json":{"title":"Nuorentava ampullivoide Missha Time Revolution Night Repair Ampoule Cream 5X, 50ml - IDA.KOREA","description":"Missha Time Revolution Night Repair Ampoule Cream 5 kertaa y\u00f6ksi nuorentava ampullivoide ihon intensiiviseen palauttamiseen.","robots":{"index":"index","follow":"follow","max-snippet":"max-snippet:-1","max-image-preview":"max-image-preview:large","max-video-preview":"max-video-preview:-1"},"canonical":"https:\/\/idakorea.ee\/fi\/product\/missha-time-revolution-night-repair-ampoule-cream-5x-50ml\/","og_locale":"fi_FI","og_type":"article","og_title":"Noorendav ampullkreem Missha Time Revolution Night Repair Ampoule Cream 5X, 50ml - IDA.KOREA","og_description":"Missha Time Revolution Night Repair Ampoule Cream 5X \u00f6\u00f6sel noorendav ampullkreem intensiivseks naha taastamiseks.","og_url":"https:\/\/idakorea.ee\/fi\/product\/missha-time-revolution-night-repair-ampoule-cream-5x-50ml\/","og_site_name":"IDA.KOREA","article_modified_time":"2026-03-09T05:02:04+00:00","og_image":[{"width":1000,"height":1000,"url":"https:\/\/idakorea.ee\/wp-content\/uploads\/2024\/12\/sgdsg-gsdgsg.png","type":"image\/png"}],"twitter_card":"summary_large_image","twitter_misc":{"Arvioitu lukuaika":"2 minuuttia"},"schema":{"@context":"https:\/\/schema.org","@graph":[{"@type":"WebPage","@id":"https:\/\/idakorea.ee\/product\/missha-time-revolution-night-repair-ampoule-cream-5x-50ml\/","url":"https:\/\/idakorea.ee\/product\/missha-time-revolution-night-repair-ampoule-cream-5x-50ml\/","name":"Nuorentava ampullivoide Missha Time Revolution Night Repair Ampoule Cream 5X, 50ml - IDA.KOREA","isPartOf":{"@id":"https:\/\/idakorea.ee\/#website"},"primaryImageOfPage":{"@id":"https:\/\/idakorea.ee\/product\/missha-time-revolution-night-repair-ampoule-cream-5x-50ml\/#primaryimage"},"image":{"@id":"https:\/\/idakorea.ee\/product\/missha-time-revolution-night-repair-ampoule-cream-5x-50ml\/#primaryimage"},"thumbnailUrl":"https:\/\/idakorea.ee\/wp-content\/uploads\/2024\/12\/sgdsg-gsdgsg.png","datePublished":"2024-12-24T07:31:48+00:00","dateModified":"2026-03-09T05:02:04+00:00","description":"Missha Time Revolution Night Repair Ampoule Cream 5 kertaa y\u00f6ksi nuorentava ampullivoide ihon intensiiviseen palauttamiseen.","breadcrumb":{"@id":"https:\/\/idakorea.ee\/product\/missha-time-revolution-night-repair-ampoule-cream-5x-50ml\/#breadcrumb"},"inLanguage":"fi","potentialAction":[{"@type":"ReadAction","target":["https:\/\/idakorea.ee\/product\/missha-time-revolution-night-repair-ampoule-cream-5x-50ml\/"]}]},{"@type":"ImageObject","inLanguage":"fi","@id":"https:\/\/idakorea.ee\/product\/missha-time-revolution-night-repair-ampoule-cream-5x-50ml\/#primaryimage","url":"https:\/\/idakorea.ee\/wp-content\/uploads\/2024\/12\/sgdsg-gsdgsg.png","contentUrl":"https:\/\/idakorea.ee\/wp-content\/uploads\/2024\/12\/sgdsg-gsdgsg.png","width":1000,"height":1000},{"@type":"BreadcrumbList","@id":"https:\/\/idakorea.ee\/product\/missha-time-revolution-night-repair-ampoule-cream-5x-50ml\/#breadcrumb","itemListElement":[{"@type":"ListItem","position":1,"name":"\u0413\u043b\u0430\u0432\u043d\u0430\u044f \u0441\u0442\u0440\u0430\u043d\u0438\u0446\u0430","item":"https:\/\/idakorea.ee\/"},{"@type":"ListItem","position":2,"name":"Shop","item":"https:\/\/idakorea.ee\/shop-2\/"},{"@type":"ListItem","position":3,"name":"Noorendav ampullkreem Missha Time Revolution Night Repair Ampoule Cream 5X, 50ml"}]},{"@type":"WebSite","@id":"https:\/\/idakorea.ee\/#website","url":"https:\/\/idakorea.ee\/","name":"IDA.KOREA","description":"Korean kosmetiikan verkkokauppa","publisher":{"@id":"https:\/\/idakorea.ee\/#organization"},"alternateName":"Beauty Shop","potentialAction":[{"@type":"SearchAction","target":{"@type":"EntryPoint","urlTemplate":"https:\/\/idakorea.ee\/?s={search_term_string}"},"query-input":{"@type":"PropertyValueSpecification","valueRequired":true,"valueName":"search_term_string"}}],"inLanguage":"fi"},{"@type":"Organization","@id":"https:\/\/idakorea.ee\/#organization","name":"IDA.KOREA","url":"https:\/\/idakorea.ee\/","logo":{"@type":"ImageObject","inLanguage":"fi","@id":"https:\/\/idakorea.ee\/#\/schema\/logo\/image\/","url":"https:\/\/idakorea.ee\/wp-content\/uploads\/2024\/05\/cropped-korea3.png","contentUrl":"https:\/\/idakorea.ee\/wp-content\/uploads\/2024\/05\/cropped-korea3.png","width":688,"height":126,"caption":"IDA.KOREA"},"image":{"@id":"https:\/\/idakorea.ee\/#\/schema\/logo\/image\/"},"sameAs":["https:\/\/www.instagram.com\/ida.korea\/"]}]}},"jetpack_sharing_enabled":true,"brands":[{"id":631,"name":"MISSHA","slug":"missha"}],"_links":{"self":[{"href":"https:\/\/idakorea.ee\/fi\/wp-json\/wp\/v2\/product\/11999","targetHints":{"allow":["GET"]}}],"collection":[{"href":"https:\/\/idakorea.ee\/fi\/wp-json\/wp\/v2\/product"}],"about":[{"href":"https:\/\/idakorea.ee\/fi\/wp-json\/wp\/v2\/types\/product"}],"replies":[{"embeddable":true,"href":"https:\/\/idakorea.ee\/fi\/wp-json\/wp\/v2\/comments?post=11999"}],"version-history":[{"count":4,"href":"https:\/\/idakorea.ee\/fi\/wp-json\/wp\/v2\/product\/11999\/revisions"}],"predecessor-version":[{"id":16538,"href":"https:\/\/idakorea.ee\/fi\/wp-json\/wp\/v2\/product\/11999\/revisions\/16538"}],"wp:featuredmedia":[{"embeddable":true,"href":"https:\/\/idakorea.ee\/fi\/wp-json\/wp\/v2\/media\/12000"}],"wp:attachment":[{"href":"https:\/\/idakorea.ee\/fi\/wp-json\/wp\/v2\/media?parent=11999"}],"wp:term":[{"taxonomy":"pwb-brand","embeddable":true,"href":"https:\/\/idakorea.ee\/fi\/wp-json\/wp\/v2\/pwb-brand?post=11999"},{"taxonomy":"product_brand","embeddable":true,"href":"https:\/\/idakorea.ee\/fi\/wp-json\/wp\/v2\/product_brand?post=11999"},{"taxonomy":"product_cat","embeddable":true,"href":"https:\/\/idakorea.ee\/fi\/wp-json\/wp\/v2\/product_cat?post=11999"},{"taxonomy":"product_tag","embeddable":true,"href":"https:\/\/idakorea.ee\/fi\/wp-json\/wp\/v2\/product_tag?post=11999"}],"curies":[{"name":"wp","href":"https:\/\/api.w.org\/{rel}","templated":true}]}}